{"id":8785,"date":"2026-02-27T17:05:55","date_gmt":"2026-02-27T16:05:55","guid":{"rendered":"https:\/\/atana.pl\/?post_type=product&#038;p=8785"},"modified":"2026-02-27T17:58:18","modified_gmt":"2026-02-27T16:58:18","slug":"ladowarka-akumulatorova-230v-6v-12v-1a","status":"publish","type":"product","link":"https:\/\/atana.pl\/en\/online-shop\/ladowarki-do-akumulatorow\/ladowarka-akumulatorova-230v-6v-12v-1a\/","title":{"rendered":"\u0141adowarka NOCO Genius 1"},"content":{"rendered":"<h1 data-start=\"321\" data-end=\"383\">NOCO GENIUS1 \u2013 Inteligentna \u0142adowarka akumulator\u00f3w 6V\/12V 1A<\/h1>\n<h2 data-start=\"473\" data-end=\"492\">1. Opis produktu<\/h2>\n<h3 data-start=\"494\" data-end=\"558\">NOCO GENIUS1 \u2013 inteligentna \u0142adowarka akumulator\u00f3w 6V\/12V 1A<\/h3>\n<p data-start=\"560\" data-end=\"826\">NOCO GENIUS1 to nowoczesna, kompaktowa i niezwykle wydajna <strong data-start=\"619\" data-end=\"667\">\u0142adowarka akumulator\u00f3w 6V i 12V o pr\u0105dzie 1A<\/strong>, kt\u00f3ra \u0142\u0105czy funkcj\u0119 \u0142adowarki akumulator\u00f3w, urz\u0105dzenia do podtrzymania (konserwacji) akumulatora oraz do odsiarczania akumulatora. To jedno z najmniejszych, a jednocze\u015bnie najmocniejszych urz\u0105dze\u0144 w swojej klasie.<\/p>\n<p data-start=\"828\" data-end=\"873\">Urz\u0105dzenie przeznaczone jest do akumulator\u00f3w:<\/p>\n<ul data-start=\"875\" data-end=\"1094\">\n<li data-start=\"875\" data-end=\"918\">Kwasowo-o\u0142owiowych<\/li>\n<li data-start=\"875\" data-end=\"918\">AGM.<\/li>\n<li data-start=\"875\" data-end=\"918\">\u017belowych (GEL).<\/li>\n<li>Litowo-jonowych (Li-Ion).<\/li>\n<li>Bezobs\u0142ugowych (MF).<\/li>\n<li>G\u0142\u0119bokiego roz\u0142adowania (Deep Cycle).<\/li>\n<li>Marine (\u0142odzie, jachty).<\/li>\n<li>Powersport (motocykle, quady).<\/li>\n<\/ul>\n<p><a href=\"https:\/\/atana.pl\/en\/rodzaje-akumulatorow-czym-sie-roznia-i-do-czego-sluza\/\">&#8230;Czytaj wi\u0119cej o akumulatorach<\/a><\/p>\n<hr data-start=\"1096\" data-end=\"1099\" \/>\n<h2 data-start=\"1101\" data-end=\"1152\">Kompaktowa, a mocniejsza \u2013 nowa generacja GENIUS<\/h2>\n<p data-start=\"1154\" data-end=\"1177\">Nowa seria GENIUS jest:<\/p>\n<ul data-start=\"1179\" data-end=\"1287\">\n<li data-start=\"1179\" data-end=\"1220\">\n<p data-start=\"1181\" data-end=\"1220\"><strong data-start=\"1181\" data-end=\"1197\">35% mniejsza<\/strong> od poprzednich modeli.<\/p>\n<\/li>\n<li data-start=\"1221\" data-end=\"1251\">\n<p data-start=\"1223\" data-end=\"1251\">Oferuje <strong data-start=\"1231\" data-end=\"1250\">35% wi\u0119cej mocy<\/strong>.<\/p>\n<\/li>\n<li data-start=\"1252\" data-end=\"1287\">\n<p data-start=\"1254\" data-end=\"1287\">Jeszcze bardziej energooszcz\u0119dna.<\/p>\n<\/li>\n<\/ul>\n<p data-start=\"1289\" data-end=\"1505\">Zastosowana technologia wysokiej cz\u0119stotliwo\u015bci (switch-mode) efektywnie przekszta\u0142ca pr\u0105d AC na bezpieczny pr\u0105d DC, minimalizuj\u0105c straty energii. Wbudowany mikrokomputer precyzyjnie kontroluje ca\u0142y proces \u0142adowania.<\/p>\n<hr data-start=\"1507\" data-end=\"1510\" \/>\n<h2 data-start=\"1512\" data-end=\"1549\">Jedna \u0142adowarka \u2013 wiele zastosowa\u0144<\/h2>\n<h3 data-start=\"1551\" data-end=\"1607\">Multi-Napi\u0119cie. Multi-Chemia. Multi-Typ Akumulatora.<\/h3>\n<p data-start=\"1609\" data-end=\"1642\">NOCO GENIUS1 umo\u017cliwia \u0142adowanie:<\/p>\n<ul data-start=\"1644\" data-end=\"1862\">\n<li data-start=\"1644\" data-end=\"1668\">\n<p data-start=\"1646\" data-end=\"1668\">Akumulator\u00f3w 6V i 12V.<\/p>\n<\/li>\n<li data-start=\"1669\" data-end=\"1724\">\n<p data-start=\"1671\" data-end=\"1724\">R\u00f3\u017cnych technologii (Flooded, AGM, GEL, MF, Lithium).<\/p>\n<\/li>\n<li data-start=\"1725\" data-end=\"1753\">\n<p data-start=\"1727\" data-end=\"1753\">Akumulator\u00f3w rozruchowych.<\/p>\n<\/li>\n<li data-start=\"1754\" data-end=\"1793\">\n<p data-start=\"1756\" data-end=\"1793\">Akumulator\u00f3w g\u0142\u0119bokiego roz\u0142adowania.<\/p>\n<\/li>\n<li data-start=\"1794\" data-end=\"1862\">\n<p data-start=\"1796\" data-end=\"1862\">Akumulator\u00f3w do \u0142odzi, motocykli, samochod\u00f3w i sprz\u0119tu sportowego.<\/p>\n<\/li>\n<\/ul>\n<p data-start=\"1864\" data-end=\"1915\">Jedno urz\u0105dzenie zast\u0119puje kilka r\u00f3\u017cnych \u0142adowarek.<\/p>\n<hr data-start=\"1917\" data-end=\"1920\" \/>\n<h2 data-start=\"1922\" data-end=\"1974\">\u0141adowanie roz\u0142adowanych akumulator\u00f3w \u2013 Force Mode<\/h2>\n<h3 data-start=\"1976\" data-end=\"2008\">\u0141adowanie akumulator\u00f3w od 1V<\/h3>\n<p data-start=\"2010\" data-end=\"2110\">Nowy czujnik napi\u0119cia startowego pozwala wykrywa\u0107 i \u0142adowa\u0107 akumulatory roz\u0142adowane nawet do <strong data-start=\"2103\" data-end=\"2109\">1V<\/strong>.<\/p>\n<p data-start=\"2112\" data-end=\"2248\">Dla akumulator\u00f3w o napi\u0119ciu poni\u017cej 1V dost\u0119pny jest tryb <strong data-start=\"2170\" data-end=\"2184\">Force Mode<\/strong>, kt\u00f3ry umo\u017cliwia r\u0119czne uruchomienie \u0142adowania nawet od <strong data-start=\"2241\" data-end=\"2247\">0V<\/strong>.<\/p>\n<hr data-start=\"2250\" data-end=\"2253\" \/>\n<h2 data-start=\"2255\" data-end=\"2288\">W pe\u0142ni automatyczna \u0142adowarka<\/h2>\n<p data-start=\"2290\" data-end=\"2335\">NOCO GENIUS1 dzia\u0142a ca\u0142kowicie automatycznie:<\/p>\n<ul data-start=\"2337\" data-end=\"2483\">\n<li data-start=\"2337\" data-end=\"2379\">\n<p data-start=\"2339\" data-end=\"2379\">Samodzielnie rozpoznaje typ akumulatora.<\/p>\n<\/li>\n<li data-start=\"2380\" data-end=\"2402\">\n<p data-start=\"2382\" data-end=\"2402\">Wykrywa uszkodzenia.<\/p>\n<\/li>\n<li data-start=\"2403\" data-end=\"2427\">\n<p data-start=\"2405\" data-end=\"2427\">Naprawia zasiarczenie.<\/p>\n<\/li>\n<li data-start=\"2428\" data-end=\"2454\">\n<p data-start=\"2430\" data-end=\"2454\">Zapobiega prze\u0142adowaniu.<\/p>\n<\/li>\n<li data-start=\"2455\" data-end=\"2483\">\n<p data-start=\"2457\" data-end=\"2483\">Mo\u017ce pracowa\u0107 ca\u0142orocznie.<\/p>\n<\/li>\n<\/ul>\n<p data-start=\"2485\" data-end=\"2552\">System pozwala na d\u0142ugotrwa\u0142e pod\u0142\u0105czenie bez ryzyka prze\u0142adowania.<\/p>\n<hr data-start=\"2554\" data-end=\"2557\" \/>\n<h2 data-start=\"2559\" data-end=\"2628\">Kompensacja temperatury \u2013 precyzyjne \u0142adowanie w ka\u017cdych warunkach<\/h2>\n<p data-start=\"2630\" data-end=\"2731\">Wbudowany czujnik temperatury automatycznie dostosowuje parametry \u0142adowania do temperatury otoczenia.<\/p>\n<p data-start=\"2733\" data-end=\"2746\">Zakres pracy:<\/p>\n<ul data-start=\"2747\" data-end=\"2776\">\n<li data-start=\"2747\" data-end=\"2761\">\n<p data-start=\"2749\" data-end=\"2761\">Od <strong data-start=\"2752\" data-end=\"2761\">-20\u00b0C<\/strong><\/p>\n<\/li>\n<li data-start=\"2762\" data-end=\"2776\">\n<p data-start=\"2764\" data-end=\"2776\">Do <strong data-start=\"2767\" data-end=\"2776\">+40\u00b0C<\/strong><\/p>\n<\/li>\n<\/ul>\n<p data-start=\"2778\" data-end=\"2788\">Zapobiega:<\/p>\n<ul data-start=\"2789\" data-end=\"2872\">\n<li data-start=\"2789\" data-end=\"2830\">\n<p data-start=\"2791\" data-end=\"2830\">Niedo\u0142adowaniu w niskich temperaturach.<\/p>\n<\/li>\n<li data-start=\"2831\" data-end=\"2872\">\n<p data-start=\"2833\" data-end=\"2872\">Prze\u0142adowaniu w wysokich temperaturach.<\/p>\n<\/li>\n<\/ul>\n<hr data-start=\"2874\" data-end=\"2877\" \/>\n<h2 data-start=\"2879\" data-end=\"2917\">Przywracanie sprawno\u015bci akumulatora<\/h2>\n<p data-start=\"2919\" data-end=\"2954\">NOCO GENIUS1 automatycznie wykrywa:<\/p>\n<ul data-start=\"2956\" data-end=\"3001\">\n<li data-start=\"2956\" data-end=\"2971\">\n<p data-start=\"2958\" data-end=\"2971\">Zasiarczenie.<\/p>\n<\/li>\n<li data-start=\"2972\" data-end=\"3001\">\n<p data-start=\"2974\" data-end=\"3001\">Rozwarstwienie elektrolitu.<\/p>\n<\/li>\n<\/ul>\n<p data-start=\"3003\" data-end=\"3109\">Urz\u0105dzenie uruchamia proces regeneracji, wyd\u0142u\u017caj\u0105c \u017cywotno\u015b\u0107 akumulatora oraz poprawiaj\u0105c jego wydajno\u015b\u0107.<\/p>\n<hr data-start=\"3111\" data-end=\"3114\" \/>\n<h2 data-start=\"3116\" data-end=\"3143\">Przeprojektowane zaciski<\/h2>\n<p data-start=\"3145\" data-end=\"3165\">Nowe zaciski GENIUS:<\/p>\n<ul data-start=\"3167\" data-end=\"3342\">\n<li data-start=\"3167\" data-end=\"3214\">\n<p data-start=\"3169\" data-end=\"3214\">Profil typu needle-nose (do mniejszych klem).<\/p>\n<\/li>\n<li data-start=\"3215\" data-end=\"3243\">\n<p data-start=\"3217\" data-end=\"3243\">Od\u0142\u0105czane oczka monta\u017cowe.<\/p>\n<\/li>\n<li data-start=\"3244\" data-end=\"3267\">\n<p data-start=\"3246\" data-end=\"3267\">Wi\u0119ksza si\u0142a docisku.<\/p>\n<\/li>\n<li data-start=\"3268\" data-end=\"3289\">\n<p data-start=\"3270\" data-end=\"3289\">Lepsza przewodno\u015b\u0107.<\/p>\n<\/li>\n<li data-start=\"3290\" data-end=\"3342\">\n<p data-start=\"3292\" data-end=\"3342\">Uniwersalne dopasowanie do r\u00f3\u017cnych typ\u00f3w biegun\u00f3w.<\/p>\n<\/li>\n<\/ul>\n<hr data-start=\"3344\" data-end=\"3347\" \/>\n<h2 data-start=\"3349\" data-end=\"3369\">Zawarto\u015b\u0107 zestawu<\/h2>\n<ul data-start=\"3371\" data-end=\"3461\">\n<li data-start=\"3371\" data-end=\"3406\">\n<p data-start=\"3373\" data-end=\"3406\">\u0141adowarka NOCO GENIUS1 6V\/12V 1A.<\/p>\n<\/li>\n<li data-start=\"3407\" data-end=\"3439\">\n<p data-start=\"3409\" data-end=\"3439\">Zaciski z od\u0142\u0105czanymi oczkami.<\/p>\n<\/li>\n<li data-start=\"3440\" data-end=\"3461\">\n<p data-start=\"3442\" data-end=\"3461\">Instrukcja obs\u0142ugi.<\/p>\n<\/li>\n<\/ul>\n<hr data-start=\"3829\" data-end=\"3832\" \/>\n<h2 data-start=\"3834\" data-end=\"3872\">Dlaczego warto wybra\u0107 NOCO GENIUS1?<\/h2>\n<ul data-start=\"3874\" data-end=\"4112\">\n<li data-start=\"3874\" data-end=\"3923\">\n<p data-start=\"3876\" data-end=\"3923\">Kompaktowa inteligentna \u0142adowarka akumulator\u00f3w.<\/p>\n<\/li>\n<li data-start=\"3924\" data-end=\"3959\">\n<p data-start=\"3926\" data-end=\"3959\">Obs\u0142uga wielu typ\u00f3w akumulator\u00f3w.<\/p>\n<\/li>\n<li data-start=\"3960\" data-end=\"3998\">\n<p data-start=\"3962\" data-end=\"3998\">Regeneracja i wyd\u0142u\u017cenie \u017cywotno\u015bci.<\/p>\n<\/li>\n<li data-start=\"3999\" data-end=\"4018\">\n<p data-start=\"4001\" data-end=\"4018\">Pe\u0142na automatyka.<\/p>\n<\/li>\n<li data-start=\"4019\" data-end=\"4049\">\n<p data-start=\"4021\" data-end=\"4049\">Bezpieczna praca ca\u0142oroczna.<\/p>\n<\/li>\n<li data-start=\"4050\" data-end=\"4112\">\n<p data-start=\"4052\" data-end=\"4112\">Idealna do samochodu, motocykla, \u0142odzi i sprz\u0119tu sezonowego.<\/p>\n<\/li>\n<\/ul>","protected":false},"excerpt":{"rendered":"<p><strong data-start=\"115\" data-end=\"141\">NOCO GENIUS1 6V\/12V 1A<\/strong> to inteligentna \u0142adowarka akumulator\u00f3w z funkcj\u0105 podtrzymania i odsiarczania. Obs\u0142uguje akumulatory kwasowo-o\u0142owiowe (AGM, GEL, MF, Deep Cycle) oraz litowo-jonowe. W pe\u0142ni automatyczna, kompaktowa i bezpieczna \u2013 idealna do samochodu, motocykla i \u0142odzi.<\/p>","protected":false},"featured_media":8788,"template":"","meta":{"_acf_changed":false},"product_brand":[1669],"product_cat":[1653],"product_tag":[1681,1672,1673,1675,1671,1684,1679,1678,1677,1683,1685,1676,1674,1680,1682],"class_list":{"0":"post-8785","1":"product","2":"type-product","3":"status-publish","4":"has-post-thumbnail","6":"product_brand-noco","7":"product_cat-ladowarki-do-akumulatorow","8":"product_tag-desulfator-akumulatora","9":"product_tag-inteligentna-ladowarka-6v-12v","10":"product_tag-ladowarka-1a","11":"product_tag-ladowarka-agm","12":"product_tag-ladowarka-akumulatorow","13":"product_tag-ladowarka-deep-cycle","14":"product_tag-ladowarka-do-akumulatora-samochodowego","15":"product_tag-ladowarka-do-lodzi","16":"product_tag-ladowarka-do-motocykla","17":"product_tag-ladowarka-lithium","18":"product_tag-ladowarka-marine","19":"product_tag-ladowarka-zelowa","20":"product_tag-noco-genius1","21":"product_tag-podtrzymanie-akumulatora","22":"product_tag-regeneracja-akumulatora","24":"first","25":"instock","26":"taxable","27":"shipping-taxable","28":"purchasable","29":"product-type-simple"},"acf":[],"yoast_head":"<!-- This site is optimized with the Yoast SEO plugin v25.2 - https:\/\/yoast.com\/wordpress\/plugins\/seo\/ -->\n<title>\u0141adowarka NOCO Genius 1 - Atana<\/title>\n<meta name=\"description\" content=\"NOCO GENIUS1 6V\/12V 1A \u2013 inteligentna \u0142adowarka, podtrzymanie i regeneracja akumulator\u00f3w z elektrolitem p\u0142ynnem, AGM, GEL, MF i Li-Ion.\" \/>\n<meta name=\"robots\" content=\"index, follow, max-snippet:-1, max-image-preview:large, max-video-preview:-1\" \/>\n<link rel=\"canonical\" href=\"https:\/\/atana.pl\/en\/online-shop\/ladowarki-do-akumulatorow\/ladowarka-akumulatorova-230v-6v-12v-1a\/\" \/>\n<meta property=\"og:locale\" content=\"en_GB\" \/>\n<meta property=\"og:type\" content=\"article\" \/>\n<meta property=\"og:title\" content=\"\u0141adowarka NOCO Genius 1 - Atana\" \/>\n<meta property=\"og:description\" content=\"NOCO GENIUS1 6V\/12V 1A \u2013 inteligentna \u0142adowarka, podtrzymanie i regeneracja akumulator\u00f3w z elektrolitem p\u0142ynnem, AGM, GEL, MF i Li-Ion.\" \/>\n<meta property=\"og:url\" content=\"https:\/\/atana.pl\/en\/online-shop\/ladowarki-do-akumulatorow\/ladowarka-akumulatorova-230v-6v-12v-1a\/\" \/>\n<meta property=\"og:site_name\" content=\"Atana\" \/>\n<meta property=\"article:publisher\" content=\"https:\/\/www.facebook.com\/atanayachts\" \/>\n<meta property=\"article:modified_time\" content=\"2026-02-27T16:58:18+00:00\" \/>\n<meta property=\"og:image\" content=\"https:\/\/atana.pl\/wp-content\/uploads\/2026\/02\/Ladowarka-noco-Genius-1_wszystkie-akumulatory_6V-12V.webp\" \/>\n\t<meta property=\"og:image:width\" content=\"1200\" \/>\n\t<meta property=\"og:image:height\" content=\"1200\" \/>\n\t<meta property=\"og:image:type\" content=\"image\/webp\" \/>\n<meta name=\"twitter:card\" content=\"summary_large_image\" \/>\n<meta name=\"twitter:label1\" content=\"Estimated reading time\" \/>\n\t<meta name=\"twitter:data1\" content=\"2 minutes\" \/>\n<script type=\"application\/ld+json\" class=\"yoast-schema-graph\">{\"@context\":\"https:\/\/schema.org\",\"@graph\":[{\"@type\":\"WebPage\",\"@id\":\"https:\/\/atana.pl\/sklep-on-line\/ladowarki-do-akumulatorow\/ladowarka-akumulatorova-230v-6v-12v-1a\/\",\"url\":\"https:\/\/atana.pl\/sklep-on-line\/ladowarki-do-akumulatorow\/ladowarka-akumulatorova-230v-6v-12v-1a\/\",\"name\":\"\u0141adowarka NOCO Genius 1 - Atana\",\"isPartOf\":{\"@id\":\"https:\/\/atana.pl\/#website\"},\"primaryImageOfPage\":{\"@id\":\"https:\/\/atana.pl\/sklep-on-line\/ladowarki-do-akumulatorow\/ladowarka-akumulatorova-230v-6v-12v-1a\/#primaryimage\"},\"image\":{\"@id\":\"https:\/\/atana.pl\/sklep-on-line\/ladowarki-do-akumulatorow\/ladowarka-akumulatorova-230v-6v-12v-1a\/#primaryimage\"},\"thumbnailUrl\":\"https:\/\/atana.pl\/wp-content\/uploads\/2026\/02\/Ladowarka-noco-Genius-1_wszystkie-akumulatory_6V-12V.webp\",\"datePublished\":\"2026-02-27T16:05:55+00:00\",\"dateModified\":\"2026-02-27T16:58:18+00:00\",\"description\":\"NOCO GENIUS1 6V\/12V 1A \u2013 inteligentna \u0142adowarka, podtrzymanie i regeneracja akumulator\u00f3w z elektrolitem p\u0142ynnem, AGM, GEL, MF i Li-Ion.\",\"breadcrumb\":{\"@id\":\"https:\/\/atana.pl\/sklep-on-line\/ladowarki-do-akumulatorow\/ladowarka-akumulatorova-230v-6v-12v-1a\/#breadcrumb\"},\"inLanguage\":\"en-GB\",\"potentialAction\":[{\"@type\":\"ReadAction\",\"target\":[\"https:\/\/atana.pl\/sklep-on-line\/ladowarki-do-akumulatorow\/ladowarka-akumulatorova-230v-6v-12v-1a\/\"]}]},{\"@type\":\"ImageObject\",\"inLanguage\":\"en-GB\",\"@id\":\"https:\/\/atana.pl\/sklep-on-line\/ladowarki-do-akumulatorow\/ladowarka-akumulatorova-230v-6v-12v-1a\/#primaryimage\",\"url\":\"https:\/\/atana.pl\/wp-content\/uploads\/2026\/02\/Ladowarka-noco-Genius-1_wszystkie-akumulatory_6V-12V.webp\",\"contentUrl\":\"https:\/\/atana.pl\/wp-content\/uploads\/2026\/02\/Ladowarka-noco-Genius-1_wszystkie-akumulatory_6V-12V.webp\",\"width\":1200,\"height\":1200,\"caption\":\"Ladowarka noco Genius 1 wszystkie akumulatory 6V 12V\"},{\"@type\":\"BreadcrumbList\",\"@id\":\"https:\/\/atana.pl\/sklep-on-line\/ladowarki-do-akumulatorow\/ladowarka-akumulatorova-230v-6v-12v-1a\/#breadcrumb\",\"itemListElement\":[{\"@type\":\"ListItem\",\"position\":1,\"name\":\"Strona g\u0142\u00f3wna\",\"item\":\"https:\/\/atana.pl\/\"},{\"@type\":\"ListItem\",\"position\":2,\"name\":\"Sklep on-line\",\"item\":\"https:\/\/atana.pl\/sklep-on-line\/\"},{\"@type\":\"ListItem\",\"position\":3,\"name\":\"\u0141adowarka NOCO Genius 1\"}]},{\"@type\":\"WebSite\",\"@id\":\"https:\/\/atana.pl\/#website\",\"url\":\"https:\/\/atana.pl\/\",\"name\":\"Atana\",\"description\":\"Akcesoria do \u0142odzi, kamper\u00f3w i przyczep. \u0141odzie motorowe\",\"publisher\":{\"@id\":\"https:\/\/atana.pl\/#organization\"},\"potentialAction\":[{\"@type\":\"SearchAction\",\"target\":{\"@type\":\"EntryPoint\",\"urlTemplate\":\"https:\/\/atana.pl\/?s={search_term_string}\"},\"query-input\":{\"@type\":\"PropertyValueSpecification\",\"valueRequired\":true,\"valueName\":\"search_term_string\"}}],\"inLanguage\":\"en-GB\"},{\"@type\":\"Organization\",\"@id\":\"https:\/\/atana.pl\/#organization\",\"name\":\"Atana\",\"url\":\"https:\/\/atana.pl\/\",\"logo\":{\"@type\":\"ImageObject\",\"inLanguage\":\"en-GB\",\"@id\":\"https:\/\/atana.pl\/#\/schema\/logo\/image\/\",\"url\":\"\",\"contentUrl\":\"\",\"caption\":\"Atana\"},\"image\":{\"@id\":\"https:\/\/atana.pl\/#\/schema\/logo\/image\/\"},\"sameAs\":[\"https:\/\/www.facebook.com\/atanayachts\",\"https:\/\/www.instagram.com\/atanaboats\/\",\"https:\/\/www.youtube.com\/channel\/UClMMmVqqx17in9QzgxK90Mw\"]}]}<\/script>\n<!-- \/ Yoast SEO plugin. -->","yoast_head_json":{"title":"\u0141adowarka NOCO Genius 1 - Atana","description":"NOCO GENIUS1 6V\/12V 1A \u2013 inteligentna \u0142adowarka, podtrzymanie i regeneracja akumulator\u00f3w z elektrolitem p\u0142ynnem, AGM, GEL, MF i Li-Ion.","robots":{"index":"index","follow":"follow","max-snippet":"max-snippet:-1","max-image-preview":"max-image-preview:large","max-video-preview":"max-video-preview:-1"},"canonical":"https:\/\/atana.pl\/en\/online-shop\/ladowarki-do-akumulatorow\/ladowarka-akumulatorova-230v-6v-12v-1a\/","og_locale":"en_GB","og_type":"article","og_title":"\u0141adowarka NOCO Genius 1 - Atana","og_description":"NOCO GENIUS1 6V\/12V 1A \u2013 inteligentna \u0142adowarka, podtrzymanie i regeneracja akumulator\u00f3w z elektrolitem p\u0142ynnem, AGM, GEL, MF i Li-Ion.","og_url":"https:\/\/atana.pl\/en\/online-shop\/ladowarki-do-akumulatorow\/ladowarka-akumulatorova-230v-6v-12v-1a\/","og_site_name":"Atana","article_publisher":"https:\/\/www.facebook.com\/atanayachts","article_modified_time":"2026-02-27T16:58:18+00:00","og_image":[{"width":1200,"height":1200,"url":"https:\/\/atana.pl\/wp-content\/uploads\/2026\/02\/Ladowarka-noco-Genius-1_wszystkie-akumulatory_6V-12V.webp","type":"image\/webp"}],"twitter_card":"summary_large_image","twitter_misc":{"Estimated reading time":"2 minutes"},"schema":{"@context":"https:\/\/schema.org","@graph":[{"@type":"WebPage","@id":"https:\/\/atana.pl\/sklep-on-line\/ladowarki-do-akumulatorow\/ladowarka-akumulatorova-230v-6v-12v-1a\/","url":"https:\/\/atana.pl\/sklep-on-line\/ladowarki-do-akumulatorow\/ladowarka-akumulatorova-230v-6v-12v-1a\/","name":"\u0141adowarka NOCO Genius 1 - Atana","isPartOf":{"@id":"https:\/\/atana.pl\/#website"},"primaryImageOfPage":{"@id":"https:\/\/atana.pl\/sklep-on-line\/ladowarki-do-akumulatorow\/ladowarka-akumulatorova-230v-6v-12v-1a\/#primaryimage"},"image":{"@id":"https:\/\/atana.pl\/sklep-on-line\/ladowarki-do-akumulatorow\/ladowarka-akumulatorova-230v-6v-12v-1a\/#primaryimage"},"thumbnailUrl":"https:\/\/atana.pl\/wp-content\/uploads\/2026\/02\/Ladowarka-noco-Genius-1_wszystkie-akumulatory_6V-12V.webp","datePublished":"2026-02-27T16:05:55+00:00","dateModified":"2026-02-27T16:58:18+00:00","description":"NOCO GENIUS1 6V\/12V 1A \u2013 inteligentna \u0142adowarka, podtrzymanie i regeneracja akumulator\u00f3w z elektrolitem p\u0142ynnem, AGM, GEL, MF i Li-Ion.","breadcrumb":{"@id":"https:\/\/atana.pl\/sklep-on-line\/ladowarki-do-akumulatorow\/ladowarka-akumulatorova-230v-6v-12v-1a\/#breadcrumb"},"inLanguage":"en-GB","potentialAction":[{"@type":"ReadAction","target":["https:\/\/atana.pl\/sklep-on-line\/ladowarki-do-akumulatorow\/ladowarka-akumulatorova-230v-6v-12v-1a\/"]}]},{"@type":"ImageObject","inLanguage":"en-GB","@id":"https:\/\/atana.pl\/sklep-on-line\/ladowarki-do-akumulatorow\/ladowarka-akumulatorova-230v-6v-12v-1a\/#primaryimage","url":"https:\/\/atana.pl\/wp-content\/uploads\/2026\/02\/Ladowarka-noco-Genius-1_wszystkie-akumulatory_6V-12V.webp","contentUrl":"https:\/\/atana.pl\/wp-content\/uploads\/2026\/02\/Ladowarka-noco-Genius-1_wszystkie-akumulatory_6V-12V.webp","width":1200,"height":1200,"caption":"Ladowarka noco Genius 1 wszystkie akumulatory 6V 12V"},{"@type":"BreadcrumbList","@id":"https:\/\/atana.pl\/sklep-on-line\/ladowarki-do-akumulatorow\/ladowarka-akumulatorova-230v-6v-12v-1a\/#breadcrumb","itemListElement":[{"@type":"ListItem","position":1,"name":"Strona g\u0142\u00f3wna","item":"https:\/\/atana.pl\/"},{"@type":"ListItem","position":2,"name":"Sklep on-line","item":"https:\/\/atana.pl\/sklep-on-line\/"},{"@type":"ListItem","position":3,"name":"\u0141adowarka NOCO Genius 1"}]},{"@type":"WebSite","@id":"https:\/\/atana.pl\/#website","url":"https:\/\/atana.pl\/","name":"Atana","description":"Akcesoria do \u0142odzi, kamper\u00f3w i przyczep. \u0141odzie motorowe","publisher":{"@id":"https:\/\/atana.pl\/#organization"},"potentialAction":[{"@type":"SearchAction","target":{"@type":"EntryPoint","urlTemplate":"https:\/\/atana.pl\/?s={search_term_string}"},"query-input":{"@type":"PropertyValueSpecification","valueRequired":true,"valueName":"search_term_string"}}],"inLanguage":"en-GB"},{"@type":"Organization","@id":"https:\/\/atana.pl\/#organization","name":"Atana","url":"https:\/\/atana.pl\/","logo":{"@type":"ImageObject","inLanguage":"en-GB","@id":"https:\/\/atana.pl\/#\/schema\/logo\/image\/","url":"","contentUrl":"","caption":"Atana"},"image":{"@id":"https:\/\/atana.pl\/#\/schema\/logo\/image\/"},"sameAs":["https:\/\/www.facebook.com\/atanayachts","https:\/\/www.instagram.com\/atanaboats\/","https:\/\/www.youtube.com\/channel\/UClMMmVqqx17in9QzgxK90Mw"]}]}},"_links":{"self":[{"href":"https:\/\/atana.pl\/en\/wp-json\/wp\/v2\/product\/8785","targetHints":{"allow":["GET"]}}],"collection":[{"href":"https:\/\/atana.pl\/en\/wp-json\/wp\/v2\/product"}],"about":[{"href":"https:\/\/atana.pl\/en\/wp-json\/wp\/v2\/types\/product"}],"wp:featuredmedia":[{"embeddable":true,"href":"https:\/\/atana.pl\/en\/wp-json\/wp\/v2\/media\/8788"}],"wp:attachment":[{"href":"https:\/\/atana.pl\/en\/wp-json\/wp\/v2\/media?parent=8785"}],"wp:term":[{"taxonomy":"product_brand","embeddable":true,"href":"https:\/\/atana.pl\/en\/wp-json\/wp\/v2\/product_brand?post=8785"},{"taxonomy":"product_cat","embeddable":true,"href":"https:\/\/atana.pl\/en\/wp-json\/wp\/v2\/product_cat?post=8785"},{"taxonomy":"product_tag","embeddable":true,"href":"https:\/\/atana.pl\/en\/wp-json\/wp\/v2\/product_tag?post=8785"}],"curies":[{"name":"wp","href":"https:\/\/api.w.org\/{rel}","templated":true}]}}