{"id":8587,"date":"2026-02-10T15:53:36","date_gmt":"2026-02-10T14:53:36","guid":{"rendered":"https:\/\/atana.pl\/?post_type=product&#038;p=8587"},"modified":"2026-02-10T16:17:29","modified_gmt":"2026-02-10T15:17:29","slug":"xf3-p65ut","status":"publish","type":"product","link":"https:\/\/atana.pl\/en\/online-shop\/armor-x\/x-mount\/xf3-p65ut\/","title":{"rendered":"Podw\u00f3jny uchwyt przyssawkowy do tablet\u00f3w &#038; smartfon\u00f3w"},"content":{"rendered":"<h1 data-start=\"209\" data-end=\"295\">\u2693 Armor-X XF3-P65UT \u2013 podw\u00f3jny uchwyt przyssawkowy do tablet\u00f3w z ramieniem Dual Plus<\/h1>\n<h2 data-start=\"297\" data-end=\"313\">Opis produktu<\/h2>\n<p data-start=\"315\" data-end=\"602\"><strong data-start=\"315\" data-end=\"354\">Armor-X XF3-P65UT (Short Arm Dual+)<\/strong> to <strong data-start=\"358\" data-end=\"440\">profesjonalny uchwyt przyssawkowy z podw\u00f3jn\u0105 przyssawk\u0105 i wyd\u0142u\u017conym ramieniem<\/strong>, zaprojektowany do bezpiecznego monta\u017cu <strong data-start=\"481\" data-end=\"539\">tablet\u00f3w iPad, Samsung Galaxy Tab oraz innych tablet\u00f3w<\/strong> w wymagaj\u0105cych warunkach <strong data-start=\"565\" data-end=\"601\">marine, przemy\u015ble, outdoor i pracy mobilnej<\/strong>.<\/p>\n<p data-start=\"604\" data-end=\"799\">Model nale\u017cy do serii <strong data-start=\"626\" data-end=\"668\">P65UT Dual Suction Cup Universal Mount<\/strong> i oferuje <strong data-start=\"679\" data-end=\"704\">maksymaln\u0105 stabilno\u015b\u0107<\/strong>, nawet przy wi\u0119kszych tabletach, intensywnych wibracjach oraz pracy na wodzie lub w pojazdach.<\/p>\n<hr data-start=\"801\" data-end=\"804\" \/>\n<h2 data-start=\"806\" data-end=\"848\">Stabilno\u015b\u0107 i mocowanie Dual Suction Cup<\/h2>\n<p data-start=\"850\" data-end=\"957\">Uchwyt wykorzystuje <strong data-start=\"870\" data-end=\"914\">dwie przyssawki o \u015brednicy 85 mm (3,35&#8243;)<\/strong>, wykonane z wytrzyma\u0142ego PVC, co zapewnia:<\/p>\n<ul data-start=\"958\" data-end=\"1063\">\n<li data-start=\"958\" data-end=\"989\">\n<p data-start=\"960\" data-end=\"989\">bardzo wysok\u0105 si\u0142\u0119 trzymania,<\/p>\n<\/li>\n<li data-start=\"990\" data-end=\"1028\">\n<p data-start=\"992\" data-end=\"1028\">stabilno\u015b\u0107 przy wi\u0119kszym obci\u0105\u017ceniu,<\/p>\n<\/li>\n<li data-start=\"1029\" data-end=\"1063\">\n<p data-start=\"1031\" data-end=\"1063\">odporno\u015b\u0107 na drgania i wstrz\u0105sy.<\/p>\n<\/li>\n<\/ul>\n<p data-start=\"1065\" data-end=\"1102\">Uchwyt mo\u017cna bezpiecznie montowa\u0107 na:<\/p>\n<ul data-start=\"1103\" data-end=\"1249\">\n<li data-start=\"1103\" data-end=\"1127\">\n<p data-start=\"1105\" data-end=\"1127\">szybach samochodowych,<\/p>\n<\/li>\n<li data-start=\"1128\" data-end=\"1147\">\n<p data-start=\"1130\" data-end=\"1147\">maskach pojazd\u00f3w,<\/p>\n<\/li>\n<li data-start=\"1148\" data-end=\"1182\">\n<p data-start=\"1150\" data-end=\"1182\">g\u0142adkich powierzchniach kokpitu,<\/p>\n<\/li>\n<li data-start=\"1183\" data-end=\"1249\">\n<p data-start=\"1185\" data-end=\"1249\">ceramice oraz innych <strong data-start=\"1206\" data-end=\"1248\">g\u0142adkich, nieporowatych powierzchniach<\/strong>.<\/p>\n<\/li>\n<\/ul>\n<p data-start=\"1251\" data-end=\"1350\">To idealne rozwi\u0105zanie do <strong data-start=\"1277\" data-end=\"1349\">\u0142odzi, jacht\u00f3w, kamper\u00f3w, pojazd\u00f3w serwisowych i stanowisk roboczych<\/strong>.<\/p>\n<hr data-start=\"1352\" data-end=\"1355\" \/>\n<h2 data-start=\"1357\" data-end=\"1390\">Uniwersalny uchwyt do tablet\u00f3w<\/h2>\n<p data-start=\"1392\" data-end=\"1480\"><strong data-start=\"1392\" data-end=\"1413\">Armor-X XF3-P65UT<\/strong> wyposa\u017cony jest w <strong data-start=\"1432\" data-end=\"1462\">uniwersalny uchwyt tabletu<\/strong>, kt\u00f3ry obs\u0142uguje:<\/p>\n<ul data-start=\"1481\" data-end=\"1564\">\n<li data-start=\"1481\" data-end=\"1522\">\n<p data-start=\"1483\" data-end=\"1522\">szeroko\u015b\u0107 urz\u0105dzenia: <strong data-start=\"1505\" data-end=\"1519\">124\u2013253 mm<\/strong>,<\/p>\n<\/li>\n<li data-start=\"1523\" data-end=\"1564\">\n<p data-start=\"1525\" data-end=\"1564\">grubo\u015b\u0107 tabletu (z etui): do <strong data-start=\"1554\" data-end=\"1563\">36 mm<\/strong>.<\/p>\n<\/li>\n<\/ul>\n<p data-start=\"1566\" data-end=\"1605\">Dzi\u0119ki temu uchwyt jest kompatybilny z:<\/p>\n<ul data-start=\"1606\" data-end=\"1695\">\n<li data-start=\"1606\" data-end=\"1631\">\n<p data-start=\"1608\" data-end=\"1631\">iPad (r\u00f3\u017cne generacje),<\/p>\n<\/li>\n<li data-start=\"1632\" data-end=\"1653\">\n<p data-start=\"1634\" data-end=\"1653\">Samsung Galaxy Tab,<\/p>\n<\/li>\n<li data-start=\"1654\" data-end=\"1695\">\n<p data-start=\"1656\" data-end=\"1695\">innymi tabletami o podobnych wymiarach.<\/p>\n<\/li>\n<\/ul>\n<hr data-start=\"1697\" data-end=\"1700\" \/>\n<h2 data-start=\"1702\" data-end=\"1749\">Aluminiowe rami\u0119 Dual Plus \u2013 pe\u0142na regulacja<\/h2>\n<p data-start=\"1751\" data-end=\"1792\">Wersja <strong data-start=\"1758\" data-end=\"1783\">Short Arm Dual+ (XF3)<\/strong> oferuje:<\/p>\n<ul data-start=\"1793\" data-end=\"1941\">\n<li data-start=\"1793\" data-end=\"1849\">\n<p data-start=\"1795\" data-end=\"1849\"><strong data-start=\"1795\" data-end=\"1846\">korpus ramienia wykonany z aluminium lotniczego<\/strong>,<\/p>\n<\/li>\n<li data-start=\"1850\" data-end=\"1885\">\n<p data-start=\"1852\" data-end=\"1885\"><strong data-start=\"1852\" data-end=\"1882\">podw\u00f3jny przegub kulowy 1&#8243;<\/strong>,<\/p>\n<\/li>\n<li data-start=\"1886\" data-end=\"1941\">\n<p data-start=\"1888\" data-end=\"1941\">bardzo du\u017c\u0105 swobod\u0119 regulacji k\u0105ta i pozycji tabletu.<\/p>\n<\/li>\n<\/ul>\n<p data-start=\"1943\" data-end=\"2018\">Regulacja odbywa si\u0119 <strong data-start=\"1964\" data-end=\"1984\">jednym pokr\u0119t\u0142em<\/strong>, co pozwala szybko ustawi\u0107 ekran:<\/p>\n<ul data-start=\"2019\" data-end=\"2111\">\n<li data-start=\"2019\" data-end=\"2034\">\n<p data-start=\"2021\" data-end=\"2034\">do nawigacji,<\/p>\n<\/li>\n<li data-start=\"2035\" data-end=\"2046\">\n<p data-start=\"2037\" data-end=\"2046\">do pracy,<\/p>\n<\/li>\n<li data-start=\"2047\" data-end=\"2073\">\n<p data-start=\"2049\" data-end=\"2073\">do sterowania systemami,<\/p>\n<\/li>\n<li data-start=\"2074\" data-end=\"2111\">\n<p data-start=\"2076\" data-end=\"2111\">w orientacji pionowej lub poziomej.<\/p>\n<\/li>\n<\/ul>\n<hr data-start=\"2113\" data-end=\"2116\" \/>\n<h2 data-start=\"2118\" data-end=\"2156\">System modu\u0142owy i prowadzenie kabla<\/h2>\n<p data-start=\"2158\" data-end=\"2173\">Uchwyt posiada:<\/p>\n<ul data-start=\"2174\" data-end=\"2352\">\n<li data-start=\"2174\" data-end=\"2250\">\n<p data-start=\"2176\" data-end=\"2250\"><strong data-start=\"2176\" data-end=\"2200\">modu\u0142ow\u0105 konstrukcj\u0119<\/strong>, umo\u017cliwiaj\u0105c\u0105 dopasowanie do r\u00f3\u017cnych zastosowa\u0144,<\/p>\n<\/li>\n<li data-start=\"2251\" data-end=\"2352\">\n<p data-start=\"2253\" data-end=\"2352\"><strong data-start=\"2253\" data-end=\"2287\">zintegrowane prowadzenie kabla<\/strong>, kt\u00f3re u\u0142atwia zasilanie tabletu i poprawia estetyk\u0119 instalacji.<\/p>\n<\/li>\n<\/ul>\n<hr data-start=\"2354\" data-end=\"2357\" \/>\n<h2 data-start=\"2359\" data-end=\"2397\">Dane techniczne \u2013 Armor-X XF3-P65UT<\/h2>\n<h3 data-start=\"2399\" data-end=\"2414\">Typ uchwytu<\/h3>\n<ul data-start=\"2415\" data-end=\"2464\">\n<li data-start=\"2415\" data-end=\"2464\">\n<p data-start=\"2417\" data-end=\"2464\">Podw\u00f3jny uchwyt przyssawkowy (Dual Suction Cup)<\/p>\n<\/li>\n<\/ul>\n<h3 data-start=\"2466\" data-end=\"2480\">Przyssawki<\/h3>\n<ul data-start=\"2481\" data-end=\"2516\">\n<li data-start=\"2481\" data-end=\"2500\">\n<p data-start=\"2483\" data-end=\"2500\">2 \u00d7 85 mm<\/p>\n<\/li>\n<li data-start=\"2501\" data-end=\"2516\">\n<p data-start=\"2503\" data-end=\"2516\">Materia\u0142: PVC<\/p>\n<\/li>\n<\/ul>\n<h3 data-start=\"2518\" data-end=\"2545\">Kompatybilno\u015b\u0107 urz\u0105dze\u0144<\/h3>\n<ul data-start=\"2546\" data-end=\"2631\">\n<li data-start=\"2546\" data-end=\"2584\">\n<p data-start=\"2548\" data-end=\"2584\">Tablety o szeroko\u015bci: <strong data-start=\"2570\" data-end=\"2584\">124\u2013253 mm<\/strong><\/p>\n<\/li>\n<li data-start=\"2585\" data-end=\"2631\">\n<p data-start=\"2587\" data-end=\"2631\">Maksymalna grubo\u015b\u0107 tabletu z etui: <strong data-start=\"2622\" data-end=\"2631\">36 mm<\/strong><\/p>\n<\/li>\n<\/ul>\n<h3 data-start=\"2633\" data-end=\"2642\">Rami\u0119<\/h3>\n<ul data-start=\"2764\" data-end=\"2900\">\n<li data-start=\"2643\" data-end=\"2673\">\n<p data-start=\"2645\" data-end=\"2673\">Materia\u0142: aluminium lotnicze<\/p>\n<\/li>\n<li data-start=\"2674\" data-end=\"2706\">\n<p data-start=\"2676\" data-end=\"2706\">System: <strong data-start=\"2684\" data-end=\"2706\">Dual Ball Joint 1&#8243;<\/strong><\/p>\n<\/li>\n<li data-start=\"2707\" data-end=\"2729\">\n<p data-start=\"2709\" data-end=\"2729\">Regulacja k\u0105ta: 360\u00b0<\/p>\n<\/li>\n<li data-start=\"2859\" data-end=\"2900\">\n<p data-start=\"2861\" data-end=\"2900\"><strong data-start=\"2861\" data-end=\"2900\">Short arm | dual plus (XF3): 270 mm<\/strong><\/p>\n<\/li>\n<\/ul>\n<hr data-start=\"2902\" data-end=\"2905\" \/>\n<h2 data-start=\"2907\" data-end=\"2922\">Application<\/h2>\n<ul data-start=\"2924\" data-end=\"3095\">\n<li data-start=\"2924\" data-end=\"2951\">\n<p data-start=\"2926\" data-end=\"2951\">\u0141odzie motorowe i jachty.<\/p>\n<\/li>\n<li data-start=\"2952\" data-end=\"2990\">\n<p data-start=\"2954\" data-end=\"2990\">Nawigacja morska i ploter tabletowy.<\/p>\n<\/li>\n<li data-start=\"2991\" data-end=\"3020\">\n<p data-start=\"2993\" data-end=\"3020\">Kampery i pojazdy terenowe.<\/p>\n<\/li>\n<li data-start=\"3021\" data-end=\"3062\">\n<p data-start=\"3023\" data-end=\"3062\">Pojazdy serwisowe i stanowiska robocze.<\/p>\n<\/li>\n<li data-start=\"3063\" data-end=\"3095\">\n<p data-start=\"3065\" data-end=\"3095\">Praca mobilna i profesjonalna.<\/p>\n<\/li>\n<\/ul>\n<hr data-start=\"3097\" data-end=\"3100\" \/>\n<h2 data-start=\"3102\" data-end=\"3117\">Podsumowanie<\/h2>\n<p data-start=\"3119\" data-end=\"3203\"><strong data-start=\"3119\" data-end=\"3156\">Armor-X XF3-P65UT Short Arm Dual+<\/strong> to uchwyt dla u\u017cytkownik\u00f3w, kt\u00f3rzy potrzebuj\u0105:<\/p>\n<ul data-start=\"3204\" data-end=\"3390\">\n<li data-start=\"3204\" data-end=\"3236\">\n<p data-start=\"3206\" data-end=\"3236\"><strong data-start=\"3206\" data-end=\"3233\">maksymalnej stabilno\u015bci<\/strong>,<\/p>\n<\/li>\n<li data-start=\"3237\" data-end=\"3282\">\n<p data-start=\"3239\" data-end=\"3282\">bezpiecznego monta\u017cu <strong data-start=\"3260\" data-end=\"3279\">du\u017cych tablet\u00f3w<\/strong>,<\/p>\n<\/li>\n<li data-start=\"3283\" data-end=\"3331\">\n<p data-start=\"3285\" data-end=\"3331\">elastycznej regulacji i trwa\u0142ej konstrukcji,<\/p>\n<\/li>\n<li data-start=\"3332\" data-end=\"3390\">\n<p data-start=\"3334\" data-end=\"3390\">rozwi\u0105zania sprawdzaj\u0105cego si\u0119 w <strong data-start=\"3367\" data-end=\"3389\">marine i outdoorze<\/strong>.<\/p>\n<\/li>\n<\/ul>\n<p data-start=\"3392\" data-end=\"3489\">To solidny, profesjonalny uchwyt klasy premium do zastosowa\u0144, gdzie nie ma miejsca na kompromisy.<\/p>","protected":false},"excerpt":{"rendered":"<p data-start=\"2648\" data-end=\"2747\">Profesjonalny uchwyt Armor-X XF3-P65UT z podw\u00f3jn\u0105 przyssawk\u0105 i ramieniem Dual Plus do tablet\u00f3w w marine i outdoorze.<\/p>","protected":false},"featured_media":8588,"template":"","meta":{"_acf_changed":false},"product_brand":[],"product_cat":[1307,1309],"product_tag":[1316,1562,1556,1400,1557,1559,1558,1560,1564,1561,1563,1555],"class_list":{"0":"post-8587","1":"product","2":"type-product","3":"status-publish","4":"has-post-thumbnail","6":"product_cat-armor-x","7":"product_cat-x-mount","8":"product_tag-armor-x","9":"product_tag-dual-suction-cup-mount","10":"product_tag-uchwyt-armor-x","11":"product_tag-uchwyt-do-jachtu","12":"product_tag-uchwyt-do-tabletow","13":"product_tag-uchwyt-galaxy-tab","14":"product_tag-uchwyt-ipad","15":"product_tag-uchwyt-marine-tablet","16":"product_tag-uchwyt-outdoor-tablet","17":"product_tag-uchwyt-przyssawkowy-tablet","18":"product_tag-x-mount-tablet","19":"product_tag-xf3-p65ut","21":"first","22":"instock","23":"taxable","24":"shipping-taxable","25":"purchasable","26":"product-type-simple"},"acf":[],"yoast_head":"<!-- This site is optimized with the Yoast SEO plugin v25.2 - https:\/\/yoast.com\/wordpress\/plugins\/seo\/ -->\n<title>Podw\u00f3jny uchwyt przyssawkowy do tablet\u00f3w &amp; smartfon\u00f3w - Atana<\/title>\n<meta name=\"description\" content=\"Uchwyt Armor-X XF3-P65UT do tablet\u00f3w. Podw\u00f3jna przyssawka, rami\u0119 Dual Plus i stabilny monta\u017c do marine i outdooru. Pasuje do wi\u0119kszo\u015bci tablet\u00f3w na rynku\" \/>\n<meta name=\"robots\" content=\"index, follow, max-snippet:-1, max-image-preview:large, max-video-preview:-1\" \/>\n<link rel=\"canonical\" href=\"https:\/\/atana.pl\/en\/online-shop\/armor-x\/x-mount\/xf3-p65ut\/\" \/>\n<meta property=\"og:locale\" content=\"en_GB\" \/>\n<meta property=\"og:type\" content=\"article\" \/>\n<meta property=\"og:title\" content=\"Podw\u00f3jny uchwyt przyssawkowy do tablet\u00f3w &amp; smartfon\u00f3w - Atana\" \/>\n<meta property=\"og:description\" content=\"Uchwyt Armor-X XF3-P65UT do tablet\u00f3w. Podw\u00f3jna przyssawka, rami\u0119 Dual Plus i stabilny monta\u017c do marine i outdooru. Pasuje do wi\u0119kszo\u015bci tablet\u00f3w na rynku\" \/>\n<meta property=\"og:url\" content=\"https:\/\/atana.pl\/en\/online-shop\/armor-x\/x-mount\/xf3-p65ut\/\" \/>\n<meta property=\"og:site_name\" content=\"Atana\" \/>\n<meta property=\"article:publisher\" content=\"https:\/\/www.facebook.com\/atanayachts\" \/>\n<meta property=\"article:modified_time\" content=\"2026-02-10T15:17:29+00:00\" \/>\n<meta property=\"og:image\" content=\"https:\/\/atana.pl\/wp-content\/uploads\/2026\/02\/XF3-P65UT-ARMOR-X-ONE-LOCK-Dual-Suction-Cup-Universal-Mount-with-Long-Arm-for-Tablet-Short-Arm-Dual-Plus_1.webp\" \/>\n\t<meta property=\"og:image:width\" content=\"1000\" \/>\n\t<meta property=\"og:image:height\" content=\"1000\" \/>\n\t<meta property=\"og:image:type\" content=\"image\/webp\" \/>\n<meta name=\"twitter:card\" content=\"summary_large_image\" \/>\n<meta name=\"twitter:label1\" content=\"Estimated reading time\" \/>\n\t<meta name=\"twitter:data1\" content=\"2 minutes\" \/>\n<script type=\"application\/ld+json\" class=\"yoast-schema-graph\">{\"@context\":\"https:\/\/schema.org\",\"@graph\":[{\"@type\":\"WebPage\",\"@id\":\"https:\/\/atana.pl\/sklep-on-line\/armor-x\/x-mount\/xf3-p65ut\/\",\"url\":\"https:\/\/atana.pl\/sklep-on-line\/armor-x\/x-mount\/xf3-p65ut\/\",\"name\":\"Podw\u00f3jny uchwyt przyssawkowy do tablet\u00f3w & smartfon\u00f3w - Atana\",\"isPartOf\":{\"@id\":\"https:\/\/atana.pl\/#website\"},\"primaryImageOfPage\":{\"@id\":\"https:\/\/atana.pl\/sklep-on-line\/armor-x\/x-mount\/xf3-p65ut\/#primaryimage\"},\"image\":{\"@id\":\"https:\/\/atana.pl\/sklep-on-line\/armor-x\/x-mount\/xf3-p65ut\/#primaryimage\"},\"thumbnailUrl\":\"https:\/\/atana.pl\/wp-content\/uploads\/2026\/02\/XF3-P65UT-ARMOR-X-ONE-LOCK-Dual-Suction-Cup-Universal-Mount-with-Long-Arm-for-Tablet-Short-Arm-Dual-Plus_1.webp\",\"datePublished\":\"2026-02-10T14:53:36+00:00\",\"dateModified\":\"2026-02-10T15:17:29+00:00\",\"description\":\"Uchwyt Armor-X XF3-P65UT do tablet\u00f3w. Podw\u00f3jna przyssawka, rami\u0119 Dual Plus i stabilny monta\u017c do marine i outdooru. Pasuje do wi\u0119kszo\u015bci tablet\u00f3w na rynku\",\"breadcrumb\":{\"@id\":\"https:\/\/atana.pl\/sklep-on-line\/armor-x\/x-mount\/xf3-p65ut\/#breadcrumb\"},\"inLanguage\":\"en-GB\",\"potentialAction\":[{\"@type\":\"ReadAction\",\"target\":[\"https:\/\/atana.pl\/sklep-on-line\/armor-x\/x-mount\/xf3-p65ut\/\"]}]},{\"@type\":\"ImageObject\",\"inLanguage\":\"en-GB\",\"@id\":\"https:\/\/atana.pl\/sklep-on-line\/armor-x\/x-mount\/xf3-p65ut\/#primaryimage\",\"url\":\"https:\/\/atana.pl\/wp-content\/uploads\/2026\/02\/XF3-P65UT-ARMOR-X-ONE-LOCK-Dual-Suction-Cup-Universal-Mount-with-Long-Arm-for-Tablet-Short-Arm-Dual-Plus_1.webp\",\"contentUrl\":\"https:\/\/atana.pl\/wp-content\/uploads\/2026\/02\/XF3-P65UT-ARMOR-X-ONE-LOCK-Dual-Suction-Cup-Universal-Mount-with-Long-Arm-for-Tablet-Short-Arm-Dual-Plus_1.webp\",\"width\":1000,\"height\":1000,\"caption\":\"XF3 P65UT ARMOR X ONE LOCK Dual Suction Cup Universal Mount with Long Arm for Tablet Short Arm Dual Plus 1\"},{\"@type\":\"BreadcrumbList\",\"@id\":\"https:\/\/atana.pl\/sklep-on-line\/armor-x\/x-mount\/xf3-p65ut\/#breadcrumb\",\"itemListElement\":[{\"@type\":\"ListItem\",\"position\":1,\"name\":\"Strona g\u0142\u00f3wna\",\"item\":\"https:\/\/atana.pl\/\"},{\"@type\":\"ListItem\",\"position\":2,\"name\":\"Sklep on-line\",\"item\":\"https:\/\/atana.pl\/sklep-on-line\/\"},{\"@type\":\"ListItem\",\"position\":3,\"name\":\"Podw\u00f3jny uchwyt przyssawkowy do tablet\u00f3w &#038; smartfon\u00f3w\"}]},{\"@type\":\"WebSite\",\"@id\":\"https:\/\/atana.pl\/#website\",\"url\":\"https:\/\/atana.pl\/\",\"name\":\"Atana\",\"description\":\"Akcesoria do \u0142odzi, kamper\u00f3w i przyczep. \u0141odzie motorowe\",\"publisher\":{\"@id\":\"https:\/\/atana.pl\/#organization\"},\"potentialAction\":[{\"@type\":\"SearchAction\",\"target\":{\"@type\":\"EntryPoint\",\"urlTemplate\":\"https:\/\/atana.pl\/?s={search_term_string}\"},\"query-input\":{\"@type\":\"PropertyValueSpecification\",\"valueRequired\":true,\"valueName\":\"search_term_string\"}}],\"inLanguage\":\"en-GB\"},{\"@type\":\"Organization\",\"@id\":\"https:\/\/atana.pl\/#organization\",\"name\":\"Atana\",\"url\":\"https:\/\/atana.pl\/\",\"logo\":{\"@type\":\"ImageObject\",\"inLanguage\":\"en-GB\",\"@id\":\"https:\/\/atana.pl\/#\/schema\/logo\/image\/\",\"url\":\"\",\"contentUrl\":\"\",\"caption\":\"Atana\"},\"image\":{\"@id\":\"https:\/\/atana.pl\/#\/schema\/logo\/image\/\"},\"sameAs\":[\"https:\/\/www.facebook.com\/atanayachts\",\"https:\/\/www.instagram.com\/atanaboats\/\",\"https:\/\/www.youtube.com\/channel\/UClMMmVqqx17in9QzgxK90Mw\"]}]}<\/script>\n<!-- \/ Yoast SEO plugin. -->","yoast_head_json":{"title":"Podw\u00f3jny uchwyt przyssawkowy do tablet\u00f3w & smartfon\u00f3w - Atana","description":"Uchwyt Armor-X XF3-P65UT do tablet\u00f3w. Podw\u00f3jna przyssawka, rami\u0119 Dual Plus i stabilny monta\u017c do marine i outdooru. Pasuje do wi\u0119kszo\u015bci tablet\u00f3w na rynku","robots":{"index":"index","follow":"follow","max-snippet":"max-snippet:-1","max-image-preview":"max-image-preview:large","max-video-preview":"max-video-preview:-1"},"canonical":"https:\/\/atana.pl\/en\/online-shop\/armor-x\/x-mount\/xf3-p65ut\/","og_locale":"en_GB","og_type":"article","og_title":"Podw\u00f3jny uchwyt przyssawkowy do tablet\u00f3w & smartfon\u00f3w - Atana","og_description":"Uchwyt Armor-X XF3-P65UT do tablet\u00f3w. Podw\u00f3jna przyssawka, rami\u0119 Dual Plus i stabilny monta\u017c do marine i outdooru. Pasuje do wi\u0119kszo\u015bci tablet\u00f3w na rynku","og_url":"https:\/\/atana.pl\/en\/online-shop\/armor-x\/x-mount\/xf3-p65ut\/","og_site_name":"Atana","article_publisher":"https:\/\/www.facebook.com\/atanayachts","article_modified_time":"2026-02-10T15:17:29+00:00","og_image":[{"width":1000,"height":1000,"url":"https:\/\/atana.pl\/wp-content\/uploads\/2026\/02\/XF3-P65UT-ARMOR-X-ONE-LOCK-Dual-Suction-Cup-Universal-Mount-with-Long-Arm-for-Tablet-Short-Arm-Dual-Plus_1.webp","type":"image\/webp"}],"twitter_card":"summary_large_image","twitter_misc":{"Estimated reading time":"2 minutes"},"schema":{"@context":"https:\/\/schema.org","@graph":[{"@type":"WebPage","@id":"https:\/\/atana.pl\/sklep-on-line\/armor-x\/x-mount\/xf3-p65ut\/","url":"https:\/\/atana.pl\/sklep-on-line\/armor-x\/x-mount\/xf3-p65ut\/","name":"Podw\u00f3jny uchwyt przyssawkowy do tablet\u00f3w & smartfon\u00f3w - Atana","isPartOf":{"@id":"https:\/\/atana.pl\/#website"},"primaryImageOfPage":{"@id":"https:\/\/atana.pl\/sklep-on-line\/armor-x\/x-mount\/xf3-p65ut\/#primaryimage"},"image":{"@id":"https:\/\/atana.pl\/sklep-on-line\/armor-x\/x-mount\/xf3-p65ut\/#primaryimage"},"thumbnailUrl":"https:\/\/atana.pl\/wp-content\/uploads\/2026\/02\/XF3-P65UT-ARMOR-X-ONE-LOCK-Dual-Suction-Cup-Universal-Mount-with-Long-Arm-for-Tablet-Short-Arm-Dual-Plus_1.webp","datePublished":"2026-02-10T14:53:36+00:00","dateModified":"2026-02-10T15:17:29+00:00","description":"Uchwyt Armor-X XF3-P65UT do tablet\u00f3w. Podw\u00f3jna przyssawka, rami\u0119 Dual Plus i stabilny monta\u017c do marine i outdooru. Pasuje do wi\u0119kszo\u015bci tablet\u00f3w na rynku","breadcrumb":{"@id":"https:\/\/atana.pl\/sklep-on-line\/armor-x\/x-mount\/xf3-p65ut\/#breadcrumb"},"inLanguage":"en-GB","potentialAction":[{"@type":"ReadAction","target":["https:\/\/atana.pl\/sklep-on-line\/armor-x\/x-mount\/xf3-p65ut\/"]}]},{"@type":"ImageObject","inLanguage":"en-GB","@id":"https:\/\/atana.pl\/sklep-on-line\/armor-x\/x-mount\/xf3-p65ut\/#primaryimage","url":"https:\/\/atana.pl\/wp-content\/uploads\/2026\/02\/XF3-P65UT-ARMOR-X-ONE-LOCK-Dual-Suction-Cup-Universal-Mount-with-Long-Arm-for-Tablet-Short-Arm-Dual-Plus_1.webp","contentUrl":"https:\/\/atana.pl\/wp-content\/uploads\/2026\/02\/XF3-P65UT-ARMOR-X-ONE-LOCK-Dual-Suction-Cup-Universal-Mount-with-Long-Arm-for-Tablet-Short-Arm-Dual-Plus_1.webp","width":1000,"height":1000,"caption":"XF3 P65UT ARMOR X ONE LOCK Dual Suction Cup Universal Mount with Long Arm for Tablet Short Arm Dual Plus 1"},{"@type":"BreadcrumbList","@id":"https:\/\/atana.pl\/sklep-on-line\/armor-x\/x-mount\/xf3-p65ut\/#breadcrumb","itemListElement":[{"@type":"ListItem","position":1,"name":"Strona g\u0142\u00f3wna","item":"https:\/\/atana.pl\/"},{"@type":"ListItem","position":2,"name":"Sklep on-line","item":"https:\/\/atana.pl\/sklep-on-line\/"},{"@type":"ListItem","position":3,"name":"Podw\u00f3jny uchwyt przyssawkowy do tablet\u00f3w &#038; smartfon\u00f3w"}]},{"@type":"WebSite","@id":"https:\/\/atana.pl\/#website","url":"https:\/\/atana.pl\/","name":"Atana","description":"Akcesoria do \u0142odzi, kamper\u00f3w i przyczep. \u0141odzie motorowe","publisher":{"@id":"https:\/\/atana.pl\/#organization"},"potentialAction":[{"@type":"SearchAction","target":{"@type":"EntryPoint","urlTemplate":"https:\/\/atana.pl\/?s={search_term_string}"},"query-input":{"@type":"PropertyValueSpecification","valueRequired":true,"valueName":"search_term_string"}}],"inLanguage":"en-GB"},{"@type":"Organization","@id":"https:\/\/atana.pl\/#organization","name":"Atana","url":"https:\/\/atana.pl\/","logo":{"@type":"ImageObject","inLanguage":"en-GB","@id":"https:\/\/atana.pl\/#\/schema\/logo\/image\/","url":"","contentUrl":"","caption":"Atana"},"image":{"@id":"https:\/\/atana.pl\/#\/schema\/logo\/image\/"},"sameAs":["https:\/\/www.facebook.com\/atanayachts","https:\/\/www.instagram.com\/atanaboats\/","https:\/\/www.youtube.com\/channel\/UClMMmVqqx17in9QzgxK90Mw"]}]}},"_links":{"self":[{"href":"https:\/\/atana.pl\/en\/wp-json\/wp\/v2\/product\/8587","targetHints":{"allow":["GET"]}}],"collection":[{"href":"https:\/\/atana.pl\/en\/wp-json\/wp\/v2\/product"}],"about":[{"href":"https:\/\/atana.pl\/en\/wp-json\/wp\/v2\/types\/product"}],"wp:featuredmedia":[{"embeddable":true,"href":"https:\/\/atana.pl\/en\/wp-json\/wp\/v2\/media\/8588"}],"wp:attachment":[{"href":"https:\/\/atana.pl\/en\/wp-json\/wp\/v2\/media?parent=8587"}],"wp:term":[{"taxonomy":"product_brand","embeddable":true,"href":"https:\/\/atana.pl\/en\/wp-json\/wp\/v2\/product_brand?post=8587"},{"taxonomy":"product_cat","embeddable":true,"href":"https:\/\/atana.pl\/en\/wp-json\/wp\/v2\/product_cat?post=8587"},{"taxonomy":"product_tag","embeddable":true,"href":"https:\/\/atana.pl\/en\/wp-json\/wp\/v2\/product_tag?post=8587"}],"curies":[{"name":"wp","href":"https:\/\/api.w.org\/{rel}","templated":true}]}}