{"id":8187,"date":"2026-01-20T16:05:18","date_gmt":"2026-01-20T15:05:18","guid":{"rendered":"https:\/\/atana.pl\/?post_type=product&#038;p=8187"},"modified":"2026-01-20T16:11:43","modified_gmt":"2026-01-20T15:11:43","slug":"etui-wodoodporne-apple-iphone-x-xs","status":"publish","type":"product","link":"https:\/\/atana.pl\/en\/online-shop\/armor-x\/etui\/apple\/etui-wodoodporne-apple-iphone-x-xs\/","title":{"rendered":"Etui Wodoodporne Apple iPhone X \/ iPhone Xs"},"content":{"rendered":"<h1 data-start=\"122\" data-end=\"219\">\u2693 Armor-X MX-IPHX-BK \u2013 wodoodporne etui IP68 do iPhone X \/ iPhone XS z X-Mount i karabi\u0144czykiem<\/h1>\n<p data-start=\"239\" data-end=\"596\"><strong data-start=\"239\" data-end=\"261\">Armor-X MX-IPHX-BK<\/strong> to <strong data-start=\"265\" data-end=\"328\">profesjonalne, w pe\u0142ni wodoodporne etui ochronne klasy IP68<\/strong> zaprojektowane dla <strong data-start=\"348\" data-end=\"381\">Apple iPhone X oraz iPhone XS<\/strong>. Model z serii <strong data-start=\"397\" data-end=\"403\">MX<\/strong> zapewnia <strong data-start=\"413\" data-end=\"493\">kompleksow\u0105 ochron\u0119 przed wod\u0105, wstrz\u0105sami, kurzem i ekstremalnymi warunkami<\/strong>, dzi\u0119ki czemu idealnie nadaje si\u0119 do <strong data-start=\"531\" data-end=\"595\">marine, outdooru, sport\u00f3w ekstremalnych oraz pracy terenowej<\/strong>.<\/p>\n<p data-start=\"598\" data-end=\"773\">To rozwi\u0105zanie dla u\u017cytkownik\u00f3w, kt\u00f3rzy potrzebuj\u0105 <strong data-start=\"649\" data-end=\"709\">maksymalnej ochrony smartfona bez utraty funkcjonalno\u015bci<\/strong>, tak\u017ce w \u015brodowiskach wymagaj\u0105cych wysokiej odporno\u015bci sprz\u0119tu.<\/p>\n<hr data-start=\"775\" data-end=\"778\" \/>\n<h2 data-start=\"780\" data-end=\"816\">Ochrona IP68 i standard militarny<\/h2>\n<p data-start=\"818\" data-end=\"832\">Etui zapewnia:<\/p>\n<ul data-start=\"833\" data-end=\"1040\">\n<li data-start=\"833\" data-end=\"904\">\n<p data-start=\"835\" data-end=\"904\"><strong data-start=\"835\" data-end=\"857\">wodoodporno\u015b\u0107 IP68<\/strong> \u2013 zanurzenie do <strong data-start=\"874\" data-end=\"901\">2 metr\u00f3w przez 60 minut<\/strong>,<\/p>\n<\/li>\n<li data-start=\"905\" data-end=\"970\">\n<p data-start=\"907\" data-end=\"970\"><strong data-start=\"907\" data-end=\"948\">odporno\u015b\u0107 na upadki z wysoko\u015bci 1,2 m<\/strong> (MIL-STD-810F-516),<\/p>\n<\/li>\n<li data-start=\"971\" data-end=\"1040\">\n<p data-start=\"973\" data-end=\"1040\">pe\u0142n\u0105 ochron\u0119 przed <strong data-start=\"993\" data-end=\"1039\">kurzem, piaskiem, \u015bniegiem, b\u0142otem i lodem<\/strong>.<\/p>\n<\/li>\n<\/ul>\n<p data-start=\"1042\" data-end=\"1139\">Zintegrowana <strong data-start=\"1055\" data-end=\"1072\">os\u0142ona ekranu<\/strong> gwarantuje pe\u0142n\u0105 ochron\u0119 dotyku przy zachowaniu wysokiej czu\u0142o\u015bci.<\/p>\n<hr data-start=\"1141\" data-end=\"1144\" \/>\n<h2 data-start=\"1146\" data-end=\"1174\">Smuk\u0142a konstrukcja rugged<\/h2>\n<ul data-start=\"1176\" data-end=\"1490\">\n<li data-start=\"1176\" data-end=\"1244\">\n<p data-start=\"1178\" data-end=\"1244\">Wbudowana os\u0142ona ekranu zapewniaj\u0105ca <strong data-start=\"1215\" data-end=\"1241\">pe\u0142n\u0105 ochron\u0119 dotykow\u0105<\/strong>,<\/p>\n<\/li>\n<li data-start=\"1245\" data-end=\"1306\">\n<p data-start=\"1247\" data-end=\"1306\">Swobodny dost\u0119p do przycisk\u00f3w, port\u00f3w i z\u0142\u0105cza \u0142adowania,<\/p>\n<\/li>\n<li data-start=\"1307\" data-end=\"1395\">\n<p data-start=\"1309\" data-end=\"1395\">Precyzyjnie uszczelnione klapki i <strong data-start=\"1343\" data-end=\"1362\">tactile buttons<\/strong> zapewniaj\u0105ce wyra\u017any feedback,<\/p>\n<\/li>\n<li data-start=\"1396\" data-end=\"1490\">\n<p data-start=\"1398\" data-end=\"1490\">Smuk\u0142y, dopasowany kszta\u0142t zachowuj\u0105cy <strong data-start=\"1437\" data-end=\"1469\">oryginaln\u0105 sylwetk\u0119 telefonu<\/strong> mimo pe\u0142nej ochrony.<\/p>\n<\/li>\n<\/ul>\n<p data-start=\"1492\" data-end=\"1600\">Etui zosta\u0142o zaprojektowane tak, aby <strong data-start=\"1529\" data-end=\"1599\">chroni\u0107 smartfona bez ograniczania jego codziennej funkcjonalno\u015bci<\/strong>.<\/p>\n<hr data-start=\"1602\" data-end=\"1605\" \/>\n<h2 data-start=\"1607\" data-end=\"1637\">Zintegrowany system X-Mount<\/h2>\n<p data-start=\"1639\" data-end=\"1754\">Wbudowany <strong data-start=\"1649\" data-end=\"1668\">adapter X-Mount<\/strong> umo\u017cliwia szybkie i bezpieczne mocowanie telefonu do szerokiej gamy uchwyt\u00f3w Armor-X:<\/p>\n<ul data-start=\"1755\" data-end=\"1875\">\n<li data-start=\"1755\" data-end=\"1793\">\n<p data-start=\"1757\" data-end=\"1793\">uchwyt\u00f3w jachtowych i relingowych,<\/p>\n<\/li>\n<li data-start=\"1794\" data-end=\"1834\">\n<p data-start=\"1796\" data-end=\"1834\">uchwyt\u00f3w rowerowych i motocyklowych,<\/p>\n<\/li>\n<li data-start=\"1835\" data-end=\"1875\">\n<p data-start=\"1837\" data-end=\"1875\">uchwyt\u00f3w samochodowych i outdoorowych.<\/p>\n<\/li>\n<\/ul>\n<p data-start=\"1877\" data-end=\"1923\">Dzi\u0119ki temu iPhone X \/ XS mo\u017ce pe\u0142ni\u0107 funkcj\u0119:<\/p>\n<ul data-start=\"1924\" data-end=\"2040\">\n<li data-start=\"1924\" data-end=\"1946\">\n<p data-start=\"1926\" data-end=\"1946\"><strong data-start=\"1926\" data-end=\"1943\">nawigacji GPS<\/strong>,<\/p>\n<\/li>\n<li data-start=\"1947\" data-end=\"1977\">\n<p data-start=\"1949\" data-end=\"1977\"><strong data-start=\"1949\" data-end=\"1974\">plotera nawigacyjnego<\/strong>,<\/p>\n<\/li>\n<li data-start=\"1978\" data-end=\"2003\">\n<p data-start=\"1980\" data-end=\"2003\"><strong data-start=\"1980\" data-end=\"2000\">ekranu roboczego<\/strong>,<\/p>\n<\/li>\n<li data-start=\"2004\" data-end=\"2040\">\n<p data-start=\"2006\" data-end=\"2040\"><strong data-start=\"2006\" data-end=\"2039\">centrum komunikacji w terenie<\/strong>.<\/p>\n<\/li>\n<\/ul>\n<hr data-start=\"2042\" data-end=\"2045\" \/>\n<h2 data-start=\"2047\" data-end=\"2088\">System ActiveKEY i mobilno\u015b\u0107 w terenie<\/h2>\n<p data-start=\"2090\" data-end=\"2185\">Etui wyposa\u017cono w <strong data-start=\"2108\" data-end=\"2128\">system ActiveKEY<\/strong> z <strong data-start=\"2131\" data-end=\"2177\">rozszerzonym zestawem narz\u0119dzi (7 modu\u0142\u00f3w)<\/strong>, w tym:<\/p>\n<ul data-start=\"2186\" data-end=\"2262\">\n<li data-start=\"2186\" data-end=\"2209\">\n<p data-start=\"2188\" data-end=\"2209\">uchwyt magnetyczny,<\/p>\n<\/li>\n<li data-start=\"2210\" data-end=\"2233\">\n<p data-start=\"2212\" data-end=\"2233\">wysuwacz karty SIM,<\/p>\n<\/li>\n<li data-start=\"2234\" data-end=\"2262\">\n<p data-start=\"2236\" data-end=\"2262\">mini pojemnik narz\u0119dziowy.<\/p>\n<\/li>\n<\/ul>\n<p data-start=\"2264\" data-end=\"2274\">Dodatkowo:<\/p>\n<ul data-start=\"2275\" data-end=\"2418\">\n<li data-start=\"2275\" data-end=\"2338\">\n<p data-start=\"2277\" data-end=\"2338\"><strong data-start=\"2277\" data-end=\"2303\">innowacyjny grip strap<\/strong> zapewnia pewny chwyt jedn\u0105 r\u0119k\u0105,<\/p>\n<\/li>\n<li data-start=\"2339\" data-end=\"2418\">\n<p data-start=\"2341\" data-end=\"2418\"><strong data-start=\"2341\" data-end=\"2374\">uchwyt na pasek i karabi\u0144czyk<\/strong> umo\u017cliwia wygodne przenoszenie w outdoorze.<\/p>\n<\/li>\n<\/ul>\n<p data-start=\"2420\" data-end=\"2501\">\u2714 Kompatybilno\u015b\u0107 z <strong data-start=\"2439\" data-end=\"2468\">\u0142adowaniem bezprzewodowym<\/strong> <em data-start=\"2469\" data-end=\"2500\">(z modu\u0142em SIM \/ Tool holder)<\/em>.<\/p>\n<hr data-start=\"2503\" data-end=\"2506\" \/>\n<h2 data-start=\"2508\" data-end=\"2533\">Kompatybilno\u015b\u0107 i uwagi<\/h2>\n<p data-start=\"2535\" data-end=\"2614\">\u2714 Apple <strong data-start=\"2543\" data-end=\"2555\">iPhone X<\/strong><br data-start=\"2555\" data-end=\"2558\" \/>\u2714 Apple <strong data-start=\"2566\" data-end=\"2579\">iPhone XS<\/strong><br data-start=\"2579\" data-end=\"2582\" \/>\u2714 Oryginalny produkt <strong data-start=\"2603\" data-end=\"2614\">Armor-X<\/strong><\/p>\n<p data-start=\"2616\" data-end=\"2717\">\u26a0 Uchwyty X-Mount (rowerowe, klipsy, opaski) <strong data-start=\"2661\" data-end=\"2692\">nie s\u0105 do\u0142\u0105czone do zestawu<\/strong> i sprzedawane s\u0105 osobno.<\/p>\n<hr data-start=\"2719\" data-end=\"2722\" \/>\n<h2 data-start=\"2724\" data-end=\"2738\">Idealne do:<\/h2>\n<ul data-start=\"2740\" data-end=\"2911\">\n<li data-start=\"2740\" data-end=\"2771\">\n<p data-start=\"2742\" data-end=\"2771\">\u0141odzi motorowych i jacht\u00f3w.<\/p>\n<\/li>\n<li data-start=\"2772\" data-end=\"2806\">\n<p data-start=\"2774\" data-end=\"2806\">\u017beglarstwa i turystyki wodnej.<\/p>\n<\/li>\n<li data-start=\"2807\" data-end=\"2844\">\n<p data-start=\"2809\" data-end=\"2844\">Outdooru i sport\u00f3w ekstremalnych.<\/p>\n<\/li>\n<li data-start=\"2845\" data-end=\"2878\">\n<p data-start=\"2847\" data-end=\"2878\">Pracy terenowej i serwisowej.<\/p>\n<\/li>\n<li data-start=\"2879\" data-end=\"2911\">\n<p data-start=\"2881\" data-end=\"2911\">Codziennego u\u017cytkowania EDC.<\/p>\n<\/li>\n<\/ul>","protected":false},"excerpt":{"rendered":"<p data-start=\"3389\" data-end=\"3477\">Wodoodporne etui Armor-X MX IP68 do iPhone X \/ XS z X-Mount, ActiveKEY i karabi\u0144czykiem.<\/p>","protected":false},"featured_media":8184,"template":"","meta":{"_acf_changed":false},"product_brand":[],"product_cat":[1310,1307,1308],"product_tag":[1445,1316,1526,1553,1554,1523,1323,1320,1435,1434,1552,1318],"class_list":{"0":"post-8187","1":"product","2":"type-product","3":"status-publish","4":"has-post-thumbnail","6":"product_cat-apple","7":"product_cat-armor-x","8":"product_cat-etui","9":"product_tag-activekey","10":"product_tag-armor-x","11":"product_tag-etui-ip68-iphone","12":"product_tag-etui-iphone-x","13":"product_tag-etui-iphone-xs","14":"product_tag-etui-marine-iphone","15":"product_tag-etui-outdoor-iphone","16":"product_tag-etui-rugged-iphone","17":"product_tag-etui-x-mount","18":"product_tag-etui-z-karabinczykiem","19":"product_tag-mx-iphx-bk","20":"product_tag-wodoodporne-etui-iphone","22":"first","23":"instock","24":"taxable","25":"shipping-taxable","26":"purchasable","27":"product-type-simple"},"acf":[],"yoast_head":"<!-- This site is optimized with the Yoast SEO plugin v25.2 - https:\/\/yoast.com\/wordpress\/plugins\/seo\/ -->\n<title>Etui Wodoodporne Apple iPhone X \/ iPhone Xs - Atana<\/title>\n<meta name=\"description\" content=\"Wodoodporne etui Armor-X MX IP68 do iPhone X i XS. Ochrona rugged z X-Mount do marine i outdooru. Kompatybilne z uchwytami X-Mount\" \/>\n<meta name=\"robots\" content=\"index, follow, max-snippet:-1, max-image-preview:large, max-video-preview:-1\" \/>\n<link rel=\"canonical\" href=\"https:\/\/atana.pl\/en\/online-shop\/armor-x\/etui\/apple\/etui-wodoodporne-apple-iphone-x-xs\/\" \/>\n<meta property=\"og:locale\" content=\"en_GB\" \/>\n<meta property=\"og:type\" content=\"article\" \/>\n<meta property=\"og:title\" content=\"Etui Wodoodporne Apple iPhone X \/ iPhone Xs - Atana\" \/>\n<meta property=\"og:description\" content=\"Wodoodporne etui Armor-X MX IP68 do iPhone X i XS. Ochrona rugged z X-Mount do marine i outdooru. Kompatybilne z uchwytami X-Mount\" \/>\n<meta property=\"og:url\" content=\"https:\/\/atana.pl\/en\/online-shop\/armor-x\/etui\/apple\/etui-wodoodporne-apple-iphone-x-xs\/\" \/>\n<meta property=\"og:site_name\" content=\"Atana\" \/>\n<meta property=\"article:publisher\" content=\"https:\/\/www.facebook.com\/atanayachts\" \/>\n<meta property=\"article:modified_time\" content=\"2026-01-20T15:11:43+00:00\" \/>\n<meta property=\"og:image\" content=\"https:\/\/atana.pl\/wp-content\/uploads\/1967\/01\/mx-iphx_iphone-x-armor-x-armorx-ip68-waterproof-shockproof-rugged-case-cases-cover-with-carabiner_3_3.webp\" \/>\n\t<meta property=\"og:image:width\" content=\"1000\" \/>\n\t<meta property=\"og:image:height\" content=\"1000\" \/>\n\t<meta property=\"og:image:type\" content=\"image\/webp\" \/>\n<meta name=\"twitter:card\" content=\"summary_large_image\" \/>\n<meta name=\"twitter:label1\" content=\"Estimated reading time\" \/>\n\t<meta name=\"twitter:data1\" content=\"2 minutes\" \/>\n<script type=\"application\/ld+json\" class=\"yoast-schema-graph\">{\"@context\":\"https:\/\/schema.org\",\"@graph\":[{\"@type\":\"WebPage\",\"@id\":\"https:\/\/atana.pl\/sklep-on-line\/armor-x\/etui\/apple\/etui-wodoodporne-apple-iphone-x-xs\/\",\"url\":\"https:\/\/atana.pl\/sklep-on-line\/armor-x\/etui\/apple\/etui-wodoodporne-apple-iphone-x-xs\/\",\"name\":\"Etui Wodoodporne Apple iPhone X \/ iPhone Xs - Atana\",\"isPartOf\":{\"@id\":\"https:\/\/atana.pl\/#website\"},\"primaryImageOfPage\":{\"@id\":\"https:\/\/atana.pl\/sklep-on-line\/armor-x\/etui\/apple\/etui-wodoodporne-apple-iphone-x-xs\/#primaryimage\"},\"image\":{\"@id\":\"https:\/\/atana.pl\/sklep-on-line\/armor-x\/etui\/apple\/etui-wodoodporne-apple-iphone-x-xs\/#primaryimage\"},\"thumbnailUrl\":\"https:\/\/atana.pl\/wp-content\/uploads\/1967\/01\/mx-iphx_iphone-x-armor-x-armorx-ip68-waterproof-shockproof-rugged-case-cases-cover-with-carabiner_3_3.webp\",\"datePublished\":\"2026-01-20T15:05:18+00:00\",\"dateModified\":\"2026-01-20T15:11:43+00:00\",\"description\":\"Wodoodporne etui Armor-X MX IP68 do iPhone X i XS. Ochrona rugged z X-Mount do marine i outdooru. Kompatybilne z uchwytami X-Mount\",\"breadcrumb\":{\"@id\":\"https:\/\/atana.pl\/sklep-on-line\/armor-x\/etui\/apple\/etui-wodoodporne-apple-iphone-x-xs\/#breadcrumb\"},\"inLanguage\":\"en-GB\",\"potentialAction\":[{\"@type\":\"ReadAction\",\"target\":[\"https:\/\/atana.pl\/sklep-on-line\/armor-x\/etui\/apple\/etui-wodoodporne-apple-iphone-x-xs\/\"]}]},{\"@type\":\"ImageObject\",\"inLanguage\":\"en-GB\",\"@id\":\"https:\/\/atana.pl\/sklep-on-line\/armor-x\/etui\/apple\/etui-wodoodporne-apple-iphone-x-xs\/#primaryimage\",\"url\":\"https:\/\/atana.pl\/wp-content\/uploads\/1967\/01\/mx-iphx_iphone-x-armor-x-armorx-ip68-waterproof-shockproof-rugged-case-cases-cover-with-carabiner_3_3.webp\",\"contentUrl\":\"https:\/\/atana.pl\/wp-content\/uploads\/1967\/01\/mx-iphx_iphone-x-armor-x-armorx-ip68-waterproof-shockproof-rugged-case-cases-cover-with-carabiner_3_3.webp\",\"width\":1000,\"height\":1000,\"caption\":\"mx iphx iphone x armor x armorx ip68 waterproof shockproof rugged case cases cover with carabiner 3 3\"},{\"@type\":\"BreadcrumbList\",\"@id\":\"https:\/\/atana.pl\/sklep-on-line\/armor-x\/etui\/apple\/etui-wodoodporne-apple-iphone-x-xs\/#breadcrumb\",\"itemListElement\":[{\"@type\":\"ListItem\",\"position\":1,\"name\":\"Strona g\u0142\u00f3wna\",\"item\":\"https:\/\/atana.pl\/\"},{\"@type\":\"ListItem\",\"position\":2,\"name\":\"Sklep on-line\",\"item\":\"https:\/\/atana.pl\/sklep-on-line\/\"},{\"@type\":\"ListItem\",\"position\":3,\"name\":\"Etui Wodoodporne Apple iPhone X \/ iPhone Xs\"}]},{\"@type\":\"WebSite\",\"@id\":\"https:\/\/atana.pl\/#website\",\"url\":\"https:\/\/atana.pl\/\",\"name\":\"Atana\",\"description\":\"Akcesoria do \u0142odzi, kamper\u00f3w i przyczep. \u0141odzie motorowe\",\"publisher\":{\"@id\":\"https:\/\/atana.pl\/#organization\"},\"potentialAction\":[{\"@type\":\"SearchAction\",\"target\":{\"@type\":\"EntryPoint\",\"urlTemplate\":\"https:\/\/atana.pl\/?s={search_term_string}\"},\"query-input\":{\"@type\":\"PropertyValueSpecification\",\"valueRequired\":true,\"valueName\":\"search_term_string\"}}],\"inLanguage\":\"en-GB\"},{\"@type\":\"Organization\",\"@id\":\"https:\/\/atana.pl\/#organization\",\"name\":\"Atana\",\"url\":\"https:\/\/atana.pl\/\",\"logo\":{\"@type\":\"ImageObject\",\"inLanguage\":\"en-GB\",\"@id\":\"https:\/\/atana.pl\/#\/schema\/logo\/image\/\",\"url\":\"\",\"contentUrl\":\"\",\"caption\":\"Atana\"},\"image\":{\"@id\":\"https:\/\/atana.pl\/#\/schema\/logo\/image\/\"},\"sameAs\":[\"https:\/\/www.facebook.com\/atanayachts\",\"https:\/\/www.instagram.com\/atanaboats\/\",\"https:\/\/www.youtube.com\/channel\/UClMMmVqqx17in9QzgxK90Mw\"]}]}<\/script>\n<!-- \/ Yoast SEO plugin. -->","yoast_head_json":{"title":"Etui Wodoodporne Apple iPhone X \/ iPhone Xs - Atana","description":"Wodoodporne etui Armor-X MX IP68 do iPhone X i XS. Ochrona rugged z X-Mount do marine i outdooru. Kompatybilne z uchwytami X-Mount","robots":{"index":"index","follow":"follow","max-snippet":"max-snippet:-1","max-image-preview":"max-image-preview:large","max-video-preview":"max-video-preview:-1"},"canonical":"https:\/\/atana.pl\/en\/online-shop\/armor-x\/etui\/apple\/etui-wodoodporne-apple-iphone-x-xs\/","og_locale":"en_GB","og_type":"article","og_title":"Etui Wodoodporne Apple iPhone X \/ iPhone Xs - Atana","og_description":"Wodoodporne etui Armor-X MX IP68 do iPhone X i XS. Ochrona rugged z X-Mount do marine i outdooru. Kompatybilne z uchwytami X-Mount","og_url":"https:\/\/atana.pl\/en\/online-shop\/armor-x\/etui\/apple\/etui-wodoodporne-apple-iphone-x-xs\/","og_site_name":"Atana","article_publisher":"https:\/\/www.facebook.com\/atanayachts","article_modified_time":"2026-01-20T15:11:43+00:00","og_image":[{"width":1000,"height":1000,"url":"https:\/\/atana.pl\/wp-content\/uploads\/1967\/01\/mx-iphx_iphone-x-armor-x-armorx-ip68-waterproof-shockproof-rugged-case-cases-cover-with-carabiner_3_3.webp","type":"image\/webp"}],"twitter_card":"summary_large_image","twitter_misc":{"Estimated reading time":"2 minutes"},"schema":{"@context":"https:\/\/schema.org","@graph":[{"@type":"WebPage","@id":"https:\/\/atana.pl\/sklep-on-line\/armor-x\/etui\/apple\/etui-wodoodporne-apple-iphone-x-xs\/","url":"https:\/\/atana.pl\/sklep-on-line\/armor-x\/etui\/apple\/etui-wodoodporne-apple-iphone-x-xs\/","name":"Etui Wodoodporne Apple iPhone X \/ iPhone Xs - Atana","isPartOf":{"@id":"https:\/\/atana.pl\/#website"},"primaryImageOfPage":{"@id":"https:\/\/atana.pl\/sklep-on-line\/armor-x\/etui\/apple\/etui-wodoodporne-apple-iphone-x-xs\/#primaryimage"},"image":{"@id":"https:\/\/atana.pl\/sklep-on-line\/armor-x\/etui\/apple\/etui-wodoodporne-apple-iphone-x-xs\/#primaryimage"},"thumbnailUrl":"https:\/\/atana.pl\/wp-content\/uploads\/1967\/01\/mx-iphx_iphone-x-armor-x-armorx-ip68-waterproof-shockproof-rugged-case-cases-cover-with-carabiner_3_3.webp","datePublished":"2026-01-20T15:05:18+00:00","dateModified":"2026-01-20T15:11:43+00:00","description":"Wodoodporne etui Armor-X MX IP68 do iPhone X i XS. Ochrona rugged z X-Mount do marine i outdooru. Kompatybilne z uchwytami X-Mount","breadcrumb":{"@id":"https:\/\/atana.pl\/sklep-on-line\/armor-x\/etui\/apple\/etui-wodoodporne-apple-iphone-x-xs\/#breadcrumb"},"inLanguage":"en-GB","potentialAction":[{"@type":"ReadAction","target":["https:\/\/atana.pl\/sklep-on-line\/armor-x\/etui\/apple\/etui-wodoodporne-apple-iphone-x-xs\/"]}]},{"@type":"ImageObject","inLanguage":"en-GB","@id":"https:\/\/atana.pl\/sklep-on-line\/armor-x\/etui\/apple\/etui-wodoodporne-apple-iphone-x-xs\/#primaryimage","url":"https:\/\/atana.pl\/wp-content\/uploads\/1967\/01\/mx-iphx_iphone-x-armor-x-armorx-ip68-waterproof-shockproof-rugged-case-cases-cover-with-carabiner_3_3.webp","contentUrl":"https:\/\/atana.pl\/wp-content\/uploads\/1967\/01\/mx-iphx_iphone-x-armor-x-armorx-ip68-waterproof-shockproof-rugged-case-cases-cover-with-carabiner_3_3.webp","width":1000,"height":1000,"caption":"mx iphx iphone x armor x armorx ip68 waterproof shockproof rugged case cases cover with carabiner 3 3"},{"@type":"BreadcrumbList","@id":"https:\/\/atana.pl\/sklep-on-line\/armor-x\/etui\/apple\/etui-wodoodporne-apple-iphone-x-xs\/#breadcrumb","itemListElement":[{"@type":"ListItem","position":1,"name":"Strona g\u0142\u00f3wna","item":"https:\/\/atana.pl\/"},{"@type":"ListItem","position":2,"name":"Sklep on-line","item":"https:\/\/atana.pl\/sklep-on-line\/"},{"@type":"ListItem","position":3,"name":"Etui Wodoodporne Apple iPhone X \/ iPhone Xs"}]},{"@type":"WebSite","@id":"https:\/\/atana.pl\/#website","url":"https:\/\/atana.pl\/","name":"Atana","description":"Akcesoria do \u0142odzi, kamper\u00f3w i przyczep. \u0141odzie motorowe","publisher":{"@id":"https:\/\/atana.pl\/#organization"},"potentialAction":[{"@type":"SearchAction","target":{"@type":"EntryPoint","urlTemplate":"https:\/\/atana.pl\/?s={search_term_string}"},"query-input":{"@type":"PropertyValueSpecification","valueRequired":true,"valueName":"search_term_string"}}],"inLanguage":"en-GB"},{"@type":"Organization","@id":"https:\/\/atana.pl\/#organization","name":"Atana","url":"https:\/\/atana.pl\/","logo":{"@type":"ImageObject","inLanguage":"en-GB","@id":"https:\/\/atana.pl\/#\/schema\/logo\/image\/","url":"","contentUrl":"","caption":"Atana"},"image":{"@id":"https:\/\/atana.pl\/#\/schema\/logo\/image\/"},"sameAs":["https:\/\/www.facebook.com\/atanayachts","https:\/\/www.instagram.com\/atanaboats\/","https:\/\/www.youtube.com\/channel\/UClMMmVqqx17in9QzgxK90Mw"]}]}},"_links":{"self":[{"href":"https:\/\/atana.pl\/en\/wp-json\/wp\/v2\/product\/8187","targetHints":{"allow":["GET"]}}],"collection":[{"href":"https:\/\/atana.pl\/en\/wp-json\/wp\/v2\/product"}],"about":[{"href":"https:\/\/atana.pl\/en\/wp-json\/wp\/v2\/types\/product"}],"wp:featuredmedia":[{"embeddable":true,"href":"https:\/\/atana.pl\/en\/wp-json\/wp\/v2\/media\/8184"}],"wp:attachment":[{"href":"https:\/\/atana.pl\/en\/wp-json\/wp\/v2\/media?parent=8187"}],"wp:term":[{"taxonomy":"product_brand","embeddable":true,"href":"https:\/\/atana.pl\/en\/wp-json\/wp\/v2\/product_brand?post=8187"},{"taxonomy":"product_cat","embeddable":true,"href":"https:\/\/atana.pl\/en\/wp-json\/wp\/v2\/product_cat?post=8187"},{"taxonomy":"product_tag","embeddable":true,"href":"https:\/\/atana.pl\/en\/wp-json\/wp\/v2\/product_tag?post=8187"}],"curies":[{"name":"wp","href":"https:\/\/api.w.org\/{rel}","templated":true}]}}