{"id":8178,"date":"2026-01-20T15:53:34","date_gmt":"2026-01-20T14:53:34","guid":{"rendered":"https:\/\/atana.pl\/?post_type=product&#038;p=8178"},"modified":"2026-01-20T16:10:14","modified_gmt":"2026-01-20T15:10:14","slug":"etui-wodoodporne-apple-iphone-xs-max","status":"publish","type":"product","link":"https:\/\/atana.pl\/en\/online-shop\/armor-x\/etui\/apple\/etui-wodoodporne-apple-iphone-xs-max\/","title":{"rendered":"Etui Wodoodporne Apple iPhone Xs Max"},"content":{"rendered":"<h1 data-start=\"164\" data-end=\"255\">\u2693 Armor-X MX-IPHXM-BK \u2013 wodoodporne etui IP68 do iPhone XS Max z X-Mount i karabi\u0144czykiem<\/h1>\n<p data-start=\"275\" data-end=\"635\"><strong data-start=\"275\" data-end=\"298\">Armor-X MX-IPHXM-BK<\/strong> to <strong data-start=\"302\" data-end=\"365\">profesjonalne, w pe\u0142ni wodoodporne etui ochronne klasy IP68<\/strong> zaprojektowane specjalnie dla <strong data-start=\"396\" data-end=\"419\">Apple iPhone XS Max<\/strong>. Model z serii <strong data-start=\"435\" data-end=\"441\">MX<\/strong> zapewnia <strong data-start=\"451\" data-end=\"530\">maksymaln\u0105 ochron\u0119 przed wod\u0105, wstrz\u0105sami, kurzem i ekstremalnymi warunkami<\/strong>, dzi\u0119ki czemu doskonale sprawdza si\u0119 w <strong data-start=\"570\" data-end=\"634\">marine, outdoorze, sporcie oraz wymagaj\u0105cym \u015brodowisku pracy<\/strong>.<\/p>\n<p data-start=\"637\" data-end=\"693\">Etui jest szczeg\u00f3lnie polecane do zastosowa\u0144 takich jak:<\/p>\n<ul data-start=\"694\" data-end=\"858\">\n<li data-start=\"694\" data-end=\"730\">\n<p data-start=\"696\" data-end=\"730\"><strong data-start=\"696\" data-end=\"727\">\u017ceglarstwo, \u0142odzie i jachty<\/strong>,<\/p>\n<\/li>\n<li data-start=\"731\" data-end=\"765\">\n<p data-start=\"733\" data-end=\"765\"><strong data-start=\"733\" data-end=\"762\">turystyka wodna i outdoor<\/strong>,<\/p>\n<\/li>\n<li data-start=\"766\" data-end=\"801\">\n<p data-start=\"768\" data-end=\"801\"><strong data-start=\"768\" data-end=\"798\">praca terenowa i serwisowa<\/strong>,<\/p>\n<\/li>\n<li data-start=\"802\" data-end=\"858\">\n<p data-start=\"804\" data-end=\"858\"><strong data-start=\"804\" data-end=\"857\">\u015brodowiska przemys\u0142owe, gastronomiczne i medyczne<\/strong>.<\/p>\n<\/li>\n<\/ul>\n<hr data-start=\"860\" data-end=\"863\" \/>\n<h2 data-start=\"865\" data-end=\"901\">Ochrona IP68 i standard militarny<\/h2>\n<p data-start=\"903\" data-end=\"917\">Etui zapewnia:<\/p>\n<ul data-start=\"918\" data-end=\"1125\">\n<li data-start=\"918\" data-end=\"989\">\n<p data-start=\"920\" data-end=\"989\"><strong data-start=\"920\" data-end=\"942\">wodoodporno\u015b\u0107 IP68<\/strong> \u2013 zanurzenie do <strong data-start=\"959\" data-end=\"986\">2 metr\u00f3w przez 60 minut<\/strong>,<\/p>\n<\/li>\n<li data-start=\"990\" data-end=\"1055\">\n<p data-start=\"992\" data-end=\"1055\"><strong data-start=\"992\" data-end=\"1033\">odporno\u015b\u0107 na upadki z wysoko\u015bci 1,2 m<\/strong> (MIL-STD-810F-516),<\/p>\n<\/li>\n<li data-start=\"1056\" data-end=\"1125\">\n<p data-start=\"1058\" data-end=\"1125\">pe\u0142n\u0105 ochron\u0119 przed <strong data-start=\"1078\" data-end=\"1124\">kurzem, piaskiem, \u015bniegiem, b\u0142otem i lodem<\/strong>.<\/p>\n<\/li>\n<\/ul>\n<p data-start=\"1127\" data-end=\"1260\">Zintegrowana, <strong data-start=\"1141\" data-end=\"1179\">krystalicznie czysta os\u0142ona ekranu<\/strong> umo\u017cliwia obs\u0142ug\u0119 telefonu r\u00f3wnie\u017c w <strong data-start=\"1217\" data-end=\"1259\">r\u0119kawicach ochronnych i chirurgicznych<\/strong>.<\/p>\n<hr data-start=\"1262\" data-end=\"1265\" \/>\n<h2 data-start=\"1267\" data-end=\"1316\">Konstrukcja rugged do intensywnego u\u017cytkowania<\/h2>\n<ul data-start=\"1318\" data-end=\"1601\">\n<li data-start=\"1318\" data-end=\"1372\">\n<p data-start=\"1320\" data-end=\"1372\">Pe\u0142na ochrona <strong data-start=\"1334\" data-end=\"1369\">kraw\u0119dzi i naro\u017cnik\u00f3w smartfona<\/strong>,<\/p>\n<\/li>\n<li data-start=\"1373\" data-end=\"1430\">\n<p data-start=\"1375\" data-end=\"1430\">Podniesione ranty chroni\u0105ce ekran i obiektyw aparatu,<\/p>\n<\/li>\n<li data-start=\"1431\" data-end=\"1479\">\n<p data-start=\"1433\" data-end=\"1479\">Precyzyjne dopasowanie do <strong data-start=\"1459\" data-end=\"1476\">iPhone XS Max<\/strong>,<\/p>\n<\/li>\n<li data-start=\"1480\" data-end=\"1554\">\n<p data-start=\"1482\" data-end=\"1554\">Dok\u0142adne wyci\u0119cia i <strong data-start=\"1502\" data-end=\"1521\">tactile buttons<\/strong> zapewniaj\u0105ce wyra\u017any feedback,<\/p>\n<\/li>\n<li data-start=\"1555\" data-end=\"1601\">\n<p data-start=\"1557\" data-end=\"1601\">Smuk\u0142a forma mimo pe\u0142nej, pancernej ochrony.<\/p>\n<\/li>\n<\/ul>\n<p data-start=\"1603\" data-end=\"1690\">Etui zaprojektowano tak, aby <strong data-start=\"1632\" data-end=\"1689\">chroni\u0107 telefon bez ograniczania jego funkcjonalno\u015bci<\/strong>.<\/p>\n<hr data-start=\"1692\" data-end=\"1695\" \/>\n<h2 data-start=\"1697\" data-end=\"1734\">Zintegrowany system X-Mount TYPE-K<\/h2>\n<p data-start=\"1736\" data-end=\"1856\">Wbudowany <strong data-start=\"1746\" data-end=\"1772\">adapter X-Mount TYPE-K<\/strong> umo\u017cliwia szybkie i stabilne mocowanie telefonu do szerokiej gamy uchwyt\u00f3w Armor-X:<\/p>\n<ul data-start=\"1857\" data-end=\"1962\">\n<li data-start=\"1857\" data-end=\"1890\">\n<p data-start=\"1859\" data-end=\"1890\">uchwyty jachtowe i relingowe,<\/p>\n<\/li>\n<li data-start=\"1891\" data-end=\"1926\">\n<p data-start=\"1893\" data-end=\"1926\">uchwyty rowerowe i motocyklowe,<\/p>\n<\/li>\n<li data-start=\"1927\" data-end=\"1962\">\n<p data-start=\"1929\" data-end=\"1962\">uchwyty samochodowe i outdoorowe.<\/p>\n<\/li>\n<\/ul>\n<p data-start=\"1964\" data-end=\"2010\">Dzi\u0119ki temu iPhone XS Max mo\u017ce pe\u0142ni\u0107 funkcj\u0119:<\/p>\n<ul data-start=\"2011\" data-end=\"2127\">\n<li data-start=\"2011\" data-end=\"2033\">\n<p data-start=\"2013\" data-end=\"2033\"><strong data-start=\"2013\" data-end=\"2030\">nawigacji GPS<\/strong>,<\/p>\n<\/li>\n<li data-start=\"2034\" data-end=\"2064\">\n<p data-start=\"2036\" data-end=\"2064\"><strong data-start=\"2036\" data-end=\"2061\">plotera nawigacyjnego<\/strong>,<\/p>\n<\/li>\n<li data-start=\"2065\" data-end=\"2090\">\n<p data-start=\"2067\" data-end=\"2090\"><strong data-start=\"2067\" data-end=\"2087\">ekranu roboczego<\/strong>,<\/p>\n<\/li>\n<li data-start=\"2091\" data-end=\"2127\">\n<p data-start=\"2093\" data-end=\"2127\"><strong data-start=\"2093\" data-end=\"2126\">centrum komunikacji w terenie<\/strong>.<\/p>\n<\/li>\n<\/ul>\n<hr data-start=\"2129\" data-end=\"2132\" \/>\n<h2 data-start=\"2134\" data-end=\"2175\">System ActiveKEY i mobilno\u015b\u0107 w terenie<\/h2>\n<p data-start=\"2177\" data-end=\"2265\">Etui wyposa\u017cono w <strong data-start=\"2195\" data-end=\"2215\">system ActiveKEY<\/strong>, kt\u00f3ry zawiera <strong data-start=\"2231\" data-end=\"2264\">3 wymienne modu\u0142y narz\u0119dziowe<\/strong>:<\/p>\n<ul data-start=\"2266\" data-end=\"2342\">\n<li data-start=\"2266\" data-end=\"2289\">\n<p data-start=\"2268\" data-end=\"2289\">uchwyt magnetyczny,<\/p>\n<\/li>\n<li data-start=\"2290\" data-end=\"2313\">\n<p data-start=\"2292\" data-end=\"2313\">wysuwacz karty SIM,<\/p>\n<\/li>\n<li data-start=\"2314\" data-end=\"2342\">\n<p data-start=\"2316\" data-end=\"2342\">mini pojemnik narz\u0119dziowy.<\/p>\n<\/li>\n<\/ul>\n<p data-start=\"2344\" data-end=\"2354\">Dodatkowo:<\/p>\n<ul data-start=\"2355\" data-end=\"2487\">\n<li data-start=\"2355\" data-end=\"2423\">\n<p data-start=\"2357\" data-end=\"2423\"><strong data-start=\"2357\" data-end=\"2390\">uchwyt na pasek i karabi\u0144czyk<\/strong> u\u0142atwia transport w outdoorze,<\/p>\n<\/li>\n<li data-start=\"2424\" data-end=\"2487\">\n<p data-start=\"2426\" data-end=\"2487\">mo\u017cliwo\u015b\u0107 przypi\u0119cia telefonu do plecaka, kamizelki lub pasa.<\/p>\n<\/li>\n<\/ul>\n<p data-start=\"2489\" data-end=\"2561\">\u2714 Obs\u0142uga <strong data-start=\"2499\" data-end=\"2528\">\u0142adowania bezprzewodowego<\/strong> <em data-start=\"2529\" data-end=\"2560\">(z modu\u0142em SIM \/ Tool holder)<\/em>.<\/p>\n<hr data-start=\"2563\" data-end=\"2566\" \/>\n<h2 data-start=\"2568\" data-end=\"2604\">Odporno\u015b\u0107 chemiczna i dezynfekcja<\/h2>\n<p data-start=\"2606\" data-end=\"2706\">Etui charakteryzuje si\u0119 <strong data-start=\"2630\" data-end=\"2662\">wysok\u0105 odporno\u015bci\u0105 chemiczn\u0105<\/strong> na standardowe \u015brodki dezynfekuj\u0105ce, w tym:<\/p>\n<ul data-start=\"2707\" data-end=\"2811\">\n<li data-start=\"2707\" data-end=\"2720\">\n<p data-start=\"2709\" data-end=\"2720\">propanol,<\/p>\n<\/li>\n<li data-start=\"2721\" data-end=\"2732\">\n<p data-start=\"2723\" data-end=\"2732\">etanol,<\/p>\n<\/li>\n<li data-start=\"2733\" data-end=\"2758\">\n<p data-start=\"2735\" data-end=\"2758\">chlorek benzalkonium,<\/p>\n<\/li>\n<li data-start=\"2759\" data-end=\"2790\">\n<p data-start=\"2761\" data-end=\"2790\">siarczan etylu mecetronium,<\/p>\n<\/li>\n<li data-start=\"2791\" data-end=\"2811\">\n<p data-start=\"2793\" data-end=\"2811\">kwas undecylenowy.<\/p>\n<\/li>\n<\/ul>\n<p data-start=\"2813\" data-end=\"2887\">Mo\u017cliwe czyszczenie m.in. <strong data-start=\"2839\" data-end=\"2886\">Super Sani-Cloth Germicidal Disposable Wipe<\/strong>.<\/p>\n<hr data-start=\"2889\" data-end=\"2892\" \/>\n<h2 data-start=\"2894\" data-end=\"2919\">Kompatybilno\u015b\u0107 i uwagi<\/h2>\n<p data-start=\"2921\" data-end=\"2981\">\u2714 Apple <strong data-start=\"2929\" data-end=\"2946\">iPhone XS Max<\/strong><br data-start=\"2946\" data-end=\"2949\" \/>\u2714 Oryginalny produkt <strong data-start=\"2970\" data-end=\"2981\">Armor-X<\/strong><\/p>\n<p data-start=\"2983\" data-end=\"3121\">\u26a0 Etui <strong data-start=\"2990\" data-end=\"3016\">nie obs\u0142uguje Touch ID<\/strong>.<br data-start=\"3017\" data-end=\"3020\" \/>\u26a0 Uchwyty X-Mount (rowerowe, klipsy, opaski) <strong data-start=\"3065\" data-end=\"3096\">nie s\u0105 do\u0142\u0105czone do zestawu<\/strong> i sprzedawane s\u0105 osobno.<\/p>\n<hr data-start=\"3123\" data-end=\"3126\" \/>\n<h2 data-start=\"3128\" data-end=\"3142\">Idealne do:<\/h2>\n<ul data-start=\"3144\" data-end=\"3338\">\n<li data-start=\"3144\" data-end=\"3175\">\n<p data-start=\"3146\" data-end=\"3175\">\u0141odzi motorowych i jacht\u00f3w.<\/p>\n<\/li>\n<li data-start=\"3176\" data-end=\"3210\">\n<p data-start=\"3178\" data-end=\"3210\">\u017beglarstwa i turystyki wodnej.<\/p>\n<\/li>\n<li data-start=\"3211\" data-end=\"3248\">\n<p data-start=\"3213\" data-end=\"3248\">Outdooru i sport\u00f3w ekstremalnych.<\/p>\n<\/li>\n<li data-start=\"3249\" data-end=\"3284\">\n<p data-start=\"3251\" data-end=\"3284\">Pracy terenowej i przemys\u0142owej.<\/p>\n<\/li>\n<li data-start=\"3285\" data-end=\"3338\">\n<p data-start=\"3287\" data-end=\"3338\">Gastronomii i \u015brodowisk wymagaj\u0105cych dezynfekcji.<\/p>\n<\/li>\n<\/ul>","protected":false},"excerpt":{"rendered":"<p>Wodoodporne etui Armor-X MX IP68 do iPhone XS Max z X-Mount TYPE-K, ActiveKEY i karabi\u0144czykiem.<\/p>","protected":false},"featured_media":8174,"template":"","meta":{"_acf_changed":false},"product_brand":[],"product_cat":[1310,1307,1308],"product_tag":[1445,1316,1526,1549,1523,1323,1320,1468,1434,1548,1318],"class_list":{"0":"post-8178","1":"product","2":"type-product","3":"status-publish","4":"has-post-thumbnail","6":"product_cat-apple","7":"product_cat-armor-x","8":"product_cat-etui","9":"product_tag-activekey","10":"product_tag-armor-x","11":"product_tag-etui-ip68-iphone","12":"product_tag-etui-iphone-xs-max","13":"product_tag-etui-marine-iphone","14":"product_tag-etui-outdoor-iphone","15":"product_tag-etui-rugged-iphone","16":"product_tag-etui-x-mount-type-k","17":"product_tag-etui-z-karabinczykiem","18":"product_tag-mx-iphx-m-bk","19":"product_tag-wodoodporne-etui-iphone","21":"first","22":"instock","23":"taxable","24":"shipping-taxable","25":"purchasable","26":"product-type-simple"},"acf":[],"yoast_head":"<!-- This site is optimized with the Yoast SEO plugin v25.2 - https:\/\/yoast.com\/wordpress\/plugins\/seo\/ -->\n<title>Etui Wodoodporne Apple iPhone Xs Max - Atana<\/title>\n<meta name=\"description\" content=\"Wodoodporne etui Armor-X MX IP68 do iPhone XS Max. Ochrona rugged z X-Mount do marine i outdooru. Kompatybilne z uchwytami X-Mount\" \/>\n<meta name=\"robots\" content=\"index, follow, max-snippet:-1, max-image-preview:large, max-video-preview:-1\" \/>\n<link rel=\"canonical\" href=\"https:\/\/atana.pl\/en\/online-shop\/armor-x\/etui\/apple\/etui-wodoodporne-apple-iphone-xs-max\/\" \/>\n<meta property=\"og:locale\" content=\"en_GB\" \/>\n<meta property=\"og:type\" content=\"article\" \/>\n<meta property=\"og:title\" content=\"Etui Wodoodporne Apple iPhone Xs Max - Atana\" \/>\n<meta property=\"og:description\" content=\"Wodoodporne etui Armor-X MX IP68 do iPhone XS Max. Ochrona rugged z X-Mount do marine i outdooru. Kompatybilne z uchwytami X-Mount\" \/>\n<meta property=\"og:url\" content=\"https:\/\/atana.pl\/en\/online-shop\/armor-x\/etui\/apple\/etui-wodoodporne-apple-iphone-xs-max\/\" \/>\n<meta property=\"og:site_name\" content=\"Atana\" \/>\n<meta property=\"article:publisher\" content=\"https:\/\/www.facebook.com\/atanayachts\" \/>\n<meta property=\"article:modified_time\" content=\"2026-01-20T15:10:14+00:00\" \/>\n<meta property=\"og:image\" content=\"https:\/\/atana.pl\/wp-content\/uploads\/1967\/01\/mx-iphxm-bk_iphone-xs-max-6.5-armor-x-armorx-ip68-waterproof-shockproof-rugged-case-cases-cover-with-carabiner_3_3.webp\" \/>\n\t<meta property=\"og:image:width\" content=\"1000\" \/>\n\t<meta property=\"og:image:height\" content=\"1000\" \/>\n\t<meta property=\"og:image:type\" content=\"image\/webp\" \/>\n<meta name=\"twitter:card\" content=\"summary_large_image\" \/>\n<meta name=\"twitter:label1\" content=\"Estimated reading time\" \/>\n\t<meta name=\"twitter:data1\" content=\"2 minutes\" \/>\n<script type=\"application\/ld+json\" class=\"yoast-schema-graph\">{\"@context\":\"https:\/\/schema.org\",\"@graph\":[{\"@type\":\"WebPage\",\"@id\":\"https:\/\/atana.pl\/sklep-on-line\/armor-x\/etui\/apple\/etui-wodoodporne-apple-iphone-xs-max\/\",\"url\":\"https:\/\/atana.pl\/sklep-on-line\/armor-x\/etui\/apple\/etui-wodoodporne-apple-iphone-xs-max\/\",\"name\":\"Etui Wodoodporne Apple iPhone Xs Max - Atana\",\"isPartOf\":{\"@id\":\"https:\/\/atana.pl\/#website\"},\"primaryImageOfPage\":{\"@id\":\"https:\/\/atana.pl\/sklep-on-line\/armor-x\/etui\/apple\/etui-wodoodporne-apple-iphone-xs-max\/#primaryimage\"},\"image\":{\"@id\":\"https:\/\/atana.pl\/sklep-on-line\/armor-x\/etui\/apple\/etui-wodoodporne-apple-iphone-xs-max\/#primaryimage\"},\"thumbnailUrl\":\"https:\/\/atana.pl\/wp-content\/uploads\/1967\/01\/mx-iphxm-bk_iphone-xs-max-6.5-armor-x-armorx-ip68-waterproof-shockproof-rugged-case-cases-cover-with-carabiner_3_3.webp\",\"datePublished\":\"2026-01-20T14:53:34+00:00\",\"dateModified\":\"2026-01-20T15:10:14+00:00\",\"description\":\"Wodoodporne etui Armor-X MX IP68 do iPhone XS Max. Ochrona rugged z X-Mount do marine i outdooru. Kompatybilne z uchwytami X-Mount\",\"breadcrumb\":{\"@id\":\"https:\/\/atana.pl\/sklep-on-line\/armor-x\/etui\/apple\/etui-wodoodporne-apple-iphone-xs-max\/#breadcrumb\"},\"inLanguage\":\"en-GB\",\"potentialAction\":[{\"@type\":\"ReadAction\",\"target\":[\"https:\/\/atana.pl\/sklep-on-line\/armor-x\/etui\/apple\/etui-wodoodporne-apple-iphone-xs-max\/\"]}]},{\"@type\":\"ImageObject\",\"inLanguage\":\"en-GB\",\"@id\":\"https:\/\/atana.pl\/sklep-on-line\/armor-x\/etui\/apple\/etui-wodoodporne-apple-iphone-xs-max\/#primaryimage\",\"url\":\"https:\/\/atana.pl\/wp-content\/uploads\/1967\/01\/mx-iphxm-bk_iphone-xs-max-6.5-armor-x-armorx-ip68-waterproof-shockproof-rugged-case-cases-cover-with-carabiner_3_3.webp\",\"contentUrl\":\"https:\/\/atana.pl\/wp-content\/uploads\/1967\/01\/mx-iphxm-bk_iphone-xs-max-6.5-armor-x-armorx-ip68-waterproof-shockproof-rugged-case-cases-cover-with-carabiner_3_3.webp\",\"width\":1000,\"height\":1000,\"caption\":\"mx iphxm bk iphone xs max 6.5 armor x armorx ip68 waterproof shockproof rugged case cases cover with carabiner 3 3\"},{\"@type\":\"BreadcrumbList\",\"@id\":\"https:\/\/atana.pl\/sklep-on-line\/armor-x\/etui\/apple\/etui-wodoodporne-apple-iphone-xs-max\/#breadcrumb\",\"itemListElement\":[{\"@type\":\"ListItem\",\"position\":1,\"name\":\"Strona g\u0142\u00f3wna\",\"item\":\"https:\/\/atana.pl\/\"},{\"@type\":\"ListItem\",\"position\":2,\"name\":\"Sklep on-line\",\"item\":\"https:\/\/atana.pl\/sklep-on-line\/\"},{\"@type\":\"ListItem\",\"position\":3,\"name\":\"Etui Wodoodporne Apple iPhone Xs Max\"}]},{\"@type\":\"WebSite\",\"@id\":\"https:\/\/atana.pl\/#website\",\"url\":\"https:\/\/atana.pl\/\",\"name\":\"Atana\",\"description\":\"Akcesoria do \u0142odzi, kamper\u00f3w i przyczep. \u0141odzie motorowe\",\"publisher\":{\"@id\":\"https:\/\/atana.pl\/#organization\"},\"potentialAction\":[{\"@type\":\"SearchAction\",\"target\":{\"@type\":\"EntryPoint\",\"urlTemplate\":\"https:\/\/atana.pl\/?s={search_term_string}\"},\"query-input\":{\"@type\":\"PropertyValueSpecification\",\"valueRequired\":true,\"valueName\":\"search_term_string\"}}],\"inLanguage\":\"en-GB\"},{\"@type\":\"Organization\",\"@id\":\"https:\/\/atana.pl\/#organization\",\"name\":\"Atana\",\"url\":\"https:\/\/atana.pl\/\",\"logo\":{\"@type\":\"ImageObject\",\"inLanguage\":\"en-GB\",\"@id\":\"https:\/\/atana.pl\/#\/schema\/logo\/image\/\",\"url\":\"\",\"contentUrl\":\"\",\"caption\":\"Atana\"},\"image\":{\"@id\":\"https:\/\/atana.pl\/#\/schema\/logo\/image\/\"},\"sameAs\":[\"https:\/\/www.facebook.com\/atanayachts\",\"https:\/\/www.instagram.com\/atanaboats\/\",\"https:\/\/www.youtube.com\/channel\/UClMMmVqqx17in9QzgxK90Mw\"]}]}<\/script>\n<!-- \/ Yoast SEO plugin. -->","yoast_head_json":{"title":"Etui Wodoodporne Apple iPhone Xs Max - Atana","description":"Wodoodporne etui Armor-X MX IP68 do iPhone XS Max. Ochrona rugged z X-Mount do marine i outdooru. Kompatybilne z uchwytami X-Mount","robots":{"index":"index","follow":"follow","max-snippet":"max-snippet:-1","max-image-preview":"max-image-preview:large","max-video-preview":"max-video-preview:-1"},"canonical":"https:\/\/atana.pl\/en\/online-shop\/armor-x\/etui\/apple\/etui-wodoodporne-apple-iphone-xs-max\/","og_locale":"en_GB","og_type":"article","og_title":"Etui Wodoodporne Apple iPhone Xs Max - Atana","og_description":"Wodoodporne etui Armor-X MX IP68 do iPhone XS Max. Ochrona rugged z X-Mount do marine i outdooru. Kompatybilne z uchwytami X-Mount","og_url":"https:\/\/atana.pl\/en\/online-shop\/armor-x\/etui\/apple\/etui-wodoodporne-apple-iphone-xs-max\/","og_site_name":"Atana","article_publisher":"https:\/\/www.facebook.com\/atanayachts","article_modified_time":"2026-01-20T15:10:14+00:00","og_image":[{"width":1000,"height":1000,"url":"https:\/\/atana.pl\/wp-content\/uploads\/1967\/01\/mx-iphxm-bk_iphone-xs-max-6.5-armor-x-armorx-ip68-waterproof-shockproof-rugged-case-cases-cover-with-carabiner_3_3.webp","type":"image\/webp"}],"twitter_card":"summary_large_image","twitter_misc":{"Estimated reading time":"2 minutes"},"schema":{"@context":"https:\/\/schema.org","@graph":[{"@type":"WebPage","@id":"https:\/\/atana.pl\/sklep-on-line\/armor-x\/etui\/apple\/etui-wodoodporne-apple-iphone-xs-max\/","url":"https:\/\/atana.pl\/sklep-on-line\/armor-x\/etui\/apple\/etui-wodoodporne-apple-iphone-xs-max\/","name":"Etui Wodoodporne Apple iPhone Xs Max - Atana","isPartOf":{"@id":"https:\/\/atana.pl\/#website"},"primaryImageOfPage":{"@id":"https:\/\/atana.pl\/sklep-on-line\/armor-x\/etui\/apple\/etui-wodoodporne-apple-iphone-xs-max\/#primaryimage"},"image":{"@id":"https:\/\/atana.pl\/sklep-on-line\/armor-x\/etui\/apple\/etui-wodoodporne-apple-iphone-xs-max\/#primaryimage"},"thumbnailUrl":"https:\/\/atana.pl\/wp-content\/uploads\/1967\/01\/mx-iphxm-bk_iphone-xs-max-6.5-armor-x-armorx-ip68-waterproof-shockproof-rugged-case-cases-cover-with-carabiner_3_3.webp","datePublished":"2026-01-20T14:53:34+00:00","dateModified":"2026-01-20T15:10:14+00:00","description":"Wodoodporne etui Armor-X MX IP68 do iPhone XS Max. Ochrona rugged z X-Mount do marine i outdooru. Kompatybilne z uchwytami X-Mount","breadcrumb":{"@id":"https:\/\/atana.pl\/sklep-on-line\/armor-x\/etui\/apple\/etui-wodoodporne-apple-iphone-xs-max\/#breadcrumb"},"inLanguage":"en-GB","potentialAction":[{"@type":"ReadAction","target":["https:\/\/atana.pl\/sklep-on-line\/armor-x\/etui\/apple\/etui-wodoodporne-apple-iphone-xs-max\/"]}]},{"@type":"ImageObject","inLanguage":"en-GB","@id":"https:\/\/atana.pl\/sklep-on-line\/armor-x\/etui\/apple\/etui-wodoodporne-apple-iphone-xs-max\/#primaryimage","url":"https:\/\/atana.pl\/wp-content\/uploads\/1967\/01\/mx-iphxm-bk_iphone-xs-max-6.5-armor-x-armorx-ip68-waterproof-shockproof-rugged-case-cases-cover-with-carabiner_3_3.webp","contentUrl":"https:\/\/atana.pl\/wp-content\/uploads\/1967\/01\/mx-iphxm-bk_iphone-xs-max-6.5-armor-x-armorx-ip68-waterproof-shockproof-rugged-case-cases-cover-with-carabiner_3_3.webp","width":1000,"height":1000,"caption":"mx iphxm bk iphone xs max 6.5 armor x armorx ip68 waterproof shockproof rugged case cases cover with carabiner 3 3"},{"@type":"BreadcrumbList","@id":"https:\/\/atana.pl\/sklep-on-line\/armor-x\/etui\/apple\/etui-wodoodporne-apple-iphone-xs-max\/#breadcrumb","itemListElement":[{"@type":"ListItem","position":1,"name":"Strona g\u0142\u00f3wna","item":"https:\/\/atana.pl\/"},{"@type":"ListItem","position":2,"name":"Sklep on-line","item":"https:\/\/atana.pl\/sklep-on-line\/"},{"@type":"ListItem","position":3,"name":"Etui Wodoodporne Apple iPhone Xs Max"}]},{"@type":"WebSite","@id":"https:\/\/atana.pl\/#website","url":"https:\/\/atana.pl\/","name":"Atana","description":"Akcesoria do \u0142odzi, kamper\u00f3w i przyczep. \u0141odzie motorowe","publisher":{"@id":"https:\/\/atana.pl\/#organization"},"potentialAction":[{"@type":"SearchAction","target":{"@type":"EntryPoint","urlTemplate":"https:\/\/atana.pl\/?s={search_term_string}"},"query-input":{"@type":"PropertyValueSpecification","valueRequired":true,"valueName":"search_term_string"}}],"inLanguage":"en-GB"},{"@type":"Organization","@id":"https:\/\/atana.pl\/#organization","name":"Atana","url":"https:\/\/atana.pl\/","logo":{"@type":"ImageObject","inLanguage":"en-GB","@id":"https:\/\/atana.pl\/#\/schema\/logo\/image\/","url":"","contentUrl":"","caption":"Atana"},"image":{"@id":"https:\/\/atana.pl\/#\/schema\/logo\/image\/"},"sameAs":["https:\/\/www.facebook.com\/atanayachts","https:\/\/www.instagram.com\/atanaboats\/","https:\/\/www.youtube.com\/channel\/UClMMmVqqx17in9QzgxK90Mw"]}]}},"_links":{"self":[{"href":"https:\/\/atana.pl\/en\/wp-json\/wp\/v2\/product\/8178","targetHints":{"allow":["GET"]}}],"collection":[{"href":"https:\/\/atana.pl\/en\/wp-json\/wp\/v2\/product"}],"about":[{"href":"https:\/\/atana.pl\/en\/wp-json\/wp\/v2\/types\/product"}],"wp:featuredmedia":[{"embeddable":true,"href":"https:\/\/atana.pl\/en\/wp-json\/wp\/v2\/media\/8174"}],"wp:attachment":[{"href":"https:\/\/atana.pl\/en\/wp-json\/wp\/v2\/media?parent=8178"}],"wp:term":[{"taxonomy":"product_brand","embeddable":true,"href":"https:\/\/atana.pl\/en\/wp-json\/wp\/v2\/product_brand?post=8178"},{"taxonomy":"product_cat","embeddable":true,"href":"https:\/\/atana.pl\/en\/wp-json\/wp\/v2\/product_cat?post=8178"},{"taxonomy":"product_tag","embeddable":true,"href":"https:\/\/atana.pl\/en\/wp-json\/wp\/v2\/product_tag?post=8178"}],"curies":[{"name":"wp","href":"https:\/\/api.w.org\/{rel}","templated":true}]}}