{"id":8173,"date":"2026-01-20T15:46:56","date_gmt":"2026-01-20T14:46:56","guid":{"rendered":"https:\/\/atana.pl\/?post_type=product&#038;p=8173"},"modified":"2026-01-20T15:50:27","modified_gmt":"2026-01-20T14:50:27","slug":"etui-pancerne-apple-iphone-xi-61-2","status":"publish","type":"product","link":"https:\/\/atana.pl\/en\/online-shop\/armor-x\/etui\/apple\/etui-pancerne-apple-iphone-xi-61-2\/","title":{"rendered":"Etui Pancerne Apple iPhone XI &#8211; 6,8&#8243;"},"content":{"rendered":"<h1 data-start=\"173\" data-end=\"251\">\u2693 Armor-X BX3-IPH-11 \u2013 pancerne etui do iPhone 11 z X-Mount i karabi\u0144czykiem<\/h1>\n<p data-start=\"271\" data-end=\"620\"><strong data-start=\"271\" data-end=\"293\">Armor-X BX3-IPH-11<\/strong> to <strong data-start=\"297\" data-end=\"352\">ultrakompaktowe, pancerne etui ochronne typu rugged<\/strong> zaprojektowane specjalnie dla <strong data-start=\"383\" data-end=\"409\">Apple iPhone 11 (6,1&#8243;)<\/strong>. Model nale\u017cy do serii <strong data-start=\"433\" data-end=\"446\">BX-Series<\/strong>, kt\u00f3ra \u0142\u0105czy <strong data-start=\"460\" data-end=\"485\">wysoki poziom ochrony<\/strong>, <strong data-start=\"487\" data-end=\"503\">niski profil<\/strong> oraz <strong data-start=\"509\" data-end=\"545\">transparentny, nowoczesny design<\/strong>, idealny do zastosowa\u0144 <strong data-start=\"569\" data-end=\"619\">marine, outdoor oraz codziennej pracy mobilnej<\/strong>.<\/p>\n<p data-start=\"622\" data-end=\"693\">Etui sprawdzi si\u0119 doskonale u u\u017cytkownik\u00f3w korzystaj\u0105cych ze smartfona:<\/p>\n<ul data-start=\"694\" data-end=\"896\">\n<li data-start=\"694\" data-end=\"725\">\n<p data-start=\"696\" data-end=\"725\">na <strong data-start=\"699\" data-end=\"722\">\u0142odziach i jachtach<\/strong>,<\/p>\n<\/li>\n<li data-start=\"726\" data-end=\"772\">\n<p data-start=\"728\" data-end=\"772\">podczas <strong data-start=\"736\" data-end=\"769\">\u017ceglarstwa i turystyki wodnej<\/strong>,<\/p>\n<\/li>\n<li data-start=\"773\" data-end=\"820\">\n<p data-start=\"775\" data-end=\"820\">w <strong data-start=\"777\" data-end=\"817\">sporcie i aktywno\u015bciach outdoorowych<\/strong>,<\/p>\n<\/li>\n<li data-start=\"821\" data-end=\"860\">\n<p data-start=\"823\" data-end=\"860\">w <strong data-start=\"825\" data-end=\"857\">pracy terenowej i serwisowej<\/strong>,<\/p>\n<\/li>\n<li data-start=\"861\" data-end=\"896\">\n<p data-start=\"863\" data-end=\"896\">w codziennym u\u017cytkowaniu <strong data-start=\"888\" data-end=\"895\">EDC<\/strong>.<\/p>\n<\/li>\n<\/ul>\n<hr data-start=\"898\" data-end=\"901\" \/>\n<h2 data-start=\"903\" data-end=\"937\">Ochrona rugged w smuk\u0142ej formie<\/h2>\n<p data-start=\"939\" data-end=\"979\">Konstrukcja <strong data-start=\"951\" data-end=\"969\">Dual Composite<\/strong> zapewnia:<\/p>\n<ul data-start=\"980\" data-end=\"1137\">\n<li data-start=\"980\" data-end=\"1035\">\n<p data-start=\"982\" data-end=\"1035\">skuteczn\u0105 ochron\u0119 przed <strong data-start=\"1006\" data-end=\"1032\">upadkami i uderzeniami<\/strong>,<\/p>\n<\/li>\n<li data-start=\"1036\" data-end=\"1089\">\n<p data-start=\"1038\" data-end=\"1089\">amortyzacj\u0119 wstrz\u0105s\u00f3w na ca\u0142ym obwodzie telefonu,<\/p>\n<\/li>\n<li data-start=\"1090\" data-end=\"1137\">\n<p data-start=\"1092\" data-end=\"1137\">wzmocnion\u0105 ochron\u0119 <strong data-start=\"1111\" data-end=\"1136\">kraw\u0119dzi i naro\u017cnik\u00f3w<\/strong>.<\/p>\n<\/li>\n<\/ul>\n<p data-start=\"1139\" data-end=\"1293\">Elastyczna <strong data-start=\"1150\" data-end=\"1162\">rama TPU<\/strong> poch\u0142ania energi\u0119 uderze\u0144, a <strong data-start=\"1192\" data-end=\"1218\">ultraprzezroczysty ty\u0142<\/strong> jest odporny na zarysowania i pozwala zachowa\u0107 oryginalny wygl\u0105d iPhone\u2019a.<\/p>\n<hr data-start=\"1295\" data-end=\"1298\" \/>\n<h2 data-start=\"1300\" data-end=\"1346\">Precyzyjne dopasowanie i wygoda u\u017cytkowania<\/h2>\n<ul data-start=\"1348\" data-end=\"1553\">\n<li data-start=\"1348\" data-end=\"1402\">\n<p data-start=\"1350\" data-end=\"1402\">Smuk\u0142a, <strong data-start=\"1358\" data-end=\"1399\">kieszeniowa konstrukcja (low profile)<\/strong>,<\/p>\n<\/li>\n<li data-start=\"1403\" data-end=\"1444\">\n<p data-start=\"1405\" data-end=\"1444\">Idealne dopasowanie do <strong data-start=\"1428\" data-end=\"1441\">iPhone 11<\/strong>,<\/p>\n<\/li>\n<li data-start=\"1445\" data-end=\"1497\">\n<p data-start=\"1447\" data-end=\"1497\">Precyzyjne wyci\u0119cia na porty, g\u0142o\u015bniki i aparat,<\/p>\n<\/li>\n<li data-start=\"1498\" data-end=\"1553\">\n<p data-start=\"1500\" data-end=\"1553\"><strong data-start=\"1500\" data-end=\"1519\">Tactile buttons<\/strong> zapewniaj\u0105ce wyczuwalny feedback.<\/p>\n<\/li>\n<\/ul>\n<p data-start=\"1555\" data-end=\"1627\">Etui nie pogrubia telefonu i pozostaje wygodne w codziennym u\u017cytkowaniu.<\/p>\n<hr data-start=\"1629\" data-end=\"1632\" \/>\n<h2 data-start=\"1634\" data-end=\"1676\">Zintegrowany system X-Mount i ActiveKEY<\/h2>\n<p data-start=\"1678\" data-end=\"1842\">Wbudowany <strong data-start=\"1688\" data-end=\"1707\">adapter X-Mount<\/strong> umo\u017cliwia szybkie i bezpieczne mocowanie telefonu do uchwyt\u00f3w Armor-X (rowerowych, relingowych, samochodowych \u2013 sprzedawanych osobno).<\/p>\n<p data-start=\"1844\" data-end=\"1933\">Etui wyposa\u017cono w <strong data-start=\"1862\" data-end=\"1882\">system ActiveKEY<\/strong>, kt\u00f3ry obejmuje <strong data-start=\"1899\" data-end=\"1932\">3 wymienne modu\u0142y narz\u0119dziowe<\/strong>:<\/p>\n<ul data-start=\"1934\" data-end=\"2010\">\n<li data-start=\"1934\" data-end=\"1957\">\n<p data-start=\"1936\" data-end=\"1957\">uchwyt magnetyczny,<\/p>\n<\/li>\n<li data-start=\"1958\" data-end=\"1981\">\n<p data-start=\"1960\" data-end=\"1981\">wysuwacz karty SIM,<\/p>\n<\/li>\n<li data-start=\"1982\" data-end=\"2010\">\n<p data-start=\"1984\" data-end=\"2010\">mini pojemnik narz\u0119dziowy.<\/p>\n<\/li>\n<\/ul>\n<p data-start=\"2012\" data-end=\"2083\">To praktyczne rozwi\u0105zanie podczas <strong data-start=\"2046\" data-end=\"2082\">rejs\u00f3w, wypraw i pracy w terenie<\/strong>.<\/p>\n<hr data-start=\"2085\" data-end=\"2088\" \/>\n<h2 data-start=\"2090\" data-end=\"2131\">Bezpiecze\u0144stwo i mobilno\u015b\u0107 w outdoorze<\/h2>\n<ul data-start=\"2133\" data-end=\"2327\">\n<li data-start=\"2133\" data-end=\"2189\">\n<p data-start=\"2135\" data-end=\"2189\"><strong data-start=\"2135\" data-end=\"2161\">Innowacyjny grip strap<\/strong> \u2013 pewny chwyt jedn\u0105 r\u0119k\u0105,<\/p>\n<\/li>\n<li data-start=\"2190\" data-end=\"2263\">\n<p data-start=\"2192\" data-end=\"2263\"><strong data-start=\"2192\" data-end=\"2225\">Uchwyt na pasek i karabi\u0144czyk<\/strong> \u2013 idealny do outdooru i \u017ceglarstwa,<\/p>\n<\/li>\n<li data-start=\"2264\" data-end=\"2327\">\n<p data-start=\"2266\" data-end=\"2327\">Mo\u017cliwo\u015b\u0107 przypi\u0119cia telefonu do plecaka, pasa lub kamizelki.<\/p>\n<\/li>\n<\/ul>\n<p data-start=\"2329\" data-end=\"2408\">\u2714 Kompatybilne z <strong data-start=\"2346\" data-end=\"2375\">\u0142adowaniem bezprzewodowym<\/strong> <em data-start=\"2376\" data-end=\"2407\">(z modu\u0142em SIM \/ Tool holder)<\/em>.<\/p>\n<hr data-start=\"2410\" data-end=\"2413\" \/>\n<h2 data-start=\"2415\" data-end=\"2440\">Kompatybilno\u015b\u0107 i uwagi<\/h2>\n<p data-start=\"2442\" data-end=\"2505\">\u2714 Apple <strong data-start=\"2450\" data-end=\"2470\">iPhone 11 (6,1&#8243;)<\/strong><br data-start=\"2470\" data-end=\"2473\" \/>\u2714 Oryginalny produkt <strong data-start=\"2494\" data-end=\"2505\">Armor-X<\/strong><\/p>\n<p data-start=\"2507\" data-end=\"2608\">\u26a0 Uchwyty X-Mount (rowerowe, klipsy, opaski) <strong data-start=\"2552\" data-end=\"2583\">nie s\u0105 do\u0142\u0105czone do zestawu<\/strong> i sprzedawane s\u0105 osobno.<\/p>\n<hr data-start=\"2610\" data-end=\"2613\" \/>\n<h2 data-start=\"2615\" data-end=\"2629\">Idealne do:<\/h2>\n<ul data-start=\"2631\" data-end=\"2788\">\n<li data-start=\"2631\" data-end=\"2662\">\n<p data-start=\"2633\" data-end=\"2662\">\u0141odzi motorowych i jacht\u00f3w.<\/p>\n<\/li>\n<li data-start=\"2663\" data-end=\"2697\">\n<p data-start=\"2665\" data-end=\"2697\">\u017beglarstwa i turystyki wodnej.<\/p>\n<\/li>\n<li data-start=\"2698\" data-end=\"2723\">\n<p data-start=\"2700\" data-end=\"2723\">Sport\u00f3w outdoorowych.<\/p>\n<\/li>\n<li data-start=\"2724\" data-end=\"2755\">\n<p data-start=\"2726\" data-end=\"2755\">Pracy terenowej i mobilnej.<\/p>\n<\/li>\n<li data-start=\"2756\" data-end=\"2788\">\n<p data-start=\"2758\" data-end=\"2788\">Codziennego u\u017cytkowania EDC.<\/p>\n<\/li>\n<\/ul>","protected":false},"excerpt":{"rendered":"<p data-start=\"3239\" data-end=\"3341\">Pancerne etui Armor-X BX3 do iPhone 11 z X-Mount, ActiveKEY i karabi\u0144czykiem do outdooru i \u017ceglarstwa.<\/p>","protected":false},"featured_media":8172,"template":"","meta":{"_acf_changed":false},"product_brand":[],"product_cat":[1310,1307,1308],"product_tag":[1316,1546,1439,1547,1544,1523,1528,1323,1320,1434,1319],"class_list":{"0":"post-8173","1":"product","2":"type-product","3":"status-publish","4":"has-post-thumbnail","6":"product_cat-apple","7":"product_cat-armor-x","8":"product_cat-etui","9":"product_tag-armor-x","10":"product_tag-dx-iph-11-bk","11":"product_tag-etui-do-pracy-w-terenie","12":"product_tag-etui-edc-iphone","13":"product_tag-etui-iphone-11","14":"product_tag-etui-marine-iphone","15":"product_tag-etui-ochronne-iphone","16":"product_tag-etui-outdoor-iphone","17":"product_tag-etui-rugged-iphone","18":"product_tag-etui-z-karabinczykiem","19":"product_tag-pancerne-etui-iphone","21":"first","22":"instock","23":"taxable","24":"shipping-taxable","25":"purchasable","26":"product-type-simple"},"acf":[],"yoast_head":"<!-- This site is optimized with the Yoast SEO plugin v25.2 - https:\/\/yoast.com\/wordpress\/plugins\/seo\/ -->\n<title>Etui Pancerne Apple iPhone XI - 6,8&quot; - Atana<\/title>\n<meta name=\"description\" content=\"Pancerne etui Armor-X BX3 do iPhone 11 z X-Mount i karabi\u0144czykiem. Idealne do marine i outdooru. Kompatybilne z uchwytami X-Mount\" \/>\n<meta name=\"robots\" content=\"index, follow, max-snippet:-1, max-image-preview:large, max-video-preview:-1\" \/>\n<link rel=\"canonical\" href=\"https:\/\/atana.pl\/en\/online-shop\/armor-x\/etui\/apple\/etui-pancerne-apple-iphone-xi-61-2\/\" \/>\n<meta property=\"og:locale\" content=\"en_GB\" \/>\n<meta property=\"og:type\" content=\"article\" \/>\n<meta property=\"og:title\" content=\"Etui Pancerne Apple iPhone XI - 6,8&quot; - Atana\" \/>\n<meta property=\"og:description\" content=\"Pancerne etui Armor-X BX3 do iPhone 11 z X-Mount i karabi\u0144czykiem. Idealne do marine i outdooru. Kompatybilne z uchwytami X-Mount\" \/>\n<meta property=\"og:url\" content=\"https:\/\/atana.pl\/en\/online-shop\/armor-x\/etui\/apple\/etui-pancerne-apple-iphone-xi-61-2\/\" \/>\n<meta property=\"og:site_name\" content=\"Atana\" \/>\n<meta property=\"article:publisher\" content=\"https:\/\/www.facebook.com\/atanayachts\" \/>\n<meta property=\"article:modified_time\" content=\"2026-01-20T14:50:27+00:00\" \/>\n<meta property=\"og:image\" content=\"https:\/\/atana.pl\/wp-content\/uploads\/1967\/01\/dx-iph-11pmx-armorx-2-in-1-shockproof-rugged-case-cases-cover-with-belt-clip-and-carabiner_white-background.webp\" \/>\n\t<meta property=\"og:image:width\" content=\"1000\" \/>\n\t<meta property=\"og:image:height\" content=\"1000\" \/>\n\t<meta property=\"og:image:type\" content=\"image\/webp\" \/>\n<meta name=\"twitter:card\" content=\"summary_large_image\" \/>\n<meta name=\"twitter:label1\" content=\"Estimated reading time\" \/>\n\t<meta name=\"twitter:data1\" content=\"2 minutes\" \/>\n<script type=\"application\/ld+json\" class=\"yoast-schema-graph\">{\"@context\":\"https:\/\/schema.org\",\"@graph\":[{\"@type\":\"WebPage\",\"@id\":\"https:\/\/atana.pl\/sklep-on-line\/armor-x\/etui\/apple\/etui-pancerne-apple-iphone-xi-61-2\/\",\"url\":\"https:\/\/atana.pl\/sklep-on-line\/armor-x\/etui\/apple\/etui-pancerne-apple-iphone-xi-61-2\/\",\"name\":\"Etui Pancerne Apple iPhone XI - 6,8\\\" - Atana\",\"isPartOf\":{\"@id\":\"https:\/\/atana.pl\/#website\"},\"primaryImageOfPage\":{\"@id\":\"https:\/\/atana.pl\/sklep-on-line\/armor-x\/etui\/apple\/etui-pancerne-apple-iphone-xi-61-2\/#primaryimage\"},\"image\":{\"@id\":\"https:\/\/atana.pl\/sklep-on-line\/armor-x\/etui\/apple\/etui-pancerne-apple-iphone-xi-61-2\/#primaryimage\"},\"thumbnailUrl\":\"https:\/\/atana.pl\/wp-content\/uploads\/1967\/01\/dx-iph-11pmx-armorx-2-in-1-shockproof-rugged-case-cases-cover-with-belt-clip-and-carabiner_white-background.webp\",\"datePublished\":\"2026-01-20T14:46:56+00:00\",\"dateModified\":\"2026-01-20T14:50:27+00:00\",\"description\":\"Pancerne etui Armor-X BX3 do iPhone 11 z X-Mount i karabi\u0144czykiem. Idealne do marine i outdooru. Kompatybilne z uchwytami X-Mount\",\"breadcrumb\":{\"@id\":\"https:\/\/atana.pl\/sklep-on-line\/armor-x\/etui\/apple\/etui-pancerne-apple-iphone-xi-61-2\/#breadcrumb\"},\"inLanguage\":\"en-GB\",\"potentialAction\":[{\"@type\":\"ReadAction\",\"target\":[\"https:\/\/atana.pl\/sklep-on-line\/armor-x\/etui\/apple\/etui-pancerne-apple-iphone-xi-61-2\/\"]}]},{\"@type\":\"ImageObject\",\"inLanguage\":\"en-GB\",\"@id\":\"https:\/\/atana.pl\/sklep-on-line\/armor-x\/etui\/apple\/etui-pancerne-apple-iphone-xi-61-2\/#primaryimage\",\"url\":\"https:\/\/atana.pl\/wp-content\/uploads\/1967\/01\/dx-iph-11pmx-armorx-2-in-1-shockproof-rugged-case-cases-cover-with-belt-clip-and-carabiner_white-background.webp\",\"contentUrl\":\"https:\/\/atana.pl\/wp-content\/uploads\/1967\/01\/dx-iph-11pmx-armorx-2-in-1-shockproof-rugged-case-cases-cover-with-belt-clip-and-carabiner_white-background.webp\",\"width\":1000,\"height\":1000,\"caption\":\"dx iph 11pmx armorx 2 in 1 shockproof rugged case cases cover with belt clip and carabiner white background\"},{\"@type\":\"BreadcrumbList\",\"@id\":\"https:\/\/atana.pl\/sklep-on-line\/armor-x\/etui\/apple\/etui-pancerne-apple-iphone-xi-61-2\/#breadcrumb\",\"itemListElement\":[{\"@type\":\"ListItem\",\"position\":1,\"name\":\"Strona g\u0142\u00f3wna\",\"item\":\"https:\/\/atana.pl\/\"},{\"@type\":\"ListItem\",\"position\":2,\"name\":\"Sklep on-line\",\"item\":\"https:\/\/atana.pl\/sklep-on-line\/\"},{\"@type\":\"ListItem\",\"position\":3,\"name\":\"Etui Pancerne Apple iPhone XI &#8211; 6,8&#8243;\"}]},{\"@type\":\"WebSite\",\"@id\":\"https:\/\/atana.pl\/#website\",\"url\":\"https:\/\/atana.pl\/\",\"name\":\"Atana\",\"description\":\"Akcesoria do \u0142odzi, kamper\u00f3w i przyczep. \u0141odzie motorowe\",\"publisher\":{\"@id\":\"https:\/\/atana.pl\/#organization\"},\"potentialAction\":[{\"@type\":\"SearchAction\",\"target\":{\"@type\":\"EntryPoint\",\"urlTemplate\":\"https:\/\/atana.pl\/?s={search_term_string}\"},\"query-input\":{\"@type\":\"PropertyValueSpecification\",\"valueRequired\":true,\"valueName\":\"search_term_string\"}}],\"inLanguage\":\"en-GB\"},{\"@type\":\"Organization\",\"@id\":\"https:\/\/atana.pl\/#organization\",\"name\":\"Atana\",\"url\":\"https:\/\/atana.pl\/\",\"logo\":{\"@type\":\"ImageObject\",\"inLanguage\":\"en-GB\",\"@id\":\"https:\/\/atana.pl\/#\/schema\/logo\/image\/\",\"url\":\"\",\"contentUrl\":\"\",\"caption\":\"Atana\"},\"image\":{\"@id\":\"https:\/\/atana.pl\/#\/schema\/logo\/image\/\"},\"sameAs\":[\"https:\/\/www.facebook.com\/atanayachts\",\"https:\/\/www.instagram.com\/atanaboats\/\",\"https:\/\/www.youtube.com\/channel\/UClMMmVqqx17in9QzgxK90Mw\"]}]}<\/script>\n<!-- \/ Yoast SEO plugin. -->","yoast_head_json":{"title":"Etui Pancerne Apple iPhone XI - 6,8\" - Atana","description":"Pancerne etui Armor-X BX3 do iPhone 11 z X-Mount i karabi\u0144czykiem. Idealne do marine i outdooru. Kompatybilne z uchwytami X-Mount","robots":{"index":"index","follow":"follow","max-snippet":"max-snippet:-1","max-image-preview":"max-image-preview:large","max-video-preview":"max-video-preview:-1"},"canonical":"https:\/\/atana.pl\/en\/online-shop\/armor-x\/etui\/apple\/etui-pancerne-apple-iphone-xi-61-2\/","og_locale":"en_GB","og_type":"article","og_title":"Etui Pancerne Apple iPhone XI - 6,8\" - Atana","og_description":"Pancerne etui Armor-X BX3 do iPhone 11 z X-Mount i karabi\u0144czykiem. Idealne do marine i outdooru. Kompatybilne z uchwytami X-Mount","og_url":"https:\/\/atana.pl\/en\/online-shop\/armor-x\/etui\/apple\/etui-pancerne-apple-iphone-xi-61-2\/","og_site_name":"Atana","article_publisher":"https:\/\/www.facebook.com\/atanayachts","article_modified_time":"2026-01-20T14:50:27+00:00","og_image":[{"width":1000,"height":1000,"url":"https:\/\/atana.pl\/wp-content\/uploads\/1967\/01\/dx-iph-11pmx-armorx-2-in-1-shockproof-rugged-case-cases-cover-with-belt-clip-and-carabiner_white-background.webp","type":"image\/webp"}],"twitter_card":"summary_large_image","twitter_misc":{"Estimated reading time":"2 minutes"},"schema":{"@context":"https:\/\/schema.org","@graph":[{"@type":"WebPage","@id":"https:\/\/atana.pl\/sklep-on-line\/armor-x\/etui\/apple\/etui-pancerne-apple-iphone-xi-61-2\/","url":"https:\/\/atana.pl\/sklep-on-line\/armor-x\/etui\/apple\/etui-pancerne-apple-iphone-xi-61-2\/","name":"Etui Pancerne Apple iPhone XI - 6,8\" - Atana","isPartOf":{"@id":"https:\/\/atana.pl\/#website"},"primaryImageOfPage":{"@id":"https:\/\/atana.pl\/sklep-on-line\/armor-x\/etui\/apple\/etui-pancerne-apple-iphone-xi-61-2\/#primaryimage"},"image":{"@id":"https:\/\/atana.pl\/sklep-on-line\/armor-x\/etui\/apple\/etui-pancerne-apple-iphone-xi-61-2\/#primaryimage"},"thumbnailUrl":"https:\/\/atana.pl\/wp-content\/uploads\/1967\/01\/dx-iph-11pmx-armorx-2-in-1-shockproof-rugged-case-cases-cover-with-belt-clip-and-carabiner_white-background.webp","datePublished":"2026-01-20T14:46:56+00:00","dateModified":"2026-01-20T14:50:27+00:00","description":"Pancerne etui Armor-X BX3 do iPhone 11 z X-Mount i karabi\u0144czykiem. Idealne do marine i outdooru. Kompatybilne z uchwytami X-Mount","breadcrumb":{"@id":"https:\/\/atana.pl\/sklep-on-line\/armor-x\/etui\/apple\/etui-pancerne-apple-iphone-xi-61-2\/#breadcrumb"},"inLanguage":"en-GB","potentialAction":[{"@type":"ReadAction","target":["https:\/\/atana.pl\/sklep-on-line\/armor-x\/etui\/apple\/etui-pancerne-apple-iphone-xi-61-2\/"]}]},{"@type":"ImageObject","inLanguage":"en-GB","@id":"https:\/\/atana.pl\/sklep-on-line\/armor-x\/etui\/apple\/etui-pancerne-apple-iphone-xi-61-2\/#primaryimage","url":"https:\/\/atana.pl\/wp-content\/uploads\/1967\/01\/dx-iph-11pmx-armorx-2-in-1-shockproof-rugged-case-cases-cover-with-belt-clip-and-carabiner_white-background.webp","contentUrl":"https:\/\/atana.pl\/wp-content\/uploads\/1967\/01\/dx-iph-11pmx-armorx-2-in-1-shockproof-rugged-case-cases-cover-with-belt-clip-and-carabiner_white-background.webp","width":1000,"height":1000,"caption":"dx iph 11pmx armorx 2 in 1 shockproof rugged case cases cover with belt clip and carabiner white background"},{"@type":"BreadcrumbList","@id":"https:\/\/atana.pl\/sklep-on-line\/armor-x\/etui\/apple\/etui-pancerne-apple-iphone-xi-61-2\/#breadcrumb","itemListElement":[{"@type":"ListItem","position":1,"name":"Strona g\u0142\u00f3wna","item":"https:\/\/atana.pl\/"},{"@type":"ListItem","position":2,"name":"Sklep on-line","item":"https:\/\/atana.pl\/sklep-on-line\/"},{"@type":"ListItem","position":3,"name":"Etui Pancerne Apple iPhone XI &#8211; 6,8&#8243;"}]},{"@type":"WebSite","@id":"https:\/\/atana.pl\/#website","url":"https:\/\/atana.pl\/","name":"Atana","description":"Akcesoria do \u0142odzi, kamper\u00f3w i przyczep. \u0141odzie motorowe","publisher":{"@id":"https:\/\/atana.pl\/#organization"},"potentialAction":[{"@type":"SearchAction","target":{"@type":"EntryPoint","urlTemplate":"https:\/\/atana.pl\/?s={search_term_string}"},"query-input":{"@type":"PropertyValueSpecification","valueRequired":true,"valueName":"search_term_string"}}],"inLanguage":"en-GB"},{"@type":"Organization","@id":"https:\/\/atana.pl\/#organization","name":"Atana","url":"https:\/\/atana.pl\/","logo":{"@type":"ImageObject","inLanguage":"en-GB","@id":"https:\/\/atana.pl\/#\/schema\/logo\/image\/","url":"","contentUrl":"","caption":"Atana"},"image":{"@id":"https:\/\/atana.pl\/#\/schema\/logo\/image\/"},"sameAs":["https:\/\/www.facebook.com\/atanayachts","https:\/\/www.instagram.com\/atanaboats\/","https:\/\/www.youtube.com\/channel\/UClMMmVqqx17in9QzgxK90Mw"]}]}},"_links":{"self":[{"href":"https:\/\/atana.pl\/en\/wp-json\/wp\/v2\/product\/8173","targetHints":{"allow":["GET"]}}],"collection":[{"href":"https:\/\/atana.pl\/en\/wp-json\/wp\/v2\/product"}],"about":[{"href":"https:\/\/atana.pl\/en\/wp-json\/wp\/v2\/types\/product"}],"wp:featuredmedia":[{"embeddable":true,"href":"https:\/\/atana.pl\/en\/wp-json\/wp\/v2\/media\/8172"}],"wp:attachment":[{"href":"https:\/\/atana.pl\/en\/wp-json\/wp\/v2\/media?parent=8173"}],"wp:term":[{"taxonomy":"product_brand","embeddable":true,"href":"https:\/\/atana.pl\/en\/wp-json\/wp\/v2\/product_brand?post=8173"},{"taxonomy":"product_cat","embeddable":true,"href":"https:\/\/atana.pl\/en\/wp-json\/wp\/v2\/product_cat?post=8173"},{"taxonomy":"product_tag","embeddable":true,"href":"https:\/\/atana.pl\/en\/wp-json\/wp\/v2\/product_tag?post=8173"}],"curies":[{"name":"wp","href":"https:\/\/api.w.org\/{rel}","templated":true}]}}