{"id":8156,"date":"2026-01-20T15:07:15","date_gmt":"2026-01-20T14:07:15","guid":{"rendered":"https:\/\/atana.pl\/?post_type=product&#038;p=8156"},"modified":"2026-01-20T15:37:40","modified_gmt":"2026-01-20T14:37:40","slug":"etui-wodoodporne-apple-iphone-xi-61","status":"publish","type":"product","link":"https:\/\/atana.pl\/en\/online-shop\/armor-x\/etui\/apple\/etui-wodoodporne-apple-iphone-xi-61\/","title":{"rendered":"Etui Wodoodporne Apple iPhone XI &#8211; 6,1&#8243;"},"content":{"rendered":"<h1 data-start=\"133\" data-end=\"218\">\u2693 Armor-X MX-IPH-11 \u2013 wodoodporne etui IP68 do iPhone 11 z X-Mount i karabi\u0144czykiem<\/h1>\n<p data-start=\"238\" data-end=\"583\"><strong data-start=\"238\" data-end=\"259\">Armor-X MX-IPH-11<\/strong> to <strong data-start=\"263\" data-end=\"326\">profesjonalne, w pe\u0142ni wodoodporne etui ochronne klasy IP68<\/strong> zaprojektowane specjalnie dla <strong data-start=\"357\" data-end=\"383\">Apple iPhone 11 (6,1&#8243;)<\/strong>. Etui zapewnia <strong data-start=\"399\" data-end=\"478\">maksymaln\u0105 ochron\u0119 przed wod\u0105, wstrz\u0105sami, kurzem i ekstremalnymi warunkami<\/strong>, dzi\u0119ki czemu doskonale sprawdza si\u0119 w <strong data-start=\"518\" data-end=\"582\">marine, outdoorze, sporcie oraz wymagaj\u0105cym \u015brodowisku pracy<\/strong>.<\/p>\n<p data-start=\"585\" data-end=\"646\">Model ten jest szczeg\u00f3lnie polecany do zastosowa\u0144 takich jak:<\/p>\n<ul data-start=\"647\" data-end=\"811\">\n<li data-start=\"647\" data-end=\"683\">\n<p data-start=\"649\" data-end=\"683\"><strong data-start=\"649\" data-end=\"680\">\u017ceglarstwo, \u0142odzie i jachty<\/strong>,<\/p>\n<\/li>\n<li data-start=\"684\" data-end=\"718\">\n<p data-start=\"686\" data-end=\"718\"><strong data-start=\"686\" data-end=\"715\">turystyka wodna i outdoor<\/strong>,<\/p>\n<\/li>\n<li data-start=\"719\" data-end=\"754\">\n<p data-start=\"721\" data-end=\"754\"><strong data-start=\"721\" data-end=\"751\">praca terenowa i serwisowa<\/strong>,<\/p>\n<\/li>\n<li data-start=\"755\" data-end=\"811\">\n<p data-start=\"757\" data-end=\"811\"><strong data-start=\"757\" data-end=\"810\">\u015brodowiska przemys\u0142owe, gastronomiczne i medyczne<\/strong>.<\/p>\n<\/li>\n<\/ul>\n<hr data-start=\"813\" data-end=\"816\" \/>\n<h2 data-start=\"818\" data-end=\"854\">Ochrona IP68 i standard militarny<\/h2>\n<p data-start=\"856\" data-end=\"870\">Etui zapewnia:<\/p>\n<ul data-start=\"871\" data-end=\"1078\">\n<li data-start=\"871\" data-end=\"942\">\n<p data-start=\"873\" data-end=\"942\"><strong data-start=\"873\" data-end=\"895\">wodoodporno\u015b\u0107 IP68<\/strong> \u2013 zanurzenie do <strong data-start=\"912\" data-end=\"939\">2 metr\u00f3w przez 60 minut<\/strong>,<\/p>\n<\/li>\n<li data-start=\"943\" data-end=\"1008\">\n<p data-start=\"945\" data-end=\"1008\"><strong data-start=\"945\" data-end=\"986\">odporno\u015b\u0107 na upadki z wysoko\u015bci 1,2 m<\/strong> (MIL-STD-810F-516),<\/p>\n<\/li>\n<li data-start=\"1009\" data-end=\"1078\">\n<p data-start=\"1011\" data-end=\"1078\">pe\u0142n\u0105 ochron\u0119 przed <strong data-start=\"1031\" data-end=\"1077\">kurzem, piaskiem, \u015bniegiem, b\u0142otem i lodem<\/strong>.<\/p>\n<\/li>\n<\/ul>\n<p data-start=\"1080\" data-end=\"1211\">Zintegrowana, <strong data-start=\"1094\" data-end=\"1132\">krystalicznie czysta os\u0142ona ekranu<\/strong> umo\u017cliwia obs\u0142ug\u0119 telefonu tak\u017ce w <strong data-start=\"1168\" data-end=\"1210\">r\u0119kawicach ochronnych i chirurgicznych<\/strong>.<\/p>\n<hr data-start=\"1213\" data-end=\"1216\" \/>\n<h2 data-start=\"1218\" data-end=\"1267\">Konstrukcja rugged do intensywnego u\u017cytkowania<\/h2>\n<ul data-start=\"1269\" data-end=\"1548\">\n<li data-start=\"1269\" data-end=\"1323\">\n<p data-start=\"1271\" data-end=\"1323\">Pe\u0142na ochrona <strong data-start=\"1285\" data-end=\"1320\">kraw\u0119dzi i naro\u017cnik\u00f3w smartfona<\/strong>,<\/p>\n<\/li>\n<li data-start=\"1324\" data-end=\"1381\">\n<p data-start=\"1326\" data-end=\"1381\">Podniesione ranty chroni\u0105ce ekran i obiektyw aparatu,<\/p>\n<\/li>\n<li data-start=\"1382\" data-end=\"1426\">\n<p data-start=\"1384\" data-end=\"1426\">Precyzyjne dopasowanie do <strong data-start=\"1410\" data-end=\"1423\">iPhone 11<\/strong>,<\/p>\n<\/li>\n<li data-start=\"1427\" data-end=\"1501\">\n<p data-start=\"1429\" data-end=\"1501\">Dok\u0142adne wyci\u0119cia i <strong data-start=\"1449\" data-end=\"1468\">tactile buttons<\/strong> zapewniaj\u0105ce wyra\u017any feedback,<\/p>\n<\/li>\n<li data-start=\"1502\" data-end=\"1548\">\n<p data-start=\"1504\" data-end=\"1548\">Smuk\u0142a forma mimo pe\u0142nej, pancernej ochrony.<\/p>\n<\/li>\n<\/ul>\n<p data-start=\"1550\" data-end=\"1637\">Etui zaprojektowano tak, aby <strong data-start=\"1579\" data-end=\"1636\">chroni\u0107 telefon bez ograniczania jego funkcjonalno\u015bci<\/strong>.<\/p>\n<hr data-start=\"1639\" data-end=\"1642\" \/>\n<h2 data-start=\"1644\" data-end=\"1681\">Zintegrowany system X-Mount TYPE-K<\/h2>\n<p data-start=\"1683\" data-end=\"1803\">Wbudowany <strong data-start=\"1693\" data-end=\"1719\">adapter X-Mount TYPE-K<\/strong> umo\u017cliwia szybkie i stabilne mocowanie telefonu do szerokiej gamy uchwyt\u00f3w Armor-X:<\/p>\n<ul data-start=\"1804\" data-end=\"1924\">\n<li data-start=\"1804\" data-end=\"1842\">\n<p data-start=\"1806\" data-end=\"1842\">uchwyt\u00f3w jachtowych i relingowych,<\/p>\n<\/li>\n<li data-start=\"1843\" data-end=\"1883\">\n<p data-start=\"1845\" data-end=\"1883\">uchwyt\u00f3w rowerowych i motocyklowych,<\/p>\n<\/li>\n<li data-start=\"1884\" data-end=\"1924\">\n<p data-start=\"1886\" data-end=\"1924\">uchwyt\u00f3w samochodowych i outdoorowych.<\/p>\n<\/li>\n<\/ul>\n<p data-start=\"1926\" data-end=\"1965\">Dzi\u0119ki temu iPhone mo\u017ce pe\u0142ni\u0107 funkcj\u0119:<\/p>\n<ul data-start=\"1966\" data-end=\"2098\">\n<li data-start=\"1966\" data-end=\"1988\">\n<p data-start=\"1968\" data-end=\"1988\"><strong data-start=\"1968\" data-end=\"1985\">nawigacji GPS<\/strong>,<\/p>\n<\/li>\n<li data-start=\"1989\" data-end=\"2019\">\n<p data-start=\"1991\" data-end=\"2019\"><strong data-start=\"1991\" data-end=\"2016\">plotera nawigacyjnego<\/strong>,<\/p>\n<\/li>\n<li data-start=\"2020\" data-end=\"2061\">\n<p data-start=\"2022\" data-end=\"2061\"><strong data-start=\"2022\" data-end=\"2058\">ekranu roboczego lub steruj\u0105cego<\/strong>,<\/p>\n<\/li>\n<li data-start=\"2062\" data-end=\"2098\">\n<p data-start=\"2064\" data-end=\"2098\"><strong data-start=\"2064\" data-end=\"2097\">centrum komunikacji w terenie<\/strong>.<\/p>\n<\/li>\n<\/ul>\n<hr data-start=\"2100\" data-end=\"2103\" \/>\n<h2 data-start=\"2105\" data-end=\"2146\">System ActiveKEY i mobilno\u015b\u0107 w terenie<\/h2>\n<p data-start=\"2148\" data-end=\"2236\">Etui wyposa\u017cono w <strong data-start=\"2166\" data-end=\"2186\">system ActiveKEY<\/strong>, kt\u00f3ry zawiera <strong data-start=\"2202\" data-end=\"2235\">3 wymienne modu\u0142y narz\u0119dziowe<\/strong>:<\/p>\n<ul data-start=\"2237\" data-end=\"2313\">\n<li data-start=\"2237\" data-end=\"2260\">\n<p data-start=\"2239\" data-end=\"2260\">uchwyt magnetyczny,<\/p>\n<\/li>\n<li data-start=\"2261\" data-end=\"2284\">\n<p data-start=\"2263\" data-end=\"2284\">wysuwacz karty SIM,<\/p>\n<\/li>\n<li data-start=\"2285\" data-end=\"2313\">\n<p data-start=\"2287\" data-end=\"2313\">mini pojemnik narz\u0119dziowy.<\/p>\n<\/li>\n<\/ul>\n<p data-start=\"2315\" data-end=\"2325\">Dodatkowo:<\/p>\n<ul data-start=\"2326\" data-end=\"2458\">\n<li data-start=\"2326\" data-end=\"2394\">\n<p data-start=\"2328\" data-end=\"2394\"><strong data-start=\"2328\" data-end=\"2361\">uchwyt na pasek i karabi\u0144czyk<\/strong> u\u0142atwia transport w outdoorze,<\/p>\n<\/li>\n<li data-start=\"2395\" data-end=\"2458\">\n<p data-start=\"2397\" data-end=\"2458\">mo\u017cliwo\u015b\u0107 przypi\u0119cia telefonu do plecaka, kamizelki lub pasa.<\/p>\n<\/li>\n<\/ul>\n<p data-start=\"2460\" data-end=\"2532\">\u2714 Obs\u0142uga <strong data-start=\"2470\" data-end=\"2499\">\u0142adowania bezprzewodowego<\/strong> <em data-start=\"2500\" data-end=\"2531\">(z modu\u0142em SIM \/ Tool holder)<\/em>.<\/p>\n<hr data-start=\"2534\" data-end=\"2537\" \/>\n<h2 data-start=\"2539\" data-end=\"2575\">Odporno\u015b\u0107 chemiczna i dezynfekcja<\/h2>\n<p data-start=\"2577\" data-end=\"2677\">Etui charakteryzuje si\u0119 <strong data-start=\"2601\" data-end=\"2633\">wysok\u0105 odporno\u015bci\u0105 chemiczn\u0105<\/strong> na standardowe \u015brodki dezynfekuj\u0105ce, w tym:<\/p>\n<ul data-start=\"2678\" data-end=\"2782\">\n<li data-start=\"2678\" data-end=\"2691\">\n<p data-start=\"2680\" data-end=\"2691\">propanol,<\/p>\n<\/li>\n<li data-start=\"2692\" data-end=\"2703\">\n<p data-start=\"2694\" data-end=\"2703\">etanol,<\/p>\n<\/li>\n<li data-start=\"2704\" data-end=\"2729\">\n<p data-start=\"2706\" data-end=\"2729\">chlorek benzalkonium,<\/p>\n<\/li>\n<li data-start=\"2730\" data-end=\"2761\">\n<p data-start=\"2732\" data-end=\"2761\">siarczan etylu mecetronium,<\/p>\n<\/li>\n<li data-start=\"2762\" data-end=\"2782\">\n<p data-start=\"2764\" data-end=\"2782\">kwas undecylenowy.<\/p>\n<\/li>\n<\/ul>\n<p data-start=\"2784\" data-end=\"2858\">Mo\u017cliwe czyszczenie m.in. <strong data-start=\"2810\" data-end=\"2857\">Super Sani-Cloth Germicidal Disposable Wipe<\/strong>.<\/p>\n<hr data-start=\"2860\" data-end=\"2863\" \/>\n<h2 data-start=\"2865\" data-end=\"2890\">Kompatybilno\u015b\u0107 i uwagi<\/h2>\n<p data-start=\"2892\" data-end=\"2949\">\u2714 Apple iPhone 11 (6,1&#8243;)<br data-start=\"2916\" data-end=\"2919\" \/>\u2714 Oryginalny produkt Armor-X<\/p>\n<p data-start=\"2951\" data-end=\"3052\">\u26a0 Uchwyty X-Mount (rowerowe, klipsy, opaski) <strong data-start=\"2996\" data-end=\"3027\">nie s\u0105 do\u0142\u0105czone do zestawu<\/strong> i sprzedawane s\u0105 osobno.<\/p>\n<hr data-start=\"3054\" data-end=\"3057\" \/>\n<h2 data-start=\"3059\" data-end=\"3073\">Idealne do:<\/h2>\n<ul data-start=\"3075\" data-end=\"3269\">\n<li data-start=\"3075\" data-end=\"3106\">\n<p data-start=\"3077\" data-end=\"3106\">\u0141odzi motorowych i jacht\u00f3w.<\/p>\n<\/li>\n<li data-start=\"3107\" data-end=\"3141\">\n<p data-start=\"3109\" data-end=\"3141\">\u017beglarstwa i turystyki wodnej.<\/p>\n<\/li>\n<li data-start=\"3142\" data-end=\"3179\">\n<p data-start=\"3144\" data-end=\"3179\">Outdooru i sport\u00f3w ekstremalnych.<\/p>\n<\/li>\n<li data-start=\"3180\" data-end=\"3215\">\n<p data-start=\"3182\" data-end=\"3215\">Pracy terenowej i przemys\u0142owej.<\/p>\n<\/li>\n<li data-start=\"3216\" data-end=\"3269\">\n<p data-start=\"3218\" data-end=\"3269\">Gastronomii i \u015brodowisk wymagaj\u0105cych dezynfekcji.<\/p>\n<\/li>\n<\/ul>","protected":false},"excerpt":{"rendered":"<p>Wodoodporne etui Armor-X MX IP68 do iPhone 11 z X-Mount TYPE-K, ActiveKEY i karabi\u0144czykiem.<\/p>","protected":false},"featured_media":8157,"template":"","meta":{"_acf_changed":false},"product_brand":[],"product_cat":[1310,1307,1308],"product_tag":[1445,1316,1526,1544,1523,1323,1320,1468,1434,1543,1318],"class_list":{"0":"post-8156","1":"product","2":"type-product","3":"status-publish","4":"has-post-thumbnail","6":"product_cat-apple","7":"product_cat-armor-x","8":"product_cat-etui","9":"product_tag-activekey","10":"product_tag-armor-x","11":"product_tag-etui-ip68-iphone","12":"product_tag-etui-iphone-11","13":"product_tag-etui-marine-iphone","14":"product_tag-etui-outdoor-iphone","15":"product_tag-etui-rugged-iphone","16":"product_tag-etui-x-mount-type-k","17":"product_tag-etui-z-karabinczykiem","18":"product_tag-mx-iph-11","19":"product_tag-wodoodporne-etui-iphone","21":"first","22":"instock","23":"taxable","24":"shipping-taxable","25":"purchasable","26":"product-type-simple"},"acf":[],"yoast_head":"<!-- This site is optimized with the Yoast SEO plugin v25.2 - https:\/\/yoast.com\/wordpress\/plugins\/seo\/ -->\n<title>Etui Wodoodporne Apple iPhone XI - 6,1&quot; - Atana<\/title>\n<meta name=\"description\" content=\"Wodoodporne etui Armor-X MX IP68 do iPhone 11. Ochrona rugged z X-Mount do marine i outdooru. Kompatybilne z uchwytami X-Mount\" \/>\n<meta name=\"robots\" content=\"index, follow, max-snippet:-1, max-image-preview:large, max-video-preview:-1\" \/>\n<link rel=\"canonical\" href=\"https:\/\/atana.pl\/en\/online-shop\/armor-x\/etui\/apple\/etui-wodoodporne-apple-iphone-xi-61\/\" \/>\n<meta property=\"og:locale\" content=\"en_GB\" \/>\n<meta property=\"og:type\" content=\"article\" \/>\n<meta property=\"og:title\" content=\"Etui Wodoodporne Apple iPhone XI - 6,1&quot; - Atana\" \/>\n<meta property=\"og:description\" content=\"Wodoodporne etui Armor-X MX IP68 do iPhone 11. Ochrona rugged z X-Mount do marine i outdooru. Kompatybilne z uchwytami X-Mount\" \/>\n<meta property=\"og:url\" content=\"https:\/\/atana.pl\/en\/online-shop\/armor-x\/etui\/apple\/etui-wodoodporne-apple-iphone-xi-61\/\" \/>\n<meta property=\"og:site_name\" content=\"Atana\" \/>\n<meta property=\"article:publisher\" content=\"https:\/\/www.facebook.com\/atanayachts\" \/>\n<meta property=\"article:modified_time\" content=\"2026-01-20T14:37:40+00:00\" \/>\n<meta property=\"og:image\" content=\"https:\/\/atana.pl\/wp-content\/uploads\/1967\/01\/MX-IPH-11-iPhone-11-armor-x-armorx-ip68-waterproof-shockproof-rugged-case-cases-cover-with-carabiner-black-gray_0.webp\" \/>\n\t<meta property=\"og:image:width\" content=\"1000\" \/>\n\t<meta property=\"og:image:height\" content=\"1000\" \/>\n\t<meta property=\"og:image:type\" content=\"image\/webp\" \/>\n<meta name=\"twitter:card\" content=\"summary_large_image\" \/>\n<meta name=\"twitter:label1\" content=\"Estimated reading time\" \/>\n\t<meta name=\"twitter:data1\" content=\"2 minutes\" \/>\n<script type=\"application\/ld+json\" class=\"yoast-schema-graph\">{\"@context\":\"https:\/\/schema.org\",\"@graph\":[{\"@type\":\"WebPage\",\"@id\":\"https:\/\/atana.pl\/sklep-on-line\/armor-x\/etui\/apple\/etui-wodoodporne-apple-iphone-xi-61\/\",\"url\":\"https:\/\/atana.pl\/sklep-on-line\/armor-x\/etui\/apple\/etui-wodoodporne-apple-iphone-xi-61\/\",\"name\":\"Etui Wodoodporne Apple iPhone XI - 6,1\\\" - Atana\",\"isPartOf\":{\"@id\":\"https:\/\/atana.pl\/#website\"},\"primaryImageOfPage\":{\"@id\":\"https:\/\/atana.pl\/sklep-on-line\/armor-x\/etui\/apple\/etui-wodoodporne-apple-iphone-xi-61\/#primaryimage\"},\"image\":{\"@id\":\"https:\/\/atana.pl\/sklep-on-line\/armor-x\/etui\/apple\/etui-wodoodporne-apple-iphone-xi-61\/#primaryimage\"},\"thumbnailUrl\":\"https:\/\/atana.pl\/wp-content\/uploads\/1967\/01\/MX-IPH-11-iPhone-11-armor-x-armorx-ip68-waterproof-shockproof-rugged-case-cases-cover-with-carabiner-black-gray_0.webp\",\"datePublished\":\"2026-01-20T14:07:15+00:00\",\"dateModified\":\"2026-01-20T14:37:40+00:00\",\"description\":\"Wodoodporne etui Armor-X MX IP68 do iPhone 11. Ochrona rugged z X-Mount do marine i outdooru. Kompatybilne z uchwytami X-Mount\",\"breadcrumb\":{\"@id\":\"https:\/\/atana.pl\/sklep-on-line\/armor-x\/etui\/apple\/etui-wodoodporne-apple-iphone-xi-61\/#breadcrumb\"},\"inLanguage\":\"en-GB\",\"potentialAction\":[{\"@type\":\"ReadAction\",\"target\":[\"https:\/\/atana.pl\/sklep-on-line\/armor-x\/etui\/apple\/etui-wodoodporne-apple-iphone-xi-61\/\"]}]},{\"@type\":\"ImageObject\",\"inLanguage\":\"en-GB\",\"@id\":\"https:\/\/atana.pl\/sklep-on-line\/armor-x\/etui\/apple\/etui-wodoodporne-apple-iphone-xi-61\/#primaryimage\",\"url\":\"https:\/\/atana.pl\/wp-content\/uploads\/1967\/01\/MX-IPH-11-iPhone-11-armor-x-armorx-ip68-waterproof-shockproof-rugged-case-cases-cover-with-carabiner-black-gray_0.webp\",\"contentUrl\":\"https:\/\/atana.pl\/wp-content\/uploads\/1967\/01\/MX-IPH-11-iPhone-11-armor-x-armorx-ip68-waterproof-shockproof-rugged-case-cases-cover-with-carabiner-black-gray_0.webp\",\"width\":1000,\"height\":1000,\"caption\":\"MX IPH 11 iPhone 11 armor x armorx ip68 waterproof shockproof rugged case cases cover with carabiner black gray 0\"},{\"@type\":\"BreadcrumbList\",\"@id\":\"https:\/\/atana.pl\/sklep-on-line\/armor-x\/etui\/apple\/etui-wodoodporne-apple-iphone-xi-61\/#breadcrumb\",\"itemListElement\":[{\"@type\":\"ListItem\",\"position\":1,\"name\":\"Strona g\u0142\u00f3wna\",\"item\":\"https:\/\/atana.pl\/\"},{\"@type\":\"ListItem\",\"position\":2,\"name\":\"Sklep on-line\",\"item\":\"https:\/\/atana.pl\/sklep-on-line\/\"},{\"@type\":\"ListItem\",\"position\":3,\"name\":\"Etui Wodoodporne Apple iPhone XI &#8211; 6,1&#8243;\"}]},{\"@type\":\"WebSite\",\"@id\":\"https:\/\/atana.pl\/#website\",\"url\":\"https:\/\/atana.pl\/\",\"name\":\"Atana\",\"description\":\"Akcesoria do \u0142odzi, kamper\u00f3w i przyczep. \u0141odzie motorowe\",\"publisher\":{\"@id\":\"https:\/\/atana.pl\/#organization\"},\"potentialAction\":[{\"@type\":\"SearchAction\",\"target\":{\"@type\":\"EntryPoint\",\"urlTemplate\":\"https:\/\/atana.pl\/?s={search_term_string}\"},\"query-input\":{\"@type\":\"PropertyValueSpecification\",\"valueRequired\":true,\"valueName\":\"search_term_string\"}}],\"inLanguage\":\"en-GB\"},{\"@type\":\"Organization\",\"@id\":\"https:\/\/atana.pl\/#organization\",\"name\":\"Atana\",\"url\":\"https:\/\/atana.pl\/\",\"logo\":{\"@type\":\"ImageObject\",\"inLanguage\":\"en-GB\",\"@id\":\"https:\/\/atana.pl\/#\/schema\/logo\/image\/\",\"url\":\"\",\"contentUrl\":\"\",\"caption\":\"Atana\"},\"image\":{\"@id\":\"https:\/\/atana.pl\/#\/schema\/logo\/image\/\"},\"sameAs\":[\"https:\/\/www.facebook.com\/atanayachts\",\"https:\/\/www.instagram.com\/atanaboats\/\",\"https:\/\/www.youtube.com\/channel\/UClMMmVqqx17in9QzgxK90Mw\"]}]}<\/script>\n<!-- \/ Yoast SEO plugin. -->","yoast_head_json":{"title":"Etui Wodoodporne Apple iPhone XI - 6,1\" - Atana","description":"Wodoodporne etui Armor-X MX IP68 do iPhone 11. Ochrona rugged z X-Mount do marine i outdooru. Kompatybilne z uchwytami X-Mount","robots":{"index":"index","follow":"follow","max-snippet":"max-snippet:-1","max-image-preview":"max-image-preview:large","max-video-preview":"max-video-preview:-1"},"canonical":"https:\/\/atana.pl\/en\/online-shop\/armor-x\/etui\/apple\/etui-wodoodporne-apple-iphone-xi-61\/","og_locale":"en_GB","og_type":"article","og_title":"Etui Wodoodporne Apple iPhone XI - 6,1\" - Atana","og_description":"Wodoodporne etui Armor-X MX IP68 do iPhone 11. Ochrona rugged z X-Mount do marine i outdooru. Kompatybilne z uchwytami X-Mount","og_url":"https:\/\/atana.pl\/en\/online-shop\/armor-x\/etui\/apple\/etui-wodoodporne-apple-iphone-xi-61\/","og_site_name":"Atana","article_publisher":"https:\/\/www.facebook.com\/atanayachts","article_modified_time":"2026-01-20T14:37:40+00:00","og_image":[{"width":1000,"height":1000,"url":"https:\/\/atana.pl\/wp-content\/uploads\/1967\/01\/MX-IPH-11-iPhone-11-armor-x-armorx-ip68-waterproof-shockproof-rugged-case-cases-cover-with-carabiner-black-gray_0.webp","type":"image\/webp"}],"twitter_card":"summary_large_image","twitter_misc":{"Estimated reading time":"2 minutes"},"schema":{"@context":"https:\/\/schema.org","@graph":[{"@type":"WebPage","@id":"https:\/\/atana.pl\/sklep-on-line\/armor-x\/etui\/apple\/etui-wodoodporne-apple-iphone-xi-61\/","url":"https:\/\/atana.pl\/sklep-on-line\/armor-x\/etui\/apple\/etui-wodoodporne-apple-iphone-xi-61\/","name":"Etui Wodoodporne Apple iPhone XI - 6,1\" - Atana","isPartOf":{"@id":"https:\/\/atana.pl\/#website"},"primaryImageOfPage":{"@id":"https:\/\/atana.pl\/sklep-on-line\/armor-x\/etui\/apple\/etui-wodoodporne-apple-iphone-xi-61\/#primaryimage"},"image":{"@id":"https:\/\/atana.pl\/sklep-on-line\/armor-x\/etui\/apple\/etui-wodoodporne-apple-iphone-xi-61\/#primaryimage"},"thumbnailUrl":"https:\/\/atana.pl\/wp-content\/uploads\/1967\/01\/MX-IPH-11-iPhone-11-armor-x-armorx-ip68-waterproof-shockproof-rugged-case-cases-cover-with-carabiner-black-gray_0.webp","datePublished":"2026-01-20T14:07:15+00:00","dateModified":"2026-01-20T14:37:40+00:00","description":"Wodoodporne etui Armor-X MX IP68 do iPhone 11. Ochrona rugged z X-Mount do marine i outdooru. Kompatybilne z uchwytami X-Mount","breadcrumb":{"@id":"https:\/\/atana.pl\/sklep-on-line\/armor-x\/etui\/apple\/etui-wodoodporne-apple-iphone-xi-61\/#breadcrumb"},"inLanguage":"en-GB","potentialAction":[{"@type":"ReadAction","target":["https:\/\/atana.pl\/sklep-on-line\/armor-x\/etui\/apple\/etui-wodoodporne-apple-iphone-xi-61\/"]}]},{"@type":"ImageObject","inLanguage":"en-GB","@id":"https:\/\/atana.pl\/sklep-on-line\/armor-x\/etui\/apple\/etui-wodoodporne-apple-iphone-xi-61\/#primaryimage","url":"https:\/\/atana.pl\/wp-content\/uploads\/1967\/01\/MX-IPH-11-iPhone-11-armor-x-armorx-ip68-waterproof-shockproof-rugged-case-cases-cover-with-carabiner-black-gray_0.webp","contentUrl":"https:\/\/atana.pl\/wp-content\/uploads\/1967\/01\/MX-IPH-11-iPhone-11-armor-x-armorx-ip68-waterproof-shockproof-rugged-case-cases-cover-with-carabiner-black-gray_0.webp","width":1000,"height":1000,"caption":"MX IPH 11 iPhone 11 armor x armorx ip68 waterproof shockproof rugged case cases cover with carabiner black gray 0"},{"@type":"BreadcrumbList","@id":"https:\/\/atana.pl\/sklep-on-line\/armor-x\/etui\/apple\/etui-wodoodporne-apple-iphone-xi-61\/#breadcrumb","itemListElement":[{"@type":"ListItem","position":1,"name":"Strona g\u0142\u00f3wna","item":"https:\/\/atana.pl\/"},{"@type":"ListItem","position":2,"name":"Sklep on-line","item":"https:\/\/atana.pl\/sklep-on-line\/"},{"@type":"ListItem","position":3,"name":"Etui Wodoodporne Apple iPhone XI &#8211; 6,1&#8243;"}]},{"@type":"WebSite","@id":"https:\/\/atana.pl\/#website","url":"https:\/\/atana.pl\/","name":"Atana","description":"Akcesoria do \u0142odzi, kamper\u00f3w i przyczep. \u0141odzie motorowe","publisher":{"@id":"https:\/\/atana.pl\/#organization"},"potentialAction":[{"@type":"SearchAction","target":{"@type":"EntryPoint","urlTemplate":"https:\/\/atana.pl\/?s={search_term_string}"},"query-input":{"@type":"PropertyValueSpecification","valueRequired":true,"valueName":"search_term_string"}}],"inLanguage":"en-GB"},{"@type":"Organization","@id":"https:\/\/atana.pl\/#organization","name":"Atana","url":"https:\/\/atana.pl\/","logo":{"@type":"ImageObject","inLanguage":"en-GB","@id":"https:\/\/atana.pl\/#\/schema\/logo\/image\/","url":"","contentUrl":"","caption":"Atana"},"image":{"@id":"https:\/\/atana.pl\/#\/schema\/logo\/image\/"},"sameAs":["https:\/\/www.facebook.com\/atanayachts","https:\/\/www.instagram.com\/atanaboats\/","https:\/\/www.youtube.com\/channel\/UClMMmVqqx17in9QzgxK90Mw"]}]}},"_links":{"self":[{"href":"https:\/\/atana.pl\/en\/wp-json\/wp\/v2\/product\/8156","targetHints":{"allow":["GET"]}}],"collection":[{"href":"https:\/\/atana.pl\/en\/wp-json\/wp\/v2\/product"}],"about":[{"href":"https:\/\/atana.pl\/en\/wp-json\/wp\/v2\/types\/product"}],"wp:featuredmedia":[{"embeddable":true,"href":"https:\/\/atana.pl\/en\/wp-json\/wp\/v2\/media\/8157"}],"wp:attachment":[{"href":"https:\/\/atana.pl\/en\/wp-json\/wp\/v2\/media?parent=8156"}],"wp:term":[{"taxonomy":"product_brand","embeddable":true,"href":"https:\/\/atana.pl\/en\/wp-json\/wp\/v2\/product_brand?post=8156"},{"taxonomy":"product_cat","embeddable":true,"href":"https:\/\/atana.pl\/en\/wp-json\/wp\/v2\/product_cat?post=8156"},{"taxonomy":"product_tag","embeddable":true,"href":"https:\/\/atana.pl\/en\/wp-json\/wp\/v2\/product_tag?post=8156"}],"curies":[{"name":"wp","href":"https:\/\/api.w.org\/{rel}","templated":true}]}}