{"id":8151,"date":"2026-01-20T14:58:50","date_gmt":"2026-01-20T13:58:50","guid":{"rendered":"https:\/\/atana.pl\/?post_type=product&#038;p=8151"},"modified":"2026-01-20T15:37:16","modified_gmt":"2026-01-20T14:37:16","slug":"etui-pancerne-armor-x-apple-iphone-xi-pro-61","status":"publish","type":"product","link":"https:\/\/atana.pl\/en\/online-shop\/armor-x\/etui\/apple\/etui-pancerne-armor-x-apple-iphone-xi-pro-61\/","title":{"rendered":"Etui pancerne Armor-X &#8211; Apple iPhone XI &#8211; 6,1&#8243;"},"content":{"rendered":"<h1 data-start=\"122\" data-end=\"246\">\u2693 Armor-X HX-IPTH-BK \u2013 pancerne etui Military Grade do Apple iPod Touch (5., 6. i 7. generacja) z X-Mount i karabi\u0144czykiem<\/h1>\n<p data-start=\"266\" data-end=\"639\"><strong data-start=\"266\" data-end=\"288\">Armor-X HX-IPTH-BK<\/strong> to <strong data-start=\"292\" data-end=\"339\">pancerne etui ochronne klasy Military Grade<\/strong> zaprojektowane dla <strong data-start=\"359\" data-end=\"408\">Apple iPod Touch 5th, 6th oraz 7th Generation<\/strong>. Model z serii <strong data-start=\"424\" data-end=\"430\">HX<\/strong> \u0142\u0105czy <strong data-start=\"437\" data-end=\"469\">wysok\u0105 odporno\u015b\u0107 mechaniczn\u0105<\/strong>, <strong data-start=\"471\" data-end=\"488\">smuk\u0142y profil<\/strong> oraz <strong data-start=\"494\" data-end=\"522\">system monta\u017cowy X-Mount<\/strong>, dzi\u0119ki czemu idealnie sprawdza si\u0119 w <strong data-start=\"561\" data-end=\"638\">warunkach outdoor, marine oraz podczas intensywnego u\u017cytkowania mobilnego<\/strong>.<\/p>\n<p data-start=\"641\" data-end=\"724\">Etui jest doskona\u0142ym wyborem dla u\u017cytkownik\u00f3w, kt\u00f3rzy wykorzystuj\u0105 iPod Touch jako:<\/p>\n<ul data-start=\"725\" data-end=\"886\">\n<li data-start=\"725\" data-end=\"764\">\n<p data-start=\"727\" data-end=\"764\">odtwarzacz multimedialny w terenie,<\/p>\n<\/li>\n<li data-start=\"765\" data-end=\"802\">\n<p data-start=\"767\" data-end=\"802\">urz\u0105dzenie robocze lub steruj\u0105ce,<\/p>\n<\/li>\n<li data-start=\"803\" data-end=\"836\">\n<p data-start=\"805\" data-end=\"836\">sprz\u0119t sportowy i treningowy,<\/p>\n<\/li>\n<li data-start=\"837\" data-end=\"886\">\n<p data-start=\"839\" data-end=\"886\">kompaktowe urz\u0105dzenie EDC do zada\u0144 specjalnych.<\/p>\n<\/li>\n<\/ul>\n<hr data-start=\"888\" data-end=\"891\" \/>\n<h2 data-start=\"893\" data-end=\"940\">Ochrona Military Grade i solidna konstrukcja<\/h2>\n<p data-start=\"942\" data-end=\"981\">Etui zapewnia skuteczn\u0105 ochron\u0119 dzi\u0119ki:<\/p>\n<ul data-start=\"982\" data-end=\"1271\">\n<li data-start=\"982\" data-end=\"1072\">\n<p data-start=\"984\" data-end=\"1072\"><strong data-start=\"984\" data-end=\"1014\">sztywnej os\u0142onie przedniej<\/strong> i <strong data-start=\"1017\" data-end=\"1069\">podw\u00f3jnej konstrukcji kompozytowej tylnej cz\u0119\u015bci<\/strong>,<\/p>\n<\/li>\n<li data-start=\"1073\" data-end=\"1134\">\n<p data-start=\"1075\" data-end=\"1134\">zastosowaniu <strong data-start=\"1088\" data-end=\"1131\">wysokiej jako\u015bci poliw\u0119glanu (PC) i TPU<\/strong>,<\/p>\n<\/li>\n<li data-start=\"1135\" data-end=\"1203\">\n<p data-start=\"1137\" data-end=\"1203\"><strong data-start=\"1137\" data-end=\"1164\">amortyzuj\u0105cej ramie TPU<\/strong>, kt\u00f3ra chroni kraw\u0119dzie i naro\u017cniki,<\/p>\n<\/li>\n<li data-start=\"1204\" data-end=\"1271\">\n<p data-start=\"1206\" data-end=\"1271\">odpornej na zarysowania, <strong data-start=\"1231\" data-end=\"1270\">ultraprzezroczystej tylnej obudowie<\/strong>.<\/p>\n<\/li>\n<\/ul>\n<p data-start=\"1273\" data-end=\"1367\">Konstrukcja zosta\u0142a zaprojektowana z my\u015bl\u0105 o <strong data-start=\"1318\" data-end=\"1366\">intensywnym u\u017cytkowaniu w trudnych warunkach<\/strong>.<\/p>\n<hr data-start=\"1369\" data-end=\"1372\" \/>\n<h2 data-start=\"1374\" data-end=\"1415\">Smuk\u0142y profil i precyzyjne dopasowanie<\/h2>\n<ul data-start=\"1417\" data-end=\"1653\">\n<li data-start=\"1417\" data-end=\"1476\">\n<p data-start=\"1419\" data-end=\"1476\">Kieszeniowa, <strong data-start=\"1432\" data-end=\"1473\">ultrasmuk\u0142a konstrukcja (low profile)<\/strong>,<\/p>\n<\/li>\n<li data-start=\"1477\" data-end=\"1540\">\n<p data-start=\"1479\" data-end=\"1540\">Idealne dopasowanie do <strong data-start=\"1502\" data-end=\"1537\">Apple iPod Touch 5 \/ 6 \/ 7 Gen.<\/strong>,<\/p>\n<\/li>\n<li data-start=\"1541\" data-end=\"1593\">\n<p data-start=\"1543\" data-end=\"1593\">Precyzyjne wyci\u0119cia na porty, g\u0142o\u015bniki i kamer\u0119,<\/p>\n<\/li>\n<li data-start=\"1594\" data-end=\"1653\">\n<p data-start=\"1596\" data-end=\"1653\"><strong data-start=\"1596\" data-end=\"1615\">Tactile buttons<\/strong> zapewniaj\u0105ce wyra\u017any, pewny feedback.<\/p>\n<\/li>\n<\/ul>\n<p data-start=\"1655\" data-end=\"1731\">Etui chroni urz\u0105dzenie <strong data-start=\"1678\" data-end=\"1700\">bez pogrubiania go<\/strong> i bez utraty komfortu obs\u0142ugi.<\/p>\n<hr data-start=\"1733\" data-end=\"1736\" \/>\n<h2 data-start=\"1738\" data-end=\"1780\">Zintegrowany system X-Mount i ActiveKEY<\/h2>\n<p data-start=\"1782\" data-end=\"1948\">Wbudowany <strong data-start=\"1792\" data-end=\"1811\">adapter X-Mount<\/strong> umo\u017cliwia szybkie i bezpieczne mocowanie iPod Touch do uchwyt\u00f3w Armor-X (rowerowych, relingowych, samochodowych \u2013 sprzedawanych osobno).<\/p>\n<p data-start=\"1950\" data-end=\"2039\">Etui wyposa\u017cono w <strong data-start=\"1968\" data-end=\"1988\">system ActiveKEY<\/strong>, kt\u00f3ry obejmuje <strong data-start=\"2005\" data-end=\"2038\">3 wymienne modu\u0142y narz\u0119dziowe<\/strong>:<\/p>\n<ul data-start=\"2040\" data-end=\"2116\">\n<li data-start=\"2040\" data-end=\"2063\">\n<p data-start=\"2042\" data-end=\"2063\">uchwyt magnetyczny,<\/p>\n<\/li>\n<li data-start=\"2064\" data-end=\"2087\">\n<p data-start=\"2066\" data-end=\"2087\">wysuwacz karty SIM,<\/p>\n<\/li>\n<li data-start=\"2088\" data-end=\"2116\">\n<p data-start=\"2090\" data-end=\"2116\">mini pojemnik narz\u0119dziowy.<\/p>\n<\/li>\n<\/ul>\n<p data-start=\"2118\" data-end=\"2213\">To praktyczne rozwi\u0105zanie szczeg\u00f3lnie przydatne podczas <strong data-start=\"2174\" data-end=\"2212\">outdooru, sportu i pracy w terenie<\/strong>.<\/p>\n<hr data-start=\"2215\" data-end=\"2218\" \/>\n<h2 data-start=\"2220\" data-end=\"2259\">Bezpiecze\u0144stwo i mobilno\u015b\u0107 w terenie<\/h2>\n<ul data-start=\"2261\" data-end=\"2464\">\n<li data-start=\"2261\" data-end=\"2317\">\n<p data-start=\"2263\" data-end=\"2317\"><strong data-start=\"2263\" data-end=\"2289\">Innowacyjny grip strap<\/strong> \u2013 pewny chwyt jedn\u0105 r\u0119k\u0105,<\/p>\n<\/li>\n<li data-start=\"2318\" data-end=\"2402\">\n<p data-start=\"2320\" data-end=\"2402\"><strong data-start=\"2320\" data-end=\"2353\">Uchwyt na pasek i karabi\u0144czyk<\/strong> \u2013 idealny do outdooru i aktywno\u015bci sportowych,<\/p>\n<\/li>\n<li data-start=\"2403\" data-end=\"2464\">\n<p data-start=\"2405\" data-end=\"2464\">Mo\u017cliwo\u015b\u0107 przypi\u0119cia urz\u0105dzenia do plecaka, torby lub pasa.<\/p>\n<\/li>\n<\/ul>\n<p data-start=\"2466\" data-end=\"2545\">\u2714 Kompatybilne z <strong data-start=\"2483\" data-end=\"2512\">\u0142adowaniem bezprzewodowym<\/strong> <em data-start=\"2513\" data-end=\"2544\">(z modu\u0142em SIM \/ Tool holder)<\/em>.<\/p>\n<hr data-start=\"2547\" data-end=\"2550\" \/>\n<h2 data-start=\"2552\" data-end=\"2577\">Kompatybilno\u015b\u0107 i uwagi<\/h2>\n<p data-start=\"2579\" data-end=\"2663\">\u2714 Apple iPod Touch <strong data-start=\"2598\" data-end=\"2628\">5th \/ 6th \/ 7th Generation<\/strong><br data-start=\"2628\" data-end=\"2631\" \/>\u2714 Oryginalny produkt <strong data-start=\"2652\" data-end=\"2663\">Armor-X<\/strong><\/p>\n<p data-start=\"2665\" data-end=\"2766\">\u26a0 Uchwyty X-Mount (rowerowe, klipsy, opaski) <strong data-start=\"2710\" data-end=\"2741\">nie s\u0105 do\u0142\u0105czone do zestawu<\/strong> i sprzedawane s\u0105 osobno.<\/p>\n<hr data-start=\"2768\" data-end=\"2771\" \/>\n<h2 data-start=\"2773\" data-end=\"2787\">Idealne do:<\/h2>\n<ul data-start=\"2789\" data-end=\"2979\">\n<li data-start=\"2789\" data-end=\"2826\">\n<p data-start=\"2791\" data-end=\"2826\">Sport\u00f3w outdoorowych i trening\u00f3w.<\/p>\n<\/li>\n<li data-start=\"2827\" data-end=\"2864\">\n<p data-start=\"2829\" data-end=\"2864\">Turystyki i aktywno\u015bci w terenie.<\/p>\n<\/li>\n<li data-start=\"2865\" data-end=\"2897\">\n<p data-start=\"2867\" data-end=\"2897\">U\u017cytkowania mobilnego i EDC.<\/p>\n<\/li>\n<li data-start=\"2898\" data-end=\"2931\">\n<p data-start=\"2900\" data-end=\"2931\">Pracy terenowej i serwisowej.<\/p>\n<\/li>\n<li data-start=\"2932\" data-end=\"2979\">\n<p data-start=\"2934\" data-end=\"2979\">Zastosowa\u0144 profesjonalnych i przemys\u0142owych.<\/p>\n<\/li>\n<\/ul>","protected":false},"excerpt":{"rendered":"<p data-start=\"3453\" data-end=\"3563\">Pancerne etui Armor-X HX do iPod Touch 5\/6\/7 Gen. z X-Mount, ActiveKEY i karabi\u0144czykiem \u2013 idealne do outdooru.<\/p>","protected":false},"featured_media":8152,"template":"","meta":{"_acf_changed":false},"product_brand":[],"product_cat":[1310,1307,1308],"product_tag":[1445,1316,1537,1538,1539,1541,1542,1435,1434,1536,1540],"class_list":{"0":"post-8151","1":"product","2":"type-product","3":"status-publish","4":"has-post-thumbnail","6":"product_cat-apple","7":"product_cat-armor-x","8":"product_cat-etui","9":"product_tag-activekey","10":"product_tag-armor-x","11":"product_tag-etui-ipod-touch","12":"product_tag-etui-ipod-touch-7-gen","13":"product_tag-etui-ipod-touch-rugged","14":"product_tag-etui-military-grade-ipod","15":"product_tag-etui-outdoor-ipod","16":"product_tag-etui-x-mount","17":"product_tag-etui-z-karabinczykiem","18":"product_tag-hx-ipth-bk","19":"product_tag-pancerne-etui-ipod","21":"first","22":"instock","23":"taxable","24":"shipping-taxable","25":"purchasable","26":"product-type-simple"},"acf":[],"yoast_head":"<!-- This site is optimized with the Yoast SEO plugin v25.2 - https:\/\/yoast.com\/wordpress\/plugins\/seo\/ -->\n<title>Etui pancerne Armor-X - Apple iPhone XI - 6,1&quot; - Atana<\/title>\n<meta name=\"description\" content=\"Pancerne etui Armor-X HX do iPod Touch 5\/6\/7 Gen. Ochrona Military Grade z X-Mount do outdooru. Pasuje do uchwyt\u00f3w Armor-X typ\" \/>\n<meta name=\"robots\" content=\"index, follow, max-snippet:-1, max-image-preview:large, max-video-preview:-1\" \/>\n<link rel=\"canonical\" href=\"https:\/\/atana.pl\/en\/online-shop\/armor-x\/etui\/apple\/etui-pancerne-armor-x-apple-iphone-xi-pro-61\/\" \/>\n<meta property=\"og:locale\" content=\"en_GB\" \/>\n<meta property=\"og:type\" content=\"article\" \/>\n<meta property=\"og:title\" content=\"Etui pancerne Armor-X - Apple iPhone XI - 6,1&quot; - Atana\" \/>\n<meta property=\"og:description\" content=\"Pancerne etui Armor-X HX do iPod Touch 5\/6\/7 Gen. Ochrona Military Grade z X-Mount do outdooru. Pasuje do uchwyt\u00f3w Armor-X typ\" \/>\n<meta property=\"og:url\" content=\"https:\/\/atana.pl\/en\/online-shop\/armor-x\/etui\/apple\/etui-pancerne-armor-x-apple-iphone-xi-pro-61\/\" \/>\n<meta property=\"og:site_name\" content=\"Atana\" \/>\n<meta property=\"article:publisher\" content=\"https:\/\/www.facebook.com\/atanayachts\" \/>\n<meta property=\"article:modified_time\" content=\"2026-01-20T14:37:16+00:00\" \/>\n<meta property=\"og:image\" content=\"https:\/\/atana.pl\/wp-content\/uploads\/1967\/01\/ipod-touch-6-7-8-armor-x-armorx-2-in-1-shockproof-rugged-case-cases-cover-with-carabiner_3.webp\" \/>\n\t<meta property=\"og:image:width\" content=\"1000\" \/>\n\t<meta property=\"og:image:height\" content=\"1000\" \/>\n\t<meta property=\"og:image:type\" content=\"image\/webp\" \/>\n<meta name=\"twitter:card\" content=\"summary_large_image\" \/>\n<meta name=\"twitter:label1\" content=\"Estimated reading time\" \/>\n\t<meta name=\"twitter:data1\" content=\"2 minutes\" \/>\n<script type=\"application\/ld+json\" class=\"yoast-schema-graph\">{\"@context\":\"https:\/\/schema.org\",\"@graph\":[{\"@type\":\"WebPage\",\"@id\":\"https:\/\/atana.pl\/sklep-on-line\/armor-x\/etui\/apple\/etui-pancerne-armor-x-apple-iphone-xi-pro-61\/\",\"url\":\"https:\/\/atana.pl\/sklep-on-line\/armor-x\/etui\/apple\/etui-pancerne-armor-x-apple-iphone-xi-pro-61\/\",\"name\":\"Etui pancerne Armor-X - Apple iPhone XI - 6,1\\\" - Atana\",\"isPartOf\":{\"@id\":\"https:\/\/atana.pl\/#website\"},\"primaryImageOfPage\":{\"@id\":\"https:\/\/atana.pl\/sklep-on-line\/armor-x\/etui\/apple\/etui-pancerne-armor-x-apple-iphone-xi-pro-61\/#primaryimage\"},\"image\":{\"@id\":\"https:\/\/atana.pl\/sklep-on-line\/armor-x\/etui\/apple\/etui-pancerne-armor-x-apple-iphone-xi-pro-61\/#primaryimage\"},\"thumbnailUrl\":\"https:\/\/atana.pl\/wp-content\/uploads\/1967\/01\/ipod-touch-6-7-8-armor-x-armorx-2-in-1-shockproof-rugged-case-cases-cover-with-carabiner_3.webp\",\"datePublished\":\"2026-01-20T13:58:50+00:00\",\"dateModified\":\"2026-01-20T14:37:16+00:00\",\"description\":\"Pancerne etui Armor-X HX do iPod Touch 5\/6\/7 Gen. Ochrona Military Grade z X-Mount do outdooru. Pasuje do uchwyt\u00f3w Armor-X typ\",\"breadcrumb\":{\"@id\":\"https:\/\/atana.pl\/sklep-on-line\/armor-x\/etui\/apple\/etui-pancerne-armor-x-apple-iphone-xi-pro-61\/#breadcrumb\"},\"inLanguage\":\"en-GB\",\"potentialAction\":[{\"@type\":\"ReadAction\",\"target\":[\"https:\/\/atana.pl\/sklep-on-line\/armor-x\/etui\/apple\/etui-pancerne-armor-x-apple-iphone-xi-pro-61\/\"]}]},{\"@type\":\"ImageObject\",\"inLanguage\":\"en-GB\",\"@id\":\"https:\/\/atana.pl\/sklep-on-line\/armor-x\/etui\/apple\/etui-pancerne-armor-x-apple-iphone-xi-pro-61\/#primaryimage\",\"url\":\"https:\/\/atana.pl\/wp-content\/uploads\/1967\/01\/ipod-touch-6-7-8-armor-x-armorx-2-in-1-shockproof-rugged-case-cases-cover-with-carabiner_3.webp\",\"contentUrl\":\"https:\/\/atana.pl\/wp-content\/uploads\/1967\/01\/ipod-touch-6-7-8-armor-x-armorx-2-in-1-shockproof-rugged-case-cases-cover-with-carabiner_3.webp\",\"width\":1000,\"height\":1000,\"caption\":\"ipod touch 6 7 8 armor x armorx 2 in 1 shockproof rugged case cases cover with carabiner 3\"},{\"@type\":\"BreadcrumbList\",\"@id\":\"https:\/\/atana.pl\/sklep-on-line\/armor-x\/etui\/apple\/etui-pancerne-armor-x-apple-iphone-xi-pro-61\/#breadcrumb\",\"itemListElement\":[{\"@type\":\"ListItem\",\"position\":1,\"name\":\"Strona g\u0142\u00f3wna\",\"item\":\"https:\/\/atana.pl\/\"},{\"@type\":\"ListItem\",\"position\":2,\"name\":\"Sklep on-line\",\"item\":\"https:\/\/atana.pl\/sklep-on-line\/\"},{\"@type\":\"ListItem\",\"position\":3,\"name\":\"Etui pancerne Armor-X &#8211; Apple iPhone XI &#8211; 6,1&#8243;\"}]},{\"@type\":\"WebSite\",\"@id\":\"https:\/\/atana.pl\/#website\",\"url\":\"https:\/\/atana.pl\/\",\"name\":\"Atana\",\"description\":\"Akcesoria do \u0142odzi, kamper\u00f3w i przyczep. \u0141odzie motorowe\",\"publisher\":{\"@id\":\"https:\/\/atana.pl\/#organization\"},\"potentialAction\":[{\"@type\":\"SearchAction\",\"target\":{\"@type\":\"EntryPoint\",\"urlTemplate\":\"https:\/\/atana.pl\/?s={search_term_string}\"},\"query-input\":{\"@type\":\"PropertyValueSpecification\",\"valueRequired\":true,\"valueName\":\"search_term_string\"}}],\"inLanguage\":\"en-GB\"},{\"@type\":\"Organization\",\"@id\":\"https:\/\/atana.pl\/#organization\",\"name\":\"Atana\",\"url\":\"https:\/\/atana.pl\/\",\"logo\":{\"@type\":\"ImageObject\",\"inLanguage\":\"en-GB\",\"@id\":\"https:\/\/atana.pl\/#\/schema\/logo\/image\/\",\"url\":\"\",\"contentUrl\":\"\",\"caption\":\"Atana\"},\"image\":{\"@id\":\"https:\/\/atana.pl\/#\/schema\/logo\/image\/\"},\"sameAs\":[\"https:\/\/www.facebook.com\/atanayachts\",\"https:\/\/www.instagram.com\/atanaboats\/\",\"https:\/\/www.youtube.com\/channel\/UClMMmVqqx17in9QzgxK90Mw\"]}]}<\/script>\n<!-- \/ Yoast SEO plugin. -->","yoast_head_json":{"title":"Etui pancerne Armor-X - Apple iPhone XI - 6,1\" - Atana","description":"Pancerne etui Armor-X HX do iPod Touch 5\/6\/7 Gen. Ochrona Military Grade z X-Mount do outdooru. Pasuje do uchwyt\u00f3w Armor-X typ","robots":{"index":"index","follow":"follow","max-snippet":"max-snippet:-1","max-image-preview":"max-image-preview:large","max-video-preview":"max-video-preview:-1"},"canonical":"https:\/\/atana.pl\/en\/online-shop\/armor-x\/etui\/apple\/etui-pancerne-armor-x-apple-iphone-xi-pro-61\/","og_locale":"en_GB","og_type":"article","og_title":"Etui pancerne Armor-X - Apple iPhone XI - 6,1\" - Atana","og_description":"Pancerne etui Armor-X HX do iPod Touch 5\/6\/7 Gen. Ochrona Military Grade z X-Mount do outdooru. Pasuje do uchwyt\u00f3w Armor-X typ","og_url":"https:\/\/atana.pl\/en\/online-shop\/armor-x\/etui\/apple\/etui-pancerne-armor-x-apple-iphone-xi-pro-61\/","og_site_name":"Atana","article_publisher":"https:\/\/www.facebook.com\/atanayachts","article_modified_time":"2026-01-20T14:37:16+00:00","og_image":[{"width":1000,"height":1000,"url":"https:\/\/atana.pl\/wp-content\/uploads\/1967\/01\/ipod-touch-6-7-8-armor-x-armorx-2-in-1-shockproof-rugged-case-cases-cover-with-carabiner_3.webp","type":"image\/webp"}],"twitter_card":"summary_large_image","twitter_misc":{"Estimated reading time":"2 minutes"},"schema":{"@context":"https:\/\/schema.org","@graph":[{"@type":"WebPage","@id":"https:\/\/atana.pl\/sklep-on-line\/armor-x\/etui\/apple\/etui-pancerne-armor-x-apple-iphone-xi-pro-61\/","url":"https:\/\/atana.pl\/sklep-on-line\/armor-x\/etui\/apple\/etui-pancerne-armor-x-apple-iphone-xi-pro-61\/","name":"Etui pancerne Armor-X - Apple iPhone XI - 6,1\" - Atana","isPartOf":{"@id":"https:\/\/atana.pl\/#website"},"primaryImageOfPage":{"@id":"https:\/\/atana.pl\/sklep-on-line\/armor-x\/etui\/apple\/etui-pancerne-armor-x-apple-iphone-xi-pro-61\/#primaryimage"},"image":{"@id":"https:\/\/atana.pl\/sklep-on-line\/armor-x\/etui\/apple\/etui-pancerne-armor-x-apple-iphone-xi-pro-61\/#primaryimage"},"thumbnailUrl":"https:\/\/atana.pl\/wp-content\/uploads\/1967\/01\/ipod-touch-6-7-8-armor-x-armorx-2-in-1-shockproof-rugged-case-cases-cover-with-carabiner_3.webp","datePublished":"2026-01-20T13:58:50+00:00","dateModified":"2026-01-20T14:37:16+00:00","description":"Pancerne etui Armor-X HX do iPod Touch 5\/6\/7 Gen. Ochrona Military Grade z X-Mount do outdooru. Pasuje do uchwyt\u00f3w Armor-X typ","breadcrumb":{"@id":"https:\/\/atana.pl\/sklep-on-line\/armor-x\/etui\/apple\/etui-pancerne-armor-x-apple-iphone-xi-pro-61\/#breadcrumb"},"inLanguage":"en-GB","potentialAction":[{"@type":"ReadAction","target":["https:\/\/atana.pl\/sklep-on-line\/armor-x\/etui\/apple\/etui-pancerne-armor-x-apple-iphone-xi-pro-61\/"]}]},{"@type":"ImageObject","inLanguage":"en-GB","@id":"https:\/\/atana.pl\/sklep-on-line\/armor-x\/etui\/apple\/etui-pancerne-armor-x-apple-iphone-xi-pro-61\/#primaryimage","url":"https:\/\/atana.pl\/wp-content\/uploads\/1967\/01\/ipod-touch-6-7-8-armor-x-armorx-2-in-1-shockproof-rugged-case-cases-cover-with-carabiner_3.webp","contentUrl":"https:\/\/atana.pl\/wp-content\/uploads\/1967\/01\/ipod-touch-6-7-8-armor-x-armorx-2-in-1-shockproof-rugged-case-cases-cover-with-carabiner_3.webp","width":1000,"height":1000,"caption":"ipod touch 6 7 8 armor x armorx 2 in 1 shockproof rugged case cases cover with carabiner 3"},{"@type":"BreadcrumbList","@id":"https:\/\/atana.pl\/sklep-on-line\/armor-x\/etui\/apple\/etui-pancerne-armor-x-apple-iphone-xi-pro-61\/#breadcrumb","itemListElement":[{"@type":"ListItem","position":1,"name":"Strona g\u0142\u00f3wna","item":"https:\/\/atana.pl\/"},{"@type":"ListItem","position":2,"name":"Sklep on-line","item":"https:\/\/atana.pl\/sklep-on-line\/"},{"@type":"ListItem","position":3,"name":"Etui pancerne Armor-X &#8211; Apple iPhone XI &#8211; 6,1&#8243;"}]},{"@type":"WebSite","@id":"https:\/\/atana.pl\/#website","url":"https:\/\/atana.pl\/","name":"Atana","description":"Akcesoria do \u0142odzi, kamper\u00f3w i przyczep. \u0141odzie motorowe","publisher":{"@id":"https:\/\/atana.pl\/#organization"},"potentialAction":[{"@type":"SearchAction","target":{"@type":"EntryPoint","urlTemplate":"https:\/\/atana.pl\/?s={search_term_string}"},"query-input":{"@type":"PropertyValueSpecification","valueRequired":true,"valueName":"search_term_string"}}],"inLanguage":"en-GB"},{"@type":"Organization","@id":"https:\/\/atana.pl\/#organization","name":"Atana","url":"https:\/\/atana.pl\/","logo":{"@type":"ImageObject","inLanguage":"en-GB","@id":"https:\/\/atana.pl\/#\/schema\/logo\/image\/","url":"","contentUrl":"","caption":"Atana"},"image":{"@id":"https:\/\/atana.pl\/#\/schema\/logo\/image\/"},"sameAs":["https:\/\/www.facebook.com\/atanayachts","https:\/\/www.instagram.com\/atanaboats\/","https:\/\/www.youtube.com\/channel\/UClMMmVqqx17in9QzgxK90Mw"]}]}},"_links":{"self":[{"href":"https:\/\/atana.pl\/en\/wp-json\/wp\/v2\/product\/8151","targetHints":{"allow":["GET"]}}],"collection":[{"href":"https:\/\/atana.pl\/en\/wp-json\/wp\/v2\/product"}],"about":[{"href":"https:\/\/atana.pl\/en\/wp-json\/wp\/v2\/types\/product"}],"wp:featuredmedia":[{"embeddable":true,"href":"https:\/\/atana.pl\/en\/wp-json\/wp\/v2\/media\/8152"}],"wp:attachment":[{"href":"https:\/\/atana.pl\/en\/wp-json\/wp\/v2\/media?parent=8151"}],"wp:term":[{"taxonomy":"product_brand","embeddable":true,"href":"https:\/\/atana.pl\/en\/wp-json\/wp\/v2\/product_brand?post=8151"},{"taxonomy":"product_cat","embeddable":true,"href":"https:\/\/atana.pl\/en\/wp-json\/wp\/v2\/product_cat?post=8151"},{"taxonomy":"product_tag","embeddable":true,"href":"https:\/\/atana.pl\/en\/wp-json\/wp\/v2\/product_tag?post=8151"}],"curies":[{"name":"wp","href":"https:\/\/api.w.org\/{rel}","templated":true}]}}