{"id":8150,"date":"2026-01-20T14:30:49","date_gmt":"2026-01-20T13:30:49","guid":{"rendered":"https:\/\/atana.pl\/?post_type=product&#038;p=8150"},"modified":"2026-01-20T15:36:48","modified_gmt":"2026-01-20T14:36:48","slug":"etui-pancerne-apple-iphone-xi-pro-58-2","status":"publish","type":"product","link":"https:\/\/atana.pl\/en\/online-shop\/armor-x\/etui\/apple\/etui-pancerne-apple-iphone-xi-pro-58-2\/","title":{"rendered":"Etui Pancerne Apple iPhone XI PRO &#8211; 5,8&#8243;"},"content":{"rendered":"<h1 data-start=\"332\" data-end=\"417\">\u2693 Armor-X DX-IPH-11PRO \u2013 pancerne etui do iPhone 11 Pro z uchwytem i karabi\u0144czykiem<\/h1>\n<p data-start=\"437\" data-end=\"709\"><strong data-start=\"437\" data-end=\"461\">Armor-X DX-IPH-11PRO<\/strong> to <strong data-start=\"465\" data-end=\"506\">wytrzyma\u0142e, pancerne etui typu rugged<\/strong> zaprojektowane dla <strong data-start=\"526\" data-end=\"556\">Apple iPhone 11 Pro (5,8&#8243;)<\/strong>, stworzone do u\u017cytkowania w wymagaj\u0105cych warunkach <strong data-start=\"608\" data-end=\"648\">marine, outdoor oraz pracy w terenie<\/strong>. Etui zapewnia solidn\u0105 ochron\u0119 smartfona podczas aktywno\u015bci:<\/p>\n<ul data-start=\"711\" data-end=\"892\">\n<li data-start=\"711\" data-end=\"742\">\n<p data-start=\"713\" data-end=\"742\">na <strong data-start=\"716\" data-end=\"739\">\u0142odziach i jachtach<\/strong>,<\/p>\n<\/li>\n<li data-start=\"743\" data-end=\"782\">\n<p data-start=\"745\" data-end=\"782\">w <strong data-start=\"747\" data-end=\"779\">turystyce wodnej i outdoorze<\/strong>,<\/p>\n<\/li>\n<li data-start=\"783\" data-end=\"821\">\n<p data-start=\"785\" data-end=\"821\">podczas <strong data-start=\"793\" data-end=\"818\">sport\u00f3w ekstremalnych<\/strong>,<\/p>\n<\/li>\n<li data-start=\"822\" data-end=\"860\">\n<p data-start=\"824\" data-end=\"860\">w <strong data-start=\"826\" data-end=\"857\">pracy mobilnej i serwisowej<\/strong>,<\/p>\n<\/li>\n<li data-start=\"861\" data-end=\"892\">\n<p data-start=\"863\" data-end=\"892\">w codziennym u\u017cytkowaniu EDC.<\/p>\n<\/li>\n<\/ul>\n<p data-start=\"894\" data-end=\"1045\">Model ten doskonale sprawdzi si\u0119 u u\u017cytkownik\u00f3w, kt\u00f3rzy oczekuj\u0105 <strong data-start=\"959\" data-end=\"1044\">maksymalnej ochrony bez kompromis\u00f3w w funkcjonalno\u015bci i wygodzie obs\u0142ugi telefonu<\/strong>.<\/p>\n<hr data-start=\"1047\" data-end=\"1050\" \/>\n<h2 data-start=\"1052\" data-end=\"1092\">Ochrona rugged w praktycznym formacie<\/h2>\n<p data-start=\"1094\" data-end=\"1144\">Konstrukcja etui zosta\u0142a zaprojektowana z my\u015bl\u0105 o:<\/p>\n<ul data-start=\"1145\" data-end=\"1312\">\n<li data-start=\"1145\" data-end=\"1204\">\n<p data-start=\"1147\" data-end=\"1204\">skutecznej ochronie przed <strong data-start=\"1173\" data-end=\"1201\">uderzeniami i wstrz\u0105sami<\/strong>,<\/p>\n<\/li>\n<li data-start=\"1205\" data-end=\"1260\">\n<p data-start=\"1207\" data-end=\"1260\">zabezpieczeniu <strong data-start=\"1222\" data-end=\"1247\">kraw\u0119dzi i naro\u017cnik\u00f3w<\/strong> smartfona,<\/p>\n<\/li>\n<li data-start=\"1261\" data-end=\"1312\">\n<p data-start=\"1263\" data-end=\"1312\">zwi\u0119kszonej odporno\u015bci na intensywne u\u017cytkowanie.<\/p>\n<\/li>\n<\/ul>\n<p data-start=\"1314\" data-end=\"1450\">Etui zachowuje <strong data-start=\"1329\" data-end=\"1353\">ergonomiczny kszta\u0142t<\/strong>, dzi\u0119ki czemu nie pogrubia nadmiernie telefonu i pozostaje wygodne podczas codziennego noszenia.<\/p>\n<hr data-start=\"1452\" data-end=\"1455\" \/>\n<h2 data-start=\"1457\" data-end=\"1491\">Precyzyjne dopasowanie i wygoda<\/h2>\n<p data-start=\"1493\" data-end=\"1506\">Etui oferuje:<\/p>\n<ul data-start=\"1507\" data-end=\"1751\">\n<li data-start=\"1507\" data-end=\"1559\">\n<p data-start=\"1509\" data-end=\"1559\">idealne dopasowanie do <strong data-start=\"1532\" data-end=\"1556\">iPhone 11 Pro (5,8&#8243;)<\/strong>,<\/p>\n<\/li>\n<li data-start=\"1560\" data-end=\"1612\">\n<p data-start=\"1562\" data-end=\"1612\">precyzyjne wyci\u0119cia na porty, g\u0142o\u015bniki i aparat,<\/p>\n<\/li>\n<li data-start=\"1613\" data-end=\"1667\">\n<p data-start=\"1615\" data-end=\"1667\">responsywne przyciski zapewniaj\u0105ce pewny feedback,<\/p>\n<\/li>\n<li data-start=\"1668\" data-end=\"1751\">\n<p data-start=\"1670\" data-end=\"1751\">pe\u0142ny dost\u0119p do wszystkich funkcji telefonu bez konieczno\u015bci zdejmowania ochrony.<\/p>\n<\/li>\n<\/ul>\n<hr data-start=\"1753\" data-end=\"1756\" \/>\n<h2 data-start=\"1758\" data-end=\"1796\">System monta\u017cu i funkcje outdoorowe<\/h2>\n<p data-start=\"1798\" data-end=\"1813\">Etui umo\u017cliwia:<\/p>\n<ul data-start=\"1814\" data-end=\"1993\">\n<li data-start=\"1814\" data-end=\"1865\">\n<p data-start=\"1816\" data-end=\"1865\"><strong data-start=\"1816\" data-end=\"1852\">bezpieczne przenoszenie telefonu<\/strong> w terenie,<\/p>\n<\/li>\n<li data-start=\"1866\" data-end=\"1938\">\n<p data-start=\"1868\" data-end=\"1938\">przypi\u0119cie do plecaka, pasa lub torby <em data-start=\"1906\" data-end=\"1935\">(je\u015bli dotyczy egzemplarza)<\/em>,<\/p>\n<\/li>\n<li data-start=\"1939\" data-end=\"1993\">\n<p data-start=\"1941\" data-end=\"1993\">wygodne u\u017cytkowanie podczas aktywno\u015bci outdoorowych.<\/p>\n<\/li>\n<\/ul>\n<blockquote data-start=\"1995\" data-end=\"2092\">\n<p data-start=\"1997\" data-end=\"2092\">Funkcje monta\u017cowe opisuj wy\u0142\u0105cznie zgodnie z rzeczywistym wyposa\u017ceniem posiadanego egzemplarza.<\/p>\n<\/blockquote>\n<hr data-start=\"2094\" data-end=\"2097\" \/>\n<h2 data-start=\"2099\" data-end=\"2124\">Kompatybilno\u015b\u0107 i uwagi<\/h2>\n<p data-start=\"2126\" data-end=\"2193\">\u2714 Apple <strong data-start=\"2134\" data-end=\"2158\">iPhone 11 Pro (5,8&#8243;)<\/strong><br data-start=\"2158\" data-end=\"2161\" \/>\u2714 Oryginalny produkt <strong data-start=\"2182\" data-end=\"2193\">Armor-X<\/strong><\/p>\n<p data-start=\"2195\" data-end=\"2391\"><strong data-start=\"2195\" data-end=\"2205\">Attention:<\/strong> model <strong data-start=\"2212\" data-end=\"2228\">DX-IPH-11PRO<\/strong> nie znajduje si\u0119 ju\u017c w bie\u017c\u0105cej ofercie producenta.<br data-start=\"2280\" data-end=\"2283\" \/>Oferowany egzemplarz pochodzi z <strong data-start=\"2315\" data-end=\"2352\">oryginalnych zapas\u00f3w magazynowych<\/strong> i jest <strong data-start=\"2360\" data-end=\"2390\">nowy oraz pe\u0142nowarto\u015bciowy<\/strong>.<\/p>\n<hr data-start=\"2393\" data-end=\"2396\" \/>\n<h2 data-start=\"2398\" data-end=\"2412\">Idealne do:<\/h2>\n<ul data-start=\"2414\" data-end=\"2581\">\n<li data-start=\"2414\" data-end=\"2445\">\n<p data-start=\"2416\" data-end=\"2445\">\u0141odzi motorowych i jacht\u00f3w.<\/p>\n<\/li>\n<li data-start=\"2446\" data-end=\"2480\">\n<p data-start=\"2448\" data-end=\"2480\">\u017beglarstwa i turystyki wodnej.<\/p>\n<\/li>\n<li data-start=\"2481\" data-end=\"2514\">\n<p data-start=\"2483\" data-end=\"2514\">Outdooru i wypraw terenowych.<\/p>\n<\/li>\n<li data-start=\"2515\" data-end=\"2548\">\n<p data-start=\"2517\" data-end=\"2548\">Pracy terenowej i serwisowej.<\/p>\n<\/li>\n<li data-start=\"2549\" data-end=\"2581\">\n<p data-start=\"2551\" data-end=\"2581\">Codziennego u\u017cytkowania EDC.<\/p>\n<\/li>\n<\/ul>","protected":false},"excerpt":{"rendered":"<p>Pancerne etui Armor-X DX-IPH-11PRO do iPhone 11 Pro \u2013 rugged ochrona z uchwytem i karabi\u0144czykiem.<\/p>","protected":false},"featured_media":8149,"template":"","meta":{"_acf_changed":false},"product_brand":[],"product_cat":[1310,1307,1308],"product_tag":[1316,1534,1439,1535,1531,1523,1528,1323,1320,1434,1319],"class_list":{"0":"post-8150","1":"product","2":"type-product","3":"status-publish","4":"has-post-thumbnail","6":"product_cat-apple","7":"product_cat-armor-x","8":"product_cat-etui","9":"product_tag-armor-x","10":"product_tag-dx-iph-11pro","11":"product_tag-etui-do-pracy-w-terenie","12":"product_tag-etui-do-turystyki","13":"product_tag-etui-iphone-11-pro","14":"product_tag-etui-marine-iphone","15":"product_tag-etui-ochronne-iphone","16":"product_tag-etui-outdoor-iphone","17":"product_tag-etui-rugged-iphone","18":"product_tag-etui-z-karabinczykiem","19":"product_tag-pancerne-etui-iphone","21":"first","22":"instock","23":"taxable","24":"shipping-taxable","25":"purchasable","26":"product-type-simple"},"acf":[],"yoast_head":"<!-- This site is optimized with the Yoast SEO plugin v25.2 - https:\/\/yoast.com\/wordpress\/plugins\/seo\/ -->\n<title>Etui Pancerne Apple iPhone XI PRO - 5,8&quot; - Atana<\/title>\n<meta name=\"description\" content=\"Pancerne etui Armor-X DX-IPH-11PRO do iPhone 11 Pro \u2013 rugged ochrona do marine, outdooru i pracy terenowej. Kompatybilne z uchwytami X-Mount\" \/>\n<meta name=\"robots\" content=\"index, follow, max-snippet:-1, max-image-preview:large, max-video-preview:-1\" \/>\n<link rel=\"canonical\" href=\"https:\/\/atana.pl\/en\/online-shop\/armor-x\/etui\/apple\/etui-pancerne-apple-iphone-xi-pro-58-2\/\" \/>\n<meta property=\"og:locale\" content=\"en_GB\" \/>\n<meta property=\"og:type\" content=\"article\" \/>\n<meta property=\"og:title\" content=\"Etui Pancerne Apple iPhone XI PRO - 5,8&quot; - Atana\" \/>\n<meta property=\"og:description\" content=\"Pancerne etui Armor-X DX-IPH-11PRO do iPhone 11 Pro \u2013 rugged ochrona do marine, outdooru i pracy terenowej. Kompatybilne z uchwytami X-Mount\" \/>\n<meta property=\"og:url\" content=\"https:\/\/atana.pl\/en\/online-shop\/armor-x\/etui\/apple\/etui-pancerne-apple-iphone-xi-pro-58-2\/\" \/>\n<meta property=\"og:site_name\" content=\"Atana\" \/>\n<meta property=\"article:publisher\" content=\"https:\/\/www.facebook.com\/atanayachts\" \/>\n<meta property=\"article:modified_time\" content=\"2026-01-20T14:36:48+00:00\" \/>\n<meta property=\"og:image\" content=\"https:\/\/atana.pl\/wp-content\/uploads\/1967\/01\/dx-iph-11pro-58_-armorx-2-in-1-shockproof-rugged-case-cases-cover-with-belt-clip-and-carabiner_white-background.webp\" \/>\n\t<meta property=\"og:image:width\" content=\"1000\" \/>\n\t<meta property=\"og:image:height\" content=\"1000\" \/>\n\t<meta property=\"og:image:type\" content=\"image\/webp\" \/>\n<meta name=\"twitter:card\" content=\"summary_large_image\" \/>\n<meta name=\"twitter:label1\" content=\"Estimated reading time\" \/>\n\t<meta name=\"twitter:data1\" content=\"1 minute\" \/>\n<script type=\"application\/ld+json\" class=\"yoast-schema-graph\">{\"@context\":\"https:\/\/schema.org\",\"@graph\":[{\"@type\":\"WebPage\",\"@id\":\"https:\/\/atana.pl\/sklep-on-line\/armor-x\/etui\/apple\/etui-pancerne-apple-iphone-xi-pro-58-2\/\",\"url\":\"https:\/\/atana.pl\/sklep-on-line\/armor-x\/etui\/apple\/etui-pancerne-apple-iphone-xi-pro-58-2\/\",\"name\":\"Etui Pancerne Apple iPhone XI PRO - 5,8\\\" - Atana\",\"isPartOf\":{\"@id\":\"https:\/\/atana.pl\/#website\"},\"primaryImageOfPage\":{\"@id\":\"https:\/\/atana.pl\/sklep-on-line\/armor-x\/etui\/apple\/etui-pancerne-apple-iphone-xi-pro-58-2\/#primaryimage\"},\"image\":{\"@id\":\"https:\/\/atana.pl\/sklep-on-line\/armor-x\/etui\/apple\/etui-pancerne-apple-iphone-xi-pro-58-2\/#primaryimage\"},\"thumbnailUrl\":\"https:\/\/atana.pl\/wp-content\/uploads\/1967\/01\/dx-iph-11pro-58_-armorx-2-in-1-shockproof-rugged-case-cases-cover-with-belt-clip-and-carabiner_white-background.webp\",\"datePublished\":\"2026-01-20T13:30:49+00:00\",\"dateModified\":\"2026-01-20T14:36:48+00:00\",\"description\":\"Pancerne etui Armor-X DX-IPH-11PRO do iPhone 11 Pro \u2013 rugged ochrona do marine, outdooru i pracy terenowej. Kompatybilne z uchwytami X-Mount\",\"breadcrumb\":{\"@id\":\"https:\/\/atana.pl\/sklep-on-line\/armor-x\/etui\/apple\/etui-pancerne-apple-iphone-xi-pro-58-2\/#breadcrumb\"},\"inLanguage\":\"en-GB\",\"potentialAction\":[{\"@type\":\"ReadAction\",\"target\":[\"https:\/\/atana.pl\/sklep-on-line\/armor-x\/etui\/apple\/etui-pancerne-apple-iphone-xi-pro-58-2\/\"]}]},{\"@type\":\"ImageObject\",\"inLanguage\":\"en-GB\",\"@id\":\"https:\/\/atana.pl\/sklep-on-line\/armor-x\/etui\/apple\/etui-pancerne-apple-iphone-xi-pro-58-2\/#primaryimage\",\"url\":\"https:\/\/atana.pl\/wp-content\/uploads\/1967\/01\/dx-iph-11pro-58_-armorx-2-in-1-shockproof-rugged-case-cases-cover-with-belt-clip-and-carabiner_white-background.webp\",\"contentUrl\":\"https:\/\/atana.pl\/wp-content\/uploads\/1967\/01\/dx-iph-11pro-58_-armorx-2-in-1-shockproof-rugged-case-cases-cover-with-belt-clip-and-carabiner_white-background.webp\",\"width\":1000,\"height\":1000,\"caption\":\"dx iph 11pro 5,8 armorx 2 in 1 shockproof rugged case cases cover with belt clip and carabiner white background\"},{\"@type\":\"BreadcrumbList\",\"@id\":\"https:\/\/atana.pl\/sklep-on-line\/armor-x\/etui\/apple\/etui-pancerne-apple-iphone-xi-pro-58-2\/#breadcrumb\",\"itemListElement\":[{\"@type\":\"ListItem\",\"position\":1,\"name\":\"Strona g\u0142\u00f3wna\",\"item\":\"https:\/\/atana.pl\/\"},{\"@type\":\"ListItem\",\"position\":2,\"name\":\"Sklep on-line\",\"item\":\"https:\/\/atana.pl\/sklep-on-line\/\"},{\"@type\":\"ListItem\",\"position\":3,\"name\":\"Etui Pancerne Apple iPhone XI PRO &#8211; 5,8&#8243;\"}]},{\"@type\":\"WebSite\",\"@id\":\"https:\/\/atana.pl\/#website\",\"url\":\"https:\/\/atana.pl\/\",\"name\":\"Atana\",\"description\":\"Akcesoria do \u0142odzi, kamper\u00f3w i przyczep. \u0141odzie motorowe\",\"publisher\":{\"@id\":\"https:\/\/atana.pl\/#organization\"},\"potentialAction\":[{\"@type\":\"SearchAction\",\"target\":{\"@type\":\"EntryPoint\",\"urlTemplate\":\"https:\/\/atana.pl\/?s={search_term_string}\"},\"query-input\":{\"@type\":\"PropertyValueSpecification\",\"valueRequired\":true,\"valueName\":\"search_term_string\"}}],\"inLanguage\":\"en-GB\"},{\"@type\":\"Organization\",\"@id\":\"https:\/\/atana.pl\/#organization\",\"name\":\"Atana\",\"url\":\"https:\/\/atana.pl\/\",\"logo\":{\"@type\":\"ImageObject\",\"inLanguage\":\"en-GB\",\"@id\":\"https:\/\/atana.pl\/#\/schema\/logo\/image\/\",\"url\":\"\",\"contentUrl\":\"\",\"caption\":\"Atana\"},\"image\":{\"@id\":\"https:\/\/atana.pl\/#\/schema\/logo\/image\/\"},\"sameAs\":[\"https:\/\/www.facebook.com\/atanayachts\",\"https:\/\/www.instagram.com\/atanaboats\/\",\"https:\/\/www.youtube.com\/channel\/UClMMmVqqx17in9QzgxK90Mw\"]}]}<\/script>\n<!-- \/ Yoast SEO plugin. -->","yoast_head_json":{"title":"Etui Pancerne Apple iPhone XI PRO - 5,8\" - Atana","description":"Pancerne etui Armor-X DX-IPH-11PRO do iPhone 11 Pro \u2013 rugged ochrona do marine, outdooru i pracy terenowej. Kompatybilne z uchwytami X-Mount","robots":{"index":"index","follow":"follow","max-snippet":"max-snippet:-1","max-image-preview":"max-image-preview:large","max-video-preview":"max-video-preview:-1"},"canonical":"https:\/\/atana.pl\/en\/online-shop\/armor-x\/etui\/apple\/etui-pancerne-apple-iphone-xi-pro-58-2\/","og_locale":"en_GB","og_type":"article","og_title":"Etui Pancerne Apple iPhone XI PRO - 5,8\" - Atana","og_description":"Pancerne etui Armor-X DX-IPH-11PRO do iPhone 11 Pro \u2013 rugged ochrona do marine, outdooru i pracy terenowej. Kompatybilne z uchwytami X-Mount","og_url":"https:\/\/atana.pl\/en\/online-shop\/armor-x\/etui\/apple\/etui-pancerne-apple-iphone-xi-pro-58-2\/","og_site_name":"Atana","article_publisher":"https:\/\/www.facebook.com\/atanayachts","article_modified_time":"2026-01-20T14:36:48+00:00","og_image":[{"width":1000,"height":1000,"url":"https:\/\/atana.pl\/wp-content\/uploads\/1967\/01\/dx-iph-11pro-58_-armorx-2-in-1-shockproof-rugged-case-cases-cover-with-belt-clip-and-carabiner_white-background.webp","type":"image\/webp"}],"twitter_card":"summary_large_image","twitter_misc":{"Estimated reading time":"1 minute"},"schema":{"@context":"https:\/\/schema.org","@graph":[{"@type":"WebPage","@id":"https:\/\/atana.pl\/sklep-on-line\/armor-x\/etui\/apple\/etui-pancerne-apple-iphone-xi-pro-58-2\/","url":"https:\/\/atana.pl\/sklep-on-line\/armor-x\/etui\/apple\/etui-pancerne-apple-iphone-xi-pro-58-2\/","name":"Etui Pancerne Apple iPhone XI PRO - 5,8\" - Atana","isPartOf":{"@id":"https:\/\/atana.pl\/#website"},"primaryImageOfPage":{"@id":"https:\/\/atana.pl\/sklep-on-line\/armor-x\/etui\/apple\/etui-pancerne-apple-iphone-xi-pro-58-2\/#primaryimage"},"image":{"@id":"https:\/\/atana.pl\/sklep-on-line\/armor-x\/etui\/apple\/etui-pancerne-apple-iphone-xi-pro-58-2\/#primaryimage"},"thumbnailUrl":"https:\/\/atana.pl\/wp-content\/uploads\/1967\/01\/dx-iph-11pro-58_-armorx-2-in-1-shockproof-rugged-case-cases-cover-with-belt-clip-and-carabiner_white-background.webp","datePublished":"2026-01-20T13:30:49+00:00","dateModified":"2026-01-20T14:36:48+00:00","description":"Pancerne etui Armor-X DX-IPH-11PRO do iPhone 11 Pro \u2013 rugged ochrona do marine, outdooru i pracy terenowej. Kompatybilne z uchwytami X-Mount","breadcrumb":{"@id":"https:\/\/atana.pl\/sklep-on-line\/armor-x\/etui\/apple\/etui-pancerne-apple-iphone-xi-pro-58-2\/#breadcrumb"},"inLanguage":"en-GB","potentialAction":[{"@type":"ReadAction","target":["https:\/\/atana.pl\/sklep-on-line\/armor-x\/etui\/apple\/etui-pancerne-apple-iphone-xi-pro-58-2\/"]}]},{"@type":"ImageObject","inLanguage":"en-GB","@id":"https:\/\/atana.pl\/sklep-on-line\/armor-x\/etui\/apple\/etui-pancerne-apple-iphone-xi-pro-58-2\/#primaryimage","url":"https:\/\/atana.pl\/wp-content\/uploads\/1967\/01\/dx-iph-11pro-58_-armorx-2-in-1-shockproof-rugged-case-cases-cover-with-belt-clip-and-carabiner_white-background.webp","contentUrl":"https:\/\/atana.pl\/wp-content\/uploads\/1967\/01\/dx-iph-11pro-58_-armorx-2-in-1-shockproof-rugged-case-cases-cover-with-belt-clip-and-carabiner_white-background.webp","width":1000,"height":1000,"caption":"dx iph 11pro 5,8 armorx 2 in 1 shockproof rugged case cases cover with belt clip and carabiner white background"},{"@type":"BreadcrumbList","@id":"https:\/\/atana.pl\/sklep-on-line\/armor-x\/etui\/apple\/etui-pancerne-apple-iphone-xi-pro-58-2\/#breadcrumb","itemListElement":[{"@type":"ListItem","position":1,"name":"Strona g\u0142\u00f3wna","item":"https:\/\/atana.pl\/"},{"@type":"ListItem","position":2,"name":"Sklep on-line","item":"https:\/\/atana.pl\/sklep-on-line\/"},{"@type":"ListItem","position":3,"name":"Etui Pancerne Apple iPhone XI PRO &#8211; 5,8&#8243;"}]},{"@type":"WebSite","@id":"https:\/\/atana.pl\/#website","url":"https:\/\/atana.pl\/","name":"Atana","description":"Akcesoria do \u0142odzi, kamper\u00f3w i przyczep. \u0141odzie motorowe","publisher":{"@id":"https:\/\/atana.pl\/#organization"},"potentialAction":[{"@type":"SearchAction","target":{"@type":"EntryPoint","urlTemplate":"https:\/\/atana.pl\/?s={search_term_string}"},"query-input":{"@type":"PropertyValueSpecification","valueRequired":true,"valueName":"search_term_string"}}],"inLanguage":"en-GB"},{"@type":"Organization","@id":"https:\/\/atana.pl\/#organization","name":"Atana","url":"https:\/\/atana.pl\/","logo":{"@type":"ImageObject","inLanguage":"en-GB","@id":"https:\/\/atana.pl\/#\/schema\/logo\/image\/","url":"","contentUrl":"","caption":"Atana"},"image":{"@id":"https:\/\/atana.pl\/#\/schema\/logo\/image\/"},"sameAs":["https:\/\/www.facebook.com\/atanayachts","https:\/\/www.instagram.com\/atanaboats\/","https:\/\/www.youtube.com\/channel\/UClMMmVqqx17in9QzgxK90Mw"]}]}},"_links":{"self":[{"href":"https:\/\/atana.pl\/en\/wp-json\/wp\/v2\/product\/8150","targetHints":{"allow":["GET"]}}],"collection":[{"href":"https:\/\/atana.pl\/en\/wp-json\/wp\/v2\/product"}],"about":[{"href":"https:\/\/atana.pl\/en\/wp-json\/wp\/v2\/types\/product"}],"wp:featuredmedia":[{"embeddable":true,"href":"https:\/\/atana.pl\/en\/wp-json\/wp\/v2\/media\/8149"}],"wp:attachment":[{"href":"https:\/\/atana.pl\/en\/wp-json\/wp\/v2\/media?parent=8150"}],"wp:term":[{"taxonomy":"product_brand","embeddable":true,"href":"https:\/\/atana.pl\/en\/wp-json\/wp\/v2\/product_brand?post=8150"},{"taxonomy":"product_cat","embeddable":true,"href":"https:\/\/atana.pl\/en\/wp-json\/wp\/v2\/product_cat?post=8150"},{"taxonomy":"product_tag","embeddable":true,"href":"https:\/\/atana.pl\/en\/wp-json\/wp\/v2\/product_tag?post=8150"}],"curies":[{"name":"wp","href":"https:\/\/api.w.org\/{rel}","templated":true}]}}