{"id":8138,"date":"2026-01-20T12:25:13","date_gmt":"2026-01-20T11:25:13","guid":{"rendered":"https:\/\/atana.pl\/?post_type=product&#038;p=8138"},"modified":"2026-01-20T14:30:33","modified_gmt":"2026-01-20T13:30:33","slug":"etui-wodoodporne-apple-iphone-xi-pro-58","status":"publish","type":"product","link":"https:\/\/atana.pl\/en\/online-shop\/armor-x\/etui\/apple\/etui-wodoodporne-apple-iphone-xi-pro-58\/","title":{"rendered":"Etui Wodoodporne Apple iPhone XI PRO 5,8&#8243;"},"content":{"rendered":"<h1 data-start=\"177\" data-end=\"269\">\u2693 Armor-X MX-IPH-11PRO \u2013 wodoodporne etui IP68 do iPhone 11 Pro z X-Mount i karabi\u0144czykiem<\/h1>\n<p data-start=\"289\" data-end=\"641\"><strong data-start=\"289\" data-end=\"313\">Armor-X MX-IPH-11PRO<\/strong> to <strong data-start=\"317\" data-end=\"380\">profesjonalne, w pe\u0142ni wodoodporne etui ochronne klasy IP68<\/strong> zaprojektowane specjalnie dla <strong data-start=\"411\" data-end=\"441\">Apple iPhone 11 Pro (5,8&#8243;)<\/strong>. Etui zapewnia <strong data-start=\"457\" data-end=\"536\">maksymaln\u0105 ochron\u0119 przed wod\u0105, wstrz\u0105sami, kurzem i ekstremalnymi warunkami<\/strong>, dzi\u0119ki czemu doskonale sprawdza si\u0119 w <strong data-start=\"576\" data-end=\"640\">marine, outdoorze, sporcie oraz wymagaj\u0105cym \u015brodowisku pracy<\/strong>.<\/p>\n<p data-start=\"643\" data-end=\"704\">Model ten jest szczeg\u00f3lnie polecany do zastosowa\u0144 takich jak:<\/p>\n<ul data-start=\"705\" data-end=\"869\">\n<li data-start=\"705\" data-end=\"741\">\n<p data-start=\"707\" data-end=\"741\"><strong data-start=\"707\" data-end=\"738\">\u017ceglarstwo, \u0142odzie i jachty<\/strong>,<\/p>\n<\/li>\n<li data-start=\"742\" data-end=\"776\">\n<p data-start=\"744\" data-end=\"776\"><strong data-start=\"744\" data-end=\"773\">turystyka wodna i outdoor<\/strong>,<\/p>\n<\/li>\n<li data-start=\"777\" data-end=\"812\">\n<p data-start=\"779\" data-end=\"812\"><strong data-start=\"779\" data-end=\"809\">praca terenowa i serwisowa<\/strong>,<\/p>\n<\/li>\n<li data-start=\"813\" data-end=\"869\">\n<p data-start=\"815\" data-end=\"869\"><strong data-start=\"815\" data-end=\"868\">\u015brodowiska przemys\u0142owe, gastronomiczne i medyczne<\/strong>.<\/p>\n<\/li>\n<\/ul>\n<hr data-start=\"871\" data-end=\"874\" \/>\n<h2 data-start=\"876\" data-end=\"912\">Ochrona IP68 i standard militarny<\/h2>\n<p data-start=\"914\" data-end=\"928\">Etui zapewnia:<\/p>\n<ul data-start=\"929\" data-end=\"1136\">\n<li data-start=\"929\" data-end=\"1000\">\n<p data-start=\"931\" data-end=\"1000\"><strong data-start=\"931\" data-end=\"953\">wodoodporno\u015b\u0107 IP68<\/strong> \u2013 zanurzenie do <strong data-start=\"970\" data-end=\"997\">2 metr\u00f3w przez 60 minut<\/strong>,<\/p>\n<\/li>\n<li data-start=\"1001\" data-end=\"1066\">\n<p data-start=\"1003\" data-end=\"1066\"><strong data-start=\"1003\" data-end=\"1044\">odporno\u015b\u0107 na upadki z wysoko\u015bci 1,2 m<\/strong> (MIL-STD-810F-516),<\/p>\n<\/li>\n<li data-start=\"1067\" data-end=\"1136\">\n<p data-start=\"1069\" data-end=\"1136\">pe\u0142n\u0105 ochron\u0119 przed <strong data-start=\"1089\" data-end=\"1135\">kurzem, piaskiem, \u015bniegiem, b\u0142otem i lodem<\/strong>.<\/p>\n<\/li>\n<\/ul>\n<p data-start=\"1138\" data-end=\"1269\">Zintegrowana, <strong data-start=\"1152\" data-end=\"1190\">krystalicznie czysta os\u0142ona ekranu<\/strong> umo\u017cliwia obs\u0142ug\u0119 telefonu tak\u017ce w <strong data-start=\"1226\" data-end=\"1268\">r\u0119kawicach ochronnych i chirurgicznych<\/strong>.<\/p>\n<hr data-start=\"1271\" data-end=\"1274\" \/>\n<h2 data-start=\"1276\" data-end=\"1325\">Konstrukcja rugged do intensywnego u\u017cytkowania<\/h2>\n<ul data-start=\"1327\" data-end=\"1610\">\n<li data-start=\"1327\" data-end=\"1381\">\n<p data-start=\"1329\" data-end=\"1381\">Pe\u0142na ochrona <strong data-start=\"1343\" data-end=\"1378\">kraw\u0119dzi i naro\u017cnik\u00f3w smartfona<\/strong>,<\/p>\n<\/li>\n<li data-start=\"1382\" data-end=\"1439\">\n<p data-start=\"1384\" data-end=\"1439\">Podniesione ranty chroni\u0105ce ekran i obiektyw aparatu,<\/p>\n<\/li>\n<li data-start=\"1440\" data-end=\"1488\">\n<p data-start=\"1442\" data-end=\"1488\">Precyzyjne dopasowanie do <strong data-start=\"1468\" data-end=\"1485\">iPhone 11 Pro<\/strong>,<\/p>\n<\/li>\n<li data-start=\"1489\" data-end=\"1563\">\n<p data-start=\"1491\" data-end=\"1563\">Dok\u0142adne wyci\u0119cia i <strong data-start=\"1511\" data-end=\"1530\">tactile buttons<\/strong> zapewniaj\u0105ce wyra\u017any feedback,<\/p>\n<\/li>\n<li data-start=\"1564\" data-end=\"1610\">\n<p data-start=\"1566\" data-end=\"1610\">Smuk\u0142a forma mimo pe\u0142nej, pancernej ochrony.<\/p>\n<\/li>\n<\/ul>\n<p data-start=\"1612\" data-end=\"1699\">Etui zaprojektowano tak, aby <strong data-start=\"1641\" data-end=\"1698\">chroni\u0107 telefon bez ograniczania jego funkcjonalno\u015bci<\/strong>.<\/p>\n<hr data-start=\"1701\" data-end=\"1704\" \/>\n<h2 data-start=\"1706\" data-end=\"1743\">Zintegrowany system X-Mount TYPE-K<\/h2>\n<p data-start=\"1745\" data-end=\"1865\">Wbudowany <strong data-start=\"1755\" data-end=\"1781\">adapter X-Mount TYPE-K<\/strong> umo\u017cliwia szybkie i stabilne mocowanie telefonu do szerokiej gamy uchwyt\u00f3w Armor-X:<\/p>\n<ul data-start=\"1866\" data-end=\"1971\">\n<li data-start=\"1866\" data-end=\"1899\">\n<p data-start=\"1868\" data-end=\"1899\">uchwyty jachtowe i relingowe,<\/p>\n<\/li>\n<li data-start=\"1900\" data-end=\"1935\">\n<p data-start=\"1902\" data-end=\"1935\">uchwyty rowerowe i motocyklowe,<\/p>\n<\/li>\n<li data-start=\"1936\" data-end=\"1971\">\n<p data-start=\"1938\" data-end=\"1971\">uchwyty samochodowe i outdoorowe.<\/p>\n<\/li>\n<\/ul>\n<p data-start=\"1973\" data-end=\"2012\">Dzi\u0119ki temu iPhone mo\u017ce pe\u0142ni\u0107 funkcj\u0119:<\/p>\n<ul data-start=\"2013\" data-end=\"2145\">\n<li data-start=\"2013\" data-end=\"2035\">\n<p data-start=\"2015\" data-end=\"2035\"><strong data-start=\"2015\" data-end=\"2032\">nawigacji GPS<\/strong>,<\/p>\n<\/li>\n<li data-start=\"2036\" data-end=\"2066\">\n<p data-start=\"2038\" data-end=\"2066\"><strong data-start=\"2038\" data-end=\"2063\">plotera nawigacyjnego<\/strong>,<\/p>\n<\/li>\n<li data-start=\"2067\" data-end=\"2108\">\n<p data-start=\"2069\" data-end=\"2108\"><strong data-start=\"2069\" data-end=\"2105\">ekranu roboczego lub steruj\u0105cego<\/strong>,<\/p>\n<\/li>\n<li data-start=\"2109\" data-end=\"2145\">\n<p data-start=\"2111\" data-end=\"2145\"><strong data-start=\"2111\" data-end=\"2144\">centrum komunikacji w terenie<\/strong>.<\/p>\n<\/li>\n<\/ul>\n<hr data-start=\"2147\" data-end=\"2150\" \/>\n<h2 data-start=\"2152\" data-end=\"2193\">System ActiveKEY i mobilno\u015b\u0107 w terenie<\/h2>\n<p data-start=\"2195\" data-end=\"2283\">Etui wyposa\u017cono w <strong data-start=\"2213\" data-end=\"2233\">system ActiveKEY<\/strong>, kt\u00f3ry zawiera <strong data-start=\"2249\" data-end=\"2282\">3 wymienne modu\u0142y narz\u0119dziowe<\/strong>:<\/p>\n<ul data-start=\"2284\" data-end=\"2360\">\n<li data-start=\"2284\" data-end=\"2307\">\n<p data-start=\"2286\" data-end=\"2307\">uchwyt magnetyczny,<\/p>\n<\/li>\n<li data-start=\"2308\" data-end=\"2331\">\n<p data-start=\"2310\" data-end=\"2331\">wysuwacz karty SIM,<\/p>\n<\/li>\n<li data-start=\"2332\" data-end=\"2360\">\n<p data-start=\"2334\" data-end=\"2360\">mini pojemnik narz\u0119dziowy.<\/p>\n<\/li>\n<\/ul>\n<p data-start=\"2362\" data-end=\"2372\">Dodatkowo:<\/p>\n<ul data-start=\"2373\" data-end=\"2505\">\n<li data-start=\"2373\" data-end=\"2441\">\n<p data-start=\"2375\" data-end=\"2441\"><strong data-start=\"2375\" data-end=\"2408\">uchwyt na pasek i karabi\u0144czyk<\/strong> u\u0142atwia transport w outdoorze,<\/p>\n<\/li>\n<li data-start=\"2442\" data-end=\"2505\">\n<p data-start=\"2444\" data-end=\"2505\">mo\u017cliwo\u015b\u0107 przypi\u0119cia telefonu do plecaka, kamizelki lub pasa.<\/p>\n<\/li>\n<\/ul>\n<p data-start=\"2507\" data-end=\"2579\">\u2714 Obs\u0142uga <strong data-start=\"2517\" data-end=\"2546\">\u0142adowania bezprzewodowego<\/strong> <em data-start=\"2547\" data-end=\"2578\">(z modu\u0142em SIM \/ Tool holder)<\/em>.<\/p>\n<hr data-start=\"2581\" data-end=\"2584\" \/>\n<h2 data-start=\"2586\" data-end=\"2622\">Odporno\u015b\u0107 chemiczna i dezynfekcja<\/h2>\n<p data-start=\"2624\" data-end=\"2724\">Etui charakteryzuje si\u0119 <strong data-start=\"2648\" data-end=\"2680\">wysok\u0105 odporno\u015bci\u0105 chemiczn\u0105<\/strong> na standardowe \u015brodki dezynfekuj\u0105ce, w tym:<\/p>\n<ul data-start=\"2725\" data-end=\"2829\">\n<li data-start=\"2725\" data-end=\"2738\">\n<p data-start=\"2727\" data-end=\"2738\">propanol,<\/p>\n<\/li>\n<li data-start=\"2739\" data-end=\"2750\">\n<p data-start=\"2741\" data-end=\"2750\">etanol,<\/p>\n<\/li>\n<li data-start=\"2751\" data-end=\"2776\">\n<p data-start=\"2753\" data-end=\"2776\">chlorek benzalkonium,<\/p>\n<\/li>\n<li data-start=\"2777\" data-end=\"2808\">\n<p data-start=\"2779\" data-end=\"2808\">siarczan etylu mecetronium,<\/p>\n<\/li>\n<li data-start=\"2809\" data-end=\"2829\">\n<p data-start=\"2811\" data-end=\"2829\">kwas undecylenowy.<\/p>\n<\/li>\n<\/ul>\n<p data-start=\"2831\" data-end=\"2905\">Mo\u017cliwe czyszczenie m.in. <strong data-start=\"2857\" data-end=\"2904\">Super Sani-Cloth Germicidal Disposable Wipe<\/strong>.<\/p>\n<hr data-start=\"2907\" data-end=\"2910\" \/>\n<h2 data-start=\"2912\" data-end=\"2937\">Kompatybilno\u015b\u0107 i uwagi<\/h2>\n<p data-start=\"2939\" data-end=\"3000\">\u2714 Apple iPhone 11 Pro (5,8&#8243;)<br data-start=\"2967\" data-end=\"2970\" \/>\u2714 Oryginalny produkt Armor-X<\/p>\n<p data-start=\"3002\" data-end=\"3103\">\u26a0 Uchwyty X-Mount (rowerowe, klipsy, opaski) <strong data-start=\"3047\" data-end=\"3078\">nie s\u0105 do\u0142\u0105czone do zestawu<\/strong> i sprzedawane s\u0105 osobno.<\/p>\n<hr data-start=\"3105\" data-end=\"3108\" \/>\n<h2 data-start=\"3110\" data-end=\"3124\">Idealne do:<\/h2>\n<ul data-start=\"3126\" data-end=\"3320\">\n<li data-start=\"3126\" data-end=\"3157\">\n<p data-start=\"3128\" data-end=\"3157\">\u0141odzi motorowych i jacht\u00f3w.<\/p>\n<\/li>\n<li data-start=\"3158\" data-end=\"3192\">\n<p data-start=\"3160\" data-end=\"3192\">\u017beglarstwa i turystyki wodnej.<\/p>\n<\/li>\n<li data-start=\"3193\" data-end=\"3230\">\n<p data-start=\"3195\" data-end=\"3230\">Outdooru i sport\u00f3w ekstremalnych.<\/p>\n<\/li>\n<li data-start=\"3231\" data-end=\"3266\">\n<p data-start=\"3233\" data-end=\"3266\">Pracy terenowej i przemys\u0142owej.<\/p>\n<\/li>\n<li data-start=\"3267\" data-end=\"3320\">\n<p data-start=\"3269\" data-end=\"3320\">Gastronomii i \u015brodowisk wymagaj\u0105cych dezynfekcji.<\/p>\n<\/li>\n<\/ul>","protected":false},"excerpt":{"rendered":"<p>Wodoodporne etui Armor-X MX IP68 do iPhone 11 Pro z X-Mount TYPE-K, ActiveKEY i karabi\u0144czykiem.<\/p>","protected":false},"featured_media":8140,"template":"","meta":{"_acf_changed":false},"product_brand":[],"product_cat":[1310,1307,1308],"product_tag":[1445,1316,1526,1531,1523,1323,1320,1468,1434,1532,1318],"class_list":{"0":"post-8138","1":"product","2":"type-product","3":"status-publish","4":"has-post-thumbnail","6":"product_cat-apple","7":"product_cat-armor-x","8":"product_cat-etui","9":"product_tag-activekey","10":"product_tag-armor-x","11":"product_tag-etui-ip68-iphone","12":"product_tag-etui-iphone-11-pro","13":"product_tag-etui-marine-iphone","14":"product_tag-etui-outdoor-iphone","15":"product_tag-etui-rugged-iphone","16":"product_tag-etui-x-mount-type-k","17":"product_tag-etui-z-karabinczykiem","18":"product_tag-mx-iph-11pro","19":"product_tag-wodoodporne-etui-iphone","21":"first","22":"instock","23":"taxable","24":"shipping-taxable","25":"purchasable","26":"product-type-simple"},"acf":[],"yoast_head":"<!-- This site is optimized with the Yoast SEO plugin v25.2 - https:\/\/yoast.com\/wordpress\/plugins\/seo\/ -->\n<title>Etui Wodoodporne Apple iPhone XI PRO 5,8&quot; - Atana<\/title>\n<meta name=\"description\" content=\"Wodoodporne etui Armor-X MX IP68 do iPhone 11 Pro. Ochrona rugged z X-Mount do marine i outdooru. Kompatybilne z uchwytami X-Mount\" \/>\n<meta name=\"robots\" content=\"index, follow, max-snippet:-1, max-image-preview:large, max-video-preview:-1\" \/>\n<link rel=\"canonical\" href=\"https:\/\/atana.pl\/en\/online-shop\/armor-x\/etui\/apple\/etui-wodoodporne-apple-iphone-xi-pro-58\/\" \/>\n<meta property=\"og:locale\" content=\"en_GB\" \/>\n<meta property=\"og:type\" content=\"article\" \/>\n<meta property=\"og:title\" content=\"Etui Wodoodporne Apple iPhone XI PRO 5,8&quot; - Atana\" \/>\n<meta property=\"og:description\" content=\"Wodoodporne etui Armor-X MX IP68 do iPhone 11 Pro. Ochrona rugged z X-Mount do marine i outdooru. Kompatybilne z uchwytami X-Mount\" \/>\n<meta property=\"og:url\" content=\"https:\/\/atana.pl\/en\/online-shop\/armor-x\/etui\/apple\/etui-wodoodporne-apple-iphone-xi-pro-58\/\" \/>\n<meta property=\"og:site_name\" content=\"Atana\" \/>\n<meta property=\"article:publisher\" content=\"https:\/\/www.facebook.com\/atanayachts\" \/>\n<meta property=\"article:modified_time\" content=\"2026-01-20T13:30:33+00:00\" \/>\n<meta property=\"og:image\" content=\"https:\/\/atana.pl\/wp-content\/uploads\/1967\/01\/mx-iph-11pro-iphone-11-pro-armor-x-armorx-ip68-waterproof-shockproof-rugged-case-cases-cover-with-carabiner_5_6fedd46a-58b7-43ef-bd1b-f8faebb4a0db.webp\" \/>\n\t<meta property=\"og:image:width\" content=\"1000\" \/>\n\t<meta property=\"og:image:height\" content=\"1000\" \/>\n\t<meta property=\"og:image:type\" content=\"image\/webp\" \/>\n<meta name=\"twitter:card\" content=\"summary_large_image\" \/>\n<meta name=\"twitter:label1\" content=\"Estimated reading time\" \/>\n\t<meta name=\"twitter:data1\" content=\"2 minutes\" \/>\n<script type=\"application\/ld+json\" class=\"yoast-schema-graph\">{\"@context\":\"https:\/\/schema.org\",\"@graph\":[{\"@type\":\"WebPage\",\"@id\":\"https:\/\/atana.pl\/sklep-on-line\/armor-x\/etui\/apple\/etui-wodoodporne-apple-iphone-xi-pro-58\/\",\"url\":\"https:\/\/atana.pl\/sklep-on-line\/armor-x\/etui\/apple\/etui-wodoodporne-apple-iphone-xi-pro-58\/\",\"name\":\"Etui Wodoodporne Apple iPhone XI PRO 5,8\\\" - Atana\",\"isPartOf\":{\"@id\":\"https:\/\/atana.pl\/#website\"},\"primaryImageOfPage\":{\"@id\":\"https:\/\/atana.pl\/sklep-on-line\/armor-x\/etui\/apple\/etui-wodoodporne-apple-iphone-xi-pro-58\/#primaryimage\"},\"image\":{\"@id\":\"https:\/\/atana.pl\/sklep-on-line\/armor-x\/etui\/apple\/etui-wodoodporne-apple-iphone-xi-pro-58\/#primaryimage\"},\"thumbnailUrl\":\"https:\/\/atana.pl\/wp-content\/uploads\/1967\/01\/mx-iph-11pro-iphone-11-pro-armor-x-armorx-ip68-waterproof-shockproof-rugged-case-cases-cover-with-carabiner_5_6fedd46a-58b7-43ef-bd1b-f8faebb4a0db.webp\",\"datePublished\":\"2026-01-20T11:25:13+00:00\",\"dateModified\":\"2026-01-20T13:30:33+00:00\",\"description\":\"Wodoodporne etui Armor-X MX IP68 do iPhone 11 Pro. Ochrona rugged z X-Mount do marine i outdooru. Kompatybilne z uchwytami X-Mount\",\"breadcrumb\":{\"@id\":\"https:\/\/atana.pl\/sklep-on-line\/armor-x\/etui\/apple\/etui-wodoodporne-apple-iphone-xi-pro-58\/#breadcrumb\"},\"inLanguage\":\"en-GB\",\"potentialAction\":[{\"@type\":\"ReadAction\",\"target\":[\"https:\/\/atana.pl\/sklep-on-line\/armor-x\/etui\/apple\/etui-wodoodporne-apple-iphone-xi-pro-58\/\"]}]},{\"@type\":\"ImageObject\",\"inLanguage\":\"en-GB\",\"@id\":\"https:\/\/atana.pl\/sklep-on-line\/armor-x\/etui\/apple\/etui-wodoodporne-apple-iphone-xi-pro-58\/#primaryimage\",\"url\":\"https:\/\/atana.pl\/wp-content\/uploads\/1967\/01\/mx-iph-11pro-iphone-11-pro-armor-x-armorx-ip68-waterproof-shockproof-rugged-case-cases-cover-with-carabiner_5_6fedd46a-58b7-43ef-bd1b-f8faebb4a0db.webp\",\"contentUrl\":\"https:\/\/atana.pl\/wp-content\/uploads\/1967\/01\/mx-iph-11pro-iphone-11-pro-armor-x-armorx-ip68-waterproof-shockproof-rugged-case-cases-cover-with-carabiner_5_6fedd46a-58b7-43ef-bd1b-f8faebb4a0db.webp\",\"width\":1000,\"height\":1000,\"caption\":\"mx iph 11pro iphone 11 pro armor x armorx ip68 waterproof shockproof rugged case cases cover with carabiner 5 6fedd46a 58b7 43ef bd1b f8faebb4a0db\"},{\"@type\":\"BreadcrumbList\",\"@id\":\"https:\/\/atana.pl\/sklep-on-line\/armor-x\/etui\/apple\/etui-wodoodporne-apple-iphone-xi-pro-58\/#breadcrumb\",\"itemListElement\":[{\"@type\":\"ListItem\",\"position\":1,\"name\":\"Strona g\u0142\u00f3wna\",\"item\":\"https:\/\/atana.pl\/\"},{\"@type\":\"ListItem\",\"position\":2,\"name\":\"Sklep on-line\",\"item\":\"https:\/\/atana.pl\/sklep-on-line\/\"},{\"@type\":\"ListItem\",\"position\":3,\"name\":\"Etui Wodoodporne Apple iPhone XI PRO 5,8&#8243;\"}]},{\"@type\":\"WebSite\",\"@id\":\"https:\/\/atana.pl\/#website\",\"url\":\"https:\/\/atana.pl\/\",\"name\":\"Atana\",\"description\":\"Akcesoria do \u0142odzi, kamper\u00f3w i przyczep. \u0141odzie motorowe\",\"publisher\":{\"@id\":\"https:\/\/atana.pl\/#organization\"},\"potentialAction\":[{\"@type\":\"SearchAction\",\"target\":{\"@type\":\"EntryPoint\",\"urlTemplate\":\"https:\/\/atana.pl\/?s={search_term_string}\"},\"query-input\":{\"@type\":\"PropertyValueSpecification\",\"valueRequired\":true,\"valueName\":\"search_term_string\"}}],\"inLanguage\":\"en-GB\"},{\"@type\":\"Organization\",\"@id\":\"https:\/\/atana.pl\/#organization\",\"name\":\"Atana\",\"url\":\"https:\/\/atana.pl\/\",\"logo\":{\"@type\":\"ImageObject\",\"inLanguage\":\"en-GB\",\"@id\":\"https:\/\/atana.pl\/#\/schema\/logo\/image\/\",\"url\":\"\",\"contentUrl\":\"\",\"caption\":\"Atana\"},\"image\":{\"@id\":\"https:\/\/atana.pl\/#\/schema\/logo\/image\/\"},\"sameAs\":[\"https:\/\/www.facebook.com\/atanayachts\",\"https:\/\/www.instagram.com\/atanaboats\/\",\"https:\/\/www.youtube.com\/channel\/UClMMmVqqx17in9QzgxK90Mw\"]}]}<\/script>\n<!-- \/ Yoast SEO plugin. -->","yoast_head_json":{"title":"Etui Wodoodporne Apple iPhone XI PRO 5,8\" - Atana","description":"Wodoodporne etui Armor-X MX IP68 do iPhone 11 Pro. Ochrona rugged z X-Mount do marine i outdooru. Kompatybilne z uchwytami X-Mount","robots":{"index":"index","follow":"follow","max-snippet":"max-snippet:-1","max-image-preview":"max-image-preview:large","max-video-preview":"max-video-preview:-1"},"canonical":"https:\/\/atana.pl\/en\/online-shop\/armor-x\/etui\/apple\/etui-wodoodporne-apple-iphone-xi-pro-58\/","og_locale":"en_GB","og_type":"article","og_title":"Etui Wodoodporne Apple iPhone XI PRO 5,8\" - Atana","og_description":"Wodoodporne etui Armor-X MX IP68 do iPhone 11 Pro. Ochrona rugged z X-Mount do marine i outdooru. Kompatybilne z uchwytami X-Mount","og_url":"https:\/\/atana.pl\/en\/online-shop\/armor-x\/etui\/apple\/etui-wodoodporne-apple-iphone-xi-pro-58\/","og_site_name":"Atana","article_publisher":"https:\/\/www.facebook.com\/atanayachts","article_modified_time":"2026-01-20T13:30:33+00:00","og_image":[{"width":1000,"height":1000,"url":"https:\/\/atana.pl\/wp-content\/uploads\/1967\/01\/mx-iph-11pro-iphone-11-pro-armor-x-armorx-ip68-waterproof-shockproof-rugged-case-cases-cover-with-carabiner_5_6fedd46a-58b7-43ef-bd1b-f8faebb4a0db.webp","type":"image\/webp"}],"twitter_card":"summary_large_image","twitter_misc":{"Estimated reading time":"2 minutes"},"schema":{"@context":"https:\/\/schema.org","@graph":[{"@type":"WebPage","@id":"https:\/\/atana.pl\/sklep-on-line\/armor-x\/etui\/apple\/etui-wodoodporne-apple-iphone-xi-pro-58\/","url":"https:\/\/atana.pl\/sklep-on-line\/armor-x\/etui\/apple\/etui-wodoodporne-apple-iphone-xi-pro-58\/","name":"Etui Wodoodporne Apple iPhone XI PRO 5,8\" - Atana","isPartOf":{"@id":"https:\/\/atana.pl\/#website"},"primaryImageOfPage":{"@id":"https:\/\/atana.pl\/sklep-on-line\/armor-x\/etui\/apple\/etui-wodoodporne-apple-iphone-xi-pro-58\/#primaryimage"},"image":{"@id":"https:\/\/atana.pl\/sklep-on-line\/armor-x\/etui\/apple\/etui-wodoodporne-apple-iphone-xi-pro-58\/#primaryimage"},"thumbnailUrl":"https:\/\/atana.pl\/wp-content\/uploads\/1967\/01\/mx-iph-11pro-iphone-11-pro-armor-x-armorx-ip68-waterproof-shockproof-rugged-case-cases-cover-with-carabiner_5_6fedd46a-58b7-43ef-bd1b-f8faebb4a0db.webp","datePublished":"2026-01-20T11:25:13+00:00","dateModified":"2026-01-20T13:30:33+00:00","description":"Wodoodporne etui Armor-X MX IP68 do iPhone 11 Pro. Ochrona rugged z X-Mount do marine i outdooru. Kompatybilne z uchwytami X-Mount","breadcrumb":{"@id":"https:\/\/atana.pl\/sklep-on-line\/armor-x\/etui\/apple\/etui-wodoodporne-apple-iphone-xi-pro-58\/#breadcrumb"},"inLanguage":"en-GB","potentialAction":[{"@type":"ReadAction","target":["https:\/\/atana.pl\/sklep-on-line\/armor-x\/etui\/apple\/etui-wodoodporne-apple-iphone-xi-pro-58\/"]}]},{"@type":"ImageObject","inLanguage":"en-GB","@id":"https:\/\/atana.pl\/sklep-on-line\/armor-x\/etui\/apple\/etui-wodoodporne-apple-iphone-xi-pro-58\/#primaryimage","url":"https:\/\/atana.pl\/wp-content\/uploads\/1967\/01\/mx-iph-11pro-iphone-11-pro-armor-x-armorx-ip68-waterproof-shockproof-rugged-case-cases-cover-with-carabiner_5_6fedd46a-58b7-43ef-bd1b-f8faebb4a0db.webp","contentUrl":"https:\/\/atana.pl\/wp-content\/uploads\/1967\/01\/mx-iph-11pro-iphone-11-pro-armor-x-armorx-ip68-waterproof-shockproof-rugged-case-cases-cover-with-carabiner_5_6fedd46a-58b7-43ef-bd1b-f8faebb4a0db.webp","width":1000,"height":1000,"caption":"mx iph 11pro iphone 11 pro armor x armorx ip68 waterproof shockproof rugged case cases cover with carabiner 5 6fedd46a 58b7 43ef bd1b f8faebb4a0db"},{"@type":"BreadcrumbList","@id":"https:\/\/atana.pl\/sklep-on-line\/armor-x\/etui\/apple\/etui-wodoodporne-apple-iphone-xi-pro-58\/#breadcrumb","itemListElement":[{"@type":"ListItem","position":1,"name":"Strona g\u0142\u00f3wna","item":"https:\/\/atana.pl\/"},{"@type":"ListItem","position":2,"name":"Sklep on-line","item":"https:\/\/atana.pl\/sklep-on-line\/"},{"@type":"ListItem","position":3,"name":"Etui Wodoodporne Apple iPhone XI PRO 5,8&#8243;"}]},{"@type":"WebSite","@id":"https:\/\/atana.pl\/#website","url":"https:\/\/atana.pl\/","name":"Atana","description":"Akcesoria do \u0142odzi, kamper\u00f3w i przyczep. \u0141odzie motorowe","publisher":{"@id":"https:\/\/atana.pl\/#organization"},"potentialAction":[{"@type":"SearchAction","target":{"@type":"EntryPoint","urlTemplate":"https:\/\/atana.pl\/?s={search_term_string}"},"query-input":{"@type":"PropertyValueSpecification","valueRequired":true,"valueName":"search_term_string"}}],"inLanguage":"en-GB"},{"@type":"Organization","@id":"https:\/\/atana.pl\/#organization","name":"Atana","url":"https:\/\/atana.pl\/","logo":{"@type":"ImageObject","inLanguage":"en-GB","@id":"https:\/\/atana.pl\/#\/schema\/logo\/image\/","url":"","contentUrl":"","caption":"Atana"},"image":{"@id":"https:\/\/atana.pl\/#\/schema\/logo\/image\/"},"sameAs":["https:\/\/www.facebook.com\/atanayachts","https:\/\/www.instagram.com\/atanaboats\/","https:\/\/www.youtube.com\/channel\/UClMMmVqqx17in9QzgxK90Mw"]}]}},"_links":{"self":[{"href":"https:\/\/atana.pl\/en\/wp-json\/wp\/v2\/product\/8138","targetHints":{"allow":["GET"]}}],"collection":[{"href":"https:\/\/atana.pl\/en\/wp-json\/wp\/v2\/product"}],"about":[{"href":"https:\/\/atana.pl\/en\/wp-json\/wp\/v2\/types\/product"}],"wp:featuredmedia":[{"embeddable":true,"href":"https:\/\/atana.pl\/en\/wp-json\/wp\/v2\/media\/8140"}],"wp:attachment":[{"href":"https:\/\/atana.pl\/en\/wp-json\/wp\/v2\/media?parent=8138"}],"wp:term":[{"taxonomy":"product_brand","embeddable":true,"href":"https:\/\/atana.pl\/en\/wp-json\/wp\/v2\/product_brand?post=8138"},{"taxonomy":"product_cat","embeddable":true,"href":"https:\/\/atana.pl\/en\/wp-json\/wp\/v2\/product_cat?post=8138"},{"taxonomy":"product_tag","embeddable":true,"href":"https:\/\/atana.pl\/en\/wp-json\/wp\/v2\/product_tag?post=8138"}],"curies":[{"name":"wp","href":"https:\/\/api.w.org\/{rel}","templated":true}]}}