{"id":8134,"date":"2026-01-20T12:07:41","date_gmt":"2026-01-20T11:07:41","guid":{"rendered":"https:\/\/atana.pl\/?post_type=product&#038;p=8134"},"modified":"2026-01-20T15:35:23","modified_gmt":"2026-01-20T14:35:23","slug":"etui-pancerne-armor-x-apple-iphone-xi-pro-max-58","status":"publish","type":"product","link":"https:\/\/atana.pl\/en\/online-shop\/armor-x\/etui\/apple\/etui-pancerne-armor-x-apple-iphone-xi-pro-max-58\/","title":{"rendered":"Etui pancerne Armor-X &#8211; Apple iPhone XI PRO -5,8&#8243;"},"content":{"rendered":"<h1 data-start=\"164\" data-end=\"266\">\u2693 Armor-X HX-IPH-11PRO-BK \u2013 pancerne etui Military Grade do iPhone 11 Pro z X-Mount i karabi\u0144czykiem<\/h1>\n<p data-start=\"286\" data-end=\"642\"><strong data-start=\"286\" data-end=\"313\">Armor-X HX-IPH-11PRO-BK<\/strong> to <strong data-start=\"317\" data-end=\"364\">pancerne etui ochronne klasy Military Grade<\/strong> zaprojektowane specjalnie dla <strong data-start=\"395\" data-end=\"425\">Apple iPhone 11 Pro (5,8&#8243;)<\/strong>. Model z serii <strong data-start=\"441\" data-end=\"447\">HX<\/strong> \u0142\u0105czy <strong data-start=\"454\" data-end=\"486\">wysok\u0105 odporno\u015b\u0107 mechaniczn\u0105<\/strong>, <strong data-start=\"488\" data-end=\"505\">smuk\u0142y profil<\/strong> oraz <strong data-start=\"511\" data-end=\"539\">system monta\u017cowy X-Mount<\/strong>, dzi\u0119ki czemu doskonale sprawdza si\u0119 w <strong data-start=\"579\" data-end=\"641\">warunkach marine, outdoor, sportowych oraz pracy terenowej<\/strong>.<\/p>\n<p data-start=\"644\" data-end=\"792\">To idealne rozwi\u0105zanie dla u\u017cytkownik\u00f3w, kt\u00f3rzy potrzebuj\u0105 <strong data-start=\"703\" data-end=\"735\">maksymalnej ochrony telefonu<\/strong>, zachowuj\u0105c jednocze\u015bnie wygod\u0119 codziennego u\u017cytkowania.<\/p>\n<hr data-start=\"794\" data-end=\"797\" \/>\n<h2 data-start=\"799\" data-end=\"846\">Ochrona Military Grade i solidna konstrukcja<\/h2>\n<p data-start=\"848\" data-end=\"887\">Etui zapewnia skuteczn\u0105 ochron\u0119 dzi\u0119ki:<\/p>\n<ul data-start=\"888\" data-end=\"1180\">\n<li data-start=\"888\" data-end=\"981\">\n<p data-start=\"890\" data-end=\"981\"><strong data-start=\"890\" data-end=\"920\">sztywnej os\u0142onie przedniej<\/strong> oraz <strong data-start=\"926\" data-end=\"978\">podw\u00f3jnej konstrukcji kompozytowej tylnej cz\u0119\u015bci<\/strong>,<\/p>\n<\/li>\n<li data-start=\"982\" data-end=\"1043\">\n<p data-start=\"984\" data-end=\"1043\">zastosowaniu <strong data-start=\"997\" data-end=\"1040\">wysokiej jako\u015bci poliw\u0119glanu (PC) i TPU<\/strong>,<\/p>\n<\/li>\n<li data-start=\"1044\" data-end=\"1112\">\n<p data-start=\"1046\" data-end=\"1112\"><strong data-start=\"1046\" data-end=\"1073\">amortyzuj\u0105cej ramie TPU<\/strong>, kt\u00f3ra chroni kraw\u0119dzie i naro\u017cniki,<\/p>\n<\/li>\n<li data-start=\"1113\" data-end=\"1180\">\n<p data-start=\"1115\" data-end=\"1180\">odpornej na zarysowania, <strong data-start=\"1140\" data-end=\"1179\">ultraprzezroczystej tylnej obudowie<\/strong>.<\/p>\n<\/li>\n<\/ul>\n<p data-start=\"1182\" data-end=\"1276\">Konstrukcja zosta\u0142a zaprojektowana z my\u015bl\u0105 o <strong data-start=\"1227\" data-end=\"1275\">intensywnym u\u017cytkowaniu w trudnych warunkach<\/strong>.<\/p>\n<hr data-start=\"1278\" data-end=\"1281\" \/>\n<h2 data-start=\"1283\" data-end=\"1324\">Smuk\u0142y profil i precyzyjne dopasowanie<\/h2>\n<ul data-start=\"1326\" data-end=\"1544\">\n<li data-start=\"1326\" data-end=\"1385\">\n<p data-start=\"1328\" data-end=\"1385\">Kieszeniowa, <strong data-start=\"1341\" data-end=\"1382\">ultrasmuk\u0142a konstrukcja (low profile)<\/strong>,<\/p>\n<\/li>\n<li data-start=\"1386\" data-end=\"1431\">\n<p data-start=\"1388\" data-end=\"1431\">Idealne dopasowanie do <strong data-start=\"1411\" data-end=\"1428\">iPhone 11 Pro<\/strong>,<\/p>\n<\/li>\n<li data-start=\"1432\" data-end=\"1484\">\n<p data-start=\"1434\" data-end=\"1484\">Precyzyjne wyci\u0119cia na porty, aparat i g\u0142o\u015bniki,<\/p>\n<\/li>\n<li data-start=\"1485\" data-end=\"1544\">\n<p data-start=\"1487\" data-end=\"1544\"><strong data-start=\"1487\" data-end=\"1506\">Tactile buttons<\/strong> zapewniaj\u0105ce wyra\u017any, pewny feedback.<\/p>\n<\/li>\n<\/ul>\n<p data-start=\"1546\" data-end=\"1619\">Etui chroni telefon <strong data-start=\"1566\" data-end=\"1588\">bez pogrubiania go<\/strong> i bez utraty komfortu obs\u0142ugi.<\/p>\n<hr data-start=\"1621\" data-end=\"1624\" \/>\n<h2 data-start=\"1626\" data-end=\"1668\">Zintegrowany system X-Mount i ActiveKEY<\/h2>\n<p data-start=\"1670\" data-end=\"1849\">Wbudowany <strong data-start=\"1680\" data-end=\"1699\">adapter X-Mount<\/strong> umo\u017cliwia szybkie i bezpieczne mocowanie telefonu do szerokiej gamy uchwyt\u00f3w Armor-X (rowerowych, relingowych, samochodowych \u2013 sprzedawanych osobno).<\/p>\n<p data-start=\"1851\" data-end=\"1940\">Etui wyposa\u017cono w <strong data-start=\"1869\" data-end=\"1889\">system ActiveKEY<\/strong>, kt\u00f3ry obejmuje <strong data-start=\"1906\" data-end=\"1939\">3 wymienne modu\u0142y narz\u0119dziowe<\/strong>:<\/p>\n<ul data-start=\"1941\" data-end=\"2017\">\n<li data-start=\"1941\" data-end=\"1964\">\n<p data-start=\"1943\" data-end=\"1964\">uchwyt magnetyczny,<\/p>\n<\/li>\n<li data-start=\"1965\" data-end=\"1988\">\n<p data-start=\"1967\" data-end=\"1988\">wysuwacz karty SIM,<\/p>\n<\/li>\n<li data-start=\"1989\" data-end=\"2017\">\n<p data-start=\"1991\" data-end=\"2017\">mini pojemnik narz\u0119dziowy.<\/p>\n<\/li>\n<\/ul>\n<p data-start=\"2019\" data-end=\"2125\">To praktyczne rozwi\u0105zanie szczeg\u00f3lnie przydatne podczas <strong data-start=\"2075\" data-end=\"2124\">rejs\u00f3w, wypraw outdoorowych i pracy w terenie<\/strong>.<\/p>\n<hr data-start=\"2127\" data-end=\"2130\" \/>\n<h2 data-start=\"2132\" data-end=\"2171\">Bezpiecze\u0144stwo i mobilno\u015b\u0107 w terenie<\/h2>\n<ul data-start=\"2173\" data-end=\"2367\">\n<li data-start=\"2173\" data-end=\"2229\">\n<p data-start=\"2175\" data-end=\"2229\"><strong data-start=\"2175\" data-end=\"2201\">Innowacyjny grip strap<\/strong> \u2013 pewny chwyt jedn\u0105 r\u0119k\u0105,<\/p>\n<\/li>\n<li data-start=\"2230\" data-end=\"2303\">\n<p data-start=\"2232\" data-end=\"2303\"><strong data-start=\"2232\" data-end=\"2265\">Uchwyt na pasek i karabi\u0144czyk<\/strong> \u2013 idealny do outdooru i \u017ceglarstwa,<\/p>\n<\/li>\n<li data-start=\"2304\" data-end=\"2367\">\n<p data-start=\"2306\" data-end=\"2367\">Mo\u017cliwo\u015b\u0107 przypi\u0119cia telefonu do plecaka, pasa lub kamizelki.<\/p>\n<\/li>\n<\/ul>\n<p data-start=\"2369\" data-end=\"2448\">\u2714 Kompatybilne z <strong data-start=\"2386\" data-end=\"2415\">\u0142adowaniem bezprzewodowym<\/strong> <em data-start=\"2416\" data-end=\"2447\">(z modu\u0142em SIM \/ Tool holder)<\/em>.<\/p>\n<hr data-start=\"2450\" data-end=\"2453\" \/>\n<h2 data-start=\"2455\" data-end=\"2480\">Kompatybilno\u015b\u0107 i uwagi<\/h2>\n<p data-start=\"2482\" data-end=\"2543\">\u2714 Apple iPhone 11 Pro (5,8&#8243;)<br data-start=\"2510\" data-end=\"2513\" \/>\u2714 Oryginalny produkt Armor-X<\/p>\n<p data-start=\"2545\" data-end=\"2646\">\u26a0 Uchwyty X-Mount (rowerowe, klipsy, opaski) <strong data-start=\"2590\" data-end=\"2621\">nie s\u0105 do\u0142\u0105czone do zestawu<\/strong> i sprzedawane s\u0105 osobno.<\/p>\n<hr data-start=\"2648\" data-end=\"2651\" \/>\n<h2 data-start=\"2653\" data-end=\"2667\">Idealne do:<\/h2>\n<ul data-start=\"2669\" data-end=\"2842\">\n<li data-start=\"2669\" data-end=\"2700\">\n<p data-start=\"2671\" data-end=\"2700\">\u0141odzi motorowych i jacht\u00f3w.<\/p>\n<\/li>\n<li data-start=\"2701\" data-end=\"2735\">\n<p data-start=\"2703\" data-end=\"2735\">\u017beglarstwa i turystyki wodnej.<\/p>\n<\/li>\n<li data-start=\"2736\" data-end=\"2777\">\n<p data-start=\"2738\" data-end=\"2777\">Sport\u00f3w outdoorowych i ekstremalnych.<\/p>\n<\/li>\n<li data-start=\"2778\" data-end=\"2809\">\n<p data-start=\"2780\" data-end=\"2809\">Pracy terenowej i mobilnej.<\/p>\n<\/li>\n<li data-start=\"2810\" data-end=\"2842\">\n<p data-start=\"2812\" data-end=\"2842\">Codziennego u\u017cytkowania EDC.<\/p>\n<\/li>\n<\/ul>","protected":false},"excerpt":{"rendered":"<p data-start=\"3351\" data-end=\"3462\">Pancerne etui Armor-X HX do iPhone 11 Pro z X-Mount, ActiveKEY i karabi\u0144czykiem \u2013 idealne do marine i outdooru.<\/p>","protected":false},"featured_media":8135,"template":"","meta":{"_acf_changed":false},"product_brand":[],"product_cat":[1310,1307,1308],"product_tag":[1445,1316,1531,1523,1482,1323,1320,1524,1435,1434,1530,1319],"class_list":{"0":"post-8134","1":"product","2":"type-product","3":"status-publish","4":"has-post-thumbnail","6":"product_cat-apple","7":"product_cat-armor-x","8":"product_cat-etui","9":"product_tag-activekey","10":"product_tag-armor-x","11":"product_tag-etui-iphone-11-pro","12":"product_tag-etui-marine-iphone","13":"product_tag-etui-military-grade","14":"product_tag-etui-outdoor-iphone","15":"product_tag-etui-rugged-iphone","16":"product_tag-etui-sportowe-iphone","17":"product_tag-etui-x-mount","18":"product_tag-etui-z-karabinczykiem","19":"product_tag-hx-iph-11pro-bk","20":"product_tag-pancerne-etui-iphone","22":"first","23":"instock","24":"taxable","25":"shipping-taxable","26":"purchasable","27":"product-type-simple"},"acf":[],"yoast_head":"<!-- This site is optimized with the Yoast SEO plugin v25.2 - https:\/\/yoast.com\/wordpress\/plugins\/seo\/ -->\n<title>Etui pancerne Armor-X - Apple iPhone XI PRO -5,8&quot; - Atana<\/title>\n<meta name=\"description\" content=\"Pancerne etui Armor-X HX do iPhone 11 Pro. Ochrona Military Grade z X-Mount i karabi\u0144czykiem do outdooru. Pasuje do uchwyt\u00f3w Armor-X typ\" \/>\n<meta name=\"robots\" content=\"index, follow, max-snippet:-1, max-image-preview:large, max-video-preview:-1\" \/>\n<link rel=\"canonical\" href=\"https:\/\/atana.pl\/en\/online-shop\/armor-x\/etui\/apple\/etui-pancerne-armor-x-apple-iphone-xi-pro-max-58\/\" \/>\n<meta property=\"og:locale\" content=\"en_GB\" \/>\n<meta property=\"og:type\" content=\"article\" \/>\n<meta property=\"og:title\" content=\"Etui pancerne Armor-X - Apple iPhone XI PRO -5,8&quot; - Atana\" \/>\n<meta property=\"og:description\" content=\"Pancerne etui Armor-X HX do iPhone 11 Pro. Ochrona Military Grade z X-Mount i karabi\u0144czykiem do outdooru. Pasuje do uchwyt\u00f3w Armor-X typ\" \/>\n<meta property=\"og:url\" content=\"https:\/\/atana.pl\/en\/online-shop\/armor-x\/etui\/apple\/etui-pancerne-armor-x-apple-iphone-xi-pro-max-58\/\" \/>\n<meta property=\"og:site_name\" content=\"Atana\" \/>\n<meta property=\"article:publisher\" content=\"https:\/\/www.facebook.com\/atanayachts\" \/>\n<meta property=\"article:modified_time\" content=\"2026-01-20T14:35:23+00:00\" \/>\n<meta property=\"og:image\" content=\"https:\/\/atana.pl\/wp-content\/uploads\/1967\/01\/IP11-PRO-HX1.png\" \/>\n\t<meta property=\"og:image:width\" content=\"668\" \/>\n\t<meta property=\"og:image:height\" content=\"668\" \/>\n\t<meta property=\"og:image:type\" content=\"image\/png\" \/>\n<meta name=\"twitter:card\" content=\"summary_large_image\" \/>\n<meta name=\"twitter:label1\" content=\"Estimated reading time\" \/>\n\t<meta name=\"twitter:data1\" content=\"2 minutes\" \/>\n<script type=\"application\/ld+json\" class=\"yoast-schema-graph\">{\"@context\":\"https:\/\/schema.org\",\"@graph\":[{\"@type\":\"WebPage\",\"@id\":\"https:\/\/atana.pl\/sklep-on-line\/armor-x\/etui\/apple\/etui-pancerne-armor-x-apple-iphone-xi-pro-max-58\/\",\"url\":\"https:\/\/atana.pl\/sklep-on-line\/armor-x\/etui\/apple\/etui-pancerne-armor-x-apple-iphone-xi-pro-max-58\/\",\"name\":\"Etui pancerne Armor-X - Apple iPhone XI PRO -5,8\\\" - Atana\",\"isPartOf\":{\"@id\":\"https:\/\/atana.pl\/#website\"},\"primaryImageOfPage\":{\"@id\":\"https:\/\/atana.pl\/sklep-on-line\/armor-x\/etui\/apple\/etui-pancerne-armor-x-apple-iphone-xi-pro-max-58\/#primaryimage\"},\"image\":{\"@id\":\"https:\/\/atana.pl\/sklep-on-line\/armor-x\/etui\/apple\/etui-pancerne-armor-x-apple-iphone-xi-pro-max-58\/#primaryimage\"},\"thumbnailUrl\":\"https:\/\/atana.pl\/wp-content\/uploads\/1967\/01\/IP11-PRO-HX1.png\",\"datePublished\":\"2026-01-20T11:07:41+00:00\",\"dateModified\":\"2026-01-20T14:35:23+00:00\",\"description\":\"Pancerne etui Armor-X HX do iPhone 11 Pro. Ochrona Military Grade z X-Mount i karabi\u0144czykiem do outdooru. Pasuje do uchwyt\u00f3w Armor-X typ\",\"breadcrumb\":{\"@id\":\"https:\/\/atana.pl\/sklep-on-line\/armor-x\/etui\/apple\/etui-pancerne-armor-x-apple-iphone-xi-pro-max-58\/#breadcrumb\"},\"inLanguage\":\"en-GB\",\"potentialAction\":[{\"@type\":\"ReadAction\",\"target\":[\"https:\/\/atana.pl\/sklep-on-line\/armor-x\/etui\/apple\/etui-pancerne-armor-x-apple-iphone-xi-pro-max-58\/\"]}]},{\"@type\":\"ImageObject\",\"inLanguage\":\"en-GB\",\"@id\":\"https:\/\/atana.pl\/sklep-on-line\/armor-x\/etui\/apple\/etui-pancerne-armor-x-apple-iphone-xi-pro-max-58\/#primaryimage\",\"url\":\"https:\/\/atana.pl\/wp-content\/uploads\/1967\/01\/IP11-PRO-HX1.png\",\"contentUrl\":\"https:\/\/atana.pl\/wp-content\/uploads\/1967\/01\/IP11-PRO-HX1.png\",\"width\":668,\"height\":668,\"caption\":\"IP11 PRO HX1\"},{\"@type\":\"BreadcrumbList\",\"@id\":\"https:\/\/atana.pl\/sklep-on-line\/armor-x\/etui\/apple\/etui-pancerne-armor-x-apple-iphone-xi-pro-max-58\/#breadcrumb\",\"itemListElement\":[{\"@type\":\"ListItem\",\"position\":1,\"name\":\"Strona g\u0142\u00f3wna\",\"item\":\"https:\/\/atana.pl\/\"},{\"@type\":\"ListItem\",\"position\":2,\"name\":\"Sklep on-line\",\"item\":\"https:\/\/atana.pl\/sklep-on-line\/\"},{\"@type\":\"ListItem\",\"position\":3,\"name\":\"Etui pancerne Armor-X &#8211; Apple iPhone XI PRO -5,8&#8243;\"}]},{\"@type\":\"WebSite\",\"@id\":\"https:\/\/atana.pl\/#website\",\"url\":\"https:\/\/atana.pl\/\",\"name\":\"Atana\",\"description\":\"Akcesoria do \u0142odzi, kamper\u00f3w i przyczep. \u0141odzie motorowe\",\"publisher\":{\"@id\":\"https:\/\/atana.pl\/#organization\"},\"potentialAction\":[{\"@type\":\"SearchAction\",\"target\":{\"@type\":\"EntryPoint\",\"urlTemplate\":\"https:\/\/atana.pl\/?s={search_term_string}\"},\"query-input\":{\"@type\":\"PropertyValueSpecification\",\"valueRequired\":true,\"valueName\":\"search_term_string\"}}],\"inLanguage\":\"en-GB\"},{\"@type\":\"Organization\",\"@id\":\"https:\/\/atana.pl\/#organization\",\"name\":\"Atana\",\"url\":\"https:\/\/atana.pl\/\",\"logo\":{\"@type\":\"ImageObject\",\"inLanguage\":\"en-GB\",\"@id\":\"https:\/\/atana.pl\/#\/schema\/logo\/image\/\",\"url\":\"\",\"contentUrl\":\"\",\"caption\":\"Atana\"},\"image\":{\"@id\":\"https:\/\/atana.pl\/#\/schema\/logo\/image\/\"},\"sameAs\":[\"https:\/\/www.facebook.com\/atanayachts\",\"https:\/\/www.instagram.com\/atanaboats\/\",\"https:\/\/www.youtube.com\/channel\/UClMMmVqqx17in9QzgxK90Mw\"]}]}<\/script>\n<!-- \/ Yoast SEO plugin. -->","yoast_head_json":{"title":"Etui pancerne Armor-X - Apple iPhone XI PRO -5,8\" - Atana","description":"Pancerne etui Armor-X HX do iPhone 11 Pro. Ochrona Military Grade z X-Mount i karabi\u0144czykiem do outdooru. Pasuje do uchwyt\u00f3w Armor-X typ","robots":{"index":"index","follow":"follow","max-snippet":"max-snippet:-1","max-image-preview":"max-image-preview:large","max-video-preview":"max-video-preview:-1"},"canonical":"https:\/\/atana.pl\/en\/online-shop\/armor-x\/etui\/apple\/etui-pancerne-armor-x-apple-iphone-xi-pro-max-58\/","og_locale":"en_GB","og_type":"article","og_title":"Etui pancerne Armor-X - Apple iPhone XI PRO -5,8\" - Atana","og_description":"Pancerne etui Armor-X HX do iPhone 11 Pro. Ochrona Military Grade z X-Mount i karabi\u0144czykiem do outdooru. Pasuje do uchwyt\u00f3w Armor-X typ","og_url":"https:\/\/atana.pl\/en\/online-shop\/armor-x\/etui\/apple\/etui-pancerne-armor-x-apple-iphone-xi-pro-max-58\/","og_site_name":"Atana","article_publisher":"https:\/\/www.facebook.com\/atanayachts","article_modified_time":"2026-01-20T14:35:23+00:00","og_image":[{"width":668,"height":668,"url":"https:\/\/atana.pl\/wp-content\/uploads\/1967\/01\/IP11-PRO-HX1.png","type":"image\/png"}],"twitter_card":"summary_large_image","twitter_misc":{"Estimated reading time":"2 minutes"},"schema":{"@context":"https:\/\/schema.org","@graph":[{"@type":"WebPage","@id":"https:\/\/atana.pl\/sklep-on-line\/armor-x\/etui\/apple\/etui-pancerne-armor-x-apple-iphone-xi-pro-max-58\/","url":"https:\/\/atana.pl\/sklep-on-line\/armor-x\/etui\/apple\/etui-pancerne-armor-x-apple-iphone-xi-pro-max-58\/","name":"Etui pancerne Armor-X - Apple iPhone XI PRO -5,8\" - Atana","isPartOf":{"@id":"https:\/\/atana.pl\/#website"},"primaryImageOfPage":{"@id":"https:\/\/atana.pl\/sklep-on-line\/armor-x\/etui\/apple\/etui-pancerne-armor-x-apple-iphone-xi-pro-max-58\/#primaryimage"},"image":{"@id":"https:\/\/atana.pl\/sklep-on-line\/armor-x\/etui\/apple\/etui-pancerne-armor-x-apple-iphone-xi-pro-max-58\/#primaryimage"},"thumbnailUrl":"https:\/\/atana.pl\/wp-content\/uploads\/1967\/01\/IP11-PRO-HX1.png","datePublished":"2026-01-20T11:07:41+00:00","dateModified":"2026-01-20T14:35:23+00:00","description":"Pancerne etui Armor-X HX do iPhone 11 Pro. Ochrona Military Grade z X-Mount i karabi\u0144czykiem do outdooru. Pasuje do uchwyt\u00f3w Armor-X typ","breadcrumb":{"@id":"https:\/\/atana.pl\/sklep-on-line\/armor-x\/etui\/apple\/etui-pancerne-armor-x-apple-iphone-xi-pro-max-58\/#breadcrumb"},"inLanguage":"en-GB","potentialAction":[{"@type":"ReadAction","target":["https:\/\/atana.pl\/sklep-on-line\/armor-x\/etui\/apple\/etui-pancerne-armor-x-apple-iphone-xi-pro-max-58\/"]}]},{"@type":"ImageObject","inLanguage":"en-GB","@id":"https:\/\/atana.pl\/sklep-on-line\/armor-x\/etui\/apple\/etui-pancerne-armor-x-apple-iphone-xi-pro-max-58\/#primaryimage","url":"https:\/\/atana.pl\/wp-content\/uploads\/1967\/01\/IP11-PRO-HX1.png","contentUrl":"https:\/\/atana.pl\/wp-content\/uploads\/1967\/01\/IP11-PRO-HX1.png","width":668,"height":668,"caption":"IP11 PRO HX1"},{"@type":"BreadcrumbList","@id":"https:\/\/atana.pl\/sklep-on-line\/armor-x\/etui\/apple\/etui-pancerne-armor-x-apple-iphone-xi-pro-max-58\/#breadcrumb","itemListElement":[{"@type":"ListItem","position":1,"name":"Strona g\u0142\u00f3wna","item":"https:\/\/atana.pl\/"},{"@type":"ListItem","position":2,"name":"Sklep on-line","item":"https:\/\/atana.pl\/sklep-on-line\/"},{"@type":"ListItem","position":3,"name":"Etui pancerne Armor-X &#8211; Apple iPhone XI PRO -5,8&#8243;"}]},{"@type":"WebSite","@id":"https:\/\/atana.pl\/#website","url":"https:\/\/atana.pl\/","name":"Atana","description":"Akcesoria do \u0142odzi, kamper\u00f3w i przyczep. \u0141odzie motorowe","publisher":{"@id":"https:\/\/atana.pl\/#organization"},"potentialAction":[{"@type":"SearchAction","target":{"@type":"EntryPoint","urlTemplate":"https:\/\/atana.pl\/?s={search_term_string}"},"query-input":{"@type":"PropertyValueSpecification","valueRequired":true,"valueName":"search_term_string"}}],"inLanguage":"en-GB"},{"@type":"Organization","@id":"https:\/\/atana.pl\/#organization","name":"Atana","url":"https:\/\/atana.pl\/","logo":{"@type":"ImageObject","inLanguage":"en-GB","@id":"https:\/\/atana.pl\/#\/schema\/logo\/image\/","url":"","contentUrl":"","caption":"Atana"},"image":{"@id":"https:\/\/atana.pl\/#\/schema\/logo\/image\/"},"sameAs":["https:\/\/www.facebook.com\/atanayachts","https:\/\/www.instagram.com\/atanaboats\/","https:\/\/www.youtube.com\/channel\/UClMMmVqqx17in9QzgxK90Mw"]}]}},"_links":{"self":[{"href":"https:\/\/atana.pl\/en\/wp-json\/wp\/v2\/product\/8134","targetHints":{"allow":["GET"]}}],"collection":[{"href":"https:\/\/atana.pl\/en\/wp-json\/wp\/v2\/product"}],"about":[{"href":"https:\/\/atana.pl\/en\/wp-json\/wp\/v2\/types\/product"}],"wp:featuredmedia":[{"embeddable":true,"href":"https:\/\/atana.pl\/en\/wp-json\/wp\/v2\/media\/8135"}],"wp:attachment":[{"href":"https:\/\/atana.pl\/en\/wp-json\/wp\/v2\/media?parent=8134"}],"wp:term":[{"taxonomy":"product_brand","embeddable":true,"href":"https:\/\/atana.pl\/en\/wp-json\/wp\/v2\/product_brand?post=8134"},{"taxonomy":"product_cat","embeddable":true,"href":"https:\/\/atana.pl\/en\/wp-json\/wp\/v2\/product_cat?post=8134"},{"taxonomy":"product_tag","embeddable":true,"href":"https:\/\/atana.pl\/en\/wp-json\/wp\/v2\/product_tag?post=8134"}],"curies":[{"name":"wp","href":"https:\/\/api.w.org\/{rel}","templated":true}]}}