{"id":8102,"date":"2026-01-20T11:10:19","date_gmt":"2026-01-20T10:10:19","guid":{"rendered":"https:\/\/atana.pl\/?post_type=product&#038;p=8102"},"modified":"2026-01-20T15:34:29","modified_gmt":"2026-01-20T14:34:29","slug":"etui-pancerne-armor-x-appleiphone-xi-pro-max-65","status":"publish","type":"product","link":"https:\/\/atana.pl\/en\/online-shop\/armor-x\/etui\/apple\/etui-pancerne-armor-x-appleiphone-xi-pro-max-65\/","title":{"rendered":"Etui pancerne Armor-X &#8211; Apple iPhone XI PRO Max &#8211; 6,5&#8243;"},"content":{"rendered":"<h1 data-start=\"151\" data-end=\"257\">\u2693 Armor-X HX-IPH-11PMX-BK \u2013 pancerne etui Military Grade do iPhone 11 Pro Max z X-Mount i karabi\u0144czykiem<\/h1>\n<p data-start=\"277\" data-end=\"627\"><strong data-start=\"277\" data-end=\"304\">Armor-X HX-IPH-11PMX-BK<\/strong> to <strong data-start=\"308\" data-end=\"355\">pancerne etui ochronne klasy Military Grade<\/strong> zaprojektowane specjalnie dla <strong data-start=\"386\" data-end=\"420\">Apple iPhone 11 Pro Max (6,5&#8243;)<\/strong>. Model z serii <strong data-start=\"436\" data-end=\"442\">HX<\/strong> \u0142\u0105czy <strong data-start=\"449\" data-end=\"474\">wysoki poziom ochrony<\/strong>, <strong data-start=\"476\" data-end=\"493\">smuk\u0142y profil<\/strong> oraz <strong data-start=\"499\" data-end=\"527\">system monta\u017cowy X-Mount<\/strong>, dzi\u0119ki czemu doskonale sprawdza si\u0119 w <strong data-start=\"567\" data-end=\"626\">warunkach marine, outdoor, sportowych i pracy terenowej<\/strong>.<\/p>\n<p data-start=\"629\" data-end=\"701\">To idealne rozwi\u0105zanie dla u\u017cytkownik\u00f3w, kt\u00f3rzy korzystaj\u0105 ze smartfona:<\/p>\n<ul data-start=\"702\" data-end=\"863\">\n<li data-start=\"702\" data-end=\"733\">\n<p data-start=\"704\" data-end=\"733\">na <strong data-start=\"707\" data-end=\"730\">\u0142odziach i jachtach<\/strong>,<\/p>\n<\/li>\n<li data-start=\"734\" data-end=\"778\">\n<p data-start=\"736\" data-end=\"778\">podczas <strong data-start=\"744\" data-end=\"775\">turystyki wodnej i outdooru<\/strong>,<\/p>\n<\/li>\n<li data-start=\"779\" data-end=\"827\">\n<p data-start=\"781\" data-end=\"827\">w <strong data-start=\"783\" data-end=\"824\">sporcie i aktywno\u015bciach ekstremalnych<\/strong>,<\/p>\n<\/li>\n<li data-start=\"828\" data-end=\"863\">\n<p data-start=\"830\" data-end=\"863\">w <strong data-start=\"832\" data-end=\"862\">pracy mobilnej i terenowej<\/strong>.<\/p>\n<\/li>\n<\/ul>\n<hr data-start=\"865\" data-end=\"868\" \/>\n<h2 data-start=\"870\" data-end=\"917\">Ochrona Military Grade i solidna konstrukcja<\/h2>\n<p data-start=\"919\" data-end=\"958\">Etui zapewnia skuteczn\u0105 ochron\u0119 dzi\u0119ki:<\/p>\n<ul data-start=\"959\" data-end=\"1231\">\n<li data-start=\"959\" data-end=\"1040\">\n<p data-start=\"961\" data-end=\"1040\"><strong data-start=\"961\" data-end=\"991\">sztywnej os\u0142onie przedniej<\/strong> i <strong data-start=\"994\" data-end=\"1037\">podw\u00f3jnej konstrukcji kompozytowej ty\u0142u<\/strong>,<\/p>\n<\/li>\n<li data-start=\"1041\" data-end=\"1097\">\n<p data-start=\"1043\" data-end=\"1097\">zastosowaniu <strong data-start=\"1056\" data-end=\"1094\">wysokiej jako\u015bci poliw\u0119glanu i TPU<\/strong>,<\/p>\n<\/li>\n<li data-start=\"1098\" data-end=\"1163\">\n<p data-start=\"1100\" data-end=\"1163\"><strong data-start=\"1100\" data-end=\"1127\">amortyzuj\u0105cej ramie TPU<\/strong> chroni\u0105cej kraw\u0119dzie i naro\u017cniki,<\/p>\n<\/li>\n<li data-start=\"1164\" data-end=\"1231\">\n<p data-start=\"1166\" data-end=\"1231\">odpornej na zarysowania, <strong data-start=\"1191\" data-end=\"1230\">ultraprzezroczystej tylnej obudowie<\/strong>.<\/p>\n<\/li>\n<\/ul>\n<p data-start=\"1233\" data-end=\"1323\">Konstrukcja zosta\u0142a zaprojektowana z my\u015bl\u0105 o intensywnym u\u017cytkowaniu w trudnych warunkach.<\/p>\n<hr data-start=\"1325\" data-end=\"1328\" \/>\n<h2 data-start=\"1330\" data-end=\"1371\">Smuk\u0142y profil i precyzyjne dopasowanie<\/h2>\n<ul data-start=\"1373\" data-end=\"1592\">\n<li data-start=\"1373\" data-end=\"1432\">\n<p data-start=\"1375\" data-end=\"1432\">Kieszeniowa, <strong data-start=\"1388\" data-end=\"1429\">ultrasmuk\u0142a konstrukcja (low profile)<\/strong>,<\/p>\n<\/li>\n<li data-start=\"1433\" data-end=\"1485\">\n<p data-start=\"1435\" data-end=\"1485\">Precyzyjne dopasowanie do <strong data-start=\"1461\" data-end=\"1482\">iPhone 11 Pro Max<\/strong>,<\/p>\n<\/li>\n<li data-start=\"1486\" data-end=\"1536\">\n<p data-start=\"1488\" data-end=\"1536\">Dok\u0142adne wyci\u0119cia na porty, aparat i g\u0142o\u015bniki,<\/p>\n<\/li>\n<li data-start=\"1537\" data-end=\"1592\">\n<p data-start=\"1539\" data-end=\"1592\"><strong data-start=\"1539\" data-end=\"1558\">Tactile buttons<\/strong> zapewniaj\u0105ce wyczuwalny feedback.<\/p>\n<\/li>\n<\/ul>\n<p data-start=\"1594\" data-end=\"1676\">Etui chroni telefon bez pogrubiania i bez utraty komfortu codziennego u\u017cytkowania.<\/p>\n<hr data-start=\"1678\" data-end=\"1681\" \/>\n<h2 data-start=\"1683\" data-end=\"1725\">Zintegrowany system X-Mount i ActiveKEY<\/h2>\n<p data-start=\"1727\" data-end=\"1891\">Wbudowany <strong data-start=\"1737\" data-end=\"1756\">adapter X-Mount<\/strong> umo\u017cliwia szybkie i bezpieczne mocowanie telefonu do uchwyt\u00f3w Armor-X (rowerowych, relingowych, samochodowych \u2013 sprzedawanych osobno).<\/p>\n<p data-start=\"1893\" data-end=\"1972\">Etui wyposa\u017cono w <strong data-start=\"1911\" data-end=\"1931\">system ActiveKEY<\/strong>, kt\u00f3ry zawiera <strong data-start=\"1947\" data-end=\"1971\">3 wymienne narz\u0119dzia<\/strong>:<\/p>\n<ul data-start=\"1973\" data-end=\"2049\">\n<li data-start=\"1973\" data-end=\"1996\">\n<p data-start=\"1975\" data-end=\"1996\">uchwyt magnetyczny,<\/p>\n<\/li>\n<li data-start=\"1997\" data-end=\"2020\">\n<p data-start=\"1999\" data-end=\"2020\">wysuwacz karty SIM,<\/p>\n<\/li>\n<li data-start=\"2021\" data-end=\"2049\">\n<p data-start=\"2023\" data-end=\"2049\">mini pojemnik narz\u0119dziowy.<\/p>\n<\/li>\n<\/ul>\n<p data-start=\"2051\" data-end=\"2122\">To praktyczne rozwi\u0105zanie podczas <strong data-start=\"2085\" data-end=\"2121\">rejs\u00f3w, wypraw i pracy w terenie<\/strong>.<\/p>\n<hr data-start=\"2124\" data-end=\"2127\" \/>\n<h2 data-start=\"2129\" data-end=\"2170\">Bezpieczny chwyt i mobilno\u015b\u0107 w terenie<\/h2>\n<ul data-start=\"2172\" data-end=\"2366\">\n<li data-start=\"2172\" data-end=\"2228\">\n<p data-start=\"2174\" data-end=\"2228\"><strong data-start=\"2174\" data-end=\"2200\">Innowacyjny grip strap<\/strong> \u2013 pewny chwyt jedn\u0105 r\u0119k\u0105,<\/p>\n<\/li>\n<li data-start=\"2229\" data-end=\"2302\">\n<p data-start=\"2231\" data-end=\"2302\"><strong data-start=\"2231\" data-end=\"2264\">Uchwyt na pasek i karabi\u0144czyk<\/strong> \u2013 idealny do outdooru i \u017ceglarstwa,<\/p>\n<\/li>\n<li data-start=\"2303\" data-end=\"2366\">\n<p data-start=\"2305\" data-end=\"2366\">Mo\u017cliwo\u015b\u0107 przypi\u0119cia telefonu do plecaka, pasa lub kamizelki.<\/p>\n<\/li>\n<\/ul>\n<hr data-start=\"2368\" data-end=\"2371\" \/>\n<h2 data-start=\"2373\" data-end=\"2402\">Kompatybilno\u015b\u0107 i \u0142adowanie<\/h2>\n<p data-start=\"2404\" data-end=\"2515\">\u2714 Apple iPhone 11 Pro Max (6,5&#8243;)<br data-start=\"2436\" data-end=\"2439\" \/>\u2714 Kompatybilne z \u0142adowaniem bezprzewodowym <em data-start=\"2482\" data-end=\"2513\">(z modu\u0142em SIM \/ Tool holder)<\/em><\/p>\n<p data-start=\"2517\" data-end=\"2595\">\u26a0\ufe0f Uchwyty X-Mount (rowerowe, klipsy, opaski) <strong data-start=\"2563\" data-end=\"2594\">nie s\u0105 do\u0142\u0105czone do zestawu<\/strong>.<\/p>\n<hr data-start=\"2597\" data-end=\"2600\" \/>\n<h2 data-start=\"2602\" data-end=\"2616\">Idealne do:<\/h2>\n<ul data-start=\"2618\" data-end=\"2791\">\n<li data-start=\"2618\" data-end=\"2649\">\n<p data-start=\"2620\" data-end=\"2649\">\u0141odzi motorowych i jacht\u00f3w.<\/p>\n<\/li>\n<li data-start=\"2650\" data-end=\"2684\">\n<p data-start=\"2652\" data-end=\"2684\">\u017beglarstwa i turystyki wodnej.<\/p>\n<\/li>\n<li data-start=\"2685\" data-end=\"2726\">\n<p data-start=\"2687\" data-end=\"2726\">Sport\u00f3w outdoorowych i ekstremalnych.<\/p>\n<\/li>\n<li data-start=\"2727\" data-end=\"2758\">\n<p data-start=\"2729\" data-end=\"2758\">Pracy terenowej i mobilnej.<\/p>\n<\/li>\n<li data-start=\"2759\" data-end=\"2791\">\n<p data-start=\"2761\" data-end=\"2791\">Codziennego u\u017cytkowania EDC.<\/p>\n<\/li>\n<\/ul>","protected":false},"excerpt":{"rendered":"<p>Pancerne etui Armor-X HX do iPhone 11 Pro Max z X-Mount, ActiveKEY i karabi\u0144czykiem \u2013 idealne do marine i outdooru.<\/p>","protected":false},"featured_media":8106,"template":"","meta":{"_acf_changed":false},"product_brand":[],"product_cat":[1310,1307,1308],"product_tag":[1445,1316,1522,1523,1482,1323,1320,1524,1435,1434,1521,1319],"class_list":{"0":"post-8102","1":"product","2":"type-product","3":"status-publish","4":"has-post-thumbnail","6":"product_cat-apple","7":"product_cat-armor-x","8":"product_cat-etui","9":"product_tag-activekey","10":"product_tag-armor-x","11":"product_tag-etui-iphone-11-pro-max","12":"product_tag-etui-marine-iphone","13":"product_tag-etui-military-grade","14":"product_tag-etui-outdoor-iphone","15":"product_tag-etui-rugged-iphone","16":"product_tag-etui-sportowe-iphone","17":"product_tag-etui-x-mount","18":"product_tag-etui-z-karabinczykiem","19":"product_tag-hx-iph-11pmx-bk","20":"product_tag-pancerne-etui-iphone","22":"first","23":"instock","24":"taxable","25":"shipping-taxable","26":"purchasable","27":"product-type-simple"},"acf":[],"yoast_head":"<!-- This site is optimized with the Yoast SEO plugin v25.2 - https:\/\/yoast.com\/wordpress\/plugins\/seo\/ -->\n<title>Etui pancerne Armor-X - Apple iPhone XI PRO Max - 6,5&quot; - Atana<\/title>\n<meta name=\"description\" content=\"Pancerne etui Armor-X HX do iPhone 11 Pro Max. Ochrona Military Grade z X-Mount i karabi\u0144czykiem do outdooru. Pasuje do uchwyt\u00f3w Armor-X typ\" \/>\n<meta name=\"robots\" content=\"index, follow, max-snippet:-1, max-image-preview:large, max-video-preview:-1\" \/>\n<link rel=\"canonical\" href=\"https:\/\/atana.pl\/en\/online-shop\/armor-x\/etui\/apple\/etui-pancerne-armor-x-appleiphone-xi-pro-max-65\/\" \/>\n<meta property=\"og:locale\" content=\"en_GB\" \/>\n<meta property=\"og:type\" content=\"article\" \/>\n<meta property=\"og:title\" content=\"Etui pancerne Armor-X - Apple iPhone XI PRO Max - 6,5&quot; - Atana\" \/>\n<meta property=\"og:description\" content=\"Pancerne etui Armor-X HX do iPhone 11 Pro Max. Ochrona Military Grade z X-Mount i karabi\u0144czykiem do outdooru. Pasuje do uchwyt\u00f3w Armor-X typ\" \/>\n<meta property=\"og:url\" content=\"https:\/\/atana.pl\/en\/online-shop\/armor-x\/etui\/apple\/etui-pancerne-armor-x-appleiphone-xi-pro-max-65\/\" \/>\n<meta property=\"og:site_name\" content=\"Atana\" \/>\n<meta property=\"article:publisher\" content=\"https:\/\/www.facebook.com\/atanayachts\" \/>\n<meta property=\"article:modified_time\" content=\"2026-01-20T14:34:29+00:00\" \/>\n<meta property=\"og:image\" content=\"https:\/\/atana.pl\/wp-content\/uploads\/1967\/01\/iphone-xi-max-6.5-armor-x-armorx-2-in-1-shockproof-rugged-case-cases-cover-with-carabiner_3_1.webp\" \/>\n\t<meta property=\"og:image:width\" content=\"1000\" \/>\n\t<meta property=\"og:image:height\" content=\"1000\" \/>\n\t<meta property=\"og:image:type\" content=\"image\/webp\" \/>\n<meta name=\"twitter:card\" content=\"summary_large_image\" \/>\n<meta name=\"twitter:label1\" content=\"Estimated reading time\" \/>\n\t<meta name=\"twitter:data1\" content=\"2 minutes\" \/>\n<script type=\"application\/ld+json\" class=\"yoast-schema-graph\">{\"@context\":\"https:\/\/schema.org\",\"@graph\":[{\"@type\":\"WebPage\",\"@id\":\"https:\/\/atana.pl\/sklep-on-line\/armor-x\/etui\/apple\/etui-pancerne-armor-x-appleiphone-xi-pro-max-65\/\",\"url\":\"https:\/\/atana.pl\/sklep-on-line\/armor-x\/etui\/apple\/etui-pancerne-armor-x-appleiphone-xi-pro-max-65\/\",\"name\":\"Etui pancerne Armor-X - Apple iPhone XI PRO Max - 6,5\\\" - Atana\",\"isPartOf\":{\"@id\":\"https:\/\/atana.pl\/#website\"},\"primaryImageOfPage\":{\"@id\":\"https:\/\/atana.pl\/sklep-on-line\/armor-x\/etui\/apple\/etui-pancerne-armor-x-appleiphone-xi-pro-max-65\/#primaryimage\"},\"image\":{\"@id\":\"https:\/\/atana.pl\/sklep-on-line\/armor-x\/etui\/apple\/etui-pancerne-armor-x-appleiphone-xi-pro-max-65\/#primaryimage\"},\"thumbnailUrl\":\"https:\/\/atana.pl\/wp-content\/uploads\/1967\/01\/iphone-xi-max-6.5-armor-x-armorx-2-in-1-shockproof-rugged-case-cases-cover-with-carabiner_3_1.webp\",\"datePublished\":\"2026-01-20T10:10:19+00:00\",\"dateModified\":\"2026-01-20T14:34:29+00:00\",\"description\":\"Pancerne etui Armor-X HX do iPhone 11 Pro Max. Ochrona Military Grade z X-Mount i karabi\u0144czykiem do outdooru. Pasuje do uchwyt\u00f3w Armor-X typ\",\"breadcrumb\":{\"@id\":\"https:\/\/atana.pl\/sklep-on-line\/armor-x\/etui\/apple\/etui-pancerne-armor-x-appleiphone-xi-pro-max-65\/#breadcrumb\"},\"inLanguage\":\"en-GB\",\"potentialAction\":[{\"@type\":\"ReadAction\",\"target\":[\"https:\/\/atana.pl\/sklep-on-line\/armor-x\/etui\/apple\/etui-pancerne-armor-x-appleiphone-xi-pro-max-65\/\"]}]},{\"@type\":\"ImageObject\",\"inLanguage\":\"en-GB\",\"@id\":\"https:\/\/atana.pl\/sklep-on-line\/armor-x\/etui\/apple\/etui-pancerne-armor-x-appleiphone-xi-pro-max-65\/#primaryimage\",\"url\":\"https:\/\/atana.pl\/wp-content\/uploads\/1967\/01\/iphone-xi-max-6.5-armor-x-armorx-2-in-1-shockproof-rugged-case-cases-cover-with-carabiner_3_1.webp\",\"contentUrl\":\"https:\/\/atana.pl\/wp-content\/uploads\/1967\/01\/iphone-xi-max-6.5-armor-x-armorx-2-in-1-shockproof-rugged-case-cases-cover-with-carabiner_3_1.webp\",\"width\":1000,\"height\":1000,\"caption\":\"iphone xi max 6.5 armor x armorx 2 in 1 shockproof rugged case cases cover with carabiner 3 1\"},{\"@type\":\"BreadcrumbList\",\"@id\":\"https:\/\/atana.pl\/sklep-on-line\/armor-x\/etui\/apple\/etui-pancerne-armor-x-appleiphone-xi-pro-max-65\/#breadcrumb\",\"itemListElement\":[{\"@type\":\"ListItem\",\"position\":1,\"name\":\"Strona g\u0142\u00f3wna\",\"item\":\"https:\/\/atana.pl\/\"},{\"@type\":\"ListItem\",\"position\":2,\"name\":\"Sklep on-line\",\"item\":\"https:\/\/atana.pl\/sklep-on-line\/\"},{\"@type\":\"ListItem\",\"position\":3,\"name\":\"Etui pancerne Armor-X &#8211; Apple iPhone XI PRO Max &#8211; 6,5&#8243;\"}]},{\"@type\":\"WebSite\",\"@id\":\"https:\/\/atana.pl\/#website\",\"url\":\"https:\/\/atana.pl\/\",\"name\":\"Atana\",\"description\":\"Akcesoria do \u0142odzi, kamper\u00f3w i przyczep. \u0141odzie motorowe\",\"publisher\":{\"@id\":\"https:\/\/atana.pl\/#organization\"},\"potentialAction\":[{\"@type\":\"SearchAction\",\"target\":{\"@type\":\"EntryPoint\",\"urlTemplate\":\"https:\/\/atana.pl\/?s={search_term_string}\"},\"query-input\":{\"@type\":\"PropertyValueSpecification\",\"valueRequired\":true,\"valueName\":\"search_term_string\"}}],\"inLanguage\":\"en-GB\"},{\"@type\":\"Organization\",\"@id\":\"https:\/\/atana.pl\/#organization\",\"name\":\"Atana\",\"url\":\"https:\/\/atana.pl\/\",\"logo\":{\"@type\":\"ImageObject\",\"inLanguage\":\"en-GB\",\"@id\":\"https:\/\/atana.pl\/#\/schema\/logo\/image\/\",\"url\":\"\",\"contentUrl\":\"\",\"caption\":\"Atana\"},\"image\":{\"@id\":\"https:\/\/atana.pl\/#\/schema\/logo\/image\/\"},\"sameAs\":[\"https:\/\/www.facebook.com\/atanayachts\",\"https:\/\/www.instagram.com\/atanaboats\/\",\"https:\/\/www.youtube.com\/channel\/UClMMmVqqx17in9QzgxK90Mw\"]}]}<\/script>\n<!-- \/ Yoast SEO plugin. -->","yoast_head_json":{"title":"Etui pancerne Armor-X - Apple iPhone XI PRO Max - 6,5\" - Atana","description":"Pancerne etui Armor-X HX do iPhone 11 Pro Max. Ochrona Military Grade z X-Mount i karabi\u0144czykiem do outdooru. Pasuje do uchwyt\u00f3w Armor-X typ","robots":{"index":"index","follow":"follow","max-snippet":"max-snippet:-1","max-image-preview":"max-image-preview:large","max-video-preview":"max-video-preview:-1"},"canonical":"https:\/\/atana.pl\/en\/online-shop\/armor-x\/etui\/apple\/etui-pancerne-armor-x-appleiphone-xi-pro-max-65\/","og_locale":"en_GB","og_type":"article","og_title":"Etui pancerne Armor-X - Apple iPhone XI PRO Max - 6,5\" - Atana","og_description":"Pancerne etui Armor-X HX do iPhone 11 Pro Max. Ochrona Military Grade z X-Mount i karabi\u0144czykiem do outdooru. Pasuje do uchwyt\u00f3w Armor-X typ","og_url":"https:\/\/atana.pl\/en\/online-shop\/armor-x\/etui\/apple\/etui-pancerne-armor-x-appleiphone-xi-pro-max-65\/","og_site_name":"Atana","article_publisher":"https:\/\/www.facebook.com\/atanayachts","article_modified_time":"2026-01-20T14:34:29+00:00","og_image":[{"width":1000,"height":1000,"url":"https:\/\/atana.pl\/wp-content\/uploads\/1967\/01\/iphone-xi-max-6.5-armor-x-armorx-2-in-1-shockproof-rugged-case-cases-cover-with-carabiner_3_1.webp","type":"image\/webp"}],"twitter_card":"summary_large_image","twitter_misc":{"Estimated reading time":"2 minutes"},"schema":{"@context":"https:\/\/schema.org","@graph":[{"@type":"WebPage","@id":"https:\/\/atana.pl\/sklep-on-line\/armor-x\/etui\/apple\/etui-pancerne-armor-x-appleiphone-xi-pro-max-65\/","url":"https:\/\/atana.pl\/sklep-on-line\/armor-x\/etui\/apple\/etui-pancerne-armor-x-appleiphone-xi-pro-max-65\/","name":"Etui pancerne Armor-X - Apple iPhone XI PRO Max - 6,5\" - Atana","isPartOf":{"@id":"https:\/\/atana.pl\/#website"},"primaryImageOfPage":{"@id":"https:\/\/atana.pl\/sklep-on-line\/armor-x\/etui\/apple\/etui-pancerne-armor-x-appleiphone-xi-pro-max-65\/#primaryimage"},"image":{"@id":"https:\/\/atana.pl\/sklep-on-line\/armor-x\/etui\/apple\/etui-pancerne-armor-x-appleiphone-xi-pro-max-65\/#primaryimage"},"thumbnailUrl":"https:\/\/atana.pl\/wp-content\/uploads\/1967\/01\/iphone-xi-max-6.5-armor-x-armorx-2-in-1-shockproof-rugged-case-cases-cover-with-carabiner_3_1.webp","datePublished":"2026-01-20T10:10:19+00:00","dateModified":"2026-01-20T14:34:29+00:00","description":"Pancerne etui Armor-X HX do iPhone 11 Pro Max. Ochrona Military Grade z X-Mount i karabi\u0144czykiem do outdooru. Pasuje do uchwyt\u00f3w Armor-X typ","breadcrumb":{"@id":"https:\/\/atana.pl\/sklep-on-line\/armor-x\/etui\/apple\/etui-pancerne-armor-x-appleiphone-xi-pro-max-65\/#breadcrumb"},"inLanguage":"en-GB","potentialAction":[{"@type":"ReadAction","target":["https:\/\/atana.pl\/sklep-on-line\/armor-x\/etui\/apple\/etui-pancerne-armor-x-appleiphone-xi-pro-max-65\/"]}]},{"@type":"ImageObject","inLanguage":"en-GB","@id":"https:\/\/atana.pl\/sklep-on-line\/armor-x\/etui\/apple\/etui-pancerne-armor-x-appleiphone-xi-pro-max-65\/#primaryimage","url":"https:\/\/atana.pl\/wp-content\/uploads\/1967\/01\/iphone-xi-max-6.5-armor-x-armorx-2-in-1-shockproof-rugged-case-cases-cover-with-carabiner_3_1.webp","contentUrl":"https:\/\/atana.pl\/wp-content\/uploads\/1967\/01\/iphone-xi-max-6.5-armor-x-armorx-2-in-1-shockproof-rugged-case-cases-cover-with-carabiner_3_1.webp","width":1000,"height":1000,"caption":"iphone xi max 6.5 armor x armorx 2 in 1 shockproof rugged case cases cover with carabiner 3 1"},{"@type":"BreadcrumbList","@id":"https:\/\/atana.pl\/sklep-on-line\/armor-x\/etui\/apple\/etui-pancerne-armor-x-appleiphone-xi-pro-max-65\/#breadcrumb","itemListElement":[{"@type":"ListItem","position":1,"name":"Strona g\u0142\u00f3wna","item":"https:\/\/atana.pl\/"},{"@type":"ListItem","position":2,"name":"Sklep on-line","item":"https:\/\/atana.pl\/sklep-on-line\/"},{"@type":"ListItem","position":3,"name":"Etui pancerne Armor-X &#8211; Apple iPhone XI PRO Max &#8211; 6,5&#8243;"}]},{"@type":"WebSite","@id":"https:\/\/atana.pl\/#website","url":"https:\/\/atana.pl\/","name":"Atana","description":"Akcesoria do \u0142odzi, kamper\u00f3w i przyczep. \u0141odzie motorowe","publisher":{"@id":"https:\/\/atana.pl\/#organization"},"potentialAction":[{"@type":"SearchAction","target":{"@type":"EntryPoint","urlTemplate":"https:\/\/atana.pl\/?s={search_term_string}"},"query-input":{"@type":"PropertyValueSpecification","valueRequired":true,"valueName":"search_term_string"}}],"inLanguage":"en-GB"},{"@type":"Organization","@id":"https:\/\/atana.pl\/#organization","name":"Atana","url":"https:\/\/atana.pl\/","logo":{"@type":"ImageObject","inLanguage":"en-GB","@id":"https:\/\/atana.pl\/#\/schema\/logo\/image\/","url":"","contentUrl":"","caption":"Atana"},"image":{"@id":"https:\/\/atana.pl\/#\/schema\/logo\/image\/"},"sameAs":["https:\/\/www.facebook.com\/atanayachts","https:\/\/www.instagram.com\/atanaboats\/","https:\/\/www.youtube.com\/channel\/UClMMmVqqx17in9QzgxK90Mw"]}]}},"_links":{"self":[{"href":"https:\/\/atana.pl\/en\/wp-json\/wp\/v2\/product\/8102","targetHints":{"allow":["GET"]}}],"collection":[{"href":"https:\/\/atana.pl\/en\/wp-json\/wp\/v2\/product"}],"about":[{"href":"https:\/\/atana.pl\/en\/wp-json\/wp\/v2\/types\/product"}],"wp:featuredmedia":[{"embeddable":true,"href":"https:\/\/atana.pl\/en\/wp-json\/wp\/v2\/media\/8106"}],"wp:attachment":[{"href":"https:\/\/atana.pl\/en\/wp-json\/wp\/v2\/media?parent=8102"}],"wp:term":[{"taxonomy":"product_brand","embeddable":true,"href":"https:\/\/atana.pl\/en\/wp-json\/wp\/v2\/product_brand?post=8102"},{"taxonomy":"product_cat","embeddable":true,"href":"https:\/\/atana.pl\/en\/wp-json\/wp\/v2\/product_cat?post=8102"},{"taxonomy":"product_tag","embeddable":true,"href":"https:\/\/atana.pl\/en\/wp-json\/wp\/v2\/product_tag?post=8102"}],"curies":[{"name":"wp","href":"https:\/\/api.w.org\/{rel}","templated":true}]}}