{"id":8098,"date":"2026-01-19T13:40:53","date_gmt":"2026-01-19T12:40:53","guid":{"rendered":"https:\/\/atana.pl\/?post_type=product&#038;p=8098"},"modified":"2026-01-20T16:12:56","modified_gmt":"2026-01-20T15:12:56","slug":"etui-wodoodporne-armor-x-ipad-9-7-gen6","status":"publish","type":"product","link":"https:\/\/atana.pl\/en\/online-shop\/armor-x\/etui\/apple\/etui-wodoodporne-armor-x-ipad-9-7-gen6\/","title":{"rendered":"Etui wodoodporne Armor-X &#8211; Apple iPad 9.7 (2017\/2018 Gen 6)"},"content":{"rendered":"<h1 data-start=\"269\" data-end=\"365\">\u2693 Armor-X MXS-A7S \u2013 wodoodporne etui IP68 do iPad 9.7&#8243; (5. i 6. generacja) do marine i outdoor<\/h1>\n<p data-start=\"385\" data-end=\"768\"><strong data-start=\"385\" data-end=\"404\">Armor-X MXS-A7S<\/strong> to <strong data-start=\"408\" data-end=\"472\">profesjonalne, w pe\u0142ni wodoodporne etui ochronne typu rugged<\/strong> zaprojektowane dla <strong data-start=\"492\" data-end=\"541\">Apple iPad 9.7&#8243; (5th \/ 6th Gen., 2017 \/ 2018)<\/strong>. Etui spe\u0142nia norm\u0119 <strong data-start=\"562\" data-end=\"570\">IP68<\/strong> oraz wojskowy standard odporno\u015bci <strong data-start=\"605\" data-end=\"621\">MIL-STD-810G<\/strong>, dzi\u0119ki czemu idealnie nadaje si\u0119 do u\u017cytkowania w <strong data-start=\"673\" data-end=\"767\">warunkach marine, outdoor, przemys\u0142owych oraz w \u015brodowiskach medycznych i gastronomicznych<\/strong>.<\/p>\n<p data-start=\"770\" data-end=\"886\">To rozwi\u0105zanie stworzone do pracy tam, gdzie tablet nara\u017cony jest na wod\u0119, kurz, uderzenia i intensywne u\u017cytkowanie:<\/p>\n<ul data-start=\"887\" data-end=\"1120\">\n<li data-start=\"887\" data-end=\"918\">\n<p data-start=\"889\" data-end=\"918\">na <strong data-start=\"892\" data-end=\"915\">\u0142odziach i jachtach<\/strong>,<\/p>\n<\/li>\n<li data-start=\"919\" data-end=\"958\">\n<p data-start=\"921\" data-end=\"958\">w <strong data-start=\"923\" data-end=\"955\">turystyce wodnej i outdoorze<\/strong>,<\/p>\n<\/li>\n<li data-start=\"959\" data-end=\"1016\">\n<p data-start=\"961\" data-end=\"1016\">w <strong data-start=\"963\" data-end=\"1013\">magazynach, halach produkcyjnych i na budowach<\/strong>,<\/p>\n<\/li>\n<li data-start=\"1017\" data-end=\"1070\">\n<p data-start=\"1019\" data-end=\"1070\">w <strong data-start=\"1021\" data-end=\"1067\">gastronomii, restauracjach i food truckach<\/strong>,<\/p>\n<\/li>\n<li data-start=\"1071\" data-end=\"1120\">\n<p data-start=\"1073\" data-end=\"1120\">w <strong data-start=\"1075\" data-end=\"1119\">plac\u00f3wkach medycznych i ochronie zdrowia<\/strong>.<\/p>\n<\/li>\n<\/ul>\n<hr data-start=\"1122\" data-end=\"1125\" \/>\n<h2 data-start=\"1127\" data-end=\"1163\">Ochrona IP68 i standard militarny<\/h2>\n<p data-start=\"1165\" data-end=\"1179\">Etui zapewnia:<\/p>\n<ul data-start=\"1180\" data-end=\"1370\">\n<li data-start=\"1180\" data-end=\"1248\">\n<p data-start=\"1182\" data-end=\"1248\"><strong data-start=\"1182\" data-end=\"1204\">wodoodporno\u015b\u0107 IP68<\/strong> \u2013 zanurzenie do <strong data-start=\"1221\" data-end=\"1245\">1,5 m przez 60 minut<\/strong>,<\/p>\n<\/li>\n<li data-start=\"1249\" data-end=\"1300\">\n<p data-start=\"1251\" data-end=\"1300\"><strong data-start=\"1251\" data-end=\"1282\">odporno\u015b\u0107 na upadki z 1,2 m<\/strong> (MIL-STD-810G),<\/p>\n<\/li>\n<li data-start=\"1301\" data-end=\"1370\">\n<p data-start=\"1303\" data-end=\"1370\">pe\u0142n\u0105 ochron\u0119 przed <strong data-start=\"1323\" data-end=\"1369\">kurzem, piaskiem, b\u0142otem, \u015bniegiem i lodem<\/strong>.<\/p>\n<\/li>\n<\/ul>\n<p data-start=\"1372\" data-end=\"1515\">Zintegrowana, <strong data-start=\"1386\" data-end=\"1424\">krystalicznie czysta os\u0142ona ekranu<\/strong> umo\u017cliwia komfortow\u0105 obs\u0142ug\u0119 tabletu r\u00f3wnie\u017c w <strong data-start=\"1472\" data-end=\"1514\">r\u0119kawicach ochronnych i chirurgicznych<\/strong>.<\/p>\n<hr data-start=\"1517\" data-end=\"1520\" \/>\n<h2 data-start=\"1522\" data-end=\"1562\">Konstrukcja rugged do pracy i na wod\u0119<\/h2>\n<ul data-start=\"1564\" data-end=\"1880\">\n<li data-start=\"1564\" data-end=\"1616\">\n<p data-start=\"1566\" data-end=\"1616\">Pe\u0142na ochrona <strong data-start=\"1580\" data-end=\"1613\">kraw\u0119dzi i naro\u017cnik\u00f3w tabletu<\/strong>,<\/p>\n<\/li>\n<li data-start=\"1617\" data-end=\"1674\">\n<p data-start=\"1619\" data-end=\"1674\">Podniesione ranty chroni\u0105ce ekran i obiektyw aparatu,<\/p>\n<\/li>\n<li data-start=\"1675\" data-end=\"1729\">\n<p data-start=\"1677\" data-end=\"1729\">Precyzyjne dopasowanie do iPad 9.7&#8243; (2017 \/ 2018),<\/p>\n<\/li>\n<li data-start=\"1730\" data-end=\"1807\">\n<p data-start=\"1732\" data-end=\"1807\">Dok\u0142adne wyci\u0119cia i <strong data-start=\"1752\" data-end=\"1771\">tactile buttons<\/strong> zapewniaj\u0105ce wyczuwalny feedback,<\/p>\n<\/li>\n<li data-start=\"1808\" data-end=\"1880\">\n<p data-start=\"1810\" data-end=\"1880\">Ergonomiczna, solidna forma przystosowana do intensywnego u\u017cytkowania.<\/p>\n<\/li>\n<\/ul>\n<p data-start=\"1882\" data-end=\"1997\">Etui chroni tablet <strong data-start=\"1901\" data-end=\"1942\">bez ograniczania jego funkcjonalno\u015bci<\/strong>, co jest kluczowe podczas pracy na wodzie i w terenie.<\/p>\n<hr data-start=\"1999\" data-end=\"2002\" \/>\n<h2 data-start=\"2004\" data-end=\"2041\">Zintegrowany system X-Mount TYPE-T<\/h2>\n<p data-start=\"2043\" data-end=\"2162\">Wbudowany <strong data-start=\"2053\" data-end=\"2079\">adapter X-Mount TYPE-T<\/strong> umo\u017cliwia szybkie i bezpieczne mocowanie iPada do szerokiej gamy uchwyt\u00f3w Armor-X:<\/p>\n<ul data-start=\"2163\" data-end=\"2283\">\n<li data-start=\"2163\" data-end=\"2201\">\n<p data-start=\"2165\" data-end=\"2201\">uchwyt\u00f3w jachtowych i relingowych,<\/p>\n<\/li>\n<li data-start=\"2202\" data-end=\"2245\">\n<p data-start=\"2204\" data-end=\"2245\">uchwyt\u00f3w samochodowych i przemys\u0142owych,<\/p>\n<\/li>\n<li data-start=\"2246\" data-end=\"2283\">\n<p data-start=\"2248\" data-end=\"2283\">uchwyt\u00f3w outdoorowych i sportowych.<\/p>\n<\/li>\n<\/ul>\n<p data-start=\"2285\" data-end=\"2312\">Tablet mo\u017ce pe\u0142ni\u0107 funkcj\u0119:<\/p>\n<ul data-start=\"2313\" data-end=\"2418\">\n<li data-start=\"2313\" data-end=\"2343\">\n<p data-start=\"2315\" data-end=\"2343\"><strong data-start=\"2315\" data-end=\"2340\">plotera nawigacyjnego<\/strong>,<\/p>\n<\/li>\n<li data-start=\"2344\" data-end=\"2372\">\n<p data-start=\"2346\" data-end=\"2372\"><strong data-start=\"2346\" data-end=\"2369\">terminala roboczego<\/strong>,<\/p>\n<\/li>\n<li data-start=\"2373\" data-end=\"2399\">\n<p data-start=\"2375\" data-end=\"2399\"><strong data-start=\"2375\" data-end=\"2396\">ekranu sterowania<\/strong>,<\/p>\n<\/li>\n<li data-start=\"2400\" data-end=\"2418\">\n<p data-start=\"2402\" data-end=\"2418\"><strong data-start=\"2402\" data-end=\"2417\">systemu POS<\/strong>.<\/p>\n<\/li>\n<\/ul>\n<hr data-start=\"2420\" data-end=\"2423\" \/>\n<h2 data-start=\"2425\" data-end=\"2463\">Pasek na r\u0119k\u0119, podstawka i warianty<\/h2>\n<p data-start=\"2465\" data-end=\"2488\">Etui wyposa\u017cone jest w:<\/p>\n<ul data-start=\"2489\" data-end=\"2640\">\n<li data-start=\"2489\" data-end=\"2562\">\n<p data-start=\"2491\" data-end=\"2562\"><strong data-start=\"2491\" data-end=\"2532\">regulowany pasek na r\u0119k\u0119 (hand strap)<\/strong> \u2013 wolne r\u0119ce podczas pracy,<\/p>\n<\/li>\n<li data-start=\"2563\" data-end=\"2640\">\n<p data-start=\"2565\" data-end=\"2640\"><strong data-start=\"2565\" data-end=\"2603\">zintegrowan\u0105 podstawk\u0119 (kickstand)<\/strong> \u2013 wygodne u\u017cytkowanie i prezentacja.<\/p>\n<\/li>\n<\/ul>\n<p data-start=\"2642\" data-end=\"2660\">Dost\u0119pne warianty:<\/p>\n<ul data-start=\"2661\" data-end=\"2832\">\n<li data-start=\"2661\" data-end=\"2691\">\n<p data-start=\"2663\" data-end=\"2691\">Basic Version \/ Case Only,<\/p>\n<\/li>\n<li data-start=\"2692\" data-end=\"2734\">\n<p data-start=\"2694\" data-end=\"2734\">Basic Version \/ Case + Shoulder Strap,<\/p>\n<\/li>\n<li data-start=\"2735\" data-end=\"2778\">\n<p data-start=\"2737\" data-end=\"2778\">Security Lock Hole Version \/ Case Only,<\/p>\n<\/li>\n<li data-start=\"2779\" data-end=\"2832\">\n<p data-start=\"2781\" data-end=\"2832\">Security Lock Hole Version \/ Case + Shoulder Strap.<\/p>\n<\/li>\n<\/ul>\n<p data-start=\"2834\" data-end=\"2869\">\u26a0\ufe0f <strong data-start=\"2837\" data-end=\"2869\">Etui nie obs\u0142uguje Touch ID.<\/strong><\/p>\n<hr data-start=\"2871\" data-end=\"2874\" \/>\n<h2 data-start=\"2876\" data-end=\"2912\">Odporno\u015b\u0107 chemiczna i dezynfekcja<\/h2>\n<p data-start=\"2914\" data-end=\"3014\">Etui charakteryzuje si\u0119 <strong data-start=\"2938\" data-end=\"2970\">wysok\u0105 odporno\u015bci\u0105 chemiczn\u0105<\/strong> na standardowe \u015brodki dezynfekuj\u0105ce, w tym:<\/p>\n<ul data-start=\"3015\" data-end=\"3119\">\n<li data-start=\"3015\" data-end=\"3028\">\n<p data-start=\"3017\" data-end=\"3028\">propanol,<\/p>\n<\/li>\n<li data-start=\"3029\" data-end=\"3040\">\n<p data-start=\"3031\" data-end=\"3040\">etanol,<\/p>\n<\/li>\n<li data-start=\"3041\" data-end=\"3066\">\n<p data-start=\"3043\" data-end=\"3066\">chlorek benzalkonium,<\/p>\n<\/li>\n<li data-start=\"3067\" data-end=\"3098\">\n<p data-start=\"3069\" data-end=\"3098\">siarczan etylu mecetronium,<\/p>\n<\/li>\n<li data-start=\"3099\" data-end=\"3119\">\n<p data-start=\"3101\" data-end=\"3119\">kwas undecylenowy.<\/p>\n<\/li>\n<\/ul>\n<p data-start=\"3121\" data-end=\"3195\">Mo\u017cliwe czyszczenie m.in. <strong data-start=\"3147\" data-end=\"3194\">Super Sani-Cloth Germicidal Disposable Wipe<\/strong>.<\/p>\n<hr data-start=\"3197\" data-end=\"3200\" \/>\n<h2 data-start=\"3202\" data-end=\"3220\">Dane techniczne<\/h2>\n<ul data-start=\"3222\" data-end=\"3458\">\n<li data-start=\"3222\" data-end=\"3291\">\n<p data-start=\"3224\" data-end=\"3291\">Kompatybilno\u015b\u0107: <strong data-start=\"3240\" data-end=\"3289\">Apple iPad 9.7&#8243; (5th \/ 6th Gen., 2017 \/ 2018)<\/strong><\/p>\n<\/li>\n<li data-start=\"3292\" data-end=\"3311\">\n<p data-start=\"3294\" data-end=\"3311\">Norma: <strong data-start=\"3301\" data-end=\"3309\">IP68<\/strong><\/p>\n<\/li>\n<li data-start=\"3312\" data-end=\"3361\">\n<p data-start=\"3314\" data-end=\"3361\">Odporno\u015b\u0107 na upadki: <strong data-start=\"3335\" data-end=\"3359\">1,2 m (MIL-STD-810G)<\/strong><\/p>\n<\/li>\n<li data-start=\"3362\" data-end=\"3396\">\n<p data-start=\"3364\" data-end=\"3396\">Dimensions: <strong data-start=\"3373\" data-end=\"3394\">253 \u00d7 183 \u00d7 25 mm<\/strong><\/p>\n<\/li>\n<li data-start=\"3397\" data-end=\"3416\">\n<p data-start=\"3399\" data-end=\"3416\">Weight: <strong data-start=\"3405\" data-end=\"3414\">274 g<\/strong><\/p>\n<\/li>\n<li data-start=\"3417\" data-end=\"3458\">\n<p data-start=\"3419\" data-end=\"3458\">Interfejs monta\u017cowy: <strong data-start=\"3440\" data-end=\"3458\">X-Mount TYPE-T<\/strong><\/p>\n<\/li>\n<\/ul>\n<hr data-start=\"3460\" data-end=\"3463\" \/>\n<h2 data-start=\"3465\" data-end=\"3479\">Idealne do:<\/h2>\n<ul data-start=\"3481\" data-end=\"3657\">\n<li data-start=\"3481\" data-end=\"3512\">\n<p data-start=\"3483\" data-end=\"3512\">\u0141odzi motorowych i jacht\u00f3w.<\/p>\n<\/li>\n<li data-start=\"3513\" data-end=\"3547\">\n<p data-start=\"3515\" data-end=\"3547\">Nawigacji morskiej i ploter\u00f3w.<\/p>\n<\/li>\n<li data-start=\"3548\" data-end=\"3580\">\n<p data-start=\"3550\" data-end=\"3580\">Turystyki wodnej i outdooru.<\/p>\n<\/li>\n<li data-start=\"3581\" data-end=\"3620\">\n<p data-start=\"3583\" data-end=\"3620\">Przemys\u0142u, gastronomii i magazyn\u00f3w.<\/p>\n<\/li>\n<li data-start=\"3621\" data-end=\"3657\">\n<p data-start=\"3623\" data-end=\"3657\">Medycyny i \u015brodowisk sterylnych.<\/p>\n<\/li>\n<\/ul>","protected":false},"excerpt":{"rendered":"<p data-start=\"4136\" data-end=\"4240\">Wodoodporne etui Armor-X MXS-A7S IP68 do iPad 9.7&#8243; (5. i 6. gen.) z X-Mount TYPE-T, paskiem i podstawk\u0105.<\/p>","protected":false},"featured_media":8097,"template":"","meta":{"_acf_changed":false},"product_brand":[],"product_cat":[1310,1307,1308],"product_tag":[1316,1453,1515,1516,1514,1456,1509,1457,1455,1498,1459,1513],"class_list":{"0":"post-8098","1":"product","2":"type-product","3":"status-publish","4":"has-post-thumbnail","6":"product_cat-apple","7":"product_cat-armor-x","8":"product_cat-etui","9":"product_tag-armor-x","10":"product_tag-etui-ip68-tablet","11":"product_tag-etui-ipad-2017","12":"product_tag-etui-ipad-2018","13":"product_tag-etui-ipad-9-7","14":"product_tag-etui-marine-tablet","15":"product_tag-etui-outdoor-ipad","16":"product_tag-etui-przemyslowe-tablet","17":"product_tag-etui-rugged-tablet","18":"product_tag-etui-wodoodporne-ipad","19":"product_tag-etui-x-mount-type-t","20":"product_tag-mxs-a7s","22":"first","23":"instock","24":"taxable","25":"shipping-taxable","26":"purchasable","27":"product-type-simple"},"acf":[],"yoast_head":"<!-- This site is optimized with the Yoast SEO plugin v25.2 - https:\/\/yoast.com\/wordpress\/plugins\/seo\/ -->\n<title>Etui wodoodporne Armor-X - Apple iPad 9.7 (2017\/2018 Gen 6) - Atana<\/title>\n<meta name=\"description\" content=\"Wodoodporne etui Armor-X MXS-A7S IP68 do iPad 9.7&quot; (2017\/2018). Ochrona rugged do marine i outdooru. Kompatybilne z uchwytami do tablet\u00f3w Armor-X.\" \/>\n<meta name=\"robots\" content=\"index, follow, max-snippet:-1, max-image-preview:large, max-video-preview:-1\" \/>\n<link rel=\"canonical\" href=\"https:\/\/atana.pl\/en\/online-shop\/armor-x\/etui\/apple\/etui-wodoodporne-armor-x-ipad-9-7-gen6\/\" \/>\n<meta property=\"og:locale\" content=\"en_GB\" \/>\n<meta property=\"og:type\" content=\"article\" \/>\n<meta property=\"og:title\" content=\"Etui wodoodporne Armor-X - Apple iPad 9.7 (2017\/2018 Gen 6) - Atana\" \/>\n<meta property=\"og:description\" content=\"Wodoodporne etui Armor-X MXS-A7S IP68 do iPad 9.7&quot; (2017\/2018). Ochrona rugged do marine i outdooru. Kompatybilne z uchwytami do tablet\u00f3w Armor-X.\" \/>\n<meta property=\"og:url\" content=\"https:\/\/atana.pl\/en\/online-shop\/armor-x\/etui\/apple\/etui-wodoodporne-armor-x-ipad-9-7-gen6\/\" \/>\n<meta property=\"og:site_name\" content=\"Atana\" \/>\n<meta property=\"article:publisher\" content=\"https:\/\/www.facebook.com\/atanayachts\" \/>\n<meta property=\"article:modified_time\" content=\"2026-01-20T15:12:56+00:00\" \/>\n<meta property=\"og:image\" content=\"https:\/\/atana.pl\/wp-content\/uploads\/1967\/01\/MXS-A7S-LK-ARMOR-X-Apple-iPad-9.7-5th-Gen-Case-iPad-9.7-6th-Gen-Case-ip68-waterproof-shockproof-rugged-case-cases-cover-with-kickstand-hand-strap-X-mount-Security-Lock-Hole-Version_1.webp\" \/>\n\t<meta property=\"og:image:width\" content=\"1000\" \/>\n\t<meta property=\"og:image:height\" content=\"1000\" \/>\n\t<meta property=\"og:image:type\" content=\"image\/webp\" \/>\n<meta name=\"twitter:card\" content=\"summary_large_image\" \/>\n<meta name=\"twitter:label1\" content=\"Estimated reading time\" \/>\n\t<meta name=\"twitter:data1\" content=\"2 minutes\" \/>\n<script type=\"application\/ld+json\" class=\"yoast-schema-graph\">{\"@context\":\"https:\/\/schema.org\",\"@graph\":[{\"@type\":\"WebPage\",\"@id\":\"https:\/\/atana.pl\/sklep-on-line\/armor-x\/etui\/apple\/etui-wodoodporne-armor-x-ipad-9-7-gen6\/\",\"url\":\"https:\/\/atana.pl\/sklep-on-line\/armor-x\/etui\/apple\/etui-wodoodporne-armor-x-ipad-9-7-gen6\/\",\"name\":\"Etui wodoodporne Armor-X - Apple iPad 9.7 (2017\/2018 Gen 6) - Atana\",\"isPartOf\":{\"@id\":\"https:\/\/atana.pl\/#website\"},\"primaryImageOfPage\":{\"@id\":\"https:\/\/atana.pl\/sklep-on-line\/armor-x\/etui\/apple\/etui-wodoodporne-armor-x-ipad-9-7-gen6\/#primaryimage\"},\"image\":{\"@id\":\"https:\/\/atana.pl\/sklep-on-line\/armor-x\/etui\/apple\/etui-wodoodporne-armor-x-ipad-9-7-gen6\/#primaryimage\"},\"thumbnailUrl\":\"https:\/\/atana.pl\/wp-content\/uploads\/1967\/01\/MXS-A7S-LK-ARMOR-X-Apple-iPad-9.7-5th-Gen-Case-iPad-9.7-6th-Gen-Case-ip68-waterproof-shockproof-rugged-case-cases-cover-with-kickstand-hand-strap-X-mount-Security-Lock-Hole-Version_1.webp\",\"datePublished\":\"2026-01-19T12:40:53+00:00\",\"dateModified\":\"2026-01-20T15:12:56+00:00\",\"description\":\"Wodoodporne etui Armor-X MXS-A7S IP68 do iPad 9.7\\\" (2017\/2018). Ochrona rugged do marine i outdooru. Kompatybilne z uchwytami do tablet\u00f3w Armor-X.\",\"breadcrumb\":{\"@id\":\"https:\/\/atana.pl\/sklep-on-line\/armor-x\/etui\/apple\/etui-wodoodporne-armor-x-ipad-9-7-gen6\/#breadcrumb\"},\"inLanguage\":\"en-GB\",\"potentialAction\":[{\"@type\":\"ReadAction\",\"target\":[\"https:\/\/atana.pl\/sklep-on-line\/armor-x\/etui\/apple\/etui-wodoodporne-armor-x-ipad-9-7-gen6\/\"]}]},{\"@type\":\"ImageObject\",\"inLanguage\":\"en-GB\",\"@id\":\"https:\/\/atana.pl\/sklep-on-line\/armor-x\/etui\/apple\/etui-wodoodporne-armor-x-ipad-9-7-gen6\/#primaryimage\",\"url\":\"https:\/\/atana.pl\/wp-content\/uploads\/1967\/01\/MXS-A7S-LK-ARMOR-X-Apple-iPad-9.7-5th-Gen-Case-iPad-9.7-6th-Gen-Case-ip68-waterproof-shockproof-rugged-case-cases-cover-with-kickstand-hand-strap-X-mount-Security-Lock-Hole-Version_1.webp\",\"contentUrl\":\"https:\/\/atana.pl\/wp-content\/uploads\/1967\/01\/MXS-A7S-LK-ARMOR-X-Apple-iPad-9.7-5th-Gen-Case-iPad-9.7-6th-Gen-Case-ip68-waterproof-shockproof-rugged-case-cases-cover-with-kickstand-hand-strap-X-mount-Security-Lock-Hole-Version_1.webp\",\"width\":1000,\"height\":1000,\"caption\":\"MXS A7S LK ARMOR X Apple iPad 9.7 5th Gen Case iPad 9.7 6th Gen Case ip68 waterproof shockproof rugged case cases cover with kickstand hand strap X mount Security Lock Hole Version 1\"},{\"@type\":\"BreadcrumbList\",\"@id\":\"https:\/\/atana.pl\/sklep-on-line\/armor-x\/etui\/apple\/etui-wodoodporne-armor-x-ipad-9-7-gen6\/#breadcrumb\",\"itemListElement\":[{\"@type\":\"ListItem\",\"position\":1,\"name\":\"Strona g\u0142\u00f3wna\",\"item\":\"https:\/\/atana.pl\/\"},{\"@type\":\"ListItem\",\"position\":2,\"name\":\"Sklep on-line\",\"item\":\"https:\/\/atana.pl\/sklep-on-line\/\"},{\"@type\":\"ListItem\",\"position\":3,\"name\":\"Etui wodoodporne Armor-X &#8211; Apple iPad 9.7 (2017\/2018 Gen 6)\"}]},{\"@type\":\"WebSite\",\"@id\":\"https:\/\/atana.pl\/#website\",\"url\":\"https:\/\/atana.pl\/\",\"name\":\"Atana\",\"description\":\"Akcesoria do \u0142odzi, kamper\u00f3w i przyczep. \u0141odzie motorowe\",\"publisher\":{\"@id\":\"https:\/\/atana.pl\/#organization\"},\"potentialAction\":[{\"@type\":\"SearchAction\",\"target\":{\"@type\":\"EntryPoint\",\"urlTemplate\":\"https:\/\/atana.pl\/?s={search_term_string}\"},\"query-input\":{\"@type\":\"PropertyValueSpecification\",\"valueRequired\":true,\"valueName\":\"search_term_string\"}}],\"inLanguage\":\"en-GB\"},{\"@type\":\"Organization\",\"@id\":\"https:\/\/atana.pl\/#organization\",\"name\":\"Atana\",\"url\":\"https:\/\/atana.pl\/\",\"logo\":{\"@type\":\"ImageObject\",\"inLanguage\":\"en-GB\",\"@id\":\"https:\/\/atana.pl\/#\/schema\/logo\/image\/\",\"url\":\"\",\"contentUrl\":\"\",\"caption\":\"Atana\"},\"image\":{\"@id\":\"https:\/\/atana.pl\/#\/schema\/logo\/image\/\"},\"sameAs\":[\"https:\/\/www.facebook.com\/atanayachts\",\"https:\/\/www.instagram.com\/atanaboats\/\",\"https:\/\/www.youtube.com\/channel\/UClMMmVqqx17in9QzgxK90Mw\"]}]}<\/script>\n<!-- \/ Yoast SEO plugin. -->","yoast_head_json":{"title":"Etui wodoodporne Armor-X - Apple iPad 9.7 (2017\/2018 Gen 6) - Atana","description":"Wodoodporne etui Armor-X MXS-A7S IP68 do iPad 9.7\" (2017\/2018). Ochrona rugged do marine i outdooru. Kompatybilne z uchwytami do tablet\u00f3w Armor-X.","robots":{"index":"index","follow":"follow","max-snippet":"max-snippet:-1","max-image-preview":"max-image-preview:large","max-video-preview":"max-video-preview:-1"},"canonical":"https:\/\/atana.pl\/en\/online-shop\/armor-x\/etui\/apple\/etui-wodoodporne-armor-x-ipad-9-7-gen6\/","og_locale":"en_GB","og_type":"article","og_title":"Etui wodoodporne Armor-X - Apple iPad 9.7 (2017\/2018 Gen 6) - Atana","og_description":"Wodoodporne etui Armor-X MXS-A7S IP68 do iPad 9.7\" (2017\/2018). Ochrona rugged do marine i outdooru. Kompatybilne z uchwytami do tablet\u00f3w Armor-X.","og_url":"https:\/\/atana.pl\/en\/online-shop\/armor-x\/etui\/apple\/etui-wodoodporne-armor-x-ipad-9-7-gen6\/","og_site_name":"Atana","article_publisher":"https:\/\/www.facebook.com\/atanayachts","article_modified_time":"2026-01-20T15:12:56+00:00","og_image":[{"width":1000,"height":1000,"url":"https:\/\/atana.pl\/wp-content\/uploads\/1967\/01\/MXS-A7S-LK-ARMOR-X-Apple-iPad-9.7-5th-Gen-Case-iPad-9.7-6th-Gen-Case-ip68-waterproof-shockproof-rugged-case-cases-cover-with-kickstand-hand-strap-X-mount-Security-Lock-Hole-Version_1.webp","type":"image\/webp"}],"twitter_card":"summary_large_image","twitter_misc":{"Estimated reading time":"2 minutes"},"schema":{"@context":"https:\/\/schema.org","@graph":[{"@type":"WebPage","@id":"https:\/\/atana.pl\/sklep-on-line\/armor-x\/etui\/apple\/etui-wodoodporne-armor-x-ipad-9-7-gen6\/","url":"https:\/\/atana.pl\/sklep-on-line\/armor-x\/etui\/apple\/etui-wodoodporne-armor-x-ipad-9-7-gen6\/","name":"Etui wodoodporne Armor-X - Apple iPad 9.7 (2017\/2018 Gen 6) - Atana","isPartOf":{"@id":"https:\/\/atana.pl\/#website"},"primaryImageOfPage":{"@id":"https:\/\/atana.pl\/sklep-on-line\/armor-x\/etui\/apple\/etui-wodoodporne-armor-x-ipad-9-7-gen6\/#primaryimage"},"image":{"@id":"https:\/\/atana.pl\/sklep-on-line\/armor-x\/etui\/apple\/etui-wodoodporne-armor-x-ipad-9-7-gen6\/#primaryimage"},"thumbnailUrl":"https:\/\/atana.pl\/wp-content\/uploads\/1967\/01\/MXS-A7S-LK-ARMOR-X-Apple-iPad-9.7-5th-Gen-Case-iPad-9.7-6th-Gen-Case-ip68-waterproof-shockproof-rugged-case-cases-cover-with-kickstand-hand-strap-X-mount-Security-Lock-Hole-Version_1.webp","datePublished":"2026-01-19T12:40:53+00:00","dateModified":"2026-01-20T15:12:56+00:00","description":"Wodoodporne etui Armor-X MXS-A7S IP68 do iPad 9.7\" (2017\/2018). Ochrona rugged do marine i outdooru. Kompatybilne z uchwytami do tablet\u00f3w Armor-X.","breadcrumb":{"@id":"https:\/\/atana.pl\/sklep-on-line\/armor-x\/etui\/apple\/etui-wodoodporne-armor-x-ipad-9-7-gen6\/#breadcrumb"},"inLanguage":"en-GB","potentialAction":[{"@type":"ReadAction","target":["https:\/\/atana.pl\/sklep-on-line\/armor-x\/etui\/apple\/etui-wodoodporne-armor-x-ipad-9-7-gen6\/"]}]},{"@type":"ImageObject","inLanguage":"en-GB","@id":"https:\/\/atana.pl\/sklep-on-line\/armor-x\/etui\/apple\/etui-wodoodporne-armor-x-ipad-9-7-gen6\/#primaryimage","url":"https:\/\/atana.pl\/wp-content\/uploads\/1967\/01\/MXS-A7S-LK-ARMOR-X-Apple-iPad-9.7-5th-Gen-Case-iPad-9.7-6th-Gen-Case-ip68-waterproof-shockproof-rugged-case-cases-cover-with-kickstand-hand-strap-X-mount-Security-Lock-Hole-Version_1.webp","contentUrl":"https:\/\/atana.pl\/wp-content\/uploads\/1967\/01\/MXS-A7S-LK-ARMOR-X-Apple-iPad-9.7-5th-Gen-Case-iPad-9.7-6th-Gen-Case-ip68-waterproof-shockproof-rugged-case-cases-cover-with-kickstand-hand-strap-X-mount-Security-Lock-Hole-Version_1.webp","width":1000,"height":1000,"caption":"MXS A7S LK ARMOR X Apple iPad 9.7 5th Gen Case iPad 9.7 6th Gen Case ip68 waterproof shockproof rugged case cases cover with kickstand hand strap X mount Security Lock Hole Version 1"},{"@type":"BreadcrumbList","@id":"https:\/\/atana.pl\/sklep-on-line\/armor-x\/etui\/apple\/etui-wodoodporne-armor-x-ipad-9-7-gen6\/#breadcrumb","itemListElement":[{"@type":"ListItem","position":1,"name":"Strona g\u0142\u00f3wna","item":"https:\/\/atana.pl\/"},{"@type":"ListItem","position":2,"name":"Sklep on-line","item":"https:\/\/atana.pl\/sklep-on-line\/"},{"@type":"ListItem","position":3,"name":"Etui wodoodporne Armor-X &#8211; Apple iPad 9.7 (2017\/2018 Gen 6)"}]},{"@type":"WebSite","@id":"https:\/\/atana.pl\/#website","url":"https:\/\/atana.pl\/","name":"Atana","description":"Akcesoria do \u0142odzi, kamper\u00f3w i przyczep. \u0141odzie motorowe","publisher":{"@id":"https:\/\/atana.pl\/#organization"},"potentialAction":[{"@type":"SearchAction","target":{"@type":"EntryPoint","urlTemplate":"https:\/\/atana.pl\/?s={search_term_string}"},"query-input":{"@type":"PropertyValueSpecification","valueRequired":true,"valueName":"search_term_string"}}],"inLanguage":"en-GB"},{"@type":"Organization","@id":"https:\/\/atana.pl\/#organization","name":"Atana","url":"https:\/\/atana.pl\/","logo":{"@type":"ImageObject","inLanguage":"en-GB","@id":"https:\/\/atana.pl\/#\/schema\/logo\/image\/","url":"","contentUrl":"","caption":"Atana"},"image":{"@id":"https:\/\/atana.pl\/#\/schema\/logo\/image\/"},"sameAs":["https:\/\/www.facebook.com\/atanayachts","https:\/\/www.instagram.com\/atanaboats\/","https:\/\/www.youtube.com\/channel\/UClMMmVqqx17in9QzgxK90Mw"]}]}},"_links":{"self":[{"href":"https:\/\/atana.pl\/en\/wp-json\/wp\/v2\/product\/8098","targetHints":{"allow":["GET"]}}],"collection":[{"href":"https:\/\/atana.pl\/en\/wp-json\/wp\/v2\/product"}],"about":[{"href":"https:\/\/atana.pl\/en\/wp-json\/wp\/v2\/types\/product"}],"wp:featuredmedia":[{"embeddable":true,"href":"https:\/\/atana.pl\/en\/wp-json\/wp\/v2\/media\/8097"}],"wp:attachment":[{"href":"https:\/\/atana.pl\/en\/wp-json\/wp\/v2\/media?parent=8098"}],"wp:term":[{"taxonomy":"product_brand","embeddable":true,"href":"https:\/\/atana.pl\/en\/wp-json\/wp\/v2\/product_brand?post=8098"},{"taxonomy":"product_cat","embeddable":true,"href":"https:\/\/atana.pl\/en\/wp-json\/wp\/v2\/product_cat?post=8098"},{"taxonomy":"product_tag","embeddable":true,"href":"https:\/\/atana.pl\/en\/wp-json\/wp\/v2\/product_tag?post=8098"}],"curies":[{"name":"wp","href":"https:\/\/api.w.org\/{rel}","templated":true}]}}