{"id":8076,"date":"2026-01-19T12:52:11","date_gmt":"2026-01-19T11:52:11","guid":{"rendered":"https:\/\/atana.pl\/?post_type=product&#038;p=8076"},"modified":"2026-01-20T11:23:14","modified_gmt":"2026-01-20T10:23:14","slug":"etui-wodoodporne-armor-x-ipad-pro-11-2018","status":"publish","type":"product","link":"https:\/\/atana.pl\/en\/online-shop\/armor-x\/etui\/apple\/etui-wodoodporne-armor-x-ipad-pro-11-2018\/","title":{"rendered":"Etui wodoodporne Armor-X &#8211; Apple iPad PRO 11 &#8211; 2018"},"content":{"rendered":"<h1 data-start=\"204\" data-end=\"308\">\u2693 Armor-X MXS-A9S \u2013 wodoodporne etui IP68 do iPad Pro 11&#8243; (2018) z X-Mount TYPE-T, paskiem i podstawk\u0105<\/h1>\n<p data-start=\"328\" data-end=\"670\"><strong data-start=\"328\" data-end=\"347\">Armor-X MXS-A9S<\/strong> to <strong data-start=\"351\" data-end=\"406\">profesjonalne, w pe\u0142ni wodoodporne etui typu rugged<\/strong> zaprojektowane dla <strong data-start=\"426\" data-end=\"455\">Apple iPad Pro 11&#8243; (2018)<\/strong>. Etui spe\u0142nia norm\u0119 <strong data-start=\"476\" data-end=\"484\">IP68<\/strong> oraz wojskowy standard odporno\u015bci <strong data-start=\"519\" data-end=\"535\">MIL-STD-810G<\/strong>, dzi\u0119ki czemu doskonale sprawdza si\u0119 w <strong data-start=\"575\" data-end=\"669\">warunkach marine, outdoor, przemys\u0142owych oraz w \u015brodowiskach medycznych i gastronomicznych<\/strong>.<\/p>\n<p data-start=\"672\" data-end=\"726\">Rozwi\u0105zanie stworzone do pracy w miejscach takich jak:<\/p>\n<ul data-start=\"727\" data-end=\"909\">\n<li data-start=\"727\" data-end=\"748\">\n<p data-start=\"729\" data-end=\"748\"><strong data-start=\"729\" data-end=\"748\">\u0142odzie i jachty<\/strong><\/p>\n<\/li>\n<li data-start=\"749\" data-end=\"780\">\n<p data-start=\"751\" data-end=\"780\"><strong data-start=\"751\" data-end=\"780\">turystyka wodna i outdoor<\/strong><\/p>\n<\/li>\n<li data-start=\"781\" data-end=\"822\">\n<p data-start=\"783\" data-end=\"822\"><strong data-start=\"783\" data-end=\"822\">magazyny, hale produkcyjne i budowy<\/strong><\/p>\n<\/li>\n<li data-start=\"823\" data-end=\"866\">\n<p data-start=\"825\" data-end=\"866\"><strong data-start=\"825\" data-end=\"866\">gastronomia, restauracje, food trucki<\/strong><\/p>\n<\/li>\n<li data-start=\"867\" data-end=\"909\">\n<p data-start=\"869\" data-end=\"909\"><strong data-start=\"869\" data-end=\"909\">plac\u00f3wki medyczne i opieka zdrowotna<\/strong><\/p>\n<\/li>\n<\/ul>\n<hr data-start=\"911\" data-end=\"914\" \/>\n<h2 data-start=\"916\" data-end=\"952\">Ochrona IP68 i standard militarny<\/h2>\n<p data-start=\"954\" data-end=\"968\">Etui zapewnia:<\/p>\n<ul data-start=\"969\" data-end=\"1156\">\n<li data-start=\"969\" data-end=\"1036\">\n<p data-start=\"971\" data-end=\"1036\"><strong data-start=\"971\" data-end=\"993\">wodoodporno\u015b\u0107 IP68<\/strong> \u2013 zanurzenie do <strong data-start=\"1010\" data-end=\"1034\">1,5 m przez 60 minut<\/strong><\/p>\n<\/li>\n<li data-start=\"1037\" data-end=\"1087\">\n<p data-start=\"1039\" data-end=\"1087\"><strong data-start=\"1039\" data-end=\"1070\">odporno\u015b\u0107 na upadki z 1,2 m<\/strong> (MIL-STD-810G)<\/p>\n<\/li>\n<li data-start=\"1088\" data-end=\"1156\">\n<p data-start=\"1090\" data-end=\"1156\">pe\u0142n\u0105 ochron\u0119 przed <strong data-start=\"1110\" data-end=\"1156\">kurzem, piaskiem, b\u0142otem, \u015bniegiem i lodem<\/strong><\/p>\n<\/li>\n<\/ul>\n<p data-start=\"1158\" data-end=\"1290\">Zintegrowana, <strong data-start=\"1172\" data-end=\"1210\">krystalicznie czysta os\u0142ona ekranu<\/strong> umo\u017cliwia obs\u0142ug\u0119 tabletu r\u00f3wnie\u017c w <strong data-start=\"1247\" data-end=\"1289\">r\u0119kawicach ochronnych i chirurgicznych<\/strong>.<\/p>\n<hr data-start=\"1292\" data-end=\"1295\" \/>\n<h2 data-start=\"1297\" data-end=\"1337\">Konstrukcja rugged do pracy i na wod\u0119<\/h2>\n<ul data-start=\"1339\" data-end=\"1600\">\n<li data-start=\"1339\" data-end=\"1380\">\n<p data-start=\"1341\" data-end=\"1380\">Pe\u0142na ochrona <strong data-start=\"1355\" data-end=\"1380\">kraw\u0119dzi i naro\u017cnik\u00f3w<\/strong><\/p>\n<\/li>\n<li data-start=\"1381\" data-end=\"1435\">\n<p data-start=\"1383\" data-end=\"1435\">Podniesione ranty chroni\u0105ce ekran i obiektyw aparatu<\/p>\n<\/li>\n<li data-start=\"1436\" data-end=\"1476\">\n<p data-start=\"1438\" data-end=\"1476\">Precyzyjne dopasowanie do iPad Pro 11&#8243;<\/p>\n<\/li>\n<li data-start=\"1477\" data-end=\"1551\">\n<p data-start=\"1479\" data-end=\"1551\">Dok\u0142adne wyci\u0119cia i <strong data-start=\"1499\" data-end=\"1518\">tactile buttons<\/strong> zapewniaj\u0105ce wyczuwalny feedback<\/p>\n<\/li>\n<li data-start=\"1552\" data-end=\"1600\">\n<p data-start=\"1554\" data-end=\"1600\">Smuk\u0142a, ergonomiczna forma mimo pe\u0142nej ochrony<\/p>\n<\/li>\n<\/ul>\n<p data-start=\"1602\" data-end=\"1664\">Etui zaprojektowano do <strong data-start=\"1625\" data-end=\"1663\">ci\u0105g\u0142ego, intensywnego u\u017cytkowania<\/strong>.<\/p>\n<hr data-start=\"1666\" data-end=\"1669\" \/>\n<h2 data-start=\"1671\" data-end=\"1708\">Zintegrowany system X-Mount TYPE-T<\/h2>\n<p data-start=\"1710\" data-end=\"1831\">Wbudowany <strong data-start=\"1720\" data-end=\"1746\">adapter X-Mount TYPE-T<\/strong> umo\u017cliwia szybkie i bezpieczne mocowanie tabletu do szerokiej gamy uchwyt\u00f3w Armor-X:<\/p>\n<ul data-start=\"1832\" data-end=\"1936\">\n<li data-start=\"1832\" data-end=\"1864\">\n<p data-start=\"1834\" data-end=\"1864\">uchwyty jachtowe i relingowe<\/p>\n<\/li>\n<li data-start=\"1865\" data-end=\"1902\">\n<p data-start=\"1867\" data-end=\"1902\">uchwyty samochodowe i przemys\u0142owe<\/p>\n<\/li>\n<li data-start=\"1903\" data-end=\"1936\">\n<p data-start=\"1905\" data-end=\"1936\">uchwyty outdoorowe i sportowe<\/p>\n<\/li>\n<\/ul>\n<p data-start=\"1938\" data-end=\"1965\">Tablet mo\u017ce pe\u0142ni\u0107 funkcj\u0119:<\/p>\n<ul data-start=\"1966\" data-end=\"2061\">\n<li data-start=\"1966\" data-end=\"1993\">\n<p data-start=\"1968\" data-end=\"1993\"><strong data-start=\"1968\" data-end=\"1993\">plotera nawigacyjnego<\/strong><\/p>\n<\/li>\n<li data-start=\"1994\" data-end=\"2019\">\n<p data-start=\"1996\" data-end=\"2019\"><strong data-start=\"1996\" data-end=\"2019\">terminala roboczego<\/strong><\/p>\n<\/li>\n<li data-start=\"2020\" data-end=\"2043\">\n<p data-start=\"2022\" data-end=\"2043\"><strong data-start=\"2022\" data-end=\"2043\">ekranu sterowania<\/strong><\/p>\n<\/li>\n<li data-start=\"2044\" data-end=\"2061\">\n<p data-start=\"2046\" data-end=\"2061\"><strong data-start=\"2046\" data-end=\"2061\">systemu POS<\/strong><\/p>\n<\/li>\n<\/ul>\n<hr data-start=\"2063\" data-end=\"2066\" \/>\n<h2 data-start=\"2068\" data-end=\"2114\">Pasek na r\u0119k\u0119, podstawka i warianty zestawu<\/h2>\n<p data-start=\"2116\" data-end=\"2139\">Etui wyposa\u017cone jest w:<\/p>\n<ul data-start=\"2140\" data-end=\"2285\">\n<li data-start=\"2140\" data-end=\"2212\">\n<p data-start=\"2142\" data-end=\"2212\"><strong data-start=\"2142\" data-end=\"2183\">regulowany pasek na r\u0119k\u0119 (hand strap)<\/strong> \u2013 wolne r\u0119ce podczas pracy<\/p>\n<\/li>\n<li data-start=\"2213\" data-end=\"2285\">\n<p data-start=\"2215\" data-end=\"2285\"><strong data-start=\"2215\" data-end=\"2253\">zintegrowan\u0105 podstawk\u0119 (kickstand)<\/strong> \u2013 wygodna praca i prezentacja<\/p>\n<\/li>\n<\/ul>\n<p data-start=\"2287\" data-end=\"2305\">Dost\u0119pne warianty:<\/p>\n<ul data-start=\"2306\" data-end=\"2483\">\n<li data-start=\"2306\" data-end=\"2337\">\n<p data-start=\"2308\" data-end=\"2337\"><strong data-start=\"2308\" data-end=\"2337\">Basic Version \/ Case Only<\/strong><\/p>\n<\/li>\n<li data-start=\"2338\" data-end=\"2381\">\n<p data-start=\"2340\" data-end=\"2381\"><strong data-start=\"2340\" data-end=\"2381\">Basic Version \/ Case + Shoulder Strap<\/strong><\/p>\n<\/li>\n<li data-start=\"2382\" data-end=\"2426\">\n<p data-start=\"2384\" data-end=\"2426\"><strong data-start=\"2384\" data-end=\"2426\">Security Lock Hole Version \/ Case Only<\/strong><\/p>\n<\/li>\n<li data-start=\"2427\" data-end=\"2483\">\n<p data-start=\"2429\" data-end=\"2483\"><strong data-start=\"2429\" data-end=\"2483\">Security Lock Hole Version \/ Case + Shoulder Strap<\/strong><\/p>\n<\/li>\n<\/ul>\n<p data-start=\"2485\" data-end=\"2520\">\u26a0\ufe0f <strong data-start=\"2488\" data-end=\"2520\">Etui nie obs\u0142uguje Touch ID.<\/strong><\/p>\n<hr data-start=\"2522\" data-end=\"2525\" \/>\n<h2 data-start=\"2527\" data-end=\"2563\">Odporno\u015b\u0107 chemiczna i dezynfekcja<\/h2>\n<p data-start=\"2565\" data-end=\"2653\">Etui wykazuje <strong data-start=\"2579\" data-end=\"2609\">wysok\u0105 odporno\u015b\u0107 chemiczn\u0105<\/strong> na standardowe \u015brodki dezynfekuj\u0105ce, w tym:<\/p>\n<ul data-start=\"2654\" data-end=\"2747\">\n<li data-start=\"2654\" data-end=\"2664\">\n<p data-start=\"2656\" data-end=\"2664\">propanol<\/p>\n<\/li>\n<li data-start=\"2665\" data-end=\"2673\">\n<p data-start=\"2667\" data-end=\"2673\">etanol<\/p>\n<\/li>\n<li data-start=\"2674\" data-end=\"2696\">\n<p data-start=\"2676\" data-end=\"2696\">chlorek benzalkonium<\/p>\n<\/li>\n<li data-start=\"2697\" data-end=\"2725\">\n<p data-start=\"2699\" data-end=\"2725\">siarczan etylu mecetronium<\/p>\n<\/li>\n<li data-start=\"2726\" data-end=\"2747\">\n<p data-start=\"2728\" data-end=\"2747\">kwas undecylenowy<\/p>\n<\/li>\n<\/ul>\n<p data-start=\"2749\" data-end=\"2823\">Mo\u017cliwe czyszczenie m.in. <strong data-start=\"2775\" data-end=\"2822\">Super Sani-Cloth Germicidal Disposable Wipe<\/strong>.<\/p>\n<hr data-start=\"2825\" data-end=\"2828\" \/>\n<h2 data-start=\"2830\" data-end=\"2848\">Dane techniczne<\/h2>\n<ul data-start=\"2850\" data-end=\"3056\">\n<li data-start=\"2850\" data-end=\"2897\">\n<p data-start=\"2852\" data-end=\"2897\">Kompatybilno\u015b\u0107: <strong data-start=\"2868\" data-end=\"2897\">Apple iPad Pro 11&#8243; (2018)<\/strong><\/p>\n<\/li>\n<li data-start=\"2898\" data-end=\"2915\">\n<p data-start=\"2900\" data-end=\"2915\">Norma: <strong data-start=\"2907\" data-end=\"2915\">IP68<\/strong><\/p>\n<\/li>\n<li data-start=\"2916\" data-end=\"2963\">\n<p data-start=\"2918\" data-end=\"2963\">Odporno\u015b\u0107 na upadki: <strong data-start=\"2939\" data-end=\"2963\">1,2 m (MIL-STD-810G)<\/strong><\/p>\n<\/li>\n<li data-start=\"2964\" data-end=\"2996\">\n<p data-start=\"2966\" data-end=\"2996\">Dimensions: <strong data-start=\"2975\" data-end=\"2996\">263 \u00d7 187 \u00d7 25 mm<\/strong><\/p>\n<\/li>\n<li data-start=\"2997\" data-end=\"3014\">\n<p data-start=\"2999\" data-end=\"3014\">Weight: <strong data-start=\"3005\" data-end=\"3014\">305 g<\/strong><\/p>\n<\/li>\n<li data-start=\"3015\" data-end=\"3056\">\n<p data-start=\"3017\" data-end=\"3056\">Interfejs monta\u017cowy: <strong data-start=\"3038\" data-end=\"3056\">X-Mount TYPE-T<\/strong><\/p>\n<\/li>\n<\/ul>\n<hr data-start=\"3058\" data-end=\"3061\" \/>\n<h2 data-start=\"3063\" data-end=\"3077\">Idealne do:<\/h2>\n<ul data-start=\"3079\" data-end=\"3255\">\n<li data-start=\"3079\" data-end=\"3110\">\n<p data-start=\"3081\" data-end=\"3110\">\u0141odzi motorowych i jacht\u00f3w.<\/p>\n<\/li>\n<li data-start=\"3111\" data-end=\"3145\">\n<p data-start=\"3113\" data-end=\"3145\">Nawigacji morskiej i ploter\u00f3w.<\/p>\n<\/li>\n<li data-start=\"3146\" data-end=\"3178\">\n<p data-start=\"3148\" data-end=\"3178\">Turystyki wodnej i outdooru.<\/p>\n<\/li>\n<li data-start=\"3179\" data-end=\"3218\">\n<p data-start=\"3181\" data-end=\"3218\">Przemys\u0142u, gastronomii i magazyn\u00f3w.<\/p>\n<\/li>\n<li data-start=\"3219\" data-end=\"3255\">\n<p data-start=\"3221\" data-end=\"3255\">Medycyny i \u015brodowisk sterylnych.<\/p>\n<\/li>\n<\/ul>","protected":false},"excerpt":{"rendered":"<p>Wodoodporne etui Armor-X MXS-A9S IP68 do iPad Pro 11&#8243; (2018) z X-Mount TYPE-T, paskiem i podstawk\u0105.<\/p>","protected":false},"featured_media":8073,"template":"","meta":{"_acf_changed":false},"product_brand":[],"product_cat":[1310,1307,1308],"product_tag":[1316,1453,1501,1502,1456,1499,1457,1455,1498,1459,1500],"class_list":{"0":"post-8076","1":"product","2":"type-product","3":"status-publish","4":"has-post-thumbnail","6":"product_cat-apple","7":"product_cat-armor-x","8":"product_cat-etui","9":"product_tag-armor-x","10":"product_tag-etui-ip68-tablet","11":"product_tag-etui-ipad-pro-11","12":"product_tag-etui-ipad-pro-2018","13":"product_tag-etui-marine-tablet","14":"product_tag-etui-pos-ipad","15":"product_tag-etui-przemyslowe-tablet","16":"product_tag-etui-rugged-tablet","17":"product_tag-etui-wodoodporne-ipad","18":"product_tag-etui-x-mount-type-t","19":"product_tag-mxs-a9s","21":"first","22":"instock","23":"taxable","24":"shipping-taxable","25":"purchasable","26":"product-type-simple"},"acf":[],"yoast_head":"<!-- This site is optimized with the Yoast SEO plugin v25.2 - https:\/\/yoast.com\/wordpress\/plugins\/seo\/ -->\n<title>Etui wodoodporne Armor-X - Apple iPad PRO 11 - 2018 - Atana<\/title>\n<meta name=\"description\" content=\"Wodoodporne etui Armor-X MXS-A9S IP68 do iPad Pro 11&quot; (2018) z X-Mount TYPE-T do marine i przemys\u0142u. Kompatybilne z uchwytami do tablet\u00f3w Armor-X.\" \/>\n<meta name=\"robots\" content=\"index, follow, max-snippet:-1, max-image-preview:large, max-video-preview:-1\" \/>\n<link rel=\"canonical\" href=\"https:\/\/atana.pl\/en\/online-shop\/armor-x\/etui\/apple\/etui-wodoodporne-armor-x-ipad-pro-11-2018\/\" \/>\n<meta property=\"og:locale\" content=\"en_GB\" \/>\n<meta property=\"og:type\" content=\"article\" \/>\n<meta property=\"og:title\" content=\"Etui wodoodporne Armor-X - Apple iPad PRO 11 - 2018 - Atana\" \/>\n<meta property=\"og:description\" content=\"Wodoodporne etui Armor-X MXS-A9S IP68 do iPad Pro 11&quot; (2018) z X-Mount TYPE-T do marine i przemys\u0142u. Kompatybilne z uchwytami do tablet\u00f3w Armor-X.\" \/>\n<meta property=\"og:url\" content=\"https:\/\/atana.pl\/en\/online-shop\/armor-x\/etui\/apple\/etui-wodoodporne-armor-x-ipad-pro-11-2018\/\" \/>\n<meta property=\"og:site_name\" content=\"Atana\" \/>\n<meta property=\"article:publisher\" content=\"https:\/\/www.facebook.com\/atanayachts\" \/>\n<meta property=\"article:modified_time\" content=\"2026-01-20T10:23:14+00:00\" \/>\n<meta property=\"og:image\" content=\"https:\/\/atana.pl\/wp-content\/uploads\/1967\/01\/iPad-Pro-11-Gen2-3.jpg\" \/>\n\t<meta property=\"og:image:width\" content=\"668\" \/>\n\t<meta property=\"og:image:height\" content=\"668\" \/>\n\t<meta property=\"og:image:type\" content=\"image\/jpeg\" \/>\n<meta name=\"twitter:card\" content=\"summary_large_image\" \/>\n<meta name=\"twitter:label1\" content=\"Estimated reading time\" \/>\n\t<meta name=\"twitter:data1\" content=\"2 minutes\" \/>\n<script type=\"application\/ld+json\" class=\"yoast-schema-graph\">{\"@context\":\"https:\/\/schema.org\",\"@graph\":[{\"@type\":\"WebPage\",\"@id\":\"https:\/\/atana.pl\/sklep-on-line\/armor-x\/etui\/apple\/etui-wodoodporne-armor-x-ipad-pro-11-2018\/\",\"url\":\"https:\/\/atana.pl\/sklep-on-line\/armor-x\/etui\/apple\/etui-wodoodporne-armor-x-ipad-pro-11-2018\/\",\"name\":\"Etui wodoodporne Armor-X - Apple iPad PRO 11 - 2018 - Atana\",\"isPartOf\":{\"@id\":\"https:\/\/atana.pl\/#website\"},\"primaryImageOfPage\":{\"@id\":\"https:\/\/atana.pl\/sklep-on-line\/armor-x\/etui\/apple\/etui-wodoodporne-armor-x-ipad-pro-11-2018\/#primaryimage\"},\"image\":{\"@id\":\"https:\/\/atana.pl\/sklep-on-line\/armor-x\/etui\/apple\/etui-wodoodporne-armor-x-ipad-pro-11-2018\/#primaryimage\"},\"thumbnailUrl\":\"https:\/\/atana.pl\/wp-content\/uploads\/1967\/01\/iPad-Pro-11-Gen2-3.jpg\",\"datePublished\":\"2026-01-19T11:52:11+00:00\",\"dateModified\":\"2026-01-20T10:23:14+00:00\",\"description\":\"Wodoodporne etui Armor-X MXS-A9S IP68 do iPad Pro 11\\\" (2018) z X-Mount TYPE-T do marine i przemys\u0142u. Kompatybilne z uchwytami do tablet\u00f3w Armor-X.\",\"breadcrumb\":{\"@id\":\"https:\/\/atana.pl\/sklep-on-line\/armor-x\/etui\/apple\/etui-wodoodporne-armor-x-ipad-pro-11-2018\/#breadcrumb\"},\"inLanguage\":\"en-GB\",\"potentialAction\":[{\"@type\":\"ReadAction\",\"target\":[\"https:\/\/atana.pl\/sklep-on-line\/armor-x\/etui\/apple\/etui-wodoodporne-armor-x-ipad-pro-11-2018\/\"]}]},{\"@type\":\"ImageObject\",\"inLanguage\":\"en-GB\",\"@id\":\"https:\/\/atana.pl\/sklep-on-line\/armor-x\/etui\/apple\/etui-wodoodporne-armor-x-ipad-pro-11-2018\/#primaryimage\",\"url\":\"https:\/\/atana.pl\/wp-content\/uploads\/1967\/01\/iPad-Pro-11-Gen2-3.jpg\",\"contentUrl\":\"https:\/\/atana.pl\/wp-content\/uploads\/1967\/01\/iPad-Pro-11-Gen2-3.jpg\",\"width\":668,\"height\":668,\"caption\":\"iPad Pro 11 Gen2 (3)\"},{\"@type\":\"BreadcrumbList\",\"@id\":\"https:\/\/atana.pl\/sklep-on-line\/armor-x\/etui\/apple\/etui-wodoodporne-armor-x-ipad-pro-11-2018\/#breadcrumb\",\"itemListElement\":[{\"@type\":\"ListItem\",\"position\":1,\"name\":\"Strona g\u0142\u00f3wna\",\"item\":\"https:\/\/atana.pl\/\"},{\"@type\":\"ListItem\",\"position\":2,\"name\":\"Sklep on-line\",\"item\":\"https:\/\/atana.pl\/sklep-on-line\/\"},{\"@type\":\"ListItem\",\"position\":3,\"name\":\"Etui wodoodporne Armor-X &#8211; Apple iPad PRO 11 &#8211; 2018\"}]},{\"@type\":\"WebSite\",\"@id\":\"https:\/\/atana.pl\/#website\",\"url\":\"https:\/\/atana.pl\/\",\"name\":\"Atana\",\"description\":\"Akcesoria do \u0142odzi, kamper\u00f3w i przyczep. \u0141odzie motorowe\",\"publisher\":{\"@id\":\"https:\/\/atana.pl\/#organization\"},\"potentialAction\":[{\"@type\":\"SearchAction\",\"target\":{\"@type\":\"EntryPoint\",\"urlTemplate\":\"https:\/\/atana.pl\/?s={search_term_string}\"},\"query-input\":{\"@type\":\"PropertyValueSpecification\",\"valueRequired\":true,\"valueName\":\"search_term_string\"}}],\"inLanguage\":\"en-GB\"},{\"@type\":\"Organization\",\"@id\":\"https:\/\/atana.pl\/#organization\",\"name\":\"Atana\",\"url\":\"https:\/\/atana.pl\/\",\"logo\":{\"@type\":\"ImageObject\",\"inLanguage\":\"en-GB\",\"@id\":\"https:\/\/atana.pl\/#\/schema\/logo\/image\/\",\"url\":\"\",\"contentUrl\":\"\",\"caption\":\"Atana\"},\"image\":{\"@id\":\"https:\/\/atana.pl\/#\/schema\/logo\/image\/\"},\"sameAs\":[\"https:\/\/www.facebook.com\/atanayachts\",\"https:\/\/www.instagram.com\/atanaboats\/\",\"https:\/\/www.youtube.com\/channel\/UClMMmVqqx17in9QzgxK90Mw\"]}]}<\/script>\n<!-- \/ Yoast SEO plugin. -->","yoast_head_json":{"title":"Etui wodoodporne Armor-X - Apple iPad PRO 11 - 2018 - Atana","description":"Wodoodporne etui Armor-X MXS-A9S IP68 do iPad Pro 11\" (2018) z X-Mount TYPE-T do marine i przemys\u0142u. Kompatybilne z uchwytami do tablet\u00f3w Armor-X.","robots":{"index":"index","follow":"follow","max-snippet":"max-snippet:-1","max-image-preview":"max-image-preview:large","max-video-preview":"max-video-preview:-1"},"canonical":"https:\/\/atana.pl\/en\/online-shop\/armor-x\/etui\/apple\/etui-wodoodporne-armor-x-ipad-pro-11-2018\/","og_locale":"en_GB","og_type":"article","og_title":"Etui wodoodporne Armor-X - Apple iPad PRO 11 - 2018 - Atana","og_description":"Wodoodporne etui Armor-X MXS-A9S IP68 do iPad Pro 11\" (2018) z X-Mount TYPE-T do marine i przemys\u0142u. Kompatybilne z uchwytami do tablet\u00f3w Armor-X.","og_url":"https:\/\/atana.pl\/en\/online-shop\/armor-x\/etui\/apple\/etui-wodoodporne-armor-x-ipad-pro-11-2018\/","og_site_name":"Atana","article_publisher":"https:\/\/www.facebook.com\/atanayachts","article_modified_time":"2026-01-20T10:23:14+00:00","og_image":[{"width":668,"height":668,"url":"https:\/\/atana.pl\/wp-content\/uploads\/1967\/01\/iPad-Pro-11-Gen2-3.jpg","type":"image\/jpeg"}],"twitter_card":"summary_large_image","twitter_misc":{"Estimated reading time":"2 minutes"},"schema":{"@context":"https:\/\/schema.org","@graph":[{"@type":"WebPage","@id":"https:\/\/atana.pl\/sklep-on-line\/armor-x\/etui\/apple\/etui-wodoodporne-armor-x-ipad-pro-11-2018\/","url":"https:\/\/atana.pl\/sklep-on-line\/armor-x\/etui\/apple\/etui-wodoodporne-armor-x-ipad-pro-11-2018\/","name":"Etui wodoodporne Armor-X - Apple iPad PRO 11 - 2018 - Atana","isPartOf":{"@id":"https:\/\/atana.pl\/#website"},"primaryImageOfPage":{"@id":"https:\/\/atana.pl\/sklep-on-line\/armor-x\/etui\/apple\/etui-wodoodporne-armor-x-ipad-pro-11-2018\/#primaryimage"},"image":{"@id":"https:\/\/atana.pl\/sklep-on-line\/armor-x\/etui\/apple\/etui-wodoodporne-armor-x-ipad-pro-11-2018\/#primaryimage"},"thumbnailUrl":"https:\/\/atana.pl\/wp-content\/uploads\/1967\/01\/iPad-Pro-11-Gen2-3.jpg","datePublished":"2026-01-19T11:52:11+00:00","dateModified":"2026-01-20T10:23:14+00:00","description":"Wodoodporne etui Armor-X MXS-A9S IP68 do iPad Pro 11\" (2018) z X-Mount TYPE-T do marine i przemys\u0142u. Kompatybilne z uchwytami do tablet\u00f3w Armor-X.","breadcrumb":{"@id":"https:\/\/atana.pl\/sklep-on-line\/armor-x\/etui\/apple\/etui-wodoodporne-armor-x-ipad-pro-11-2018\/#breadcrumb"},"inLanguage":"en-GB","potentialAction":[{"@type":"ReadAction","target":["https:\/\/atana.pl\/sklep-on-line\/armor-x\/etui\/apple\/etui-wodoodporne-armor-x-ipad-pro-11-2018\/"]}]},{"@type":"ImageObject","inLanguage":"en-GB","@id":"https:\/\/atana.pl\/sklep-on-line\/armor-x\/etui\/apple\/etui-wodoodporne-armor-x-ipad-pro-11-2018\/#primaryimage","url":"https:\/\/atana.pl\/wp-content\/uploads\/1967\/01\/iPad-Pro-11-Gen2-3.jpg","contentUrl":"https:\/\/atana.pl\/wp-content\/uploads\/1967\/01\/iPad-Pro-11-Gen2-3.jpg","width":668,"height":668,"caption":"iPad Pro 11 Gen2 (3)"},{"@type":"BreadcrumbList","@id":"https:\/\/atana.pl\/sklep-on-line\/armor-x\/etui\/apple\/etui-wodoodporne-armor-x-ipad-pro-11-2018\/#breadcrumb","itemListElement":[{"@type":"ListItem","position":1,"name":"Strona g\u0142\u00f3wna","item":"https:\/\/atana.pl\/"},{"@type":"ListItem","position":2,"name":"Sklep on-line","item":"https:\/\/atana.pl\/sklep-on-line\/"},{"@type":"ListItem","position":3,"name":"Etui wodoodporne Armor-X &#8211; Apple iPad PRO 11 &#8211; 2018"}]},{"@type":"WebSite","@id":"https:\/\/atana.pl\/#website","url":"https:\/\/atana.pl\/","name":"Atana","description":"Akcesoria do \u0142odzi, kamper\u00f3w i przyczep. \u0141odzie motorowe","publisher":{"@id":"https:\/\/atana.pl\/#organization"},"potentialAction":[{"@type":"SearchAction","target":{"@type":"EntryPoint","urlTemplate":"https:\/\/atana.pl\/?s={search_term_string}"},"query-input":{"@type":"PropertyValueSpecification","valueRequired":true,"valueName":"search_term_string"}}],"inLanguage":"en-GB"},{"@type":"Organization","@id":"https:\/\/atana.pl\/#organization","name":"Atana","url":"https:\/\/atana.pl\/","logo":{"@type":"ImageObject","inLanguage":"en-GB","@id":"https:\/\/atana.pl\/#\/schema\/logo\/image\/","url":"","contentUrl":"","caption":"Atana"},"image":{"@id":"https:\/\/atana.pl\/#\/schema\/logo\/image\/"},"sameAs":["https:\/\/www.facebook.com\/atanayachts","https:\/\/www.instagram.com\/atanaboats\/","https:\/\/www.youtube.com\/channel\/UClMMmVqqx17in9QzgxK90Mw"]}]}},"_links":{"self":[{"href":"https:\/\/atana.pl\/en\/wp-json\/wp\/v2\/product\/8076","targetHints":{"allow":["GET"]}}],"collection":[{"href":"https:\/\/atana.pl\/en\/wp-json\/wp\/v2\/product"}],"about":[{"href":"https:\/\/atana.pl\/en\/wp-json\/wp\/v2\/types\/product"}],"wp:featuredmedia":[{"embeddable":true,"href":"https:\/\/atana.pl\/en\/wp-json\/wp\/v2\/media\/8073"}],"wp:attachment":[{"href":"https:\/\/atana.pl\/en\/wp-json\/wp\/v2\/media?parent=8076"}],"wp:term":[{"taxonomy":"product_brand","embeddable":true,"href":"https:\/\/atana.pl\/en\/wp-json\/wp\/v2\/product_brand?post=8076"},{"taxonomy":"product_cat","embeddable":true,"href":"https:\/\/atana.pl\/en\/wp-json\/wp\/v2\/product_cat?post=8076"},{"taxonomy":"product_tag","embeddable":true,"href":"https:\/\/atana.pl\/en\/wp-json\/wp\/v2\/product_tag?post=8076"}],"curies":[{"name":"wp","href":"https:\/\/api.w.org\/{rel}","templated":true}]}}