{"id":8058,"date":"2026-01-19T12:40:35","date_gmt":"2026-01-19T11:40:35","guid":{"rendered":"https:\/\/atana.pl\/?post_type=product&#038;p=8058"},"modified":"2026-01-20T11:23:22","modified_gmt":"2026-01-20T10:23:22","slug":"etui-wodoodporne-armor-x-ipad-air-gen3-2019","status":"publish","type":"product","link":"https:\/\/atana.pl\/en\/online-shop\/armor-x\/etui\/apple\/etui-wodoodporne-armor-x-ipad-air-gen3-2019\/","title":{"rendered":"Etui wodoodporne Armor-X &#8211; Apple iPad Air Gen3 2019"},"content":{"rendered":"<h1 data-start=\"222\" data-end=\"324\">\u2693 Armor-X MXS-A8S \u2013 wodoodporne etui IP68 do iPad Air 3 (2019) z X-Mount TYPE-T, paskiem i podstawk\u0105<\/h1>\n<p data-start=\"344\" data-end=\"692\"><strong data-start=\"344\" data-end=\"363\">Armor-X MXS-A8S<\/strong> to <strong data-start=\"367\" data-end=\"422\">profesjonalne, w pe\u0142ni wodoodporne etui typu rugged<\/strong> zaprojektowane dla <strong data-start=\"442\" data-end=\"477\">Apple iPad Air (3rd Gen., 2019)<\/strong>. Etui spe\u0142nia norm\u0119 <strong data-start=\"498\" data-end=\"506\">IP68<\/strong> oraz wojskowy standard odporno\u015bci <strong data-start=\"541\" data-end=\"557\">MIL-STD-810G<\/strong>, dzi\u0119ki czemu doskonale sprawdza si\u0119 w <strong data-start=\"597\" data-end=\"691\">warunkach marine, outdoor, przemys\u0142owych oraz w \u015brodowiskach medycznych i gastronomicznych<\/strong>.<\/p>\n<p data-start=\"694\" data-end=\"748\">Rozwi\u0105zanie stworzone do pracy w miejscach takich jak:<\/p>\n<ul data-start=\"749\" data-end=\"931\">\n<li data-start=\"749\" data-end=\"770\">\n<p data-start=\"751\" data-end=\"770\"><strong data-start=\"751\" data-end=\"770\">\u0142odzie i jachty<\/strong><\/p>\n<\/li>\n<li data-start=\"771\" data-end=\"802\">\n<p data-start=\"773\" data-end=\"802\"><strong data-start=\"773\" data-end=\"802\">turystyka wodna i outdoor<\/strong><\/p>\n<\/li>\n<li data-start=\"803\" data-end=\"844\">\n<p data-start=\"805\" data-end=\"844\"><strong data-start=\"805\" data-end=\"844\">magazyny, hale produkcyjne i budowy<\/strong><\/p>\n<\/li>\n<li data-start=\"845\" data-end=\"888\">\n<p data-start=\"847\" data-end=\"888\"><strong data-start=\"847\" data-end=\"888\">gastronomia, restauracje, food trucki<\/strong><\/p>\n<\/li>\n<li data-start=\"889\" data-end=\"931\">\n<p data-start=\"891\" data-end=\"931\"><strong data-start=\"891\" data-end=\"931\">plac\u00f3wki medyczne i opieka zdrowotna<\/strong><\/p>\n<\/li>\n<\/ul>\n<hr data-start=\"933\" data-end=\"936\" \/>\n<h2 data-start=\"938\" data-end=\"974\">Ochrona IP68 i standard militarny<\/h2>\n<p data-start=\"976\" data-end=\"990\">Etui zapewnia:<\/p>\n<ul data-start=\"991\" data-end=\"1178\">\n<li data-start=\"991\" data-end=\"1058\">\n<p data-start=\"993\" data-end=\"1058\"><strong data-start=\"993\" data-end=\"1015\">wodoodporno\u015b\u0107 IP68<\/strong> \u2013 zanurzenie do <strong data-start=\"1032\" data-end=\"1056\">1,5 m przez 60 minut<\/strong><\/p>\n<\/li>\n<li data-start=\"1059\" data-end=\"1109\">\n<p data-start=\"1061\" data-end=\"1109\"><strong data-start=\"1061\" data-end=\"1092\">odporno\u015b\u0107 na upadki z 1,2 m<\/strong> (MIL-STD-810G)<\/p>\n<\/li>\n<li data-start=\"1110\" data-end=\"1178\">\n<p data-start=\"1112\" data-end=\"1178\">pe\u0142n\u0105 ochron\u0119 przed <strong data-start=\"1132\" data-end=\"1178\">kurzem, piaskiem, b\u0142otem, \u015bniegiem i lodem<\/strong><\/p>\n<\/li>\n<\/ul>\n<p data-start=\"1180\" data-end=\"1310\">Zintegrowana, <strong data-start=\"1194\" data-end=\"1232\">krystalicznie czysta os\u0142ona ekranu<\/strong> umo\u017cliwia obs\u0142ug\u0119 tabletu tak\u017ce w <strong data-start=\"1267\" data-end=\"1309\">r\u0119kawicach ochronnych i chirurgicznych<\/strong>.<\/p>\n<hr data-start=\"1312\" data-end=\"1315\" \/>\n<h2 data-start=\"1317\" data-end=\"1357\">Konstrukcja rugged do pracy i na wod\u0119<\/h2>\n<ul data-start=\"1359\" data-end=\"1618\">\n<li data-start=\"1359\" data-end=\"1400\">\n<p data-start=\"1361\" data-end=\"1400\">Pe\u0142na ochrona <strong data-start=\"1375\" data-end=\"1400\">kraw\u0119dzi i naro\u017cnik\u00f3w<\/strong><\/p>\n<\/li>\n<li data-start=\"1401\" data-end=\"1455\">\n<p data-start=\"1403\" data-end=\"1455\">Podniesione ranty chroni\u0105ce ekran i obiektyw aparatu<\/p>\n<\/li>\n<li data-start=\"1456\" data-end=\"1494\">\n<p data-start=\"1458\" data-end=\"1494\">Precyzyjne dopasowanie do iPad Air 3<\/p>\n<\/li>\n<li data-start=\"1495\" data-end=\"1569\">\n<p data-start=\"1497\" data-end=\"1569\">Dok\u0142adne wyci\u0119cia i <strong data-start=\"1517\" data-end=\"1536\">tactile buttons<\/strong> zapewniaj\u0105ce wyczuwalny feedback<\/p>\n<\/li>\n<li data-start=\"1570\" data-end=\"1618\">\n<p data-start=\"1572\" data-end=\"1618\">Smuk\u0142a, ergonomiczna forma mimo pe\u0142nej ochrony<\/p>\n<\/li>\n<\/ul>\n<p data-start=\"1620\" data-end=\"1682\">Etui zaprojektowano do <strong data-start=\"1643\" data-end=\"1681\">ci\u0105g\u0142ego, intensywnego u\u017cytkowania<\/strong>.<\/p>\n<hr data-start=\"1684\" data-end=\"1687\" \/>\n<h2 data-start=\"1689\" data-end=\"1726\">Zintegrowany system X-Mount TYPE-T<\/h2>\n<p data-start=\"1728\" data-end=\"1849\">Wbudowany <strong data-start=\"1738\" data-end=\"1764\">adapter X-Mount TYPE-T<\/strong> umo\u017cliwia szybkie i bezpieczne mocowanie tabletu do szerokiej gamy uchwyt\u00f3w Armor-X:<\/p>\n<ul data-start=\"1850\" data-end=\"1954\">\n<li data-start=\"1850\" data-end=\"1882\">\n<p data-start=\"1852\" data-end=\"1882\">uchwyty jachtowe i relingowe<\/p>\n<\/li>\n<li data-start=\"1883\" data-end=\"1920\">\n<p data-start=\"1885\" data-end=\"1920\">uchwyty samochodowe i przemys\u0142owe<\/p>\n<\/li>\n<li data-start=\"1921\" data-end=\"1954\">\n<p data-start=\"1923\" data-end=\"1954\">uchwyty outdoorowe i sportowe<\/p>\n<\/li>\n<\/ul>\n<p data-start=\"1956\" data-end=\"1983\">Tablet mo\u017ce pe\u0142ni\u0107 funkcj\u0119:<\/p>\n<ul data-start=\"1984\" data-end=\"2079\">\n<li data-start=\"1984\" data-end=\"2011\">\n<p data-start=\"1986\" data-end=\"2011\"><strong data-start=\"1986\" data-end=\"2011\">plotera nawigacyjnego<\/strong><\/p>\n<\/li>\n<li data-start=\"2012\" data-end=\"2037\">\n<p data-start=\"2014\" data-end=\"2037\"><strong data-start=\"2014\" data-end=\"2037\">terminala roboczego<\/strong><\/p>\n<\/li>\n<li data-start=\"2038\" data-end=\"2061\">\n<p data-start=\"2040\" data-end=\"2061\"><strong data-start=\"2040\" data-end=\"2061\">ekranu sterowania<\/strong><\/p>\n<\/li>\n<li data-start=\"2062\" data-end=\"2079\">\n<p data-start=\"2064\" data-end=\"2079\"><strong data-start=\"2064\" data-end=\"2079\">systemu POS<\/strong><\/p>\n<\/li>\n<\/ul>\n<hr data-start=\"2081\" data-end=\"2084\" \/>\n<h2 data-start=\"2086\" data-end=\"2132\">Pasek na r\u0119k\u0119, podstawka i warianty zestawu<\/h2>\n<p data-start=\"2134\" data-end=\"2157\">Etui wyposa\u017cone jest w:<\/p>\n<ul data-start=\"2158\" data-end=\"2303\">\n<li data-start=\"2158\" data-end=\"2230\">\n<p data-start=\"2160\" data-end=\"2230\"><strong data-start=\"2160\" data-end=\"2201\">regulowany pasek na r\u0119k\u0119 (hand strap)<\/strong> \u2013 wolne r\u0119ce podczas pracy<\/p>\n<\/li>\n<li data-start=\"2231\" data-end=\"2303\">\n<p data-start=\"2233\" data-end=\"2303\"><strong data-start=\"2233\" data-end=\"2271\">zintegrowan\u0105 podstawk\u0119 (kickstand)<\/strong> \u2013 wygodna praca i prezentacja<\/p>\n<\/li>\n<\/ul>\n<p data-start=\"2305\" data-end=\"2323\">Dost\u0119pne warianty:<\/p>\n<ul data-start=\"2324\" data-end=\"2501\">\n<li data-start=\"2324\" data-end=\"2355\">\n<p data-start=\"2326\" data-end=\"2355\"><strong data-start=\"2326\" data-end=\"2355\">Basic Version \/ Case Only<\/strong><\/p>\n<\/li>\n<li data-start=\"2356\" data-end=\"2399\">\n<p data-start=\"2358\" data-end=\"2399\"><strong data-start=\"2358\" data-end=\"2399\">Basic Version \/ Case + Shoulder Strap<\/strong><\/p>\n<\/li>\n<li data-start=\"2400\" data-end=\"2444\">\n<p data-start=\"2402\" data-end=\"2444\"><strong data-start=\"2402\" data-end=\"2444\">Security Lock Hole Version \/ Case Only<\/strong><\/p>\n<\/li>\n<li data-start=\"2445\" data-end=\"2501\">\n<p data-start=\"2447\" data-end=\"2501\"><strong data-start=\"2447\" data-end=\"2501\">Security Lock Hole Version \/ Case + Shoulder Strap<\/strong><\/p>\n<\/li>\n<\/ul>\n<hr data-start=\"2503\" data-end=\"2506\" \/>\n<h2 data-start=\"2508\" data-end=\"2544\">Odporno\u015b\u0107 chemiczna i dezynfekcja<\/h2>\n<p data-start=\"2546\" data-end=\"2634\">Etui wykazuje <strong data-start=\"2560\" data-end=\"2590\">wysok\u0105 odporno\u015b\u0107 chemiczn\u0105<\/strong> na standardowe \u015brodki dezynfekuj\u0105ce, w tym:<\/p>\n<ul data-start=\"2635\" data-end=\"2728\">\n<li data-start=\"2635\" data-end=\"2645\">\n<p data-start=\"2637\" data-end=\"2645\">propanol<\/p>\n<\/li>\n<li data-start=\"2646\" data-end=\"2654\">\n<p data-start=\"2648\" data-end=\"2654\">etanol<\/p>\n<\/li>\n<li data-start=\"2655\" data-end=\"2677\">\n<p data-start=\"2657\" data-end=\"2677\">chlorek benzalkonium<\/p>\n<\/li>\n<li data-start=\"2678\" data-end=\"2706\">\n<p data-start=\"2680\" data-end=\"2706\">siarczan etylu mecetronium<\/p>\n<\/li>\n<li data-start=\"2707\" data-end=\"2728\">\n<p data-start=\"2709\" data-end=\"2728\">kwas undecylenowy<\/p>\n<\/li>\n<\/ul>\n<p data-start=\"2730\" data-end=\"2804\">Mo\u017cliwe czyszczenie m.in. <strong data-start=\"2756\" data-end=\"2803\">Super Sani-Cloth Germicidal Disposable Wipe<\/strong>.<\/p>\n<hr data-start=\"2806\" data-end=\"2809\" \/>\n<h2 data-start=\"2811\" data-end=\"2829\">Dane techniczne<\/h2>\n<ul data-start=\"2831\" data-end=\"3042\">\n<li data-start=\"2831\" data-end=\"2883\">\n<p data-start=\"2833\" data-end=\"2883\">Kompatybilno\u015b\u0107: <strong data-start=\"2849\" data-end=\"2883\">Apple iPad Air (3rd Gen.) 2019<\/strong><\/p>\n<\/li>\n<li data-start=\"2884\" data-end=\"2901\">\n<p data-start=\"2886\" data-end=\"2901\">Norma: <strong data-start=\"2893\" data-end=\"2901\">IP68<\/strong><\/p>\n<\/li>\n<li data-start=\"2902\" data-end=\"2949\">\n<p data-start=\"2904\" data-end=\"2949\">Odporno\u015b\u0107 na upadki: <strong data-start=\"2925\" data-end=\"2949\">1,2 m (MIL-STD-810G)<\/strong><\/p>\n<\/li>\n<li data-start=\"2950\" data-end=\"2982\">\n<p data-start=\"2952\" data-end=\"2982\">Dimensions: <strong data-start=\"2961\" data-end=\"2982\">263 \u00d7 187 \u00d7 25 mm<\/strong><\/p>\n<\/li>\n<li data-start=\"2983\" data-end=\"3000\">\n<p data-start=\"2985\" data-end=\"3000\">Weight: <strong data-start=\"2991\" data-end=\"3000\">319 g<\/strong><\/p>\n<\/li>\n<li data-start=\"3001\" data-end=\"3042\">\n<p data-start=\"3003\" data-end=\"3042\">Interfejs monta\u017cowy: <strong data-start=\"3024\" data-end=\"3042\">X-Mount TYPE-T<\/strong><\/p>\n<\/li>\n<\/ul>\n<hr data-start=\"3044\" data-end=\"3047\" \/>\n<h2 data-start=\"3049\" data-end=\"3063\">Idealne do:<\/h2>\n<ul data-start=\"3065\" data-end=\"3241\">\n<li data-start=\"3065\" data-end=\"3096\">\n<p data-start=\"3067\" data-end=\"3096\">\u0141odzi motorowych i jacht\u00f3w.<\/p>\n<\/li>\n<li data-start=\"3097\" data-end=\"3131\">\n<p data-start=\"3099\" data-end=\"3131\">Nawigacji morskiej i ploter\u00f3w.<\/p>\n<\/li>\n<li data-start=\"3132\" data-end=\"3164\">\n<p data-start=\"3134\" data-end=\"3164\">Turystyki wodnej i outdooru.<\/p>\n<\/li>\n<li data-start=\"3165\" data-end=\"3204\">\n<p data-start=\"3167\" data-end=\"3204\">Przemys\u0142u, gastronomii i magazyn\u00f3w.<\/p>\n<\/li>\n<li data-start=\"3205\" data-end=\"3241\">\n<p data-start=\"3207\" data-end=\"3241\">Medycyny i \u015brodowisk sterylnych.<\/p>\n<\/li>\n<\/ul>","protected":false},"excerpt":{"rendered":"<p>Wodoodporne etui Armor-X MXS-A8S IP68 do iPad Air 3 (2019) z X-Mount TYPE-T, paskiem i podstawk\u0105.<\/p>","protected":false},"featured_media":8061,"template":"","meta":{"_acf_changed":false},"product_brand":[],"product_cat":[1310,1307,1308],"product_tag":[1316,1453,1497,1496,1456,1499,1457,1455,1498,1459,1495],"class_list":{"0":"post-8058","1":"product","2":"type-product","3":"status-publish","4":"has-post-thumbnail","6":"product_cat-apple","7":"product_cat-armor-x","8":"product_cat-etui","9":"product_tag-armor-x","10":"product_tag-etui-ip68-tablet","11":"product_tag-etui-ipad-air-2019","12":"product_tag-etui-ipad-air-3","13":"product_tag-etui-marine-tablet","14":"product_tag-etui-pos-ipad","15":"product_tag-etui-przemyslowe-tablet","16":"product_tag-etui-rugged-tablet","17":"product_tag-etui-wodoodporne-ipad","18":"product_tag-etui-x-mount-type-t","19":"product_tag-mxs-a8s","21":"first","22":"instock","23":"taxable","24":"shipping-taxable","25":"purchasable","26":"product-type-simple"},"acf":[],"yoast_head":"<!-- This site is optimized with the Yoast SEO plugin v25.2 - https:\/\/yoast.com\/wordpress\/plugins\/seo\/ -->\n<title>Etui wodoodporne Armor-X - Apple iPad Air Gen3 2019 - Atana<\/title>\n<meta name=\"description\" content=\"Wodoodporne etui Armor-X MXS-A8S IP68 do iPad Air 3 (2019) z X-Mount TYPE-T do marine i przemys\u0142u. Kompatybilne z uchwytami do tablet\u00f3w Armor-X.\" \/>\n<meta name=\"robots\" content=\"index, follow, max-snippet:-1, max-image-preview:large, max-video-preview:-1\" \/>\n<link rel=\"canonical\" href=\"https:\/\/atana.pl\/en\/online-shop\/armor-x\/etui\/apple\/etui-wodoodporne-armor-x-ipad-air-gen3-2019\/\" \/>\n<meta property=\"og:locale\" content=\"en_GB\" \/>\n<meta property=\"og:type\" content=\"article\" \/>\n<meta property=\"og:title\" content=\"Etui wodoodporne Armor-X - Apple iPad Air Gen3 2019 - Atana\" \/>\n<meta property=\"og:description\" content=\"Wodoodporne etui Armor-X MXS-A8S IP68 do iPad Air 3 (2019) z X-Mount TYPE-T do marine i przemys\u0142u. Kompatybilne z uchwytami do tablet\u00f3w Armor-X.\" \/>\n<meta property=\"og:url\" content=\"https:\/\/atana.pl\/en\/online-shop\/armor-x\/etui\/apple\/etui-wodoodporne-armor-x-ipad-air-gen3-2019\/\" \/>\n<meta property=\"og:site_name\" content=\"Atana\" \/>\n<meta property=\"article:publisher\" content=\"https:\/\/www.facebook.com\/atanayachts\" \/>\n<meta property=\"article:modified_time\" content=\"2026-01-20T10:23:22+00:00\" \/>\n<meta property=\"og:image\" content=\"https:\/\/atana.pl\/wp-content\/uploads\/1967\/01\/MXS-A8S-LK-ARMOR-X-Apple-iPad-Air-3rd-Gen-Case-ip68-waterproof-shockproof-rugged-case-cases-cover-with-kickstand-hand-strap-X-mount-Security-Lock-Hole-Version_1.webp\" \/>\n\t<meta property=\"og:image:width\" content=\"1000\" \/>\n\t<meta property=\"og:image:height\" content=\"1000\" \/>\n\t<meta property=\"og:image:type\" content=\"image\/webp\" \/>\n<meta name=\"twitter:card\" content=\"summary_large_image\" \/>\n<meta name=\"twitter:label1\" content=\"Estimated reading time\" \/>\n\t<meta name=\"twitter:data1\" content=\"2 minutes\" \/>\n<script type=\"application\/ld+json\" class=\"yoast-schema-graph\">{\"@context\":\"https:\/\/schema.org\",\"@graph\":[{\"@type\":\"WebPage\",\"@id\":\"https:\/\/atana.pl\/sklep-on-line\/armor-x\/etui\/apple\/etui-wodoodporne-armor-x-ipad-air-gen3-2019\/\",\"url\":\"https:\/\/atana.pl\/sklep-on-line\/armor-x\/etui\/apple\/etui-wodoodporne-armor-x-ipad-air-gen3-2019\/\",\"name\":\"Etui wodoodporne Armor-X - Apple iPad Air Gen3 2019 - Atana\",\"isPartOf\":{\"@id\":\"https:\/\/atana.pl\/#website\"},\"primaryImageOfPage\":{\"@id\":\"https:\/\/atana.pl\/sklep-on-line\/armor-x\/etui\/apple\/etui-wodoodporne-armor-x-ipad-air-gen3-2019\/#primaryimage\"},\"image\":{\"@id\":\"https:\/\/atana.pl\/sklep-on-line\/armor-x\/etui\/apple\/etui-wodoodporne-armor-x-ipad-air-gen3-2019\/#primaryimage\"},\"thumbnailUrl\":\"https:\/\/atana.pl\/wp-content\/uploads\/1967\/01\/MXS-A8S-LK-ARMOR-X-Apple-iPad-Air-3rd-Gen-Case-ip68-waterproof-shockproof-rugged-case-cases-cover-with-kickstand-hand-strap-X-mount-Security-Lock-Hole-Version_1.webp\",\"datePublished\":\"2026-01-19T11:40:35+00:00\",\"dateModified\":\"2026-01-20T10:23:22+00:00\",\"description\":\"Wodoodporne etui Armor-X MXS-A8S IP68 do iPad Air 3 (2019) z X-Mount TYPE-T do marine i przemys\u0142u. Kompatybilne z uchwytami do tablet\u00f3w Armor-X.\",\"breadcrumb\":{\"@id\":\"https:\/\/atana.pl\/sklep-on-line\/armor-x\/etui\/apple\/etui-wodoodporne-armor-x-ipad-air-gen3-2019\/#breadcrumb\"},\"inLanguage\":\"en-GB\",\"potentialAction\":[{\"@type\":\"ReadAction\",\"target\":[\"https:\/\/atana.pl\/sklep-on-line\/armor-x\/etui\/apple\/etui-wodoodporne-armor-x-ipad-air-gen3-2019\/\"]}]},{\"@type\":\"ImageObject\",\"inLanguage\":\"en-GB\",\"@id\":\"https:\/\/atana.pl\/sklep-on-line\/armor-x\/etui\/apple\/etui-wodoodporne-armor-x-ipad-air-gen3-2019\/#primaryimage\",\"url\":\"https:\/\/atana.pl\/wp-content\/uploads\/1967\/01\/MXS-A8S-LK-ARMOR-X-Apple-iPad-Air-3rd-Gen-Case-ip68-waterproof-shockproof-rugged-case-cases-cover-with-kickstand-hand-strap-X-mount-Security-Lock-Hole-Version_1.webp\",\"contentUrl\":\"https:\/\/atana.pl\/wp-content\/uploads\/1967\/01\/MXS-A8S-LK-ARMOR-X-Apple-iPad-Air-3rd-Gen-Case-ip68-waterproof-shockproof-rugged-case-cases-cover-with-kickstand-hand-strap-X-mount-Security-Lock-Hole-Version_1.webp\",\"width\":1000,\"height\":1000,\"caption\":\"MXS A8S LK ARMOR X Apple iPad Air 3rd Gen Case ip68 waterproof shockproof rugged case cases cover with kickstand hand strap X mount Security Lock Hole Version 1\"},{\"@type\":\"BreadcrumbList\",\"@id\":\"https:\/\/atana.pl\/sklep-on-line\/armor-x\/etui\/apple\/etui-wodoodporne-armor-x-ipad-air-gen3-2019\/#breadcrumb\",\"itemListElement\":[{\"@type\":\"ListItem\",\"position\":1,\"name\":\"Strona g\u0142\u00f3wna\",\"item\":\"https:\/\/atana.pl\/\"},{\"@type\":\"ListItem\",\"position\":2,\"name\":\"Sklep on-line\",\"item\":\"https:\/\/atana.pl\/sklep-on-line\/\"},{\"@type\":\"ListItem\",\"position\":3,\"name\":\"Etui wodoodporne Armor-X &#8211; Apple iPad Air Gen3 2019\"}]},{\"@type\":\"WebSite\",\"@id\":\"https:\/\/atana.pl\/#website\",\"url\":\"https:\/\/atana.pl\/\",\"name\":\"Atana\",\"description\":\"Akcesoria do \u0142odzi, kamper\u00f3w i przyczep. \u0141odzie motorowe\",\"publisher\":{\"@id\":\"https:\/\/atana.pl\/#organization\"},\"potentialAction\":[{\"@type\":\"SearchAction\",\"target\":{\"@type\":\"EntryPoint\",\"urlTemplate\":\"https:\/\/atana.pl\/?s={search_term_string}\"},\"query-input\":{\"@type\":\"PropertyValueSpecification\",\"valueRequired\":true,\"valueName\":\"search_term_string\"}}],\"inLanguage\":\"en-GB\"},{\"@type\":\"Organization\",\"@id\":\"https:\/\/atana.pl\/#organization\",\"name\":\"Atana\",\"url\":\"https:\/\/atana.pl\/\",\"logo\":{\"@type\":\"ImageObject\",\"inLanguage\":\"en-GB\",\"@id\":\"https:\/\/atana.pl\/#\/schema\/logo\/image\/\",\"url\":\"\",\"contentUrl\":\"\",\"caption\":\"Atana\"},\"image\":{\"@id\":\"https:\/\/atana.pl\/#\/schema\/logo\/image\/\"},\"sameAs\":[\"https:\/\/www.facebook.com\/atanayachts\",\"https:\/\/www.instagram.com\/atanaboats\/\",\"https:\/\/www.youtube.com\/channel\/UClMMmVqqx17in9QzgxK90Mw\"]}]}<\/script>\n<!-- \/ Yoast SEO plugin. -->","yoast_head_json":{"title":"Etui wodoodporne Armor-X - Apple iPad Air Gen3 2019 - Atana","description":"Wodoodporne etui Armor-X MXS-A8S IP68 do iPad Air 3 (2019) z X-Mount TYPE-T do marine i przemys\u0142u. Kompatybilne z uchwytami do tablet\u00f3w Armor-X.","robots":{"index":"index","follow":"follow","max-snippet":"max-snippet:-1","max-image-preview":"max-image-preview:large","max-video-preview":"max-video-preview:-1"},"canonical":"https:\/\/atana.pl\/en\/online-shop\/armor-x\/etui\/apple\/etui-wodoodporne-armor-x-ipad-air-gen3-2019\/","og_locale":"en_GB","og_type":"article","og_title":"Etui wodoodporne Armor-X - Apple iPad Air Gen3 2019 - Atana","og_description":"Wodoodporne etui Armor-X MXS-A8S IP68 do iPad Air 3 (2019) z X-Mount TYPE-T do marine i przemys\u0142u. Kompatybilne z uchwytami do tablet\u00f3w Armor-X.","og_url":"https:\/\/atana.pl\/en\/online-shop\/armor-x\/etui\/apple\/etui-wodoodporne-armor-x-ipad-air-gen3-2019\/","og_site_name":"Atana","article_publisher":"https:\/\/www.facebook.com\/atanayachts","article_modified_time":"2026-01-20T10:23:22+00:00","og_image":[{"width":1000,"height":1000,"url":"https:\/\/atana.pl\/wp-content\/uploads\/1967\/01\/MXS-A8S-LK-ARMOR-X-Apple-iPad-Air-3rd-Gen-Case-ip68-waterproof-shockproof-rugged-case-cases-cover-with-kickstand-hand-strap-X-mount-Security-Lock-Hole-Version_1.webp","type":"image\/webp"}],"twitter_card":"summary_large_image","twitter_misc":{"Estimated reading time":"2 minutes"},"schema":{"@context":"https:\/\/schema.org","@graph":[{"@type":"WebPage","@id":"https:\/\/atana.pl\/sklep-on-line\/armor-x\/etui\/apple\/etui-wodoodporne-armor-x-ipad-air-gen3-2019\/","url":"https:\/\/atana.pl\/sklep-on-line\/armor-x\/etui\/apple\/etui-wodoodporne-armor-x-ipad-air-gen3-2019\/","name":"Etui wodoodporne Armor-X - Apple iPad Air Gen3 2019 - Atana","isPartOf":{"@id":"https:\/\/atana.pl\/#website"},"primaryImageOfPage":{"@id":"https:\/\/atana.pl\/sklep-on-line\/armor-x\/etui\/apple\/etui-wodoodporne-armor-x-ipad-air-gen3-2019\/#primaryimage"},"image":{"@id":"https:\/\/atana.pl\/sklep-on-line\/armor-x\/etui\/apple\/etui-wodoodporne-armor-x-ipad-air-gen3-2019\/#primaryimage"},"thumbnailUrl":"https:\/\/atana.pl\/wp-content\/uploads\/1967\/01\/MXS-A8S-LK-ARMOR-X-Apple-iPad-Air-3rd-Gen-Case-ip68-waterproof-shockproof-rugged-case-cases-cover-with-kickstand-hand-strap-X-mount-Security-Lock-Hole-Version_1.webp","datePublished":"2026-01-19T11:40:35+00:00","dateModified":"2026-01-20T10:23:22+00:00","description":"Wodoodporne etui Armor-X MXS-A8S IP68 do iPad Air 3 (2019) z X-Mount TYPE-T do marine i przemys\u0142u. Kompatybilne z uchwytami do tablet\u00f3w Armor-X.","breadcrumb":{"@id":"https:\/\/atana.pl\/sklep-on-line\/armor-x\/etui\/apple\/etui-wodoodporne-armor-x-ipad-air-gen3-2019\/#breadcrumb"},"inLanguage":"en-GB","potentialAction":[{"@type":"ReadAction","target":["https:\/\/atana.pl\/sklep-on-line\/armor-x\/etui\/apple\/etui-wodoodporne-armor-x-ipad-air-gen3-2019\/"]}]},{"@type":"ImageObject","inLanguage":"en-GB","@id":"https:\/\/atana.pl\/sklep-on-line\/armor-x\/etui\/apple\/etui-wodoodporne-armor-x-ipad-air-gen3-2019\/#primaryimage","url":"https:\/\/atana.pl\/wp-content\/uploads\/1967\/01\/MXS-A8S-LK-ARMOR-X-Apple-iPad-Air-3rd-Gen-Case-ip68-waterproof-shockproof-rugged-case-cases-cover-with-kickstand-hand-strap-X-mount-Security-Lock-Hole-Version_1.webp","contentUrl":"https:\/\/atana.pl\/wp-content\/uploads\/1967\/01\/MXS-A8S-LK-ARMOR-X-Apple-iPad-Air-3rd-Gen-Case-ip68-waterproof-shockproof-rugged-case-cases-cover-with-kickstand-hand-strap-X-mount-Security-Lock-Hole-Version_1.webp","width":1000,"height":1000,"caption":"MXS A8S LK ARMOR X Apple iPad Air 3rd Gen Case ip68 waterproof shockproof rugged case cases cover with kickstand hand strap X mount Security Lock Hole Version 1"},{"@type":"BreadcrumbList","@id":"https:\/\/atana.pl\/sklep-on-line\/armor-x\/etui\/apple\/etui-wodoodporne-armor-x-ipad-air-gen3-2019\/#breadcrumb","itemListElement":[{"@type":"ListItem","position":1,"name":"Strona g\u0142\u00f3wna","item":"https:\/\/atana.pl\/"},{"@type":"ListItem","position":2,"name":"Sklep on-line","item":"https:\/\/atana.pl\/sklep-on-line\/"},{"@type":"ListItem","position":3,"name":"Etui wodoodporne Armor-X &#8211; Apple iPad Air Gen3 2019"}]},{"@type":"WebSite","@id":"https:\/\/atana.pl\/#website","url":"https:\/\/atana.pl\/","name":"Atana","description":"Akcesoria do \u0142odzi, kamper\u00f3w i przyczep. \u0141odzie motorowe","publisher":{"@id":"https:\/\/atana.pl\/#organization"},"potentialAction":[{"@type":"SearchAction","target":{"@type":"EntryPoint","urlTemplate":"https:\/\/atana.pl\/?s={search_term_string}"},"query-input":{"@type":"PropertyValueSpecification","valueRequired":true,"valueName":"search_term_string"}}],"inLanguage":"en-GB"},{"@type":"Organization","@id":"https:\/\/atana.pl\/#organization","name":"Atana","url":"https:\/\/atana.pl\/","logo":{"@type":"ImageObject","inLanguage":"en-GB","@id":"https:\/\/atana.pl\/#\/schema\/logo\/image\/","url":"","contentUrl":"","caption":"Atana"},"image":{"@id":"https:\/\/atana.pl\/#\/schema\/logo\/image\/"},"sameAs":["https:\/\/www.facebook.com\/atanayachts","https:\/\/www.instagram.com\/atanaboats\/","https:\/\/www.youtube.com\/channel\/UClMMmVqqx17in9QzgxK90Mw"]}]}},"_links":{"self":[{"href":"https:\/\/atana.pl\/en\/wp-json\/wp\/v2\/product\/8058","targetHints":{"allow":["GET"]}}],"collection":[{"href":"https:\/\/atana.pl\/en\/wp-json\/wp\/v2\/product"}],"about":[{"href":"https:\/\/atana.pl\/en\/wp-json\/wp\/v2\/types\/product"}],"wp:featuredmedia":[{"embeddable":true,"href":"https:\/\/atana.pl\/en\/wp-json\/wp\/v2\/media\/8061"}],"wp:attachment":[{"href":"https:\/\/atana.pl\/en\/wp-json\/wp\/v2\/media?parent=8058"}],"wp:term":[{"taxonomy":"product_brand","embeddable":true,"href":"https:\/\/atana.pl\/en\/wp-json\/wp\/v2\/product_brand?post=8058"},{"taxonomy":"product_cat","embeddable":true,"href":"https:\/\/atana.pl\/en\/wp-json\/wp\/v2\/product_cat?post=8058"},{"taxonomy":"product_tag","embeddable":true,"href":"https:\/\/atana.pl\/en\/wp-json\/wp\/v2\/product_tag?post=8058"}],"curies":[{"name":"wp","href":"https:\/\/api.w.org\/{rel}","templated":true}]}}