{"id":8044,"date":"2026-01-17T18:35:24","date_gmt":"2026-01-17T17:35:24","guid":{"rendered":"https:\/\/atana.pl\/?post_type=product&#038;p=8044"},"modified":"2026-01-20T16:16:12","modified_gmt":"2026-01-20T15:16:12","slug":"etui-wodoodporne-armor-x-samsung-galaxy-n9","status":"publish","type":"product","link":"https:\/\/atana.pl\/en\/online-shop\/armor-x\/etui\/samsung\/etui-wodoodporne-armor-x-samsung-galaxy-n9\/","title":{"rendered":"Etui wodoodporne Armor-X &#8211; Samsung Galaxy Note 9"},"content":{"rendered":"<h1 data-start=\"217\" data-end=\"303\">\u2693 Armor-X MX-N9-BK \u2013 wodoodporne etui IP68 do Samsung Galaxy Note 9 z X-Mount TYPE-K<\/h1>\n<p data-start=\"323\" data-end=\"665\"><strong data-start=\"323\" data-end=\"343\">Armor-X MX-N9-BK<\/strong> to <strong data-start=\"347\" data-end=\"402\">profesjonalne, w pe\u0142ni wodoodporne etui typu rugged<\/strong> zaprojektowane dla <strong data-start=\"422\" data-end=\"447\">Samsung Galaxy Note 9<\/strong>. Etui spe\u0142nia norm\u0119 <strong data-start=\"468\" data-end=\"476\">IP68<\/strong> oraz wojskowy standard odporno\u015bci <strong data-start=\"511\" data-end=\"531\">MIL-STD-810F-516<\/strong>, dzi\u0119ki czemu doskonale sprawdza si\u0119 w <strong data-start=\"571\" data-end=\"664\">warunkach marine, outdoor, przemys\u0142owych oraz podczas intensywnego u\u017cytkowania terenowego<\/strong>.<\/p>\n<p data-start=\"667\" data-end=\"727\">To rozwi\u0105zanie dla u\u017cytkownik\u00f3w korzystaj\u0105cych ze smartfona:<\/p>\n<ul data-start=\"728\" data-end=\"885\">\n<li data-start=\"728\" data-end=\"758\">\n<p data-start=\"730\" data-end=\"758\">na <strong data-start=\"733\" data-end=\"756\">\u0142odziach i jachtach<\/strong><\/p>\n<\/li>\n<li data-start=\"759\" data-end=\"797\">\n<p data-start=\"761\" data-end=\"797\">w <strong data-start=\"763\" data-end=\"795\">turystyce wodnej i outdoorze<\/strong><\/p>\n<\/li>\n<li data-start=\"798\" data-end=\"836\">\n<p data-start=\"800\" data-end=\"836\">w <strong data-start=\"802\" data-end=\"834\">pracy terenowej i serwisowej<\/strong><\/p>\n<\/li>\n<li data-start=\"837\" data-end=\"885\">\n<p data-start=\"839\" data-end=\"885\">podczas <strong data-start=\"847\" data-end=\"885\">sport\u00f3w i aktywno\u015bci ekstremalnych<\/strong><\/p>\n<\/li>\n<\/ul>\n<hr data-start=\"887\" data-end=\"890\" \/>\n<h2 data-start=\"892\" data-end=\"928\">Ochrona IP68 i standard militarny<\/h2>\n<p data-start=\"930\" data-end=\"944\">Etui zapewnia:<\/p>\n<ul data-start=\"945\" data-end=\"1134\">\n<li data-start=\"945\" data-end=\"1010\">\n<p data-start=\"947\" data-end=\"1010\"><strong data-start=\"947\" data-end=\"969\">wodoodporno\u015b\u0107 IP68<\/strong> \u2013 zanurzenie do <strong data-start=\"986\" data-end=\"1008\">2 m przez 60 minut<\/strong><\/p>\n<\/li>\n<li data-start=\"1011\" data-end=\"1065\">\n<p data-start=\"1013\" data-end=\"1065\"><strong data-start=\"1013\" data-end=\"1044\">odporno\u015b\u0107 na upadki z 1,2 m<\/strong> (MIL-STD-810F-516)<\/p>\n<\/li>\n<li data-start=\"1066\" data-end=\"1134\">\n<p data-start=\"1068\" data-end=\"1134\">pe\u0142n\u0105 ochron\u0119 przed <strong data-start=\"1088\" data-end=\"1134\">kurzem, piaskiem, b\u0142otem, \u015bniegiem i lodem<\/strong><\/p>\n<\/li>\n<\/ul>\n<p data-start=\"1136\" data-end=\"1247\">Wbudowana <strong data-start=\"1146\" data-end=\"1163\">os\u0142ona ekranu<\/strong> gwarantuje pe\u0142n\u0105 ochron\u0119 dotyku i komfortow\u0105 obs\u0142ug\u0119 telefonu w trudnych warunkach.<\/p>\n<hr data-start=\"1249\" data-end=\"1252\" \/>\n<h2 data-start=\"1254\" data-end=\"1294\">Konstrukcja rugged do pracy i na wod\u0119<\/h2>\n<ul data-start=\"1296\" data-end=\"1516\">\n<li data-start=\"1296\" data-end=\"1337\">\n<p data-start=\"1298\" data-end=\"1337\">Pe\u0142na ochrona <strong data-start=\"1312\" data-end=\"1337\">kraw\u0119dzi i naro\u017cnik\u00f3w<\/strong><\/p>\n<\/li>\n<li data-start=\"1338\" data-end=\"1377\">\n<p data-start=\"1340\" data-end=\"1377\">Precyzyjne os\u0142ony port\u00f3w i przycisk\u00f3w<\/p>\n<\/li>\n<li data-start=\"1378\" data-end=\"1441\">\n<p data-start=\"1380\" data-end=\"1441\">Smuk\u0142a, ergonomiczna forma zachowuj\u0105ca cienki profil telefonu<\/p>\n<\/li>\n<li data-start=\"1442\" data-end=\"1516\">\n<p data-start=\"1444\" data-end=\"1516\">Dok\u0142adne wyci\u0119cia i <strong data-start=\"1464\" data-end=\"1483\">tactile buttons<\/strong> zapewniaj\u0105ce wyczuwalny feedback<\/p>\n<\/li>\n<\/ul>\n<p data-start=\"1518\" data-end=\"1603\">Etui umo\u017cliwia <strong data-start=\"1533\" data-end=\"1578\">\u0142adowanie i synchronizacj\u0119 przez port USB<\/strong> bez zdejmowania obudowy.<\/p>\n<hr data-start=\"1605\" data-end=\"1608\" \/>\n<h2 data-start=\"1610\" data-end=\"1647\">Zintegrowany system X-Mount TYPE-K<\/h2>\n<p data-start=\"1649\" data-end=\"1771\">Wbudowany <strong data-start=\"1659\" data-end=\"1685\">adapter X-Mount TYPE-K<\/strong> umo\u017cliwia szybkie i bezpieczne mocowanie telefonu do szerokiej gamy uchwyt\u00f3w Armor-X:<\/p>\n<ul data-start=\"1772\" data-end=\"1872\">\n<li data-start=\"1772\" data-end=\"1804\">\n<p data-start=\"1774\" data-end=\"1804\">uchwyty relingowe i jachtowe<\/p>\n<\/li>\n<li data-start=\"1805\" data-end=\"1838\">\n<p data-start=\"1807\" data-end=\"1838\">uchwyty samochodowe i robocze<\/p>\n<\/li>\n<li data-start=\"1839\" data-end=\"1872\">\n<p data-start=\"1841\" data-end=\"1872\">uchwyty outdoorowe i sportowe<\/p>\n<\/li>\n<\/ul>\n<p data-start=\"1874\" data-end=\"1915\">Dzi\u0119ki temu smartfon mo\u017ce pe\u0142ni\u0107 funkcj\u0119:<\/p>\n<ul data-start=\"1916\" data-end=\"2016\">\n<li data-start=\"1916\" data-end=\"1935\">\n<p data-start=\"1918\" data-end=\"1935\"><strong data-start=\"1918\" data-end=\"1935\">nawigacji GPS<\/strong><\/p>\n<\/li>\n<li data-start=\"1936\" data-end=\"1954\">\n<p data-start=\"1938\" data-end=\"1954\"><strong data-start=\"1938\" data-end=\"1954\">map morskich<\/strong><\/p>\n<\/li>\n<li data-start=\"1955\" data-end=\"1980\">\n<p data-start=\"1957\" data-end=\"1980\"><strong data-start=\"1957\" data-end=\"1980\">terminala roboczego<\/strong><\/p>\n<\/li>\n<li data-start=\"1981\" data-end=\"2016\">\n<p data-start=\"1983\" data-end=\"2016\"><strong data-start=\"1983\" data-end=\"2016\">centrum komunikacji w terenie<\/strong><\/p>\n<\/li>\n<\/ul>\n<hr data-start=\"2018\" data-end=\"2021\" \/>\n<h2 data-start=\"2023\" data-end=\"2059\">ActiveKEY, grip strap i mobilno\u015b\u0107<\/h2>\n<p data-start=\"2061\" data-end=\"2140\">Etui wyposa\u017cone jest w <strong data-start=\"2084\" data-end=\"2104\">system ActiveKEY<\/strong>, zawieraj\u0105cy <strong data-start=\"2118\" data-end=\"2139\">3 wymienne modu\u0142y<\/strong>:<\/p>\n<ul data-start=\"2141\" data-end=\"2216\">\n<li data-start=\"2141\" data-end=\"2163\">\n<p data-start=\"2143\" data-end=\"2163\">uchwyt magnetyczny<\/p>\n<\/li>\n<li data-start=\"2164\" data-end=\"2186\">\n<p data-start=\"2166\" data-end=\"2186\">wysuwacz karty SIM<\/p>\n<\/li>\n<li data-start=\"2187\" data-end=\"2216\">\n<p data-start=\"2189\" data-end=\"2216\">mini pojemnik narz\u0119dziowy<\/p>\n<\/li>\n<\/ul>\n<p data-start=\"2218\" data-end=\"2228\">Dodatkowo:<\/p>\n<ul data-start=\"2229\" data-end=\"2471\">\n<li data-start=\"2229\" data-end=\"2291\">\n<p data-start=\"2231\" data-end=\"2291\"><strong data-start=\"2231\" data-end=\"2257\">innowacyjny grip strap<\/strong> \u2013 bezpieczna obs\u0142uga jedn\u0105 r\u0119k\u0105<\/p>\n<\/li>\n<li data-start=\"2292\" data-end=\"2364\">\n<p data-start=\"2294\" data-end=\"2364\"><strong data-start=\"2294\" data-end=\"2327\">uchwyt na pasek i karabi\u0144czyk<\/strong> \u2013 idealne do outdooru i \u017ceglarstwa<\/p>\n<\/li>\n<li data-start=\"2365\" data-end=\"2438\">\n<p data-start=\"2367\" data-end=\"2438\">kompatybilno\u015b\u0107 z <strong data-start=\"2384\" data-end=\"2413\">\u0142adowaniem bezprzewodowym<\/strong> <em data-start=\"2414\" data-end=\"2436\">(z modu\u0142em SIM\/Tool)<\/em><\/p>\n<\/li>\n<li data-start=\"2439\" data-end=\"2471\">\n<p data-start=\"2441\" data-end=\"2471\">obs\u0142uga <strong data-start=\"2449\" data-end=\"2471\">Touch ID \/ Face ID<\/strong><\/p>\n<\/li>\n<\/ul>\n<hr data-start=\"2473\" data-end=\"2476\" \/>\n<h2 data-start=\"2478\" data-end=\"2503\">Kompatybilno\u015b\u0107 i uwagi<\/h2>\n<p data-start=\"2505\" data-end=\"2632\">\u2714 Samsung Galaxy Note 9<br data-start=\"2528\" data-end=\"2531\" \/>\u2714 Norma IP68 + MIL-STD-810F-516<br data-start=\"2562\" data-end=\"2565\" \/>\u26a0 Uchwyty X-Mount (rowerowe, klipsy, opaski) <strong data-start=\"2610\" data-end=\"2632\">sprzedawane osobno<\/strong><\/p>\n<hr data-start=\"2634\" data-end=\"2637\" \/>\n<h2 data-start=\"2639\" data-end=\"2653\">Idealne do:<\/h2>\n<ul data-start=\"2655\" data-end=\"2827\">\n<li data-start=\"2655\" data-end=\"2686\">\n<p data-start=\"2657\" data-end=\"2686\">\u0141odzi motorowych i jacht\u00f3w.<\/p>\n<\/li>\n<li data-start=\"2687\" data-end=\"2716\">\n<p data-start=\"2689\" data-end=\"2716\">Nawigacji morskiej i GPS.<\/p>\n<\/li>\n<li data-start=\"2717\" data-end=\"2749\">\n<p data-start=\"2719\" data-end=\"2749\">Turystyki wodnej i outdooru.<\/p>\n<\/li>\n<li data-start=\"2750\" data-end=\"2783\">\n<p data-start=\"2752\" data-end=\"2783\">Pracy terenowej i serwisowej.<\/p>\n<\/li>\n<li data-start=\"2784\" data-end=\"2827\">\n<p data-start=\"2786\" data-end=\"2827\">Sport\u00f3w ekstremalnych i aktywno\u015bci EDC.<\/p>\n<\/li>\n<\/ul>","protected":false},"excerpt":{"rendered":"<p data-start=\"3297\" data-end=\"3420\">Wodoodporne etui Armor-X MX-N9-BK IP68 do Samsung Galaxy Note 9 z X-Mount TYPE-K, ActiveKEY, grip strapem i karabi\u0144czykiem.<\/p>","protected":false},"featured_media":8046,"template":"","meta":{"_acf_changed":false},"product_brand":[],"product_cat":[1307,1308,1311],"product_tag":[1445,1316,1439,1465,1433,1432,1431,1488,1466,1468,1487],"class_list":{"0":"post-8044","1":"product","2":"type-product","3":"status-publish","4":"has-post-thumbnail","6":"product_cat-armor-x","7":"product_cat-etui","8":"product_cat-samsung","9":"product_tag-activekey","10":"product_tag-armor-x","11":"product_tag-etui-do-pracy-w-terenie","12":"product_tag-etui-ip68-smartphone","13":"product_tag-etui-marine","14":"product_tag-etui-outdoor","15":"product_tag-etui-rugged","16":"product_tag-etui-samsung-note-9","17":"product_tag-etui-wodoodporne-samsung","18":"product_tag-etui-x-mount-type-k","19":"product_tag-mx-n9-bk","21":"first","22":"instock","23":"taxable","24":"shipping-taxable","25":"purchasable","26":"product-type-simple"},"acf":[],"yoast_head":"<!-- This site is optimized with the Yoast SEO plugin v25.2 - https:\/\/yoast.com\/wordpress\/plugins\/seo\/ -->\n<title>Etui wodoodporne Armor-X - Samsung Galaxy Note 9 - Atana<\/title>\n<meta name=\"description\" content=\"Wodoodporne etui Armor-X MX-N9-BK IP68 do Samsung Galaxy Note 9 z X-Mount TYPE-K do marine i outdooru. Pasuje do uchwyt\u00f3w Armor-X typ K.\" \/>\n<meta name=\"robots\" content=\"index, follow, max-snippet:-1, max-image-preview:large, max-video-preview:-1\" \/>\n<link rel=\"canonical\" href=\"https:\/\/atana.pl\/en\/online-shop\/armor-x\/etui\/samsung\/etui-wodoodporne-armor-x-samsung-galaxy-n9\/\" \/>\n<meta property=\"og:locale\" content=\"en_GB\" \/>\n<meta property=\"og:type\" content=\"article\" \/>\n<meta property=\"og:title\" content=\"Etui wodoodporne Armor-X - Samsung Galaxy Note 9 - Atana\" \/>\n<meta property=\"og:description\" content=\"Wodoodporne etui Armor-X MX-N9-BK IP68 do Samsung Galaxy Note 9 z X-Mount TYPE-K do marine i outdooru. Pasuje do uchwyt\u00f3w Armor-X typ K.\" \/>\n<meta property=\"og:url\" content=\"https:\/\/atana.pl\/en\/online-shop\/armor-x\/etui\/samsung\/etui-wodoodporne-armor-x-samsung-galaxy-n9\/\" \/>\n<meta property=\"og:site_name\" content=\"Atana\" \/>\n<meta property=\"article:publisher\" content=\"https:\/\/www.facebook.com\/atanayachts\" \/>\n<meta property=\"article:modified_time\" content=\"2026-01-20T15:16:12+00:00\" \/>\n<meta property=\"og:image\" content=\"https:\/\/atana.pl\/wp-content\/uploads\/1967\/01\/mx-n9-bk-armorx-armor-x-mount-samsung-galaxy-note-9-ip68-waterproof-case-cover_1.webp\" \/>\n\t<meta property=\"og:image:width\" content=\"1000\" \/>\n\t<meta property=\"og:image:height\" content=\"1000\" \/>\n\t<meta property=\"og:image:type\" content=\"image\/webp\" \/>\n<meta name=\"twitter:card\" content=\"summary_large_image\" \/>\n<meta name=\"twitter:label1\" content=\"Estimated reading time\" \/>\n\t<meta name=\"twitter:data1\" content=\"2 minutes\" \/>\n<script type=\"application\/ld+json\" class=\"yoast-schema-graph\">{\"@context\":\"https:\/\/schema.org\",\"@graph\":[{\"@type\":\"WebPage\",\"@id\":\"https:\/\/atana.pl\/sklep-on-line\/armor-x\/etui\/samsung\/etui-wodoodporne-armor-x-samsung-galaxy-n9\/\",\"url\":\"https:\/\/atana.pl\/sklep-on-line\/armor-x\/etui\/samsung\/etui-wodoodporne-armor-x-samsung-galaxy-n9\/\",\"name\":\"Etui wodoodporne Armor-X - Samsung Galaxy Note 9 - Atana\",\"isPartOf\":{\"@id\":\"https:\/\/atana.pl\/#website\"},\"primaryImageOfPage\":{\"@id\":\"https:\/\/atana.pl\/sklep-on-line\/armor-x\/etui\/samsung\/etui-wodoodporne-armor-x-samsung-galaxy-n9\/#primaryimage\"},\"image\":{\"@id\":\"https:\/\/atana.pl\/sklep-on-line\/armor-x\/etui\/samsung\/etui-wodoodporne-armor-x-samsung-galaxy-n9\/#primaryimage\"},\"thumbnailUrl\":\"https:\/\/atana.pl\/wp-content\/uploads\/1967\/01\/mx-n9-bk-armorx-armor-x-mount-samsung-galaxy-note-9-ip68-waterproof-case-cover_1.webp\",\"datePublished\":\"2026-01-17T17:35:24+00:00\",\"dateModified\":\"2026-01-20T15:16:12+00:00\",\"description\":\"Wodoodporne etui Armor-X MX-N9-BK IP68 do Samsung Galaxy Note 9 z X-Mount TYPE-K do marine i outdooru. Pasuje do uchwyt\u00f3w Armor-X typ K.\",\"breadcrumb\":{\"@id\":\"https:\/\/atana.pl\/sklep-on-line\/armor-x\/etui\/samsung\/etui-wodoodporne-armor-x-samsung-galaxy-n9\/#breadcrumb\"},\"inLanguage\":\"en-GB\",\"potentialAction\":[{\"@type\":\"ReadAction\",\"target\":[\"https:\/\/atana.pl\/sklep-on-line\/armor-x\/etui\/samsung\/etui-wodoodporne-armor-x-samsung-galaxy-n9\/\"]}]},{\"@type\":\"ImageObject\",\"inLanguage\":\"en-GB\",\"@id\":\"https:\/\/atana.pl\/sklep-on-line\/armor-x\/etui\/samsung\/etui-wodoodporne-armor-x-samsung-galaxy-n9\/#primaryimage\",\"url\":\"https:\/\/atana.pl\/wp-content\/uploads\/1967\/01\/mx-n9-bk-armorx-armor-x-mount-samsung-galaxy-note-9-ip68-waterproof-case-cover_1.webp\",\"contentUrl\":\"https:\/\/atana.pl\/wp-content\/uploads\/1967\/01\/mx-n9-bk-armorx-armor-x-mount-samsung-galaxy-note-9-ip68-waterproof-case-cover_1.webp\",\"width\":1000,\"height\":1000,\"caption\":\"mx n9 bk armorx armor x mount samsung galaxy note 9 ip68 waterproof case cover 1\"},{\"@type\":\"BreadcrumbList\",\"@id\":\"https:\/\/atana.pl\/sklep-on-line\/armor-x\/etui\/samsung\/etui-wodoodporne-armor-x-samsung-galaxy-n9\/#breadcrumb\",\"itemListElement\":[{\"@type\":\"ListItem\",\"position\":1,\"name\":\"Strona g\u0142\u00f3wna\",\"item\":\"https:\/\/atana.pl\/\"},{\"@type\":\"ListItem\",\"position\":2,\"name\":\"Sklep on-line\",\"item\":\"https:\/\/atana.pl\/sklep-on-line\/\"},{\"@type\":\"ListItem\",\"position\":3,\"name\":\"Etui wodoodporne Armor-X &#8211; Samsung Galaxy Note 9\"}]},{\"@type\":\"WebSite\",\"@id\":\"https:\/\/atana.pl\/#website\",\"url\":\"https:\/\/atana.pl\/\",\"name\":\"Atana\",\"description\":\"Akcesoria do \u0142odzi, kamper\u00f3w i przyczep. \u0141odzie motorowe\",\"publisher\":{\"@id\":\"https:\/\/atana.pl\/#organization\"},\"potentialAction\":[{\"@type\":\"SearchAction\",\"target\":{\"@type\":\"EntryPoint\",\"urlTemplate\":\"https:\/\/atana.pl\/?s={search_term_string}\"},\"query-input\":{\"@type\":\"PropertyValueSpecification\",\"valueRequired\":true,\"valueName\":\"search_term_string\"}}],\"inLanguage\":\"en-GB\"},{\"@type\":\"Organization\",\"@id\":\"https:\/\/atana.pl\/#organization\",\"name\":\"Atana\",\"url\":\"https:\/\/atana.pl\/\",\"logo\":{\"@type\":\"ImageObject\",\"inLanguage\":\"en-GB\",\"@id\":\"https:\/\/atana.pl\/#\/schema\/logo\/image\/\",\"url\":\"\",\"contentUrl\":\"\",\"caption\":\"Atana\"},\"image\":{\"@id\":\"https:\/\/atana.pl\/#\/schema\/logo\/image\/\"},\"sameAs\":[\"https:\/\/www.facebook.com\/atanayachts\",\"https:\/\/www.instagram.com\/atanaboats\/\",\"https:\/\/www.youtube.com\/channel\/UClMMmVqqx17in9QzgxK90Mw\"]}]}<\/script>\n<!-- \/ Yoast SEO plugin. -->","yoast_head_json":{"title":"Etui wodoodporne Armor-X - Samsung Galaxy Note 9 - Atana","description":"Wodoodporne etui Armor-X MX-N9-BK IP68 do Samsung Galaxy Note 9 z X-Mount TYPE-K do marine i outdooru. Pasuje do uchwyt\u00f3w Armor-X typ K.","robots":{"index":"index","follow":"follow","max-snippet":"max-snippet:-1","max-image-preview":"max-image-preview:large","max-video-preview":"max-video-preview:-1"},"canonical":"https:\/\/atana.pl\/en\/online-shop\/armor-x\/etui\/samsung\/etui-wodoodporne-armor-x-samsung-galaxy-n9\/","og_locale":"en_GB","og_type":"article","og_title":"Etui wodoodporne Armor-X - Samsung Galaxy Note 9 - Atana","og_description":"Wodoodporne etui Armor-X MX-N9-BK IP68 do Samsung Galaxy Note 9 z X-Mount TYPE-K do marine i outdooru. Pasuje do uchwyt\u00f3w Armor-X typ K.","og_url":"https:\/\/atana.pl\/en\/online-shop\/armor-x\/etui\/samsung\/etui-wodoodporne-armor-x-samsung-galaxy-n9\/","og_site_name":"Atana","article_publisher":"https:\/\/www.facebook.com\/atanayachts","article_modified_time":"2026-01-20T15:16:12+00:00","og_image":[{"width":1000,"height":1000,"url":"https:\/\/atana.pl\/wp-content\/uploads\/1967\/01\/mx-n9-bk-armorx-armor-x-mount-samsung-galaxy-note-9-ip68-waterproof-case-cover_1.webp","type":"image\/webp"}],"twitter_card":"summary_large_image","twitter_misc":{"Estimated reading time":"2 minutes"},"schema":{"@context":"https:\/\/schema.org","@graph":[{"@type":"WebPage","@id":"https:\/\/atana.pl\/sklep-on-line\/armor-x\/etui\/samsung\/etui-wodoodporne-armor-x-samsung-galaxy-n9\/","url":"https:\/\/atana.pl\/sklep-on-line\/armor-x\/etui\/samsung\/etui-wodoodporne-armor-x-samsung-galaxy-n9\/","name":"Etui wodoodporne Armor-X - Samsung Galaxy Note 9 - Atana","isPartOf":{"@id":"https:\/\/atana.pl\/#website"},"primaryImageOfPage":{"@id":"https:\/\/atana.pl\/sklep-on-line\/armor-x\/etui\/samsung\/etui-wodoodporne-armor-x-samsung-galaxy-n9\/#primaryimage"},"image":{"@id":"https:\/\/atana.pl\/sklep-on-line\/armor-x\/etui\/samsung\/etui-wodoodporne-armor-x-samsung-galaxy-n9\/#primaryimage"},"thumbnailUrl":"https:\/\/atana.pl\/wp-content\/uploads\/1967\/01\/mx-n9-bk-armorx-armor-x-mount-samsung-galaxy-note-9-ip68-waterproof-case-cover_1.webp","datePublished":"2026-01-17T17:35:24+00:00","dateModified":"2026-01-20T15:16:12+00:00","description":"Wodoodporne etui Armor-X MX-N9-BK IP68 do Samsung Galaxy Note 9 z X-Mount TYPE-K do marine i outdooru. Pasuje do uchwyt\u00f3w Armor-X typ K.","breadcrumb":{"@id":"https:\/\/atana.pl\/sklep-on-line\/armor-x\/etui\/samsung\/etui-wodoodporne-armor-x-samsung-galaxy-n9\/#breadcrumb"},"inLanguage":"en-GB","potentialAction":[{"@type":"ReadAction","target":["https:\/\/atana.pl\/sklep-on-line\/armor-x\/etui\/samsung\/etui-wodoodporne-armor-x-samsung-galaxy-n9\/"]}]},{"@type":"ImageObject","inLanguage":"en-GB","@id":"https:\/\/atana.pl\/sklep-on-line\/armor-x\/etui\/samsung\/etui-wodoodporne-armor-x-samsung-galaxy-n9\/#primaryimage","url":"https:\/\/atana.pl\/wp-content\/uploads\/1967\/01\/mx-n9-bk-armorx-armor-x-mount-samsung-galaxy-note-9-ip68-waterproof-case-cover_1.webp","contentUrl":"https:\/\/atana.pl\/wp-content\/uploads\/1967\/01\/mx-n9-bk-armorx-armor-x-mount-samsung-galaxy-note-9-ip68-waterproof-case-cover_1.webp","width":1000,"height":1000,"caption":"mx n9 bk armorx armor x mount samsung galaxy note 9 ip68 waterproof case cover 1"},{"@type":"BreadcrumbList","@id":"https:\/\/atana.pl\/sklep-on-line\/armor-x\/etui\/samsung\/etui-wodoodporne-armor-x-samsung-galaxy-n9\/#breadcrumb","itemListElement":[{"@type":"ListItem","position":1,"name":"Strona g\u0142\u00f3wna","item":"https:\/\/atana.pl\/"},{"@type":"ListItem","position":2,"name":"Sklep on-line","item":"https:\/\/atana.pl\/sklep-on-line\/"},{"@type":"ListItem","position":3,"name":"Etui wodoodporne Armor-X &#8211; Samsung Galaxy Note 9"}]},{"@type":"WebSite","@id":"https:\/\/atana.pl\/#website","url":"https:\/\/atana.pl\/","name":"Atana","description":"Akcesoria do \u0142odzi, kamper\u00f3w i przyczep. \u0141odzie motorowe","publisher":{"@id":"https:\/\/atana.pl\/#organization"},"potentialAction":[{"@type":"SearchAction","target":{"@type":"EntryPoint","urlTemplate":"https:\/\/atana.pl\/?s={search_term_string}"},"query-input":{"@type":"PropertyValueSpecification","valueRequired":true,"valueName":"search_term_string"}}],"inLanguage":"en-GB"},{"@type":"Organization","@id":"https:\/\/atana.pl\/#organization","name":"Atana","url":"https:\/\/atana.pl\/","logo":{"@type":"ImageObject","inLanguage":"en-GB","@id":"https:\/\/atana.pl\/#\/schema\/logo\/image\/","url":"","contentUrl":"","caption":"Atana"},"image":{"@id":"https:\/\/atana.pl\/#\/schema\/logo\/image\/"},"sameAs":["https:\/\/www.facebook.com\/atanayachts","https:\/\/www.instagram.com\/atanaboats\/","https:\/\/www.youtube.com\/channel\/UClMMmVqqx17in9QzgxK90Mw"]}]}},"_links":{"self":[{"href":"https:\/\/atana.pl\/en\/wp-json\/wp\/v2\/product\/8044","targetHints":{"allow":["GET"]}}],"collection":[{"href":"https:\/\/atana.pl\/en\/wp-json\/wp\/v2\/product"}],"about":[{"href":"https:\/\/atana.pl\/en\/wp-json\/wp\/v2\/types\/product"}],"wp:featuredmedia":[{"embeddable":true,"href":"https:\/\/atana.pl\/en\/wp-json\/wp\/v2\/media\/8046"}],"wp:attachment":[{"href":"https:\/\/atana.pl\/en\/wp-json\/wp\/v2\/media?parent=8044"}],"wp:term":[{"taxonomy":"product_brand","embeddable":true,"href":"https:\/\/atana.pl\/en\/wp-json\/wp\/v2\/product_brand?post=8044"},{"taxonomy":"product_cat","embeddable":true,"href":"https:\/\/atana.pl\/en\/wp-json\/wp\/v2\/product_cat?post=8044"},{"taxonomy":"product_tag","embeddable":true,"href":"https:\/\/atana.pl\/en\/wp-json\/wp\/v2\/product_tag?post=8044"}],"curies":[{"name":"wp","href":"https:\/\/api.w.org\/{rel}","templated":true}]}}