{"id":8043,"date":"2026-01-17T18:23:20","date_gmt":"2026-01-17T17:23:20","guid":{"rendered":"https:\/\/atana.pl\/?post_type=product&#038;p=8043"},"modified":"2026-01-20T16:15:42","modified_gmt":"2026-01-20T15:15:42","slug":"etui-wodoodporne-armor-x-samsung-galaxy-s9","status":"publish","type":"product","link":"https:\/\/atana.pl\/en\/online-shop\/armor-x\/etui\/samsung\/etui-wodoodporne-armor-x-samsung-galaxy-s9\/","title":{"rendered":"Etui wodoodporne Armor-X &#8211; Samsung Galaxy S9"},"content":{"rendered":"<h1 data-start=\"213\" data-end=\"295\">\u2693 Armor-X MX-S9-BK \u2013 wodoodporne etui IP68 do Samsung Galaxy S9 z X-Mount TYPE-K<\/h1>\n<p data-start=\"315\" data-end=\"653\"><strong data-start=\"315\" data-end=\"335\">Armor-X MX-S9-BK<\/strong> to <strong data-start=\"339\" data-end=\"394\">profesjonalne, w pe\u0142ni wodoodporne etui typu rugged<\/strong> zaprojektowane dla <strong data-start=\"414\" data-end=\"435\">Samsung Galaxy S9<\/strong>. Etui spe\u0142nia norm\u0119 <strong data-start=\"456\" data-end=\"464\">IP68<\/strong> oraz wojskowy standard odporno\u015bci <strong data-start=\"499\" data-end=\"519\">MIL-STD-810F-516<\/strong>, dzi\u0119ki czemu doskonale sprawdza si\u0119 w <strong data-start=\"559\" data-end=\"652\">warunkach marine, outdoor, przemys\u0142owych oraz podczas intensywnego u\u017cytkowania terenowego<\/strong>.<\/p>\n<p data-start=\"655\" data-end=\"715\">To rozwi\u0105zanie dla u\u017cytkownik\u00f3w korzystaj\u0105cych ze smartfona:<\/p>\n<ul data-start=\"716\" data-end=\"873\">\n<li data-start=\"716\" data-end=\"746\">\n<p data-start=\"718\" data-end=\"746\">na <strong data-start=\"721\" data-end=\"744\">\u0142odziach i jachtach<\/strong><\/p>\n<\/li>\n<li data-start=\"747\" data-end=\"785\">\n<p data-start=\"749\" data-end=\"785\">w <strong data-start=\"751\" data-end=\"783\">turystyce wodnej i outdoorze<\/strong><\/p>\n<\/li>\n<li data-start=\"786\" data-end=\"824\">\n<p data-start=\"788\" data-end=\"824\">w <strong data-start=\"790\" data-end=\"822\">pracy terenowej i serwisowej<\/strong><\/p>\n<\/li>\n<li data-start=\"825\" data-end=\"873\">\n<p data-start=\"827\" data-end=\"873\">podczas <strong data-start=\"835\" data-end=\"873\">sport\u00f3w i aktywno\u015bci ekstremalnych<\/strong><\/p>\n<\/li>\n<\/ul>\n<hr data-start=\"875\" data-end=\"878\" \/>\n<h2 data-start=\"880\" data-end=\"916\">Ochrona IP68 i standard militarny<\/h2>\n<p data-start=\"918\" data-end=\"932\">Etui zapewnia:<\/p>\n<ul data-start=\"933\" data-end=\"1122\">\n<li data-start=\"933\" data-end=\"998\">\n<p data-start=\"935\" data-end=\"998\"><strong data-start=\"935\" data-end=\"957\">wodoodporno\u015b\u0107 IP68<\/strong> \u2013 zanurzenie do <strong data-start=\"974\" data-end=\"996\">2 m przez 60 minut<\/strong><\/p>\n<\/li>\n<li data-start=\"999\" data-end=\"1053\">\n<p data-start=\"1001\" data-end=\"1053\"><strong data-start=\"1001\" data-end=\"1032\">odporno\u015b\u0107 na upadki z 1,2 m<\/strong> (MIL-STD-810F-516)<\/p>\n<\/li>\n<li data-start=\"1054\" data-end=\"1122\">\n<p data-start=\"1056\" data-end=\"1122\">pe\u0142n\u0105 ochron\u0119 przed <strong data-start=\"1076\" data-end=\"1122\">kurzem, piaskiem, b\u0142otem, \u015bniegiem i lodem<\/strong><\/p>\n<\/li>\n<\/ul>\n<p data-start=\"1124\" data-end=\"1244\">Wbudowana <strong data-start=\"1134\" data-end=\"1151\">os\u0142ona ekranu<\/strong> zapewnia pe\u0142n\u0105 ochron\u0119 dotyku i umo\u017cliwia komfortow\u0105 obs\u0142ug\u0119 smartfona w trudnych warunkach.<\/p>\n<hr data-start=\"1246\" data-end=\"1249\" \/>\n<h2 data-start=\"1251\" data-end=\"1291\">Konstrukcja rugged do pracy i na wod\u0119<\/h2>\n<ul data-start=\"1293\" data-end=\"1513\">\n<li data-start=\"1293\" data-end=\"1334\">\n<p data-start=\"1295\" data-end=\"1334\">Pe\u0142na ochrona <strong data-start=\"1309\" data-end=\"1334\">kraw\u0119dzi i naro\u017cnik\u00f3w<\/strong><\/p>\n<\/li>\n<li data-start=\"1335\" data-end=\"1374\">\n<p data-start=\"1337\" data-end=\"1374\">Precyzyjne os\u0142ony port\u00f3w i przycisk\u00f3w<\/p>\n<\/li>\n<li data-start=\"1375\" data-end=\"1438\">\n<p data-start=\"1377\" data-end=\"1438\">Smuk\u0142a, ergonomiczna forma zachowuj\u0105ca cienki profil telefonu<\/p>\n<\/li>\n<li data-start=\"1439\" data-end=\"1513\">\n<p data-start=\"1441\" data-end=\"1513\">Dok\u0142adne wyci\u0119cia i <strong data-start=\"1461\" data-end=\"1480\">tactile buttons<\/strong> zapewniaj\u0105ce wyczuwalny feedback<\/p>\n<\/li>\n<\/ul>\n<p data-start=\"1515\" data-end=\"1600\">Etui umo\u017cliwia <strong data-start=\"1530\" data-end=\"1575\">\u0142adowanie i synchronizacj\u0119 przez port USB<\/strong> bez zdejmowania obudowy.<\/p>\n<hr data-start=\"1602\" data-end=\"1605\" \/>\n<h2 data-start=\"1607\" data-end=\"1644\">Zintegrowany system X-Mount TYPE-K<\/h2>\n<p data-start=\"1646\" data-end=\"1769\">Wbudowany <strong data-start=\"1656\" data-end=\"1682\">adapter X-Mount TYPE-K<\/strong> pozwala na szybkie i bezpieczne mocowanie telefonu do szerokiej gamy uchwyt\u00f3w Armor-X:<\/p>\n<ul data-start=\"1770\" data-end=\"1870\">\n<li data-start=\"1770\" data-end=\"1802\">\n<p data-start=\"1772\" data-end=\"1802\">uchwyty relingowe i jachtowe<\/p>\n<\/li>\n<li data-start=\"1803\" data-end=\"1836\">\n<p data-start=\"1805\" data-end=\"1836\">uchwyty samochodowe i robocze<\/p>\n<\/li>\n<li data-start=\"1837\" data-end=\"1870\">\n<p data-start=\"1839\" data-end=\"1870\">uchwyty outdoorowe i sportowe<\/p>\n<\/li>\n<\/ul>\n<p data-start=\"1872\" data-end=\"1910\">Dzi\u0119ki temu smartfon mo\u017ce s\u0142u\u017cy\u0107 jako:<\/p>\n<ul data-start=\"1911\" data-end=\"2008\">\n<li data-start=\"1911\" data-end=\"1930\">\n<p data-start=\"1913\" data-end=\"1930\"><strong data-start=\"1913\" data-end=\"1930\">nawigacja GPS<\/strong><\/p>\n<\/li>\n<li data-start=\"1931\" data-end=\"1949\">\n<p data-start=\"1933\" data-end=\"1949\"><strong data-start=\"1933\" data-end=\"1949\">mapy morskie<\/strong><\/p>\n<\/li>\n<li data-start=\"1950\" data-end=\"1972\">\n<p data-start=\"1952\" data-end=\"1972\"><strong data-start=\"1952\" data-end=\"1972\">terminal roboczy<\/strong><\/p>\n<\/li>\n<li data-start=\"1973\" data-end=\"2008\">\n<p data-start=\"1975\" data-end=\"2008\"><strong data-start=\"1975\" data-end=\"2008\">centrum komunikacji w terenie<\/strong><\/p>\n<\/li>\n<\/ul>\n<hr data-start=\"2010\" data-end=\"2013\" \/>\n<h2 data-start=\"2015\" data-end=\"2051\">ActiveKEY, grip strap i mobilno\u015b\u0107<\/h2>\n<p data-start=\"2053\" data-end=\"2132\">Etui wyposa\u017cone jest w <strong data-start=\"2076\" data-end=\"2096\">system ActiveKEY<\/strong>, zawieraj\u0105cy <strong data-start=\"2110\" data-end=\"2131\">3 wymienne modu\u0142y<\/strong>:<\/p>\n<ul data-start=\"2133\" data-end=\"2208\">\n<li data-start=\"2133\" data-end=\"2155\">\n<p data-start=\"2135\" data-end=\"2155\">uchwyt magnetyczny<\/p>\n<\/li>\n<li data-start=\"2156\" data-end=\"2178\">\n<p data-start=\"2158\" data-end=\"2178\">wysuwacz karty SIM<\/p>\n<\/li>\n<li data-start=\"2179\" data-end=\"2208\">\n<p data-start=\"2181\" data-end=\"2208\">mini pojemnik narz\u0119dziowy<\/p>\n<\/li>\n<\/ul>\n<p data-start=\"2210\" data-end=\"2220\">Dodatkowo:<\/p>\n<ul data-start=\"2221\" data-end=\"2463\">\n<li data-start=\"2221\" data-end=\"2283\">\n<p data-start=\"2223\" data-end=\"2283\"><strong data-start=\"2223\" data-end=\"2249\">innowacyjny grip strap<\/strong> \u2013 bezpieczna obs\u0142uga jedn\u0105 r\u0119k\u0105<\/p>\n<\/li>\n<li data-start=\"2284\" data-end=\"2356\">\n<p data-start=\"2286\" data-end=\"2356\"><strong data-start=\"2286\" data-end=\"2319\">uchwyt na pasek i karabi\u0144czyk<\/strong> \u2013 idealne do outdooru i \u017ceglarstwa<\/p>\n<\/li>\n<li data-start=\"2357\" data-end=\"2430\">\n<p data-start=\"2359\" data-end=\"2430\">kompatybilno\u015b\u0107 z <strong data-start=\"2376\" data-end=\"2405\">\u0142adowaniem bezprzewodowym<\/strong> <em data-start=\"2406\" data-end=\"2428\">(z modu\u0142em SIM\/Tool)<\/em><\/p>\n<\/li>\n<li data-start=\"2431\" data-end=\"2463\">\n<p data-start=\"2433\" data-end=\"2463\">obs\u0142uga <strong data-start=\"2441\" data-end=\"2463\">Touch ID \/ Face ID<\/strong><\/p>\n<\/li>\n<\/ul>\n<hr data-start=\"2465\" data-end=\"2468\" \/>\n<h2 data-start=\"2470\" data-end=\"2495\">Kompatybilno\u015b\u0107 i uwagi<\/h2>\n<p data-start=\"2497\" data-end=\"2620\">\u2714 Samsung Galaxy S9<br data-start=\"2516\" data-end=\"2519\" \/>\u2714 Norma IP68 + MIL-STD-810F-516<br data-start=\"2550\" data-end=\"2553\" \/>\u26a0 Uchwyty X-Mount (rowerowe, klipsy, opaski) <strong data-start=\"2598\" data-end=\"2620\">sprzedawane osobno<\/strong><\/p>\n<hr data-start=\"2622\" data-end=\"2625\" \/>\n<h2 data-start=\"2627\" data-end=\"2641\">Idealne do:<\/h2>\n<ul data-start=\"2643\" data-end=\"2815\">\n<li data-start=\"2643\" data-end=\"2674\">\n<p data-start=\"2645\" data-end=\"2674\">\u0141odzi motorowych i jacht\u00f3w.<\/p>\n<\/li>\n<li data-start=\"2675\" data-end=\"2704\">\n<p data-start=\"2677\" data-end=\"2704\">Nawigacji morskiej i GPS.<\/p>\n<\/li>\n<li data-start=\"2705\" data-end=\"2737\">\n<p data-start=\"2707\" data-end=\"2737\">Turystyki wodnej i outdooru.<\/p>\n<\/li>\n<li data-start=\"2738\" data-end=\"2771\">\n<p data-start=\"2740\" data-end=\"2771\">Pracy terenowej i serwisowej.<\/p>\n<\/li>\n<li data-start=\"2772\" data-end=\"2815\">\n<p data-start=\"2774\" data-end=\"2815\">Sport\u00f3w ekstremalnych i aktywno\u015bci EDC.<\/p>\n<\/li>\n<\/ul>","protected":false},"excerpt":{"rendered":"<p data-start=\"3273\" data-end=\"3392\">Wodoodporne etui Armor-X MX-S9-BK IP68 do Samsung Galaxy S9 z X-Mount TYPE-K, ActiveKEY, grip strapem i karabi\u0144czykiem.<\/p>","protected":false},"featured_media":8042,"template":"","meta":{"_acf_changed":false},"product_brand":[],"product_cat":[1307,1308,1311],"product_tag":[1445,1316,1439,1465,1433,1432,1431,1486,1466,1468,1485],"class_list":{"0":"post-8043","1":"product","2":"type-product","3":"status-publish","4":"has-post-thumbnail","6":"product_cat-armor-x","7":"product_cat-etui","8":"product_cat-samsung","9":"product_tag-activekey","10":"product_tag-armor-x","11":"product_tag-etui-do-pracy-w-terenie","12":"product_tag-etui-ip68-smartphone","13":"product_tag-etui-marine","14":"product_tag-etui-outdoor","15":"product_tag-etui-rugged","16":"product_tag-etui-samsung-s9","17":"product_tag-etui-wodoodporne-samsung","18":"product_tag-etui-x-mount-type-k","19":"product_tag-mx-s9-bk","21":"first","22":"instock","23":"taxable","24":"shipping-taxable","25":"purchasable","26":"product-type-simple"},"acf":[],"yoast_head":"<!-- This site is optimized with the Yoast SEO plugin v25.2 - https:\/\/yoast.com\/wordpress\/plugins\/seo\/ -->\n<title>Etui wodoodporne Armor-X - Samsung Galaxy S9 - Atana<\/title>\n<meta name=\"description\" content=\"Wodoodporne etui Armor-X MX-S9-BK IP68 do Samsung Galaxy S9 z X-Mount TYPE-K do marine i outdooru.. Pasuje do uchwyt\u00f3w Armor-X typ K.\" \/>\n<meta name=\"robots\" content=\"index, follow, max-snippet:-1, max-image-preview:large, max-video-preview:-1\" \/>\n<link rel=\"canonical\" href=\"https:\/\/atana.pl\/en\/online-shop\/armor-x\/etui\/samsung\/etui-wodoodporne-armor-x-samsung-galaxy-s9\/\" \/>\n<meta property=\"og:locale\" content=\"en_GB\" \/>\n<meta property=\"og:type\" content=\"article\" \/>\n<meta property=\"og:title\" content=\"Etui wodoodporne Armor-X - Samsung Galaxy S9 - Atana\" \/>\n<meta property=\"og:description\" content=\"Wodoodporne etui Armor-X MX-S9-BK IP68 do Samsung Galaxy S9 z X-Mount TYPE-K do marine i outdooru.. Pasuje do uchwyt\u00f3w Armor-X typ K.\" \/>\n<meta property=\"og:url\" content=\"https:\/\/atana.pl\/en\/online-shop\/armor-x\/etui\/samsung\/etui-wodoodporne-armor-x-samsung-galaxy-s9\/\" \/>\n<meta property=\"og:site_name\" content=\"Atana\" \/>\n<meta property=\"article:publisher\" content=\"https:\/\/www.facebook.com\/atanayachts\" \/>\n<meta property=\"article:modified_time\" content=\"2026-01-20T15:15:42+00:00\" \/>\n<meta property=\"og:image\" content=\"https:\/\/atana.pl\/wp-content\/uploads\/1967\/01\/mx-s9-armorx-armor-x-mount-samsung-galaxy-s9-ip68-waterproof-case-cover_9_2.webp\" \/>\n\t<meta property=\"og:image:width\" content=\"1000\" \/>\n\t<meta property=\"og:image:height\" content=\"1000\" \/>\n\t<meta property=\"og:image:type\" content=\"image\/webp\" \/>\n<meta name=\"twitter:card\" content=\"summary_large_image\" \/>\n<meta name=\"twitter:label1\" content=\"Estimated reading time\" \/>\n\t<meta name=\"twitter:data1\" content=\"2 minutes\" \/>\n<script type=\"application\/ld+json\" class=\"yoast-schema-graph\">{\"@context\":\"https:\/\/schema.org\",\"@graph\":[{\"@type\":\"WebPage\",\"@id\":\"https:\/\/atana.pl\/sklep-on-line\/armor-x\/etui\/samsung\/etui-wodoodporne-armor-x-samsung-galaxy-s9\/\",\"url\":\"https:\/\/atana.pl\/sklep-on-line\/armor-x\/etui\/samsung\/etui-wodoodporne-armor-x-samsung-galaxy-s9\/\",\"name\":\"Etui wodoodporne Armor-X - Samsung Galaxy S9 - Atana\",\"isPartOf\":{\"@id\":\"https:\/\/atana.pl\/#website\"},\"primaryImageOfPage\":{\"@id\":\"https:\/\/atana.pl\/sklep-on-line\/armor-x\/etui\/samsung\/etui-wodoodporne-armor-x-samsung-galaxy-s9\/#primaryimage\"},\"image\":{\"@id\":\"https:\/\/atana.pl\/sklep-on-line\/armor-x\/etui\/samsung\/etui-wodoodporne-armor-x-samsung-galaxy-s9\/#primaryimage\"},\"thumbnailUrl\":\"https:\/\/atana.pl\/wp-content\/uploads\/1967\/01\/mx-s9-armorx-armor-x-mount-samsung-galaxy-s9-ip68-waterproof-case-cover_9_2.webp\",\"datePublished\":\"2026-01-17T17:23:20+00:00\",\"dateModified\":\"2026-01-20T15:15:42+00:00\",\"description\":\"Wodoodporne etui Armor-X MX-S9-BK IP68 do Samsung Galaxy S9 z X-Mount TYPE-K do marine i outdooru.. Pasuje do uchwyt\u00f3w Armor-X typ K.\",\"breadcrumb\":{\"@id\":\"https:\/\/atana.pl\/sklep-on-line\/armor-x\/etui\/samsung\/etui-wodoodporne-armor-x-samsung-galaxy-s9\/#breadcrumb\"},\"inLanguage\":\"en-GB\",\"potentialAction\":[{\"@type\":\"ReadAction\",\"target\":[\"https:\/\/atana.pl\/sklep-on-line\/armor-x\/etui\/samsung\/etui-wodoodporne-armor-x-samsung-galaxy-s9\/\"]}]},{\"@type\":\"ImageObject\",\"inLanguage\":\"en-GB\",\"@id\":\"https:\/\/atana.pl\/sklep-on-line\/armor-x\/etui\/samsung\/etui-wodoodporne-armor-x-samsung-galaxy-s9\/#primaryimage\",\"url\":\"https:\/\/atana.pl\/wp-content\/uploads\/1967\/01\/mx-s9-armorx-armor-x-mount-samsung-galaxy-s9-ip68-waterproof-case-cover_9_2.webp\",\"contentUrl\":\"https:\/\/atana.pl\/wp-content\/uploads\/1967\/01\/mx-s9-armorx-armor-x-mount-samsung-galaxy-s9-ip68-waterproof-case-cover_9_2.webp\",\"width\":1000,\"height\":1000,\"caption\":\"mx s9 armorx armor x mount samsung galaxy s9 ip68 waterproof case cover 9 2\"},{\"@type\":\"BreadcrumbList\",\"@id\":\"https:\/\/atana.pl\/sklep-on-line\/armor-x\/etui\/samsung\/etui-wodoodporne-armor-x-samsung-galaxy-s9\/#breadcrumb\",\"itemListElement\":[{\"@type\":\"ListItem\",\"position\":1,\"name\":\"Strona g\u0142\u00f3wna\",\"item\":\"https:\/\/atana.pl\/\"},{\"@type\":\"ListItem\",\"position\":2,\"name\":\"Sklep on-line\",\"item\":\"https:\/\/atana.pl\/sklep-on-line\/\"},{\"@type\":\"ListItem\",\"position\":3,\"name\":\"Etui wodoodporne Armor-X &#8211; Samsung Galaxy S9\"}]},{\"@type\":\"WebSite\",\"@id\":\"https:\/\/atana.pl\/#website\",\"url\":\"https:\/\/atana.pl\/\",\"name\":\"Atana\",\"description\":\"Akcesoria do \u0142odzi, kamper\u00f3w i przyczep. \u0141odzie motorowe\",\"publisher\":{\"@id\":\"https:\/\/atana.pl\/#organization\"},\"potentialAction\":[{\"@type\":\"SearchAction\",\"target\":{\"@type\":\"EntryPoint\",\"urlTemplate\":\"https:\/\/atana.pl\/?s={search_term_string}\"},\"query-input\":{\"@type\":\"PropertyValueSpecification\",\"valueRequired\":true,\"valueName\":\"search_term_string\"}}],\"inLanguage\":\"en-GB\"},{\"@type\":\"Organization\",\"@id\":\"https:\/\/atana.pl\/#organization\",\"name\":\"Atana\",\"url\":\"https:\/\/atana.pl\/\",\"logo\":{\"@type\":\"ImageObject\",\"inLanguage\":\"en-GB\",\"@id\":\"https:\/\/atana.pl\/#\/schema\/logo\/image\/\",\"url\":\"\",\"contentUrl\":\"\",\"caption\":\"Atana\"},\"image\":{\"@id\":\"https:\/\/atana.pl\/#\/schema\/logo\/image\/\"},\"sameAs\":[\"https:\/\/www.facebook.com\/atanayachts\",\"https:\/\/www.instagram.com\/atanaboats\/\",\"https:\/\/www.youtube.com\/channel\/UClMMmVqqx17in9QzgxK90Mw\"]}]}<\/script>\n<!-- \/ Yoast SEO plugin. -->","yoast_head_json":{"title":"Etui wodoodporne Armor-X - Samsung Galaxy S9 - Atana","description":"Wodoodporne etui Armor-X MX-S9-BK IP68 do Samsung Galaxy S9 z X-Mount TYPE-K do marine i outdooru.. Pasuje do uchwyt\u00f3w Armor-X typ K.","robots":{"index":"index","follow":"follow","max-snippet":"max-snippet:-1","max-image-preview":"max-image-preview:large","max-video-preview":"max-video-preview:-1"},"canonical":"https:\/\/atana.pl\/en\/online-shop\/armor-x\/etui\/samsung\/etui-wodoodporne-armor-x-samsung-galaxy-s9\/","og_locale":"en_GB","og_type":"article","og_title":"Etui wodoodporne Armor-X - Samsung Galaxy S9 - Atana","og_description":"Wodoodporne etui Armor-X MX-S9-BK IP68 do Samsung Galaxy S9 z X-Mount TYPE-K do marine i outdooru.. Pasuje do uchwyt\u00f3w Armor-X typ K.","og_url":"https:\/\/atana.pl\/en\/online-shop\/armor-x\/etui\/samsung\/etui-wodoodporne-armor-x-samsung-galaxy-s9\/","og_site_name":"Atana","article_publisher":"https:\/\/www.facebook.com\/atanayachts","article_modified_time":"2026-01-20T15:15:42+00:00","og_image":[{"width":1000,"height":1000,"url":"https:\/\/atana.pl\/wp-content\/uploads\/1967\/01\/mx-s9-armorx-armor-x-mount-samsung-galaxy-s9-ip68-waterproof-case-cover_9_2.webp","type":"image\/webp"}],"twitter_card":"summary_large_image","twitter_misc":{"Estimated reading time":"2 minutes"},"schema":{"@context":"https:\/\/schema.org","@graph":[{"@type":"WebPage","@id":"https:\/\/atana.pl\/sklep-on-line\/armor-x\/etui\/samsung\/etui-wodoodporne-armor-x-samsung-galaxy-s9\/","url":"https:\/\/atana.pl\/sklep-on-line\/armor-x\/etui\/samsung\/etui-wodoodporne-armor-x-samsung-galaxy-s9\/","name":"Etui wodoodporne Armor-X - Samsung Galaxy S9 - Atana","isPartOf":{"@id":"https:\/\/atana.pl\/#website"},"primaryImageOfPage":{"@id":"https:\/\/atana.pl\/sklep-on-line\/armor-x\/etui\/samsung\/etui-wodoodporne-armor-x-samsung-galaxy-s9\/#primaryimage"},"image":{"@id":"https:\/\/atana.pl\/sklep-on-line\/armor-x\/etui\/samsung\/etui-wodoodporne-armor-x-samsung-galaxy-s9\/#primaryimage"},"thumbnailUrl":"https:\/\/atana.pl\/wp-content\/uploads\/1967\/01\/mx-s9-armorx-armor-x-mount-samsung-galaxy-s9-ip68-waterproof-case-cover_9_2.webp","datePublished":"2026-01-17T17:23:20+00:00","dateModified":"2026-01-20T15:15:42+00:00","description":"Wodoodporne etui Armor-X MX-S9-BK IP68 do Samsung Galaxy S9 z X-Mount TYPE-K do marine i outdooru.. Pasuje do uchwyt\u00f3w Armor-X typ K.","breadcrumb":{"@id":"https:\/\/atana.pl\/sklep-on-line\/armor-x\/etui\/samsung\/etui-wodoodporne-armor-x-samsung-galaxy-s9\/#breadcrumb"},"inLanguage":"en-GB","potentialAction":[{"@type":"ReadAction","target":["https:\/\/atana.pl\/sklep-on-line\/armor-x\/etui\/samsung\/etui-wodoodporne-armor-x-samsung-galaxy-s9\/"]}]},{"@type":"ImageObject","inLanguage":"en-GB","@id":"https:\/\/atana.pl\/sklep-on-line\/armor-x\/etui\/samsung\/etui-wodoodporne-armor-x-samsung-galaxy-s9\/#primaryimage","url":"https:\/\/atana.pl\/wp-content\/uploads\/1967\/01\/mx-s9-armorx-armor-x-mount-samsung-galaxy-s9-ip68-waterproof-case-cover_9_2.webp","contentUrl":"https:\/\/atana.pl\/wp-content\/uploads\/1967\/01\/mx-s9-armorx-armor-x-mount-samsung-galaxy-s9-ip68-waterproof-case-cover_9_2.webp","width":1000,"height":1000,"caption":"mx s9 armorx armor x mount samsung galaxy s9 ip68 waterproof case cover 9 2"},{"@type":"BreadcrumbList","@id":"https:\/\/atana.pl\/sklep-on-line\/armor-x\/etui\/samsung\/etui-wodoodporne-armor-x-samsung-galaxy-s9\/#breadcrumb","itemListElement":[{"@type":"ListItem","position":1,"name":"Strona g\u0142\u00f3wna","item":"https:\/\/atana.pl\/"},{"@type":"ListItem","position":2,"name":"Sklep on-line","item":"https:\/\/atana.pl\/sklep-on-line\/"},{"@type":"ListItem","position":3,"name":"Etui wodoodporne Armor-X &#8211; Samsung Galaxy S9"}]},{"@type":"WebSite","@id":"https:\/\/atana.pl\/#website","url":"https:\/\/atana.pl\/","name":"Atana","description":"Akcesoria do \u0142odzi, kamper\u00f3w i przyczep. \u0141odzie motorowe","publisher":{"@id":"https:\/\/atana.pl\/#organization"},"potentialAction":[{"@type":"SearchAction","target":{"@type":"EntryPoint","urlTemplate":"https:\/\/atana.pl\/?s={search_term_string}"},"query-input":{"@type":"PropertyValueSpecification","valueRequired":true,"valueName":"search_term_string"}}],"inLanguage":"en-GB"},{"@type":"Organization","@id":"https:\/\/atana.pl\/#organization","name":"Atana","url":"https:\/\/atana.pl\/","logo":{"@type":"ImageObject","inLanguage":"en-GB","@id":"https:\/\/atana.pl\/#\/schema\/logo\/image\/","url":"","contentUrl":"","caption":"Atana"},"image":{"@id":"https:\/\/atana.pl\/#\/schema\/logo\/image\/"},"sameAs":["https:\/\/www.facebook.com\/atanayachts","https:\/\/www.instagram.com\/atanaboats\/","https:\/\/www.youtube.com\/channel\/UClMMmVqqx17in9QzgxK90Mw"]}]}},"_links":{"self":[{"href":"https:\/\/atana.pl\/en\/wp-json\/wp\/v2\/product\/8043","targetHints":{"allow":["GET"]}}],"collection":[{"href":"https:\/\/atana.pl\/en\/wp-json\/wp\/v2\/product"}],"about":[{"href":"https:\/\/atana.pl\/en\/wp-json\/wp\/v2\/types\/product"}],"wp:featuredmedia":[{"embeddable":true,"href":"https:\/\/atana.pl\/en\/wp-json\/wp\/v2\/media\/8042"}],"wp:attachment":[{"href":"https:\/\/atana.pl\/en\/wp-json\/wp\/v2\/media?parent=8043"}],"wp:term":[{"taxonomy":"product_brand","embeddable":true,"href":"https:\/\/atana.pl\/en\/wp-json\/wp\/v2\/product_brand?post=8043"},{"taxonomy":"product_cat","embeddable":true,"href":"https:\/\/atana.pl\/en\/wp-json\/wp\/v2\/product_cat?post=8043"},{"taxonomy":"product_tag","embeddable":true,"href":"https:\/\/atana.pl\/en\/wp-json\/wp\/v2\/product_tag?post=8043"}],"curies":[{"name":"wp","href":"https:\/\/api.w.org\/{rel}","templated":true}]}}