{"id":8027,"date":"2026-01-17T11:56:00","date_gmt":"2026-01-17T10:56:00","guid":{"rendered":"https:\/\/atana.pl\/?post_type=product&#038;p=8027"},"modified":"2026-01-17T12:02:33","modified_gmt":"2026-01-17T11:02:33","slug":"etui-pancerne-armor-x-samsung-galaxy-s10-5g-military","status":"publish","type":"product","link":"https:\/\/atana.pl\/en\/online-shop\/armor-x\/etui\/samsung\/etui-pancerne-armor-x-samsung-galaxy-s10-5g-military\/","title":{"rendered":"Etui pancerne Armor-X &#8211; Samsung Galaxy S10 5G"},"content":{"rendered":"<h1 data-start=\"209\" data-end=\"326\">\u2693 Armor-X HX-S105G-BK \u2013 pancerne etui Military Grade do Samsung Galaxy S10 5G z X-Mount, ActiveKEY i karabi\u0144czykiem<\/h1>\n<p data-start=\"346\" data-end=\"691\"><strong data-start=\"346\" data-end=\"369\">Armor-X HX-S105G-BK<\/strong> to <strong data-start=\"373\" data-end=\"422\">wytrzyma\u0142e etui ochronne klasy Military Grade<\/strong> zaprojektowane specjalnie dla <strong data-start=\"453\" data-end=\"478\">Samsung Galaxy S10 5G<\/strong>. Model ten \u0142\u0105czy <strong data-start=\"496\" data-end=\"513\">sztywny prz\u00f3d<\/strong> z <strong data-start=\"516\" data-end=\"542\">dwukomponentowym ty\u0142em<\/strong>, zapewniaj\u0105c wysoki poziom ochrony przy zachowaniu <strong data-start=\"594\" data-end=\"629\">smuk\u0142ego, kieszeniowego profilu<\/strong>. Idealne do zastosowa\u0144 <strong data-start=\"653\" data-end=\"690\">marine, outdoor i pracy terenowej<\/strong>.<\/p>\n<p data-start=\"693\" data-end=\"782\">Etui zosta\u0142o stworzone z my\u015bl\u0105 o u\u017cytkownikach aktywnych, kt\u00f3rzy korzystaj\u0105 ze smartfona:<\/p>\n<ul data-start=\"783\" data-end=\"926\">\n<li data-start=\"783\" data-end=\"813\">\n<p data-start=\"785\" data-end=\"813\">na <strong data-start=\"788\" data-end=\"811\">\u0142odziach i jachtach<\/strong><\/p>\n<\/li>\n<li data-start=\"814\" data-end=\"859\">\n<p data-start=\"816\" data-end=\"859\">podczas <strong data-start=\"824\" data-end=\"857\">\u017ceglarstwa i turystyki wodnej<\/strong><\/p>\n<\/li>\n<li data-start=\"860\" data-end=\"889\">\n<p data-start=\"862\" data-end=\"889\">w <strong data-start=\"864\" data-end=\"887\">sporcie i outdoorze<\/strong><\/p>\n<\/li>\n<li data-start=\"890\" data-end=\"926\">\n<p data-start=\"892\" data-end=\"926\">w <strong data-start=\"894\" data-end=\"926\">pracy terenowej i serwisowej<\/strong><\/p>\n<\/li>\n<\/ul>\n<hr data-start=\"928\" data-end=\"931\" \/>\n<h2 data-start=\"933\" data-end=\"975\">Ochrona Military Grade w smuk\u0142ej formie<\/h2>\n<p data-start=\"977\" data-end=\"1003\">Konstrukcja etui zapewnia:<\/p>\n<ul data-start=\"1004\" data-end=\"1218\">\n<li data-start=\"1004\" data-end=\"1077\">\n<p data-start=\"1006\" data-end=\"1077\"><strong data-start=\"1006\" data-end=\"1023\">sztywny prz\u00f3d<\/strong> oraz <strong data-start=\"1029\" data-end=\"1052\">dwukomponentowy ty\u0142<\/strong> dla skutecznej ochrony<\/p>\n<\/li>\n<li data-start=\"1078\" data-end=\"1129\">\n<p data-start=\"1080\" data-end=\"1129\">materia\u0142y <strong data-start=\"1090\" data-end=\"1113\">polycarbonate + TPU<\/strong> klasy premium<\/p>\n<\/li>\n<li data-start=\"1130\" data-end=\"1173\">\n<p data-start=\"1132\" data-end=\"1173\">amortyzacj\u0119 wstrz\u0105s\u00f3w na ca\u0142ym obwodzie<\/p>\n<\/li>\n<li data-start=\"1174\" data-end=\"1218\">\n<p data-start=\"1176\" data-end=\"1218\">wzmocnion\u0105 ochron\u0119 kraw\u0119dzi i naro\u017cnik\u00f3w<\/p>\n<\/li>\n<\/ul>\n<p data-start=\"1220\" data-end=\"1327\"><strong data-start=\"1220\" data-end=\"1246\">Ultraprzezroczysty ty\u0142<\/strong> jest odporny na zarysowania i eksponuje oryginalny wygl\u0105d Samsung Galaxy S10 5G.<\/p>\n<hr data-start=\"1329\" data-end=\"1332\" \/>\n<h2 data-start=\"1334\" data-end=\"1368\">Precyzyjne dopasowanie i wygoda<\/h2>\n<ul data-start=\"1370\" data-end=\"1571\">\n<li data-start=\"1370\" data-end=\"1409\">\n<p data-start=\"1372\" data-end=\"1409\">Smuk\u0142a, <strong data-start=\"1380\" data-end=\"1407\">ultra sleek konstrukcja<\/strong><\/p>\n<\/li>\n<li data-start=\"1410\" data-end=\"1462\">\n<p data-start=\"1412\" data-end=\"1462\">Idealne dopasowanie do <strong data-start=\"1435\" data-end=\"1460\">Samsung Galaxy S10 5G<\/strong><\/p>\n<\/li>\n<li data-start=\"1463\" data-end=\"1514\">\n<p data-start=\"1465\" data-end=\"1514\">Precyzyjne wyci\u0119cia na porty, g\u0142o\u015bniki i aparat<\/p>\n<\/li>\n<li data-start=\"1515\" data-end=\"1571\">\n<p data-start=\"1517\" data-end=\"1571\"><strong data-start=\"1517\" data-end=\"1536\">Tactile buttons<\/strong> zapewniaj\u0105ce wyczuwalny feedback<\/p>\n<\/li>\n<\/ul>\n<p data-start=\"1573\" data-end=\"1645\">Etui nie pogrubia telefonu i pozostaje wygodne w codziennym u\u017cytkowaniu.<\/p>\n<hr data-start=\"1647\" data-end=\"1650\" \/>\n<h2 data-start=\"1652\" data-end=\"1694\">Zintegrowany system X-Mount + ActiveKEY<\/h2>\n<p data-start=\"1696\" data-end=\"1860\">Wbudowany <strong data-start=\"1706\" data-end=\"1725\">adapter X-Mount<\/strong> umo\u017cliwia szybkie i bezpieczne mocowanie telefonu do uchwyt\u00f3w Armor-X (rowerowych, relingowych, samochodowych \u2013 sprzedawanych osobno).<\/p>\n<p data-start=\"1862\" data-end=\"1938\">Etui wyposa\u017cono w <strong data-start=\"1880\" data-end=\"1900\">system ActiveKEY<\/strong>, kt\u00f3ry zawiera <strong data-start=\"1916\" data-end=\"1937\">3 wymienne modu\u0142y<\/strong>:<\/p>\n<ul data-start=\"1939\" data-end=\"2014\">\n<li data-start=\"1939\" data-end=\"1961\">\n<p data-start=\"1941\" data-end=\"1961\">uchwyt magnetyczny<\/p>\n<\/li>\n<li data-start=\"1962\" data-end=\"1984\">\n<p data-start=\"1964\" data-end=\"1984\">wysuwacz karty SIM<\/p>\n<\/li>\n<li data-start=\"1985\" data-end=\"2014\">\n<p data-start=\"1987\" data-end=\"2014\">mini pojemnik narz\u0119dziowy<\/p>\n<\/li>\n<\/ul>\n<p data-start=\"2016\" data-end=\"2096\">Rozwi\u0105zanie szczeg\u00f3lnie praktyczne podczas <strong data-start=\"2059\" data-end=\"2095\">rejs\u00f3w, wypraw i pracy w terenie<\/strong>.<\/p>\n<hr data-start=\"2098\" data-end=\"2101\" \/>\n<h2 data-start=\"2103\" data-end=\"2139\">Bezpiecze\u0144stwo i kontrola w ruchu<\/h2>\n<ul data-start=\"2141\" data-end=\"2343\">\n<li data-start=\"2141\" data-end=\"2196\">\n<p data-start=\"2143\" data-end=\"2196\"><strong data-start=\"2143\" data-end=\"2169\">Innowacyjny grip strap<\/strong> \u2013 pewny chwyt jedn\u0105 r\u0119k\u0105<\/p>\n<\/li>\n<li data-start=\"2197\" data-end=\"2269\">\n<p data-start=\"2199\" data-end=\"2269\"><strong data-start=\"2199\" data-end=\"2232\">Uchwyt na pasek i karabi\u0144czyk<\/strong> \u2013 idealne do outdooru i \u017ceglarstwa<\/p>\n<\/li>\n<li data-start=\"2270\" data-end=\"2343\">\n<p data-start=\"2272\" data-end=\"2343\">Kompatybilno\u015b\u0107 z <strong data-start=\"2289\" data-end=\"2318\">\u0142adowaniem bezprzewodowym<\/strong> <em data-start=\"2319\" data-end=\"2341\">(z modu\u0142em SIM\/Tool)<\/em><\/p>\n<\/li>\n<\/ul>\n<hr data-start=\"2345\" data-end=\"2348\" \/>\n<h2 data-start=\"2350\" data-end=\"2375\">Kompatybilno\u015b\u0107 i uwagi<\/h2>\n<p data-start=\"2377\" data-end=\"2507\">\u2714 Samsung Galaxy S10 5G<br data-start=\"2400\" data-end=\"2403\" \/>\u2714 Ochrona klasy <strong data-start=\"2419\" data-end=\"2437\">Military Grade<\/strong><br data-start=\"2437\" data-end=\"2440\" \/>\u26a0 Uchwyty X-Mount (rowerowe, klipsy, opaski) <strong data-start=\"2485\" data-end=\"2507\">sprzedawane osobno<\/strong><\/p>\n<hr data-start=\"2509\" data-end=\"2512\" \/>\n<h2 data-start=\"2514\" data-end=\"2528\">Idealne do:<\/h2>\n<ul data-start=\"2530\" data-end=\"2701\">\n<li data-start=\"2530\" data-end=\"2561\">\n<p data-start=\"2532\" data-end=\"2561\">\u0141odzi motorowych i jacht\u00f3w.<\/p>\n<\/li>\n<li data-start=\"2562\" data-end=\"2596\">\n<p data-start=\"2564\" data-end=\"2596\">\u017beglarstwa i turystyki wodnej.<\/p>\n<\/li>\n<li data-start=\"2597\" data-end=\"2634\">\n<p data-start=\"2599\" data-end=\"2634\">Sport\u00f3w ekstremalnych i outdooru.<\/p>\n<\/li>\n<li data-start=\"2635\" data-end=\"2668\">\n<p data-start=\"2637\" data-end=\"2668\">Pracy terenowej i serwisowej.<\/p>\n<\/li>\n<li data-start=\"2669\" data-end=\"2701\">\n<p data-start=\"2671\" data-end=\"2701\">Codziennego u\u017cytkowania EDC.<\/p>\n<\/li>\n<\/ul>","protected":false},"excerpt":{"rendered":"<p>Pancerne etui Armor-X HX-S105G-BK Military Grade do Samsung Galaxy S10 5G z X-Mount, ActiveKEY i karabi\u0144czykiem.<\/p>","protected":false},"featured_media":8028,"template":"","meta":{"_acf_changed":false},"product_brand":[],"product_cat":[1307,1308,1311],"product_tag":[1445,1316,1433,1482,1432,1431,1479,1435,1434,1481,1480],"class_list":{"0":"post-8027","1":"product","2":"type-product","3":"status-publish","4":"has-post-thumbnail","6":"product_cat-armor-x","7":"product_cat-etui","8":"product_cat-samsung","9":"product_tag-activekey","10":"product_tag-armor-x","11":"product_tag-etui-marine","12":"product_tag-etui-military-grade","13":"product_tag-etui-outdoor","14":"product_tag-etui-rugged","15":"product_tag-etui-samsung-s10-5g","16":"product_tag-etui-x-mount","17":"product_tag-etui-z-karabinczykiem","18":"product_tag-hx-s105g-bk","19":"product_tag-pancerne-etui-s10-5g","21":"first","22":"instock","23":"taxable","24":"shipping-taxable","25":"purchasable","26":"product-type-simple"},"acf":[],"yoast_head":"<!-- This site is optimized with the Yoast SEO plugin v25.2 - https:\/\/yoast.com\/wordpress\/plugins\/seo\/ -->\n<title>Etui pancerne Armor-X - Samsung Galaxy S10 5G - Atana<\/title>\n<meta name=\"description\" content=\"Pancerne etui Armor-X HX-S105G-BK Military Grade do Samsung Galaxy S10 5G z X-Mount i ActiveKEY do marine i outdooru. Pasuje do uchwyt\u00f3w Armor-X typ\" \/>\n<meta name=\"robots\" content=\"index, follow, max-snippet:-1, max-image-preview:large, max-video-preview:-1\" \/>\n<link rel=\"canonical\" href=\"https:\/\/atana.pl\/en\/online-shop\/armor-x\/etui\/samsung\/etui-pancerne-armor-x-samsung-galaxy-s10-5g-military\/\" \/>\n<meta property=\"og:locale\" content=\"en_GB\" \/>\n<meta property=\"og:type\" content=\"article\" \/>\n<meta property=\"og:title\" content=\"Etui pancerne Armor-X - Samsung Galaxy S10 5G - Atana\" \/>\n<meta property=\"og:description\" content=\"Pancerne etui Armor-X HX-S105G-BK Military Grade do Samsung Galaxy S10 5G z X-Mount i ActiveKEY do marine i outdooru. Pasuje do uchwyt\u00f3w Armor-X typ\" \/>\n<meta property=\"og:url\" content=\"https:\/\/atana.pl\/en\/online-shop\/armor-x\/etui\/samsung\/etui-pancerne-armor-x-samsung-galaxy-s10-5g-military\/\" \/>\n<meta property=\"og:site_name\" content=\"Atana\" \/>\n<meta property=\"article:publisher\" content=\"https:\/\/www.facebook.com\/atanayachts\" \/>\n<meta property=\"article:modified_time\" content=\"2026-01-17T11:02:33+00:00\" \/>\n<meta property=\"og:image\" content=\"https:\/\/atana.pl\/wp-content\/uploads\/1967\/01\/hx-s105g-bk-samsung-s10-5g-armor-x-armorx-2-in-1-shockproof-rugged-case-cases-cover-with-carabiner_3.webp\" \/>\n\t<meta property=\"og:image:width\" content=\"1000\" \/>\n\t<meta property=\"og:image:height\" content=\"1000\" \/>\n\t<meta property=\"og:image:type\" content=\"image\/webp\" \/>\n<meta name=\"twitter:card\" content=\"summary_large_image\" \/>\n<meta name=\"twitter:label1\" content=\"Estimated reading time\" \/>\n\t<meta name=\"twitter:data1\" content=\"2 minutes\" \/>\n<script type=\"application\/ld+json\" class=\"yoast-schema-graph\">{\"@context\":\"https:\/\/schema.org\",\"@graph\":[{\"@type\":\"WebPage\",\"@id\":\"https:\/\/atana.pl\/sklep-on-line\/armor-x\/etui\/samsung\/etui-pancerne-armor-x-samsung-galaxy-s10-5g-military\/\",\"url\":\"https:\/\/atana.pl\/sklep-on-line\/armor-x\/etui\/samsung\/etui-pancerne-armor-x-samsung-galaxy-s10-5g-military\/\",\"name\":\"Etui pancerne Armor-X - Samsung Galaxy S10 5G - Atana\",\"isPartOf\":{\"@id\":\"https:\/\/atana.pl\/#website\"},\"primaryImageOfPage\":{\"@id\":\"https:\/\/atana.pl\/sklep-on-line\/armor-x\/etui\/samsung\/etui-pancerne-armor-x-samsung-galaxy-s10-5g-military\/#primaryimage\"},\"image\":{\"@id\":\"https:\/\/atana.pl\/sklep-on-line\/armor-x\/etui\/samsung\/etui-pancerne-armor-x-samsung-galaxy-s10-5g-military\/#primaryimage\"},\"thumbnailUrl\":\"https:\/\/atana.pl\/wp-content\/uploads\/1967\/01\/hx-s105g-bk-samsung-s10-5g-armor-x-armorx-2-in-1-shockproof-rugged-case-cases-cover-with-carabiner_3.webp\",\"datePublished\":\"2026-01-17T10:56:00+00:00\",\"dateModified\":\"2026-01-17T11:02:33+00:00\",\"description\":\"Pancerne etui Armor-X HX-S105G-BK Military Grade do Samsung Galaxy S10 5G z X-Mount i ActiveKEY do marine i outdooru. Pasuje do uchwyt\u00f3w Armor-X typ\",\"breadcrumb\":{\"@id\":\"https:\/\/atana.pl\/sklep-on-line\/armor-x\/etui\/samsung\/etui-pancerne-armor-x-samsung-galaxy-s10-5g-military\/#breadcrumb\"},\"inLanguage\":\"en-GB\",\"potentialAction\":[{\"@type\":\"ReadAction\",\"target\":[\"https:\/\/atana.pl\/sklep-on-line\/armor-x\/etui\/samsung\/etui-pancerne-armor-x-samsung-galaxy-s10-5g-military\/\"]}]},{\"@type\":\"ImageObject\",\"inLanguage\":\"en-GB\",\"@id\":\"https:\/\/atana.pl\/sklep-on-line\/armor-x\/etui\/samsung\/etui-pancerne-armor-x-samsung-galaxy-s10-5g-military\/#primaryimage\",\"url\":\"https:\/\/atana.pl\/wp-content\/uploads\/1967\/01\/hx-s105g-bk-samsung-s10-5g-armor-x-armorx-2-in-1-shockproof-rugged-case-cases-cover-with-carabiner_3.webp\",\"contentUrl\":\"https:\/\/atana.pl\/wp-content\/uploads\/1967\/01\/hx-s105g-bk-samsung-s10-5g-armor-x-armorx-2-in-1-shockproof-rugged-case-cases-cover-with-carabiner_3.webp\",\"width\":1000,\"height\":1000,\"caption\":\"hx s105g bk samsung s10 5g armor x armorx 2 in 1 shockproof rugged case cases cover with carabiner 3\"},{\"@type\":\"BreadcrumbList\",\"@id\":\"https:\/\/atana.pl\/sklep-on-line\/armor-x\/etui\/samsung\/etui-pancerne-armor-x-samsung-galaxy-s10-5g-military\/#breadcrumb\",\"itemListElement\":[{\"@type\":\"ListItem\",\"position\":1,\"name\":\"Strona g\u0142\u00f3wna\",\"item\":\"https:\/\/atana.pl\/\"},{\"@type\":\"ListItem\",\"position\":2,\"name\":\"Sklep on-line\",\"item\":\"https:\/\/atana.pl\/sklep-on-line\/\"},{\"@type\":\"ListItem\",\"position\":3,\"name\":\"Etui pancerne Armor-X &#8211; Samsung Galaxy S10 5G\"}]},{\"@type\":\"WebSite\",\"@id\":\"https:\/\/atana.pl\/#website\",\"url\":\"https:\/\/atana.pl\/\",\"name\":\"Atana\",\"description\":\"Akcesoria do \u0142odzi, kamper\u00f3w i przyczep. \u0141odzie motorowe\",\"publisher\":{\"@id\":\"https:\/\/atana.pl\/#organization\"},\"potentialAction\":[{\"@type\":\"SearchAction\",\"target\":{\"@type\":\"EntryPoint\",\"urlTemplate\":\"https:\/\/atana.pl\/?s={search_term_string}\"},\"query-input\":{\"@type\":\"PropertyValueSpecification\",\"valueRequired\":true,\"valueName\":\"search_term_string\"}}],\"inLanguage\":\"en-GB\"},{\"@type\":\"Organization\",\"@id\":\"https:\/\/atana.pl\/#organization\",\"name\":\"Atana\",\"url\":\"https:\/\/atana.pl\/\",\"logo\":{\"@type\":\"ImageObject\",\"inLanguage\":\"en-GB\",\"@id\":\"https:\/\/atana.pl\/#\/schema\/logo\/image\/\",\"url\":\"\",\"contentUrl\":\"\",\"caption\":\"Atana\"},\"image\":{\"@id\":\"https:\/\/atana.pl\/#\/schema\/logo\/image\/\"},\"sameAs\":[\"https:\/\/www.facebook.com\/atanayachts\",\"https:\/\/www.instagram.com\/atanaboats\/\",\"https:\/\/www.youtube.com\/channel\/UClMMmVqqx17in9QzgxK90Mw\"]}]}<\/script>\n<!-- \/ Yoast SEO plugin. -->","yoast_head_json":{"title":"Etui pancerne Armor-X - Samsung Galaxy S10 5G - Atana","description":"Pancerne etui Armor-X HX-S105G-BK Military Grade do Samsung Galaxy S10 5G z X-Mount i ActiveKEY do marine i outdooru. Pasuje do uchwyt\u00f3w Armor-X typ","robots":{"index":"index","follow":"follow","max-snippet":"max-snippet:-1","max-image-preview":"max-image-preview:large","max-video-preview":"max-video-preview:-1"},"canonical":"https:\/\/atana.pl\/en\/online-shop\/armor-x\/etui\/samsung\/etui-pancerne-armor-x-samsung-galaxy-s10-5g-military\/","og_locale":"en_GB","og_type":"article","og_title":"Etui pancerne Armor-X - Samsung Galaxy S10 5G - Atana","og_description":"Pancerne etui Armor-X HX-S105G-BK Military Grade do Samsung Galaxy S10 5G z X-Mount i ActiveKEY do marine i outdooru. Pasuje do uchwyt\u00f3w Armor-X typ","og_url":"https:\/\/atana.pl\/en\/online-shop\/armor-x\/etui\/samsung\/etui-pancerne-armor-x-samsung-galaxy-s10-5g-military\/","og_site_name":"Atana","article_publisher":"https:\/\/www.facebook.com\/atanayachts","article_modified_time":"2026-01-17T11:02:33+00:00","og_image":[{"width":1000,"height":1000,"url":"https:\/\/atana.pl\/wp-content\/uploads\/1967\/01\/hx-s105g-bk-samsung-s10-5g-armor-x-armorx-2-in-1-shockproof-rugged-case-cases-cover-with-carabiner_3.webp","type":"image\/webp"}],"twitter_card":"summary_large_image","twitter_misc":{"Estimated reading time":"2 minutes"},"schema":{"@context":"https:\/\/schema.org","@graph":[{"@type":"WebPage","@id":"https:\/\/atana.pl\/sklep-on-line\/armor-x\/etui\/samsung\/etui-pancerne-armor-x-samsung-galaxy-s10-5g-military\/","url":"https:\/\/atana.pl\/sklep-on-line\/armor-x\/etui\/samsung\/etui-pancerne-armor-x-samsung-galaxy-s10-5g-military\/","name":"Etui pancerne Armor-X - Samsung Galaxy S10 5G - Atana","isPartOf":{"@id":"https:\/\/atana.pl\/#website"},"primaryImageOfPage":{"@id":"https:\/\/atana.pl\/sklep-on-line\/armor-x\/etui\/samsung\/etui-pancerne-armor-x-samsung-galaxy-s10-5g-military\/#primaryimage"},"image":{"@id":"https:\/\/atana.pl\/sklep-on-line\/armor-x\/etui\/samsung\/etui-pancerne-armor-x-samsung-galaxy-s10-5g-military\/#primaryimage"},"thumbnailUrl":"https:\/\/atana.pl\/wp-content\/uploads\/1967\/01\/hx-s105g-bk-samsung-s10-5g-armor-x-armorx-2-in-1-shockproof-rugged-case-cases-cover-with-carabiner_3.webp","datePublished":"2026-01-17T10:56:00+00:00","dateModified":"2026-01-17T11:02:33+00:00","description":"Pancerne etui Armor-X HX-S105G-BK Military Grade do Samsung Galaxy S10 5G z X-Mount i ActiveKEY do marine i outdooru. Pasuje do uchwyt\u00f3w Armor-X typ","breadcrumb":{"@id":"https:\/\/atana.pl\/sklep-on-line\/armor-x\/etui\/samsung\/etui-pancerne-armor-x-samsung-galaxy-s10-5g-military\/#breadcrumb"},"inLanguage":"en-GB","potentialAction":[{"@type":"ReadAction","target":["https:\/\/atana.pl\/sklep-on-line\/armor-x\/etui\/samsung\/etui-pancerne-armor-x-samsung-galaxy-s10-5g-military\/"]}]},{"@type":"ImageObject","inLanguage":"en-GB","@id":"https:\/\/atana.pl\/sklep-on-line\/armor-x\/etui\/samsung\/etui-pancerne-armor-x-samsung-galaxy-s10-5g-military\/#primaryimage","url":"https:\/\/atana.pl\/wp-content\/uploads\/1967\/01\/hx-s105g-bk-samsung-s10-5g-armor-x-armorx-2-in-1-shockproof-rugged-case-cases-cover-with-carabiner_3.webp","contentUrl":"https:\/\/atana.pl\/wp-content\/uploads\/1967\/01\/hx-s105g-bk-samsung-s10-5g-armor-x-armorx-2-in-1-shockproof-rugged-case-cases-cover-with-carabiner_3.webp","width":1000,"height":1000,"caption":"hx s105g bk samsung s10 5g armor x armorx 2 in 1 shockproof rugged case cases cover with carabiner 3"},{"@type":"BreadcrumbList","@id":"https:\/\/atana.pl\/sklep-on-line\/armor-x\/etui\/samsung\/etui-pancerne-armor-x-samsung-galaxy-s10-5g-military\/#breadcrumb","itemListElement":[{"@type":"ListItem","position":1,"name":"Strona g\u0142\u00f3wna","item":"https:\/\/atana.pl\/"},{"@type":"ListItem","position":2,"name":"Sklep on-line","item":"https:\/\/atana.pl\/sklep-on-line\/"},{"@type":"ListItem","position":3,"name":"Etui pancerne Armor-X &#8211; Samsung Galaxy S10 5G"}]},{"@type":"WebSite","@id":"https:\/\/atana.pl\/#website","url":"https:\/\/atana.pl\/","name":"Atana","description":"Akcesoria do \u0142odzi, kamper\u00f3w i przyczep. \u0141odzie motorowe","publisher":{"@id":"https:\/\/atana.pl\/#organization"},"potentialAction":[{"@type":"SearchAction","target":{"@type":"EntryPoint","urlTemplate":"https:\/\/atana.pl\/?s={search_term_string}"},"query-input":{"@type":"PropertyValueSpecification","valueRequired":true,"valueName":"search_term_string"}}],"inLanguage":"en-GB"},{"@type":"Organization","@id":"https:\/\/atana.pl\/#organization","name":"Atana","url":"https:\/\/atana.pl\/","logo":{"@type":"ImageObject","inLanguage":"en-GB","@id":"https:\/\/atana.pl\/#\/schema\/logo\/image\/","url":"","contentUrl":"","caption":"Atana"},"image":{"@id":"https:\/\/atana.pl\/#\/schema\/logo\/image\/"},"sameAs":["https:\/\/www.facebook.com\/atanayachts","https:\/\/www.instagram.com\/atanaboats\/","https:\/\/www.youtube.com\/channel\/UClMMmVqqx17in9QzgxK90Mw"]}]}},"_links":{"self":[{"href":"https:\/\/atana.pl\/en\/wp-json\/wp\/v2\/product\/8027","targetHints":{"allow":["GET"]}}],"collection":[{"href":"https:\/\/atana.pl\/en\/wp-json\/wp\/v2\/product"}],"about":[{"href":"https:\/\/atana.pl\/en\/wp-json\/wp\/v2\/types\/product"}],"wp:featuredmedia":[{"embeddable":true,"href":"https:\/\/atana.pl\/en\/wp-json\/wp\/v2\/media\/8028"}],"wp:attachment":[{"href":"https:\/\/atana.pl\/en\/wp-json\/wp\/v2\/media?parent=8027"}],"wp:term":[{"taxonomy":"product_brand","embeddable":true,"href":"https:\/\/atana.pl\/en\/wp-json\/wp\/v2\/product_brand?post=8027"},{"taxonomy":"product_cat","embeddable":true,"href":"https:\/\/atana.pl\/en\/wp-json\/wp\/v2\/product_cat?post=8027"},{"taxonomy":"product_tag","embeddable":true,"href":"https:\/\/atana.pl\/en\/wp-json\/wp\/v2\/product_tag?post=8027"}],"curies":[{"name":"wp","href":"https:\/\/api.w.org\/{rel}","templated":true}]}}