{"id":8016,"date":"2026-01-17T11:19:51","date_gmt":"2026-01-17T10:19:51","guid":{"rendered":"https:\/\/atana.pl\/?post_type=product&#038;p=8016"},"modified":"2026-01-17T12:11:54","modified_gmt":"2026-01-17T11:11:54","slug":"etui-wodoodporne-armor-x-samsung-galaxy-s10","status":"publish","type":"product","link":"https:\/\/atana.pl\/en\/online-shop\/armor-x\/etui\/samsung\/etui-wodoodporne-armor-x-samsung-galaxy-s10\/","title":{"rendered":"Etui wodoodporne Armor-X &#8211; Samsung Galaxy S10+"},"content":{"rendered":"<h1 data-start=\"224\" data-end=\"310\">\u2693 Armor-X MX-S10P-BK \u2013 wodoodporne etui IP68 do Samsung Galaxy S10+ z X-Mount TYPE-K<\/h1>\n<p data-start=\"330\" data-end=\"683\"><strong data-start=\"330\" data-end=\"352\">Armor-X MX-S10P-BK<\/strong> to <strong data-start=\"356\" data-end=\"411\">profesjonalne, w pe\u0142ni wodoodporne etui typu rugged<\/strong> zaprojektowane dla <strong data-start=\"431\" data-end=\"465\">Samsung Galaxy S10+ (S10 Plus)<\/strong>. Etui spe\u0142nia norm\u0119 <strong data-start=\"486\" data-end=\"494\">IP68<\/strong> oraz wojskowy standard odporno\u015bci <strong data-start=\"529\" data-end=\"549\">MIL-STD-810F-516<\/strong>, dzi\u0119ki czemu doskonale sprawdza si\u0119 w <strong data-start=\"589\" data-end=\"682\">warunkach marine, outdoor, przemys\u0142owych oraz podczas intensywnego u\u017cytkowania terenowego<\/strong>.<\/p>\n<p data-start=\"685\" data-end=\"745\">To rozwi\u0105zanie dla u\u017cytkownik\u00f3w korzystaj\u0105cych ze smartfona:<\/p>\n<ul data-start=\"746\" data-end=\"903\">\n<li data-start=\"746\" data-end=\"776\">\n<p data-start=\"748\" data-end=\"776\">na <strong data-start=\"751\" data-end=\"774\">\u0142odziach i jachtach<\/strong><\/p>\n<\/li>\n<li data-start=\"777\" data-end=\"815\">\n<p data-start=\"779\" data-end=\"815\">w <strong data-start=\"781\" data-end=\"813\">turystyce wodnej i outdoorze<\/strong><\/p>\n<\/li>\n<li data-start=\"816\" data-end=\"854\">\n<p data-start=\"818\" data-end=\"854\">w <strong data-start=\"820\" data-end=\"852\">pracy terenowej i serwisowej<\/strong><\/p>\n<\/li>\n<li data-start=\"855\" data-end=\"903\">\n<p data-start=\"857\" data-end=\"903\">podczas <strong data-start=\"865\" data-end=\"903\">sport\u00f3w i aktywno\u015bci ekstremalnych<\/strong><\/p>\n<\/li>\n<\/ul>\n<hr data-start=\"905\" data-end=\"908\" \/>\n<h2 data-start=\"910\" data-end=\"946\">Ochrona IP68 i standard militarny<\/h2>\n<p data-start=\"948\" data-end=\"962\">Etui zapewnia:<\/p>\n<ul data-start=\"963\" data-end=\"1152\">\n<li data-start=\"963\" data-end=\"1028\">\n<p data-start=\"965\" data-end=\"1028\"><strong data-start=\"965\" data-end=\"987\">wodoodporno\u015b\u0107 IP68<\/strong> \u2013 zanurzenie do <strong data-start=\"1004\" data-end=\"1026\">2 m przez 60 minut<\/strong><\/p>\n<\/li>\n<li data-start=\"1029\" data-end=\"1083\">\n<p data-start=\"1031\" data-end=\"1083\"><strong data-start=\"1031\" data-end=\"1062\">odporno\u015b\u0107 na upadki z 1,2 m<\/strong> (MIL-STD-810F-516)<\/p>\n<\/li>\n<li data-start=\"1084\" data-end=\"1152\">\n<p data-start=\"1086\" data-end=\"1152\">pe\u0142n\u0105 ochron\u0119 przed <strong data-start=\"1106\" data-end=\"1152\">kurzem, piaskiem, b\u0142otem, \u015bniegiem i lodem<\/strong><\/p>\n<\/li>\n<\/ul>\n<p data-start=\"1154\" data-end=\"1254\">Wbudowana <strong data-start=\"1164\" data-end=\"1181\">os\u0142ona ekranu<\/strong> zapewnia pe\u0142n\u0105 ochron\u0119 dotyku i pozwala na komfortow\u0105 obs\u0142ug\u0119 smartfona.<\/p>\n<hr data-start=\"1256\" data-end=\"1259\" \/>\n<h2 data-start=\"1261\" data-end=\"1301\">Konstrukcja rugged do pracy i na wod\u0119<\/h2>\n<ul data-start=\"1303\" data-end=\"1523\">\n<li data-start=\"1303\" data-end=\"1344\">\n<p data-start=\"1305\" data-end=\"1344\">Pe\u0142na ochrona <strong data-start=\"1319\" data-end=\"1344\">kraw\u0119dzi i naro\u017cnik\u00f3w<\/strong><\/p>\n<\/li>\n<li data-start=\"1345\" data-end=\"1384\">\n<p data-start=\"1347\" data-end=\"1384\">Precyzyjne os\u0142ony port\u00f3w i przycisk\u00f3w<\/p>\n<\/li>\n<li data-start=\"1385\" data-end=\"1448\">\n<p data-start=\"1387\" data-end=\"1448\">Smuk\u0142a, ergonomiczna forma zachowuj\u0105ca cienki profil telefonu<\/p>\n<\/li>\n<li data-start=\"1449\" data-end=\"1523\">\n<p data-start=\"1451\" data-end=\"1523\">Dok\u0142adne wyci\u0119cia i <strong data-start=\"1471\" data-end=\"1490\">tactile buttons<\/strong> zapewniaj\u0105ce wyczuwalny feedback<\/p>\n<\/li>\n<\/ul>\n<p data-start=\"1525\" data-end=\"1610\">Etui umo\u017cliwia <strong data-start=\"1540\" data-end=\"1585\">\u0142adowanie i synchronizacj\u0119 przez port USB<\/strong> bez zdejmowania obudowy.<\/p>\n<hr data-start=\"1612\" data-end=\"1615\" \/>\n<h2 data-start=\"1617\" data-end=\"1654\">Zintegrowany system X-Mount TYPE-K<\/h2>\n<p data-start=\"1656\" data-end=\"1779\">Wbudowany <strong data-start=\"1666\" data-end=\"1692\">adapter X-Mount TYPE-K<\/strong> pozwala na szybkie i bezpieczne mocowanie telefonu do szerokiej gamy uchwyt\u00f3w Armor-X:<\/p>\n<ul data-start=\"1780\" data-end=\"1880\">\n<li data-start=\"1780\" data-end=\"1812\">\n<p data-start=\"1782\" data-end=\"1812\">uchwyty relingowe i jachtowe<\/p>\n<\/li>\n<li data-start=\"1813\" data-end=\"1846\">\n<p data-start=\"1815\" data-end=\"1846\">uchwyty samochodowe i robocze<\/p>\n<\/li>\n<li data-start=\"1847\" data-end=\"1880\">\n<p data-start=\"1849\" data-end=\"1880\">uchwyty outdoorowe i sportowe<\/p>\n<\/li>\n<\/ul>\n<p data-start=\"1882\" data-end=\"1920\">Dzi\u0119ki temu smartfon mo\u017ce s\u0142u\u017cy\u0107 jako:<\/p>\n<ul data-start=\"1921\" data-end=\"2018\">\n<li data-start=\"1921\" data-end=\"1940\">\n<p data-start=\"1923\" data-end=\"1940\"><strong data-start=\"1923\" data-end=\"1940\">nawigacja GPS<\/strong><\/p>\n<\/li>\n<li data-start=\"1941\" data-end=\"1959\">\n<p data-start=\"1943\" data-end=\"1959\"><strong data-start=\"1943\" data-end=\"1959\">mapy morskie<\/strong><\/p>\n<\/li>\n<li data-start=\"1960\" data-end=\"1982\">\n<p data-start=\"1962\" data-end=\"1982\"><strong data-start=\"1962\" data-end=\"1982\">terminal roboczy<\/strong><\/p>\n<\/li>\n<li data-start=\"1983\" data-end=\"2018\">\n<p data-start=\"1985\" data-end=\"2018\"><strong data-start=\"1985\" data-end=\"2018\">centrum komunikacji w terenie<\/strong><\/p>\n<\/li>\n<\/ul>\n<hr data-start=\"2020\" data-end=\"2023\" \/>\n<h2 data-start=\"2025\" data-end=\"2061\">ActiveKEY, grip strap i mobilno\u015b\u0107<\/h2>\n<p data-start=\"2063\" data-end=\"2142\">Etui wyposa\u017cone jest w <strong data-start=\"2086\" data-end=\"2106\">system ActiveKEY<\/strong>, zawieraj\u0105cy <strong data-start=\"2120\" data-end=\"2141\">3 wymienne modu\u0142y<\/strong>:<\/p>\n<ul data-start=\"2143\" data-end=\"2218\">\n<li data-start=\"2143\" data-end=\"2165\">\n<p data-start=\"2145\" data-end=\"2165\">uchwyt magnetyczny<\/p>\n<\/li>\n<li data-start=\"2166\" data-end=\"2188\">\n<p data-start=\"2168\" data-end=\"2188\">wysuwacz karty SIM<\/p>\n<\/li>\n<li data-start=\"2189\" data-end=\"2218\">\n<p data-start=\"2191\" data-end=\"2218\">mini pojemnik narz\u0119dziowy<\/p>\n<\/li>\n<\/ul>\n<p data-start=\"2220\" data-end=\"2230\">Dodatkowo:<\/p>\n<ul data-start=\"2231\" data-end=\"2473\">\n<li data-start=\"2231\" data-end=\"2293\">\n<p data-start=\"2233\" data-end=\"2293\"><strong data-start=\"2233\" data-end=\"2259\">innowacyjny grip strap<\/strong> \u2013 bezpieczna obs\u0142uga jedn\u0105 r\u0119k\u0105<\/p>\n<\/li>\n<li data-start=\"2294\" data-end=\"2366\">\n<p data-start=\"2296\" data-end=\"2366\"><strong data-start=\"2296\" data-end=\"2329\">uchwyt na pasek i karabi\u0144czyk<\/strong> \u2013 idealne do outdooru i \u017ceglarstwa<\/p>\n<\/li>\n<li data-start=\"2367\" data-end=\"2440\">\n<p data-start=\"2369\" data-end=\"2440\">kompatybilno\u015b\u0107 z <strong data-start=\"2386\" data-end=\"2415\">\u0142adowaniem bezprzewodowym<\/strong> <em data-start=\"2416\" data-end=\"2438\">(z modu\u0142em SIM\/Tool)<\/em><\/p>\n<\/li>\n<li data-start=\"2441\" data-end=\"2473\">\n<p data-start=\"2443\" data-end=\"2473\">obs\u0142uga <strong data-start=\"2451\" data-end=\"2473\">Touch ID \/ Face ID<\/strong><\/p>\n<\/li>\n<\/ul>\n<hr data-start=\"2475\" data-end=\"2478\" \/>\n<h2 data-start=\"2480\" data-end=\"2505\">Kompatybilno\u015b\u0107 i uwagi<\/h2>\n<p data-start=\"2507\" data-end=\"2632\">\u2714 Samsung Galaxy S10+<br data-start=\"2528\" data-end=\"2531\" \/>\u2714 Norma IP68 + MIL-STD-810F-516<br data-start=\"2562\" data-end=\"2565\" \/>\u26a0 Uchwyty X-Mount (rowerowe, klipsy, opaski) <strong data-start=\"2610\" data-end=\"2632\">sprzedawane osobno<\/strong><\/p>\n<hr data-start=\"2634\" data-end=\"2637\" \/>\n<h2 data-start=\"2639\" data-end=\"2653\">Idealne do:<\/h2>\n<ul data-start=\"2655\" data-end=\"2827\">\n<li data-start=\"2655\" data-end=\"2686\">\n<p data-start=\"2657\" data-end=\"2686\">\u0141odzi motorowych i jacht\u00f3w.<\/p>\n<\/li>\n<li data-start=\"2687\" data-end=\"2716\">\n<p data-start=\"2689\" data-end=\"2716\">Nawigacji morskiej i GPS.<\/p>\n<\/li>\n<li data-start=\"2717\" data-end=\"2749\">\n<p data-start=\"2719\" data-end=\"2749\">Turystyki wodnej i outdooru.<\/p>\n<\/li>\n<li data-start=\"2750\" data-end=\"2783\">\n<p data-start=\"2752\" data-end=\"2783\">Pracy terenowej i serwisowej.<\/p>\n<\/li>\n<li data-start=\"2784\" data-end=\"2827\">\n<p data-start=\"2786\" data-end=\"2827\">Sport\u00f3w ekstremalnych i aktywno\u015bci EDC.<\/p>\n<\/li>\n<\/ul>","protected":false},"excerpt":{"rendered":"<p>Wodoodporne etui Armor-X MX-S10P-BK IP68 do Samsung Galaxy S10+ z X-Mount TYPE-K, ActiveKEY, grip strapem i karabi\u0144czykiem.<\/p>","protected":false},"featured_media":8038,"template":"","meta":{"_acf_changed":false},"product_brand":[],"product_cat":[1307,1308,1311],"product_tag":[1445,1316,1439,1465,1433,1432,1431,1484,1466,1468,1483],"class_list":{"0":"post-8016","1":"product","2":"type-product","3":"status-publish","4":"has-post-thumbnail","6":"product_cat-armor-x","7":"product_cat-etui","8":"product_cat-samsung","9":"product_tag-activekey","10":"product_tag-armor-x","11":"product_tag-etui-do-pracy-w-terenie","12":"product_tag-etui-ip68-smartphone","13":"product_tag-etui-marine","14":"product_tag-etui-outdoor","15":"product_tag-etui-rugged","16":"product_tag-etui-samsung-s10-plus","17":"product_tag-etui-wodoodporne-samsung","18":"product_tag-etui-x-mount-type-k","19":"product_tag-mx-s10p-bk","21":"first","22":"instock","23":"taxable","24":"shipping-taxable","25":"purchasable","26":"product-type-simple"},"acf":[],"yoast_head":"<!-- This site is optimized with the Yoast SEO plugin v25.2 - https:\/\/yoast.com\/wordpress\/plugins\/seo\/ -->\n<title>Etui wodoodporne Armor-X - Samsung Galaxy S10+ - Atana<\/title>\n<meta name=\"description\" content=\"Wodoodporne etui Armor-X MX-S10P-BK IP68 do Samsung Galaxy S10+ z X-Mount TYPE-K do marine i outdooru. Pasuje do uchwyt\u00f3w Armor-X typ K.\" \/>\n<meta name=\"robots\" content=\"index, follow, max-snippet:-1, max-image-preview:large, max-video-preview:-1\" \/>\n<link rel=\"canonical\" href=\"https:\/\/atana.pl\/en\/online-shop\/armor-x\/etui\/samsung\/etui-wodoodporne-armor-x-samsung-galaxy-s10\/\" \/>\n<meta property=\"og:locale\" content=\"en_GB\" \/>\n<meta property=\"og:type\" content=\"article\" \/>\n<meta property=\"og:title\" content=\"Etui wodoodporne Armor-X - Samsung Galaxy S10+ - Atana\" \/>\n<meta property=\"og:description\" content=\"Wodoodporne etui Armor-X MX-S10P-BK IP68 do Samsung Galaxy S10+ z X-Mount TYPE-K do marine i outdooru. Pasuje do uchwyt\u00f3w Armor-X typ K.\" \/>\n<meta property=\"og:url\" content=\"https:\/\/atana.pl\/en\/online-shop\/armor-x\/etui\/samsung\/etui-wodoodporne-armor-x-samsung-galaxy-s10\/\" \/>\n<meta property=\"og:site_name\" content=\"Atana\" \/>\n<meta property=\"article:publisher\" content=\"https:\/\/www.facebook.com\/atanayachts\" \/>\n<meta property=\"article:modified_time\" content=\"2026-01-17T11:11:54+00:00\" \/>\n<meta property=\"og:image\" content=\"https:\/\/atana.pl\/wp-content\/uploads\/1967\/01\/mx-s10ptmp-samsung-galaxy-s10-plus-waterproof-case-ip68-shock-water-proof-cover-with-x-mount-carabiner_09.webp\" \/>\n\t<meta property=\"og:image:width\" content=\"1000\" \/>\n\t<meta property=\"og:image:height\" content=\"1000\" \/>\n\t<meta property=\"og:image:type\" content=\"image\/webp\" \/>\n<meta name=\"twitter:card\" content=\"summary_large_image\" \/>\n<meta name=\"twitter:label1\" content=\"Estimated reading time\" \/>\n\t<meta name=\"twitter:data1\" content=\"2 minutes\" \/>\n<script type=\"application\/ld+json\" class=\"yoast-schema-graph\">{\"@context\":\"https:\/\/schema.org\",\"@graph\":[{\"@type\":\"WebPage\",\"@id\":\"https:\/\/atana.pl\/sklep-on-line\/armor-x\/etui\/samsung\/etui-wodoodporne-armor-x-samsung-galaxy-s10\/\",\"url\":\"https:\/\/atana.pl\/sklep-on-line\/armor-x\/etui\/samsung\/etui-wodoodporne-armor-x-samsung-galaxy-s10\/\",\"name\":\"Etui wodoodporne Armor-X - Samsung Galaxy S10+ - Atana\",\"isPartOf\":{\"@id\":\"https:\/\/atana.pl\/#website\"},\"primaryImageOfPage\":{\"@id\":\"https:\/\/atana.pl\/sklep-on-line\/armor-x\/etui\/samsung\/etui-wodoodporne-armor-x-samsung-galaxy-s10\/#primaryimage\"},\"image\":{\"@id\":\"https:\/\/atana.pl\/sklep-on-line\/armor-x\/etui\/samsung\/etui-wodoodporne-armor-x-samsung-galaxy-s10\/#primaryimage\"},\"thumbnailUrl\":\"https:\/\/atana.pl\/wp-content\/uploads\/1967\/01\/mx-s10ptmp-samsung-galaxy-s10-plus-waterproof-case-ip68-shock-water-proof-cover-with-x-mount-carabiner_09.webp\",\"datePublished\":\"2026-01-17T10:19:51+00:00\",\"dateModified\":\"2026-01-17T11:11:54+00:00\",\"description\":\"Wodoodporne etui Armor-X MX-S10P-BK IP68 do Samsung Galaxy S10+ z X-Mount TYPE-K do marine i outdooru. Pasuje do uchwyt\u00f3w Armor-X typ K.\",\"breadcrumb\":{\"@id\":\"https:\/\/atana.pl\/sklep-on-line\/armor-x\/etui\/samsung\/etui-wodoodporne-armor-x-samsung-galaxy-s10\/#breadcrumb\"},\"inLanguage\":\"en-GB\",\"potentialAction\":[{\"@type\":\"ReadAction\",\"target\":[\"https:\/\/atana.pl\/sklep-on-line\/armor-x\/etui\/samsung\/etui-wodoodporne-armor-x-samsung-galaxy-s10\/\"]}]},{\"@type\":\"ImageObject\",\"inLanguage\":\"en-GB\",\"@id\":\"https:\/\/atana.pl\/sklep-on-line\/armor-x\/etui\/samsung\/etui-wodoodporne-armor-x-samsung-galaxy-s10\/#primaryimage\",\"url\":\"https:\/\/atana.pl\/wp-content\/uploads\/1967\/01\/mx-s10ptmp-samsung-galaxy-s10-plus-waterproof-case-ip68-shock-water-proof-cover-with-x-mount-carabiner_09.webp\",\"contentUrl\":\"https:\/\/atana.pl\/wp-content\/uploads\/1967\/01\/mx-s10ptmp-samsung-galaxy-s10-plus-waterproof-case-ip68-shock-water-proof-cover-with-x-mount-carabiner_09.webp\",\"width\":1000,\"height\":1000,\"caption\":\"mx s10ptmp samsung galaxy s10 plus waterproof case ip68 shock water proof cover with x mount carabiner 09\"},{\"@type\":\"BreadcrumbList\",\"@id\":\"https:\/\/atana.pl\/sklep-on-line\/armor-x\/etui\/samsung\/etui-wodoodporne-armor-x-samsung-galaxy-s10\/#breadcrumb\",\"itemListElement\":[{\"@type\":\"ListItem\",\"position\":1,\"name\":\"Strona g\u0142\u00f3wna\",\"item\":\"https:\/\/atana.pl\/\"},{\"@type\":\"ListItem\",\"position\":2,\"name\":\"Sklep on-line\",\"item\":\"https:\/\/atana.pl\/sklep-on-line\/\"},{\"@type\":\"ListItem\",\"position\":3,\"name\":\"Etui wodoodporne Armor-X &#8211; Samsung Galaxy S10+\"}]},{\"@type\":\"WebSite\",\"@id\":\"https:\/\/atana.pl\/#website\",\"url\":\"https:\/\/atana.pl\/\",\"name\":\"Atana\",\"description\":\"Akcesoria do \u0142odzi, kamper\u00f3w i przyczep. \u0141odzie motorowe\",\"publisher\":{\"@id\":\"https:\/\/atana.pl\/#organization\"},\"potentialAction\":[{\"@type\":\"SearchAction\",\"target\":{\"@type\":\"EntryPoint\",\"urlTemplate\":\"https:\/\/atana.pl\/?s={search_term_string}\"},\"query-input\":{\"@type\":\"PropertyValueSpecification\",\"valueRequired\":true,\"valueName\":\"search_term_string\"}}],\"inLanguage\":\"en-GB\"},{\"@type\":\"Organization\",\"@id\":\"https:\/\/atana.pl\/#organization\",\"name\":\"Atana\",\"url\":\"https:\/\/atana.pl\/\",\"logo\":{\"@type\":\"ImageObject\",\"inLanguage\":\"en-GB\",\"@id\":\"https:\/\/atana.pl\/#\/schema\/logo\/image\/\",\"url\":\"\",\"contentUrl\":\"\",\"caption\":\"Atana\"},\"image\":{\"@id\":\"https:\/\/atana.pl\/#\/schema\/logo\/image\/\"},\"sameAs\":[\"https:\/\/www.facebook.com\/atanayachts\",\"https:\/\/www.instagram.com\/atanaboats\/\",\"https:\/\/www.youtube.com\/channel\/UClMMmVqqx17in9QzgxK90Mw\"]}]}<\/script>\n<!-- \/ Yoast SEO plugin. -->","yoast_head_json":{"title":"Etui wodoodporne Armor-X - Samsung Galaxy S10+ - Atana","description":"Wodoodporne etui Armor-X MX-S10P-BK IP68 do Samsung Galaxy S10+ z X-Mount TYPE-K do marine i outdooru. Pasuje do uchwyt\u00f3w Armor-X typ K.","robots":{"index":"index","follow":"follow","max-snippet":"max-snippet:-1","max-image-preview":"max-image-preview:large","max-video-preview":"max-video-preview:-1"},"canonical":"https:\/\/atana.pl\/en\/online-shop\/armor-x\/etui\/samsung\/etui-wodoodporne-armor-x-samsung-galaxy-s10\/","og_locale":"en_GB","og_type":"article","og_title":"Etui wodoodporne Armor-X - Samsung Galaxy S10+ - Atana","og_description":"Wodoodporne etui Armor-X MX-S10P-BK IP68 do Samsung Galaxy S10+ z X-Mount TYPE-K do marine i outdooru. Pasuje do uchwyt\u00f3w Armor-X typ K.","og_url":"https:\/\/atana.pl\/en\/online-shop\/armor-x\/etui\/samsung\/etui-wodoodporne-armor-x-samsung-galaxy-s10\/","og_site_name":"Atana","article_publisher":"https:\/\/www.facebook.com\/atanayachts","article_modified_time":"2026-01-17T11:11:54+00:00","og_image":[{"width":1000,"height":1000,"url":"https:\/\/atana.pl\/wp-content\/uploads\/1967\/01\/mx-s10ptmp-samsung-galaxy-s10-plus-waterproof-case-ip68-shock-water-proof-cover-with-x-mount-carabiner_09.webp","type":"image\/webp"}],"twitter_card":"summary_large_image","twitter_misc":{"Estimated reading time":"2 minutes"},"schema":{"@context":"https:\/\/schema.org","@graph":[{"@type":"WebPage","@id":"https:\/\/atana.pl\/sklep-on-line\/armor-x\/etui\/samsung\/etui-wodoodporne-armor-x-samsung-galaxy-s10\/","url":"https:\/\/atana.pl\/sklep-on-line\/armor-x\/etui\/samsung\/etui-wodoodporne-armor-x-samsung-galaxy-s10\/","name":"Etui wodoodporne Armor-X - Samsung Galaxy S10+ - Atana","isPartOf":{"@id":"https:\/\/atana.pl\/#website"},"primaryImageOfPage":{"@id":"https:\/\/atana.pl\/sklep-on-line\/armor-x\/etui\/samsung\/etui-wodoodporne-armor-x-samsung-galaxy-s10\/#primaryimage"},"image":{"@id":"https:\/\/atana.pl\/sklep-on-line\/armor-x\/etui\/samsung\/etui-wodoodporne-armor-x-samsung-galaxy-s10\/#primaryimage"},"thumbnailUrl":"https:\/\/atana.pl\/wp-content\/uploads\/1967\/01\/mx-s10ptmp-samsung-galaxy-s10-plus-waterproof-case-ip68-shock-water-proof-cover-with-x-mount-carabiner_09.webp","datePublished":"2026-01-17T10:19:51+00:00","dateModified":"2026-01-17T11:11:54+00:00","description":"Wodoodporne etui Armor-X MX-S10P-BK IP68 do Samsung Galaxy S10+ z X-Mount TYPE-K do marine i outdooru. Pasuje do uchwyt\u00f3w Armor-X typ K.","breadcrumb":{"@id":"https:\/\/atana.pl\/sklep-on-line\/armor-x\/etui\/samsung\/etui-wodoodporne-armor-x-samsung-galaxy-s10\/#breadcrumb"},"inLanguage":"en-GB","potentialAction":[{"@type":"ReadAction","target":["https:\/\/atana.pl\/sklep-on-line\/armor-x\/etui\/samsung\/etui-wodoodporne-armor-x-samsung-galaxy-s10\/"]}]},{"@type":"ImageObject","inLanguage":"en-GB","@id":"https:\/\/atana.pl\/sklep-on-line\/armor-x\/etui\/samsung\/etui-wodoodporne-armor-x-samsung-galaxy-s10\/#primaryimage","url":"https:\/\/atana.pl\/wp-content\/uploads\/1967\/01\/mx-s10ptmp-samsung-galaxy-s10-plus-waterproof-case-ip68-shock-water-proof-cover-with-x-mount-carabiner_09.webp","contentUrl":"https:\/\/atana.pl\/wp-content\/uploads\/1967\/01\/mx-s10ptmp-samsung-galaxy-s10-plus-waterproof-case-ip68-shock-water-proof-cover-with-x-mount-carabiner_09.webp","width":1000,"height":1000,"caption":"mx s10ptmp samsung galaxy s10 plus waterproof case ip68 shock water proof cover with x mount carabiner 09"},{"@type":"BreadcrumbList","@id":"https:\/\/atana.pl\/sklep-on-line\/armor-x\/etui\/samsung\/etui-wodoodporne-armor-x-samsung-galaxy-s10\/#breadcrumb","itemListElement":[{"@type":"ListItem","position":1,"name":"Strona g\u0142\u00f3wna","item":"https:\/\/atana.pl\/"},{"@type":"ListItem","position":2,"name":"Sklep on-line","item":"https:\/\/atana.pl\/sklep-on-line\/"},{"@type":"ListItem","position":3,"name":"Etui wodoodporne Armor-X &#8211; Samsung Galaxy S10+"}]},{"@type":"WebSite","@id":"https:\/\/atana.pl\/#website","url":"https:\/\/atana.pl\/","name":"Atana","description":"Akcesoria do \u0142odzi, kamper\u00f3w i przyczep. \u0141odzie motorowe","publisher":{"@id":"https:\/\/atana.pl\/#organization"},"potentialAction":[{"@type":"SearchAction","target":{"@type":"EntryPoint","urlTemplate":"https:\/\/atana.pl\/?s={search_term_string}"},"query-input":{"@type":"PropertyValueSpecification","valueRequired":true,"valueName":"search_term_string"}}],"inLanguage":"en-GB"},{"@type":"Organization","@id":"https:\/\/atana.pl\/#organization","name":"Atana","url":"https:\/\/atana.pl\/","logo":{"@type":"ImageObject","inLanguage":"en-GB","@id":"https:\/\/atana.pl\/#\/schema\/logo\/image\/","url":"","contentUrl":"","caption":"Atana"},"image":{"@id":"https:\/\/atana.pl\/#\/schema\/logo\/image\/"},"sameAs":["https:\/\/www.facebook.com\/atanayachts","https:\/\/www.instagram.com\/atanaboats\/","https:\/\/www.youtube.com\/channel\/UClMMmVqqx17in9QzgxK90Mw"]}]}},"_links":{"self":[{"href":"https:\/\/atana.pl\/en\/wp-json\/wp\/v2\/product\/8016","targetHints":{"allow":["GET"]}}],"collection":[{"href":"https:\/\/atana.pl\/en\/wp-json\/wp\/v2\/product"}],"about":[{"href":"https:\/\/atana.pl\/en\/wp-json\/wp\/v2\/types\/product"}],"wp:featuredmedia":[{"embeddable":true,"href":"https:\/\/atana.pl\/en\/wp-json\/wp\/v2\/media\/8038"}],"wp:attachment":[{"href":"https:\/\/atana.pl\/en\/wp-json\/wp\/v2\/media?parent=8016"}],"wp:term":[{"taxonomy":"product_brand","embeddable":true,"href":"https:\/\/atana.pl\/en\/wp-json\/wp\/v2\/product_brand?post=8016"},{"taxonomy":"product_cat","embeddable":true,"href":"https:\/\/atana.pl\/en\/wp-json\/wp\/v2\/product_cat?post=8016"},{"taxonomy":"product_tag","embeddable":true,"href":"https:\/\/atana.pl\/en\/wp-json\/wp\/v2\/product_tag?post=8016"}],"curies":[{"name":"wp","href":"https:\/\/api.w.org\/{rel}","templated":true}]}}