{"id":8001,"date":"2026-01-16T16:12:13","date_gmt":"2026-01-16T15:12:13","guid":{"rendered":"https:\/\/atana.pl\/?post_type=product&#038;p=8001"},"modified":"2026-01-16T16:22:27","modified_gmt":"2026-01-16T15:22:27","slug":"etui-wodoopdorne-armor-x-samsung-galaxy-n10-kopia","status":"publish","type":"product","link":"https:\/\/atana.pl\/en\/online-shop\/armor-x\/etui\/samsung\/etui-wodoopdorne-armor-x-samsung-galaxy-n10-kopia\/","title":{"rendered":"Etui wodoodporne Armor-X &#8211; Samsung Galaxy N10+"},"content":{"rendered":"<h1 data-start=\"218\" data-end=\"307\">\u2693 Armor-X MX-N10P-BK \u2013 wodoodporne etui IP68 do Samsung Galaxy Note10+ z X-Mount TYPE-K<\/h1>\n<p data-start=\"327\" data-end=\"650\"><strong data-start=\"327\" data-end=\"349\">Armor-X MX-N10P-BK<\/strong> to <strong data-start=\"353\" data-end=\"408\">profesjonalne, w pe\u0142ni wodoodporne etui typu rugged<\/strong> zaprojektowane dla <strong data-start=\"428\" data-end=\"469\">Samsung Galaxy Note10+ (Note 10 Plus)<\/strong>. Etui spe\u0142nia norm\u0119 <strong data-start=\"490\" data-end=\"498\">IP68<\/strong> oraz wojskowy standard odporno\u015bci <strong data-start=\"533\" data-end=\"553\">MIL-STD-810F-516<\/strong>, dzi\u0119ki czemu idealnie sprawdza si\u0119 w <strong data-start=\"592\" data-end=\"649\">warunkach marine, outdoor, przemys\u0142owych i medycznych<\/strong>.<\/p>\n<p data-start=\"652\" data-end=\"717\">Jest to rozwi\u0105zanie stworzone do pracy w \u015brodowiskach takich jak:<\/p>\n<ul data-start=\"718\" data-end=\"880\">\n<li data-start=\"718\" data-end=\"739\">\n<p data-start=\"720\" data-end=\"739\"><strong data-start=\"720\" data-end=\"739\">\u0142odzie i jachty<\/strong><\/p>\n<\/li>\n<li data-start=\"740\" data-end=\"761\">\n<p data-start=\"742\" data-end=\"761\"><strong data-start=\"742\" data-end=\"761\">turystyka wodna<\/strong><\/p>\n<\/li>\n<li data-start=\"762\" data-end=\"803\">\n<p data-start=\"764\" data-end=\"803\"><strong data-start=\"764\" data-end=\"803\">magazyny, hale produkcyjne i budowy<\/strong><\/p>\n<\/li>\n<li data-start=\"804\" data-end=\"848\">\n<p data-start=\"806\" data-end=\"848\"><strong data-start=\"806\" data-end=\"848\">gastronomia, restauracje i food trucki<\/strong><\/p>\n<\/li>\n<li data-start=\"849\" data-end=\"880\">\n<p data-start=\"851\" data-end=\"880\"><strong data-start=\"851\" data-end=\"880\">medycyna i s\u0142u\u017cba zdrowia<\/strong><\/p>\n<\/li>\n<\/ul>\n<hr data-start=\"882\" data-end=\"885\" \/>\n<h2 data-start=\"887\" data-end=\"923\">Ochrona IP68 i standard militarny<\/h2>\n<p data-start=\"925\" data-end=\"939\">Etui zapewnia:<\/p>\n<ul data-start=\"940\" data-end=\"1129\">\n<li data-start=\"940\" data-end=\"1005\">\n<p data-start=\"942\" data-end=\"1005\"><strong data-start=\"942\" data-end=\"964\">wodoodporno\u015b\u0107 IP68<\/strong> \u2013 zanurzenie do <strong data-start=\"981\" data-end=\"1003\">2 m przez 60 minut<\/strong><\/p>\n<\/li>\n<li data-start=\"1006\" data-end=\"1060\">\n<p data-start=\"1008\" data-end=\"1060\"><strong data-start=\"1008\" data-end=\"1039\">odporno\u015b\u0107 na upadki z 1,2 m<\/strong> (MIL-STD-810F-516)<\/p>\n<\/li>\n<li data-start=\"1061\" data-end=\"1129\">\n<p data-start=\"1063\" data-end=\"1129\">pe\u0142n\u0105 ochron\u0119 przed <strong data-start=\"1083\" data-end=\"1129\">kurzem, piaskiem, b\u0142otem, \u015bniegiem i lodem<\/strong><\/p>\n<\/li>\n<\/ul>\n<p data-start=\"1131\" data-end=\"1261\">Zintegrowana <strong data-start=\"1144\" data-end=\"1182\">krystalicznie czysta os\u0142ona ekranu<\/strong> umo\u017cliwia obs\u0142ug\u0119 telefonu nawet w <strong data-start=\"1218\" data-end=\"1260\">r\u0119kawicach ochronnych i chirurgicznych<\/strong>.<\/p>\n<hr data-start=\"1263\" data-end=\"1266\" \/>\n<h2 data-start=\"1268\" data-end=\"1308\">Konstrukcja rugged do pracy i na wod\u0119<\/h2>\n<ul data-start=\"1310\" data-end=\"1548\">\n<li data-start=\"1310\" data-end=\"1351\">\n<p data-start=\"1312\" data-end=\"1351\">Pe\u0142na ochrona <strong data-start=\"1326\" data-end=\"1351\">kraw\u0119dzi i naro\u017cnik\u00f3w<\/strong><\/p>\n<\/li>\n<li data-start=\"1352\" data-end=\"1407\">\n<p data-start=\"1354\" data-end=\"1407\">Podniesione ranty chroni\u0105ce ekran i obiektywy aparatu<\/p>\n<\/li>\n<li data-start=\"1408\" data-end=\"1451\">\n<p data-start=\"1410\" data-end=\"1451\">Precyzyjne dopasowanie do obudowy Note10+<\/p>\n<\/li>\n<li data-start=\"1452\" data-end=\"1499\">\n<p data-start=\"1454\" data-end=\"1499\">Dok\u0142adne wyci\u0119cia i <strong data-start=\"1474\" data-end=\"1499\">responsywne przyciski<\/strong><\/p>\n<\/li>\n<li data-start=\"1500\" data-end=\"1548\">\n<p data-start=\"1502\" data-end=\"1548\">Smuk\u0142a, ergonomiczna forma mimo pe\u0142nej ochrony<\/p>\n<\/li>\n<\/ul>\n<p data-start=\"1550\" data-end=\"1612\">Etui zaprojektowano do <strong data-start=\"1573\" data-end=\"1611\">ci\u0105g\u0142ego, intensywnego u\u017cytkowania<\/strong>.<\/p>\n<hr data-start=\"1614\" data-end=\"1617\" \/>\n<h2 data-start=\"1619\" data-end=\"1656\">Zintegrowany system X-Mount TYPE-K<\/h2>\n<p data-start=\"1658\" data-end=\"1780\">Wbudowany <strong data-start=\"1668\" data-end=\"1694\">adapter X-Mount TYPE-K<\/strong> umo\u017cliwia szybkie i bezpieczne mocowanie telefonu do szerokiej gamy uchwyt\u00f3w Armor-X:<\/p>\n<ul data-start=\"1781\" data-end=\"1885\">\n<li data-start=\"1781\" data-end=\"1813\">\n<p data-start=\"1783\" data-end=\"1813\">uchwyty relingowe i jachtowe<\/p>\n<\/li>\n<li data-start=\"1814\" data-end=\"1851\">\n<p data-start=\"1816\" data-end=\"1851\">uchwyty samochodowe i przemys\u0142owe<\/p>\n<\/li>\n<li data-start=\"1852\" data-end=\"1885\">\n<p data-start=\"1854\" data-end=\"1885\">uchwyty outdoorowe i sportowe<\/p>\n<\/li>\n<\/ul>\n<p data-start=\"1887\" data-end=\"1928\">Dzi\u0119ki temu smartfon mo\u017ce pe\u0142ni\u0107 funkcj\u0119:<\/p>\n<ul data-start=\"1929\" data-end=\"2029\">\n<li data-start=\"1929\" data-end=\"1948\">\n<p data-start=\"1931\" data-end=\"1948\"><strong data-start=\"1931\" data-end=\"1948\">nawigacji GPS<\/strong><\/p>\n<\/li>\n<li data-start=\"1949\" data-end=\"1967\">\n<p data-start=\"1951\" data-end=\"1967\"><strong data-start=\"1951\" data-end=\"1967\">map morskich<\/strong><\/p>\n<\/li>\n<li data-start=\"1968\" data-end=\"1993\">\n<p data-start=\"1970\" data-end=\"1993\"><strong data-start=\"1970\" data-end=\"1993\">terminala roboczego<\/strong><\/p>\n<\/li>\n<li data-start=\"1994\" data-end=\"2029\">\n<p data-start=\"1996\" data-end=\"2029\"><strong data-start=\"1996\" data-end=\"2029\">centrum komunikacji w terenie<\/strong><\/p>\n<\/li>\n<\/ul>\n<hr data-start=\"2031\" data-end=\"2034\" \/>\n<h2 data-start=\"2036\" data-end=\"2073\">ActiveKEY, karabi\u0144czyk i mobilno\u015b\u0107<\/h2>\n<p data-start=\"2075\" data-end=\"2156\">Etui wyposa\u017cone jest w system <strong data-start=\"2105\" data-end=\"2118\">ActiveKEY<\/strong>, kt\u00f3ry zawiera <strong data-start=\"2134\" data-end=\"2155\">3 wymienne modu\u0142y<\/strong>:<\/p>\n<ul data-start=\"2157\" data-end=\"2232\">\n<li data-start=\"2157\" data-end=\"2179\">\n<p data-start=\"2159\" data-end=\"2179\">uchwyt magnetyczny<\/p>\n<\/li>\n<li data-start=\"2180\" data-end=\"2202\">\n<p data-start=\"2182\" data-end=\"2202\">wysuwacz karty SIM<\/p>\n<\/li>\n<li data-start=\"2203\" data-end=\"2232\">\n<p data-start=\"2205\" data-end=\"2232\">mini pojemnik narz\u0119dziowy<\/p>\n<\/li>\n<\/ul>\n<p data-start=\"2234\" data-end=\"2244\">Dodatkowo:<\/p>\n<ul data-start=\"2245\" data-end=\"2384\">\n<li data-start=\"2245\" data-end=\"2317\">\n<p data-start=\"2247\" data-end=\"2317\"><strong data-start=\"2247\" data-end=\"2280\">uchwyt na pasek i karabi\u0144czyk<\/strong> \u2013 idealne do outdooru i \u017ceglarstwa<\/p>\n<\/li>\n<li data-start=\"2318\" data-end=\"2384\">\n<p data-start=\"2320\" data-end=\"2384\">mo\u017cliwo\u015b\u0107 <strong data-start=\"2330\" data-end=\"2359\">\u0142adowania bezprzewodowego<\/strong> <em data-start=\"2360\" data-end=\"2382\">(z modu\u0142em SIM\/Tool)<\/em><\/p>\n<\/li>\n<\/ul>\n<p data-start=\"2386\" data-end=\"2421\">\u26a0\ufe0f Etui <strong data-start=\"2394\" data-end=\"2420\">nie obs\u0142uguje Touch ID<\/strong>.<\/p>\n<hr data-start=\"2423\" data-end=\"2426\" \/>\n<h2 data-start=\"2428\" data-end=\"2464\">Odporno\u015b\u0107 chemiczna i dezynfekcja<\/h2>\n<p data-start=\"2466\" data-end=\"2554\">Etui charakteryzuje si\u0119 <strong data-start=\"2490\" data-end=\"2522\">wysok\u0105 odporno\u015bci\u0105 chemiczn\u0105<\/strong> na \u015brodki dezynfekuj\u0105ce, w tym:<\/p>\n<ul data-start=\"2555\" data-end=\"2648\">\n<li data-start=\"2555\" data-end=\"2565\">\n<p data-start=\"2557\" data-end=\"2565\">propanol<\/p>\n<\/li>\n<li data-start=\"2566\" data-end=\"2574\">\n<p data-start=\"2568\" data-end=\"2574\">etanol<\/p>\n<\/li>\n<li data-start=\"2575\" data-end=\"2597\">\n<p data-start=\"2577\" data-end=\"2597\">chlorek benzalkonium<\/p>\n<\/li>\n<li data-start=\"2598\" data-end=\"2626\">\n<p data-start=\"2600\" data-end=\"2626\">siarczan etylu mecetronium<\/p>\n<\/li>\n<li data-start=\"2627\" data-end=\"2648\">\n<p data-start=\"2629\" data-end=\"2648\">kwas undecylenowy<\/p>\n<\/li>\n<\/ul>\n<p data-start=\"2650\" data-end=\"2724\">Mo\u017cliwe czyszczenie m.in. <strong data-start=\"2676\" data-end=\"2723\">Super Sani-Cloth Germicidal Disposable Wipe<\/strong>.<\/p>\n<hr data-start=\"2726\" data-end=\"2729\" \/>\n<h2 data-start=\"2731\" data-end=\"2756\">Kompatybilno\u015b\u0107 i uwagi<\/h2>\n<p data-start=\"2758\" data-end=\"2886\">\u2714 Samsung Galaxy Note10+<br data-start=\"2782\" data-end=\"2785\" \/>\u2714 Norma IP68 + MIL-STD-810F-516<br data-start=\"2816\" data-end=\"2819\" \/>\u26a0 Uchwyty X-Mount (rowerowe, klipsy, opaski) <strong data-start=\"2864\" data-end=\"2886\">sprzedawane osobno<\/strong><\/p>\n<hr data-start=\"2888\" data-end=\"2891\" \/>\n<h2 data-start=\"2893\" data-end=\"2907\">Idealne do:<\/h2>\n<ul data-start=\"2909\" data-end=\"3080\">\n<li data-start=\"2909\" data-end=\"2940\">\n<p data-start=\"2911\" data-end=\"2940\">\u0141odzi motorowych i jacht\u00f3w.<\/p>\n<\/li>\n<li data-start=\"2941\" data-end=\"2970\">\n<p data-start=\"2943\" data-end=\"2970\">Nawigacji morskiej i GPS.<\/p>\n<\/li>\n<li data-start=\"2971\" data-end=\"3003\">\n<p data-start=\"2973\" data-end=\"3003\">Turystyki wodnej i outdooru.<\/p>\n<\/li>\n<li data-start=\"3004\" data-end=\"3043\">\n<p data-start=\"3006\" data-end=\"3043\">Przemys\u0142u, gastronomii i magazyn\u00f3w.<\/p>\n<\/li>\n<li data-start=\"3044\" data-end=\"3080\">\n<p data-start=\"3046\" data-end=\"3080\">Medycyny i \u015brodowisk sterylnych.<\/p>\n<\/li>\n<\/ul>","protected":false},"excerpt":{"rendered":"<p data-start=\"3565\" data-end=\"3677\">Wodoodporne etui Armor-X MX-N10P-BK IP68 do Samsung Galaxy Note10+ z X-Mount TYPE-K, karabi\u0144czykiem i ActiveKEY.<\/p>","protected":false},"featured_media":8003,"template":"","meta":{"_acf_changed":false},"product_brand":[],"product_cat":[1307,1308,1311],"product_tag":[1316,1465,1433,1462,1432,1467,1431,1461,1466,1468,1464],"class_list":{"0":"post-8001","1":"product","2":"type-product","3":"status-publish","4":"has-post-thumbnail","6":"product_cat-armor-x","7":"product_cat-etui","8":"product_cat-samsung","9":"product_tag-armor-x","10":"product_tag-etui-ip68-smartphone","11":"product_tag-etui-marine","12":"product_tag-etui-note-10","13":"product_tag-etui-outdoor","14":"product_tag-etui-przemyslowe","15":"product_tag-etui-rugged","16":"product_tag-etui-samsung-note10-plus","17":"product_tag-etui-wodoodporne-samsung","18":"product_tag-etui-x-mount-type-k","19":"product_tag-mx-n10p-bk","21":"first","22":"instock","23":"taxable","24":"shipping-taxable","25":"purchasable","26":"product-type-simple"},"acf":[],"yoast_head":"<!-- This site is optimized with the Yoast SEO plugin v25.2 - https:\/\/yoast.com\/wordpress\/plugins\/seo\/ -->\n<title>Etui wodoodporne Armor-X - Samsung Galaxy N10+ - Atana<\/title>\n<meta name=\"description\" content=\"Wodoodporne etui Armor-X MX-N10P-BK IP68 do Samsung Galaxy Note10+ z X-Mount TYPE-K do marine i pracy terenowej. Pasuje do uchwyt\u00f3w Armor-X typ K.\" \/>\n<meta name=\"robots\" content=\"index, follow, max-snippet:-1, max-image-preview:large, max-video-preview:-1\" \/>\n<link rel=\"canonical\" href=\"https:\/\/atana.pl\/en\/online-shop\/armor-x\/etui\/samsung\/etui-wodoopdorne-armor-x-samsung-galaxy-n10-kopia\/\" \/>\n<meta property=\"og:locale\" content=\"en_GB\" \/>\n<meta property=\"og:type\" content=\"article\" \/>\n<meta property=\"og:title\" content=\"Etui wodoodporne Armor-X - Samsung Galaxy N10+ - Atana\" \/>\n<meta property=\"og:description\" content=\"Wodoodporne etui Armor-X MX-N10P-BK IP68 do Samsung Galaxy Note10+ z X-Mount TYPE-K do marine i pracy terenowej. Pasuje do uchwyt\u00f3w Armor-X typ K.\" \/>\n<meta property=\"og:url\" content=\"https:\/\/atana.pl\/en\/online-shop\/armor-x\/etui\/samsung\/etui-wodoopdorne-armor-x-samsung-galaxy-n10-kopia\/\" \/>\n<meta property=\"og:site_name\" content=\"Atana\" \/>\n<meta property=\"article:publisher\" content=\"https:\/\/www.facebook.com\/atanayachts\" \/>\n<meta property=\"article:modified_time\" content=\"2026-01-16T15:22:27+00:00\" \/>\n<meta property=\"og:image\" content=\"https:\/\/atana.pl\/wp-content\/uploads\/1967\/01\/MX-N10P-BK-Samsung-galaxy-Note-10-Plus-armor-x-armorx-ip68-waterproof-shockproof-rugged-case-cases-cover-with-carabiner_1-1.webp\" \/>\n\t<meta property=\"og:image:width\" content=\"1000\" \/>\n\t<meta property=\"og:image:height\" content=\"1000\" \/>\n\t<meta property=\"og:image:type\" content=\"image\/webp\" \/>\n<meta name=\"twitter:card\" content=\"summary_large_image\" \/>\n<meta name=\"twitter:label1\" content=\"Estimated reading time\" \/>\n\t<meta name=\"twitter:data1\" content=\"2 minutes\" \/>\n<script type=\"application\/ld+json\" class=\"yoast-schema-graph\">{\"@context\":\"https:\/\/schema.org\",\"@graph\":[{\"@type\":\"WebPage\",\"@id\":\"https:\/\/atana.pl\/sklep-on-line\/armor-x\/etui\/samsung\/etui-wodoopdorne-armor-x-samsung-galaxy-n10-kopia\/\",\"url\":\"https:\/\/atana.pl\/sklep-on-line\/armor-x\/etui\/samsung\/etui-wodoopdorne-armor-x-samsung-galaxy-n10-kopia\/\",\"name\":\"Etui wodoodporne Armor-X - Samsung Galaxy N10+ - Atana\",\"isPartOf\":{\"@id\":\"https:\/\/atana.pl\/#website\"},\"primaryImageOfPage\":{\"@id\":\"https:\/\/atana.pl\/sklep-on-line\/armor-x\/etui\/samsung\/etui-wodoopdorne-armor-x-samsung-galaxy-n10-kopia\/#primaryimage\"},\"image\":{\"@id\":\"https:\/\/atana.pl\/sklep-on-line\/armor-x\/etui\/samsung\/etui-wodoopdorne-armor-x-samsung-galaxy-n10-kopia\/#primaryimage\"},\"thumbnailUrl\":\"https:\/\/atana.pl\/wp-content\/uploads\/1967\/01\/MX-N10P-BK-Samsung-galaxy-Note-10-Plus-armor-x-armorx-ip68-waterproof-shockproof-rugged-case-cases-cover-with-carabiner_1-1.webp\",\"datePublished\":\"2026-01-16T15:12:13+00:00\",\"dateModified\":\"2026-01-16T15:22:27+00:00\",\"description\":\"Wodoodporne etui Armor-X MX-N10P-BK IP68 do Samsung Galaxy Note10+ z X-Mount TYPE-K do marine i pracy terenowej. Pasuje do uchwyt\u00f3w Armor-X typ K.\",\"breadcrumb\":{\"@id\":\"https:\/\/atana.pl\/sklep-on-line\/armor-x\/etui\/samsung\/etui-wodoopdorne-armor-x-samsung-galaxy-n10-kopia\/#breadcrumb\"},\"inLanguage\":\"en-GB\",\"potentialAction\":[{\"@type\":\"ReadAction\",\"target\":[\"https:\/\/atana.pl\/sklep-on-line\/armor-x\/etui\/samsung\/etui-wodoopdorne-armor-x-samsung-galaxy-n10-kopia\/\"]}]},{\"@type\":\"ImageObject\",\"inLanguage\":\"en-GB\",\"@id\":\"https:\/\/atana.pl\/sklep-on-line\/armor-x\/etui\/samsung\/etui-wodoopdorne-armor-x-samsung-galaxy-n10-kopia\/#primaryimage\",\"url\":\"https:\/\/atana.pl\/wp-content\/uploads\/1967\/01\/MX-N10P-BK-Samsung-galaxy-Note-10-Plus-armor-x-armorx-ip68-waterproof-shockproof-rugged-case-cases-cover-with-carabiner_1-1.webp\",\"contentUrl\":\"https:\/\/atana.pl\/wp-content\/uploads\/1967\/01\/MX-N10P-BK-Samsung-galaxy-Note-10-Plus-armor-x-armorx-ip68-waterproof-shockproof-rugged-case-cases-cover-with-carabiner_1-1.webp\",\"width\":1000,\"height\":1000,\"caption\":\"MX N10P BK Samsung galaxy Note 10 Plus armor x armorx ip68 waterproof shockproof rugged case cases cover with carabiner 1 1\"},{\"@type\":\"BreadcrumbList\",\"@id\":\"https:\/\/atana.pl\/sklep-on-line\/armor-x\/etui\/samsung\/etui-wodoopdorne-armor-x-samsung-galaxy-n10-kopia\/#breadcrumb\",\"itemListElement\":[{\"@type\":\"ListItem\",\"position\":1,\"name\":\"Strona g\u0142\u00f3wna\",\"item\":\"https:\/\/atana.pl\/\"},{\"@type\":\"ListItem\",\"position\":2,\"name\":\"Sklep on-line\",\"item\":\"https:\/\/atana.pl\/sklep-on-line\/\"},{\"@type\":\"ListItem\",\"position\":3,\"name\":\"Etui wodoodporne Armor-X &#8211; Samsung Galaxy N10+\"}]},{\"@type\":\"WebSite\",\"@id\":\"https:\/\/atana.pl\/#website\",\"url\":\"https:\/\/atana.pl\/\",\"name\":\"Atana\",\"description\":\"Akcesoria do \u0142odzi, kamper\u00f3w i przyczep. \u0141odzie motorowe\",\"publisher\":{\"@id\":\"https:\/\/atana.pl\/#organization\"},\"potentialAction\":[{\"@type\":\"SearchAction\",\"target\":{\"@type\":\"EntryPoint\",\"urlTemplate\":\"https:\/\/atana.pl\/?s={search_term_string}\"},\"query-input\":{\"@type\":\"PropertyValueSpecification\",\"valueRequired\":true,\"valueName\":\"search_term_string\"}}],\"inLanguage\":\"en-GB\"},{\"@type\":\"Organization\",\"@id\":\"https:\/\/atana.pl\/#organization\",\"name\":\"Atana\",\"url\":\"https:\/\/atana.pl\/\",\"logo\":{\"@type\":\"ImageObject\",\"inLanguage\":\"en-GB\",\"@id\":\"https:\/\/atana.pl\/#\/schema\/logo\/image\/\",\"url\":\"\",\"contentUrl\":\"\",\"caption\":\"Atana\"},\"image\":{\"@id\":\"https:\/\/atana.pl\/#\/schema\/logo\/image\/\"},\"sameAs\":[\"https:\/\/www.facebook.com\/atanayachts\",\"https:\/\/www.instagram.com\/atanaboats\/\",\"https:\/\/www.youtube.com\/channel\/UClMMmVqqx17in9QzgxK90Mw\"]}]}<\/script>\n<!-- \/ Yoast SEO plugin. -->","yoast_head_json":{"title":"Etui wodoodporne Armor-X - Samsung Galaxy N10+ - Atana","description":"Wodoodporne etui Armor-X MX-N10P-BK IP68 do Samsung Galaxy Note10+ z X-Mount TYPE-K do marine i pracy terenowej. Pasuje do uchwyt\u00f3w Armor-X typ K.","robots":{"index":"index","follow":"follow","max-snippet":"max-snippet:-1","max-image-preview":"max-image-preview:large","max-video-preview":"max-video-preview:-1"},"canonical":"https:\/\/atana.pl\/en\/online-shop\/armor-x\/etui\/samsung\/etui-wodoopdorne-armor-x-samsung-galaxy-n10-kopia\/","og_locale":"en_GB","og_type":"article","og_title":"Etui wodoodporne Armor-X - Samsung Galaxy N10+ - Atana","og_description":"Wodoodporne etui Armor-X MX-N10P-BK IP68 do Samsung Galaxy Note10+ z X-Mount TYPE-K do marine i pracy terenowej. Pasuje do uchwyt\u00f3w Armor-X typ K.","og_url":"https:\/\/atana.pl\/en\/online-shop\/armor-x\/etui\/samsung\/etui-wodoopdorne-armor-x-samsung-galaxy-n10-kopia\/","og_site_name":"Atana","article_publisher":"https:\/\/www.facebook.com\/atanayachts","article_modified_time":"2026-01-16T15:22:27+00:00","og_image":[{"width":1000,"height":1000,"url":"https:\/\/atana.pl\/wp-content\/uploads\/1967\/01\/MX-N10P-BK-Samsung-galaxy-Note-10-Plus-armor-x-armorx-ip68-waterproof-shockproof-rugged-case-cases-cover-with-carabiner_1-1.webp","type":"image\/webp"}],"twitter_card":"summary_large_image","twitter_misc":{"Estimated reading time":"2 minutes"},"schema":{"@context":"https:\/\/schema.org","@graph":[{"@type":"WebPage","@id":"https:\/\/atana.pl\/sklep-on-line\/armor-x\/etui\/samsung\/etui-wodoopdorne-armor-x-samsung-galaxy-n10-kopia\/","url":"https:\/\/atana.pl\/sklep-on-line\/armor-x\/etui\/samsung\/etui-wodoopdorne-armor-x-samsung-galaxy-n10-kopia\/","name":"Etui wodoodporne Armor-X - Samsung Galaxy N10+ - Atana","isPartOf":{"@id":"https:\/\/atana.pl\/#website"},"primaryImageOfPage":{"@id":"https:\/\/atana.pl\/sklep-on-line\/armor-x\/etui\/samsung\/etui-wodoopdorne-armor-x-samsung-galaxy-n10-kopia\/#primaryimage"},"image":{"@id":"https:\/\/atana.pl\/sklep-on-line\/armor-x\/etui\/samsung\/etui-wodoopdorne-armor-x-samsung-galaxy-n10-kopia\/#primaryimage"},"thumbnailUrl":"https:\/\/atana.pl\/wp-content\/uploads\/1967\/01\/MX-N10P-BK-Samsung-galaxy-Note-10-Plus-armor-x-armorx-ip68-waterproof-shockproof-rugged-case-cases-cover-with-carabiner_1-1.webp","datePublished":"2026-01-16T15:12:13+00:00","dateModified":"2026-01-16T15:22:27+00:00","description":"Wodoodporne etui Armor-X MX-N10P-BK IP68 do Samsung Galaxy Note10+ z X-Mount TYPE-K do marine i pracy terenowej. Pasuje do uchwyt\u00f3w Armor-X typ K.","breadcrumb":{"@id":"https:\/\/atana.pl\/sklep-on-line\/armor-x\/etui\/samsung\/etui-wodoopdorne-armor-x-samsung-galaxy-n10-kopia\/#breadcrumb"},"inLanguage":"en-GB","potentialAction":[{"@type":"ReadAction","target":["https:\/\/atana.pl\/sklep-on-line\/armor-x\/etui\/samsung\/etui-wodoopdorne-armor-x-samsung-galaxy-n10-kopia\/"]}]},{"@type":"ImageObject","inLanguage":"en-GB","@id":"https:\/\/atana.pl\/sklep-on-line\/armor-x\/etui\/samsung\/etui-wodoopdorne-armor-x-samsung-galaxy-n10-kopia\/#primaryimage","url":"https:\/\/atana.pl\/wp-content\/uploads\/1967\/01\/MX-N10P-BK-Samsung-galaxy-Note-10-Plus-armor-x-armorx-ip68-waterproof-shockproof-rugged-case-cases-cover-with-carabiner_1-1.webp","contentUrl":"https:\/\/atana.pl\/wp-content\/uploads\/1967\/01\/MX-N10P-BK-Samsung-galaxy-Note-10-Plus-armor-x-armorx-ip68-waterproof-shockproof-rugged-case-cases-cover-with-carabiner_1-1.webp","width":1000,"height":1000,"caption":"MX N10P BK Samsung galaxy Note 10 Plus armor x armorx ip68 waterproof shockproof rugged case cases cover with carabiner 1 1"},{"@type":"BreadcrumbList","@id":"https:\/\/atana.pl\/sklep-on-line\/armor-x\/etui\/samsung\/etui-wodoopdorne-armor-x-samsung-galaxy-n10-kopia\/#breadcrumb","itemListElement":[{"@type":"ListItem","position":1,"name":"Strona g\u0142\u00f3wna","item":"https:\/\/atana.pl\/"},{"@type":"ListItem","position":2,"name":"Sklep on-line","item":"https:\/\/atana.pl\/sklep-on-line\/"},{"@type":"ListItem","position":3,"name":"Etui wodoodporne Armor-X &#8211; Samsung Galaxy N10+"}]},{"@type":"WebSite","@id":"https:\/\/atana.pl\/#website","url":"https:\/\/atana.pl\/","name":"Atana","description":"Akcesoria do \u0142odzi, kamper\u00f3w i przyczep. \u0141odzie motorowe","publisher":{"@id":"https:\/\/atana.pl\/#organization"},"potentialAction":[{"@type":"SearchAction","target":{"@type":"EntryPoint","urlTemplate":"https:\/\/atana.pl\/?s={search_term_string}"},"query-input":{"@type":"PropertyValueSpecification","valueRequired":true,"valueName":"search_term_string"}}],"inLanguage":"en-GB"},{"@type":"Organization","@id":"https:\/\/atana.pl\/#organization","name":"Atana","url":"https:\/\/atana.pl\/","logo":{"@type":"ImageObject","inLanguage":"en-GB","@id":"https:\/\/atana.pl\/#\/schema\/logo\/image\/","url":"","contentUrl":"","caption":"Atana"},"image":{"@id":"https:\/\/atana.pl\/#\/schema\/logo\/image\/"},"sameAs":["https:\/\/www.facebook.com\/atanayachts","https:\/\/www.instagram.com\/atanaboats\/","https:\/\/www.youtube.com\/channel\/UClMMmVqqx17in9QzgxK90Mw"]}]}},"_links":{"self":[{"href":"https:\/\/atana.pl\/en\/wp-json\/wp\/v2\/product\/8001","targetHints":{"allow":["GET"]}}],"collection":[{"href":"https:\/\/atana.pl\/en\/wp-json\/wp\/v2\/product"}],"about":[{"href":"https:\/\/atana.pl\/en\/wp-json\/wp\/v2\/types\/product"}],"wp:featuredmedia":[{"embeddable":true,"href":"https:\/\/atana.pl\/en\/wp-json\/wp\/v2\/media\/8003"}],"wp:attachment":[{"href":"https:\/\/atana.pl\/en\/wp-json\/wp\/v2\/media?parent=8001"}],"wp:term":[{"taxonomy":"product_brand","embeddable":true,"href":"https:\/\/atana.pl\/en\/wp-json\/wp\/v2\/product_brand?post=8001"},{"taxonomy":"product_cat","embeddable":true,"href":"https:\/\/atana.pl\/en\/wp-json\/wp\/v2\/product_cat?post=8001"},{"taxonomy":"product_tag","embeddable":true,"href":"https:\/\/atana.pl\/en\/wp-json\/wp\/v2\/product_tag?post=8001"}],"curies":[{"name":"wp","href":"https:\/\/api.w.org\/{rel}","templated":true}]}}