{"id":7995,"date":"2026-01-16T16:03:04","date_gmt":"2026-01-16T15:03:04","guid":{"rendered":"https:\/\/atana.pl\/?post_type=product&#038;p=7995"},"modified":"2026-01-16T16:15:48","modified_gmt":"2026-01-16T15:15:48","slug":"etui-pancerne-armor-x-zamsung-note-10-plus","status":"publish","type":"product","link":"https:\/\/atana.pl\/en\/online-shop\/armor-x\/etui\/samsung\/etui-pancerne-armor-x-zamsung-note-10-plus\/","title":{"rendered":"Etui pancerne Armor-X &#8211; Samsung Galaxy N10+"},"content":{"rendered":"<h1 data-start=\"227\" data-end=\"332\">\u2693 Armor-X BX3-SS19-N10P \u2013 pancerne etui do Samsung Galaxy Note10+ z X-Mount, ActiveKEY i karabi\u0144czykiem<\/h1>\n<p data-start=\"352\" data-end=\"692\"><strong data-start=\"352\" data-end=\"377\">Armor-X BX3-SS19-N10P<\/strong> to <strong data-start=\"381\" data-end=\"427\">ultrakompaktowe, pancerne etui typu rugged<\/strong> zaprojektowane specjalnie dla <strong data-start=\"458\" data-end=\"499\">Samsung Galaxy Note10+ (Note 10 Plus)<\/strong>. Nale\u017cy do serii <strong data-start=\"517\" data-end=\"530\">BX-Series<\/strong>, kt\u00f3ra \u0142\u0105czy <strong data-start=\"544\" data-end=\"569\">wysoki poziom ochrony<\/strong>, <strong data-start=\"571\" data-end=\"588\">smuk\u0142y profil<\/strong> oraz <strong data-start=\"594\" data-end=\"630\">transparentny, nowoczesny design<\/strong>, idealny do zastosowa\u0144 <strong data-start=\"654\" data-end=\"691\">marine, outdoor i pracy terenowej<\/strong>.<\/p>\n<p data-start=\"694\" data-end=\"783\">Etui zosta\u0142o stworzone z my\u015bl\u0105 o u\u017cytkownikach aktywnych, kt\u00f3rzy korzystaj\u0105 ze smartfona:<\/p>\n<ul data-start=\"784\" data-end=\"927\">\n<li data-start=\"784\" data-end=\"814\">\n<p data-start=\"786\" data-end=\"814\">na <strong data-start=\"789\" data-end=\"812\">\u0142odziach i jachtach<\/strong><\/p>\n<\/li>\n<li data-start=\"815\" data-end=\"860\">\n<p data-start=\"817\" data-end=\"860\">podczas <strong data-start=\"825\" data-end=\"858\">\u017ceglarstwa i turystyki wodnej<\/strong><\/p>\n<\/li>\n<li data-start=\"861\" data-end=\"890\">\n<p data-start=\"863\" data-end=\"890\">w <strong data-start=\"865\" data-end=\"888\">sporcie i outdoorze<\/strong><\/p>\n<\/li>\n<li data-start=\"891\" data-end=\"927\">\n<p data-start=\"893\" data-end=\"927\">w <strong data-start=\"895\" data-end=\"927\">pracy terenowej i serwisowej<\/strong><\/p>\n<\/li>\n<\/ul>\n<hr data-start=\"929\" data-end=\"932\" \/>\n<h2 data-start=\"934\" data-end=\"968\">Ochrona rugged o niskim profilu<\/h2>\n<p data-start=\"970\" data-end=\"1010\">Konstrukcja <strong data-start=\"982\" data-end=\"1000\">Dual Composite<\/strong> zapewnia:<\/p>\n<ul data-start=\"1011\" data-end=\"1143\">\n<li data-start=\"1011\" data-end=\"1065\">\n<p data-start=\"1013\" data-end=\"1065\">skuteczn\u0105 ochron\u0119 przed <strong data-start=\"1037\" data-end=\"1063\">uderzeniami i upadkami<\/strong><\/p>\n<\/li>\n<li data-start=\"1066\" data-end=\"1109\">\n<p data-start=\"1068\" data-end=\"1109\">amortyzacj\u0119 wstrz\u0105s\u00f3w na ca\u0142ym obwodzie<\/p>\n<\/li>\n<li data-start=\"1110\" data-end=\"1143\">\n<p data-start=\"1112\" data-end=\"1143\">wzmocnion\u0105 ochron\u0119 naro\u017cnik\u00f3w<\/p>\n<\/li>\n<\/ul>\n<p data-start=\"1145\" data-end=\"1313\">Elastyczna <strong data-start=\"1156\" data-end=\"1168\">rama TPU<\/strong> poch\u0142ania energi\u0119 uderze\u0144, a <strong data-start=\"1198\" data-end=\"1224\">ultraprzezroczysty ty\u0142<\/strong> jest odporny na zarysowania i pozwala zachowa\u0107 oryginalny wygl\u0105d Samsung Galaxy Note10+.<\/p>\n<hr data-start=\"1315\" data-end=\"1318\" \/>\n<h2 data-start=\"1320\" data-end=\"1354\">Precyzyjne dopasowanie i wygoda<\/h2>\n<ul data-start=\"1356\" data-end=\"1547\">\n<li data-start=\"1356\" data-end=\"1409\">\n<p data-start=\"1358\" data-end=\"1409\">Smuk\u0142a, <strong data-start=\"1366\" data-end=\"1407\">kieszeniowa konstrukcja (low profile)<\/strong><\/p>\n<\/li>\n<li data-start=\"1410\" data-end=\"1459\">\n<p data-start=\"1412\" data-end=\"1459\">Idealne dopasowanie do Samsung Galaxy Note10+<\/p>\n<\/li>\n<li data-start=\"1460\" data-end=\"1511\">\n<p data-start=\"1462\" data-end=\"1511\">Precyzyjne wyci\u0119cia na porty, g\u0142o\u015bniki i aparat<\/p>\n<\/li>\n<li data-start=\"1512\" data-end=\"1547\">\n<p data-start=\"1514\" data-end=\"1547\">Responsywne, dotykowe przyciski<\/p>\n<\/li>\n<\/ul>\n<p data-start=\"1549\" data-end=\"1621\">Etui nie pogrubia telefonu i pozostaje wygodne w codziennym u\u017cytkowaniu.<\/p>\n<hr data-start=\"1623\" data-end=\"1626\" \/>\n<h2 data-start=\"1628\" data-end=\"1670\">Zintegrowany system X-Mount + ActiveKEY<\/h2>\n<p data-start=\"1672\" data-end=\"1836\">Wbudowany <strong data-start=\"1682\" data-end=\"1701\">adapter X-Mount<\/strong> umo\u017cliwia szybkie i bezpieczne mocowanie telefonu do uchwyt\u00f3w Armor-X (rowerowych, relingowych, samochodowych \u2013 sprzedawanych osobno).<\/p>\n<p data-start=\"1838\" data-end=\"1932\">Etui wyposa\u017cono tak\u017ce w <strong data-start=\"1862\" data-end=\"1882\">system ActiveKEY<\/strong>, kt\u00f3ry zawiera <strong data-start=\"1898\" data-end=\"1931\">3 wymienne modu\u0142y narz\u0119dziowe<\/strong>:<\/p>\n<ul data-start=\"1933\" data-end=\"2008\">\n<li data-start=\"1933\" data-end=\"1955\">\n<p data-start=\"1935\" data-end=\"1955\">uchwyt magnetyczny<\/p>\n<\/li>\n<li data-start=\"1956\" data-end=\"1978\">\n<p data-start=\"1958\" data-end=\"1978\">wysuwacz karty SIM<\/p>\n<\/li>\n<li data-start=\"1979\" data-end=\"2008\">\n<p data-start=\"1981\" data-end=\"2008\">mini pojemnik narz\u0119dziowy<\/p>\n<\/li>\n<\/ul>\n<p data-start=\"2010\" data-end=\"2103\">To praktyczne rozwi\u0105zanie szczeg\u00f3lnie przydatne podczas <strong data-start=\"2066\" data-end=\"2102\">rejs\u00f3w, wypraw i pracy w terenie<\/strong>.<\/p>\n<hr data-start=\"2105\" data-end=\"2108\" \/>\n<h2 data-start=\"2110\" data-end=\"2146\">Bezpiecze\u0144stwo i kontrola w ruchu<\/h2>\n<ul data-start=\"2148\" data-end=\"2341\">\n<li data-start=\"2148\" data-end=\"2203\">\n<p data-start=\"2150\" data-end=\"2203\"><strong data-start=\"2150\" data-end=\"2176\">Innowacyjny grip strap<\/strong> \u2013 pewny chwyt jedn\u0105 r\u0119k\u0105<\/p>\n<\/li>\n<li data-start=\"2204\" data-end=\"2276\">\n<p data-start=\"2206\" data-end=\"2276\"><strong data-start=\"2206\" data-end=\"2239\">Uchwyt na pasek i karabi\u0144czyk<\/strong> \u2013 idealne do outdooru i \u017ceglarstwa<\/p>\n<\/li>\n<li data-start=\"2277\" data-end=\"2341\">\n<p data-start=\"2279\" data-end=\"2341\">Mo\u017cliwo\u015b\u0107 przypi\u0119cia telefonu do plecaka, pasa lub kamizelki<\/p>\n<\/li>\n<\/ul>\n<hr data-start=\"2343\" data-end=\"2346\" \/>\n<h2 data-start=\"2348\" data-end=\"2377\">Kompatybilno\u015b\u0107 i \u0142adowanie<\/h2>\n<p data-start=\"2379\" data-end=\"2534\">\u2714 Samsung Galaxy Note10+<br data-start=\"2403\" data-end=\"2406\" \/>\u2714 Obs\u0142uga \u0142adowania bezprzewodowego <em data-start=\"2442\" data-end=\"2464\">(z modu\u0142em SIM\/Tool)<\/em><br data-start=\"2464\" data-end=\"2467\" \/>\u26a0 Uchwyty X-Mount (rowerowe, klipsy, opaski) <strong data-start=\"2512\" data-end=\"2534\">sprzedawane osobno<\/strong><\/p>\n<hr data-start=\"2536\" data-end=\"2539\" \/>\n<h2 data-start=\"2541\" data-end=\"2555\">Idealne do:<\/h2>\n<ul data-start=\"2557\" data-end=\"2728\">\n<li data-start=\"2557\" data-end=\"2588\">\n<p data-start=\"2559\" data-end=\"2588\">\u0141odzi motorowych i jacht\u00f3w.<\/p>\n<\/li>\n<li data-start=\"2589\" data-end=\"2623\">\n<p data-start=\"2591\" data-end=\"2623\">\u017beglarstwa i turystyki wodnej.<\/p>\n<\/li>\n<li data-start=\"2624\" data-end=\"2661\">\n<p data-start=\"2626\" data-end=\"2661\">Sport\u00f3w ekstremalnych i outdooru.<\/p>\n<\/li>\n<li data-start=\"2662\" data-end=\"2695\">\n<p data-start=\"2664\" data-end=\"2695\">Pracy terenowej i serwisowej.<\/p>\n<\/li>\n<li data-start=\"2696\" data-end=\"2728\">\n<p data-start=\"2698\" data-end=\"2728\">Codziennego u\u017cytkowania EDC.<\/p>\n<\/li>\n<\/ul>","protected":false},"excerpt":{"rendered":"<p data-start=\"3243\" data-end=\"3364\">Pancerne etui Armor-X BX3-SS19-N10P do Samsung Galaxy Note10+ z X-Mount, ActiveKEY i karabi\u0144czykiem do marine i outdooru.<\/p>","protected":false},"featured_media":7998,"template":"","meta":{"_acf_changed":false},"product_brand":[],"product_cat":[1307,1308,1311],"product_tag":[1445,1316,1460,1438,1433,1462,1432,1431,1461,1437,1435,1434,1463],"class_list":{"0":"post-7995","1":"product","2":"type-product","3":"status-publish","4":"has-post-thumbnail","6":"product_cat-armor-x","7":"product_cat-etui","8":"product_cat-samsung","9":"product_tag-activekey","10":"product_tag-armor-x","11":"product_tag-bx3-ss19-n10p","12":"product_tag-etui-do-zeglarstwa","13":"product_tag-etui-marine","14":"product_tag-etui-note-10","15":"product_tag-etui-outdoor","16":"product_tag-etui-rugged","17":"product_tag-etui-samsung-note10-plus","18":"product_tag-etui-sportowe","19":"product_tag-etui-x-mount","20":"product_tag-etui-z-karabinczykiem","21":"product_tag-pancerne-etui-samsung","23":"first","24":"instock","25":"taxable","26":"shipping-taxable","27":"purchasable","28":"product-type-simple"},"acf":[],"yoast_head":"<!-- This site is optimized with the Yoast SEO plugin v25.2 - https:\/\/yoast.com\/wordpress\/plugins\/seo\/ -->\n<title>Etui pancerne Armor-X - Samsung Galaxy N10+ - Atana<\/title>\n<meta name=\"description\" content=\"Pancerne etui Armor-X BX3 do Samsung Galaxy Note10+ z X-Mount, ActiveKEY i karabi\u0144czykiem. Idealne na jacht i outdoor. Pasuje do uchwyt\u00f3w Armor-X typ K.\" \/>\n<meta name=\"robots\" content=\"index, follow, max-snippet:-1, max-image-preview:large, max-video-preview:-1\" \/>\n<link rel=\"canonical\" href=\"https:\/\/atana.pl\/en\/online-shop\/armor-x\/etui\/samsung\/etui-pancerne-armor-x-zamsung-note-10-plus\/\" \/>\n<meta property=\"og:locale\" content=\"en_GB\" \/>\n<meta property=\"og:type\" content=\"article\" \/>\n<meta property=\"og:title\" content=\"Etui pancerne Armor-X - Samsung Galaxy N10+ - Atana\" \/>\n<meta property=\"og:description\" content=\"Pancerne etui Armor-X BX3 do Samsung Galaxy Note10+ z X-Mount, ActiveKEY i karabi\u0144czykiem. Idealne na jacht i outdoor. Pasuje do uchwyt\u00f3w Armor-X typ K.\" \/>\n<meta property=\"og:url\" content=\"https:\/\/atana.pl\/en\/online-shop\/armor-x\/etui\/samsung\/etui-pancerne-armor-x-zamsung-note-10-plus\/\" \/>\n<meta property=\"og:site_name\" content=\"Atana\" \/>\n<meta property=\"article:publisher\" content=\"https:\/\/www.facebook.com\/atanayachts\" \/>\n<meta property=\"article:modified_time\" content=\"2026-01-16T15:15:48+00:00\" \/>\n<meta property=\"og:image\" content=\"https:\/\/atana.pl\/wp-content\/uploads\/1967\/01\/bx3-n10p-bk-samsung-galaxy-note-10-pro-plus-2019-armor-x-armorx-2-in-1-shockproof-rugged-case-cases-cover-with-belt-clip-and-carabiner_01.webp\" \/>\n\t<meta property=\"og:image:width\" content=\"1000\" \/>\n\t<meta property=\"og:image:height\" content=\"1000\" \/>\n\t<meta property=\"og:image:type\" content=\"image\/webp\" \/>\n<meta name=\"twitter:card\" content=\"summary_large_image\" \/>\n<meta name=\"twitter:label1\" content=\"Estimated reading time\" \/>\n\t<meta name=\"twitter:data1\" content=\"2 minutes\" \/>\n<script type=\"application\/ld+json\" class=\"yoast-schema-graph\">{\"@context\":\"https:\/\/schema.org\",\"@graph\":[{\"@type\":\"WebPage\",\"@id\":\"https:\/\/atana.pl\/sklep-on-line\/armor-x\/etui\/samsung\/etui-pancerne-armor-x-zamsung-note-10-plus\/\",\"url\":\"https:\/\/atana.pl\/sklep-on-line\/armor-x\/etui\/samsung\/etui-pancerne-armor-x-zamsung-note-10-plus\/\",\"name\":\"Etui pancerne Armor-X - Samsung Galaxy N10+ - Atana\",\"isPartOf\":{\"@id\":\"https:\/\/atana.pl\/#website\"},\"primaryImageOfPage\":{\"@id\":\"https:\/\/atana.pl\/sklep-on-line\/armor-x\/etui\/samsung\/etui-pancerne-armor-x-zamsung-note-10-plus\/#primaryimage\"},\"image\":{\"@id\":\"https:\/\/atana.pl\/sklep-on-line\/armor-x\/etui\/samsung\/etui-pancerne-armor-x-zamsung-note-10-plus\/#primaryimage\"},\"thumbnailUrl\":\"https:\/\/atana.pl\/wp-content\/uploads\/1967\/01\/bx3-n10p-bk-samsung-galaxy-note-10-pro-plus-2019-armor-x-armorx-2-in-1-shockproof-rugged-case-cases-cover-with-belt-clip-and-carabiner_01.webp\",\"datePublished\":\"2026-01-16T15:03:04+00:00\",\"dateModified\":\"2026-01-16T15:15:48+00:00\",\"description\":\"Pancerne etui Armor-X BX3 do Samsung Galaxy Note10+ z X-Mount, ActiveKEY i karabi\u0144czykiem. Idealne na jacht i outdoor. Pasuje do uchwyt\u00f3w Armor-X typ K.\",\"breadcrumb\":{\"@id\":\"https:\/\/atana.pl\/sklep-on-line\/armor-x\/etui\/samsung\/etui-pancerne-armor-x-zamsung-note-10-plus\/#breadcrumb\"},\"inLanguage\":\"en-GB\",\"potentialAction\":[{\"@type\":\"ReadAction\",\"target\":[\"https:\/\/atana.pl\/sklep-on-line\/armor-x\/etui\/samsung\/etui-pancerne-armor-x-zamsung-note-10-plus\/\"]}]},{\"@type\":\"ImageObject\",\"inLanguage\":\"en-GB\",\"@id\":\"https:\/\/atana.pl\/sklep-on-line\/armor-x\/etui\/samsung\/etui-pancerne-armor-x-zamsung-note-10-plus\/#primaryimage\",\"url\":\"https:\/\/atana.pl\/wp-content\/uploads\/1967\/01\/bx3-n10p-bk-samsung-galaxy-note-10-pro-plus-2019-armor-x-armorx-2-in-1-shockproof-rugged-case-cases-cover-with-belt-clip-and-carabiner_01.webp\",\"contentUrl\":\"https:\/\/atana.pl\/wp-content\/uploads\/1967\/01\/bx3-n10p-bk-samsung-galaxy-note-10-pro-plus-2019-armor-x-armorx-2-in-1-shockproof-rugged-case-cases-cover-with-belt-clip-and-carabiner_01.webp\",\"width\":1000,\"height\":1000,\"caption\":\"bx3 n10p bk samsung galaxy note 10 pro plus 2019 armor x armorx 2 in 1 shockproof rugged case cases cover with belt clip and carabiner 01\"},{\"@type\":\"BreadcrumbList\",\"@id\":\"https:\/\/atana.pl\/sklep-on-line\/armor-x\/etui\/samsung\/etui-pancerne-armor-x-zamsung-note-10-plus\/#breadcrumb\",\"itemListElement\":[{\"@type\":\"ListItem\",\"position\":1,\"name\":\"Strona g\u0142\u00f3wna\",\"item\":\"https:\/\/atana.pl\/\"},{\"@type\":\"ListItem\",\"position\":2,\"name\":\"Sklep on-line\",\"item\":\"https:\/\/atana.pl\/sklep-on-line\/\"},{\"@type\":\"ListItem\",\"position\":3,\"name\":\"Etui pancerne Armor-X &#8211; Samsung Galaxy N10+\"}]},{\"@type\":\"WebSite\",\"@id\":\"https:\/\/atana.pl\/#website\",\"url\":\"https:\/\/atana.pl\/\",\"name\":\"Atana\",\"description\":\"Akcesoria do \u0142odzi, kamper\u00f3w i przyczep. \u0141odzie motorowe\",\"publisher\":{\"@id\":\"https:\/\/atana.pl\/#organization\"},\"potentialAction\":[{\"@type\":\"SearchAction\",\"target\":{\"@type\":\"EntryPoint\",\"urlTemplate\":\"https:\/\/atana.pl\/?s={search_term_string}\"},\"query-input\":{\"@type\":\"PropertyValueSpecification\",\"valueRequired\":true,\"valueName\":\"search_term_string\"}}],\"inLanguage\":\"en-GB\"},{\"@type\":\"Organization\",\"@id\":\"https:\/\/atana.pl\/#organization\",\"name\":\"Atana\",\"url\":\"https:\/\/atana.pl\/\",\"logo\":{\"@type\":\"ImageObject\",\"inLanguage\":\"en-GB\",\"@id\":\"https:\/\/atana.pl\/#\/schema\/logo\/image\/\",\"url\":\"\",\"contentUrl\":\"\",\"caption\":\"Atana\"},\"image\":{\"@id\":\"https:\/\/atana.pl\/#\/schema\/logo\/image\/\"},\"sameAs\":[\"https:\/\/www.facebook.com\/atanayachts\",\"https:\/\/www.instagram.com\/atanaboats\/\",\"https:\/\/www.youtube.com\/channel\/UClMMmVqqx17in9QzgxK90Mw\"]}]}<\/script>\n<!-- \/ Yoast SEO plugin. -->","yoast_head_json":{"title":"Etui pancerne Armor-X - Samsung Galaxy N10+ - Atana","description":"Pancerne etui Armor-X BX3 do Samsung Galaxy Note10+ z X-Mount, ActiveKEY i karabi\u0144czykiem. Idealne na jacht i outdoor. Pasuje do uchwyt\u00f3w Armor-X typ K.","robots":{"index":"index","follow":"follow","max-snippet":"max-snippet:-1","max-image-preview":"max-image-preview:large","max-video-preview":"max-video-preview:-1"},"canonical":"https:\/\/atana.pl\/en\/online-shop\/armor-x\/etui\/samsung\/etui-pancerne-armor-x-zamsung-note-10-plus\/","og_locale":"en_GB","og_type":"article","og_title":"Etui pancerne Armor-X - Samsung Galaxy N10+ - Atana","og_description":"Pancerne etui Armor-X BX3 do Samsung Galaxy Note10+ z X-Mount, ActiveKEY i karabi\u0144czykiem. Idealne na jacht i outdoor. Pasuje do uchwyt\u00f3w Armor-X typ K.","og_url":"https:\/\/atana.pl\/en\/online-shop\/armor-x\/etui\/samsung\/etui-pancerne-armor-x-zamsung-note-10-plus\/","og_site_name":"Atana","article_publisher":"https:\/\/www.facebook.com\/atanayachts","article_modified_time":"2026-01-16T15:15:48+00:00","og_image":[{"width":1000,"height":1000,"url":"https:\/\/atana.pl\/wp-content\/uploads\/1967\/01\/bx3-n10p-bk-samsung-galaxy-note-10-pro-plus-2019-armor-x-armorx-2-in-1-shockproof-rugged-case-cases-cover-with-belt-clip-and-carabiner_01.webp","type":"image\/webp"}],"twitter_card":"summary_large_image","twitter_misc":{"Estimated reading time":"2 minutes"},"schema":{"@context":"https:\/\/schema.org","@graph":[{"@type":"WebPage","@id":"https:\/\/atana.pl\/sklep-on-line\/armor-x\/etui\/samsung\/etui-pancerne-armor-x-zamsung-note-10-plus\/","url":"https:\/\/atana.pl\/sklep-on-line\/armor-x\/etui\/samsung\/etui-pancerne-armor-x-zamsung-note-10-plus\/","name":"Etui pancerne Armor-X - Samsung Galaxy N10+ - Atana","isPartOf":{"@id":"https:\/\/atana.pl\/#website"},"primaryImageOfPage":{"@id":"https:\/\/atana.pl\/sklep-on-line\/armor-x\/etui\/samsung\/etui-pancerne-armor-x-zamsung-note-10-plus\/#primaryimage"},"image":{"@id":"https:\/\/atana.pl\/sklep-on-line\/armor-x\/etui\/samsung\/etui-pancerne-armor-x-zamsung-note-10-plus\/#primaryimage"},"thumbnailUrl":"https:\/\/atana.pl\/wp-content\/uploads\/1967\/01\/bx3-n10p-bk-samsung-galaxy-note-10-pro-plus-2019-armor-x-armorx-2-in-1-shockproof-rugged-case-cases-cover-with-belt-clip-and-carabiner_01.webp","datePublished":"2026-01-16T15:03:04+00:00","dateModified":"2026-01-16T15:15:48+00:00","description":"Pancerne etui Armor-X BX3 do Samsung Galaxy Note10+ z X-Mount, ActiveKEY i karabi\u0144czykiem. Idealne na jacht i outdoor. Pasuje do uchwyt\u00f3w Armor-X typ K.","breadcrumb":{"@id":"https:\/\/atana.pl\/sklep-on-line\/armor-x\/etui\/samsung\/etui-pancerne-armor-x-zamsung-note-10-plus\/#breadcrumb"},"inLanguage":"en-GB","potentialAction":[{"@type":"ReadAction","target":["https:\/\/atana.pl\/sklep-on-line\/armor-x\/etui\/samsung\/etui-pancerne-armor-x-zamsung-note-10-plus\/"]}]},{"@type":"ImageObject","inLanguage":"en-GB","@id":"https:\/\/atana.pl\/sklep-on-line\/armor-x\/etui\/samsung\/etui-pancerne-armor-x-zamsung-note-10-plus\/#primaryimage","url":"https:\/\/atana.pl\/wp-content\/uploads\/1967\/01\/bx3-n10p-bk-samsung-galaxy-note-10-pro-plus-2019-armor-x-armorx-2-in-1-shockproof-rugged-case-cases-cover-with-belt-clip-and-carabiner_01.webp","contentUrl":"https:\/\/atana.pl\/wp-content\/uploads\/1967\/01\/bx3-n10p-bk-samsung-galaxy-note-10-pro-plus-2019-armor-x-armorx-2-in-1-shockproof-rugged-case-cases-cover-with-belt-clip-and-carabiner_01.webp","width":1000,"height":1000,"caption":"bx3 n10p bk samsung galaxy note 10 pro plus 2019 armor x armorx 2 in 1 shockproof rugged case cases cover with belt clip and carabiner 01"},{"@type":"BreadcrumbList","@id":"https:\/\/atana.pl\/sklep-on-line\/armor-x\/etui\/samsung\/etui-pancerne-armor-x-zamsung-note-10-plus\/#breadcrumb","itemListElement":[{"@type":"ListItem","position":1,"name":"Strona g\u0142\u00f3wna","item":"https:\/\/atana.pl\/"},{"@type":"ListItem","position":2,"name":"Sklep on-line","item":"https:\/\/atana.pl\/sklep-on-line\/"},{"@type":"ListItem","position":3,"name":"Etui pancerne Armor-X &#8211; Samsung Galaxy N10+"}]},{"@type":"WebSite","@id":"https:\/\/atana.pl\/#website","url":"https:\/\/atana.pl\/","name":"Atana","description":"Akcesoria do \u0142odzi, kamper\u00f3w i przyczep. \u0141odzie motorowe","publisher":{"@id":"https:\/\/atana.pl\/#organization"},"potentialAction":[{"@type":"SearchAction","target":{"@type":"EntryPoint","urlTemplate":"https:\/\/atana.pl\/?s={search_term_string}"},"query-input":{"@type":"PropertyValueSpecification","valueRequired":true,"valueName":"search_term_string"}}],"inLanguage":"en-GB"},{"@type":"Organization","@id":"https:\/\/atana.pl\/#organization","name":"Atana","url":"https:\/\/atana.pl\/","logo":{"@type":"ImageObject","inLanguage":"en-GB","@id":"https:\/\/atana.pl\/#\/schema\/logo\/image\/","url":"","contentUrl":"","caption":"Atana"},"image":{"@id":"https:\/\/atana.pl\/#\/schema\/logo\/image\/"},"sameAs":["https:\/\/www.facebook.com\/atanayachts","https:\/\/www.instagram.com\/atanaboats\/","https:\/\/www.youtube.com\/channel\/UClMMmVqqx17in9QzgxK90Mw"]}]}},"_links":{"self":[{"href":"https:\/\/atana.pl\/en\/wp-json\/wp\/v2\/product\/7995","targetHints":{"allow":["GET"]}}],"collection":[{"href":"https:\/\/atana.pl\/en\/wp-json\/wp\/v2\/product"}],"about":[{"href":"https:\/\/atana.pl\/en\/wp-json\/wp\/v2\/types\/product"}],"wp:featuredmedia":[{"embeddable":true,"href":"https:\/\/atana.pl\/en\/wp-json\/wp\/v2\/media\/7998"}],"wp:attachment":[{"href":"https:\/\/atana.pl\/en\/wp-json\/wp\/v2\/media?parent=7995"}],"wp:term":[{"taxonomy":"product_brand","embeddable":true,"href":"https:\/\/atana.pl\/en\/wp-json\/wp\/v2\/product_brand?post=7995"},{"taxonomy":"product_cat","embeddable":true,"href":"https:\/\/atana.pl\/en\/wp-json\/wp\/v2\/product_cat?post=7995"},{"taxonomy":"product_tag","embeddable":true,"href":"https:\/\/atana.pl\/en\/wp-json\/wp\/v2\/product_tag?post=7995"}],"curies":[{"name":"wp","href":"https:\/\/api.w.org\/{rel}","templated":true}]}}