{"id":7982,"date":"2026-01-16T15:49:54","date_gmt":"2026-01-16T14:49:54","guid":{"rendered":"https:\/\/atana.pl\/?post_type=product&#038;p=7982"},"modified":"2026-01-16T15:59:53","modified_gmt":"2026-01-16T14:59:53","slug":"etui-wodoodporne-armor-x-tablet-samsung-galaxy-a-10-5","status":"publish","type":"product","link":"https:\/\/atana.pl\/en\/online-shop\/armor-x\/etui\/samsung\/etui-wodoodporne-armor-x-tablet-samsung-galaxy-a-10-5\/","title":{"rendered":"Etui wodoodporne Armor-X &#8211; Tablet Samsung Galaxy A 10.5"},"content":{"rendered":"<h1 data-start=\"238\" data-end=\"344\">\u2693 Armor-X MX-T590-BK \u2013 wodoodporne etui IP68 do Samsung Galaxy Tab A 10.5 (T590 \/ T595) z X-Mount TYPE-T<\/h1>\n<p data-start=\"364\" data-end=\"689\"><strong data-start=\"364\" data-end=\"386\">Armor-X MX-T590-BK<\/strong> to <strong data-start=\"390\" data-end=\"434\">profesjonalne, pancerne etui typu rugged<\/strong> zaprojektowane do <strong data-start=\"453\" data-end=\"510\">Samsung Galaxy Tab A 10.5 (2018) \u2013 modele T590 i T595<\/strong>. Etui spe\u0142nia norm\u0119 <strong data-start=\"531\" data-end=\"539\">IP68<\/strong> oraz wojskowy standard odporno\u015bci <strong data-start=\"574\" data-end=\"591\">MIL-STD-810Gs<\/strong>, dzi\u0119ki czemu doskonale sprawdza si\u0119 w <strong data-start=\"631\" data-end=\"688\">warunkach marine, outdoor, przemys\u0142owych i medycznych<\/strong>.<\/p>\n<p data-start=\"691\" data-end=\"754\">To rozwi\u0105zanie przeznaczone do pracy w \u015brodowiskach takich jak:<\/p>\n<ul data-start=\"755\" data-end=\"948\">\n<li data-start=\"755\" data-end=\"776\">\n<p data-start=\"757\" data-end=\"776\"><strong data-start=\"757\" data-end=\"776\">\u0142odzie i jachty<\/strong><\/p>\n<\/li>\n<li data-start=\"777\" data-end=\"798\">\n<p data-start=\"779\" data-end=\"798\"><strong data-start=\"779\" data-end=\"798\">turystyka wodna<\/strong><\/p>\n<\/li>\n<li data-start=\"799\" data-end=\"832\">\n<p data-start=\"801\" data-end=\"832\"><strong data-start=\"801\" data-end=\"832\">magazyny i hale produkcyjne<\/strong><\/p>\n<\/li>\n<li data-start=\"833\" data-end=\"861\">\n<p data-start=\"835\" data-end=\"861\"><strong data-start=\"835\" data-end=\"861\">budownictwo i przemys\u0142<\/strong><\/p>\n<\/li>\n<li data-start=\"862\" data-end=\"906\">\n<p data-start=\"864\" data-end=\"906\"><strong data-start=\"864\" data-end=\"906\">gastronomia, restauracje i food trucki<\/strong><\/p>\n<\/li>\n<li data-start=\"907\" data-end=\"948\">\n<p data-start=\"909\" data-end=\"948\"><strong data-start=\"909\" data-end=\"948\">medycyna i plac\u00f3wki ochrony zdrowia<\/strong><\/p>\n<\/li>\n<\/ul>\n<hr data-start=\"950\" data-end=\"953\" \/>\n<h2 data-start=\"955\" data-end=\"991\">Ochrona IP68 i standard militarny<\/h2>\n<p data-start=\"993\" data-end=\"1007\">Etui zapewnia:<\/p>\n<ul data-start=\"1008\" data-end=\"1198\">\n<li data-start=\"1008\" data-end=\"1075\">\n<p data-start=\"1010\" data-end=\"1075\"><strong data-start=\"1010\" data-end=\"1032\">wodoodporno\u015b\u0107 IP68<\/strong> \u2013 zanurzenie do <strong data-start=\"1049\" data-end=\"1073\">1,5 m przez 60 minut<\/strong><\/p>\n<\/li>\n<li data-start=\"1076\" data-end=\"1127\">\n<p data-start=\"1078\" data-end=\"1127\"><strong data-start=\"1078\" data-end=\"1109\">odporno\u015b\u0107 na upadki z 1,2 m<\/strong> (MIL-STD-810Gs)<\/p>\n<\/li>\n<li data-start=\"1128\" data-end=\"1198\">\n<p data-start=\"1130\" data-end=\"1198\">pe\u0142n\u0105 ochron\u0119 przed <strong data-start=\"1150\" data-end=\"1196\">kurzem, piaskiem, b\u0142otem, \u015bniegiem i lodem<\/strong><\/p>\n<\/li>\n<\/ul>\n<p data-start=\"1200\" data-end=\"1317\">Zintegrowana, <strong data-start=\"1214\" data-end=\"1252\">krystalicznie czysta os\u0142ona ekranu<\/strong> umo\u017cliwia obs\u0142ug\u0119 tabletu nawet w <strong data-start=\"1287\" data-end=\"1316\">r\u0119kawicach chirurgicznych<\/strong>.<\/p>\n<hr data-start=\"1319\" data-end=\"1322\" \/>\n<h2 data-start=\"1324\" data-end=\"1364\">Konstrukcja rugged do pracy i na wod\u0119<\/h2>\n<ul data-start=\"1366\" data-end=\"1594\">\n<li data-start=\"1366\" data-end=\"1407\">\n<p data-start=\"1368\" data-end=\"1407\">Pe\u0142na ochrona <strong data-start=\"1382\" data-end=\"1407\">kraw\u0119dzi i naro\u017cnik\u00f3w<\/strong><\/p>\n<\/li>\n<li data-start=\"1408\" data-end=\"1452\">\n<p data-start=\"1410\" data-end=\"1452\">Podniesione ranty chroni\u0105ce ekran i aparat<\/p>\n<\/li>\n<li data-start=\"1453\" data-end=\"1488\">\n<p data-start=\"1455\" data-end=\"1488\">Precyzyjne dopasowanie do tabletu<\/p>\n<\/li>\n<li data-start=\"1489\" data-end=\"1536\">\n<p data-start=\"1491\" data-end=\"1536\">Dok\u0142adne wyci\u0119cia i <strong data-start=\"1511\" data-end=\"1536\">responsywne przyciski<\/strong><\/p>\n<\/li>\n<li data-start=\"1537\" data-end=\"1594\">\n<p data-start=\"1539\" data-end=\"1594\">Ergonomiczna, solidna forma do intensywnego u\u017cytkowania<\/p>\n<\/li>\n<\/ul>\n<p data-start=\"1596\" data-end=\"1667\">Etui zosta\u0142o zaprojektowane do d\u0142ugotrwa\u0142ej pracy w trudnych warunkach.<\/p>\n<hr data-start=\"1669\" data-end=\"1672\" \/>\n<h2 data-start=\"1674\" data-end=\"1711\">Zintegrowany system X-Mount TYPE-T<\/h2>\n<p data-start=\"1713\" data-end=\"1834\">Wbudowany <strong data-start=\"1723\" data-end=\"1749\">adapter X-Mount TYPE-T<\/strong> umo\u017cliwia szybkie i bezpieczne mocowanie tabletu do szerokiej gamy uchwyt\u00f3w Armor-X:<\/p>\n<ul data-start=\"1835\" data-end=\"1944\">\n<li data-start=\"1835\" data-end=\"1865\">\n<p data-start=\"1837\" data-end=\"1865\">uchwyty do \u0142odzi i jacht\u00f3w<\/p>\n<\/li>\n<li data-start=\"1866\" data-end=\"1887\">\n<p data-start=\"1868\" data-end=\"1887\">uchwyty pojazdowe<\/p>\n<\/li>\n<li data-start=\"1888\" data-end=\"1921\">\n<p data-start=\"1890\" data-end=\"1921\">uchwyty przemys\u0142owe i robocze<\/p>\n<\/li>\n<li data-start=\"1922\" data-end=\"1944\">\n<p data-start=\"1924\" data-end=\"1944\">uchwyty outdoorowe<\/p>\n<\/li>\n<\/ul>\n<p data-start=\"1946\" data-end=\"1985\">Dzi\u0119ki temu tablet mo\u017ce pe\u0142ni\u0107 funkcj\u0119:<\/p>\n<ul data-start=\"1986\" data-end=\"2081\">\n<li data-start=\"1986\" data-end=\"2013\">\n<p data-start=\"1988\" data-end=\"2013\"><strong data-start=\"1988\" data-end=\"2013\">plotera nawigacyjnego<\/strong><\/p>\n<\/li>\n<li data-start=\"2014\" data-end=\"2039\">\n<p data-start=\"2016\" data-end=\"2039\"><strong data-start=\"2016\" data-end=\"2039\">terminala roboczego<\/strong><\/p>\n<\/li>\n<li data-start=\"2040\" data-end=\"2063\">\n<p data-start=\"2042\" data-end=\"2063\"><strong data-start=\"2042\" data-end=\"2063\">ekranu sterowania<\/strong><\/p>\n<\/li>\n<li data-start=\"2064\" data-end=\"2081\">\n<p data-start=\"2066\" data-end=\"2081\"><strong data-start=\"2066\" data-end=\"2081\">systemu POS<\/strong><\/p>\n<\/li>\n<\/ul>\n<hr data-start=\"2083\" data-end=\"2086\" \/>\n<h2 data-start=\"2088\" data-end=\"2131\">Pasek na r\u0119k\u0119, podstawka i opcje zestawu<\/h2>\n<p data-start=\"2133\" data-end=\"2156\">Etui wyposa\u017cone jest w:<\/p>\n<ul data-start=\"2157\" data-end=\"2302\">\n<li data-start=\"2157\" data-end=\"2229\">\n<p data-start=\"2159\" data-end=\"2229\"><strong data-start=\"2159\" data-end=\"2200\">regulowany pasek na r\u0119k\u0119 (hand strap)<\/strong> \u2013 wolne r\u0119ce podczas pracy<\/p>\n<\/li>\n<li data-start=\"2230\" data-end=\"2302\">\n<p data-start=\"2232\" data-end=\"2302\"><strong data-start=\"2232\" data-end=\"2270\">zintegrowan\u0105 podstawk\u0119 (kickstand)<\/strong> \u2013 wygodna praca i prezentacja<\/p>\n<\/li>\n<\/ul>\n<p data-start=\"2304\" data-end=\"2322\">Dost\u0119pne warianty:<\/p>\n<ul data-start=\"2323\" data-end=\"2500\">\n<li data-start=\"2323\" data-end=\"2354\">\n<p data-start=\"2325\" data-end=\"2354\"><strong data-start=\"2325\" data-end=\"2354\">Basic Version \/ Case Only<\/strong><\/p>\n<\/li>\n<li data-start=\"2355\" data-end=\"2399\">\n<p data-start=\"2357\" data-end=\"2399\"><strong data-start=\"2357\" data-end=\"2399\">Security Lock Hole Version \/ Case Only<\/strong><\/p>\n<\/li>\n<li data-start=\"2400\" data-end=\"2443\">\n<p data-start=\"2402\" data-end=\"2443\"><strong data-start=\"2402\" data-end=\"2443\">Basic Version \/ Case + Shoulder Strap<\/strong><\/p>\n<\/li>\n<li data-start=\"2444\" data-end=\"2500\">\n<p data-start=\"2446\" data-end=\"2500\"><strong data-start=\"2446\" data-end=\"2500\">Security Lock Hole Version \/ Case + Shoulder Strap<\/strong><\/p>\n<\/li>\n<\/ul>\n<hr data-start=\"2502\" data-end=\"2505\" \/>\n<h2 data-start=\"2507\" data-end=\"2543\">Odporno\u015b\u0107 chemiczna i dezynfekcja<\/h2>\n<p data-start=\"2545\" data-end=\"2633\">Etui charakteryzuje si\u0119 <strong data-start=\"2569\" data-end=\"2601\">wysok\u0105 odporno\u015bci\u0105 chemiczn\u0105<\/strong> na \u015brodki dezynfekuj\u0105ce, w tym:<\/p>\n<ul data-start=\"2634\" data-end=\"2727\">\n<li data-start=\"2634\" data-end=\"2644\">\n<p data-start=\"2636\" data-end=\"2644\">propanol<\/p>\n<\/li>\n<li data-start=\"2645\" data-end=\"2653\">\n<p data-start=\"2647\" data-end=\"2653\">etanol<\/p>\n<\/li>\n<li data-start=\"2654\" data-end=\"2676\">\n<p data-start=\"2656\" data-end=\"2676\">chlorek benzalkonium<\/p>\n<\/li>\n<li data-start=\"2677\" data-end=\"2705\">\n<p data-start=\"2679\" data-end=\"2705\">siarczan etylu mecetronium<\/p>\n<\/li>\n<li data-start=\"2706\" data-end=\"2727\">\n<p data-start=\"2708\" data-end=\"2727\">kwas undecylenowy<\/p>\n<\/li>\n<\/ul>\n<p data-start=\"2729\" data-end=\"2803\">Mo\u017cliwe czyszczenie m.in. <strong data-start=\"2755\" data-end=\"2802\">Super Sani-Cloth Germicidal Disposable Wipe<\/strong>.<\/p>\n<hr data-start=\"2805\" data-end=\"2808\" \/>\n<h2 data-start=\"2810\" data-end=\"2828\">Dane techniczne<\/h2>\n<ul data-start=\"2830\" data-end=\"3086\">\n<li data-start=\"2830\" data-end=\"2898\">\n<p data-start=\"2832\" data-end=\"2898\">Kompatybilno\u015b\u0107: <strong data-start=\"2848\" data-end=\"2898\">Samsung Galaxy Tab A 10.5 (2018) \u2013 T590 \/ T595<\/strong><\/p>\n<\/li>\n<li data-start=\"2899\" data-end=\"2916\">\n<p data-start=\"2901\" data-end=\"2916\">Norma: <strong data-start=\"2908\" data-end=\"2916\">IP68<\/strong><\/p>\n<\/li>\n<li data-start=\"2917\" data-end=\"2965\">\n<p data-start=\"2919\" data-end=\"2965\">Odporno\u015b\u0107 na upadki: <strong data-start=\"2940\" data-end=\"2965\">1,2 m (MIL-STD-810Gs)<\/strong><\/p>\n<\/li>\n<li data-start=\"2966\" data-end=\"2998\">\n<p data-start=\"2968\" data-end=\"2998\">Dimensions: <strong data-start=\"2977\" data-end=\"2998\">274 \u00d7 175 \u00d7 25 mm<\/strong><\/p>\n<\/li>\n<li data-start=\"2999\" data-end=\"3016\">\n<p data-start=\"3001\" data-end=\"3016\">Weight: <strong data-start=\"3007\" data-end=\"3016\">317 g<\/strong><\/p>\n<\/li>\n<li data-start=\"3017\" data-end=\"3058\">\n<p data-start=\"3019\" data-end=\"3058\">Interfejs monta\u017cowy: <strong data-start=\"3040\" data-end=\"3058\">X-Mount TYPE-T<\/strong><\/p>\n<\/li>\n<li data-start=\"3059\" data-end=\"3086\">\n<p data-start=\"3061\" data-end=\"3086\">Obs\u0142uga Touch ID: <strong data-start=\"3079\" data-end=\"3086\">NIE<\/strong><\/p>\n<\/li>\n<\/ul>\n<hr data-start=\"3088\" data-end=\"3091\" \/>\n<h2 data-start=\"3093\" data-end=\"3107\">Idealne do:<\/h2>\n<ul data-start=\"3109\" data-end=\"3317\">\n<li data-start=\"3109\" data-end=\"3140\">\n<p data-start=\"3111\" data-end=\"3140\">\u0141odzi motorowych i jacht\u00f3w.<\/p>\n<\/li>\n<li data-start=\"3141\" data-end=\"3175\">\n<p data-start=\"3143\" data-end=\"3175\">Nawigacji morskiej i ploter\u00f3w.<\/p>\n<\/li>\n<li data-start=\"3176\" data-end=\"3208\">\n<p data-start=\"3178\" data-end=\"3208\">Turystyki wodnej i outdooru.<\/p>\n<\/li>\n<li data-start=\"3209\" data-end=\"3248\">\n<p data-start=\"3211\" data-end=\"3248\">Przemys\u0142u, magazyn\u00f3w i budownictwa.<\/p>\n<\/li>\n<li data-start=\"3249\" data-end=\"3280\">\n<p data-start=\"3251\" data-end=\"3280\">Gastronomii i system\u00f3w POS.<\/p>\n<\/li>\n<li data-start=\"3281\" data-end=\"3317\">\n<p data-start=\"3283\" data-end=\"3317\">Medycyny i \u015brodowisk sterylnych.<\/p>\n<\/li>\n<\/ul>","protected":false},"excerpt":{"rendered":"<p>Wodoodporne etui Armor-X MX-T590-BK IP68 do Samsung Galaxy Tab A 10.5 (T590\/T595) z X-Mount TYPE-T, paskiem i podstawk\u0105.<\/p>","protected":false},"featured_media":7985,"template":"","meta":{"_acf_changed":false},"product_brand":[],"product_cat":[1307,1308,1311],"product_tag":[1316,1453,1456,1458,1457,1455,1450,1451,1452,1454,1459,1449],"class_list":{"0":"post-7982","1":"product","2":"type-product","3":"status-publish","4":"has-post-thumbnail","6":"product_cat-armor-x","7":"product_cat-etui","8":"product_cat-samsung","9":"product_tag-armor-x","10":"product_tag-etui-ip68-tablet","11":"product_tag-etui-marine-tablet","12":"product_tag-etui-pos-tablet","13":"product_tag-etui-przemyslowe-tablet","14":"product_tag-etui-rugged-tablet","15":"product_tag-etui-samsung-tab-a-10-5","16":"product_tag-etui-t590","17":"product_tag-etui-t595","18":"product_tag-etui-wodoodporne-tablet","19":"product_tag-etui-x-mount-type-t","20":"product_tag-mx-t590-bk","22":"first","23":"instock","24":"taxable","25":"shipping-taxable","26":"purchasable","27":"product-type-simple"},"acf":[],"yoast_head":"<!-- This site is optimized with the Yoast SEO plugin v25.2 - https:\/\/yoast.com\/wordpress\/plugins\/seo\/ -->\n<title>Etui wodoodporne Armor-X - Tablet Samsung Galaxy A 10.5 - Atana<\/title>\n<meta name=\"description\" content=\"Wodoodporne etui Armor-X MX-T590-BK IP68 do Samsung Galaxy Tab A 10.5 z X-Mount TYPE-T do marine i przemys\u0142u. Kompatybilne z uchwytami do tablet\u00f3w Armor-X.\" \/>\n<meta name=\"robots\" content=\"index, follow, max-snippet:-1, max-image-preview:large, max-video-preview:-1\" \/>\n<link rel=\"canonical\" href=\"https:\/\/atana.pl\/en\/online-shop\/armor-x\/etui\/samsung\/etui-wodoodporne-armor-x-tablet-samsung-galaxy-a-10-5\/\" \/>\n<meta property=\"og:locale\" content=\"en_GB\" \/>\n<meta property=\"og:type\" content=\"article\" \/>\n<meta property=\"og:title\" content=\"Etui wodoodporne Armor-X - Tablet Samsung Galaxy A 10.5 - Atana\" \/>\n<meta property=\"og:description\" content=\"Wodoodporne etui Armor-X MX-T590-BK IP68 do Samsung Galaxy Tab A 10.5 z X-Mount TYPE-T do marine i przemys\u0142u. Kompatybilne z uchwytami do tablet\u00f3w Armor-X.\" \/>\n<meta property=\"og:url\" content=\"https:\/\/atana.pl\/en\/online-shop\/armor-x\/etui\/samsung\/etui-wodoodporne-armor-x-tablet-samsung-galaxy-a-10-5\/\" \/>\n<meta property=\"og:site_name\" content=\"Atana\" \/>\n<meta property=\"article:publisher\" content=\"https:\/\/www.facebook.com\/atanayachts\" \/>\n<meta property=\"article:modified_time\" content=\"2026-01-16T14:59:53+00:00\" \/>\n<meta property=\"og:image\" content=\"https:\/\/atana.pl\/wp-content\/uploads\/1967\/01\/Samsung-Galaxy-TabA-105.png\" \/>\n\t<meta property=\"og:image:width\" content=\"668\" \/>\n\t<meta property=\"og:image:height\" content=\"668\" \/>\n\t<meta property=\"og:image:type\" content=\"image\/png\" \/>\n<meta name=\"twitter:card\" content=\"summary_large_image\" \/>\n<meta name=\"twitter:label1\" content=\"Estimated reading time\" \/>\n\t<meta name=\"twitter:data1\" content=\"2 minutes\" \/>\n<script type=\"application\/ld+json\" class=\"yoast-schema-graph\">{\"@context\":\"https:\/\/schema.org\",\"@graph\":[{\"@type\":\"WebPage\",\"@id\":\"https:\/\/atana.pl\/sklep-on-line\/armor-x\/etui\/samsung\/etui-wodoodporne-armor-x-tablet-samsung-galaxy-a-10-5\/\",\"url\":\"https:\/\/atana.pl\/sklep-on-line\/armor-x\/etui\/samsung\/etui-wodoodporne-armor-x-tablet-samsung-galaxy-a-10-5\/\",\"name\":\"Etui wodoodporne Armor-X - Tablet Samsung Galaxy A 10.5 - Atana\",\"isPartOf\":{\"@id\":\"https:\/\/atana.pl\/#website\"},\"primaryImageOfPage\":{\"@id\":\"https:\/\/atana.pl\/sklep-on-line\/armor-x\/etui\/samsung\/etui-wodoodporne-armor-x-tablet-samsung-galaxy-a-10-5\/#primaryimage\"},\"image\":{\"@id\":\"https:\/\/atana.pl\/sklep-on-line\/armor-x\/etui\/samsung\/etui-wodoodporne-armor-x-tablet-samsung-galaxy-a-10-5\/#primaryimage\"},\"thumbnailUrl\":\"https:\/\/atana.pl\/wp-content\/uploads\/1967\/01\/Samsung-Galaxy-TabA-105.png\",\"datePublished\":\"2026-01-16T14:49:54+00:00\",\"dateModified\":\"2026-01-16T14:59:53+00:00\",\"description\":\"Wodoodporne etui Armor-X MX-T590-BK IP68 do Samsung Galaxy Tab A 10.5 z X-Mount TYPE-T do marine i przemys\u0142u. Kompatybilne z uchwytami do tablet\u00f3w Armor-X.\",\"breadcrumb\":{\"@id\":\"https:\/\/atana.pl\/sklep-on-line\/armor-x\/etui\/samsung\/etui-wodoodporne-armor-x-tablet-samsung-galaxy-a-10-5\/#breadcrumb\"},\"inLanguage\":\"en-GB\",\"potentialAction\":[{\"@type\":\"ReadAction\",\"target\":[\"https:\/\/atana.pl\/sklep-on-line\/armor-x\/etui\/samsung\/etui-wodoodporne-armor-x-tablet-samsung-galaxy-a-10-5\/\"]}]},{\"@type\":\"ImageObject\",\"inLanguage\":\"en-GB\",\"@id\":\"https:\/\/atana.pl\/sklep-on-line\/armor-x\/etui\/samsung\/etui-wodoodporne-armor-x-tablet-samsung-galaxy-a-10-5\/#primaryimage\",\"url\":\"https:\/\/atana.pl\/wp-content\/uploads\/1967\/01\/Samsung-Galaxy-TabA-105.png\",\"contentUrl\":\"https:\/\/atana.pl\/wp-content\/uploads\/1967\/01\/Samsung-Galaxy-TabA-105.png\",\"width\":668,\"height\":668,\"caption\":\"Samsung Galaxy TabA 10,5\"},{\"@type\":\"BreadcrumbList\",\"@id\":\"https:\/\/atana.pl\/sklep-on-line\/armor-x\/etui\/samsung\/etui-wodoodporne-armor-x-tablet-samsung-galaxy-a-10-5\/#breadcrumb\",\"itemListElement\":[{\"@type\":\"ListItem\",\"position\":1,\"name\":\"Strona g\u0142\u00f3wna\",\"item\":\"https:\/\/atana.pl\/\"},{\"@type\":\"ListItem\",\"position\":2,\"name\":\"Sklep on-line\",\"item\":\"https:\/\/atana.pl\/sklep-on-line\/\"},{\"@type\":\"ListItem\",\"position\":3,\"name\":\"Etui wodoodporne Armor-X &#8211; Tablet Samsung Galaxy A 10.5\"}]},{\"@type\":\"WebSite\",\"@id\":\"https:\/\/atana.pl\/#website\",\"url\":\"https:\/\/atana.pl\/\",\"name\":\"Atana\",\"description\":\"Akcesoria do \u0142odzi, kamper\u00f3w i przyczep. \u0141odzie motorowe\",\"publisher\":{\"@id\":\"https:\/\/atana.pl\/#organization\"},\"potentialAction\":[{\"@type\":\"SearchAction\",\"target\":{\"@type\":\"EntryPoint\",\"urlTemplate\":\"https:\/\/atana.pl\/?s={search_term_string}\"},\"query-input\":{\"@type\":\"PropertyValueSpecification\",\"valueRequired\":true,\"valueName\":\"search_term_string\"}}],\"inLanguage\":\"en-GB\"},{\"@type\":\"Organization\",\"@id\":\"https:\/\/atana.pl\/#organization\",\"name\":\"Atana\",\"url\":\"https:\/\/atana.pl\/\",\"logo\":{\"@type\":\"ImageObject\",\"inLanguage\":\"en-GB\",\"@id\":\"https:\/\/atana.pl\/#\/schema\/logo\/image\/\",\"url\":\"\",\"contentUrl\":\"\",\"caption\":\"Atana\"},\"image\":{\"@id\":\"https:\/\/atana.pl\/#\/schema\/logo\/image\/\"},\"sameAs\":[\"https:\/\/www.facebook.com\/atanayachts\",\"https:\/\/www.instagram.com\/atanaboats\/\",\"https:\/\/www.youtube.com\/channel\/UClMMmVqqx17in9QzgxK90Mw\"]}]}<\/script>\n<!-- \/ Yoast SEO plugin. -->","yoast_head_json":{"title":"Etui wodoodporne Armor-X - Tablet Samsung Galaxy A 10.5 - Atana","description":"Wodoodporne etui Armor-X MX-T590-BK IP68 do Samsung Galaxy Tab A 10.5 z X-Mount TYPE-T do marine i przemys\u0142u. Kompatybilne z uchwytami do tablet\u00f3w Armor-X.","robots":{"index":"index","follow":"follow","max-snippet":"max-snippet:-1","max-image-preview":"max-image-preview:large","max-video-preview":"max-video-preview:-1"},"canonical":"https:\/\/atana.pl\/en\/online-shop\/armor-x\/etui\/samsung\/etui-wodoodporne-armor-x-tablet-samsung-galaxy-a-10-5\/","og_locale":"en_GB","og_type":"article","og_title":"Etui wodoodporne Armor-X - Tablet Samsung Galaxy A 10.5 - Atana","og_description":"Wodoodporne etui Armor-X MX-T590-BK IP68 do Samsung Galaxy Tab A 10.5 z X-Mount TYPE-T do marine i przemys\u0142u. Kompatybilne z uchwytami do tablet\u00f3w Armor-X.","og_url":"https:\/\/atana.pl\/en\/online-shop\/armor-x\/etui\/samsung\/etui-wodoodporne-armor-x-tablet-samsung-galaxy-a-10-5\/","og_site_name":"Atana","article_publisher":"https:\/\/www.facebook.com\/atanayachts","article_modified_time":"2026-01-16T14:59:53+00:00","og_image":[{"width":668,"height":668,"url":"https:\/\/atana.pl\/wp-content\/uploads\/1967\/01\/Samsung-Galaxy-TabA-105.png","type":"image\/png"}],"twitter_card":"summary_large_image","twitter_misc":{"Estimated reading time":"2 minutes"},"schema":{"@context":"https:\/\/schema.org","@graph":[{"@type":"WebPage","@id":"https:\/\/atana.pl\/sklep-on-line\/armor-x\/etui\/samsung\/etui-wodoodporne-armor-x-tablet-samsung-galaxy-a-10-5\/","url":"https:\/\/atana.pl\/sklep-on-line\/armor-x\/etui\/samsung\/etui-wodoodporne-armor-x-tablet-samsung-galaxy-a-10-5\/","name":"Etui wodoodporne Armor-X - Tablet Samsung Galaxy A 10.5 - Atana","isPartOf":{"@id":"https:\/\/atana.pl\/#website"},"primaryImageOfPage":{"@id":"https:\/\/atana.pl\/sklep-on-line\/armor-x\/etui\/samsung\/etui-wodoodporne-armor-x-tablet-samsung-galaxy-a-10-5\/#primaryimage"},"image":{"@id":"https:\/\/atana.pl\/sklep-on-line\/armor-x\/etui\/samsung\/etui-wodoodporne-armor-x-tablet-samsung-galaxy-a-10-5\/#primaryimage"},"thumbnailUrl":"https:\/\/atana.pl\/wp-content\/uploads\/1967\/01\/Samsung-Galaxy-TabA-105.png","datePublished":"2026-01-16T14:49:54+00:00","dateModified":"2026-01-16T14:59:53+00:00","description":"Wodoodporne etui Armor-X MX-T590-BK IP68 do Samsung Galaxy Tab A 10.5 z X-Mount TYPE-T do marine i przemys\u0142u. Kompatybilne z uchwytami do tablet\u00f3w Armor-X.","breadcrumb":{"@id":"https:\/\/atana.pl\/sklep-on-line\/armor-x\/etui\/samsung\/etui-wodoodporne-armor-x-tablet-samsung-galaxy-a-10-5\/#breadcrumb"},"inLanguage":"en-GB","potentialAction":[{"@type":"ReadAction","target":["https:\/\/atana.pl\/sklep-on-line\/armor-x\/etui\/samsung\/etui-wodoodporne-armor-x-tablet-samsung-galaxy-a-10-5\/"]}]},{"@type":"ImageObject","inLanguage":"en-GB","@id":"https:\/\/atana.pl\/sklep-on-line\/armor-x\/etui\/samsung\/etui-wodoodporne-armor-x-tablet-samsung-galaxy-a-10-5\/#primaryimage","url":"https:\/\/atana.pl\/wp-content\/uploads\/1967\/01\/Samsung-Galaxy-TabA-105.png","contentUrl":"https:\/\/atana.pl\/wp-content\/uploads\/1967\/01\/Samsung-Galaxy-TabA-105.png","width":668,"height":668,"caption":"Samsung Galaxy TabA 10,5"},{"@type":"BreadcrumbList","@id":"https:\/\/atana.pl\/sklep-on-line\/armor-x\/etui\/samsung\/etui-wodoodporne-armor-x-tablet-samsung-galaxy-a-10-5\/#breadcrumb","itemListElement":[{"@type":"ListItem","position":1,"name":"Strona g\u0142\u00f3wna","item":"https:\/\/atana.pl\/"},{"@type":"ListItem","position":2,"name":"Sklep on-line","item":"https:\/\/atana.pl\/sklep-on-line\/"},{"@type":"ListItem","position":3,"name":"Etui wodoodporne Armor-X &#8211; Tablet Samsung Galaxy A 10.5"}]},{"@type":"WebSite","@id":"https:\/\/atana.pl\/#website","url":"https:\/\/atana.pl\/","name":"Atana","description":"Akcesoria do \u0142odzi, kamper\u00f3w i przyczep. \u0141odzie motorowe","publisher":{"@id":"https:\/\/atana.pl\/#organization"},"potentialAction":[{"@type":"SearchAction","target":{"@type":"EntryPoint","urlTemplate":"https:\/\/atana.pl\/?s={search_term_string}"},"query-input":{"@type":"PropertyValueSpecification","valueRequired":true,"valueName":"search_term_string"}}],"inLanguage":"en-GB"},{"@type":"Organization","@id":"https:\/\/atana.pl\/#organization","name":"Atana","url":"https:\/\/atana.pl\/","logo":{"@type":"ImageObject","inLanguage":"en-GB","@id":"https:\/\/atana.pl\/#\/schema\/logo\/image\/","url":"","contentUrl":"","caption":"Atana"},"image":{"@id":"https:\/\/atana.pl\/#\/schema\/logo\/image\/"},"sameAs":["https:\/\/www.facebook.com\/atanayachts","https:\/\/www.instagram.com\/atanaboats\/","https:\/\/www.youtube.com\/channel\/UClMMmVqqx17in9QzgxK90Mw"]}]}},"_links":{"self":[{"href":"https:\/\/atana.pl\/en\/wp-json\/wp\/v2\/product\/7982","targetHints":{"allow":["GET"]}}],"collection":[{"href":"https:\/\/atana.pl\/en\/wp-json\/wp\/v2\/product"}],"about":[{"href":"https:\/\/atana.pl\/en\/wp-json\/wp\/v2\/types\/product"}],"wp:featuredmedia":[{"embeddable":true,"href":"https:\/\/atana.pl\/en\/wp-json\/wp\/v2\/media\/7985"}],"wp:attachment":[{"href":"https:\/\/atana.pl\/en\/wp-json\/wp\/v2\/media?parent=7982"}],"wp:term":[{"taxonomy":"product_brand","embeddable":true,"href":"https:\/\/atana.pl\/en\/wp-json\/wp\/v2\/product_brand?post=7982"},{"taxonomy":"product_cat","embeddable":true,"href":"https:\/\/atana.pl\/en\/wp-json\/wp\/v2\/product_cat?post=7982"},{"taxonomy":"product_tag","embeddable":true,"href":"https:\/\/atana.pl\/en\/wp-json\/wp\/v2\/product_tag?post=7982"}],"curies":[{"name":"wp","href":"https:\/\/api.w.org\/{rel}","templated":true}]}}