{"id":7962,"date":"2026-01-16T12:59:16","date_gmt":"2026-01-16T11:59:16","guid":{"rendered":"https:\/\/atana.pl\/?post_type=product&#038;p=7962"},"modified":"2026-01-20T16:43:39","modified_gmt":"2026-01-20T15:43:39","slug":"etui-pancerne-armor-x-huawei-p30","status":"publish","type":"product","link":"https:\/\/atana.pl\/en\/online-shop\/armor-x\/etui\/huawei\/etui-pancerne-armor-x-huawei-p30\/","title":{"rendered":"Etui pancerne Armor-X &#8211; Huawei P30"},"content":{"rendered":"<h1 data-start=\"289\" data-end=\"381\">\u2693 Armor-X BX3-HW18-P30 \u2013 pancerne etui do Huawei P30 z X-Mount, ActiveKEY i karabi\u0144czykiem<\/h1>\n<p data-start=\"401\" data-end=\"707\"><strong data-start=\"401\" data-end=\"425\">Armor-X BX3-HW19-P30<\/strong> to <strong data-start=\"429\" data-end=\"475\">ultrakompaktowe, pancerne etui typu rugged<\/strong>, zaprojektowane specjalnie do <strong data-start=\"506\" data-end=\"520\">Huawei P30<\/strong>. Nale\u017cy do serii <strong data-start=\"538\" data-end=\"551\">BX-Series<\/strong> \u2014 znanej z po\u0142\u0105czenia <strong data-start=\"574\" data-end=\"597\">maksymalnej ochrony<\/strong> z <strong data-start=\"600\" data-end=\"631\">niskim, eleganckim profilem<\/strong> oraz <strong data-start=\"637\" data-end=\"661\">transparentnym ty\u0142em<\/strong>, kt\u00f3ry eksponuje oryginalny wygl\u0105d smartfona.<\/p>\n<p data-start=\"709\" data-end=\"905\">To etui powsta\u0142o z my\u015bl\u0105 o u\u017cytkownikach, kt\u00f3rzy potrzebuj\u0105 <strong data-start=\"769\" data-end=\"837\">solidnej ochrony w terenie, na wodzie i w codziennym u\u017cytkowaniu<\/strong> \u2014 idealne dla \u017ceglarzy, podr\u00f3\u017cnik\u00f3w, sportowc\u00f3w i profesjonalist\u00f3w.<\/p>\n<hr data-start=\"907\" data-end=\"910\" \/>\n<h2 data-start=\"912\" data-end=\"949\">Rugged Protection w lekkiej formie<\/h2>\n<p data-start=\"951\" data-end=\"983\">Etui Armor-X BX3-HW19-P30 \u0142\u0105czy:<\/p>\n<ul data-start=\"984\" data-end=\"1186\">\n<li data-start=\"984\" data-end=\"1071\">\n<p data-start=\"986\" data-end=\"1071\"><strong data-start=\"986\" data-end=\"1016\">Dual Composite konstrukcj\u0119<\/strong> \u2014 dla doskona\u0142ej ochrony przed upadkami i wstrz\u0105sami<\/p>\n<\/li>\n<li data-start=\"1072\" data-end=\"1132\">\n<p data-start=\"1074\" data-end=\"1132\"><strong data-start=\"1074\" data-end=\"1097\">elastyczn\u0105 ram\u0119 TPU<\/strong> z pe\u0142nym amortyzowaniem kraw\u0119dzi<\/p>\n<\/li>\n<li data-start=\"1133\" data-end=\"1186\">\n<p data-start=\"1135\" data-end=\"1186\"><strong data-start=\"1135\" data-end=\"1184\">ultraprzezroczysty ty\u0142 odporny na zarysowania<\/strong><\/p>\n<\/li>\n<\/ul>\n<p data-start=\"1188\" data-end=\"1343\">Daje to ochron\u0119 <strong data-start=\"1204\" data-end=\"1235\">wy\u017csz\u0105 ni\u017c standardowe etui<\/strong>, a jednocze\u015bnie nie pogrubia telefonu, co czyni je wygodnym w codziennym u\u017cytkowaniu i noszeniu w kieszeni.<\/p>\n<hr data-start=\"1345\" data-end=\"1348\" \/>\n<h2 data-start=\"1350\" data-end=\"1375\">Precyzyjne dopasowanie<\/h2>\n<p data-start=\"1377\" data-end=\"1387\">Etui jest:<\/p>\n<ul data-start=\"1388\" data-end=\"1570\">\n<li data-start=\"1388\" data-end=\"1427\">\n<p data-start=\"1390\" data-end=\"1427\">idealnie dopasowane do <strong data-start=\"1413\" data-end=\"1427\">Huawei P30<\/strong><\/p>\n<\/li>\n<li data-start=\"1428\" data-end=\"1494\">\n<p data-start=\"1430\" data-end=\"1494\">wyposa\u017cone w <strong data-start=\"1443\" data-end=\"1494\">precyzyjne wyci\u0119cia na porty, g\u0142o\u015bniki i aparat<\/strong><\/p>\n<\/li>\n<li data-start=\"1495\" data-end=\"1570\">\n<p data-start=\"1497\" data-end=\"1570\">wyposa\u017cone w <strong data-start=\"1510\" data-end=\"1529\">tactile buttons<\/strong> zapewniaj\u0105ce szybki i przyjemny feedback<\/p>\n<\/li>\n<\/ul>\n<hr data-start=\"1572\" data-end=\"1575\" \/>\n<h2 data-start=\"1577\" data-end=\"1619\">Zintegrowany system X-Mount + ActiveKEY<\/h2>\n<p data-start=\"1621\" data-end=\"1671\">Etui posiada <strong data-start=\"1634\" data-end=\"1663\">wbudowany adapter X-Mount<\/strong>, kt\u00f3ry:<\/p>\n<ul data-start=\"1672\" data-end=\"1840\">\n<li data-start=\"1672\" data-end=\"1787\">\n<p data-start=\"1674\" data-end=\"1787\">zapewnia bezpieczne mocowanie do uchwyt\u00f3w Armor-X (rowerowych, relingowych, samochodowych \u2014 sprzedawane osobno)<\/p>\n<\/li>\n<li data-start=\"1788\" data-end=\"1840\">\n<p data-start=\"1790\" data-end=\"1840\">umo\u017cliwia szybkie zapi\u0119cie lub odpi\u0119cie telefonu<\/p>\n<\/li>\n<\/ul>\n<p data-start=\"1842\" data-end=\"1932\">Dodatkowo etui wyposa\u017cone jest w <strong data-start=\"1875\" data-end=\"1895\">system ActiveKEY<\/strong>, kt\u00f3ry zawiera 3 modu\u0142y narz\u0119dziowe:<\/p>\n<ul data-start=\"1933\" data-end=\"2009\">\n<li data-start=\"1933\" data-end=\"1957\">\n<p data-start=\"1935\" data-end=\"1957\"><strong data-start=\"1935\" data-end=\"1957\">uchwyt magnetyczny<\/strong><\/p>\n<\/li>\n<li data-start=\"1958\" data-end=\"1982\">\n<p data-start=\"1960\" data-end=\"1982\"><strong data-start=\"1960\" data-end=\"1982\">wysuwacz karty SIM<\/strong><\/p>\n<\/li>\n<li data-start=\"1983\" data-end=\"2009\">\n<p data-start=\"1985\" data-end=\"2009\"><strong data-start=\"1985\" data-end=\"2009\">pojemnik narz\u0119dziowy<\/strong><\/p>\n<\/li>\n<\/ul>\n<p data-start=\"2011\" data-end=\"2114\">To rozwi\u0105zanie jest szczeg\u00f3lnie przydatne w terenie, podczas \u017ceglugi, wypraw i aktywno\u015bci outdoorowych.<\/p>\n<hr data-start=\"2116\" data-end=\"2119\" \/>\n<h2 data-start=\"2121\" data-end=\"2150\">Bezpiecze\u0144stwo u\u017cytkowania<\/h2>\n<p data-start=\"2152\" data-end=\"2165\">Etui posiada:<\/p>\n<ul data-start=\"2166\" data-end=\"2370\">\n<li data-start=\"2166\" data-end=\"2221\">\n<p data-start=\"2168\" data-end=\"2221\"><strong data-start=\"2168\" data-end=\"2194\">innowacyjny grip strap<\/strong> \u2013 pewny chwyt jedn\u0105 r\u0119k\u0105<\/p>\n<\/li>\n<li data-start=\"2222\" data-end=\"2300\">\n<p data-start=\"2224\" data-end=\"2300\"><strong data-start=\"2224\" data-end=\"2257\">uchwyt na pasek i karabi\u0144czyk<\/strong> \u2013 idealny do plecaka, pasa lub kamizelki<\/p>\n<\/li>\n<li data-start=\"2301\" data-end=\"2370\">\n<p data-start=\"2303\" data-end=\"2370\">kompatybilno\u015b\u0107 z <strong data-start=\"2320\" data-end=\"2349\">\u0142adowaniem bezprzewodowym<\/strong> (z modu\u0142em SIM\/Tool)<\/p>\n<\/li>\n<\/ul>\n<p data-start=\"2372\" data-end=\"2395\">To sprawia, \u017ce telefon:<\/p>\n<ul data-start=\"2396\" data-end=\"2474\">\n<li data-start=\"2396\" data-end=\"2433\">\n<p data-start=\"2398\" data-end=\"2433\">nie wypadnie w trudnych warunkach<\/p>\n<\/li>\n<li data-start=\"2434\" data-end=\"2474\">\n<p data-start=\"2436\" data-end=\"2474\">jest zawsze pod r\u0119k\u0105 podczas dzia\u0142ania<\/p>\n<\/li>\n<\/ul>\n<hr data-start=\"2476\" data-end=\"2479\" \/>\n<h2 data-start=\"2481\" data-end=\"2496\">Application<\/h2>\n<p data-start=\"2498\" data-end=\"2552\">Etui sprawdza si\u0119 doskonale w \u015brodowiskach takich jak:<\/p>\n<ul data-start=\"2553\" data-end=\"2723\">\n<li data-start=\"2553\" data-end=\"2583\">\n<p data-start=\"2555\" data-end=\"2583\"><strong data-start=\"2555\" data-end=\"2583\">\u0142odzie motorowe i jachty<\/strong><\/p>\n<\/li>\n<li data-start=\"2584\" data-end=\"2618\">\n<p data-start=\"2586\" data-end=\"2618\"><strong data-start=\"2586\" data-end=\"2618\">\u017ceglarstwo i turystyka wodna<\/strong><\/p>\n<\/li>\n<li data-start=\"2619\" data-end=\"2653\">\n<p data-start=\"2621\" data-end=\"2653\"><strong data-start=\"2621\" data-end=\"2653\">sporty ekstremalne i outdoor<\/strong><\/p>\n<\/li>\n<li data-start=\"2654\" data-end=\"2686\">\n<p data-start=\"2656\" data-end=\"2686\"><strong data-start=\"2656\" data-end=\"2686\">praca terenowa i serwisowa<\/strong><\/p>\n<\/li>\n<li data-start=\"2687\" data-end=\"2723\">\n<p data-start=\"2689\" data-end=\"2723\"><strong data-start=\"2689\" data-end=\"2723\">miasto i codzienne u\u017cytkowanie<\/strong><\/p>\n<\/li>\n<\/ul>\n<hr data-start=\"2725\" data-end=\"2728\" \/>\n<h2 data-start=\"2730\" data-end=\"2755\">Kompatybilno\u015b\u0107 i uwagi<\/h2>\n<p data-start=\"2757\" data-end=\"2920\">\u2714 Huawei P30<br data-start=\"2769\" data-end=\"2772\" \/>\u2714 Kompatybilne z \u0142adowaniem bezprzewodowym <em data-start=\"2815\" data-end=\"2842\">(wraz z modu\u0142em SIM\/Tool)<\/em><br data-start=\"2842\" data-end=\"2845\" \/>\u26a0 Uchwyty X-Mount (np. do roweru, samochodu, relingu) <strong data-start=\"2899\" data-end=\"2920\">nie s\u0105 w zestawie<\/strong><\/p>","protected":false},"excerpt":{"rendered":"<p data-start=\"3439\" data-end=\"3562\">Pancerne etui Armor-X BX3-HW19-P30 do Huawei P30 z X-Mount, ActiveKEY i karabi\u0144czykiem \u2014 idealne na jacht, outdoor i teren.<\/p>","protected":false},"featured_media":7965,"template":"","meta":{"_acf_changed":false},"product_brand":[],"product_cat":[1307,1308,1312],"product_tag":[1445,1316,1443,1446,1438,1444,1433,1432,1431,1437,1435,1434,1442],"class_list":{"0":"post-7962","1":"product","2":"type-product","3":"status-publish","4":"has-post-thumbnail","6":"product_cat-armor-x","7":"product_cat-etui","8":"product_cat-huawei","9":"product_tag-activekey","10":"product_tag-armor-x","11":"product_tag-bx3-hw19-p30","12":"product_tag-etui-do-pracy-terenowej","13":"product_tag-etui-do-zeglarstwa","14":"product_tag-etui-huawei-p30","15":"product_tag-etui-marine","16":"product_tag-etui-outdoor","17":"product_tag-etui-rugged","18":"product_tag-etui-sportowe","19":"product_tag-etui-x-mount","20":"product_tag-etui-z-karabinczykiem","21":"product_tag-pancerne-etui-huawei","23":"first","24":"instock","25":"taxable","26":"shipping-taxable","27":"purchasable","28":"product-type-simple"},"acf":[],"yoast_head":"<!-- This site is optimized with the Yoast SEO plugin v25.2 - https:\/\/yoast.com\/wordpress\/plugins\/seo\/ -->\n<title>Etui pancerne Armor-X - Huawei P30 - Atana<\/title>\n<meta name=\"description\" content=\"Pancerne etui Armor-X BX3 do Huawei P30 z X-Mount, ActiveKEY i karabi\u0144czykiem. Ochrona rugged do jachtu, outdooru i codziennego u\u017cytku.\" \/>\n<meta name=\"robots\" content=\"index, follow, max-snippet:-1, max-image-preview:large, max-video-preview:-1\" \/>\n<link rel=\"canonical\" href=\"https:\/\/atana.pl\/en\/online-shop\/armor-x\/etui\/huawei\/etui-pancerne-armor-x-huawei-p30\/\" \/>\n<meta property=\"og:locale\" content=\"en_GB\" \/>\n<meta property=\"og:type\" content=\"article\" \/>\n<meta property=\"og:title\" content=\"Etui pancerne Armor-X - Huawei P30 - Atana\" \/>\n<meta property=\"og:description\" content=\"Pancerne etui Armor-X BX3 do Huawei P30 z X-Mount, ActiveKEY i karabi\u0144czykiem. Ochrona rugged do jachtu, outdooru i codziennego u\u017cytku.\" \/>\n<meta property=\"og:url\" content=\"https:\/\/atana.pl\/en\/online-shop\/armor-x\/etui\/huawei\/etui-pancerne-armor-x-huawei-p30\/\" \/>\n<meta property=\"og:site_name\" content=\"Atana\" \/>\n<meta property=\"article:publisher\" content=\"https:\/\/www.facebook.com\/atanayachts\" \/>\n<meta property=\"article:modified_time\" content=\"2026-01-20T15:43:39+00:00\" \/>\n<meta property=\"og:image\" content=\"https:\/\/atana.pl\/wp-content\/uploads\/1967\/01\/bx3-hw18-p30_Huwawei-P30_Shock-proof_protection-case_wt-xmount_white-background.webp\" \/>\n\t<meta property=\"og:image:width\" content=\"1000\" \/>\n\t<meta property=\"og:image:height\" content=\"1000\" \/>\n\t<meta property=\"og:image:type\" content=\"image\/webp\" \/>\n<meta name=\"twitter:card\" content=\"summary_large_image\" \/>\n<meta name=\"twitter:label1\" content=\"Estimated reading time\" \/>\n\t<meta name=\"twitter:data1\" content=\"2 minutes\" \/>\n<script type=\"application\/ld+json\" class=\"yoast-schema-graph\">{\"@context\":\"https:\/\/schema.org\",\"@graph\":[{\"@type\":\"WebPage\",\"@id\":\"https:\/\/atana.pl\/sklep-on-line\/armor-x\/etui\/huawei\/etui-pancerne-armor-x-huawei-p30\/\",\"url\":\"https:\/\/atana.pl\/sklep-on-line\/armor-x\/etui\/huawei\/etui-pancerne-armor-x-huawei-p30\/\",\"name\":\"Etui pancerne Armor-X - Huawei P30 - Atana\",\"isPartOf\":{\"@id\":\"https:\/\/atana.pl\/#website\"},\"primaryImageOfPage\":{\"@id\":\"https:\/\/atana.pl\/sklep-on-line\/armor-x\/etui\/huawei\/etui-pancerne-armor-x-huawei-p30\/#primaryimage\"},\"image\":{\"@id\":\"https:\/\/atana.pl\/sklep-on-line\/armor-x\/etui\/huawei\/etui-pancerne-armor-x-huawei-p30\/#primaryimage\"},\"thumbnailUrl\":\"https:\/\/atana.pl\/wp-content\/uploads\/1967\/01\/bx3-hw18-p30_Huwawei-P30_Shock-proof_protection-case_wt-xmount_white-background.webp\",\"datePublished\":\"2026-01-16T11:59:16+00:00\",\"dateModified\":\"2026-01-20T15:43:39+00:00\",\"description\":\"Pancerne etui Armor-X BX3 do Huawei P30 z X-Mount, ActiveKEY i karabi\u0144czykiem. Ochrona rugged do jachtu, outdooru i codziennego u\u017cytku.\",\"breadcrumb\":{\"@id\":\"https:\/\/atana.pl\/sklep-on-line\/armor-x\/etui\/huawei\/etui-pancerne-armor-x-huawei-p30\/#breadcrumb\"},\"inLanguage\":\"en-GB\",\"potentialAction\":[{\"@type\":\"ReadAction\",\"target\":[\"https:\/\/atana.pl\/sklep-on-line\/armor-x\/etui\/huawei\/etui-pancerne-armor-x-huawei-p30\/\"]}]},{\"@type\":\"ImageObject\",\"inLanguage\":\"en-GB\",\"@id\":\"https:\/\/atana.pl\/sklep-on-line\/armor-x\/etui\/huawei\/etui-pancerne-armor-x-huawei-p30\/#primaryimage\",\"url\":\"https:\/\/atana.pl\/wp-content\/uploads\/1967\/01\/bx3-hw18-p30_Huwawei-P30_Shock-proof_protection-case_wt-xmount_white-background.webp\",\"contentUrl\":\"https:\/\/atana.pl\/wp-content\/uploads\/1967\/01\/bx3-hw18-p30_Huwawei-P30_Shock-proof_protection-case_wt-xmount_white-background.webp\",\"width\":1000,\"height\":1000,\"caption\":\"bx3 hw18 p30 Huwawei P30 Shock proof protection case wt xmount white background\"},{\"@type\":\"BreadcrumbList\",\"@id\":\"https:\/\/atana.pl\/sklep-on-line\/armor-x\/etui\/huawei\/etui-pancerne-armor-x-huawei-p30\/#breadcrumb\",\"itemListElement\":[{\"@type\":\"ListItem\",\"position\":1,\"name\":\"Strona g\u0142\u00f3wna\",\"item\":\"https:\/\/atana.pl\/\"},{\"@type\":\"ListItem\",\"position\":2,\"name\":\"Sklep on-line\",\"item\":\"https:\/\/atana.pl\/sklep-on-line\/\"},{\"@type\":\"ListItem\",\"position\":3,\"name\":\"Etui pancerne Armor-X &#8211; Huawei P30\"}]},{\"@type\":\"WebSite\",\"@id\":\"https:\/\/atana.pl\/#website\",\"url\":\"https:\/\/atana.pl\/\",\"name\":\"Atana\",\"description\":\"Akcesoria do \u0142odzi, kamper\u00f3w i przyczep. \u0141odzie motorowe\",\"publisher\":{\"@id\":\"https:\/\/atana.pl\/#organization\"},\"potentialAction\":[{\"@type\":\"SearchAction\",\"target\":{\"@type\":\"EntryPoint\",\"urlTemplate\":\"https:\/\/atana.pl\/?s={search_term_string}\"},\"query-input\":{\"@type\":\"PropertyValueSpecification\",\"valueRequired\":true,\"valueName\":\"search_term_string\"}}],\"inLanguage\":\"en-GB\"},{\"@type\":\"Organization\",\"@id\":\"https:\/\/atana.pl\/#organization\",\"name\":\"Atana\",\"url\":\"https:\/\/atana.pl\/\",\"logo\":{\"@type\":\"ImageObject\",\"inLanguage\":\"en-GB\",\"@id\":\"https:\/\/atana.pl\/#\/schema\/logo\/image\/\",\"url\":\"\",\"contentUrl\":\"\",\"caption\":\"Atana\"},\"image\":{\"@id\":\"https:\/\/atana.pl\/#\/schema\/logo\/image\/\"},\"sameAs\":[\"https:\/\/www.facebook.com\/atanayachts\",\"https:\/\/www.instagram.com\/atanaboats\/\",\"https:\/\/www.youtube.com\/channel\/UClMMmVqqx17in9QzgxK90Mw\"]}]}<\/script>\n<!-- \/ Yoast SEO plugin. -->","yoast_head_json":{"title":"Etui pancerne Armor-X - Huawei P30 - Atana","description":"Pancerne etui Armor-X BX3 do Huawei P30 z X-Mount, ActiveKEY i karabi\u0144czykiem. Ochrona rugged do jachtu, outdooru i codziennego u\u017cytku.","robots":{"index":"index","follow":"follow","max-snippet":"max-snippet:-1","max-image-preview":"max-image-preview:large","max-video-preview":"max-video-preview:-1"},"canonical":"https:\/\/atana.pl\/en\/online-shop\/armor-x\/etui\/huawei\/etui-pancerne-armor-x-huawei-p30\/","og_locale":"en_GB","og_type":"article","og_title":"Etui pancerne Armor-X - Huawei P30 - Atana","og_description":"Pancerne etui Armor-X BX3 do Huawei P30 z X-Mount, ActiveKEY i karabi\u0144czykiem. Ochrona rugged do jachtu, outdooru i codziennego u\u017cytku.","og_url":"https:\/\/atana.pl\/en\/online-shop\/armor-x\/etui\/huawei\/etui-pancerne-armor-x-huawei-p30\/","og_site_name":"Atana","article_publisher":"https:\/\/www.facebook.com\/atanayachts","article_modified_time":"2026-01-20T15:43:39+00:00","og_image":[{"width":1000,"height":1000,"url":"https:\/\/atana.pl\/wp-content\/uploads\/1967\/01\/bx3-hw18-p30_Huwawei-P30_Shock-proof_protection-case_wt-xmount_white-background.webp","type":"image\/webp"}],"twitter_card":"summary_large_image","twitter_misc":{"Estimated reading time":"2 minutes"},"schema":{"@context":"https:\/\/schema.org","@graph":[{"@type":"WebPage","@id":"https:\/\/atana.pl\/sklep-on-line\/armor-x\/etui\/huawei\/etui-pancerne-armor-x-huawei-p30\/","url":"https:\/\/atana.pl\/sklep-on-line\/armor-x\/etui\/huawei\/etui-pancerne-armor-x-huawei-p30\/","name":"Etui pancerne Armor-X - Huawei P30 - Atana","isPartOf":{"@id":"https:\/\/atana.pl\/#website"},"primaryImageOfPage":{"@id":"https:\/\/atana.pl\/sklep-on-line\/armor-x\/etui\/huawei\/etui-pancerne-armor-x-huawei-p30\/#primaryimage"},"image":{"@id":"https:\/\/atana.pl\/sklep-on-line\/armor-x\/etui\/huawei\/etui-pancerne-armor-x-huawei-p30\/#primaryimage"},"thumbnailUrl":"https:\/\/atana.pl\/wp-content\/uploads\/1967\/01\/bx3-hw18-p30_Huwawei-P30_Shock-proof_protection-case_wt-xmount_white-background.webp","datePublished":"2026-01-16T11:59:16+00:00","dateModified":"2026-01-20T15:43:39+00:00","description":"Pancerne etui Armor-X BX3 do Huawei P30 z X-Mount, ActiveKEY i karabi\u0144czykiem. Ochrona rugged do jachtu, outdooru i codziennego u\u017cytku.","breadcrumb":{"@id":"https:\/\/atana.pl\/sklep-on-line\/armor-x\/etui\/huawei\/etui-pancerne-armor-x-huawei-p30\/#breadcrumb"},"inLanguage":"en-GB","potentialAction":[{"@type":"ReadAction","target":["https:\/\/atana.pl\/sklep-on-line\/armor-x\/etui\/huawei\/etui-pancerne-armor-x-huawei-p30\/"]}]},{"@type":"ImageObject","inLanguage":"en-GB","@id":"https:\/\/atana.pl\/sklep-on-line\/armor-x\/etui\/huawei\/etui-pancerne-armor-x-huawei-p30\/#primaryimage","url":"https:\/\/atana.pl\/wp-content\/uploads\/1967\/01\/bx3-hw18-p30_Huwawei-P30_Shock-proof_protection-case_wt-xmount_white-background.webp","contentUrl":"https:\/\/atana.pl\/wp-content\/uploads\/1967\/01\/bx3-hw18-p30_Huwawei-P30_Shock-proof_protection-case_wt-xmount_white-background.webp","width":1000,"height":1000,"caption":"bx3 hw18 p30 Huwawei P30 Shock proof protection case wt xmount white background"},{"@type":"BreadcrumbList","@id":"https:\/\/atana.pl\/sklep-on-line\/armor-x\/etui\/huawei\/etui-pancerne-armor-x-huawei-p30\/#breadcrumb","itemListElement":[{"@type":"ListItem","position":1,"name":"Strona g\u0142\u00f3wna","item":"https:\/\/atana.pl\/"},{"@type":"ListItem","position":2,"name":"Sklep on-line","item":"https:\/\/atana.pl\/sklep-on-line\/"},{"@type":"ListItem","position":3,"name":"Etui pancerne Armor-X &#8211; Huawei P30"}]},{"@type":"WebSite","@id":"https:\/\/atana.pl\/#website","url":"https:\/\/atana.pl\/","name":"Atana","description":"Akcesoria do \u0142odzi, kamper\u00f3w i przyczep. \u0141odzie motorowe","publisher":{"@id":"https:\/\/atana.pl\/#organization"},"potentialAction":[{"@type":"SearchAction","target":{"@type":"EntryPoint","urlTemplate":"https:\/\/atana.pl\/?s={search_term_string}"},"query-input":{"@type":"PropertyValueSpecification","valueRequired":true,"valueName":"search_term_string"}}],"inLanguage":"en-GB"},{"@type":"Organization","@id":"https:\/\/atana.pl\/#organization","name":"Atana","url":"https:\/\/atana.pl\/","logo":{"@type":"ImageObject","inLanguage":"en-GB","@id":"https:\/\/atana.pl\/#\/schema\/logo\/image\/","url":"","contentUrl":"","caption":"Atana"},"image":{"@id":"https:\/\/atana.pl\/#\/schema\/logo\/image\/"},"sameAs":["https:\/\/www.facebook.com\/atanayachts","https:\/\/www.instagram.com\/atanaboats\/","https:\/\/www.youtube.com\/channel\/UClMMmVqqx17in9QzgxK90Mw"]}]}},"_links":{"self":[{"href":"https:\/\/atana.pl\/en\/wp-json\/wp\/v2\/product\/7962","targetHints":{"allow":["GET"]}}],"collection":[{"href":"https:\/\/atana.pl\/en\/wp-json\/wp\/v2\/product"}],"about":[{"href":"https:\/\/atana.pl\/en\/wp-json\/wp\/v2\/types\/product"}],"wp:featuredmedia":[{"embeddable":true,"href":"https:\/\/atana.pl\/en\/wp-json\/wp\/v2\/media\/7965"}],"wp:attachment":[{"href":"https:\/\/atana.pl\/en\/wp-json\/wp\/v2\/media?parent=7962"}],"wp:term":[{"taxonomy":"product_brand","embeddable":true,"href":"https:\/\/atana.pl\/en\/wp-json\/wp\/v2\/product_brand?post=7962"},{"taxonomy":"product_cat","embeddable":true,"href":"https:\/\/atana.pl\/en\/wp-json\/wp\/v2\/product_cat?post=7962"},{"taxonomy":"product_tag","embeddable":true,"href":"https:\/\/atana.pl\/en\/wp-json\/wp\/v2\/product_tag?post=7962"}],"curies":[{"name":"wp","href":"https:\/\/api.w.org\/{rel}","templated":true}]}}