{"id":7943,"date":"2026-01-16T12:21:54","date_gmt":"2026-01-16T11:21:54","guid":{"rendered":"https:\/\/atana.pl\/?post_type=product&#038;p=7943"},"modified":"2026-01-16T12:35:32","modified_gmt":"2026-01-16T11:35:32","slug":"etui-pancerne-armor-x-lg-v30","status":"publish","type":"product","link":"https:\/\/atana.pl\/en\/online-shop\/armor-x\/etui\/lg\/etui-pancerne-armor-x-lg-v30\/","title":{"rendered":"Etui pancerne Armor-X &#8211; LG V30"},"content":{"rendered":"<h1 data-start=\"169\" data-end=\"255\">\u2693 Armor-X BX3-LG-V30 \u2013 pancerne etui do LG V30 z X-Mount, ActiveKEY i karabi\u0144czykiem<\/h1>\n<p data-start=\"275\" data-end=\"599\"><strong data-start=\"275\" data-end=\"297\">Armor-X BX3-LG-V30<\/strong> to <strong data-start=\"301\" data-end=\"347\">ultrakompaktowe, pancerne etui typu rugged<\/strong> zaprojektowane specjalnie dla <strong data-start=\"378\" data-end=\"388\">LG V30<\/strong>, stworzone do pracy w <strong data-start=\"411\" data-end=\"470\">trudnych warunkach outdoorowych, marine i przemys\u0142owych<\/strong>. Nale\u017cy do serii <strong data-start=\"488\" data-end=\"501\">BX-Series<\/strong>, kt\u00f3ra \u0142\u0105czy <strong data-start=\"515\" data-end=\"537\">maksymaln\u0105 ochron\u0119<\/strong> z <strong data-start=\"540\" data-end=\"598\">niskim profilem i nowoczesnym, transparentnym designem<\/strong>.<\/p>\n<p data-start=\"601\" data-end=\"665\">To idealne etui dla u\u017cytkownik\u00f3w korzystaj\u0105cych ze smartfona na:<\/p>\n<ul data-start=\"666\" data-end=\"794\">\n<li data-start=\"666\" data-end=\"693\">\n<p data-start=\"668\" data-end=\"693\"><strong data-start=\"668\" data-end=\"691\">\u0142odziach i jachtach<\/strong><\/p>\n<\/li>\n<li data-start=\"694\" data-end=\"720\">\n<p data-start=\"696\" data-end=\"720\"><strong data-start=\"696\" data-end=\"718\">w turystyce wodnej<\/strong><\/p>\n<\/li>\n<li data-start=\"721\" data-end=\"758\">\n<p data-start=\"723\" data-end=\"758\"><strong data-start=\"723\" data-end=\"756\">podczas sport\u00f3w ekstremalnych<\/strong><\/p>\n<\/li>\n<li data-start=\"759\" data-end=\"794\">\n<p data-start=\"761\" data-end=\"794\"><strong data-start=\"761\" data-end=\"794\">w pracy terenowej i outdoorze<\/strong><\/p>\n<\/li>\n<\/ul>\n<hr data-start=\"796\" data-end=\"799\" \/>\n<h2 data-start=\"801\" data-end=\"841\">Ochrona klasy rugged w lekkiej formie<\/h2>\n<p data-start=\"843\" data-end=\"906\">Etui wykonano w technologii <strong data-start=\"871\" data-end=\"889\">Dual Composite<\/strong>, kt\u00f3ra zapewnia:<\/p>\n<ul data-start=\"907\" data-end=\"1035\">\n<li data-start=\"907\" data-end=\"947\">\n<p data-start=\"909\" data-end=\"947\">bardzo wysok\u0105 odporno\u015b\u0107 na uderzenia<\/p>\n<\/li>\n<li data-start=\"948\" data-end=\"991\">\n<p data-start=\"950\" data-end=\"991\">amortyzacj\u0119 wstrz\u0105s\u00f3w na ca\u0142ym obwodzie<\/p>\n<\/li>\n<li data-start=\"992\" data-end=\"1035\">\n<p data-start=\"994\" data-end=\"1035\">skuteczn\u0105 ochron\u0119 naro\u017cnik\u00f3w i kraw\u0119dzi<\/p>\n<\/li>\n<\/ul>\n<p data-start=\"1037\" data-end=\"1191\"><strong data-start=\"1037\" data-end=\"1060\">Elastyczna rama TPU<\/strong> poch\u0142ania energi\u0119 upadk\u00f3w, a <strong data-start=\"1090\" data-end=\"1116\">ultraprzezroczysty ty\u0142<\/strong> jest odporny na zarysowania i pozwala zachowa\u0107 oryginalny wygl\u0105d telefonu.<\/p>\n<hr data-start=\"1193\" data-end=\"1196\" \/>\n<h2 data-start=\"1198\" data-end=\"1242\">Idealne dopasowanie i komfort u\u017cytkowania<\/h2>\n<ul data-start=\"1244\" data-end=\"1408\">\n<li data-start=\"1244\" data-end=\"1292\">\n<p data-start=\"1246\" data-end=\"1292\">Smuk\u0142y, <strong data-start=\"1254\" data-end=\"1290\">kieszeniowy profil (low profile)<\/strong><\/p>\n<\/li>\n<li data-start=\"1293\" data-end=\"1334\">\n<p data-start=\"1295\" data-end=\"1334\">Precyzyjne wyci\u0119cia na porty i aparat<\/p>\n<\/li>\n<li data-start=\"1335\" data-end=\"1370\">\n<p data-start=\"1337\" data-end=\"1370\">Responsywne, dotykowe przyciski<\/p>\n<\/li>\n<li data-start=\"1371\" data-end=\"1408\">\n<p data-start=\"1373\" data-end=\"1408\">Perfekcyjne dopasowanie do LG V30<\/p>\n<\/li>\n<\/ul>\n<p data-start=\"1410\" data-end=\"1511\">Etui zosta\u0142o zaprojektowane z my\u015bl\u0105 o <strong data-start=\"1448\" data-end=\"1484\">codziennym u\u017cytkowaniu w terenie<\/strong>, bez pogrubiania telefonu.<\/p>\n<hr data-start=\"1513\" data-end=\"1516\" \/>\n<h2 data-start=\"1518\" data-end=\"1560\">Zintegrowany system X-Mount + ActiveKEY<\/h2>\n<p data-start=\"1562\" data-end=\"1726\">Wbudowany <strong data-start=\"1572\" data-end=\"1591\">adapter X-Mount<\/strong> umo\u017cliwia szybkie i bezpieczne mocowanie telefonu do uchwyt\u00f3w Armor-X (rowerowych, relingowych, samochodowych \u2013 sprzedawanych osobno).<\/p>\n<p data-start=\"1728\" data-end=\"1810\">Etui wyposa\u017cono tak\u017ce w <strong data-start=\"1752\" data-end=\"1772\">system ActiveKEY<\/strong>, kt\u00f3ry zawiera <strong data-start=\"1788\" data-end=\"1809\">3 wymienne modu\u0142y<\/strong>:<\/p>\n<ul data-start=\"1811\" data-end=\"1880\">\n<li data-start=\"1811\" data-end=\"1833\">\n<p data-start=\"1813\" data-end=\"1833\">uchwyt magnetyczny<\/p>\n<\/li>\n<li data-start=\"1834\" data-end=\"1850\">\n<p data-start=\"1836\" data-end=\"1850\">wysuwacz SIM<\/p>\n<\/li>\n<li data-start=\"1851\" data-end=\"1880\">\n<p data-start=\"1853\" data-end=\"1880\">mini pojemnik narz\u0119dziowy<\/p>\n<\/li>\n<\/ul>\n<p data-start=\"1882\" data-end=\"1968\">To praktyczne rozwi\u0105zanie szczeg\u00f3lnie przydatne <strong data-start=\"1930\" data-end=\"1967\">na jachcie, w podr\u00f3\u017cy i w terenie<\/strong>.<\/p>\n<hr data-start=\"1970\" data-end=\"1973\" \/>\n<h2 data-start=\"1975\" data-end=\"2012\">Bezpiecze\u0144stwo w ruchu i outdoorze<\/h2>\n<ul data-start=\"2014\" data-end=\"2211\">\n<li data-start=\"2014\" data-end=\"2075\">\n<p data-start=\"2016\" data-end=\"2075\"><strong data-start=\"2016\" data-end=\"2048\">Innowacyjny pasek grip strap<\/strong> \u2013 pewny chwyt jedn\u0105 r\u0119k\u0105<\/p>\n<\/li>\n<li data-start=\"2076\" data-end=\"2155\">\n<p data-start=\"2078\" data-end=\"2155\"><strong data-start=\"2078\" data-end=\"2111\">Uchwyt na pasek i karabi\u0144czyk<\/strong> \u2013 idealne do outdooru, \u017ceglarstwa i pracy<\/p>\n<\/li>\n<li data-start=\"2156\" data-end=\"2211\">\n<p data-start=\"2158\" data-end=\"2211\">Mo\u017cliwo\u015b\u0107 przypi\u0119cia do plecaka, kamizelki lub pasa<\/p>\n<\/li>\n<\/ul>\n<hr data-start=\"2213\" data-end=\"2216\" \/>\n<h2 data-start=\"2218\" data-end=\"2247\">Kompatybilno\u015b\u0107 i \u0142adowanie<\/h2>\n<p data-start=\"2249\" data-end=\"2378\">\u2714 LG V30<br data-start=\"2257\" data-end=\"2260\" \/>\u2714 \u0141adowanie bezprzewodowe <em data-start=\"2286\" data-end=\"2308\">(z modu\u0142em SIM\/Tool)<\/em><br data-start=\"2308\" data-end=\"2311\" \/>\u26a0 Uchwyty X-Mount (rowerowe, opaski, klipsy) <strong data-start=\"2356\" data-end=\"2378\">sprzedawane osobno<\/strong><\/p>\n<hr data-start=\"2380\" data-end=\"2383\" \/>\n<h2 data-start=\"2385\" data-end=\"2399\">Idealne do:<\/h2>\n<ul data-start=\"2401\" data-end=\"2572\">\n<li data-start=\"2401\" data-end=\"2432\">\n<p data-start=\"2403\" data-end=\"2432\">\u0141odzi motorowych i jacht\u00f3w.<\/p>\n<\/li>\n<li data-start=\"2433\" data-end=\"2467\">\n<p data-start=\"2435\" data-end=\"2467\">Turystyki wodnej i \u017ceglarstwa.<\/p>\n<\/li>\n<li data-start=\"2468\" data-end=\"2505\">\n<p data-start=\"2470\" data-end=\"2505\">Sport\u00f3w ekstremalnych i outdooru.<\/p>\n<\/li>\n<li data-start=\"2506\" data-end=\"2539\">\n<p data-start=\"2508\" data-end=\"2539\">Pracy terenowej i serwisowej.<\/p>\n<\/li>\n<li data-start=\"2540\" data-end=\"2572\">\n<p data-start=\"2542\" data-end=\"2572\">Codziennego u\u017cytkowania EDC.<\/p>\n<\/li>\n<\/ul>","protected":false},"excerpt":{"rendered":"<p data-start=\"3067\" data-end=\"3192\">Pancerne etui Armor-X BX3-LG-V30 z X-Mount, ActiveKEY i karabi\u0144czykiem. Ochrona rugged do marine, outdooru i pracy w terenie.<\/p>","protected":false},"featured_media":7944,"template":"","meta":{"_acf_changed":false},"product_brand":[],"product_cat":[1307,1308,1313],"product_tag":[1316,1428,1436,1439,1438,1429,1433,1432,1431,1437,1435,1434,1430],"class_list":{"0":"post-7943","1":"product","2":"type-product","3":"status-publish","4":"has-post-thumbnail","6":"product_cat-armor-x","7":"product_cat-etui","8":"product_cat-lg","9":"product_tag-armor-x","10":"product_tag-bx3-lg-v30","11":"product_tag-etui-aktywne","12":"product_tag-etui-do-pracy-w-terenie","13":"product_tag-etui-do-zeglarstwa","14":"product_tag-etui-lg-v30","15":"product_tag-etui-marine","16":"product_tag-etui-outdoor","17":"product_tag-etui-rugged","18":"product_tag-etui-sportowe","19":"product_tag-etui-x-mount","20":"product_tag-etui-z-karabinczykiem","21":"product_tag-pancerne-etui-lg","23":"first","24":"instock","25":"taxable","26":"shipping-taxable","27":"purchasable","28":"product-type-simple"},"acf":[],"yoast_head":"<!-- This site is optimized with the Yoast SEO plugin v25.2 - https:\/\/yoast.com\/wordpress\/plugins\/seo\/ -->\n<title>Etui pancerne Armor-X - LG V30 - Atana<\/title>\n<meta name=\"description\" content=\"Pancerne etui Armor-X BX3 do LG V30 z X-Mount, ActiveKEY i karabi\u0144czykiem. Idealne na jacht, outdoor i sporty ekstremalne.\" \/>\n<meta name=\"robots\" content=\"index, follow, max-snippet:-1, max-image-preview:large, max-video-preview:-1\" \/>\n<link rel=\"canonical\" href=\"https:\/\/atana.pl\/en\/online-shop\/armor-x\/etui\/lg\/etui-pancerne-armor-x-lg-v30\/\" \/>\n<meta property=\"og:locale\" content=\"en_GB\" \/>\n<meta property=\"og:type\" content=\"article\" \/>\n<meta property=\"og:title\" content=\"Etui pancerne Armor-X - LG V30 - Atana\" \/>\n<meta property=\"og:description\" content=\"Pancerne etui Armor-X BX3 do LG V30 z X-Mount, ActiveKEY i karabi\u0144czykiem. Idealne na jacht, outdoor i sporty ekstremalne.\" \/>\n<meta property=\"og:url\" content=\"https:\/\/atana.pl\/en\/online-shop\/armor-x\/etui\/lg\/etui-pancerne-armor-x-lg-v30\/\" \/>\n<meta property=\"og:site_name\" content=\"Atana\" \/>\n<meta property=\"article:publisher\" content=\"https:\/\/www.facebook.com\/atanayachts\" \/>\n<meta property=\"article:modified_time\" content=\"2026-01-16T11:35:32+00:00\" \/>\n<meta property=\"og:image\" content=\"https:\/\/atana.pl\/wp-content\/uploads\/1967\/01\/bx3-lgv30k-lg-v30-armor-x-armorx-2-in-1-shockproof-rugged-case-cases-cover-with-belt-clip-and-carabiner.webp\" \/>\n\t<meta property=\"og:image:width\" content=\"1000\" \/>\n\t<meta property=\"og:image:height\" content=\"1000\" \/>\n\t<meta property=\"og:image:type\" content=\"image\/webp\" \/>\n<meta name=\"twitter:card\" content=\"summary_large_image\" \/>\n<meta name=\"twitter:label1\" content=\"Estimated reading time\" \/>\n\t<meta name=\"twitter:data1\" content=\"2 minutes\" \/>\n<script type=\"application\/ld+json\" class=\"yoast-schema-graph\">{\"@context\":\"https:\/\/schema.org\",\"@graph\":[{\"@type\":\"WebPage\",\"@id\":\"https:\/\/atana.pl\/sklep-on-line\/armor-x\/etui\/lg\/etui-pancerne-armor-x-lg-v30\/\",\"url\":\"https:\/\/atana.pl\/sklep-on-line\/armor-x\/etui\/lg\/etui-pancerne-armor-x-lg-v30\/\",\"name\":\"Etui pancerne Armor-X - LG V30 - Atana\",\"isPartOf\":{\"@id\":\"https:\/\/atana.pl\/#website\"},\"primaryImageOfPage\":{\"@id\":\"https:\/\/atana.pl\/sklep-on-line\/armor-x\/etui\/lg\/etui-pancerne-armor-x-lg-v30\/#primaryimage\"},\"image\":{\"@id\":\"https:\/\/atana.pl\/sklep-on-line\/armor-x\/etui\/lg\/etui-pancerne-armor-x-lg-v30\/#primaryimage\"},\"thumbnailUrl\":\"https:\/\/atana.pl\/wp-content\/uploads\/1967\/01\/bx3-lgv30k-lg-v30-armor-x-armorx-2-in-1-shockproof-rugged-case-cases-cover-with-belt-clip-and-carabiner.webp\",\"datePublished\":\"2026-01-16T11:21:54+00:00\",\"dateModified\":\"2026-01-16T11:35:32+00:00\",\"description\":\"Pancerne etui Armor-X BX3 do LG V30 z X-Mount, ActiveKEY i karabi\u0144czykiem. Idealne na jacht, outdoor i sporty ekstremalne.\",\"breadcrumb\":{\"@id\":\"https:\/\/atana.pl\/sklep-on-line\/armor-x\/etui\/lg\/etui-pancerne-armor-x-lg-v30\/#breadcrumb\"},\"inLanguage\":\"en-GB\",\"potentialAction\":[{\"@type\":\"ReadAction\",\"target\":[\"https:\/\/atana.pl\/sklep-on-line\/armor-x\/etui\/lg\/etui-pancerne-armor-x-lg-v30\/\"]}]},{\"@type\":\"ImageObject\",\"inLanguage\":\"en-GB\",\"@id\":\"https:\/\/atana.pl\/sklep-on-line\/armor-x\/etui\/lg\/etui-pancerne-armor-x-lg-v30\/#primaryimage\",\"url\":\"https:\/\/atana.pl\/wp-content\/uploads\/1967\/01\/bx3-lgv30k-lg-v30-armor-x-armorx-2-in-1-shockproof-rugged-case-cases-cover-with-belt-clip-and-carabiner.webp\",\"contentUrl\":\"https:\/\/atana.pl\/wp-content\/uploads\/1967\/01\/bx3-lgv30k-lg-v30-armor-x-armorx-2-in-1-shockproof-rugged-case-cases-cover-with-belt-clip-and-carabiner.webp\",\"width\":1000,\"height\":1000,\"caption\":\"bx3 lgv30k lg v30 armor x armorx 2 in 1 shockproof rugged case cases cover with belt clip and carabiner\"},{\"@type\":\"BreadcrumbList\",\"@id\":\"https:\/\/atana.pl\/sklep-on-line\/armor-x\/etui\/lg\/etui-pancerne-armor-x-lg-v30\/#breadcrumb\",\"itemListElement\":[{\"@type\":\"ListItem\",\"position\":1,\"name\":\"Strona g\u0142\u00f3wna\",\"item\":\"https:\/\/atana.pl\/\"},{\"@type\":\"ListItem\",\"position\":2,\"name\":\"Sklep on-line\",\"item\":\"https:\/\/atana.pl\/sklep-on-line\/\"},{\"@type\":\"ListItem\",\"position\":3,\"name\":\"Etui pancerne Armor-X &#8211; LG V30\"}]},{\"@type\":\"WebSite\",\"@id\":\"https:\/\/atana.pl\/#website\",\"url\":\"https:\/\/atana.pl\/\",\"name\":\"Atana\",\"description\":\"Akcesoria do \u0142odzi, kamper\u00f3w i przyczep. \u0141odzie motorowe\",\"publisher\":{\"@id\":\"https:\/\/atana.pl\/#organization\"},\"potentialAction\":[{\"@type\":\"SearchAction\",\"target\":{\"@type\":\"EntryPoint\",\"urlTemplate\":\"https:\/\/atana.pl\/?s={search_term_string}\"},\"query-input\":{\"@type\":\"PropertyValueSpecification\",\"valueRequired\":true,\"valueName\":\"search_term_string\"}}],\"inLanguage\":\"en-GB\"},{\"@type\":\"Organization\",\"@id\":\"https:\/\/atana.pl\/#organization\",\"name\":\"Atana\",\"url\":\"https:\/\/atana.pl\/\",\"logo\":{\"@type\":\"ImageObject\",\"inLanguage\":\"en-GB\",\"@id\":\"https:\/\/atana.pl\/#\/schema\/logo\/image\/\",\"url\":\"\",\"contentUrl\":\"\",\"caption\":\"Atana\"},\"image\":{\"@id\":\"https:\/\/atana.pl\/#\/schema\/logo\/image\/\"},\"sameAs\":[\"https:\/\/www.facebook.com\/atanayachts\",\"https:\/\/www.instagram.com\/atanaboats\/\",\"https:\/\/www.youtube.com\/channel\/UClMMmVqqx17in9QzgxK90Mw\"]}]}<\/script>\n<!-- \/ Yoast SEO plugin. -->","yoast_head_json":{"title":"Etui pancerne Armor-X - LG V30 - Atana","description":"Pancerne etui Armor-X BX3 do LG V30 z X-Mount, ActiveKEY i karabi\u0144czykiem. Idealne na jacht, outdoor i sporty ekstremalne.","robots":{"index":"index","follow":"follow","max-snippet":"max-snippet:-1","max-image-preview":"max-image-preview:large","max-video-preview":"max-video-preview:-1"},"canonical":"https:\/\/atana.pl\/en\/online-shop\/armor-x\/etui\/lg\/etui-pancerne-armor-x-lg-v30\/","og_locale":"en_GB","og_type":"article","og_title":"Etui pancerne Armor-X - LG V30 - Atana","og_description":"Pancerne etui Armor-X BX3 do LG V30 z X-Mount, ActiveKEY i karabi\u0144czykiem. Idealne na jacht, outdoor i sporty ekstremalne.","og_url":"https:\/\/atana.pl\/en\/online-shop\/armor-x\/etui\/lg\/etui-pancerne-armor-x-lg-v30\/","og_site_name":"Atana","article_publisher":"https:\/\/www.facebook.com\/atanayachts","article_modified_time":"2026-01-16T11:35:32+00:00","og_image":[{"width":1000,"height":1000,"url":"https:\/\/atana.pl\/wp-content\/uploads\/1967\/01\/bx3-lgv30k-lg-v30-armor-x-armorx-2-in-1-shockproof-rugged-case-cases-cover-with-belt-clip-and-carabiner.webp","type":"image\/webp"}],"twitter_card":"summary_large_image","twitter_misc":{"Estimated reading time":"2 minutes"},"schema":{"@context":"https:\/\/schema.org","@graph":[{"@type":"WebPage","@id":"https:\/\/atana.pl\/sklep-on-line\/armor-x\/etui\/lg\/etui-pancerne-armor-x-lg-v30\/","url":"https:\/\/atana.pl\/sklep-on-line\/armor-x\/etui\/lg\/etui-pancerne-armor-x-lg-v30\/","name":"Etui pancerne Armor-X - LG V30 - Atana","isPartOf":{"@id":"https:\/\/atana.pl\/#website"},"primaryImageOfPage":{"@id":"https:\/\/atana.pl\/sklep-on-line\/armor-x\/etui\/lg\/etui-pancerne-armor-x-lg-v30\/#primaryimage"},"image":{"@id":"https:\/\/atana.pl\/sklep-on-line\/armor-x\/etui\/lg\/etui-pancerne-armor-x-lg-v30\/#primaryimage"},"thumbnailUrl":"https:\/\/atana.pl\/wp-content\/uploads\/1967\/01\/bx3-lgv30k-lg-v30-armor-x-armorx-2-in-1-shockproof-rugged-case-cases-cover-with-belt-clip-and-carabiner.webp","datePublished":"2026-01-16T11:21:54+00:00","dateModified":"2026-01-16T11:35:32+00:00","description":"Pancerne etui Armor-X BX3 do LG V30 z X-Mount, ActiveKEY i karabi\u0144czykiem. Idealne na jacht, outdoor i sporty ekstremalne.","breadcrumb":{"@id":"https:\/\/atana.pl\/sklep-on-line\/armor-x\/etui\/lg\/etui-pancerne-armor-x-lg-v30\/#breadcrumb"},"inLanguage":"en-GB","potentialAction":[{"@type":"ReadAction","target":["https:\/\/atana.pl\/sklep-on-line\/armor-x\/etui\/lg\/etui-pancerne-armor-x-lg-v30\/"]}]},{"@type":"ImageObject","inLanguage":"en-GB","@id":"https:\/\/atana.pl\/sklep-on-line\/armor-x\/etui\/lg\/etui-pancerne-armor-x-lg-v30\/#primaryimage","url":"https:\/\/atana.pl\/wp-content\/uploads\/1967\/01\/bx3-lgv30k-lg-v30-armor-x-armorx-2-in-1-shockproof-rugged-case-cases-cover-with-belt-clip-and-carabiner.webp","contentUrl":"https:\/\/atana.pl\/wp-content\/uploads\/1967\/01\/bx3-lgv30k-lg-v30-armor-x-armorx-2-in-1-shockproof-rugged-case-cases-cover-with-belt-clip-and-carabiner.webp","width":1000,"height":1000,"caption":"bx3 lgv30k lg v30 armor x armorx 2 in 1 shockproof rugged case cases cover with belt clip and carabiner"},{"@type":"BreadcrumbList","@id":"https:\/\/atana.pl\/sklep-on-line\/armor-x\/etui\/lg\/etui-pancerne-armor-x-lg-v30\/#breadcrumb","itemListElement":[{"@type":"ListItem","position":1,"name":"Strona g\u0142\u00f3wna","item":"https:\/\/atana.pl\/"},{"@type":"ListItem","position":2,"name":"Sklep on-line","item":"https:\/\/atana.pl\/sklep-on-line\/"},{"@type":"ListItem","position":3,"name":"Etui pancerne Armor-X &#8211; LG V30"}]},{"@type":"WebSite","@id":"https:\/\/atana.pl\/#website","url":"https:\/\/atana.pl\/","name":"Atana","description":"Akcesoria do \u0142odzi, kamper\u00f3w i przyczep. \u0141odzie motorowe","publisher":{"@id":"https:\/\/atana.pl\/#organization"},"potentialAction":[{"@type":"SearchAction","target":{"@type":"EntryPoint","urlTemplate":"https:\/\/atana.pl\/?s={search_term_string}"},"query-input":{"@type":"PropertyValueSpecification","valueRequired":true,"valueName":"search_term_string"}}],"inLanguage":"en-GB"},{"@type":"Organization","@id":"https:\/\/atana.pl\/#organization","name":"Atana","url":"https:\/\/atana.pl\/","logo":{"@type":"ImageObject","inLanguage":"en-GB","@id":"https:\/\/atana.pl\/#\/schema\/logo\/image\/","url":"","contentUrl":"","caption":"Atana"},"image":{"@id":"https:\/\/atana.pl\/#\/schema\/logo\/image\/"},"sameAs":["https:\/\/www.facebook.com\/atanayachts","https:\/\/www.instagram.com\/atanaboats\/","https:\/\/www.youtube.com\/channel\/UClMMmVqqx17in9QzgxK90Mw"]}]}},"_links":{"self":[{"href":"https:\/\/atana.pl\/en\/wp-json\/wp\/v2\/product\/7943","targetHints":{"allow":["GET"]}}],"collection":[{"href":"https:\/\/atana.pl\/en\/wp-json\/wp\/v2\/product"}],"about":[{"href":"https:\/\/atana.pl\/en\/wp-json\/wp\/v2\/types\/product"}],"wp:featuredmedia":[{"embeddable":true,"href":"https:\/\/atana.pl\/en\/wp-json\/wp\/v2\/media\/7944"}],"wp:attachment":[{"href":"https:\/\/atana.pl\/en\/wp-json\/wp\/v2\/media?parent=7943"}],"wp:term":[{"taxonomy":"product_brand","embeddable":true,"href":"https:\/\/atana.pl\/en\/wp-json\/wp\/v2\/product_brand?post=7943"},{"taxonomy":"product_cat","embeddable":true,"href":"https:\/\/atana.pl\/en\/wp-json\/wp\/v2\/product_cat?post=7943"},{"taxonomy":"product_tag","embeddable":true,"href":"https:\/\/atana.pl\/en\/wp-json\/wp\/v2\/product_tag?post=7943"}],"curies":[{"name":"wp","href":"https:\/\/api.w.org\/{rel}","templated":true}]}}