{"id":7936,"date":"2026-01-15T17:37:04","date_gmt":"2026-01-15T16:37:04","guid":{"rendered":"https:\/\/atana.pl\/?post_type=product&#038;p=7936"},"modified":"2026-01-15T17:37:09","modified_gmt":"2026-01-15T16:37:09","slug":"uchwyt-do-kratki-nawiewu-armor-x-smartfon","status":"publish","type":"product","link":"https:\/\/atana.pl\/en\/online-shop\/armor-x\/x-mount\/uchwyt-do-kratki-nawiewu-armor-x-smartfon\/","title":{"rendered":"Uchwyt do kratki nawiewu. Armor &#8211; x. Smartfon"},"content":{"rendered":"<h1 data-start=\"144\" data-end=\"219\">\u2693 Armor-X X91K \u2013 uchwyt do kratki nawiewu X-Mount TYPE-K do auta i wypraw<\/h1>\n<p data-start=\"239\" data-end=\"529\"><strong data-start=\"239\" data-end=\"270\">Armor-X X91K Air Vent Mount<\/strong> to <strong data-start=\"274\" data-end=\"320\">kompaktowy uchwyt samochodowy klasy rugged<\/strong>, zaprojektowany do bezpiecznego mocowania smartfon\u00f3w w etui Armor-X z systemem <strong data-start=\"400\" data-end=\"420\">ActiveKEY TYPE-K<\/strong>. Idealny do <strong data-start=\"433\" data-end=\"528\">samochod\u00f3w osobowych, kamper\u00f3w, pojazd\u00f3w wyprawowych oraz dojazd\u00f3w do mariny, portu i slipu<\/strong>.<\/p>\n<p data-start=\"531\" data-end=\"610\">Dzi\u0119ki stabilnemu mocowaniu do kratki nawiewu mo\u017cesz korzysta\u0107 z telefonu jako:<\/p>\n<ul data-start=\"611\" data-end=\"731\">\n<li data-start=\"611\" data-end=\"630\">\n<p data-start=\"613\" data-end=\"630\"><strong data-start=\"613\" data-end=\"630\">nawigacji GPS<\/strong><\/p>\n<\/li>\n<li data-start=\"631\" data-end=\"661\">\n<p data-start=\"633\" data-end=\"661\"><strong data-start=\"633\" data-end=\"661\">mapy dojazdowej do portu<\/strong><\/p>\n<\/li>\n<li data-start=\"662\" data-end=\"691\">\n<p data-start=\"664\" data-end=\"691\"><strong data-start=\"664\" data-end=\"691\">centrum multimedialnego<\/strong><\/p>\n<\/li>\n<li data-start=\"692\" data-end=\"731\">\n<p data-start=\"694\" data-end=\"731\"><strong data-start=\"694\" data-end=\"731\">narz\u0119dzia do komunikacji w trasie<\/strong><\/p>\n<\/li>\n<\/ul>\n<p data-start=\"733\" data-end=\"763\">bez odrywania wzroku od drogi.<\/p>\n<hr data-start=\"765\" data-end=\"768\" \/>\n<h2 data-start=\"770\" data-end=\"796\">Bezpiecze\u0144stwo i wygoda<\/h2>\n<p data-start=\"798\" data-end=\"805\">Uchwyt:<\/p>\n<ul data-start=\"806\" data-end=\"927\">\n<li data-start=\"806\" data-end=\"852\">\n<p data-start=\"808\" data-end=\"852\">trzyma telefon <strong data-start=\"823\" data-end=\"850\">stabilnie i bezpiecznie<\/strong><\/p>\n<\/li>\n<li data-start=\"853\" data-end=\"893\">\n<p data-start=\"855\" data-end=\"893\">utrzymuje go w zasi\u0119gu wzroku i r\u0119ki<\/p>\n<\/li>\n<li data-start=\"894\" data-end=\"927\">\n<p data-start=\"896\" data-end=\"927\">pozwala skupi\u0107 si\u0119 na je\u017adzie<\/p>\n<\/li>\n<\/ul>\n<p data-start=\"929\" data-end=\"1011\">To idealne rozwi\u0105zanie dla \u017ceglarzy, motorowodniak\u00f3w i podr\u00f3\u017cnik\u00f3w, kt\u00f3rzy cz\u0119sto:<\/p>\n<ul data-start=\"1012\" data-end=\"1129\">\n<li data-start=\"1012\" data-end=\"1048\">\n<p data-start=\"1014\" data-end=\"1048\">doje\u017cd\u017caj\u0105 do port\u00f3w i przystani<\/p>\n<\/li>\n<li data-start=\"1049\" data-end=\"1082\">\n<p data-start=\"1051\" data-end=\"1082\">poruszaj\u0105 si\u0119 mi\u0119dzy marinami<\/p>\n<\/li>\n<li data-start=\"1083\" data-end=\"1129\">\n<p data-start=\"1085\" data-end=\"1129\">korzystaj\u0105 z map i aplikacji nawigacyjnych<\/p>\n<\/li>\n<\/ul>\n<hr data-start=\"1131\" data-end=\"1134\" \/>\n<h2 data-start=\"1136\" data-end=\"1159\">Pe\u0142na regulacja 360\u00b0<\/h2>\n<p data-start=\"1161\" data-end=\"1197\">Obrotowa g\u0142owica <strong data-start=\"1178\" data-end=\"1186\">360\u00b0<\/strong> umo\u017cliwia:<\/p>\n<ul data-start=\"1198\" data-end=\"1313\">\n<li data-start=\"1198\" data-end=\"1243\">\n<p data-start=\"1200\" data-end=\"1243\">ustawienie telefonu w pionie lub poziomie<\/p>\n<\/li>\n<li data-start=\"1244\" data-end=\"1281\">\n<p data-start=\"1246\" data-end=\"1281\">idealny k\u0105t widzenia do nawigacji<\/p>\n<\/li>\n<li data-start=\"1282\" data-end=\"1313\">\n<p data-start=\"1284\" data-end=\"1313\">szybkie dopasowanie pozycji<\/p>\n<\/li>\n<\/ul>\n<hr data-start=\"1315\" data-end=\"1318\" \/>\n<h2 data-start=\"1320\" data-end=\"1344\">System X-Mount TYPE-K<\/h2>\n<p data-start=\"1346\" data-end=\"1410\">Wbudowany <strong data-start=\"1356\" data-end=\"1409\">opatentowany magnetyczny interfejs X-Mount TYPE-K<\/strong>:<\/p>\n<ul data-start=\"1411\" data-end=\"1514\">\n<li data-start=\"1411\" data-end=\"1445\">\n<p data-start=\"1413\" data-end=\"1445\">automatycznie centruje telefon<\/p>\n<\/li>\n<li data-start=\"1446\" data-end=\"1472\">\n<p data-start=\"1448\" data-end=\"1472\">bezpiecznie go blokuje<\/p>\n<\/li>\n<li data-start=\"1473\" data-end=\"1514\">\n<p data-start=\"1475\" data-end=\"1514\">umo\u017cliwia szybkie wypi\u0119cie jedn\u0105 r\u0119k\u0105<\/p>\n<\/li>\n<\/ul>\n<p data-start=\"1516\" data-end=\"1558\">Kompatybilny z etui <strong data-start=\"1536\" data-end=\"1557\">Armor-X ActiveKEY<\/strong>.<\/p>\n<hr data-start=\"1560\" data-end=\"1563\" \/>\n<h2 data-start=\"1565\" data-end=\"1580\">\u0141atwy monta\u017c<\/h2>\n<p data-start=\"1582\" data-end=\"1592\">Wystarczy:<\/p>\n<ol data-start=\"1593\" data-end=\"1685\">\n<li data-start=\"1593\" data-end=\"1627\">\n<p data-start=\"1596\" data-end=\"1627\">Wsun\u0105\u0107 baz\u0119 do kratki nawiewu<\/p>\n<\/li>\n<li data-start=\"1628\" data-end=\"1666\">\n<p data-start=\"1631\" data-end=\"1666\">Po\u0142\u0105czy\u0107 g\u0142owic\u0119 kulow\u0105 z X-Mount<\/p>\n<\/li>\n<li data-start=\"1667\" data-end=\"1685\">\n<p data-start=\"1670\" data-end=\"1685\">Wpi\u0105\u0107 telefon<\/p>\n<\/li>\n<\/ol>\n<p data-start=\"1687\" data-end=\"1764\">Po zako\u0144czeniu jazdy uchwyt mo\u017cna szybko wyj\u0105\u0107 i przenie\u015b\u0107 do innego pojazdu.<\/p>\n<hr data-start=\"1766\" data-end=\"1769\" \/>\n<h2 data-start=\"1771\" data-end=\"1785\">Idealny do:<\/h2>\n<ul data-start=\"1787\" data-end=\"1926\">\n<li data-start=\"1787\" data-end=\"1812\">\n<p data-start=\"1789\" data-end=\"1812\">Samochod\u00f3w osobowych.<\/p>\n<\/li>\n<li data-start=\"1813\" data-end=\"1834\">\n<p data-start=\"1815\" data-end=\"1834\">Kamper\u00f3w i van\u00f3w.<\/p>\n<\/li>\n<li data-start=\"1835\" data-end=\"1866\">\n<p data-start=\"1837\" data-end=\"1866\">Dojazd\u00f3w do marin i port\u00f3w.<\/p>\n<\/li>\n<li data-start=\"1867\" data-end=\"1901\">\n<p data-start=\"1869\" data-end=\"1901\">Podr\u00f3\u017cy outdoorowych i wypraw.<\/p>\n<\/li>\n<li data-start=\"1902\" data-end=\"1926\">\n<p data-start=\"1904\" data-end=\"1926\">Nawigacji GPS i map.<\/p>\n<\/li>\n<\/ul>","protected":false},"excerpt":{"rendered":"<p data-start=\"2401\" data-end=\"2501\">Uchwyt Armor-X X91K do kratki nawiewu z systemem X-Mount TYPE-K do auta, kampera i podr\u00f3\u017cy do marin.<\/p>","protected":false},"featured_media":7937,"template":"","meta":{"_acf_changed":false},"product_brand":[],"product_cat":[1307,1309],"product_tag":[1316,1346,1342,1353,1425,1335,1427,1345,1426,1329,1424],"class_list":{"0":"post-7936","1":"product","2":"type-product","3":"status-publish","4":"has-post-thumbnail","6":"product_cat-armor-x","7":"product_cat-x-mount","8":"product_tag-armor-x","9":"product_tag-uchwyt-do-auta","10":"product_tag-uchwyt-do-gps","11":"product_tag-uchwyt-do-kampera","12":"product_tag-uchwyt-do-kratki-nawiewu","13":"product_tag-uchwyt-do-nawigacji","14":"product_tag-uchwyt-marine-travel","15":"product_tag-uchwyt-rugged","16":"product_tag-uchwyt-samochodowy","17":"product_tag-uchwyt-x-mount","18":"product_tag-x91k","20":"first","21":"instock","22":"taxable","23":"shipping-taxable","24":"purchasable","25":"product-type-simple"},"acf":[],"yoast_head":"<!-- This site is optimized with the Yoast SEO plugin v25.2 - https:\/\/yoast.com\/wordpress\/plugins\/seo\/ -->\n<title>Uchwyt do kratki nawiewu. Armor - x. Smartfon - Atana<\/title>\n<meta name=\"description\" content=\"Uchwyt Armor-X X91K do kratki nawiewu z systemem X-Mount TYPE-K. Idealny do nawigacji GPS w aucie i kamperze. Pasuje do etui Armor-X do smartfon\u00f3w\" \/>\n<meta name=\"robots\" content=\"index, follow, max-snippet:-1, max-image-preview:large, max-video-preview:-1\" \/>\n<link rel=\"canonical\" href=\"https:\/\/atana.pl\/en\/online-shop\/armor-x\/x-mount\/uchwyt-do-kratki-nawiewu-armor-x-smartfon\/\" \/>\n<meta property=\"og:locale\" content=\"en_GB\" \/>\n<meta property=\"og:type\" content=\"article\" \/>\n<meta property=\"og:title\" content=\"Uchwyt do kratki nawiewu. Armor - x. Smartfon - Atana\" \/>\n<meta property=\"og:description\" content=\"Uchwyt Armor-X X91K do kratki nawiewu z systemem X-Mount TYPE-K. Idealny do nawigacji GPS w aucie i kamperze. Pasuje do etui Armor-X do smartfon\u00f3w\" \/>\n<meta property=\"og:url\" content=\"https:\/\/atana.pl\/en\/online-shop\/armor-x\/x-mount\/uchwyt-do-kratki-nawiewu-armor-x-smartfon\/\" \/>\n<meta property=\"og:site_name\" content=\"Atana\" \/>\n<meta property=\"article:publisher\" content=\"https:\/\/www.facebook.com\/atanayachts\" \/>\n<meta property=\"article:modified_time\" content=\"2026-01-15T16:37:09+00:00\" \/>\n<meta property=\"og:image\" content=\"https:\/\/atana.pl\/wp-content\/uploads\/1967\/01\/x91k-x-mount-system-car-phone-mount-air-vent-car-phone-mount-0-1.webp\" \/>\n\t<meta property=\"og:image:width\" content=\"1000\" \/>\n\t<meta property=\"og:image:height\" content=\"1000\" \/>\n\t<meta property=\"og:image:type\" content=\"image\/webp\" \/>\n<meta name=\"twitter:card\" content=\"summary_large_image\" \/>\n<meta name=\"twitter:label1\" content=\"Estimated reading time\" \/>\n\t<meta name=\"twitter:data1\" content=\"1 minute\" \/>\n<script type=\"application\/ld+json\" class=\"yoast-schema-graph\">{\"@context\":\"https:\/\/schema.org\",\"@graph\":[{\"@type\":\"WebPage\",\"@id\":\"https:\/\/atana.pl\/sklep-on-line\/armor-x\/x-mount\/uchwyt-do-kratki-nawiewu-armor-x-smartfon\/\",\"url\":\"https:\/\/atana.pl\/sklep-on-line\/armor-x\/x-mount\/uchwyt-do-kratki-nawiewu-armor-x-smartfon\/\",\"name\":\"Uchwyt do kratki nawiewu. Armor - x. Smartfon - Atana\",\"isPartOf\":{\"@id\":\"https:\/\/atana.pl\/#website\"},\"primaryImageOfPage\":{\"@id\":\"https:\/\/atana.pl\/sklep-on-line\/armor-x\/x-mount\/uchwyt-do-kratki-nawiewu-armor-x-smartfon\/#primaryimage\"},\"image\":{\"@id\":\"https:\/\/atana.pl\/sklep-on-line\/armor-x\/x-mount\/uchwyt-do-kratki-nawiewu-armor-x-smartfon\/#primaryimage\"},\"thumbnailUrl\":\"https:\/\/atana.pl\/wp-content\/uploads\/1967\/01\/x91k-x-mount-system-car-phone-mount-air-vent-car-phone-mount-0-1.webp\",\"datePublished\":\"2026-01-15T16:37:04+00:00\",\"dateModified\":\"2026-01-15T16:37:09+00:00\",\"description\":\"Uchwyt Armor-X X91K do kratki nawiewu z systemem X-Mount TYPE-K. Idealny do nawigacji GPS w aucie i kamperze. Pasuje do etui Armor-X do smartfon\u00f3w\",\"breadcrumb\":{\"@id\":\"https:\/\/atana.pl\/sklep-on-line\/armor-x\/x-mount\/uchwyt-do-kratki-nawiewu-armor-x-smartfon\/#breadcrumb\"},\"inLanguage\":\"en-GB\",\"potentialAction\":[{\"@type\":\"ReadAction\",\"target\":[\"https:\/\/atana.pl\/sklep-on-line\/armor-x\/x-mount\/uchwyt-do-kratki-nawiewu-armor-x-smartfon\/\"]}]},{\"@type\":\"ImageObject\",\"inLanguage\":\"en-GB\",\"@id\":\"https:\/\/atana.pl\/sklep-on-line\/armor-x\/x-mount\/uchwyt-do-kratki-nawiewu-armor-x-smartfon\/#primaryimage\",\"url\":\"https:\/\/atana.pl\/wp-content\/uploads\/1967\/01\/x91k-x-mount-system-car-phone-mount-air-vent-car-phone-mount-0-1.webp\",\"contentUrl\":\"https:\/\/atana.pl\/wp-content\/uploads\/1967\/01\/x91k-x-mount-system-car-phone-mount-air-vent-car-phone-mount-0-1.webp\",\"width\":1000,\"height\":1000,\"caption\":\"x91k x mount system car phone mount air vent car phone mount 0 (1)\"},{\"@type\":\"BreadcrumbList\",\"@id\":\"https:\/\/atana.pl\/sklep-on-line\/armor-x\/x-mount\/uchwyt-do-kratki-nawiewu-armor-x-smartfon\/#breadcrumb\",\"itemListElement\":[{\"@type\":\"ListItem\",\"position\":1,\"name\":\"Strona g\u0142\u00f3wna\",\"item\":\"https:\/\/atana.pl\/\"},{\"@type\":\"ListItem\",\"position\":2,\"name\":\"Sklep on-line\",\"item\":\"https:\/\/atana.pl\/sklep-on-line\/\"},{\"@type\":\"ListItem\",\"position\":3,\"name\":\"Uchwyt do kratki nawiewu. Armor &#8211; x. Smartfon\"}]},{\"@type\":\"WebSite\",\"@id\":\"https:\/\/atana.pl\/#website\",\"url\":\"https:\/\/atana.pl\/\",\"name\":\"Atana\",\"description\":\"Akcesoria do \u0142odzi, kamper\u00f3w i przyczep. \u0141odzie motorowe\",\"publisher\":{\"@id\":\"https:\/\/atana.pl\/#organization\"},\"potentialAction\":[{\"@type\":\"SearchAction\",\"target\":{\"@type\":\"EntryPoint\",\"urlTemplate\":\"https:\/\/atana.pl\/?s={search_term_string}\"},\"query-input\":{\"@type\":\"PropertyValueSpecification\",\"valueRequired\":true,\"valueName\":\"search_term_string\"}}],\"inLanguage\":\"en-GB\"},{\"@type\":\"Organization\",\"@id\":\"https:\/\/atana.pl\/#organization\",\"name\":\"Atana\",\"url\":\"https:\/\/atana.pl\/\",\"logo\":{\"@type\":\"ImageObject\",\"inLanguage\":\"en-GB\",\"@id\":\"https:\/\/atana.pl\/#\/schema\/logo\/image\/\",\"url\":\"\",\"contentUrl\":\"\",\"caption\":\"Atana\"},\"image\":{\"@id\":\"https:\/\/atana.pl\/#\/schema\/logo\/image\/\"},\"sameAs\":[\"https:\/\/www.facebook.com\/atanayachts\",\"https:\/\/www.instagram.com\/atanaboats\/\",\"https:\/\/www.youtube.com\/channel\/UClMMmVqqx17in9QzgxK90Mw\"]}]}<\/script>\n<!-- \/ Yoast SEO plugin. -->","yoast_head_json":{"title":"Uchwyt do kratki nawiewu. Armor - x. Smartfon - Atana","description":"Uchwyt Armor-X X91K do kratki nawiewu z systemem X-Mount TYPE-K. Idealny do nawigacji GPS w aucie i kamperze. Pasuje do etui Armor-X do smartfon\u00f3w","robots":{"index":"index","follow":"follow","max-snippet":"max-snippet:-1","max-image-preview":"max-image-preview:large","max-video-preview":"max-video-preview:-1"},"canonical":"https:\/\/atana.pl\/en\/online-shop\/armor-x\/x-mount\/uchwyt-do-kratki-nawiewu-armor-x-smartfon\/","og_locale":"en_GB","og_type":"article","og_title":"Uchwyt do kratki nawiewu. Armor - x. Smartfon - Atana","og_description":"Uchwyt Armor-X X91K do kratki nawiewu z systemem X-Mount TYPE-K. Idealny do nawigacji GPS w aucie i kamperze. Pasuje do etui Armor-X do smartfon\u00f3w","og_url":"https:\/\/atana.pl\/en\/online-shop\/armor-x\/x-mount\/uchwyt-do-kratki-nawiewu-armor-x-smartfon\/","og_site_name":"Atana","article_publisher":"https:\/\/www.facebook.com\/atanayachts","article_modified_time":"2026-01-15T16:37:09+00:00","og_image":[{"width":1000,"height":1000,"url":"https:\/\/atana.pl\/wp-content\/uploads\/1967\/01\/x91k-x-mount-system-car-phone-mount-air-vent-car-phone-mount-0-1.webp","type":"image\/webp"}],"twitter_card":"summary_large_image","twitter_misc":{"Estimated reading time":"1 minute"},"schema":{"@context":"https:\/\/schema.org","@graph":[{"@type":"WebPage","@id":"https:\/\/atana.pl\/sklep-on-line\/armor-x\/x-mount\/uchwyt-do-kratki-nawiewu-armor-x-smartfon\/","url":"https:\/\/atana.pl\/sklep-on-line\/armor-x\/x-mount\/uchwyt-do-kratki-nawiewu-armor-x-smartfon\/","name":"Uchwyt do kratki nawiewu. Armor - x. Smartfon - Atana","isPartOf":{"@id":"https:\/\/atana.pl\/#website"},"primaryImageOfPage":{"@id":"https:\/\/atana.pl\/sklep-on-line\/armor-x\/x-mount\/uchwyt-do-kratki-nawiewu-armor-x-smartfon\/#primaryimage"},"image":{"@id":"https:\/\/atana.pl\/sklep-on-line\/armor-x\/x-mount\/uchwyt-do-kratki-nawiewu-armor-x-smartfon\/#primaryimage"},"thumbnailUrl":"https:\/\/atana.pl\/wp-content\/uploads\/1967\/01\/x91k-x-mount-system-car-phone-mount-air-vent-car-phone-mount-0-1.webp","datePublished":"2026-01-15T16:37:04+00:00","dateModified":"2026-01-15T16:37:09+00:00","description":"Uchwyt Armor-X X91K do kratki nawiewu z systemem X-Mount TYPE-K. Idealny do nawigacji GPS w aucie i kamperze. Pasuje do etui Armor-X do smartfon\u00f3w","breadcrumb":{"@id":"https:\/\/atana.pl\/sklep-on-line\/armor-x\/x-mount\/uchwyt-do-kratki-nawiewu-armor-x-smartfon\/#breadcrumb"},"inLanguage":"en-GB","potentialAction":[{"@type":"ReadAction","target":["https:\/\/atana.pl\/sklep-on-line\/armor-x\/x-mount\/uchwyt-do-kratki-nawiewu-armor-x-smartfon\/"]}]},{"@type":"ImageObject","inLanguage":"en-GB","@id":"https:\/\/atana.pl\/sklep-on-line\/armor-x\/x-mount\/uchwyt-do-kratki-nawiewu-armor-x-smartfon\/#primaryimage","url":"https:\/\/atana.pl\/wp-content\/uploads\/1967\/01\/x91k-x-mount-system-car-phone-mount-air-vent-car-phone-mount-0-1.webp","contentUrl":"https:\/\/atana.pl\/wp-content\/uploads\/1967\/01\/x91k-x-mount-system-car-phone-mount-air-vent-car-phone-mount-0-1.webp","width":1000,"height":1000,"caption":"x91k x mount system car phone mount air vent car phone mount 0 (1)"},{"@type":"BreadcrumbList","@id":"https:\/\/atana.pl\/sklep-on-line\/armor-x\/x-mount\/uchwyt-do-kratki-nawiewu-armor-x-smartfon\/#breadcrumb","itemListElement":[{"@type":"ListItem","position":1,"name":"Strona g\u0142\u00f3wna","item":"https:\/\/atana.pl\/"},{"@type":"ListItem","position":2,"name":"Sklep on-line","item":"https:\/\/atana.pl\/sklep-on-line\/"},{"@type":"ListItem","position":3,"name":"Uchwyt do kratki nawiewu. Armor &#8211; x. Smartfon"}]},{"@type":"WebSite","@id":"https:\/\/atana.pl\/#website","url":"https:\/\/atana.pl\/","name":"Atana","description":"Akcesoria do \u0142odzi, kamper\u00f3w i przyczep. \u0141odzie motorowe","publisher":{"@id":"https:\/\/atana.pl\/#organization"},"potentialAction":[{"@type":"SearchAction","target":{"@type":"EntryPoint","urlTemplate":"https:\/\/atana.pl\/?s={search_term_string}"},"query-input":{"@type":"PropertyValueSpecification","valueRequired":true,"valueName":"search_term_string"}}],"inLanguage":"en-GB"},{"@type":"Organization","@id":"https:\/\/atana.pl\/#organization","name":"Atana","url":"https:\/\/atana.pl\/","logo":{"@type":"ImageObject","inLanguage":"en-GB","@id":"https:\/\/atana.pl\/#\/schema\/logo\/image\/","url":"","contentUrl":"","caption":"Atana"},"image":{"@id":"https:\/\/atana.pl\/#\/schema\/logo\/image\/"},"sameAs":["https:\/\/www.facebook.com\/atanayachts","https:\/\/www.instagram.com\/atanaboats\/","https:\/\/www.youtube.com\/channel\/UClMMmVqqx17in9QzgxK90Mw"]}]}},"_links":{"self":[{"href":"https:\/\/atana.pl\/en\/wp-json\/wp\/v2\/product\/7936","targetHints":{"allow":["GET"]}}],"collection":[{"href":"https:\/\/atana.pl\/en\/wp-json\/wp\/v2\/product"}],"about":[{"href":"https:\/\/atana.pl\/en\/wp-json\/wp\/v2\/types\/product"}],"wp:featuredmedia":[{"embeddable":true,"href":"https:\/\/atana.pl\/en\/wp-json\/wp\/v2\/media\/7937"}],"wp:attachment":[{"href":"https:\/\/atana.pl\/en\/wp-json\/wp\/v2\/media?parent=7936"}],"wp:term":[{"taxonomy":"product_brand","embeddable":true,"href":"https:\/\/atana.pl\/en\/wp-json\/wp\/v2\/product_brand?post=7936"},{"taxonomy":"product_cat","embeddable":true,"href":"https:\/\/atana.pl\/en\/wp-json\/wp\/v2\/product_cat?post=7936"},{"taxonomy":"product_tag","embeddable":true,"href":"https:\/\/atana.pl\/en\/wp-json\/wp\/v2\/product_tag?post=7936"}],"curies":[{"name":"wp","href":"https:\/\/api.w.org\/{rel}","templated":true}]}}