{"id":7934,"date":"2026-01-15T17:26:40","date_gmt":"2026-01-15T16:26:40","guid":{"rendered":"https:\/\/atana.pl\/?post_type=product&#038;p=7934"},"modified":"2026-01-15T17:26:50","modified_gmt":"2026-01-15T16:26:50","slug":"karabinczyk-multitool-armor-x-6w1","status":"publish","type":"product","link":"https:\/\/atana.pl\/en\/online-shop\/armor-x\/akcesoria-armor-x\/karabinczyk-multitool-armor-x-6w1\/","title":{"rendered":"Karabi\u0144czyk \/ multitool Armor-X 6w1"},"content":{"rendered":"<h1 data-start=\"127\" data-end=\"201\">\u2693 Armor-X EDC-6N1 \u2013 karabi\u0144czyk multi-tool 6w1 do jachtu, outdooru i EDC<\/h1>\n<p data-start=\"221\" data-end=\"549\"><strong data-start=\"221\" data-end=\"268\">Armor-X EDC-6N1 6-in-1 Carabiner Multi-Tool<\/strong> to <strong data-start=\"272\" data-end=\"317\">kompaktowe narz\u0119dzie EDC (Everyday Carry)<\/strong> w formie <strong data-start=\"327\" data-end=\"356\">wytrzyma\u0142ego karabi\u0144czyka<\/strong>, zaprojektowane do codziennego u\u017cytku w <strong data-start=\"397\" data-end=\"460\">\u017ceglarstwie, turystyce wodnej, sporcie, podr\u00f3\u017cy i outdoorze<\/strong>. Idealny zar\u00f3wno na <strong data-start=\"481\" data-end=\"548\">jacht, \u0142\u00f3d\u017a, kemping, jak i do kluczy samochodowych lub plecaka<\/strong>.<\/p>\n<p data-start=\"551\" data-end=\"667\">To jedno niewielkie narz\u0119dzie zast\u0119puje kilka podstawowych akcesori\u00f3w \u2014 zawsze pod r\u0119k\u0105, zawsze gotowe do dzia\u0142ania.<\/p>\n<hr data-start=\"669\" data-end=\"672\" \/>\n<h2 data-start=\"674\" data-end=\"708\">6 funkcji w jednym karabi\u0144czyku<\/h2>\n<p data-start=\"710\" data-end=\"732\">EDC-6N1 \u0142\u0105czy w sobie:<\/p>\n<ul data-start=\"734\" data-end=\"987\">\n<li data-start=\"734\" data-end=\"797\">\n<p data-start=\"736\" data-end=\"797\"><strong data-start=\"736\" data-end=\"751\">Karabi\u0144czyk<\/strong> \u2013 do przypinania kluczy, narz\u0119dzi i sprz\u0119tu<\/p>\n<\/li>\n<li data-start=\"798\" data-end=\"868\">\n<p data-start=\"800\" data-end=\"868\"><strong data-start=\"800\" data-end=\"824\">Otwieracz do butelek<\/strong> \u2013 idealny na pok\u0142adzie jachtu i na biwaku<\/p>\n<\/li>\n<li data-start=\"869\" data-end=\"923\">\n<p data-start=\"871\" data-end=\"923\"><strong data-start=\"871\" data-end=\"893\">No\u017cyk \/ box cutter<\/strong> \u2013 do linek, ta\u015bm i opakowa\u0144<\/p>\n<\/li>\n<li data-start=\"924\" data-end=\"948\">\n<p data-start=\"926\" data-end=\"948\"><strong data-start=\"926\" data-end=\"946\">\u015arubokr\u0119t p\u0142aski<\/strong><\/p>\n<\/li>\n<li data-start=\"949\" data-end=\"973\">\n<p data-start=\"951\" data-end=\"973\"><strong data-start=\"951\" data-end=\"971\">3 klucze p\u0142askie<\/strong><\/p>\n<\/li>\n<li data-start=\"974\" data-end=\"987\">\n<p data-start=\"976\" data-end=\"987\"><strong data-start=\"976\" data-end=\"987\">Linijka<\/strong><\/p>\n<\/li>\n<\/ul>\n<p data-start=\"989\" data-end=\"1013\">To idealne narz\u0119dzie do:<\/p>\n<ul data-start=\"1014\" data-end=\"1110\">\n<li data-start=\"1014\" data-end=\"1044\">\n<p data-start=\"1016\" data-end=\"1044\">drobnych napraw na jachcie<\/p>\n<\/li>\n<li data-start=\"1045\" data-end=\"1079\">\n<p data-start=\"1047\" data-end=\"1079\">regulacji sprz\u0119tu outdoorowego<\/p>\n<\/li>\n<li data-start=\"1080\" data-end=\"1110\">\n<p data-start=\"1082\" data-end=\"1110\">codziennych prac i podr\u00f3\u017cy<\/p>\n<\/li>\n<\/ul>\n<hr data-start=\"1112\" data-end=\"1115\" \/>\n<h2 data-start=\"1117\" data-end=\"1142\">Trwa\u0142o\u015b\u0107 klasy outdoor<\/h2>\n<p data-start=\"1144\" data-end=\"1211\">Wykonany z <strong data-start=\"1155\" data-end=\"1193\">wysokiej jako\u015bci stali nierdzewnej<\/strong>, Armor-X EDC-6N1:<\/p>\n<ul data-start=\"1212\" data-end=\"1318\">\n<li data-start=\"1212\" data-end=\"1248\">\n<p data-start=\"1214\" data-end=\"1248\">jest odporny na wilgo\u0107 i korozj\u0119<\/p>\n<\/li>\n<li data-start=\"1249\" data-end=\"1282\">\n<p data-start=\"1251\" data-end=\"1282\">nadaje si\u0119 do warunk\u00f3w marine<\/p>\n<\/li>\n<li data-start=\"1283\" data-end=\"1318\">\n<p data-start=\"1285\" data-end=\"1318\">wytrzyma intensywne u\u017cytkowanie<\/p>\n<\/li>\n<\/ul>\n<p data-start=\"1320\" data-end=\"1365\">Smuk\u0142a, ergonomiczna konstrukcja sprawia, \u017ce:<\/p>\n<ul data-start=\"1366\" data-end=\"1451\">\n<li data-start=\"1366\" data-end=\"1393\">\n<p data-start=\"1368\" data-end=\"1393\">nie ci\u0105\u017cy przy kluczach<\/p>\n<\/li>\n<li data-start=\"1394\" data-end=\"1418\">\n<p data-start=\"1396\" data-end=\"1418\">nie haczy w kieszeni<\/p>\n<\/li>\n<li data-start=\"1419\" data-end=\"1451\">\n<p data-start=\"1421\" data-end=\"1451\">jest zawsze gotowy do u\u017cycia<\/p>\n<\/li>\n<\/ul>\n<hr data-start=\"1453\" data-end=\"1456\" \/>\n<h2 data-start=\"1458\" data-end=\"1472\">Idealny do:<\/h2>\n<ul data-start=\"1474\" data-end=\"1669\">\n<li data-start=\"1474\" data-end=\"1505\">\n<p data-start=\"1476\" data-end=\"1505\">Jacht\u00f3w i \u0142odzi motorowych.<\/p>\n<\/li>\n<li data-start=\"1506\" data-end=\"1540\">\n<p data-start=\"1508\" data-end=\"1540\">\u017beglarstwa i turystyki wodnej.<\/p>\n<\/li>\n<li data-start=\"1541\" data-end=\"1576\">\n<p data-start=\"1543\" data-end=\"1576\">Kempingu i wypraw outdoorowych.<\/p>\n<\/li>\n<li data-start=\"1577\" data-end=\"1603\">\n<p data-start=\"1579\" data-end=\"1603\">Sport\u00f3w ekstremalnych.<\/p>\n<\/li>\n<li data-start=\"1604\" data-end=\"1635\">\n<p data-start=\"1606\" data-end=\"1635\">Kluczy samochodowych i EDC.<\/p>\n<\/li>\n<li data-start=\"1636\" data-end=\"1669\">\n<p data-start=\"1638\" data-end=\"1669\">Podr\u00f3\u017cy i codziennego u\u017cytku.<\/p>\n<\/li>\n<\/ul>","protected":false},"excerpt":{"rendered":"<p>Karabi\u0144czyk Armor-X EDC-6N1 6w1 do jacht\u00f3w, outdooru i EDC. Multitool ze stali nierdzewnej zawsze pod r\u0119k\u0105.<\/p>","protected":false},"featured_media":7927,"template":"","meta":{"_acf_changed":false},"product_brand":[],"product_cat":[1315,1307],"product_tag":[1316,1420,1413,1415,1421,1414,1417,1418,1423,1416,1419,1422],"class_list":{"0":"post-7934","1":"product","2":"type-product","3":"status-publish","4":"has-post-thumbnail","6":"product_cat-akcesoria-armor-x","7":"product_cat-armor-x","8":"product_tag-armor-x","9":"product_tag-brelok-multitool","10":"product_tag-edc-6n1","11":"product_tag-karabinczyk","12":"product_tag-karabinczyk-do-kluczy","13":"product_tag-multitool","14":"product_tag-multitool-do-jachtu","15":"product_tag-multitool-marine","16":"product_tag-multitool-turystyczny","17":"product_tag-narzedzie-edc","18":"product_tag-narzedzie-outdoor","19":"product_tag-otwieracz-do-butelek","21":"first","22":"instock","23":"taxable","24":"shipping-taxable","25":"purchasable","26":"product-type-simple"},"acf":[],"yoast_head":"<!-- This site is optimized with the Yoast SEO plugin v25.2 - https:\/\/yoast.com\/wordpress\/plugins\/seo\/ -->\n<title>Karabi\u0144czyk \/ multitool Armor-X 6w1 - Atana<\/title>\n<meta name=\"description\" content=\"Armor-X EDC-6N1 \u2013 karabi\u0144czyk multitool 6w1 do jachtu, outdooru i EDC. N\u00f3\u017c, klucze, otwieracz i \u015brubokr\u0119t w jednym.\" \/>\n<meta name=\"robots\" content=\"index, follow, max-snippet:-1, max-image-preview:large, max-video-preview:-1\" \/>\n<link rel=\"canonical\" href=\"https:\/\/atana.pl\/en\/online-shop\/armor-x\/akcesoria-armor-x\/karabinczyk-multitool-armor-x-6w1\/\" \/>\n<meta property=\"og:locale\" content=\"en_GB\" \/>\n<meta property=\"og:type\" content=\"article\" \/>\n<meta property=\"og:title\" content=\"Karabi\u0144czyk \/ multitool Armor-X 6w1 - Atana\" \/>\n<meta property=\"og:description\" content=\"Armor-X EDC-6N1 \u2013 karabi\u0144czyk multitool 6w1 do jachtu, outdooru i EDC. N\u00f3\u017c, klucze, otwieracz i \u015brubokr\u0119t w jednym.\" \/>\n<meta property=\"og:url\" content=\"https:\/\/atana.pl\/en\/online-shop\/armor-x\/akcesoria-armor-x\/karabinczyk-multitool-armor-x-6w1\/\" \/>\n<meta property=\"og:site_name\" content=\"Atana\" \/>\n<meta property=\"article:publisher\" content=\"https:\/\/www.facebook.com\/atanayachts\" \/>\n<meta property=\"article:modified_time\" content=\"2026-01-15T16:26:50+00:00\" \/>\n<meta property=\"og:image\" content=\"https:\/\/atana.pl\/wp-content\/uploads\/1967\/01\/edc-6n1_armor-x_carabiner_white-background.webp\" \/>\n\t<meta property=\"og:image:width\" content=\"1000\" \/>\n\t<meta property=\"og:image:height\" content=\"1000\" \/>\n\t<meta property=\"og:image:type\" content=\"image\/webp\" \/>\n<meta name=\"twitter:card\" content=\"summary_large_image\" \/>\n<meta name=\"twitter:label1\" content=\"Estimated reading time\" \/>\n\t<meta name=\"twitter:data1\" content=\"1 minute\" \/>\n<script type=\"application\/ld+json\" class=\"yoast-schema-graph\">{\"@context\":\"https:\/\/schema.org\",\"@graph\":[{\"@type\":\"WebPage\",\"@id\":\"https:\/\/atana.pl\/sklep-on-line\/armor-x\/akcesoria-armor-x\/karabinczyk-multitool-armor-x-6w1\/\",\"url\":\"https:\/\/atana.pl\/sklep-on-line\/armor-x\/akcesoria-armor-x\/karabinczyk-multitool-armor-x-6w1\/\",\"name\":\"Karabi\u0144czyk \/ multitool Armor-X 6w1 - Atana\",\"isPartOf\":{\"@id\":\"https:\/\/atana.pl\/#website\"},\"primaryImageOfPage\":{\"@id\":\"https:\/\/atana.pl\/sklep-on-line\/armor-x\/akcesoria-armor-x\/karabinczyk-multitool-armor-x-6w1\/#primaryimage\"},\"image\":{\"@id\":\"https:\/\/atana.pl\/sklep-on-line\/armor-x\/akcesoria-armor-x\/karabinczyk-multitool-armor-x-6w1\/#primaryimage\"},\"thumbnailUrl\":\"https:\/\/atana.pl\/wp-content\/uploads\/1967\/01\/edc-6n1_armor-x_carabiner_white-background.webp\",\"datePublished\":\"2026-01-15T16:26:40+00:00\",\"dateModified\":\"2026-01-15T16:26:50+00:00\",\"description\":\"Armor-X EDC-6N1 \u2013 karabi\u0144czyk multitool 6w1 do jachtu, outdooru i EDC. N\u00f3\u017c, klucze, otwieracz i \u015brubokr\u0119t w jednym.\",\"breadcrumb\":{\"@id\":\"https:\/\/atana.pl\/sklep-on-line\/armor-x\/akcesoria-armor-x\/karabinczyk-multitool-armor-x-6w1\/#breadcrumb\"},\"inLanguage\":\"en-GB\",\"potentialAction\":[{\"@type\":\"ReadAction\",\"target\":[\"https:\/\/atana.pl\/sklep-on-line\/armor-x\/akcesoria-armor-x\/karabinczyk-multitool-armor-x-6w1\/\"]}]},{\"@type\":\"ImageObject\",\"inLanguage\":\"en-GB\",\"@id\":\"https:\/\/atana.pl\/sklep-on-line\/armor-x\/akcesoria-armor-x\/karabinczyk-multitool-armor-x-6w1\/#primaryimage\",\"url\":\"https:\/\/atana.pl\/wp-content\/uploads\/1967\/01\/edc-6n1_armor-x_carabiner_white-background.webp\",\"contentUrl\":\"https:\/\/atana.pl\/wp-content\/uploads\/1967\/01\/edc-6n1_armor-x_carabiner_white-background.webp\",\"width\":1000,\"height\":1000,\"caption\":\"edc 6n1 armor x carabiner white background\"},{\"@type\":\"BreadcrumbList\",\"@id\":\"https:\/\/atana.pl\/sklep-on-line\/armor-x\/akcesoria-armor-x\/karabinczyk-multitool-armor-x-6w1\/#breadcrumb\",\"itemListElement\":[{\"@type\":\"ListItem\",\"position\":1,\"name\":\"Strona g\u0142\u00f3wna\",\"item\":\"https:\/\/atana.pl\/\"},{\"@type\":\"ListItem\",\"position\":2,\"name\":\"Sklep on-line\",\"item\":\"https:\/\/atana.pl\/sklep-on-line\/\"},{\"@type\":\"ListItem\",\"position\":3,\"name\":\"Karabi\u0144czyk \/ multitool Armor-X 6w1\"}]},{\"@type\":\"WebSite\",\"@id\":\"https:\/\/atana.pl\/#website\",\"url\":\"https:\/\/atana.pl\/\",\"name\":\"Atana\",\"description\":\"Akcesoria do \u0142odzi, kamper\u00f3w i przyczep. \u0141odzie motorowe\",\"publisher\":{\"@id\":\"https:\/\/atana.pl\/#organization\"},\"potentialAction\":[{\"@type\":\"SearchAction\",\"target\":{\"@type\":\"EntryPoint\",\"urlTemplate\":\"https:\/\/atana.pl\/?s={search_term_string}\"},\"query-input\":{\"@type\":\"PropertyValueSpecification\",\"valueRequired\":true,\"valueName\":\"search_term_string\"}}],\"inLanguage\":\"en-GB\"},{\"@type\":\"Organization\",\"@id\":\"https:\/\/atana.pl\/#organization\",\"name\":\"Atana\",\"url\":\"https:\/\/atana.pl\/\",\"logo\":{\"@type\":\"ImageObject\",\"inLanguage\":\"en-GB\",\"@id\":\"https:\/\/atana.pl\/#\/schema\/logo\/image\/\",\"url\":\"\",\"contentUrl\":\"\",\"caption\":\"Atana\"},\"image\":{\"@id\":\"https:\/\/atana.pl\/#\/schema\/logo\/image\/\"},\"sameAs\":[\"https:\/\/www.facebook.com\/atanayachts\",\"https:\/\/www.instagram.com\/atanaboats\/\",\"https:\/\/www.youtube.com\/channel\/UClMMmVqqx17in9QzgxK90Mw\"]}]}<\/script>\n<!-- \/ Yoast SEO plugin. -->","yoast_head_json":{"title":"Karabi\u0144czyk \/ multitool Armor-X 6w1 - Atana","description":"Armor-X EDC-6N1 \u2013 karabi\u0144czyk multitool 6w1 do jachtu, outdooru i EDC. N\u00f3\u017c, klucze, otwieracz i \u015brubokr\u0119t w jednym.","robots":{"index":"index","follow":"follow","max-snippet":"max-snippet:-1","max-image-preview":"max-image-preview:large","max-video-preview":"max-video-preview:-1"},"canonical":"https:\/\/atana.pl\/en\/online-shop\/armor-x\/akcesoria-armor-x\/karabinczyk-multitool-armor-x-6w1\/","og_locale":"en_GB","og_type":"article","og_title":"Karabi\u0144czyk \/ multitool Armor-X 6w1 - Atana","og_description":"Armor-X EDC-6N1 \u2013 karabi\u0144czyk multitool 6w1 do jachtu, outdooru i EDC. N\u00f3\u017c, klucze, otwieracz i \u015brubokr\u0119t w jednym.","og_url":"https:\/\/atana.pl\/en\/online-shop\/armor-x\/akcesoria-armor-x\/karabinczyk-multitool-armor-x-6w1\/","og_site_name":"Atana","article_publisher":"https:\/\/www.facebook.com\/atanayachts","article_modified_time":"2026-01-15T16:26:50+00:00","og_image":[{"width":1000,"height":1000,"url":"https:\/\/atana.pl\/wp-content\/uploads\/1967\/01\/edc-6n1_armor-x_carabiner_white-background.webp","type":"image\/webp"}],"twitter_card":"summary_large_image","twitter_misc":{"Estimated reading time":"1 minute"},"schema":{"@context":"https:\/\/schema.org","@graph":[{"@type":"WebPage","@id":"https:\/\/atana.pl\/sklep-on-line\/armor-x\/akcesoria-armor-x\/karabinczyk-multitool-armor-x-6w1\/","url":"https:\/\/atana.pl\/sklep-on-line\/armor-x\/akcesoria-armor-x\/karabinczyk-multitool-armor-x-6w1\/","name":"Karabi\u0144czyk \/ multitool Armor-X 6w1 - Atana","isPartOf":{"@id":"https:\/\/atana.pl\/#website"},"primaryImageOfPage":{"@id":"https:\/\/atana.pl\/sklep-on-line\/armor-x\/akcesoria-armor-x\/karabinczyk-multitool-armor-x-6w1\/#primaryimage"},"image":{"@id":"https:\/\/atana.pl\/sklep-on-line\/armor-x\/akcesoria-armor-x\/karabinczyk-multitool-armor-x-6w1\/#primaryimage"},"thumbnailUrl":"https:\/\/atana.pl\/wp-content\/uploads\/1967\/01\/edc-6n1_armor-x_carabiner_white-background.webp","datePublished":"2026-01-15T16:26:40+00:00","dateModified":"2026-01-15T16:26:50+00:00","description":"Armor-X EDC-6N1 \u2013 karabi\u0144czyk multitool 6w1 do jachtu, outdooru i EDC. N\u00f3\u017c, klucze, otwieracz i \u015brubokr\u0119t w jednym.","breadcrumb":{"@id":"https:\/\/atana.pl\/sklep-on-line\/armor-x\/akcesoria-armor-x\/karabinczyk-multitool-armor-x-6w1\/#breadcrumb"},"inLanguage":"en-GB","potentialAction":[{"@type":"ReadAction","target":["https:\/\/atana.pl\/sklep-on-line\/armor-x\/akcesoria-armor-x\/karabinczyk-multitool-armor-x-6w1\/"]}]},{"@type":"ImageObject","inLanguage":"en-GB","@id":"https:\/\/atana.pl\/sklep-on-line\/armor-x\/akcesoria-armor-x\/karabinczyk-multitool-armor-x-6w1\/#primaryimage","url":"https:\/\/atana.pl\/wp-content\/uploads\/1967\/01\/edc-6n1_armor-x_carabiner_white-background.webp","contentUrl":"https:\/\/atana.pl\/wp-content\/uploads\/1967\/01\/edc-6n1_armor-x_carabiner_white-background.webp","width":1000,"height":1000,"caption":"edc 6n1 armor x carabiner white background"},{"@type":"BreadcrumbList","@id":"https:\/\/atana.pl\/sklep-on-line\/armor-x\/akcesoria-armor-x\/karabinczyk-multitool-armor-x-6w1\/#breadcrumb","itemListElement":[{"@type":"ListItem","position":1,"name":"Strona g\u0142\u00f3wna","item":"https:\/\/atana.pl\/"},{"@type":"ListItem","position":2,"name":"Sklep on-line","item":"https:\/\/atana.pl\/sklep-on-line\/"},{"@type":"ListItem","position":3,"name":"Karabi\u0144czyk \/ multitool Armor-X 6w1"}]},{"@type":"WebSite","@id":"https:\/\/atana.pl\/#website","url":"https:\/\/atana.pl\/","name":"Atana","description":"Akcesoria do \u0142odzi, kamper\u00f3w i przyczep. \u0141odzie motorowe","publisher":{"@id":"https:\/\/atana.pl\/#organization"},"potentialAction":[{"@type":"SearchAction","target":{"@type":"EntryPoint","urlTemplate":"https:\/\/atana.pl\/?s={search_term_string}"},"query-input":{"@type":"PropertyValueSpecification","valueRequired":true,"valueName":"search_term_string"}}],"inLanguage":"en-GB"},{"@type":"Organization","@id":"https:\/\/atana.pl\/#organization","name":"Atana","url":"https:\/\/atana.pl\/","logo":{"@type":"ImageObject","inLanguage":"en-GB","@id":"https:\/\/atana.pl\/#\/schema\/logo\/image\/","url":"","contentUrl":"","caption":"Atana"},"image":{"@id":"https:\/\/atana.pl\/#\/schema\/logo\/image\/"},"sameAs":["https:\/\/www.facebook.com\/atanayachts","https:\/\/www.instagram.com\/atanaboats\/","https:\/\/www.youtube.com\/channel\/UClMMmVqqx17in9QzgxK90Mw"]}]}},"_links":{"self":[{"href":"https:\/\/atana.pl\/en\/wp-json\/wp\/v2\/product\/7934","targetHints":{"allow":["GET"]}}],"collection":[{"href":"https:\/\/atana.pl\/en\/wp-json\/wp\/v2\/product"}],"about":[{"href":"https:\/\/atana.pl\/en\/wp-json\/wp\/v2\/types\/product"}],"wp:featuredmedia":[{"embeddable":true,"href":"https:\/\/atana.pl\/en\/wp-json\/wp\/v2\/media\/7927"}],"wp:attachment":[{"href":"https:\/\/atana.pl\/en\/wp-json\/wp\/v2\/media?parent=7934"}],"wp:term":[{"taxonomy":"product_brand","embeddable":true,"href":"https:\/\/atana.pl\/en\/wp-json\/wp\/v2\/product_brand?post=7934"},{"taxonomy":"product_cat","embeddable":true,"href":"https:\/\/atana.pl\/en\/wp-json\/wp\/v2\/product_cat?post=7934"},{"taxonomy":"product_tag","embeddable":true,"href":"https:\/\/atana.pl\/en\/wp-json\/wp\/v2\/product_tag?post=7934"}],"curies":[{"name":"wp","href":"https:\/\/api.w.org\/{rel}","templated":true}]}}