{"id":7919,"date":"2026-01-15T17:10:43","date_gmt":"2026-01-15T16:10:43","guid":{"rendered":"https:\/\/atana.pl\/?post_type=product&#038;p=7919"},"modified":"2026-01-20T16:41:55","modified_gmt":"2026-01-20T15:41:55","slug":"uchwyt-do-tabletu-one-lock-na-jacht-i-lodz-przykrecany","status":"publish","type":"product","link":"https:\/\/atana.pl\/en\/online-shop\/armor-x\/x-mount\/uchwyt-do-tabletu-one-lock-na-jacht-i-lodz-przykrecany\/","title":{"rendered":"Uchwyt Armor-X Heavy duty, przykr\u0119cany. Tablet"},"content":{"rendered":"<h1 data-start=\"121\" data-end=\"212\">\u2693 Armor-X P2T \u2013 Heavy-Duty uchwyt przykr\u0119cany do tablet\u00f3w ONE-LOCK do jacht\u00f3w i off-roadu<\/h1>\n<p data-start=\"232\" data-end=\"520\"><strong data-start=\"232\" data-end=\"282\">Armor-X P2T Heavy-Duty Square Drill-Down Mount<\/strong> to <strong data-start=\"286\" data-end=\"346\">profesjonalny uchwyt monta\u017cowy klasy marine i industrial<\/strong>, zaprojektowany do <strong data-start=\"366\" data-end=\"420\">trwa\u0142ego przykr\u0119cenia tablet\u00f3w w systemie ONE-LOCK<\/strong> do pulpit\u00f3w sterowniczych, kokpit\u00f3w jacht\u00f3w, konsol RIB-\u00f3w, pojazd\u00f3w terenowych i maszyn roboczych.<\/p>\n<p data-start=\"522\" data-end=\"568\">To rozwi\u0105zanie stworzone do pracy w warunkach:<\/p>\n<ul data-start=\"569\" data-end=\"664\">\n<li data-start=\"569\" data-end=\"584\">\n<p data-start=\"571\" data-end=\"584\"><strong data-start=\"571\" data-end=\"584\">falowania<\/strong><\/p>\n<\/li>\n<li data-start=\"585\" data-end=\"607\">\n<p data-start=\"587\" data-end=\"607\"><strong data-start=\"587\" data-end=\"607\">silnych wibracji<\/strong><\/p>\n<\/li>\n<li data-start=\"608\" data-end=\"634\">\n<p data-start=\"610\" data-end=\"634\"><strong data-start=\"610\" data-end=\"634\">uderze\u0144 i przeci\u0105\u017ce\u0144<\/strong><\/p>\n<\/li>\n<li data-start=\"635\" data-end=\"664\">\n<p data-start=\"637\" data-end=\"664\"><strong data-start=\"637\" data-end=\"664\">wilgoci i soli morskiej<\/strong><\/p>\n<\/li>\n<\/ul>\n<p data-start=\"666\" data-end=\"722\">czyli tam, gdzie zwyk\u0142e uchwyty po prostu nie daj\u0105 rady.<\/p>\n<hr data-start=\"724\" data-end=\"727\" \/>\n<h2 data-start=\"729\" data-end=\"779\">Podstawa do przykr\u0119cenia \u2013 stabilno\u015b\u0107 absolutna<\/h2>\n<p data-start=\"781\" data-end=\"800\">Podstawa monta\u017cowa:<\/p>\n<ul data-start=\"801\" data-end=\"879\">\n<li data-start=\"801\" data-end=\"817\">\n<p data-start=\"803\" data-end=\"817\"><strong data-start=\"803\" data-end=\"817\">55 \u00d7 55 mm<\/strong><\/p>\n<\/li>\n<li data-start=\"818\" data-end=\"854\">\n<p data-start=\"820\" data-end=\"854\"><strong data-start=\"820\" data-end=\"854\">4 otwory monta\u017cowe 6 mm \/ 1\/4&#8243;<\/strong><\/p>\n<\/li>\n<li data-start=\"855\" data-end=\"879\">\n<p data-start=\"857\" data-end=\"879\"><strong data-start=\"857\" data-end=\"879\">rozstaw 40 \u00d7 40 mm<\/strong><\/p>\n<\/li>\n<\/ul>\n<p data-start=\"881\" data-end=\"927\">umo\u017cliwia <strong data-start=\"891\" data-end=\"915\">sztywne przykr\u0119cenie<\/strong> uchwytu do:<\/p>\n<ul data-start=\"928\" data-end=\"1023\">\n<li data-start=\"928\" data-end=\"946\">\n<p data-start=\"930\" data-end=\"946\">kokpitu jachtu<\/p>\n<\/li>\n<li data-start=\"947\" data-end=\"971\">\n<p data-start=\"949\" data-end=\"971\">konsoli sterowniczej<\/p>\n<\/li>\n<li data-start=\"972\" data-end=\"983\">\n<p data-start=\"974\" data-end=\"983\">pok\u0142adu<\/p>\n<\/li>\n<li data-start=\"984\" data-end=\"1002\">\n<p data-start=\"986\" data-end=\"1002\">kabiny pojazdu<\/p>\n<\/li>\n<li data-start=\"1003\" data-end=\"1023\">\n<p data-start=\"1005\" data-end=\"1023\">maszyn roboczych<\/p>\n<\/li>\n<\/ul>\n<p data-start=\"1025\" data-end=\"1093\">Dzi\u0119ki temu tablet dzia\u0142a jak <strong data-start=\"1055\" data-end=\"1092\">sta\u0142y ploter lub terminal roboczy<\/strong>.<\/p>\n<hr data-start=\"1095\" data-end=\"1098\" \/>\n<h2 data-start=\"1100\" data-end=\"1149\">Konstrukcja lotnicza i podw\u00f3jny przegub kulowy<\/h2>\n<p data-start=\"1151\" data-end=\"1202\">Rami\u0119 wykonane z <strong data-start=\"1168\" data-end=\"1192\">aluminium lotniczego<\/strong> zapewnia:<\/p>\n<ul data-start=\"1203\" data-end=\"1291\">\n<li data-start=\"1203\" data-end=\"1227\">\n<p data-start=\"1205\" data-end=\"1227\">maksymaln\u0105 sztywno\u015b\u0107<\/p>\n<\/li>\n<li data-start=\"1228\" data-end=\"1252\">\n<p data-start=\"1230\" data-end=\"1252\">odporno\u015b\u0107 na korozj\u0119<\/p>\n<\/li>\n<li data-start=\"1253\" data-end=\"1291\">\n<p data-start=\"1255\" data-end=\"1291\">d\u0142ug\u0105 \u017cywotno\u015b\u0107 w warunkach marine<\/p>\n<\/li>\n<\/ul>\n<p data-start=\"1293\" data-end=\"1340\">System <strong data-start=\"1300\" data-end=\"1339\">podw\u00f3jnej kuli 1&#8243; (dual ball joint)<\/strong>:<\/p>\n<ul data-start=\"1341\" data-end=\"1429\">\n<li data-start=\"1341\" data-end=\"1370\">\n<p data-start=\"1343\" data-end=\"1370\">umo\u017cliwia pe\u0142n\u0105 regulacj\u0119<\/p>\n<\/li>\n<li data-start=\"1371\" data-end=\"1407\">\n<p data-start=\"1373\" data-end=\"1407\">blokuje pozycj\u0119 jednym pokr\u0119t\u0142em<\/p>\n<\/li>\n<li data-start=\"1408\" data-end=\"1429\">\n<p data-start=\"1410\" data-end=\"1429\">eliminuje drgania<\/p>\n<\/li>\n<\/ul>\n<hr data-start=\"1431\" data-end=\"1434\" \/>\n<h2 data-start=\"1436\" data-end=\"1463\">Modu\u0142owa budowa ONE-LOCK<\/h2>\n<p data-start=\"1465\" data-end=\"1493\">System <strong data-start=\"1472\" data-end=\"1484\">ONE-LOCK<\/strong> pozwala:<\/p>\n<ul data-start=\"1494\" data-end=\"1594\">\n<li data-start=\"1494\" data-end=\"1524\">\n<p data-start=\"1496\" data-end=\"1524\">dopasowa\u0107 d\u0142ugo\u015b\u0107 ramienia<\/p>\n<\/li>\n<li data-start=\"1525\" data-end=\"1550\">\n<p data-start=\"1527\" data-end=\"1550\">zmienia\u0107 konfiguracj\u0119<\/p>\n<\/li>\n<li data-start=\"1551\" data-end=\"1594\">\n<p data-start=\"1553\" data-end=\"1594\">rozbudowa\u0107 uchwyt pod w\u0142asn\u0105 instalacj\u0119<\/p>\n<\/li>\n<\/ul>\n<p data-start=\"1596\" data-end=\"1634\">Wbudowane prowadzenie kabli umo\u017cliwia:<\/p>\n<ul data-start=\"1635\" data-end=\"1736\">\n<li data-start=\"1635\" data-end=\"1671\">\n<p data-start=\"1637\" data-end=\"1671\">estetyczne pod\u0142\u0105czenie zasilania<\/p>\n<\/li>\n<li data-start=\"1672\" data-end=\"1702\">\n<p data-start=\"1674\" data-end=\"1702\">\u0142adowanie tabletu na sta\u0142e<\/p>\n<\/li>\n<li data-start=\"1703\" data-end=\"1736\">\n<p data-start=\"1705\" data-end=\"1736\">brak pl\u0105cz\u0105cych si\u0119 przewod\u00f3w<\/p>\n<\/li>\n<\/ul>\n<hr data-start=\"1738\" data-end=\"1741\" \/>\n<h2 data-start=\"1743\" data-end=\"1770\">Dost\u0119pne d\u0142ugo\u015bci ramion<\/h2>\n<ul data-start=\"1772\" data-end=\"1902\">\n<li data-start=\"1772\" data-end=\"1803\">\n<p data-start=\"1774\" data-end=\"1803\"><strong data-start=\"1774\" data-end=\"1795\">Short arm single:<\/strong> 90 mm<\/p>\n<\/li>\n<li data-start=\"1804\" data-end=\"1835\">\n<p data-start=\"1806\" data-end=\"1835\"><strong data-start=\"1806\" data-end=\"1826\">Long arm single:<\/strong> 150 mm<\/p>\n<\/li>\n<li data-start=\"1836\" data-end=\"1866\">\n<p data-start=\"1838\" data-end=\"1866\"><strong data-start=\"1838\" data-end=\"1857\">Short arm dual:<\/strong> 195 mm<\/p>\n<\/li>\n<li data-start=\"1867\" data-end=\"1902\">\n<p data-start=\"1869\" data-end=\"1902\"><strong data-start=\"1869\" data-end=\"1893\">Short arm dual plus:<\/strong> 270 mm<\/p>\n<\/li>\n<\/ul>\n<p data-start=\"1904\" data-end=\"1944\">Pozwala to idealnie dopasowa\u0107 uchwyt do:<\/p>\n<ul data-start=\"1945\" data-end=\"2006\">\n<li data-start=\"1945\" data-end=\"1966\">\n<p data-start=\"1947\" data-end=\"1966\">wielko\u015bci tabletu<\/p>\n<\/li>\n<li data-start=\"1967\" data-end=\"1987\">\n<p data-start=\"1969\" data-end=\"1987\">pozycji sternika<\/p>\n<\/li>\n<li data-start=\"1988\" data-end=\"2006\">\n<p data-start=\"1990\" data-end=\"2006\">uk\u0142adu kokpitu<\/p>\n<\/li>\n<\/ul>\n<hr data-start=\"2008\" data-end=\"2011\" \/>\n<h2 data-start=\"2013\" data-end=\"2027\">Idealny do:<\/h2>\n<ul data-start=\"2029\" data-end=\"2246\">\n<li data-start=\"2029\" data-end=\"2060\">\n<p data-start=\"2031\" data-end=\"2060\">Jacht\u00f3w i \u0142odzi motorowych.<\/p>\n<\/li>\n<li data-start=\"2061\" data-end=\"2097\">\n<p data-start=\"2063\" data-end=\"2097\">RIB-\u00f3w i jednostek komercyjnych.<\/p>\n<\/li>\n<li data-start=\"2098\" data-end=\"2132\">\n<p data-start=\"2100\" data-end=\"2132\">Ploter\u00f3w i nawigacji morskiej.<\/p>\n<\/li>\n<li data-start=\"2133\" data-end=\"2169\">\n<p data-start=\"2135\" data-end=\"2169\">Pojazd\u00f3w off-road i wyprawowych.<\/p>\n<\/li>\n<li data-start=\"2170\" data-end=\"2206\">\n<p data-start=\"2172\" data-end=\"2206\">Maszyn budowlanych i rolniczych.<\/p>\n<\/li>\n<li data-start=\"2207\" data-end=\"2246\">\n<p data-start=\"2209\" data-end=\"2246\">System\u00f3w POS i terminali mobilnych.<\/p>\n<\/li>\n<\/ul>","protected":false},"excerpt":{"rendered":"<p>Profesjonalny uchwyt Armor-X P2T ONE-LOCK do tablet\u00f3w na jachty i pojazdy off-road. Monta\u017c przykr\u0119cany, aluminium lotnicze.<\/p>","protected":false},"featured_media":7922,"template":"","meta":{"_acf_changed":false},"product_brand":[],"product_cat":[1307,1309],"product_tag":[1316,1407,1406,1342,1400,1411,1335,1408,1412,1334,1410,1338,1340,1409],"class_list":{"0":"post-7919","1":"product","2":"type-product","3":"status-publish","4":"has-post-thumbnail","6":"product_cat-armor-x","7":"product_cat-x-mount","8":"product_tag-armor-x","9":"product_tag-one-lock","10":"product_tag-p2t","11":"product_tag-uchwyt-do-gps","12":"product_tag-uchwyt-do-jachtu","13":"product_tag-uchwyt-do-kokpitu","14":"product_tag-uchwyt-do-nawigacji","15":"product_tag-uchwyt-do-ploterow","16":"product_tag-uchwyt-do-rib","17":"product_tag-uchwyt-do-tabletu","18":"product_tag-uchwyt-heavy-duty","19":"product_tag-uchwyt-marine","20":"product_tag-uchwyt-offroad","21":"product_tag-uchwyt-przemyslowy","23":"first","24":"instock","25":"taxable","26":"shipping-taxable","27":"purchasable","28":"product-type-simple"},"acf":[],"yoast_head":"<!-- This site is optimized with the Yoast SEO plugin v25.2 - https:\/\/yoast.com\/wordpress\/plugins\/seo\/ -->\n<title>Uchwyt Armor-X Heavy duty, przykr\u0119cany. Tablet - Atana<\/title>\n<meta name=\"description\" content=\"Heavy-duty uchwyt Armor-X P2T ONE-LOCK do tablet\u00f3w na jachty, RIB-y i off-road. Monta\u017c przykr\u0119cany, pe\u0142na regulacja. Pasuje do etui Armor-X do tablet\u00f3w\" \/>\n<meta name=\"robots\" content=\"index, follow, max-snippet:-1, max-image-preview:large, max-video-preview:-1\" \/>\n<link rel=\"canonical\" href=\"https:\/\/atana.pl\/en\/online-shop\/armor-x\/x-mount\/uchwyt-do-tabletu-one-lock-na-jacht-i-lodz-przykrecany\/\" \/>\n<meta property=\"og:locale\" content=\"en_GB\" \/>\n<meta property=\"og:type\" content=\"article\" \/>\n<meta property=\"og:title\" content=\"Uchwyt Armor-X Heavy duty, przykr\u0119cany. Tablet - Atana\" \/>\n<meta property=\"og:description\" content=\"Heavy-duty uchwyt Armor-X P2T ONE-LOCK do tablet\u00f3w na jachty, RIB-y i off-road. Monta\u017c przykr\u0119cany, pe\u0142na regulacja. Pasuje do etui Armor-X do tablet\u00f3w\" \/>\n<meta property=\"og:url\" content=\"https:\/\/atana.pl\/en\/online-shop\/armor-x\/x-mount\/uchwyt-do-tabletu-one-lock-na-jacht-i-lodz-przykrecany\/\" \/>\n<meta property=\"og:site_name\" content=\"Atana\" \/>\n<meta property=\"article:publisher\" content=\"https:\/\/www.facebook.com\/atanayachts\" \/>\n<meta property=\"article:modified_time\" content=\"2026-01-20T15:41:55+00:00\" \/>\n<meta property=\"og:image\" content=\"https:\/\/atana.pl\/wp-content\/uploads\/1967\/01\/XF-P2T-Armor-X-ONE-LOCK-X-mount-Square-Drill-Down-Mount-TYPE-T_1.webp\" \/>\n\t<meta property=\"og:image:width\" content=\"1000\" \/>\n\t<meta property=\"og:image:height\" content=\"1000\" \/>\n\t<meta property=\"og:image:type\" content=\"image\/webp\" \/>\n<meta name=\"twitter:card\" content=\"summary_large_image\" \/>\n<meta name=\"twitter:label1\" content=\"Estimated reading time\" \/>\n\t<meta name=\"twitter:data1\" content=\"1 minute\" \/>\n<script type=\"application\/ld+json\" class=\"yoast-schema-graph\">{\"@context\":\"https:\/\/schema.org\",\"@graph\":[{\"@type\":\"WebPage\",\"@id\":\"https:\/\/atana.pl\/sklep-on-line\/armor-x\/x-mount\/uchwyt-do-tabletu-one-lock-na-jacht-i-lodz-przykrecany\/\",\"url\":\"https:\/\/atana.pl\/sklep-on-line\/armor-x\/x-mount\/uchwyt-do-tabletu-one-lock-na-jacht-i-lodz-przykrecany\/\",\"name\":\"Uchwyt Armor-X Heavy duty, przykr\u0119cany. Tablet - Atana\",\"isPartOf\":{\"@id\":\"https:\/\/atana.pl\/#website\"},\"primaryImageOfPage\":{\"@id\":\"https:\/\/atana.pl\/sklep-on-line\/armor-x\/x-mount\/uchwyt-do-tabletu-one-lock-na-jacht-i-lodz-przykrecany\/#primaryimage\"},\"image\":{\"@id\":\"https:\/\/atana.pl\/sklep-on-line\/armor-x\/x-mount\/uchwyt-do-tabletu-one-lock-na-jacht-i-lodz-przykrecany\/#primaryimage\"},\"thumbnailUrl\":\"https:\/\/atana.pl\/wp-content\/uploads\/1967\/01\/XF-P2T-Armor-X-ONE-LOCK-X-mount-Square-Drill-Down-Mount-TYPE-T_1.webp\",\"datePublished\":\"2026-01-15T16:10:43+00:00\",\"dateModified\":\"2026-01-20T15:41:55+00:00\",\"description\":\"Heavy-duty uchwyt Armor-X P2T ONE-LOCK do tablet\u00f3w na jachty, RIB-y i off-road. Monta\u017c przykr\u0119cany, pe\u0142na regulacja. Pasuje do etui Armor-X do tablet\u00f3w\",\"breadcrumb\":{\"@id\":\"https:\/\/atana.pl\/sklep-on-line\/armor-x\/x-mount\/uchwyt-do-tabletu-one-lock-na-jacht-i-lodz-przykrecany\/#breadcrumb\"},\"inLanguage\":\"en-GB\",\"potentialAction\":[{\"@type\":\"ReadAction\",\"target\":[\"https:\/\/atana.pl\/sklep-on-line\/armor-x\/x-mount\/uchwyt-do-tabletu-one-lock-na-jacht-i-lodz-przykrecany\/\"]}]},{\"@type\":\"ImageObject\",\"inLanguage\":\"en-GB\",\"@id\":\"https:\/\/atana.pl\/sklep-on-line\/armor-x\/x-mount\/uchwyt-do-tabletu-one-lock-na-jacht-i-lodz-przykrecany\/#primaryimage\",\"url\":\"https:\/\/atana.pl\/wp-content\/uploads\/1967\/01\/XF-P2T-Armor-X-ONE-LOCK-X-mount-Square-Drill-Down-Mount-TYPE-T_1.webp\",\"contentUrl\":\"https:\/\/atana.pl\/wp-content\/uploads\/1967\/01\/XF-P2T-Armor-X-ONE-LOCK-X-mount-Square-Drill-Down-Mount-TYPE-T_1.webp\",\"width\":1000,\"height\":1000,\"caption\":\"XF P2T Armor X ONE LOCK X mount Square Drill Down Mount TYPE T 1\"},{\"@type\":\"BreadcrumbList\",\"@id\":\"https:\/\/atana.pl\/sklep-on-line\/armor-x\/x-mount\/uchwyt-do-tabletu-one-lock-na-jacht-i-lodz-przykrecany\/#breadcrumb\",\"itemListElement\":[{\"@type\":\"ListItem\",\"position\":1,\"name\":\"Strona g\u0142\u00f3wna\",\"item\":\"https:\/\/atana.pl\/\"},{\"@type\":\"ListItem\",\"position\":2,\"name\":\"Sklep on-line\",\"item\":\"https:\/\/atana.pl\/sklep-on-line\/\"},{\"@type\":\"ListItem\",\"position\":3,\"name\":\"Uchwyt Armor-X Heavy duty, przykr\u0119cany. Tablet\"}]},{\"@type\":\"WebSite\",\"@id\":\"https:\/\/atana.pl\/#website\",\"url\":\"https:\/\/atana.pl\/\",\"name\":\"Atana\",\"description\":\"Akcesoria do \u0142odzi, kamper\u00f3w i przyczep. \u0141odzie motorowe\",\"publisher\":{\"@id\":\"https:\/\/atana.pl\/#organization\"},\"potentialAction\":[{\"@type\":\"SearchAction\",\"target\":{\"@type\":\"EntryPoint\",\"urlTemplate\":\"https:\/\/atana.pl\/?s={search_term_string}\"},\"query-input\":{\"@type\":\"PropertyValueSpecification\",\"valueRequired\":true,\"valueName\":\"search_term_string\"}}],\"inLanguage\":\"en-GB\"},{\"@type\":\"Organization\",\"@id\":\"https:\/\/atana.pl\/#organization\",\"name\":\"Atana\",\"url\":\"https:\/\/atana.pl\/\",\"logo\":{\"@type\":\"ImageObject\",\"inLanguage\":\"en-GB\",\"@id\":\"https:\/\/atana.pl\/#\/schema\/logo\/image\/\",\"url\":\"\",\"contentUrl\":\"\",\"caption\":\"Atana\"},\"image\":{\"@id\":\"https:\/\/atana.pl\/#\/schema\/logo\/image\/\"},\"sameAs\":[\"https:\/\/www.facebook.com\/atanayachts\",\"https:\/\/www.instagram.com\/atanaboats\/\",\"https:\/\/www.youtube.com\/channel\/UClMMmVqqx17in9QzgxK90Mw\"]}]}<\/script>\n<!-- \/ Yoast SEO plugin. -->","yoast_head_json":{"title":"Uchwyt Armor-X Heavy duty, przykr\u0119cany. Tablet - Atana","description":"Heavy-duty uchwyt Armor-X P2T ONE-LOCK do tablet\u00f3w na jachty, RIB-y i off-road. Monta\u017c przykr\u0119cany, pe\u0142na regulacja. Pasuje do etui Armor-X do tablet\u00f3w","robots":{"index":"index","follow":"follow","max-snippet":"max-snippet:-1","max-image-preview":"max-image-preview:large","max-video-preview":"max-video-preview:-1"},"canonical":"https:\/\/atana.pl\/en\/online-shop\/armor-x\/x-mount\/uchwyt-do-tabletu-one-lock-na-jacht-i-lodz-przykrecany\/","og_locale":"en_GB","og_type":"article","og_title":"Uchwyt Armor-X Heavy duty, przykr\u0119cany. Tablet - Atana","og_description":"Heavy-duty uchwyt Armor-X P2T ONE-LOCK do tablet\u00f3w na jachty, RIB-y i off-road. Monta\u017c przykr\u0119cany, pe\u0142na regulacja. Pasuje do etui Armor-X do tablet\u00f3w","og_url":"https:\/\/atana.pl\/en\/online-shop\/armor-x\/x-mount\/uchwyt-do-tabletu-one-lock-na-jacht-i-lodz-przykrecany\/","og_site_name":"Atana","article_publisher":"https:\/\/www.facebook.com\/atanayachts","article_modified_time":"2026-01-20T15:41:55+00:00","og_image":[{"width":1000,"height":1000,"url":"https:\/\/atana.pl\/wp-content\/uploads\/1967\/01\/XF-P2T-Armor-X-ONE-LOCK-X-mount-Square-Drill-Down-Mount-TYPE-T_1.webp","type":"image\/webp"}],"twitter_card":"summary_large_image","twitter_misc":{"Estimated reading time":"1 minute"},"schema":{"@context":"https:\/\/schema.org","@graph":[{"@type":"WebPage","@id":"https:\/\/atana.pl\/sklep-on-line\/armor-x\/x-mount\/uchwyt-do-tabletu-one-lock-na-jacht-i-lodz-przykrecany\/","url":"https:\/\/atana.pl\/sklep-on-line\/armor-x\/x-mount\/uchwyt-do-tabletu-one-lock-na-jacht-i-lodz-przykrecany\/","name":"Uchwyt Armor-X Heavy duty, przykr\u0119cany. Tablet - Atana","isPartOf":{"@id":"https:\/\/atana.pl\/#website"},"primaryImageOfPage":{"@id":"https:\/\/atana.pl\/sklep-on-line\/armor-x\/x-mount\/uchwyt-do-tabletu-one-lock-na-jacht-i-lodz-przykrecany\/#primaryimage"},"image":{"@id":"https:\/\/atana.pl\/sklep-on-line\/armor-x\/x-mount\/uchwyt-do-tabletu-one-lock-na-jacht-i-lodz-przykrecany\/#primaryimage"},"thumbnailUrl":"https:\/\/atana.pl\/wp-content\/uploads\/1967\/01\/XF-P2T-Armor-X-ONE-LOCK-X-mount-Square-Drill-Down-Mount-TYPE-T_1.webp","datePublished":"2026-01-15T16:10:43+00:00","dateModified":"2026-01-20T15:41:55+00:00","description":"Heavy-duty uchwyt Armor-X P2T ONE-LOCK do tablet\u00f3w na jachty, RIB-y i off-road. Monta\u017c przykr\u0119cany, pe\u0142na regulacja. Pasuje do etui Armor-X do tablet\u00f3w","breadcrumb":{"@id":"https:\/\/atana.pl\/sklep-on-line\/armor-x\/x-mount\/uchwyt-do-tabletu-one-lock-na-jacht-i-lodz-przykrecany\/#breadcrumb"},"inLanguage":"en-GB","potentialAction":[{"@type":"ReadAction","target":["https:\/\/atana.pl\/sklep-on-line\/armor-x\/x-mount\/uchwyt-do-tabletu-one-lock-na-jacht-i-lodz-przykrecany\/"]}]},{"@type":"ImageObject","inLanguage":"en-GB","@id":"https:\/\/atana.pl\/sklep-on-line\/armor-x\/x-mount\/uchwyt-do-tabletu-one-lock-na-jacht-i-lodz-przykrecany\/#primaryimage","url":"https:\/\/atana.pl\/wp-content\/uploads\/1967\/01\/XF-P2T-Armor-X-ONE-LOCK-X-mount-Square-Drill-Down-Mount-TYPE-T_1.webp","contentUrl":"https:\/\/atana.pl\/wp-content\/uploads\/1967\/01\/XF-P2T-Armor-X-ONE-LOCK-X-mount-Square-Drill-Down-Mount-TYPE-T_1.webp","width":1000,"height":1000,"caption":"XF P2T Armor X ONE LOCK X mount Square Drill Down Mount TYPE T 1"},{"@type":"BreadcrumbList","@id":"https:\/\/atana.pl\/sklep-on-line\/armor-x\/x-mount\/uchwyt-do-tabletu-one-lock-na-jacht-i-lodz-przykrecany\/#breadcrumb","itemListElement":[{"@type":"ListItem","position":1,"name":"Strona g\u0142\u00f3wna","item":"https:\/\/atana.pl\/"},{"@type":"ListItem","position":2,"name":"Sklep on-line","item":"https:\/\/atana.pl\/sklep-on-line\/"},{"@type":"ListItem","position":3,"name":"Uchwyt Armor-X Heavy duty, przykr\u0119cany. Tablet"}]},{"@type":"WebSite","@id":"https:\/\/atana.pl\/#website","url":"https:\/\/atana.pl\/","name":"Atana","description":"Akcesoria do \u0142odzi, kamper\u00f3w i przyczep. \u0141odzie motorowe","publisher":{"@id":"https:\/\/atana.pl\/#organization"},"potentialAction":[{"@type":"SearchAction","target":{"@type":"EntryPoint","urlTemplate":"https:\/\/atana.pl\/?s={search_term_string}"},"query-input":{"@type":"PropertyValueSpecification","valueRequired":true,"valueName":"search_term_string"}}],"inLanguage":"en-GB"},{"@type":"Organization","@id":"https:\/\/atana.pl\/#organization","name":"Atana","url":"https:\/\/atana.pl\/","logo":{"@type":"ImageObject","inLanguage":"en-GB","@id":"https:\/\/atana.pl\/#\/schema\/logo\/image\/","url":"","contentUrl":"","caption":"Atana"},"image":{"@id":"https:\/\/atana.pl\/#\/schema\/logo\/image\/"},"sameAs":["https:\/\/www.facebook.com\/atanayachts","https:\/\/www.instagram.com\/atanaboats\/","https:\/\/www.youtube.com\/channel\/UClMMmVqqx17in9QzgxK90Mw"]}]}},"_links":{"self":[{"href":"https:\/\/atana.pl\/en\/wp-json\/wp\/v2\/product\/7919","targetHints":{"allow":["GET"]}}],"collection":[{"href":"https:\/\/atana.pl\/en\/wp-json\/wp\/v2\/product"}],"about":[{"href":"https:\/\/atana.pl\/en\/wp-json\/wp\/v2\/types\/product"}],"wp:featuredmedia":[{"embeddable":true,"href":"https:\/\/atana.pl\/en\/wp-json\/wp\/v2\/media\/7922"}],"wp:attachment":[{"href":"https:\/\/atana.pl\/en\/wp-json\/wp\/v2\/media?parent=7919"}],"wp:term":[{"taxonomy":"product_brand","embeddable":true,"href":"https:\/\/atana.pl\/en\/wp-json\/wp\/v2\/product_brand?post=7919"},{"taxonomy":"product_cat","embeddable":true,"href":"https:\/\/atana.pl\/en\/wp-json\/wp\/v2\/product_cat?post=7919"},{"taxonomy":"product_tag","embeddable":true,"href":"https:\/\/atana.pl\/en\/wp-json\/wp\/v2\/product_tag?post=7919"}],"curies":[{"name":"wp","href":"https:\/\/api.w.org\/{rel}","templated":true}]}}