{"id":7915,"date":"2026-01-15T16:31:03","date_gmt":"2026-01-15T15:31:03","guid":{"rendered":"https:\/\/atana.pl\/?post_type=product&#038;p=7915"},"modified":"2026-01-15T16:31:05","modified_gmt":"2026-01-15T15:31:05","slug":"stojak-uchwyt-do-tabletu-i-smartfona","status":"publish","type":"product","link":"https:\/\/atana.pl\/en\/online-shop\/armor-x\/x-mount\/stojak-uchwyt-do-tabletu-i-smartfona\/","title":{"rendered":"Stojak Armor-X, Uchwyt \u015bcienny i p\u00f3\u0142kowy. Tablet, smartfon"},"content":{"rendered":"<h1 data-start=\"179\" data-end=\"278\">\u2693 Aluminiowy uchwyt \u015bcienny i blatowy do tablet\u00f3w 7\u201310,5&#8243; \u2013 idealny do jacht\u00f3w, gastronomii i POS<\/h1>\n<p data-start=\"298\" data-end=\"637\">Ten <strong data-start=\"302\" data-end=\"361\">profesjonalny aluminiowy uchwyt do tablet\u00f3w 7\u201310,5 cala<\/strong> to <strong data-start=\"365\" data-end=\"404\">wszechstronne rozwi\u0105zanie monta\u017cowe<\/strong>, kt\u00f3re mo\u017cna zamontowa\u0107 <strong data-start=\"429\" data-end=\"496\">na \u015bcianie, pod szafk\u0105, w kokpicie jachtu lub ustawi\u0107 na blacie<\/strong>. Doskonale sprawdza si\u0119 zar\u00f3wno na <strong data-start=\"532\" data-end=\"555\">\u0142odziach i jachtach<\/strong>, jak i w <strong data-start=\"565\" data-end=\"636\">kuchniach, restauracjach, food truckach oraz punktach sprzeda\u017cy POS<\/strong>.<\/p>\n<p data-start=\"639\" data-end=\"755\">Dzi\u0119ki solidnej, a jednocze\u015bnie lekkiej konstrukcji z aluminium uchwyt umo\u017cliwia wygodne korzystanie z tabletu jako:<\/p>\n<ul data-start=\"756\" data-end=\"920\">\n<li data-start=\"756\" data-end=\"783\">\n<p data-start=\"758\" data-end=\"783\"><strong data-start=\"758\" data-end=\"783\">plotera nawigacyjnego<\/strong><\/p>\n<\/li>\n<li data-start=\"784\" data-end=\"808\">\n<p data-start=\"786\" data-end=\"808\"><strong data-start=\"786\" data-end=\"808\">centrum sterowania<\/strong><\/p>\n<\/li>\n<li data-start=\"809\" data-end=\"852\">\n<p data-start=\"811\" data-end=\"852\"><strong data-start=\"811\" data-end=\"852\">ekranu do map i aplikacji \u017ceglarskich<\/strong><\/p>\n<\/li>\n<li data-start=\"853\" data-end=\"881\">\n<p data-start=\"855\" data-end=\"881\"><strong data-start=\"855\" data-end=\"881\">terminala kasowego POS<\/strong><\/p>\n<\/li>\n<li data-start=\"882\" data-end=\"920\">\n<p data-start=\"884\" data-end=\"920\"><strong data-start=\"884\" data-end=\"920\">ekranu do zam\u00f3wie\u0144 i multimedi\u00f3w<\/strong><\/p>\n<\/li>\n<\/ul>\n<hr data-start=\"922\" data-end=\"925\" \/>\n<h2 data-start=\"927\" data-end=\"954\">Pe\u0142na regulacja i wygoda<\/h2>\n<p data-start=\"956\" data-end=\"981\">Uchwyt wyposa\u017cony jest w:<\/p>\n<ul data-start=\"982\" data-end=\"1163\">\n<li data-start=\"982\" data-end=\"1026\">\n<p data-start=\"984\" data-end=\"1026\"><strong data-start=\"984\" data-end=\"1008\">uchwyt obrotowy 360\u00b0<\/strong> \u2013 pion i poziom<\/p>\n<\/li>\n<li data-start=\"1027\" data-end=\"1083\">\n<p data-start=\"1029\" data-end=\"1083\"><strong data-start=\"1029\" data-end=\"1058\">wiele przegub\u00f3w regulacji<\/strong> \u2013 idealny k\u0105t widzenia<\/p>\n<\/li>\n<li data-start=\"1084\" data-end=\"1163\">\n<p data-start=\"1086\" data-end=\"1163\"><strong data-start=\"1086\" data-end=\"1118\">szybkie wypinanie z podstawy<\/strong> \u2013 mo\u017cliwo\u015b\u0107 przeniesienia z \u015bciany na blat<\/p>\n<\/li>\n<\/ul>\n<p data-start=\"1165\" data-end=\"1318\">Tablet mo\u017cna ustawi\u0107 dok\u0142adnie tam, gdzie jest najbardziej widoczny \u2014 co jest kluczowe zar\u00f3wno w <strong data-start=\"1262\" data-end=\"1281\">kokpicie jachtu<\/strong>, jak i w <strong data-start=\"1291\" data-end=\"1317\">kuchni czy restauracji<\/strong>.<\/p>\n<hr data-start=\"1320\" data-end=\"1323\" \/>\n<h2 data-start=\"1325\" data-end=\"1354\">Kompatybilno\u015b\u0107 z tabletami<\/h2>\n<p data-start=\"1356\" data-end=\"1430\">Regulowany uchwyt pasuje do urz\u0105dze\u0144 o szeroko\u015bci <strong data-start=\"1406\" data-end=\"1422\">12,5 \u2013 18 cm<\/strong>, w tym:<\/p>\n<ul data-start=\"1432\" data-end=\"1577\">\n<li data-start=\"1432\" data-end=\"1448\">\n<p data-start=\"1434\" data-end=\"1448\">iPad Pro 9.7<\/p>\n<\/li>\n<li data-start=\"1449\" data-end=\"1463\">\n<p data-start=\"1451\" data-end=\"1463\">iPad Air 2<\/p>\n<\/li>\n<li data-start=\"1464\" data-end=\"1479\">\n<p data-start=\"1466\" data-end=\"1479\">iPad Mini 4<\/p>\n<\/li>\n<li data-start=\"1480\" data-end=\"1502\">\n<p data-start=\"1482\" data-end=\"1502\">Samsung Galaxy Tab<\/p>\n<\/li>\n<li data-start=\"1503\" data-end=\"1524\">\n<p data-start=\"1505\" data-end=\"1524\">Microsoft Surface<\/p>\n<\/li>\n<li data-start=\"1525\" data-end=\"1541\">\n<p data-start=\"1527\" data-end=\"1541\">Google Nexus<\/p>\n<\/li>\n<li data-start=\"1542\" data-end=\"1577\">\n<p data-start=\"1544\" data-end=\"1577\">i wi\u0119kszo\u015bci tablet\u00f3w <strong data-start=\"1566\" data-end=\"1577\">7\u201310,5&#8243;<\/strong><\/p>\n<\/li>\n<\/ul>\n<hr data-start=\"1579\" data-end=\"1582\" \/>\n<h2 data-start=\"1584\" data-end=\"1598\">Idealny do:<\/h2>\n<ul data-start=\"1600\" data-end=\"1771\">\n<li data-start=\"1600\" data-end=\"1631\">\n<p data-start=\"1602\" data-end=\"1631\">Jacht\u00f3w i \u0142odzi motorowych.<\/p>\n<\/li>\n<li data-start=\"1632\" data-end=\"1665\">\n<p data-start=\"1634\" data-end=\"1665\">Nawigacji morskiej i map GPS.<\/p>\n<\/li>\n<li data-start=\"1666\" data-end=\"1691\">\n<p data-start=\"1668\" data-end=\"1691\">Kuchni i gastronomii.<\/p>\n<\/li>\n<li data-start=\"1692\" data-end=\"1723\">\n<p data-start=\"1694\" data-end=\"1723\">Restauracji i food truck\u00f3w.<\/p>\n<\/li>\n<li data-start=\"1724\" data-end=\"1750\">\n<p data-start=\"1726\" data-end=\"1750\">System\u00f3w kasowych POS.<\/p>\n<\/li>\n<li data-start=\"1751\" data-end=\"1771\">\n<p data-start=\"1753\" data-end=\"1771\">Biur i recepcji.<\/p>\n<\/li>\n<\/ul>\n<hr data-start=\"1773\" data-end=\"1776\" \/>\n<h2 data-start=\"1778\" data-end=\"1814\">Solidna konstrukcja klasy premium<\/h2>\n<ul data-start=\"1816\" data-end=\"1987\">\n<li data-start=\"1816\" data-end=\"1868\">\n<p data-start=\"1818\" data-end=\"1868\">Wykonany z <strong data-start=\"1829\" data-end=\"1866\">lekkiego i wytrzyma\u0142ego aluminium<\/strong><\/p>\n<\/li>\n<li data-start=\"1869\" data-end=\"1915\">\n<p data-start=\"1871\" data-end=\"1915\">Odporny na wilgo\u0107 i intensywne u\u017cytkowanie<\/p>\n<\/li>\n<li data-start=\"1916\" data-end=\"1987\">\n<p data-start=\"1918\" data-end=\"1987\">Sk\u0142adany do kompaktowych rozmiar\u00f3w \u2013 idealny w podr\u00f3\u017cy i na jachcie<\/p>\n<\/li>\n<\/ul>\n<hr data-start=\"1989\" data-end=\"1992\" \/>\n<h2 data-start=\"1994\" data-end=\"2012\">Dane techniczne<\/h2>\n<ul data-start=\"2014\" data-end=\"2210\">\n<li data-start=\"2014\" data-end=\"2053\">\n<p data-start=\"2016\" data-end=\"2053\">Kompatybilno\u015b\u0107: <strong data-start=\"2032\" data-end=\"2051\">tablety 7\u201310,5&#8243;<\/strong><\/p>\n<\/li>\n<li data-start=\"2054\" data-end=\"2101\">\n<p data-start=\"2056\" data-end=\"2101\">Zakres szeroko\u015bci uchwytu: <strong data-start=\"2083\" data-end=\"2099\">12,5 \u2013 18 cm<\/strong><\/p>\n<\/li>\n<li data-start=\"2102\" data-end=\"2149\">\n<p data-start=\"2104\" data-end=\"2149\">Podstawa monta\u017cowa: <strong data-start=\"2124\" data-end=\"2147\">12,7 \u00d7 7,9 \u00d7 1,9 cm<\/strong><\/p>\n<\/li>\n<li data-start=\"2150\" data-end=\"2186\">\n<p data-start=\"2152\" data-end=\"2186\">Monta\u017c: \u015bciana, pod szafk\u0105, blat<\/p>\n<\/li>\n<li data-start=\"2187\" data-end=\"2210\">\n<p data-start=\"2189\" data-end=\"2210\">Materia\u0142: aluminium<\/p>\n<\/li>\n<\/ul>\n<hr data-start=\"2212\" data-end=\"2215\" \/>\n<h2 data-start=\"2217\" data-end=\"2237\">Zawarto\u015b\u0107 zestawu<\/h2>\n<ul data-start=\"2239\" data-end=\"2326\">\n<li data-start=\"2239\" data-end=\"2260\">\n<p data-start=\"2241\" data-end=\"2260\">Aluminiowy stojak<\/p>\n<\/li>\n<li data-start=\"2261\" data-end=\"2293\">\n<p data-start=\"2263\" data-end=\"2293\">Regulowany uchwyt do tabletu<\/p>\n<\/li>\n<li data-start=\"2294\" data-end=\"2326\">\n<p data-start=\"2296\" data-end=\"2326\">Podstawa monta\u017cowa do \u015bciany<\/p>\n<\/li>\n<\/ul>","protected":false},"excerpt":{"rendered":"<p data-start=\"2854\" data-end=\"2973\">Aluminiowy uchwyt do tablet\u00f3w 7\u201310,5&#8243; na jachty, do kuchni i system\u00f3w POS. Monta\u017c \u015bcienny lub blatowy z regulacj\u0105 360\u00b0.<\/p>","protected":false},"featured_media":7912,"template":"","meta":{"_acf_changed":false},"product_brand":[],"product_cat":[1307,1309],"product_tag":[842,1397,1404,1403,1400,1399,1405,1334,1401,1338,1398,1402],"class_list":{"0":"post-7915","1":"product","2":"type-product","3":"status-publish","4":"has-post-thumbnail","6":"product_cat-armor-x","7":"product_cat-x-mount","8":"product_tag-akcesoria-zeglarskie","9":"product_tag-stojak-do-tabletu","10":"product_tag-uchwyt-do-galaxy-tab","11":"product_tag-uchwyt-do-ipad","12":"product_tag-uchwyt-do-jachtu","13":"product_tag-uchwyt-do-restauracji","14":"product_tag-uchwyt-do-surface","15":"product_tag-uchwyt-do-tabletu","16":"product_tag-uchwyt-kuchenny-do-tabletu","17":"product_tag-uchwyt-marine","18":"product_tag-uchwyt-pos","19":"product_tag-uchwyt-scienny-do-tabletu","21":"first","22":"instock","23":"taxable","24":"shipping-taxable","25":"purchasable","26":"product-type-simple"},"acf":[],"yoast_head":"<!-- This site is optimized with the Yoast SEO plugin v25.2 - https:\/\/yoast.com\/wordpress\/plugins\/seo\/ -->\n<title>Stojak Armor-X, Uchwyt \u015bcienny i p\u00f3\u0142kowy. Tablet, smartfon - Atana<\/title>\n<meta name=\"description\" content=\"Aluminiowy uchwyt do tablet\u00f3w 7\u201310,5&quot; na jacht, do kuchni i POS. Monta\u017c \u015bcienny lub na blat z pe\u0142n\u0105 regulacj\u0105. Paduje do wi\u0119kszo\u015bci tablet\u00f3w i smarfon\u00f3w.\" \/>\n<meta name=\"robots\" content=\"index, follow, max-snippet:-1, max-image-preview:large, max-video-preview:-1\" \/>\n<link rel=\"canonical\" href=\"https:\/\/atana.pl\/en\/online-shop\/armor-x\/x-mount\/stojak-uchwyt-do-tabletu-i-smartfona\/\" \/>\n<meta property=\"og:locale\" content=\"en_GB\" \/>\n<meta property=\"og:type\" content=\"article\" \/>\n<meta property=\"og:title\" content=\"Stojak Armor-X, Uchwyt \u015bcienny i p\u00f3\u0142kowy. Tablet, smartfon - Atana\" \/>\n<meta property=\"og:description\" content=\"Aluminiowy uchwyt do tablet\u00f3w 7\u201310,5&quot; na jacht, do kuchni i POS. Monta\u017c \u015bcienny lub na blat z pe\u0142n\u0105 regulacj\u0105. Paduje do wi\u0119kszo\u015bci tablet\u00f3w i smarfon\u00f3w.\" \/>\n<meta property=\"og:url\" content=\"https:\/\/atana.pl\/en\/online-shop\/armor-x\/x-mount\/stojak-uchwyt-do-tabletu-i-smartfona\/\" \/>\n<meta property=\"og:site_name\" content=\"Atana\" \/>\n<meta property=\"article:publisher\" content=\"https:\/\/www.facebook.com\/atanayachts\" \/>\n<meta property=\"article:modified_time\" content=\"2026-01-15T15:31:05+00:00\" \/>\n<meta property=\"og:image\" content=\"https:\/\/atana.pl\/wp-content\/uploads\/1967\/01\/C39_Armor-X_tablet-smartphone-srtand-folding-white-background.webp\" \/>\n\t<meta property=\"og:image:width\" content=\"1000\" \/>\n\t<meta property=\"og:image:height\" content=\"1000\" \/>\n\t<meta property=\"og:image:type\" content=\"image\/webp\" \/>\n<meta name=\"twitter:card\" content=\"summary_large_image\" \/>\n<meta name=\"twitter:label1\" content=\"Estimated reading time\" \/>\n\t<meta name=\"twitter:data1\" content=\"1 minute\" \/>\n<script type=\"application\/ld+json\" class=\"yoast-schema-graph\">{\"@context\":\"https:\/\/schema.org\",\"@graph\":[{\"@type\":\"WebPage\",\"@id\":\"https:\/\/atana.pl\/sklep-on-line\/armor-x\/x-mount\/stojak-uchwyt-do-tabletu-i-smartfona\/\",\"url\":\"https:\/\/atana.pl\/sklep-on-line\/armor-x\/x-mount\/stojak-uchwyt-do-tabletu-i-smartfona\/\",\"name\":\"Stojak Armor-X, Uchwyt \u015bcienny i p\u00f3\u0142kowy. Tablet, smartfon - Atana\",\"isPartOf\":{\"@id\":\"https:\/\/atana.pl\/#website\"},\"primaryImageOfPage\":{\"@id\":\"https:\/\/atana.pl\/sklep-on-line\/armor-x\/x-mount\/stojak-uchwyt-do-tabletu-i-smartfona\/#primaryimage\"},\"image\":{\"@id\":\"https:\/\/atana.pl\/sklep-on-line\/armor-x\/x-mount\/stojak-uchwyt-do-tabletu-i-smartfona\/#primaryimage\"},\"thumbnailUrl\":\"https:\/\/atana.pl\/wp-content\/uploads\/1967\/01\/C39_Armor-X_tablet-smartphone-srtand-folding-white-background.webp\",\"datePublished\":\"2026-01-15T15:31:03+00:00\",\"dateModified\":\"2026-01-15T15:31:05+00:00\",\"description\":\"Aluminiowy uchwyt do tablet\u00f3w 7\u201310,5\\\" na jacht, do kuchni i POS. Monta\u017c \u015bcienny lub na blat z pe\u0142n\u0105 regulacj\u0105. Paduje do wi\u0119kszo\u015bci tablet\u00f3w i smarfon\u00f3w.\",\"breadcrumb\":{\"@id\":\"https:\/\/atana.pl\/sklep-on-line\/armor-x\/x-mount\/stojak-uchwyt-do-tabletu-i-smartfona\/#breadcrumb\"},\"inLanguage\":\"en-GB\",\"potentialAction\":[{\"@type\":\"ReadAction\",\"target\":[\"https:\/\/atana.pl\/sklep-on-line\/armor-x\/x-mount\/stojak-uchwyt-do-tabletu-i-smartfona\/\"]}]},{\"@type\":\"ImageObject\",\"inLanguage\":\"en-GB\",\"@id\":\"https:\/\/atana.pl\/sklep-on-line\/armor-x\/x-mount\/stojak-uchwyt-do-tabletu-i-smartfona\/#primaryimage\",\"url\":\"https:\/\/atana.pl\/wp-content\/uploads\/1967\/01\/C39_Armor-X_tablet-smartphone-srtand-folding-white-background.webp\",\"contentUrl\":\"https:\/\/atana.pl\/wp-content\/uploads\/1967\/01\/C39_Armor-X_tablet-smartphone-srtand-folding-white-background.webp\",\"width\":1000,\"height\":1000,\"caption\":\"C39 Armor X tablet smartphone srtand folding white background\"},{\"@type\":\"BreadcrumbList\",\"@id\":\"https:\/\/atana.pl\/sklep-on-line\/armor-x\/x-mount\/stojak-uchwyt-do-tabletu-i-smartfona\/#breadcrumb\",\"itemListElement\":[{\"@type\":\"ListItem\",\"position\":1,\"name\":\"Strona g\u0142\u00f3wna\",\"item\":\"https:\/\/atana.pl\/\"},{\"@type\":\"ListItem\",\"position\":2,\"name\":\"Sklep on-line\",\"item\":\"https:\/\/atana.pl\/sklep-on-line\/\"},{\"@type\":\"ListItem\",\"position\":3,\"name\":\"Stojak Armor-X, Uchwyt \u015bcienny i p\u00f3\u0142kowy. Tablet, smartfon\"}]},{\"@type\":\"WebSite\",\"@id\":\"https:\/\/atana.pl\/#website\",\"url\":\"https:\/\/atana.pl\/\",\"name\":\"Atana\",\"description\":\"Akcesoria do \u0142odzi, kamper\u00f3w i przyczep. \u0141odzie motorowe\",\"publisher\":{\"@id\":\"https:\/\/atana.pl\/#organization\"},\"potentialAction\":[{\"@type\":\"SearchAction\",\"target\":{\"@type\":\"EntryPoint\",\"urlTemplate\":\"https:\/\/atana.pl\/?s={search_term_string}\"},\"query-input\":{\"@type\":\"PropertyValueSpecification\",\"valueRequired\":true,\"valueName\":\"search_term_string\"}}],\"inLanguage\":\"en-GB\"},{\"@type\":\"Organization\",\"@id\":\"https:\/\/atana.pl\/#organization\",\"name\":\"Atana\",\"url\":\"https:\/\/atana.pl\/\",\"logo\":{\"@type\":\"ImageObject\",\"inLanguage\":\"en-GB\",\"@id\":\"https:\/\/atana.pl\/#\/schema\/logo\/image\/\",\"url\":\"\",\"contentUrl\":\"\",\"caption\":\"Atana\"},\"image\":{\"@id\":\"https:\/\/atana.pl\/#\/schema\/logo\/image\/\"},\"sameAs\":[\"https:\/\/www.facebook.com\/atanayachts\",\"https:\/\/www.instagram.com\/atanaboats\/\",\"https:\/\/www.youtube.com\/channel\/UClMMmVqqx17in9QzgxK90Mw\"]}]}<\/script>\n<!-- \/ Yoast SEO plugin. -->","yoast_head_json":{"title":"Stojak Armor-X, Uchwyt \u015bcienny i p\u00f3\u0142kowy. Tablet, smartfon - Atana","description":"Aluminiowy uchwyt do tablet\u00f3w 7\u201310,5\" na jacht, do kuchni i POS. Monta\u017c \u015bcienny lub na blat z pe\u0142n\u0105 regulacj\u0105. Paduje do wi\u0119kszo\u015bci tablet\u00f3w i smarfon\u00f3w.","robots":{"index":"index","follow":"follow","max-snippet":"max-snippet:-1","max-image-preview":"max-image-preview:large","max-video-preview":"max-video-preview:-1"},"canonical":"https:\/\/atana.pl\/en\/online-shop\/armor-x\/x-mount\/stojak-uchwyt-do-tabletu-i-smartfona\/","og_locale":"en_GB","og_type":"article","og_title":"Stojak Armor-X, Uchwyt \u015bcienny i p\u00f3\u0142kowy. Tablet, smartfon - Atana","og_description":"Aluminiowy uchwyt do tablet\u00f3w 7\u201310,5\" na jacht, do kuchni i POS. Monta\u017c \u015bcienny lub na blat z pe\u0142n\u0105 regulacj\u0105. Paduje do wi\u0119kszo\u015bci tablet\u00f3w i smarfon\u00f3w.","og_url":"https:\/\/atana.pl\/en\/online-shop\/armor-x\/x-mount\/stojak-uchwyt-do-tabletu-i-smartfona\/","og_site_name":"Atana","article_publisher":"https:\/\/www.facebook.com\/atanayachts","article_modified_time":"2026-01-15T15:31:05+00:00","og_image":[{"width":1000,"height":1000,"url":"https:\/\/atana.pl\/wp-content\/uploads\/1967\/01\/C39_Armor-X_tablet-smartphone-srtand-folding-white-background.webp","type":"image\/webp"}],"twitter_card":"summary_large_image","twitter_misc":{"Estimated reading time":"1 minute"},"schema":{"@context":"https:\/\/schema.org","@graph":[{"@type":"WebPage","@id":"https:\/\/atana.pl\/sklep-on-line\/armor-x\/x-mount\/stojak-uchwyt-do-tabletu-i-smartfona\/","url":"https:\/\/atana.pl\/sklep-on-line\/armor-x\/x-mount\/stojak-uchwyt-do-tabletu-i-smartfona\/","name":"Stojak Armor-X, Uchwyt \u015bcienny i p\u00f3\u0142kowy. Tablet, smartfon - Atana","isPartOf":{"@id":"https:\/\/atana.pl\/#website"},"primaryImageOfPage":{"@id":"https:\/\/atana.pl\/sklep-on-line\/armor-x\/x-mount\/stojak-uchwyt-do-tabletu-i-smartfona\/#primaryimage"},"image":{"@id":"https:\/\/atana.pl\/sklep-on-line\/armor-x\/x-mount\/stojak-uchwyt-do-tabletu-i-smartfona\/#primaryimage"},"thumbnailUrl":"https:\/\/atana.pl\/wp-content\/uploads\/1967\/01\/C39_Armor-X_tablet-smartphone-srtand-folding-white-background.webp","datePublished":"2026-01-15T15:31:03+00:00","dateModified":"2026-01-15T15:31:05+00:00","description":"Aluminiowy uchwyt do tablet\u00f3w 7\u201310,5\" na jacht, do kuchni i POS. Monta\u017c \u015bcienny lub na blat z pe\u0142n\u0105 regulacj\u0105. Paduje do wi\u0119kszo\u015bci tablet\u00f3w i smarfon\u00f3w.","breadcrumb":{"@id":"https:\/\/atana.pl\/sklep-on-line\/armor-x\/x-mount\/stojak-uchwyt-do-tabletu-i-smartfona\/#breadcrumb"},"inLanguage":"en-GB","potentialAction":[{"@type":"ReadAction","target":["https:\/\/atana.pl\/sklep-on-line\/armor-x\/x-mount\/stojak-uchwyt-do-tabletu-i-smartfona\/"]}]},{"@type":"ImageObject","inLanguage":"en-GB","@id":"https:\/\/atana.pl\/sklep-on-line\/armor-x\/x-mount\/stojak-uchwyt-do-tabletu-i-smartfona\/#primaryimage","url":"https:\/\/atana.pl\/wp-content\/uploads\/1967\/01\/C39_Armor-X_tablet-smartphone-srtand-folding-white-background.webp","contentUrl":"https:\/\/atana.pl\/wp-content\/uploads\/1967\/01\/C39_Armor-X_tablet-smartphone-srtand-folding-white-background.webp","width":1000,"height":1000,"caption":"C39 Armor X tablet smartphone srtand folding white background"},{"@type":"BreadcrumbList","@id":"https:\/\/atana.pl\/sklep-on-line\/armor-x\/x-mount\/stojak-uchwyt-do-tabletu-i-smartfona\/#breadcrumb","itemListElement":[{"@type":"ListItem","position":1,"name":"Strona g\u0142\u00f3wna","item":"https:\/\/atana.pl\/"},{"@type":"ListItem","position":2,"name":"Sklep on-line","item":"https:\/\/atana.pl\/sklep-on-line\/"},{"@type":"ListItem","position":3,"name":"Stojak Armor-X, Uchwyt \u015bcienny i p\u00f3\u0142kowy. Tablet, smartfon"}]},{"@type":"WebSite","@id":"https:\/\/atana.pl\/#website","url":"https:\/\/atana.pl\/","name":"Atana","description":"Akcesoria do \u0142odzi, kamper\u00f3w i przyczep. \u0141odzie motorowe","publisher":{"@id":"https:\/\/atana.pl\/#organization"},"potentialAction":[{"@type":"SearchAction","target":{"@type":"EntryPoint","urlTemplate":"https:\/\/atana.pl\/?s={search_term_string}"},"query-input":{"@type":"PropertyValueSpecification","valueRequired":true,"valueName":"search_term_string"}}],"inLanguage":"en-GB"},{"@type":"Organization","@id":"https:\/\/atana.pl\/#organization","name":"Atana","url":"https:\/\/atana.pl\/","logo":{"@type":"ImageObject","inLanguage":"en-GB","@id":"https:\/\/atana.pl\/#\/schema\/logo\/image\/","url":"","contentUrl":"","caption":"Atana"},"image":{"@id":"https:\/\/atana.pl\/#\/schema\/logo\/image\/"},"sameAs":["https:\/\/www.facebook.com\/atanayachts","https:\/\/www.instagram.com\/atanaboats\/","https:\/\/www.youtube.com\/channel\/UClMMmVqqx17in9QzgxK90Mw"]}]}},"_links":{"self":[{"href":"https:\/\/atana.pl\/en\/wp-json\/wp\/v2\/product\/7915","targetHints":{"allow":["GET"]}}],"collection":[{"href":"https:\/\/atana.pl\/en\/wp-json\/wp\/v2\/product"}],"about":[{"href":"https:\/\/atana.pl\/en\/wp-json\/wp\/v2\/types\/product"}],"wp:featuredmedia":[{"embeddable":true,"href":"https:\/\/atana.pl\/en\/wp-json\/wp\/v2\/media\/7912"}],"wp:attachment":[{"href":"https:\/\/atana.pl\/en\/wp-json\/wp\/v2\/media?parent=7915"}],"wp:term":[{"taxonomy":"product_brand","embeddable":true,"href":"https:\/\/atana.pl\/en\/wp-json\/wp\/v2\/product_brand?post=7915"},{"taxonomy":"product_cat","embeddable":true,"href":"https:\/\/atana.pl\/en\/wp-json\/wp\/v2\/product_cat?post=7915"},{"taxonomy":"product_tag","embeddable":true,"href":"https:\/\/atana.pl\/en\/wp-json\/wp\/v2\/product_tag?post=7915"}],"curies":[{"name":"wp","href":"https:\/\/api.w.org\/{rel}","templated":true}]}}