{"id":7908,"date":"2026-01-15T16:07:17","date_gmt":"2026-01-15T15:07:17","guid":{"rendered":"https:\/\/atana.pl\/?post_type=product&#038;p=7908"},"modified":"2026-01-15T17:20:33","modified_gmt":"2026-01-15T16:20:33","slug":"adapter-armor-x-ram-mount","status":"publish","type":"product","link":"https:\/\/atana.pl\/en\/online-shop\/armor-x\/x-mount\/adapter-armor-x-ram-mount\/","title":{"rendered":"Adapter Armor-X &#8211; RAM Mount 1&#8243; &#8211; smartfon"},"content":{"rendered":"<h1 data-start=\"104\" data-end=\"172\">\u2693 Armor-X X13K \u2013 adapter RAM Mount 1&#8243; do smartfon\u00f3w X-Mount TYPE-K<\/h1>\n<p data-start=\"192\" data-end=\"605\"><strong data-start=\"192\" data-end=\"240\">Armor-X X13K RAM Mount 1\u201d Ball-Joint Adaptor<\/strong> to <strong data-start=\"244\" data-end=\"292\">profesjonalny adapter monta\u017cowy klasy marine<\/strong>, kt\u00f3ry pozwala pod\u0142\u0105czy\u0107 smartfon w etui Armor-X z systemem <strong data-start=\"353\" data-end=\"373\">ActiveKEY TYPE-K<\/strong> do <strong data-start=\"377\" data-end=\"412\">systemu RAM Mount z kul\u0105 1 cala<\/strong>. Dzi\u0119ki temu mo\u017cesz zamocowa\u0107 sw\u00f3j telefon na <strong data-start=\"459\" data-end=\"563\">pulpicie jachtu, konsoli \u0142odzi, quadzie, motocyklu, w samochodzie terenowym lub poje\u017adzie serwisowym<\/strong>, wykorzystuj\u0105c istniej\u0105c\u0105 instalacj\u0119 RAM.<\/p>\n<p data-start=\"607\" data-end=\"755\">To idealne rozwi\u0105zanie dla os\u00f3b, kt\u00f3re chc\u0105 <strong data-start=\"651\" data-end=\"685\">zast\u0105pi\u0107 stare plotery i GPS-y<\/strong> nowoczesnym smartfonem z aplikacjami nawigacyjnymi i mapami morskimi.<\/p>\n<hr data-start=\"757\" data-end=\"760\" \/>\n<h2 data-start=\"762\" data-end=\"796\">Integracja z systemem RAM Mount<\/h2>\n<p data-start=\"798\" data-end=\"819\">Adapter Armor-X X13K:<\/p>\n<ul data-start=\"820\" data-end=\"1001\">\n<li data-start=\"820\" data-end=\"879\">\n<p data-start=\"822\" data-end=\"879\">pasuje do <strong data-start=\"832\" data-end=\"877\">wszystkich ramion RAM Mount z gniazdem 1\u201d<\/strong><\/p>\n<\/li>\n<li data-start=\"880\" data-end=\"941\">\n<p data-start=\"882\" data-end=\"941\">pozwala szybko przenie\u015b\u0107 telefon mi\u0119dzy r\u00f3\u017cnymi uchwytami<\/p>\n<\/li>\n<li data-start=\"942\" data-end=\"1001\">\n<p data-start=\"944\" data-end=\"1001\">tworzy <strong data-start=\"951\" data-end=\"1001\">profesjonalny system monta\u017cu marine i off-road<\/strong><\/p>\n<\/li>\n<\/ul>\n<p data-start=\"1003\" data-end=\"1043\">Dzi\u0119ki temu mo\u017cesz u\u017cywa\u0107 telefonu jako:<\/p>\n<ul data-start=\"1044\" data-end=\"1134\">\n<li data-start=\"1044\" data-end=\"1068\">\n<p data-start=\"1046\" data-end=\"1068\"><strong data-start=\"1046\" data-end=\"1068\">nawigacji morskiej<\/strong><\/p>\n<\/li>\n<li data-start=\"1069\" data-end=\"1094\">\n<p data-start=\"1071\" data-end=\"1094\"><strong data-start=\"1071\" data-end=\"1094\">GPS-u samochodowego<\/strong><\/p>\n<\/li>\n<li data-start=\"1095\" data-end=\"1108\">\n<p data-start=\"1097\" data-end=\"1108\"><strong data-start=\"1097\" data-end=\"1108\">plotera<\/strong><\/p>\n<\/li>\n<li data-start=\"1109\" data-end=\"1134\">\n<p data-start=\"1111\" data-end=\"1134\"><strong data-start=\"1111\" data-end=\"1134\">terminala roboczego<\/strong><\/p>\n<\/li>\n<\/ul>\n<hr data-start=\"1136\" data-end=\"1139\" \/>\n<h2 data-start=\"1141\" data-end=\"1176\">Pe\u0142na regulacja i bezpiecze\u0144stwo<\/h2>\n<p data-start=\"1178\" data-end=\"1194\">Adapter oferuje:<\/p>\n<ul data-start=\"1195\" data-end=\"1303\">\n<li data-start=\"1195\" data-end=\"1225\">\n<p data-start=\"1197\" data-end=\"1225\"><strong data-start=\"1197\" data-end=\"1223\">regulacj\u0119 k\u0105ta do 180\u00b0<\/strong><\/p>\n<\/li>\n<li data-start=\"1226\" data-end=\"1256\">\n<p data-start=\"1228\" data-end=\"1256\">tryb <strong data-start=\"1233\" data-end=\"1254\">pionowy i poziomy<\/strong><\/p>\n<\/li>\n<li data-start=\"1257\" data-end=\"1303\">\n<p data-start=\"1259\" data-end=\"1303\">szybkie ustawienie idealnego k\u0105ta widzenia<\/p>\n<\/li>\n<\/ul>\n<p data-start=\"1305\" data-end=\"1354\">Wbudowany <strong data-start=\"1315\" data-end=\"1353\">opatentowany system X-Mount TYPE-K<\/strong>:<\/p>\n<ul data-start=\"1355\" data-end=\"1458\">\n<li data-start=\"1355\" data-end=\"1389\">\n<p data-start=\"1357\" data-end=\"1389\">automatycznie centruje telefon<\/p>\n<\/li>\n<li data-start=\"1390\" data-end=\"1416\">\n<p data-start=\"1392\" data-end=\"1416\">bezpiecznie go blokuje<\/p>\n<\/li>\n<li data-start=\"1417\" data-end=\"1458\">\n<p data-start=\"1419\" data-end=\"1458\">umo\u017cliwia szybkie wypi\u0119cie jedn\u0105 r\u0119k\u0105<\/p>\n<\/li>\n<\/ul>\n<hr data-start=\"1460\" data-end=\"1463\" \/>\n<h2 data-start=\"1465\" data-end=\"1482\">Kompatybilno\u015b\u0107<\/h2>\n<p data-start=\"1484\" data-end=\"1600\">\u2714 Smartfony w etui Armor-X TYPE-K<br data-start=\"1517\" data-end=\"1520\" \/>\u2714 Adaptery TYPE-T (tablety)<br data-start=\"1547\" data-end=\"1550\" \/>\u2714 Kamery <strong data-start=\"1559\" data-end=\"1573\">GoPro Hero<\/strong><br data-start=\"1573\" data-end=\"1576\" \/>\u2714 Systemy RAM Mount 1\u201d<\/p>\n<hr data-start=\"1602\" data-end=\"1605\" \/>\n<h2 data-start=\"1607\" data-end=\"1621\">Idealny do:<\/h2>\n<ul data-start=\"1623\" data-end=\"1783\">\n<li data-start=\"1623\" data-end=\"1654\">\n<p data-start=\"1625\" data-end=\"1654\">Jacht\u00f3w i \u0142odzi motorowych.<\/p>\n<\/li>\n<li data-start=\"1655\" data-end=\"1684\">\n<p data-start=\"1657\" data-end=\"1684\">Nawigacji morskiej i GPS.<\/p>\n<\/li>\n<li data-start=\"1685\" data-end=\"1714\">\n<p data-start=\"1687\" data-end=\"1714\">Off-roadu i overlandingu.<\/p>\n<\/li>\n<li data-start=\"1715\" data-end=\"1743\">\n<p data-start=\"1717\" data-end=\"1743\">Motocykli, quad\u00f3w i UTV.<\/p>\n<\/li>\n<li data-start=\"1744\" data-end=\"1783\">\n<p data-start=\"1746\" data-end=\"1783\">Pojazd\u00f3w serwisowych i wyprawowych.<\/p>\n<\/li>\n<\/ul>","protected":false},"excerpt":{"rendered":"<p data-start=\"2290\" data-end=\"2402\">Adapter Armor-X X13K do systemu RAM Mount 1\u201d pozwala zamocowa\u0107 telefon na jachcie, \u0142odzi i w pojazdach off-road.<\/p>","protected":false},"featured_media":7909,"template":"","meta":{"_acf_changed":false},"product_brand":[],"product_cat":[1307,1309],"product_tag":[1394,1316,1396,1393,1342,1336,1368,1335,1395,1338,1337,1340,1329,1392],"class_list":{"0":"post-7908","1":"product","2":"type-product","3":"status-publish","4":"has-post-thumbnail","6":"product_cat-armor-x","7":"product_cat-x-mount","8":"product_tag-adapter-ram-mount","9":"product_tag-armor-x","10":"product_tag-gopro-mount","11":"product_tag-ram-mount","12":"product_tag-uchwyt-do-gps","13":"product_tag-uchwyt-do-lodzi","14":"product_tag-uchwyt-do-motocykla","15":"product_tag-uchwyt-do-nawigacji","16":"product_tag-uchwyt-do-telefonu-na-lodz","17":"product_tag-uchwyt-marine","18":"product_tag-uchwyt-na-jacht","19":"product_tag-uchwyt-offroad","20":"product_tag-uchwyt-x-mount","21":"product_tag-x13k","23":"first","24":"instock","25":"taxable","26":"shipping-taxable","27":"purchasable","28":"product-type-simple"},"acf":[],"yoast_head":"<!-- This site is optimized with the Yoast SEO plugin v25.2 - https:\/\/yoast.com\/wordpress\/plugins\/seo\/ -->\n<title>Adapter Armor-X - RAM Mount 1&quot; - smartfon - Atana<\/title>\n<meta name=\"description\" content=\"Adapter Armor-X X13K do RAM Mount 1\u201d do jacht\u00f3w i pojazd\u00f3w. Zmie\u0144 telefon w nawigacj\u0119 GPS z X-Mount TYPE-K. Pasuje do wszystkich etui Armor-x do smartfon\u00f3w.\" \/>\n<meta name=\"robots\" content=\"index, follow, max-snippet:-1, max-image-preview:large, max-video-preview:-1\" \/>\n<link rel=\"canonical\" href=\"https:\/\/atana.pl\/en\/online-shop\/armor-x\/x-mount\/adapter-armor-x-ram-mount\/\" \/>\n<meta property=\"og:locale\" content=\"en_GB\" \/>\n<meta property=\"og:type\" content=\"article\" \/>\n<meta property=\"og:title\" content=\"Adapter Armor-X - RAM Mount 1&quot; - smartfon - Atana\" \/>\n<meta property=\"og:description\" content=\"Adapter Armor-X X13K do RAM Mount 1\u201d do jacht\u00f3w i pojazd\u00f3w. Zmie\u0144 telefon w nawigacj\u0119 GPS z X-Mount TYPE-K. Pasuje do wszystkich etui Armor-x do smartfon\u00f3w.\" \/>\n<meta property=\"og:url\" content=\"https:\/\/atana.pl\/en\/online-shop\/armor-x\/x-mount\/adapter-armor-x-ram-mount\/\" \/>\n<meta property=\"og:site_name\" content=\"Atana\" \/>\n<meta property=\"article:publisher\" content=\"https:\/\/www.facebook.com\/atanayachts\" \/>\n<meta property=\"article:modified_time\" content=\"2026-01-15T16:20:33+00:00\" \/>\n<meta property=\"og:image\" content=\"https:\/\/atana.pl\/wp-content\/uploads\/2026\/01\/x13k_bike-mount-mobile-adaptor-with-ram-mount-1-inch-ball-mount-for-route-logging-gps-navigation-map-app_3a.webp\" \/>\n\t<meta property=\"og:image:width\" content=\"1000\" \/>\n\t<meta property=\"og:image:height\" content=\"1000\" \/>\n\t<meta property=\"og:image:type\" content=\"image\/webp\" \/>\n<meta name=\"twitter:card\" content=\"summary_large_image\" \/>\n<meta name=\"twitter:label1\" content=\"Estimated reading time\" \/>\n\t<meta name=\"twitter:data1\" content=\"1 minute\" \/>\n<script type=\"application\/ld+json\" class=\"yoast-schema-graph\">{\"@context\":\"https:\/\/schema.org\",\"@graph\":[{\"@type\":\"WebPage\",\"@id\":\"https:\/\/atana.pl\/sklep-on-line\/armor-x\/x-mount\/adapter-armor-x-ram-mount\/\",\"url\":\"https:\/\/atana.pl\/sklep-on-line\/armor-x\/x-mount\/adapter-armor-x-ram-mount\/\",\"name\":\"Adapter Armor-X - RAM Mount 1\\\" - smartfon - Atana\",\"isPartOf\":{\"@id\":\"https:\/\/atana.pl\/#website\"},\"primaryImageOfPage\":{\"@id\":\"https:\/\/atana.pl\/sklep-on-line\/armor-x\/x-mount\/adapter-armor-x-ram-mount\/#primaryimage\"},\"image\":{\"@id\":\"https:\/\/atana.pl\/sklep-on-line\/armor-x\/x-mount\/adapter-armor-x-ram-mount\/#primaryimage\"},\"thumbnailUrl\":\"https:\/\/atana.pl\/wp-content\/uploads\/2026\/01\/x13k_bike-mount-mobile-adaptor-with-ram-mount-1-inch-ball-mount-for-route-logging-gps-navigation-map-app_3a.webp\",\"datePublished\":\"2026-01-15T15:07:17+00:00\",\"dateModified\":\"2026-01-15T16:20:33+00:00\",\"description\":\"Adapter Armor-X X13K do RAM Mount 1\u201d do jacht\u00f3w i pojazd\u00f3w. Zmie\u0144 telefon w nawigacj\u0119 GPS z X-Mount TYPE-K. Pasuje do wszystkich etui Armor-x do smartfon\u00f3w.\",\"breadcrumb\":{\"@id\":\"https:\/\/atana.pl\/sklep-on-line\/armor-x\/x-mount\/adapter-armor-x-ram-mount\/#breadcrumb\"},\"inLanguage\":\"en-GB\",\"potentialAction\":[{\"@type\":\"ReadAction\",\"target\":[\"https:\/\/atana.pl\/sklep-on-line\/armor-x\/x-mount\/adapter-armor-x-ram-mount\/\"]}]},{\"@type\":\"ImageObject\",\"inLanguage\":\"en-GB\",\"@id\":\"https:\/\/atana.pl\/sklep-on-line\/armor-x\/x-mount\/adapter-armor-x-ram-mount\/#primaryimage\",\"url\":\"https:\/\/atana.pl\/wp-content\/uploads\/2026\/01\/x13k_bike-mount-mobile-adaptor-with-ram-mount-1-inch-ball-mount-for-route-logging-gps-navigation-map-app_3a.webp\",\"contentUrl\":\"https:\/\/atana.pl\/wp-content\/uploads\/2026\/01\/x13k_bike-mount-mobile-adaptor-with-ram-mount-1-inch-ball-mount-for-route-logging-gps-navigation-map-app_3a.webp\",\"width\":1000,\"height\":1000,\"caption\":\"x13k bike mount mobile adaptor with ram mount 1 inch ball mount for route logging gps navigation map app 3a\"},{\"@type\":\"BreadcrumbList\",\"@id\":\"https:\/\/atana.pl\/sklep-on-line\/armor-x\/x-mount\/adapter-armor-x-ram-mount\/#breadcrumb\",\"itemListElement\":[{\"@type\":\"ListItem\",\"position\":1,\"name\":\"Strona g\u0142\u00f3wna\",\"item\":\"https:\/\/atana.pl\/\"},{\"@type\":\"ListItem\",\"position\":2,\"name\":\"Sklep on-line\",\"item\":\"https:\/\/atana.pl\/sklep-on-line\/\"},{\"@type\":\"ListItem\",\"position\":3,\"name\":\"Adapter Armor-X &#8211; RAM Mount 1&#8243; &#8211; smartfon\"}]},{\"@type\":\"WebSite\",\"@id\":\"https:\/\/atana.pl\/#website\",\"url\":\"https:\/\/atana.pl\/\",\"name\":\"Atana\",\"description\":\"Akcesoria do \u0142odzi, kamper\u00f3w i przyczep. \u0141odzie motorowe\",\"publisher\":{\"@id\":\"https:\/\/atana.pl\/#organization\"},\"potentialAction\":[{\"@type\":\"SearchAction\",\"target\":{\"@type\":\"EntryPoint\",\"urlTemplate\":\"https:\/\/atana.pl\/?s={search_term_string}\"},\"query-input\":{\"@type\":\"PropertyValueSpecification\",\"valueRequired\":true,\"valueName\":\"search_term_string\"}}],\"inLanguage\":\"en-GB\"},{\"@type\":\"Organization\",\"@id\":\"https:\/\/atana.pl\/#organization\",\"name\":\"Atana\",\"url\":\"https:\/\/atana.pl\/\",\"logo\":{\"@type\":\"ImageObject\",\"inLanguage\":\"en-GB\",\"@id\":\"https:\/\/atana.pl\/#\/schema\/logo\/image\/\",\"url\":\"\",\"contentUrl\":\"\",\"caption\":\"Atana\"},\"image\":{\"@id\":\"https:\/\/atana.pl\/#\/schema\/logo\/image\/\"},\"sameAs\":[\"https:\/\/www.facebook.com\/atanayachts\",\"https:\/\/www.instagram.com\/atanaboats\/\",\"https:\/\/www.youtube.com\/channel\/UClMMmVqqx17in9QzgxK90Mw\"]}]}<\/script>\n<!-- \/ Yoast SEO plugin. -->","yoast_head_json":{"title":"Adapter Armor-X - RAM Mount 1\" - smartfon - Atana","description":"Adapter Armor-X X13K do RAM Mount 1\u201d do jacht\u00f3w i pojazd\u00f3w. Zmie\u0144 telefon w nawigacj\u0119 GPS z X-Mount TYPE-K. Pasuje do wszystkich etui Armor-x do smartfon\u00f3w.","robots":{"index":"index","follow":"follow","max-snippet":"max-snippet:-1","max-image-preview":"max-image-preview:large","max-video-preview":"max-video-preview:-1"},"canonical":"https:\/\/atana.pl\/en\/online-shop\/armor-x\/x-mount\/adapter-armor-x-ram-mount\/","og_locale":"en_GB","og_type":"article","og_title":"Adapter Armor-X - RAM Mount 1\" - smartfon - Atana","og_description":"Adapter Armor-X X13K do RAM Mount 1\u201d do jacht\u00f3w i pojazd\u00f3w. Zmie\u0144 telefon w nawigacj\u0119 GPS z X-Mount TYPE-K. Pasuje do wszystkich etui Armor-x do smartfon\u00f3w.","og_url":"https:\/\/atana.pl\/en\/online-shop\/armor-x\/x-mount\/adapter-armor-x-ram-mount\/","og_site_name":"Atana","article_publisher":"https:\/\/www.facebook.com\/atanayachts","article_modified_time":"2026-01-15T16:20:33+00:00","og_image":[{"width":1000,"height":1000,"url":"https:\/\/atana.pl\/wp-content\/uploads\/2026\/01\/x13k_bike-mount-mobile-adaptor-with-ram-mount-1-inch-ball-mount-for-route-logging-gps-navigation-map-app_3a.webp","type":"image\/webp"}],"twitter_card":"summary_large_image","twitter_misc":{"Estimated reading time":"1 minute"},"schema":{"@context":"https:\/\/schema.org","@graph":[{"@type":"WebPage","@id":"https:\/\/atana.pl\/sklep-on-line\/armor-x\/x-mount\/adapter-armor-x-ram-mount\/","url":"https:\/\/atana.pl\/sklep-on-line\/armor-x\/x-mount\/adapter-armor-x-ram-mount\/","name":"Adapter Armor-X - RAM Mount 1\" - smartfon - Atana","isPartOf":{"@id":"https:\/\/atana.pl\/#website"},"primaryImageOfPage":{"@id":"https:\/\/atana.pl\/sklep-on-line\/armor-x\/x-mount\/adapter-armor-x-ram-mount\/#primaryimage"},"image":{"@id":"https:\/\/atana.pl\/sklep-on-line\/armor-x\/x-mount\/adapter-armor-x-ram-mount\/#primaryimage"},"thumbnailUrl":"https:\/\/atana.pl\/wp-content\/uploads\/2026\/01\/x13k_bike-mount-mobile-adaptor-with-ram-mount-1-inch-ball-mount-for-route-logging-gps-navigation-map-app_3a.webp","datePublished":"2026-01-15T15:07:17+00:00","dateModified":"2026-01-15T16:20:33+00:00","description":"Adapter Armor-X X13K do RAM Mount 1\u201d do jacht\u00f3w i pojazd\u00f3w. Zmie\u0144 telefon w nawigacj\u0119 GPS z X-Mount TYPE-K. Pasuje do wszystkich etui Armor-x do smartfon\u00f3w.","breadcrumb":{"@id":"https:\/\/atana.pl\/sklep-on-line\/armor-x\/x-mount\/adapter-armor-x-ram-mount\/#breadcrumb"},"inLanguage":"en-GB","potentialAction":[{"@type":"ReadAction","target":["https:\/\/atana.pl\/sklep-on-line\/armor-x\/x-mount\/adapter-armor-x-ram-mount\/"]}]},{"@type":"ImageObject","inLanguage":"en-GB","@id":"https:\/\/atana.pl\/sklep-on-line\/armor-x\/x-mount\/adapter-armor-x-ram-mount\/#primaryimage","url":"https:\/\/atana.pl\/wp-content\/uploads\/2026\/01\/x13k_bike-mount-mobile-adaptor-with-ram-mount-1-inch-ball-mount-for-route-logging-gps-navigation-map-app_3a.webp","contentUrl":"https:\/\/atana.pl\/wp-content\/uploads\/2026\/01\/x13k_bike-mount-mobile-adaptor-with-ram-mount-1-inch-ball-mount-for-route-logging-gps-navigation-map-app_3a.webp","width":1000,"height":1000,"caption":"x13k bike mount mobile adaptor with ram mount 1 inch ball mount for route logging gps navigation map app 3a"},{"@type":"BreadcrumbList","@id":"https:\/\/atana.pl\/sklep-on-line\/armor-x\/x-mount\/adapter-armor-x-ram-mount\/#breadcrumb","itemListElement":[{"@type":"ListItem","position":1,"name":"Strona g\u0142\u00f3wna","item":"https:\/\/atana.pl\/"},{"@type":"ListItem","position":2,"name":"Sklep on-line","item":"https:\/\/atana.pl\/sklep-on-line\/"},{"@type":"ListItem","position":3,"name":"Adapter Armor-X &#8211; RAM Mount 1&#8243; &#8211; smartfon"}]},{"@type":"WebSite","@id":"https:\/\/atana.pl\/#website","url":"https:\/\/atana.pl\/","name":"Atana","description":"Akcesoria do \u0142odzi, kamper\u00f3w i przyczep. \u0141odzie motorowe","publisher":{"@id":"https:\/\/atana.pl\/#organization"},"potentialAction":[{"@type":"SearchAction","target":{"@type":"EntryPoint","urlTemplate":"https:\/\/atana.pl\/?s={search_term_string}"},"query-input":{"@type":"PropertyValueSpecification","valueRequired":true,"valueName":"search_term_string"}}],"inLanguage":"en-GB"},{"@type":"Organization","@id":"https:\/\/atana.pl\/#organization","name":"Atana","url":"https:\/\/atana.pl\/","logo":{"@type":"ImageObject","inLanguage":"en-GB","@id":"https:\/\/atana.pl\/#\/schema\/logo\/image\/","url":"","contentUrl":"","caption":"Atana"},"image":{"@id":"https:\/\/atana.pl\/#\/schema\/logo\/image\/"},"sameAs":["https:\/\/www.facebook.com\/atanayachts","https:\/\/www.instagram.com\/atanaboats\/","https:\/\/www.youtube.com\/channel\/UClMMmVqqx17in9QzgxK90Mw"]}]}},"_links":{"self":[{"href":"https:\/\/atana.pl\/en\/wp-json\/wp\/v2\/product\/7908","targetHints":{"allow":["GET"]}}],"collection":[{"href":"https:\/\/atana.pl\/en\/wp-json\/wp\/v2\/product"}],"about":[{"href":"https:\/\/atana.pl\/en\/wp-json\/wp\/v2\/types\/product"}],"wp:featuredmedia":[{"embeddable":true,"href":"https:\/\/atana.pl\/en\/wp-json\/wp\/v2\/media\/7909"}],"wp:attachment":[{"href":"https:\/\/atana.pl\/en\/wp-json\/wp\/v2\/media?parent=7908"}],"wp:term":[{"taxonomy":"product_brand","embeddable":true,"href":"https:\/\/atana.pl\/en\/wp-json\/wp\/v2\/product_brand?post=7908"},{"taxonomy":"product_cat","embeddable":true,"href":"https:\/\/atana.pl\/en\/wp-json\/wp\/v2\/product_cat?post=7908"},{"taxonomy":"product_tag","embeddable":true,"href":"https:\/\/atana.pl\/en\/wp-json\/wp\/v2\/product_tag?post=7908"}],"curies":[{"name":"wp","href":"https:\/\/api.w.org\/{rel}","templated":true}]}}