{"id":7907,"date":"2026-01-15T15:58:42","date_gmt":"2026-01-15T14:58:42","guid":{"rendered":"https:\/\/atana.pl\/?post_type=product&#038;p=7907"},"modified":"2026-01-15T15:58:44","modified_gmt":"2026-01-15T14:58:44","slug":"mini-statyw-selfie-stick-armor-x-smartfon","status":"publish","type":"product","link":"https:\/\/atana.pl\/en\/online-shop\/armor-x\/x-mount\/mini-statyw-selfie-stick-armor-x-smartfon\/","title":{"rendered":"Mini statyw \/ selfie stick Armor-X &#8211; Smartfon"},"content":{"rendered":"<h1 data-start=\"95\" data-end=\"184\">\u2693 Armor-X X70K \u2013 statyw i selfie stick 2w1 X-Mount TYPE-K do sport\u00f3w wodnych i outdooru<\/h1>\n<p data-start=\"204\" data-end=\"533\"><strong data-start=\"204\" data-end=\"254\">Armor-X X70K 2-in-1 Mini Tripod &amp; Selfie Stick<\/strong> to <strong data-start=\"258\" data-end=\"309\">kompaktowe i wytrzyma\u0142e akcesorium klasy rugged<\/strong>, zaprojektowane do wsp\u00f3\u0142pracy ze smartfonami w etui Armor-X z systemem <strong data-start=\"381\" data-end=\"401\">ActiveKEY TYPE-K<\/strong> oraz kamerami sportowymi. Idealnie sprawdza si\u0119 w <strong data-start=\"452\" data-end=\"532\">\u017ceglarstwie, turystyce wodnej, sportach ekstremalnych, podr\u00f3\u017cach i outdoorze<\/strong>.<\/p>\n<p data-start=\"535\" data-end=\"651\">Dzi\u0119ki po\u0142\u0105czeniu <strong data-start=\"553\" data-end=\"591\">statywu i wysuwanego selfie sticka<\/strong> mo\u017cesz nagrywa\u0107, fotografowa\u0107 i rejestrowa\u0107 swoje przygody:<\/p>\n<ul data-start=\"652\" data-end=\"783\">\n<li data-start=\"652\" data-end=\"678\">\n<p data-start=\"654\" data-end=\"678\">na <strong data-start=\"657\" data-end=\"676\">jachcie i \u0142odzi<\/strong><\/p>\n<\/li>\n<li data-start=\"679\" data-end=\"721\">\n<p data-start=\"681\" data-end=\"721\">podczas <strong data-start=\"689\" data-end=\"719\">p\u0142ywania, kajak\u00f3w i SUP-\u00f3w<\/strong><\/p>\n<\/li>\n<li data-start=\"722\" data-end=\"752\">\n<p data-start=\"724\" data-end=\"752\">w <strong data-start=\"726\" data-end=\"750\">off-roadzie i g\u00f3rach<\/strong><\/p>\n<\/li>\n<li data-start=\"753\" data-end=\"783\">\n<p data-start=\"755\" data-end=\"783\">w <strong data-start=\"757\" data-end=\"783\">sportach ekstremalnych<\/strong><\/p>\n<\/li>\n<\/ul>\n<hr data-start=\"785\" data-end=\"788\" \/>\n<h2 data-start=\"790\" data-end=\"824\">Stabilno\u015b\u0107 i mobilno\u015b\u0107 w jednym<\/h2>\n<p data-start=\"826\" data-end=\"886\">Konstrukcja z <strong data-start=\"840\" data-end=\"876\">aluminium i element\u00f3w metalowych<\/strong> zapewnia:<\/p>\n<ul data-start=\"887\" data-end=\"974\">\n<li data-start=\"887\" data-end=\"907\">\n<p data-start=\"889\" data-end=\"907\">wysok\u0105 sztywno\u015b\u0107<\/p>\n<\/li>\n<li data-start=\"908\" data-end=\"954\">\n<p data-start=\"910\" data-end=\"954\">odporno\u015b\u0107 na wibracje i warunki outdoorowe<\/p>\n<\/li>\n<li data-start=\"955\" data-end=\"974\">\n<p data-start=\"957\" data-end=\"974\">d\u0142ug\u0105 \u017cywotno\u015b\u0107<\/p>\n<\/li>\n<\/ul>\n<p data-start=\"976\" data-end=\"1126\">Po roz\u0142o\u017ceniu dzia\u0142a jako <strong data-start=\"1002\" data-end=\"1026\">stabilny mini statyw<\/strong>, a po z\u0142o\u017ceniu jako <strong data-start=\"1047\" data-end=\"1072\">por\u0119czny selfie stick<\/strong>, kt\u00f3ry zmie\u015bci si\u0119 w kieszeni lub torbie \u017ceglarskiej.<\/p>\n<hr data-start=\"1128\" data-end=\"1131\" \/>\n<h2 data-start=\"1133\" data-end=\"1163\">Idealny do nagrywania akcji<\/h2>\n<p data-start=\"1165\" data-end=\"1188\">Armor-X X70K umo\u017cliwia:<\/p>\n<ul data-start=\"1189\" data-end=\"1346\">\n<li data-start=\"1189\" data-end=\"1231\">\n<p data-start=\"1191\" data-end=\"1231\">nagrywanie wideo na wodzie i w terenie<\/p>\n<\/li>\n<li data-start=\"1232\" data-end=\"1272\">\n<p data-start=\"1234\" data-end=\"1272\">robienie zdj\u0119\u0107 z r\u0119ki lub ze statywu<\/p>\n<\/li>\n<li data-start=\"1273\" data-end=\"1346\">\n<p data-start=\"1275\" data-end=\"1346\">stabilne uj\u0119cia na pok\u0142adzie jachtu lub podczas sport\u00f3w ekstremalnych<\/p>\n<\/li>\n<\/ul>\n<p data-start=\"1348\" data-end=\"1427\">Kompatybilno\u015b\u0107 z <strong data-start=\"1365\" data-end=\"1384\">ramionami GoPro<\/strong> pozwala pod\u0142\u0105czy\u0107 r\u00f3wnie\u017c kamery sportowe.<\/p>\n<hr data-start=\"1429\" data-end=\"1432\" \/>\n<h2 data-start=\"1434\" data-end=\"1458\">System X-Mount TYPE-K<\/h2>\n<p data-start=\"1460\" data-end=\"1524\">Wbudowany <strong data-start=\"1470\" data-end=\"1523\">opatentowany magnetyczny interfejs X-Mount TYPE-K<\/strong>:<\/p>\n<ul data-start=\"1525\" data-end=\"1641\">\n<li data-start=\"1525\" data-end=\"1562\">\n<p data-start=\"1527\" data-end=\"1562\">automatycznie centruje urz\u0105dzenie<\/p>\n<\/li>\n<li data-start=\"1563\" data-end=\"1599\">\n<p data-start=\"1565\" data-end=\"1599\">blokuje je w bezpiecznej pozycji<\/p>\n<\/li>\n<li data-start=\"1600\" data-end=\"1641\">\n<p data-start=\"1602\" data-end=\"1641\">umo\u017cliwia szybkie wypi\u0119cie jedn\u0105 r\u0119k\u0105<\/p>\n<\/li>\n<\/ul>\n<p data-start=\"1643\" data-end=\"1691\">Dzi\u0119ki temu mo\u017cesz szybko prze\u0142\u0105cza\u0107 si\u0119 mi\u0119dzy:<\/p>\n<ul data-start=\"1692\" data-end=\"1761\">\n<li data-start=\"1692\" data-end=\"1714\">\n<p data-start=\"1694\" data-end=\"1714\">nagrywaniem z r\u0119ki<\/p>\n<\/li>\n<li data-start=\"1715\" data-end=\"1739\">\n<p data-start=\"1717\" data-end=\"1739\">monta\u017cem na statywie<\/p>\n<\/li>\n<li data-start=\"1740\" data-end=\"1761\">\n<p data-start=\"1742\" data-end=\"1761\">uchwytami Armor-X<\/p>\n<\/li>\n<\/ul>\n<hr data-start=\"1763\" data-end=\"1766\" \/>\n<h2 data-start=\"1768\" data-end=\"1786\">Dane techniczne<\/h2>\n<ul data-start=\"1788\" data-end=\"1961\">\n<li data-start=\"1788\" data-end=\"1825\">\n<p data-start=\"1790\" data-end=\"1825\">Typ mocowania: <strong data-start=\"1805\" data-end=\"1823\">X-Mount TYPE-K<\/strong><\/p>\n<\/li>\n<li data-start=\"1826\" data-end=\"1861\">\n<p data-start=\"1828\" data-end=\"1861\">Material: <strong data-start=\"1838\" data-end=\"1859\">aluminium + metal<\/strong><\/p>\n<\/li>\n<li data-start=\"1862\" data-end=\"1894\">\n<p data-start=\"1864\" data-end=\"1894\">Dimensions: <strong data-start=\"1873\" data-end=\"1892\">20 \u00d7 4 \u00d7 4,5 cm<\/strong><\/p>\n<\/li>\n<li data-start=\"1895\" data-end=\"1961\">\n<p data-start=\"1897\" data-end=\"1961\">Kompatybilno\u015b\u0107: smartfony Armor-X, <strong data-start=\"1932\" data-end=\"1959\">GoPro i kamery sportowe<\/strong><\/p>\n<\/li>\n<\/ul>\n<hr data-start=\"1963\" data-end=\"1966\" \/>\n<h2 data-start=\"1968\" data-end=\"1982\">Idealny do:<\/h2>\n<ul data-start=\"1984\" data-end=\"2163\">\n<li data-start=\"1984\" data-end=\"2015\">\n<p data-start=\"1986\" data-end=\"2015\">\u0141odzi motorowych i jacht\u00f3w.<\/p>\n<\/li>\n<li data-start=\"2016\" data-end=\"2049\">\n<p data-start=\"2018\" data-end=\"2049\">Sport\u00f3w wodnych i \u017ceglarstwa.<\/p>\n<\/li>\n<li data-start=\"2050\" data-end=\"2089\">\n<p data-start=\"2052\" data-end=\"2089\">Kajak\u00f3w, SUP-\u00f3w i turystyki wodnej.<\/p>\n<\/li>\n<li data-start=\"2090\" data-end=\"2128\">\n<p data-start=\"2092\" data-end=\"2128\">Sport\u00f3w ekstremalnych i off-roadu.<\/p>\n<\/li>\n<li data-start=\"2129\" data-end=\"2163\">\n<p data-start=\"2131\" data-end=\"2163\">Podr\u00f3\u017cy i vlog\u00f3w outdoorowych.<\/p>\n<\/li>\n<\/ul>","protected":false},"excerpt":{"rendered":"<p data-start=\"2673\" data-end=\"2777\">Statyw i selfie stick Armor-X X70K 2w1 do jacht\u00f3w, sport\u00f3w wodnych i outdooru z systemem X-Mount TYPE-K.<\/p>","protected":false},"featured_media":7896,"template":"","meta":{"_acf_changed":false},"product_brand":[],"product_cat":[1307,1309],"product_tag":[1387,842,1316,1391,1383,1390,1388,1389,1384,1385,1386,1329,1382],"class_list":{"0":"post-7907","1":"product","2":"type-product","3":"status-publish","4":"has-post-thumbnail","6":"product_cat-armor-x","7":"product_cat-x-mount","8":"product_tag-akcesoria-armor-x","9":"product_tag-akcesoria-zeglarskie","10":"product_tag-armor-x","11":"product_tag-marine-camera-mount","12":"product_tag-selfie-stick","13":"product_tag-sprzet-do-nagrywania","14":"product_tag-sprzet-do-sportow-wodnych","15":"product_tag-sprzet-outdoor","16":"product_tag-statyw-do-telefonu","17":"product_tag-statyw-gopro","18":"product_tag-uchwyt-do-kamery","19":"product_tag-uchwyt-x-mount","20":"product_tag-x70k","22":"first","23":"instock","24":"taxable","25":"shipping-taxable","26":"purchasable","27":"product-type-simple"},"acf":[],"yoast_head":"<!-- This site is optimized with the Yoast SEO plugin v25.2 - https:\/\/yoast.com\/wordpress\/plugins\/seo\/ -->\n<title>Mini statyw \/ selfie stick Armor-X - Smartfon - Atana<\/title>\n<meta name=\"description\" content=\"Armor-X X70K \u2013 statyw i selfie stick 2w1 do sport\u00f3w wodnych, jacht\u00f3w i outdooru z systemem X-Mount TYPE-K. Pasuje do wszystkich etui Armor-X do smartfon\u00f3w.\" \/>\n<meta name=\"robots\" content=\"index, follow, max-snippet:-1, max-image-preview:large, max-video-preview:-1\" \/>\n<link rel=\"canonical\" href=\"https:\/\/atana.pl\/en\/online-shop\/armor-x\/x-mount\/mini-statyw-selfie-stick-armor-x-smartfon\/\" \/>\n<meta property=\"og:locale\" content=\"en_GB\" \/>\n<meta property=\"og:type\" content=\"article\" \/>\n<meta property=\"og:title\" content=\"Mini statyw \/ selfie stick Armor-X - Smartfon - Atana\" \/>\n<meta property=\"og:description\" content=\"Armor-X X70K \u2013 statyw i selfie stick 2w1 do sport\u00f3w wodnych, jacht\u00f3w i outdooru z systemem X-Mount TYPE-K. Pasuje do wszystkich etui Armor-X do smartfon\u00f3w.\" \/>\n<meta property=\"og:url\" content=\"https:\/\/atana.pl\/en\/online-shop\/armor-x\/x-mount\/mini-statyw-selfie-stick-armor-x-smartfon\/\" \/>\n<meta property=\"og:site_name\" content=\"Atana\" \/>\n<meta property=\"article:publisher\" content=\"https:\/\/www.facebook.com\/atanayachts\" \/>\n<meta property=\"article:modified_time\" content=\"2026-01-15T14:58:44+00:00\" \/>\n<meta property=\"og:image\" content=\"https:\/\/atana.pl\/wp-content\/uploads\/1967\/01\/x70k_mini-gopro-camera-tripod-selfie-stick-extension-stand-mount-holder-for-smart-phone_1a.webp\" \/>\n\t<meta property=\"og:image:width\" content=\"1000\" \/>\n\t<meta property=\"og:image:height\" content=\"1000\" \/>\n\t<meta property=\"og:image:type\" content=\"image\/webp\" \/>\n<meta name=\"twitter:card\" content=\"summary_large_image\" \/>\n<meta name=\"twitter:label1\" content=\"Estimated reading time\" \/>\n\t<meta name=\"twitter:data1\" content=\"1 minute\" \/>\n<script type=\"application\/ld+json\" class=\"yoast-schema-graph\">{\"@context\":\"https:\/\/schema.org\",\"@graph\":[{\"@type\":\"WebPage\",\"@id\":\"https:\/\/atana.pl\/sklep-on-line\/armor-x\/x-mount\/mini-statyw-selfie-stick-armor-x-smartfon\/\",\"url\":\"https:\/\/atana.pl\/sklep-on-line\/armor-x\/x-mount\/mini-statyw-selfie-stick-armor-x-smartfon\/\",\"name\":\"Mini statyw \/ selfie stick Armor-X - Smartfon - Atana\",\"isPartOf\":{\"@id\":\"https:\/\/atana.pl\/#website\"},\"primaryImageOfPage\":{\"@id\":\"https:\/\/atana.pl\/sklep-on-line\/armor-x\/x-mount\/mini-statyw-selfie-stick-armor-x-smartfon\/#primaryimage\"},\"image\":{\"@id\":\"https:\/\/atana.pl\/sklep-on-line\/armor-x\/x-mount\/mini-statyw-selfie-stick-armor-x-smartfon\/#primaryimage\"},\"thumbnailUrl\":\"https:\/\/atana.pl\/wp-content\/uploads\/1967\/01\/x70k_mini-gopro-camera-tripod-selfie-stick-extension-stand-mount-holder-for-smart-phone_1a.webp\",\"datePublished\":\"2026-01-15T14:58:42+00:00\",\"dateModified\":\"2026-01-15T14:58:44+00:00\",\"description\":\"Armor-X X70K \u2013 statyw i selfie stick 2w1 do sport\u00f3w wodnych, jacht\u00f3w i outdooru z systemem X-Mount TYPE-K. Pasuje do wszystkich etui Armor-X do smartfon\u00f3w.\",\"breadcrumb\":{\"@id\":\"https:\/\/atana.pl\/sklep-on-line\/armor-x\/x-mount\/mini-statyw-selfie-stick-armor-x-smartfon\/#breadcrumb\"},\"inLanguage\":\"en-GB\",\"potentialAction\":[{\"@type\":\"ReadAction\",\"target\":[\"https:\/\/atana.pl\/sklep-on-line\/armor-x\/x-mount\/mini-statyw-selfie-stick-armor-x-smartfon\/\"]}]},{\"@type\":\"ImageObject\",\"inLanguage\":\"en-GB\",\"@id\":\"https:\/\/atana.pl\/sklep-on-line\/armor-x\/x-mount\/mini-statyw-selfie-stick-armor-x-smartfon\/#primaryimage\",\"url\":\"https:\/\/atana.pl\/wp-content\/uploads\/1967\/01\/x70k_mini-gopro-camera-tripod-selfie-stick-extension-stand-mount-holder-for-smart-phone_1a.webp\",\"contentUrl\":\"https:\/\/atana.pl\/wp-content\/uploads\/1967\/01\/x70k_mini-gopro-camera-tripod-selfie-stick-extension-stand-mount-holder-for-smart-phone_1a.webp\",\"width\":1000,\"height\":1000,\"caption\":\"x70k mini gopro camera tripod selfie stick extension stand mount holder for smart phone 1a\"},{\"@type\":\"BreadcrumbList\",\"@id\":\"https:\/\/atana.pl\/sklep-on-line\/armor-x\/x-mount\/mini-statyw-selfie-stick-armor-x-smartfon\/#breadcrumb\",\"itemListElement\":[{\"@type\":\"ListItem\",\"position\":1,\"name\":\"Strona g\u0142\u00f3wna\",\"item\":\"https:\/\/atana.pl\/\"},{\"@type\":\"ListItem\",\"position\":2,\"name\":\"Sklep on-line\",\"item\":\"https:\/\/atana.pl\/sklep-on-line\/\"},{\"@type\":\"ListItem\",\"position\":3,\"name\":\"Mini statyw \/ selfie stick Armor-X &#8211; Smartfon\"}]},{\"@type\":\"WebSite\",\"@id\":\"https:\/\/atana.pl\/#website\",\"url\":\"https:\/\/atana.pl\/\",\"name\":\"Atana\",\"description\":\"Akcesoria do \u0142odzi, kamper\u00f3w i przyczep. \u0141odzie motorowe\",\"publisher\":{\"@id\":\"https:\/\/atana.pl\/#organization\"},\"potentialAction\":[{\"@type\":\"SearchAction\",\"target\":{\"@type\":\"EntryPoint\",\"urlTemplate\":\"https:\/\/atana.pl\/?s={search_term_string}\"},\"query-input\":{\"@type\":\"PropertyValueSpecification\",\"valueRequired\":true,\"valueName\":\"search_term_string\"}}],\"inLanguage\":\"en-GB\"},{\"@type\":\"Organization\",\"@id\":\"https:\/\/atana.pl\/#organization\",\"name\":\"Atana\",\"url\":\"https:\/\/atana.pl\/\",\"logo\":{\"@type\":\"ImageObject\",\"inLanguage\":\"en-GB\",\"@id\":\"https:\/\/atana.pl\/#\/schema\/logo\/image\/\",\"url\":\"\",\"contentUrl\":\"\",\"caption\":\"Atana\"},\"image\":{\"@id\":\"https:\/\/atana.pl\/#\/schema\/logo\/image\/\"},\"sameAs\":[\"https:\/\/www.facebook.com\/atanayachts\",\"https:\/\/www.instagram.com\/atanaboats\/\",\"https:\/\/www.youtube.com\/channel\/UClMMmVqqx17in9QzgxK90Mw\"]}]}<\/script>\n<!-- \/ Yoast SEO plugin. -->","yoast_head_json":{"title":"Mini statyw \/ selfie stick Armor-X - Smartfon - Atana","description":"Armor-X X70K \u2013 statyw i selfie stick 2w1 do sport\u00f3w wodnych, jacht\u00f3w i outdooru z systemem X-Mount TYPE-K. Pasuje do wszystkich etui Armor-X do smartfon\u00f3w.","robots":{"index":"index","follow":"follow","max-snippet":"max-snippet:-1","max-image-preview":"max-image-preview:large","max-video-preview":"max-video-preview:-1"},"canonical":"https:\/\/atana.pl\/en\/online-shop\/armor-x\/x-mount\/mini-statyw-selfie-stick-armor-x-smartfon\/","og_locale":"en_GB","og_type":"article","og_title":"Mini statyw \/ selfie stick Armor-X - Smartfon - Atana","og_description":"Armor-X X70K \u2013 statyw i selfie stick 2w1 do sport\u00f3w wodnych, jacht\u00f3w i outdooru z systemem X-Mount TYPE-K. Pasuje do wszystkich etui Armor-X do smartfon\u00f3w.","og_url":"https:\/\/atana.pl\/en\/online-shop\/armor-x\/x-mount\/mini-statyw-selfie-stick-armor-x-smartfon\/","og_site_name":"Atana","article_publisher":"https:\/\/www.facebook.com\/atanayachts","article_modified_time":"2026-01-15T14:58:44+00:00","og_image":[{"width":1000,"height":1000,"url":"https:\/\/atana.pl\/wp-content\/uploads\/1967\/01\/x70k_mini-gopro-camera-tripod-selfie-stick-extension-stand-mount-holder-for-smart-phone_1a.webp","type":"image\/webp"}],"twitter_card":"summary_large_image","twitter_misc":{"Estimated reading time":"1 minute"},"schema":{"@context":"https:\/\/schema.org","@graph":[{"@type":"WebPage","@id":"https:\/\/atana.pl\/sklep-on-line\/armor-x\/x-mount\/mini-statyw-selfie-stick-armor-x-smartfon\/","url":"https:\/\/atana.pl\/sklep-on-line\/armor-x\/x-mount\/mini-statyw-selfie-stick-armor-x-smartfon\/","name":"Mini statyw \/ selfie stick Armor-X - Smartfon - Atana","isPartOf":{"@id":"https:\/\/atana.pl\/#website"},"primaryImageOfPage":{"@id":"https:\/\/atana.pl\/sklep-on-line\/armor-x\/x-mount\/mini-statyw-selfie-stick-armor-x-smartfon\/#primaryimage"},"image":{"@id":"https:\/\/atana.pl\/sklep-on-line\/armor-x\/x-mount\/mini-statyw-selfie-stick-armor-x-smartfon\/#primaryimage"},"thumbnailUrl":"https:\/\/atana.pl\/wp-content\/uploads\/1967\/01\/x70k_mini-gopro-camera-tripod-selfie-stick-extension-stand-mount-holder-for-smart-phone_1a.webp","datePublished":"2026-01-15T14:58:42+00:00","dateModified":"2026-01-15T14:58:44+00:00","description":"Armor-X X70K \u2013 statyw i selfie stick 2w1 do sport\u00f3w wodnych, jacht\u00f3w i outdooru z systemem X-Mount TYPE-K. Pasuje do wszystkich etui Armor-X do smartfon\u00f3w.","breadcrumb":{"@id":"https:\/\/atana.pl\/sklep-on-line\/armor-x\/x-mount\/mini-statyw-selfie-stick-armor-x-smartfon\/#breadcrumb"},"inLanguage":"en-GB","potentialAction":[{"@type":"ReadAction","target":["https:\/\/atana.pl\/sklep-on-line\/armor-x\/x-mount\/mini-statyw-selfie-stick-armor-x-smartfon\/"]}]},{"@type":"ImageObject","inLanguage":"en-GB","@id":"https:\/\/atana.pl\/sklep-on-line\/armor-x\/x-mount\/mini-statyw-selfie-stick-armor-x-smartfon\/#primaryimage","url":"https:\/\/atana.pl\/wp-content\/uploads\/1967\/01\/x70k_mini-gopro-camera-tripod-selfie-stick-extension-stand-mount-holder-for-smart-phone_1a.webp","contentUrl":"https:\/\/atana.pl\/wp-content\/uploads\/1967\/01\/x70k_mini-gopro-camera-tripod-selfie-stick-extension-stand-mount-holder-for-smart-phone_1a.webp","width":1000,"height":1000,"caption":"x70k mini gopro camera tripod selfie stick extension stand mount holder for smart phone 1a"},{"@type":"BreadcrumbList","@id":"https:\/\/atana.pl\/sklep-on-line\/armor-x\/x-mount\/mini-statyw-selfie-stick-armor-x-smartfon\/#breadcrumb","itemListElement":[{"@type":"ListItem","position":1,"name":"Strona g\u0142\u00f3wna","item":"https:\/\/atana.pl\/"},{"@type":"ListItem","position":2,"name":"Sklep on-line","item":"https:\/\/atana.pl\/sklep-on-line\/"},{"@type":"ListItem","position":3,"name":"Mini statyw \/ selfie stick Armor-X &#8211; Smartfon"}]},{"@type":"WebSite","@id":"https:\/\/atana.pl\/#website","url":"https:\/\/atana.pl\/","name":"Atana","description":"Akcesoria do \u0142odzi, kamper\u00f3w i przyczep. \u0141odzie motorowe","publisher":{"@id":"https:\/\/atana.pl\/#organization"},"potentialAction":[{"@type":"SearchAction","target":{"@type":"EntryPoint","urlTemplate":"https:\/\/atana.pl\/?s={search_term_string}"},"query-input":{"@type":"PropertyValueSpecification","valueRequired":true,"valueName":"search_term_string"}}],"inLanguage":"en-GB"},{"@type":"Organization","@id":"https:\/\/atana.pl\/#organization","name":"Atana","url":"https:\/\/atana.pl\/","logo":{"@type":"ImageObject","inLanguage":"en-GB","@id":"https:\/\/atana.pl\/#\/schema\/logo\/image\/","url":"","contentUrl":"","caption":"Atana"},"image":{"@id":"https:\/\/atana.pl\/#\/schema\/logo\/image\/"},"sameAs":["https:\/\/www.facebook.com\/atanayachts","https:\/\/www.instagram.com\/atanaboats\/","https:\/\/www.youtube.com\/channel\/UClMMmVqqx17in9QzgxK90Mw"]}]}},"_links":{"self":[{"href":"https:\/\/atana.pl\/en\/wp-json\/wp\/v2\/product\/7907","targetHints":{"allow":["GET"]}}],"collection":[{"href":"https:\/\/atana.pl\/en\/wp-json\/wp\/v2\/product"}],"about":[{"href":"https:\/\/atana.pl\/en\/wp-json\/wp\/v2\/types\/product"}],"wp:featuredmedia":[{"embeddable":true,"href":"https:\/\/atana.pl\/en\/wp-json\/wp\/v2\/media\/7896"}],"wp:attachment":[{"href":"https:\/\/atana.pl\/en\/wp-json\/wp\/v2\/media?parent=7907"}],"wp:term":[{"taxonomy":"product_brand","embeddable":true,"href":"https:\/\/atana.pl\/en\/wp-json\/wp\/v2\/product_brand?post=7907"},{"taxonomy":"product_cat","embeddable":true,"href":"https:\/\/atana.pl\/en\/wp-json\/wp\/v2\/product_cat?post=7907"},{"taxonomy":"product_tag","embeddable":true,"href":"https:\/\/atana.pl\/en\/wp-json\/wp\/v2\/product_tag?post=7907"}],"curies":[{"name":"wp","href":"https:\/\/api.w.org\/{rel}","templated":true}]}}