{"id":7887,"date":"2026-01-15T14:06:32","date_gmt":"2026-01-15T13:06:32","guid":{"rendered":"https:\/\/atana.pl\/?post_type=product&#038;p=7887"},"modified":"2026-01-15T14:06:34","modified_gmt":"2026-01-15T13:06:34","slug":"uchwyt-armor-x-na-kierownice-25-mm-45-mm-smartfon","status":"publish","type":"product","link":"https:\/\/atana.pl\/en\/online-shop\/armor-x\/x-mount\/uchwyt-armor-x-na-kierownice-25-mm-45-mm-smartfon\/","title":{"rendered":"Uchwyt Armor-X. Na kierownic\u0119 25 mm &#8211; 45 mm. Smartfon"},"content":{"rendered":"<h1 data-start=\"93\" data-end=\"176\">\u2693 Armor-X X22K \u2013 ultralekki uchwyt na reling i kierownic\u0119 25\u201345 mm X-Mount TYPE-K<\/h1>\n<p data-start=\"196\" data-end=\"546\"><strong data-start=\"196\" data-end=\"235\">Armor-X X22K Light Weight Bar Mount<\/strong> to <strong data-start=\"239\" data-end=\"270\">ultralekki uchwyt monta\u017cowy<\/strong> zaprojektowany do bezpiecznego mocowania smartfon\u00f3w w etui Armor-X z systemem <strong data-start=\"349\" data-end=\"367\">X-Mount TYPE-K<\/strong> na relingach, kierownicach i rurach o \u015brednicy <strong data-start=\"415\" data-end=\"427\">25\u201345 mm<\/strong>. Doskonale sprawdza si\u0119 w <strong data-start=\"454\" data-end=\"545\">\u017ceglarstwie, turystyce wodnej, kolarstwie, sportach outdoorowych i wyprawach terenowych<\/strong>.<\/p>\n<p data-start=\"548\" data-end=\"740\">Dzi\u0119ki wadze zaledwie <strong data-start=\"570\" data-end=\"583\">18 gram\u00f3w<\/strong> jest to idealny wyb\u00f3r dla os\u00f3b, kt\u00f3re potrzebuj\u0105 <strong data-start=\"633\" data-end=\"686\">maksymalnej funkcjonalno\u015bci przy minimalnej masie<\/strong> \u2013 zar\u00f3wno na jachcie, jak i na rowerze czy w terenie.<\/p>\n<hr data-start=\"742\" data-end=\"745\" \/>\n<h2 data-start=\"747\" data-end=\"783\">Lekki, ale niezwykle funkcjonalny<\/h2>\n<p data-start=\"785\" data-end=\"831\">Mimo ultralekkiej konstrukcji uchwyt zapewnia:<\/p>\n<ul data-start=\"832\" data-end=\"939\">\n<li data-start=\"832\" data-end=\"863\">\n<p data-start=\"834\" data-end=\"863\">stabilne trzymanie telefonu<\/p>\n<\/li>\n<li data-start=\"864\" data-end=\"891\">\n<p data-start=\"866\" data-end=\"891\">szybki dost\u0119p do ekranu<\/p>\n<\/li>\n<li data-start=\"892\" data-end=\"939\">\n<p data-start=\"894\" data-end=\"939\">pewne mocowanie na relingach i kierownicach<\/p>\n<\/li>\n<\/ul>\n<p data-start=\"941\" data-end=\"969\">Pozwala zamieni\u0107 smartfon w:<\/p>\n<ul data-start=\"970\" data-end=\"1103\">\n<li data-start=\"970\" data-end=\"998\">\n<p data-start=\"972\" data-end=\"998\"><strong data-start=\"972\" data-end=\"998\">nawigacj\u0119 morsk\u0105 i GPS<\/strong><\/p>\n<\/li>\n<li data-start=\"999\" data-end=\"1019\">\n<p data-start=\"1001\" data-end=\"1019\"><strong data-start=\"1001\" data-end=\"1019\">map\u0119 \u017ceglarsk\u0105<\/strong><\/p>\n<\/li>\n<li data-start=\"1020\" data-end=\"1043\">\n<p data-start=\"1022\" data-end=\"1043\"><strong data-start=\"1022\" data-end=\"1043\">komputer rowerowy<\/strong><\/p>\n<\/li>\n<li data-start=\"1044\" data-end=\"1068\">\n<p data-start=\"1046\" data-end=\"1068\"><strong data-start=\"1046\" data-end=\"1068\">centrum treningowe<\/strong><\/p>\n<\/li>\n<li data-start=\"1069\" data-end=\"1103\">\n<p data-start=\"1071\" data-end=\"1103\"><strong data-start=\"1071\" data-end=\"1103\">ekran aplikacji outdoorowych<\/strong><\/p>\n<\/li>\n<\/ul>\n<hr data-start=\"1105\" data-end=\"1108\" \/>\n<h2 data-start=\"1110\" data-end=\"1134\">System X-Mount TYPE-K<\/h2>\n<p data-start=\"1136\" data-end=\"1217\">Uchwyt wykorzystuje <strong data-start=\"1156\" data-end=\"1209\">opatentowany magnetyczny interfejs X-Mount TYPE-K<\/strong>, kt\u00f3ry:<\/p>\n<ul data-start=\"1218\" data-end=\"1331\">\n<li data-start=\"1218\" data-end=\"1252\">\n<p data-start=\"1220\" data-end=\"1252\">automatycznie centruje telefon<\/p>\n<\/li>\n<li data-start=\"1253\" data-end=\"1289\">\n<p data-start=\"1255\" data-end=\"1289\">blokuje go w bezpiecznej pozycji<\/p>\n<\/li>\n<li data-start=\"1290\" data-end=\"1331\">\n<p data-start=\"1292\" data-end=\"1331\">umo\u017cliwia szybkie wypi\u0119cie jedn\u0105 r\u0119k\u0105<\/p>\n<\/li>\n<\/ul>\n<p data-start=\"1333\" data-end=\"1388\">Kompatybilny z ca\u0142ym ekosystemem <strong data-start=\"1366\" data-end=\"1387\">Armor-X ActiveKEY<\/strong>.<\/p>\n<hr data-start=\"1390\" data-end=\"1393\" \/>\n<h2 data-start=\"1395\" data-end=\"1422\">Idealny do sportu i wody<\/h2>\n<p data-start=\"1424\" data-end=\"1460\">Armor-X X22K doskonale sprawdza si\u0119:<\/p>\n<ul data-start=\"1461\" data-end=\"1627\">\n<li data-start=\"1461\" data-end=\"1491\">\n<p data-start=\"1463\" data-end=\"1491\">na <strong data-start=\"1466\" data-end=\"1489\">\u0142odziach i jachtach<\/strong><\/p>\n<\/li>\n<li data-start=\"1492\" data-end=\"1537\">\n<p data-start=\"1494\" data-end=\"1537\">podczas <strong data-start=\"1502\" data-end=\"1535\">\u017ceglowania i turystyki wodnej<\/strong><\/p>\n<\/li>\n<li data-start=\"1538\" data-end=\"1564\">\n<p data-start=\"1540\" data-end=\"1564\">w <strong data-start=\"1542\" data-end=\"1562\">kolarstwie i MTB<\/strong><\/p>\n<\/li>\n<li data-start=\"1565\" data-end=\"1594\">\n<p data-start=\"1567\" data-end=\"1594\">na <strong data-start=\"1570\" data-end=\"1592\">kajakach i SUP-ach<\/strong><\/p>\n<\/li>\n<li data-start=\"1595\" data-end=\"1627\">\n<p data-start=\"1597\" data-end=\"1627\">w <strong data-start=\"1599\" data-end=\"1625\">wyprawach outdoorowych<\/strong><\/p>\n<\/li>\n<\/ul>\n<p data-start=\"1629\" data-end=\"1684\">Dla rowerzyst\u00f3w wsp\u00f3\u0142pracuje z opcjonalnymi czujnikami:<\/p>\n<ul data-start=\"1685\" data-end=\"1721\">\n<li data-start=\"1685\" data-end=\"1694\">\n<p data-start=\"1687\" data-end=\"1694\">t\u0119tna<\/p>\n<\/li>\n<li data-start=\"1695\" data-end=\"1708\">\n<p data-start=\"1697\" data-end=\"1708\">pr\u0119dko\u015bci<\/p>\n<\/li>\n<li data-start=\"1709\" data-end=\"1721\">\n<p data-start=\"1711\" data-end=\"1721\">kadencji<\/p>\n<\/li>\n<\/ul>\n<p data-start=\"1723\" data-end=\"1771\">co pozwala stworzy\u0107 kompletny system treningowy.<\/p>\n<hr data-start=\"1773\" data-end=\"1776\" \/>\n<h2 data-start=\"1778\" data-end=\"1796\">Dane techniczne<\/h2>\n<ul data-start=\"1798\" data-end=\"1931\">\n<li data-start=\"1798\" data-end=\"1835\">\n<p data-start=\"1800\" data-end=\"1835\">Typ mocowania: <strong data-start=\"1815\" data-end=\"1833\">X-Mount TYPE-K<\/strong><\/p>\n<\/li>\n<li data-start=\"1836\" data-end=\"1868\">\n<p data-start=\"1838\" data-end=\"1868\">Zakres \u015brednic: <strong data-start=\"1854\" data-end=\"1866\">25\u201345 mm<\/strong><\/p>\n<\/li>\n<li data-start=\"1869\" data-end=\"1887\">\n<p data-start=\"1871\" data-end=\"1887\">Weight: <strong data-start=\"1877\" data-end=\"1885\">18 g<\/strong><\/p>\n<\/li>\n<li data-start=\"1888\" data-end=\"1931\">\n<p data-start=\"1890\" data-end=\"1931\">Przeznaczenie: smartfony w etui Armor-X<\/p>\n<\/li>\n<\/ul>","protected":false},"excerpt":{"rendered":"<p data-start=\"2418\" data-end=\"2542\">Ultralekki uchwyt Armor-X X22K na relingi i kierownice 25\u201345 mm z systemem X-Mount TYPE-K do zastosowa\u0144 marine i sportowych.<\/p>","protected":false},"featured_media":7894,"template":"","meta":{"_acf_changed":false},"product_brand":[],"product_cat":[1307,1309],"product_tag":[1316,1336,1335,1367,1380,1379,1338,1337,1365,1366,1339,1381,1329,1378],"class_list":{"0":"post-7887","1":"product","2":"type-product","3":"status-publish","4":"has-post-thumbnail","6":"product_cat-armor-x","7":"product_cat-x-mount","8":"product_tag-armor-x","9":"product_tag-uchwyt-do-lodzi","10":"product_tag-uchwyt-do-nawigacji","11":"product_tag-uchwyt-do-roweru","12":"product_tag-uchwyt-gps","13":"product_tag-uchwyt-lekki","14":"product_tag-uchwyt-marine","15":"product_tag-uchwyt-na-jacht","16":"product_tag-uchwyt-na-kierownice","17":"product_tag-uchwyt-na-reling","18":"product_tag-uchwyt-outdoor","19":"product_tag-uchwyt-sportowy","20":"product_tag-uchwyt-x-mount","21":"product_tag-x22k","23":"first","24":"instock","25":"taxable","26":"shipping-taxable","27":"purchasable","28":"product-type-simple"},"acf":[],"yoast_head":"<!-- This site is optimized with the Yoast SEO plugin v25.2 - https:\/\/yoast.com\/wordpress\/plugins\/seo\/ -->\n<title>Uchwyt Armor-X. Na kierownic\u0119 25 mm - 45 mm. Smartfon - Atana<\/title>\n<meta name=\"description\" content=\"Ultralekki uchwyt Armor-X X22K 25\u201345 mm do \u0142odzi, jacht\u00f3w i rower\u00f3w z systemem X-Mount TYPE-K. Pasuje do wszystkich etui Armor X do smartfon\u00f3w\" \/>\n<meta name=\"robots\" content=\"index, follow, max-snippet:-1, max-image-preview:large, max-video-preview:-1\" \/>\n<link rel=\"canonical\" href=\"https:\/\/atana.pl\/en\/online-shop\/armor-x\/x-mount\/uchwyt-armor-x-na-kierownice-25-mm-45-mm-smartfon\/\" \/>\n<meta property=\"og:locale\" content=\"en_GB\" \/>\n<meta property=\"og:type\" content=\"article\" \/>\n<meta property=\"og:title\" content=\"Uchwyt Armor-X. Na kierownic\u0119 25 mm - 45 mm. Smartfon - Atana\" \/>\n<meta property=\"og:description\" content=\"Ultralekki uchwyt Armor-X X22K 25\u201345 mm do \u0142odzi, jacht\u00f3w i rower\u00f3w z systemem X-Mount TYPE-K. Pasuje do wszystkich etui Armor X do smartfon\u00f3w\" \/>\n<meta property=\"og:url\" content=\"https:\/\/atana.pl\/en\/online-shop\/armor-x\/x-mount\/uchwyt-armor-x-na-kierownice-25-mm-45-mm-smartfon\/\" \/>\n<meta property=\"og:site_name\" content=\"Atana\" \/>\n<meta property=\"article:publisher\" content=\"https:\/\/www.facebook.com\/atanayachts\" \/>\n<meta property=\"article:modified_time\" content=\"2026-01-15T13:06:34+00:00\" \/>\n<meta property=\"og:image\" content=\"https:\/\/atana.pl\/wp-content\/uploads\/1967\/01\/x22k_bike-mount-bar-mount-route-logging-gps-navigation-map-app-cycling-training-fitness-tracking-iphone-fitness_1.webp\" \/>\n\t<meta property=\"og:image:width\" content=\"668\" \/>\n\t<meta property=\"og:image:height\" content=\"668\" \/>\n\t<meta property=\"og:image:type\" content=\"image\/webp\" \/>\n<meta name=\"twitter:card\" content=\"summary_large_image\" \/>\n<meta name=\"twitter:label1\" content=\"Estimated reading time\" \/>\n\t<meta name=\"twitter:data1\" content=\"1 minute\" \/>\n<script type=\"application\/ld+json\" class=\"yoast-schema-graph\">{\"@context\":\"https:\/\/schema.org\",\"@graph\":[{\"@type\":\"WebPage\",\"@id\":\"https:\/\/atana.pl\/sklep-on-line\/armor-x\/x-mount\/uchwyt-armor-x-na-kierownice-25-mm-45-mm-smartfon\/\",\"url\":\"https:\/\/atana.pl\/sklep-on-line\/armor-x\/x-mount\/uchwyt-armor-x-na-kierownice-25-mm-45-mm-smartfon\/\",\"name\":\"Uchwyt Armor-X. Na kierownic\u0119 25 mm - 45 mm. Smartfon - Atana\",\"isPartOf\":{\"@id\":\"https:\/\/atana.pl\/#website\"},\"primaryImageOfPage\":{\"@id\":\"https:\/\/atana.pl\/sklep-on-line\/armor-x\/x-mount\/uchwyt-armor-x-na-kierownice-25-mm-45-mm-smartfon\/#primaryimage\"},\"image\":{\"@id\":\"https:\/\/atana.pl\/sklep-on-line\/armor-x\/x-mount\/uchwyt-armor-x-na-kierownice-25-mm-45-mm-smartfon\/#primaryimage\"},\"thumbnailUrl\":\"https:\/\/atana.pl\/wp-content\/uploads\/1967\/01\/x22k_bike-mount-bar-mount-route-logging-gps-navigation-map-app-cycling-training-fitness-tracking-iphone-fitness_1.webp\",\"datePublished\":\"2026-01-15T13:06:32+00:00\",\"dateModified\":\"2026-01-15T13:06:34+00:00\",\"description\":\"Ultralekki uchwyt Armor-X X22K 25\u201345 mm do \u0142odzi, jacht\u00f3w i rower\u00f3w z systemem X-Mount TYPE-K. Pasuje do wszystkich etui Armor X do smartfon\u00f3w\",\"breadcrumb\":{\"@id\":\"https:\/\/atana.pl\/sklep-on-line\/armor-x\/x-mount\/uchwyt-armor-x-na-kierownice-25-mm-45-mm-smartfon\/#breadcrumb\"},\"inLanguage\":\"en-GB\",\"potentialAction\":[{\"@type\":\"ReadAction\",\"target\":[\"https:\/\/atana.pl\/sklep-on-line\/armor-x\/x-mount\/uchwyt-armor-x-na-kierownice-25-mm-45-mm-smartfon\/\"]}]},{\"@type\":\"ImageObject\",\"inLanguage\":\"en-GB\",\"@id\":\"https:\/\/atana.pl\/sklep-on-line\/armor-x\/x-mount\/uchwyt-armor-x-na-kierownice-25-mm-45-mm-smartfon\/#primaryimage\",\"url\":\"https:\/\/atana.pl\/wp-content\/uploads\/1967\/01\/x22k_bike-mount-bar-mount-route-logging-gps-navigation-map-app-cycling-training-fitness-tracking-iphone-fitness_1.webp\",\"contentUrl\":\"https:\/\/atana.pl\/wp-content\/uploads\/1967\/01\/x22k_bike-mount-bar-mount-route-logging-gps-navigation-map-app-cycling-training-fitness-tracking-iphone-fitness_1.webp\",\"width\":668,\"height\":668,\"caption\":\"x22k bike mount bar mount route logging gps navigation map app cycling training fitness tracking iphone fitness 1\"},{\"@type\":\"BreadcrumbList\",\"@id\":\"https:\/\/atana.pl\/sklep-on-line\/armor-x\/x-mount\/uchwyt-armor-x-na-kierownice-25-mm-45-mm-smartfon\/#breadcrumb\",\"itemListElement\":[{\"@type\":\"ListItem\",\"position\":1,\"name\":\"Strona g\u0142\u00f3wna\",\"item\":\"https:\/\/atana.pl\/\"},{\"@type\":\"ListItem\",\"position\":2,\"name\":\"Sklep on-line\",\"item\":\"https:\/\/atana.pl\/sklep-on-line\/\"},{\"@type\":\"ListItem\",\"position\":3,\"name\":\"Uchwyt Armor-X. Na kierownic\u0119 25 mm &#8211; 45 mm. Smartfon\"}]},{\"@type\":\"WebSite\",\"@id\":\"https:\/\/atana.pl\/#website\",\"url\":\"https:\/\/atana.pl\/\",\"name\":\"Atana\",\"description\":\"Akcesoria do \u0142odzi, kamper\u00f3w i przyczep. \u0141odzie motorowe\",\"publisher\":{\"@id\":\"https:\/\/atana.pl\/#organization\"},\"potentialAction\":[{\"@type\":\"SearchAction\",\"target\":{\"@type\":\"EntryPoint\",\"urlTemplate\":\"https:\/\/atana.pl\/?s={search_term_string}\"},\"query-input\":{\"@type\":\"PropertyValueSpecification\",\"valueRequired\":true,\"valueName\":\"search_term_string\"}}],\"inLanguage\":\"en-GB\"},{\"@type\":\"Organization\",\"@id\":\"https:\/\/atana.pl\/#organization\",\"name\":\"Atana\",\"url\":\"https:\/\/atana.pl\/\",\"logo\":{\"@type\":\"ImageObject\",\"inLanguage\":\"en-GB\",\"@id\":\"https:\/\/atana.pl\/#\/schema\/logo\/image\/\",\"url\":\"\",\"contentUrl\":\"\",\"caption\":\"Atana\"},\"image\":{\"@id\":\"https:\/\/atana.pl\/#\/schema\/logo\/image\/\"},\"sameAs\":[\"https:\/\/www.facebook.com\/atanayachts\",\"https:\/\/www.instagram.com\/atanaboats\/\",\"https:\/\/www.youtube.com\/channel\/UClMMmVqqx17in9QzgxK90Mw\"]}]}<\/script>\n<!-- \/ Yoast SEO plugin. -->","yoast_head_json":{"title":"Uchwyt Armor-X. Na kierownic\u0119 25 mm - 45 mm. Smartfon - Atana","description":"Ultralekki uchwyt Armor-X X22K 25\u201345 mm do \u0142odzi, jacht\u00f3w i rower\u00f3w z systemem X-Mount TYPE-K. Pasuje do wszystkich etui Armor X do smartfon\u00f3w","robots":{"index":"index","follow":"follow","max-snippet":"max-snippet:-1","max-image-preview":"max-image-preview:large","max-video-preview":"max-video-preview:-1"},"canonical":"https:\/\/atana.pl\/en\/online-shop\/armor-x\/x-mount\/uchwyt-armor-x-na-kierownice-25-mm-45-mm-smartfon\/","og_locale":"en_GB","og_type":"article","og_title":"Uchwyt Armor-X. Na kierownic\u0119 25 mm - 45 mm. Smartfon - Atana","og_description":"Ultralekki uchwyt Armor-X X22K 25\u201345 mm do \u0142odzi, jacht\u00f3w i rower\u00f3w z systemem X-Mount TYPE-K. Pasuje do wszystkich etui Armor X do smartfon\u00f3w","og_url":"https:\/\/atana.pl\/en\/online-shop\/armor-x\/x-mount\/uchwyt-armor-x-na-kierownice-25-mm-45-mm-smartfon\/","og_site_name":"Atana","article_publisher":"https:\/\/www.facebook.com\/atanayachts","article_modified_time":"2026-01-15T13:06:34+00:00","og_image":[{"width":668,"height":668,"url":"https:\/\/atana.pl\/wp-content\/uploads\/1967\/01\/x22k_bike-mount-bar-mount-route-logging-gps-navigation-map-app-cycling-training-fitness-tracking-iphone-fitness_1.webp","type":"image\/webp"}],"twitter_card":"summary_large_image","twitter_misc":{"Estimated reading time":"1 minute"},"schema":{"@context":"https:\/\/schema.org","@graph":[{"@type":"WebPage","@id":"https:\/\/atana.pl\/sklep-on-line\/armor-x\/x-mount\/uchwyt-armor-x-na-kierownice-25-mm-45-mm-smartfon\/","url":"https:\/\/atana.pl\/sklep-on-line\/armor-x\/x-mount\/uchwyt-armor-x-na-kierownice-25-mm-45-mm-smartfon\/","name":"Uchwyt Armor-X. Na kierownic\u0119 25 mm - 45 mm. Smartfon - Atana","isPartOf":{"@id":"https:\/\/atana.pl\/#website"},"primaryImageOfPage":{"@id":"https:\/\/atana.pl\/sklep-on-line\/armor-x\/x-mount\/uchwyt-armor-x-na-kierownice-25-mm-45-mm-smartfon\/#primaryimage"},"image":{"@id":"https:\/\/atana.pl\/sklep-on-line\/armor-x\/x-mount\/uchwyt-armor-x-na-kierownice-25-mm-45-mm-smartfon\/#primaryimage"},"thumbnailUrl":"https:\/\/atana.pl\/wp-content\/uploads\/1967\/01\/x22k_bike-mount-bar-mount-route-logging-gps-navigation-map-app-cycling-training-fitness-tracking-iphone-fitness_1.webp","datePublished":"2026-01-15T13:06:32+00:00","dateModified":"2026-01-15T13:06:34+00:00","description":"Ultralekki uchwyt Armor-X X22K 25\u201345 mm do \u0142odzi, jacht\u00f3w i rower\u00f3w z systemem X-Mount TYPE-K. Pasuje do wszystkich etui Armor X do smartfon\u00f3w","breadcrumb":{"@id":"https:\/\/atana.pl\/sklep-on-line\/armor-x\/x-mount\/uchwyt-armor-x-na-kierownice-25-mm-45-mm-smartfon\/#breadcrumb"},"inLanguage":"en-GB","potentialAction":[{"@type":"ReadAction","target":["https:\/\/atana.pl\/sklep-on-line\/armor-x\/x-mount\/uchwyt-armor-x-na-kierownice-25-mm-45-mm-smartfon\/"]}]},{"@type":"ImageObject","inLanguage":"en-GB","@id":"https:\/\/atana.pl\/sklep-on-line\/armor-x\/x-mount\/uchwyt-armor-x-na-kierownice-25-mm-45-mm-smartfon\/#primaryimage","url":"https:\/\/atana.pl\/wp-content\/uploads\/1967\/01\/x22k_bike-mount-bar-mount-route-logging-gps-navigation-map-app-cycling-training-fitness-tracking-iphone-fitness_1.webp","contentUrl":"https:\/\/atana.pl\/wp-content\/uploads\/1967\/01\/x22k_bike-mount-bar-mount-route-logging-gps-navigation-map-app-cycling-training-fitness-tracking-iphone-fitness_1.webp","width":668,"height":668,"caption":"x22k bike mount bar mount route logging gps navigation map app cycling training fitness tracking iphone fitness 1"},{"@type":"BreadcrumbList","@id":"https:\/\/atana.pl\/sklep-on-line\/armor-x\/x-mount\/uchwyt-armor-x-na-kierownice-25-mm-45-mm-smartfon\/#breadcrumb","itemListElement":[{"@type":"ListItem","position":1,"name":"Strona g\u0142\u00f3wna","item":"https:\/\/atana.pl\/"},{"@type":"ListItem","position":2,"name":"Sklep on-line","item":"https:\/\/atana.pl\/sklep-on-line\/"},{"@type":"ListItem","position":3,"name":"Uchwyt Armor-X. Na kierownic\u0119 25 mm &#8211; 45 mm. Smartfon"}]},{"@type":"WebSite","@id":"https:\/\/atana.pl\/#website","url":"https:\/\/atana.pl\/","name":"Atana","description":"Akcesoria do \u0142odzi, kamper\u00f3w i przyczep. \u0141odzie motorowe","publisher":{"@id":"https:\/\/atana.pl\/#organization"},"potentialAction":[{"@type":"SearchAction","target":{"@type":"EntryPoint","urlTemplate":"https:\/\/atana.pl\/?s={search_term_string}"},"query-input":{"@type":"PropertyValueSpecification","valueRequired":true,"valueName":"search_term_string"}}],"inLanguage":"en-GB"},{"@type":"Organization","@id":"https:\/\/atana.pl\/#organization","name":"Atana","url":"https:\/\/atana.pl\/","logo":{"@type":"ImageObject","inLanguage":"en-GB","@id":"https:\/\/atana.pl\/#\/schema\/logo\/image\/","url":"","contentUrl":"","caption":"Atana"},"image":{"@id":"https:\/\/atana.pl\/#\/schema\/logo\/image\/"},"sameAs":["https:\/\/www.facebook.com\/atanayachts","https:\/\/www.instagram.com\/atanaboats\/","https:\/\/www.youtube.com\/channel\/UClMMmVqqx17in9QzgxK90Mw"]}]}},"_links":{"self":[{"href":"https:\/\/atana.pl\/en\/wp-json\/wp\/v2\/product\/7887","targetHints":{"allow":["GET"]}}],"collection":[{"href":"https:\/\/atana.pl\/en\/wp-json\/wp\/v2\/product"}],"about":[{"href":"https:\/\/atana.pl\/en\/wp-json\/wp\/v2\/types\/product"}],"wp:featuredmedia":[{"embeddable":true,"href":"https:\/\/atana.pl\/en\/wp-json\/wp\/v2\/media\/7894"}],"wp:attachment":[{"href":"https:\/\/atana.pl\/en\/wp-json\/wp\/v2\/media?parent=7887"}],"wp:term":[{"taxonomy":"product_brand","embeddable":true,"href":"https:\/\/atana.pl\/en\/wp-json\/wp\/v2\/product_brand?post=7887"},{"taxonomy":"product_cat","embeddable":true,"href":"https:\/\/atana.pl\/en\/wp-json\/wp\/v2\/product_cat?post=7887"},{"taxonomy":"product_tag","embeddable":true,"href":"https:\/\/atana.pl\/en\/wp-json\/wp\/v2\/product_tag?post=7887"}],"curies":[{"name":"wp","href":"https:\/\/api.w.org\/{rel}","templated":true}]}}