{"id":7879,"date":"2026-01-15T13:39:14","date_gmt":"2026-01-15T12:39:14","guid":{"rendered":"https:\/\/atana.pl\/?post_type=product&#038;p=7879"},"modified":"2026-01-20T16:40:15","modified_gmt":"2026-01-20T15:40:15","slug":"aluminiowy-uchwyt-armor-x-na-reling-jachtu-i-kierownice","status":"publish","type":"product","link":"https:\/\/atana.pl\/en\/online-shop\/armor-x\/x-mount\/aluminiowy-uchwyt-armor-x-na-reling-jachtu-i-kierownice\/","title":{"rendered":"Aluminiowy uchwyt Armor-X. Na rur\u0119 26,5 mm &#8211; 33,5 mm. Smartfon"},"content":{"rendered":"<h1 data-start=\"161\" data-end=\"248\">\u2693 Armor-X X24K \u2013 aluminiowy uchwyt na reling i kierownic\u0119 26,5\u201333,5 mm X-Mount TYPE-K<\/h1>\n<p data-start=\"268\" data-end=\"657\"><strong data-start=\"268\" data-end=\"311\">Armor-X X24K Premium Aluminum Bar Mount<\/strong> to <strong data-start=\"315\" data-end=\"363\">wysokiej klasy uchwyt monta\u017cowy klasy rugged<\/strong>, zaprojektowany do mocowania smartfon\u00f3w w etui Armor-X z systemem <strong data-start=\"430\" data-end=\"450\">ActiveKEY TYPE-K<\/strong> na relingach, rurach i kierownicach o \u015brednicy <strong data-start=\"498\" data-end=\"514\">26,5\u201333,5 mm<\/strong>. Idealnie sprawdza si\u0119 na <strong data-start=\"541\" data-end=\"656\">\u0142odziach motorowych, jachtach, skuterach wodnych, rowerach, motocyklach oraz w turystyce outdoorowej i off-road<\/strong>.<\/p>\n<p data-start=\"659\" data-end=\"826\">Thanks to <strong data-start=\"666\" data-end=\"713\">konstrukcji z aluminium klasy in\u017cynieryjnej<\/strong> uchwyt zapewnia wyj\u0105tkow\u0105 sztywno\u015b\u0107, odporno\u015b\u0107 na korozj\u0119 i d\u0142ug\u0105 \u017cywotno\u015b\u0107 w warunkach <strong data-start=\"802\" data-end=\"825\">marine i terenowych<\/strong>.<\/p>\n<hr data-start=\"828\" data-end=\"831\" \/>\n<h2 data-start=\"833\" data-end=\"860\">Stabilno\u015b\u0107 klasy premium<\/h2>\n<p data-start=\"862\" data-end=\"873\">Po\u0142\u0105czenie:<\/p>\n<ul data-start=\"874\" data-end=\"993\">\n<li data-start=\"874\" data-end=\"900\">\n<p data-start=\"876\" data-end=\"900\"><strong data-start=\"876\" data-end=\"900\">aluminiowego korpusu<\/strong><\/p>\n<\/li>\n<li data-start=\"901\" data-end=\"953\">\n<p data-start=\"903\" data-end=\"953\"><strong data-start=\"903\" data-end=\"953\">blokuj\u0105cego ramienia z tworzywa in\u017cynieryjnego<\/strong><\/p>\n<\/li>\n<li data-start=\"954\" data-end=\"993\">\n<p data-start=\"956\" data-end=\"993\">konstrukcji typu <strong data-start=\"973\" data-end=\"993\">Mighty Bar Mount<\/strong><\/p>\n<\/li>\n<\/ul>\n<p data-start=\"995\" data-end=\"1004\">zapewnia:<\/p>\n<ul data-start=\"1005\" data-end=\"1152\">\n<li data-start=\"1005\" data-end=\"1057\">\n<p data-start=\"1007\" data-end=\"1057\">brak przesuwania si\u0119 na relingach i kierownicach<\/p>\n<\/li>\n<li data-start=\"1058\" data-end=\"1092\">\n<p data-start=\"1060\" data-end=\"1092\">minimalizacj\u0119 drga\u0144 i wibracji<\/p>\n<\/li>\n<li data-start=\"1093\" data-end=\"1152\">\n<p data-start=\"1095\" data-end=\"1152\">stabilno\u015b\u0107 nawet przy <strong data-start=\"1117\" data-end=\"1152\">falowaniu i dynamicznej je\u017adzie<\/strong><\/p>\n<\/li>\n<\/ul>\n<p data-start=\"1154\" data-end=\"1225\">To idealne rozwi\u0105zanie do <strong data-start=\"1180\" data-end=\"1224\">nawigacji morskiej, GPS i nagra\u0144 w ruchu<\/strong>.<\/p>\n<hr data-start=\"1227\" data-end=\"1230\" \/>\n<h2 data-start=\"1232\" data-end=\"1268\">Pe\u0142na regulacja i tryb nagrywania<\/h2>\n<p data-start=\"1270\" data-end=\"1291\">Armor-X X24K oferuje:<\/p>\n<ul data-start=\"1292\" data-end=\"1484\">\n<li data-start=\"1292\" data-end=\"1322\">\n<p data-start=\"1294\" data-end=\"1322\"><strong data-start=\"1294\" data-end=\"1320\">regulacj\u0119 k\u0105ta do 180\u00b0<\/strong><\/p>\n<\/li>\n<li data-start=\"1323\" data-end=\"1353\">\n<p data-start=\"1325\" data-end=\"1353\">tryb <strong data-start=\"1330\" data-end=\"1351\">pionowy i poziomy<\/strong><\/p>\n<\/li>\n<li data-start=\"1354\" data-end=\"1415\">\n<p data-start=\"1356\" data-end=\"1415\">funkcj\u0119 <strong data-start=\"1364\" data-end=\"1375\">Flip-Up<\/strong> \u2013 szybkie odchylenie do zdj\u0119\u0107 i wideo<\/p>\n<\/li>\n<li data-start=\"1416\" data-end=\"1484\">\n<p data-start=\"1418\" data-end=\"1484\"><strong data-start=\"1418\" data-end=\"1440\">regulowane ramiona<\/strong> \u2013 wi\u0119cej opcji monta\u017cu i k\u0105t\u00f3w filmowania<\/p>\n<\/li>\n<\/ul>\n<p data-start=\"1486\" data-end=\"1526\">Dzi\u0119ki temu mo\u017cesz u\u017cywa\u0107 telefonu jako:<\/p>\n<ul data-start=\"1527\" data-end=\"1601\">\n<li data-start=\"1527\" data-end=\"1544\">\n<p data-start=\"1529\" data-end=\"1544\">mapy morskiej<\/p>\n<\/li>\n<li data-start=\"1545\" data-end=\"1562\">\n<p data-start=\"1547\" data-end=\"1562\">nawigacji GPS<\/p>\n<\/li>\n<li data-start=\"1563\" data-end=\"1579\">\n<p data-start=\"1565\" data-end=\"1579\">kamery akcji<\/p>\n<\/li>\n<li data-start=\"1580\" data-end=\"1601\">\n<p data-start=\"1582\" data-end=\"1601\">ekranu sterowania<\/p>\n<\/li>\n<\/ul>\n<hr data-start=\"1603\" data-end=\"1606\" \/>\n<h2 data-start=\"1608\" data-end=\"1632\">System X-Mount TYPE-K<\/h2>\n<p data-start=\"1634\" data-end=\"1715\">Uchwyt wykorzystuje <strong data-start=\"1654\" data-end=\"1707\">opatentowany magnetyczny interfejs X-Mount TYPE-K<\/strong>, kt\u00f3ry:<\/p>\n<ul data-start=\"1716\" data-end=\"1835\">\n<li data-start=\"1716\" data-end=\"1750\">\n<p data-start=\"1718\" data-end=\"1750\">automatycznie centruje telefon<\/p>\n<\/li>\n<li data-start=\"1751\" data-end=\"1793\">\n<p data-start=\"1753\" data-end=\"1793\">zapewnia pewne i bezpieczne blokowanie<\/p>\n<\/li>\n<li data-start=\"1794\" data-end=\"1835\">\n<p data-start=\"1796\" data-end=\"1835\">umo\u017cliwia szybkie wypi\u0119cie jedn\u0105 r\u0119k\u0105<\/p>\n<\/li>\n<\/ul>\n<p data-start=\"1837\" data-end=\"1892\">Kompatybilny z ca\u0142ym ekosystemem <strong data-start=\"1870\" data-end=\"1891\">Armor-X ActiveKEY<\/strong>.<\/p>\n<hr data-start=\"1894\" data-end=\"1897\" \/>\n<h2 data-start=\"1899\" data-end=\"1913\">Idealny do:<\/h2>\n<ul data-start=\"1915\" data-end=\"2126\">\n<li data-start=\"1915\" data-end=\"1946\">\n<p data-start=\"1917\" data-end=\"1946\">\u0141odzi motorowych i jacht\u00f3w.<\/p>\n<\/li>\n<li data-start=\"1947\" data-end=\"1985\">\n<p data-start=\"1949\" data-end=\"1985\">Skuter\u00f3w wodnych i sport\u00f3w marine.<\/p>\n<\/li>\n<li data-start=\"1986\" data-end=\"2018\">\n<p data-start=\"1988\" data-end=\"2018\">Rower\u00f3w, motocykli i quad\u00f3w.<\/p>\n<\/li>\n<li data-start=\"2019\" data-end=\"2055\">\n<p data-start=\"2021\" data-end=\"2055\">Off-roadu i wypraw outdoorowych.<\/p>\n<\/li>\n<li data-start=\"2056\" data-end=\"2088\">\n<p data-start=\"2058\" data-end=\"2088\">Kajak\u00f3w, SUP-\u00f3w i trekkingu.<\/p>\n<\/li>\n<li data-start=\"2089\" data-end=\"2126\">\n<p data-start=\"2091\" data-end=\"2126\">Nagrywania wideo i zdj\u0119\u0107 w ruchu.<\/p>\n<\/li>\n<\/ul>","protected":false},"excerpt":{"rendered":"<p>Premium aluminiowy uchwyt Armor-X X24K na relingi i kierownice 26,5\u201333,5 mm z systemem X-Mount TYPE-K do zastosowa\u0144 marine i outdoor.<\/p>","protected":false},"featured_media":7880,"template":"","meta":{"_acf_changed":false},"product_brand":[],"product_cat":[1307,1309],"product_tag":[1316,1377,1351,1336,1368,1369,1367,1338,1337,1365,1366,1340,1339,1345,1329,1376],"class_list":{"0":"post-7879","1":"product","2":"type-product","3":"status-publish","4":"has-post-thumbnail","6":"product_cat-armor-x","7":"product_cat-x-mount","8":"product_tag-armor-x","9":"product_tag-uchwyt-aluminiowy","10":"product_tag-uchwyt-do-gopro","11":"product_tag-uchwyt-do-lodzi","12":"product_tag-uchwyt-do-motocykla","13":"product_tag-uchwyt-do-quada","14":"product_tag-uchwyt-do-roweru","15":"product_tag-uchwyt-marine","16":"product_tag-uchwyt-na-jacht","17":"product_tag-uchwyt-na-kierownice","18":"product_tag-uchwyt-na-reling","19":"product_tag-uchwyt-offroad","20":"product_tag-uchwyt-outdoor","21":"product_tag-uchwyt-rugged","22":"product_tag-uchwyt-x-mount","23":"product_tag-x24k","25":"first","26":"instock","27":"taxable","28":"shipping-taxable","29":"purchasable","30":"product-type-simple"},"acf":[],"yoast_head":"<!-- This site is optimized with the Yoast SEO plugin v25.2 - https:\/\/yoast.com\/wordpress\/plugins\/seo\/ -->\n<title>Aluminiowy uchwyt Armor-X. Na rur\u0119 26,5 mm - 33,5 mm. Smartfon - Atana<\/title>\n<meta name=\"description\" content=\"Aluminiowy uchwyt Armor-X X24K 26,5\u201333,5 mm do \u0142odzi, jacht\u00f3w i outdooru z systemem X-Mount TYPE-K. Pasuje do wszystkich etui Armor X do smartfonu\" \/>\n<meta name=\"robots\" content=\"index, follow, max-snippet:-1, max-image-preview:large, max-video-preview:-1\" \/>\n<link rel=\"canonical\" href=\"https:\/\/atana.pl\/en\/online-shop\/armor-x\/x-mount\/aluminiowy-uchwyt-armor-x-na-reling-jachtu-i-kierownice\/\" \/>\n<meta property=\"og:locale\" content=\"en_GB\" \/>\n<meta property=\"og:type\" content=\"article\" \/>\n<meta property=\"og:title\" content=\"Aluminiowy uchwyt Armor-X. Na rur\u0119 26,5 mm - 33,5 mm. Smartfon - Atana\" \/>\n<meta property=\"og:description\" content=\"Aluminiowy uchwyt Armor-X X24K 26,5\u201333,5 mm do \u0142odzi, jacht\u00f3w i outdooru z systemem X-Mount TYPE-K. Pasuje do wszystkich etui Armor X do smartfonu\" \/>\n<meta property=\"og:url\" content=\"https:\/\/atana.pl\/en\/online-shop\/armor-x\/x-mount\/aluminiowy-uchwyt-armor-x-na-reling-jachtu-i-kierownice\/\" \/>\n<meta property=\"og:site_name\" content=\"Atana\" \/>\n<meta property=\"article:publisher\" content=\"https:\/\/www.facebook.com\/atanayachts\" \/>\n<meta property=\"article:modified_time\" content=\"2026-01-20T15:40:15+00:00\" \/>\n<meta property=\"og:image\" content=\"https:\/\/atana.pl\/wp-content\/uploads\/1967\/01\/x24k-armor-x-iphone-bike-computer-galaxy-cycling-mount-holder-gps-navigation-white-background.webp\" \/>\n\t<meta property=\"og:image:width\" content=\"1000\" \/>\n\t<meta property=\"og:image:height\" content=\"1000\" \/>\n\t<meta property=\"og:image:type\" content=\"image\/webp\" \/>\n<meta name=\"twitter:card\" content=\"summary_large_image\" \/>\n<meta name=\"twitter:label1\" content=\"Estimated reading time\" \/>\n\t<meta name=\"twitter:data1\" content=\"1 minute\" \/>\n<script type=\"application\/ld+json\" class=\"yoast-schema-graph\">{\"@context\":\"https:\/\/schema.org\",\"@graph\":[{\"@type\":\"WebPage\",\"@id\":\"https:\/\/atana.pl\/sklep-on-line\/armor-x\/x-mount\/aluminiowy-uchwyt-armor-x-na-reling-jachtu-i-kierownice\/\",\"url\":\"https:\/\/atana.pl\/sklep-on-line\/armor-x\/x-mount\/aluminiowy-uchwyt-armor-x-na-reling-jachtu-i-kierownice\/\",\"name\":\"Aluminiowy uchwyt Armor-X. Na rur\u0119 26,5 mm - 33,5 mm. Smartfon - Atana\",\"isPartOf\":{\"@id\":\"https:\/\/atana.pl\/#website\"},\"primaryImageOfPage\":{\"@id\":\"https:\/\/atana.pl\/sklep-on-line\/armor-x\/x-mount\/aluminiowy-uchwyt-armor-x-na-reling-jachtu-i-kierownice\/#primaryimage\"},\"image\":{\"@id\":\"https:\/\/atana.pl\/sklep-on-line\/armor-x\/x-mount\/aluminiowy-uchwyt-armor-x-na-reling-jachtu-i-kierownice\/#primaryimage\"},\"thumbnailUrl\":\"https:\/\/atana.pl\/wp-content\/uploads\/1967\/01\/x24k-armor-x-iphone-bike-computer-galaxy-cycling-mount-holder-gps-navigation-white-background.webp\",\"datePublished\":\"2026-01-15T12:39:14+00:00\",\"dateModified\":\"2026-01-20T15:40:15+00:00\",\"description\":\"Aluminiowy uchwyt Armor-X X24K 26,5\u201333,5 mm do \u0142odzi, jacht\u00f3w i outdooru z systemem X-Mount TYPE-K. Pasuje do wszystkich etui Armor X do smartfonu\",\"breadcrumb\":{\"@id\":\"https:\/\/atana.pl\/sklep-on-line\/armor-x\/x-mount\/aluminiowy-uchwyt-armor-x-na-reling-jachtu-i-kierownice\/#breadcrumb\"},\"inLanguage\":\"en-GB\",\"potentialAction\":[{\"@type\":\"ReadAction\",\"target\":[\"https:\/\/atana.pl\/sklep-on-line\/armor-x\/x-mount\/aluminiowy-uchwyt-armor-x-na-reling-jachtu-i-kierownice\/\"]}]},{\"@type\":\"ImageObject\",\"inLanguage\":\"en-GB\",\"@id\":\"https:\/\/atana.pl\/sklep-on-line\/armor-x\/x-mount\/aluminiowy-uchwyt-armor-x-na-reling-jachtu-i-kierownice\/#primaryimage\",\"url\":\"https:\/\/atana.pl\/wp-content\/uploads\/1967\/01\/x24k-armor-x-iphone-bike-computer-galaxy-cycling-mount-holder-gps-navigation-white-background.webp\",\"contentUrl\":\"https:\/\/atana.pl\/wp-content\/uploads\/1967\/01\/x24k-armor-x-iphone-bike-computer-galaxy-cycling-mount-holder-gps-navigation-white-background.webp\",\"width\":1000,\"height\":1000,\"caption\":\"x24k armor x iphone bike computer galaxy cycling mount holder gps navigation white background\"},{\"@type\":\"BreadcrumbList\",\"@id\":\"https:\/\/atana.pl\/sklep-on-line\/armor-x\/x-mount\/aluminiowy-uchwyt-armor-x-na-reling-jachtu-i-kierownice\/#breadcrumb\",\"itemListElement\":[{\"@type\":\"ListItem\",\"position\":1,\"name\":\"Strona g\u0142\u00f3wna\",\"item\":\"https:\/\/atana.pl\/\"},{\"@type\":\"ListItem\",\"position\":2,\"name\":\"Sklep on-line\",\"item\":\"https:\/\/atana.pl\/sklep-on-line\/\"},{\"@type\":\"ListItem\",\"position\":3,\"name\":\"Aluminiowy uchwyt Armor-X. Na rur\u0119 26,5 mm &#8211; 33,5 mm. Smartfon\"}]},{\"@type\":\"WebSite\",\"@id\":\"https:\/\/atana.pl\/#website\",\"url\":\"https:\/\/atana.pl\/\",\"name\":\"Atana\",\"description\":\"Akcesoria do \u0142odzi, kamper\u00f3w i przyczep. \u0141odzie motorowe\",\"publisher\":{\"@id\":\"https:\/\/atana.pl\/#organization\"},\"potentialAction\":[{\"@type\":\"SearchAction\",\"target\":{\"@type\":\"EntryPoint\",\"urlTemplate\":\"https:\/\/atana.pl\/?s={search_term_string}\"},\"query-input\":{\"@type\":\"PropertyValueSpecification\",\"valueRequired\":true,\"valueName\":\"search_term_string\"}}],\"inLanguage\":\"en-GB\"},{\"@type\":\"Organization\",\"@id\":\"https:\/\/atana.pl\/#organization\",\"name\":\"Atana\",\"url\":\"https:\/\/atana.pl\/\",\"logo\":{\"@type\":\"ImageObject\",\"inLanguage\":\"en-GB\",\"@id\":\"https:\/\/atana.pl\/#\/schema\/logo\/image\/\",\"url\":\"\",\"contentUrl\":\"\",\"caption\":\"Atana\"},\"image\":{\"@id\":\"https:\/\/atana.pl\/#\/schema\/logo\/image\/\"},\"sameAs\":[\"https:\/\/www.facebook.com\/atanayachts\",\"https:\/\/www.instagram.com\/atanaboats\/\",\"https:\/\/www.youtube.com\/channel\/UClMMmVqqx17in9QzgxK90Mw\"]}]}<\/script>\n<!-- \/ Yoast SEO plugin. -->","yoast_head_json":{"title":"Aluminiowy uchwyt Armor-X. Na rur\u0119 26,5 mm - 33,5 mm. Smartfon - Atana","description":"Aluminiowy uchwyt Armor-X X24K 26,5\u201333,5 mm do \u0142odzi, jacht\u00f3w i outdooru z systemem X-Mount TYPE-K. Pasuje do wszystkich etui Armor X do smartfonu","robots":{"index":"index","follow":"follow","max-snippet":"max-snippet:-1","max-image-preview":"max-image-preview:large","max-video-preview":"max-video-preview:-1"},"canonical":"https:\/\/atana.pl\/en\/online-shop\/armor-x\/x-mount\/aluminiowy-uchwyt-armor-x-na-reling-jachtu-i-kierownice\/","og_locale":"en_GB","og_type":"article","og_title":"Aluminiowy uchwyt Armor-X. Na rur\u0119 26,5 mm - 33,5 mm. Smartfon - Atana","og_description":"Aluminiowy uchwyt Armor-X X24K 26,5\u201333,5 mm do \u0142odzi, jacht\u00f3w i outdooru z systemem X-Mount TYPE-K. Pasuje do wszystkich etui Armor X do smartfonu","og_url":"https:\/\/atana.pl\/en\/online-shop\/armor-x\/x-mount\/aluminiowy-uchwyt-armor-x-na-reling-jachtu-i-kierownice\/","og_site_name":"Atana","article_publisher":"https:\/\/www.facebook.com\/atanayachts","article_modified_time":"2026-01-20T15:40:15+00:00","og_image":[{"width":1000,"height":1000,"url":"https:\/\/atana.pl\/wp-content\/uploads\/1967\/01\/x24k-armor-x-iphone-bike-computer-galaxy-cycling-mount-holder-gps-navigation-white-background.webp","type":"image\/webp"}],"twitter_card":"summary_large_image","twitter_misc":{"Estimated reading time":"1 minute"},"schema":{"@context":"https:\/\/schema.org","@graph":[{"@type":"WebPage","@id":"https:\/\/atana.pl\/sklep-on-line\/armor-x\/x-mount\/aluminiowy-uchwyt-armor-x-na-reling-jachtu-i-kierownice\/","url":"https:\/\/atana.pl\/sklep-on-line\/armor-x\/x-mount\/aluminiowy-uchwyt-armor-x-na-reling-jachtu-i-kierownice\/","name":"Aluminiowy uchwyt Armor-X. Na rur\u0119 26,5 mm - 33,5 mm. Smartfon - Atana","isPartOf":{"@id":"https:\/\/atana.pl\/#website"},"primaryImageOfPage":{"@id":"https:\/\/atana.pl\/sklep-on-line\/armor-x\/x-mount\/aluminiowy-uchwyt-armor-x-na-reling-jachtu-i-kierownice\/#primaryimage"},"image":{"@id":"https:\/\/atana.pl\/sklep-on-line\/armor-x\/x-mount\/aluminiowy-uchwyt-armor-x-na-reling-jachtu-i-kierownice\/#primaryimage"},"thumbnailUrl":"https:\/\/atana.pl\/wp-content\/uploads\/1967\/01\/x24k-armor-x-iphone-bike-computer-galaxy-cycling-mount-holder-gps-navigation-white-background.webp","datePublished":"2026-01-15T12:39:14+00:00","dateModified":"2026-01-20T15:40:15+00:00","description":"Aluminiowy uchwyt Armor-X X24K 26,5\u201333,5 mm do \u0142odzi, jacht\u00f3w i outdooru z systemem X-Mount TYPE-K. Pasuje do wszystkich etui Armor X do smartfonu","breadcrumb":{"@id":"https:\/\/atana.pl\/sklep-on-line\/armor-x\/x-mount\/aluminiowy-uchwyt-armor-x-na-reling-jachtu-i-kierownice\/#breadcrumb"},"inLanguage":"en-GB","potentialAction":[{"@type":"ReadAction","target":["https:\/\/atana.pl\/sklep-on-line\/armor-x\/x-mount\/aluminiowy-uchwyt-armor-x-na-reling-jachtu-i-kierownice\/"]}]},{"@type":"ImageObject","inLanguage":"en-GB","@id":"https:\/\/atana.pl\/sklep-on-line\/armor-x\/x-mount\/aluminiowy-uchwyt-armor-x-na-reling-jachtu-i-kierownice\/#primaryimage","url":"https:\/\/atana.pl\/wp-content\/uploads\/1967\/01\/x24k-armor-x-iphone-bike-computer-galaxy-cycling-mount-holder-gps-navigation-white-background.webp","contentUrl":"https:\/\/atana.pl\/wp-content\/uploads\/1967\/01\/x24k-armor-x-iphone-bike-computer-galaxy-cycling-mount-holder-gps-navigation-white-background.webp","width":1000,"height":1000,"caption":"x24k armor x iphone bike computer galaxy cycling mount holder gps navigation white background"},{"@type":"BreadcrumbList","@id":"https:\/\/atana.pl\/sklep-on-line\/armor-x\/x-mount\/aluminiowy-uchwyt-armor-x-na-reling-jachtu-i-kierownice\/#breadcrumb","itemListElement":[{"@type":"ListItem","position":1,"name":"Strona g\u0142\u00f3wna","item":"https:\/\/atana.pl\/"},{"@type":"ListItem","position":2,"name":"Sklep on-line","item":"https:\/\/atana.pl\/sklep-on-line\/"},{"@type":"ListItem","position":3,"name":"Aluminiowy uchwyt Armor-X. Na rur\u0119 26,5 mm &#8211; 33,5 mm. Smartfon"}]},{"@type":"WebSite","@id":"https:\/\/atana.pl\/#website","url":"https:\/\/atana.pl\/","name":"Atana","description":"Akcesoria do \u0142odzi, kamper\u00f3w i przyczep. \u0141odzie motorowe","publisher":{"@id":"https:\/\/atana.pl\/#organization"},"potentialAction":[{"@type":"SearchAction","target":{"@type":"EntryPoint","urlTemplate":"https:\/\/atana.pl\/?s={search_term_string}"},"query-input":{"@type":"PropertyValueSpecification","valueRequired":true,"valueName":"search_term_string"}}],"inLanguage":"en-GB"},{"@type":"Organization","@id":"https:\/\/atana.pl\/#organization","name":"Atana","url":"https:\/\/atana.pl\/","logo":{"@type":"ImageObject","inLanguage":"en-GB","@id":"https:\/\/atana.pl\/#\/schema\/logo\/image\/","url":"","contentUrl":"","caption":"Atana"},"image":{"@id":"https:\/\/atana.pl\/#\/schema\/logo\/image\/"},"sameAs":["https:\/\/www.facebook.com\/atanayachts","https:\/\/www.instagram.com\/atanaboats\/","https:\/\/www.youtube.com\/channel\/UClMMmVqqx17in9QzgxK90Mw"]}]}},"_links":{"self":[{"href":"https:\/\/atana.pl\/en\/wp-json\/wp\/v2\/product\/7879","targetHints":{"allow":["GET"]}}],"collection":[{"href":"https:\/\/atana.pl\/en\/wp-json\/wp\/v2\/product"}],"about":[{"href":"https:\/\/atana.pl\/en\/wp-json\/wp\/v2\/types\/product"}],"wp:featuredmedia":[{"embeddable":true,"href":"https:\/\/atana.pl\/en\/wp-json\/wp\/v2\/media\/7880"}],"wp:attachment":[{"href":"https:\/\/atana.pl\/en\/wp-json\/wp\/v2\/media?parent=7879"}],"wp:term":[{"taxonomy":"product_brand","embeddable":true,"href":"https:\/\/atana.pl\/en\/wp-json\/wp\/v2\/product_brand?post=7879"},{"taxonomy":"product_cat","embeddable":true,"href":"https:\/\/atana.pl\/en\/wp-json\/wp\/v2\/product_cat?post=7879"},{"taxonomy":"product_tag","embeddable":true,"href":"https:\/\/atana.pl\/en\/wp-json\/wp\/v2\/product_tag?post=7879"}],"curies":[{"name":"wp","href":"https:\/\/api.w.org\/{rel}","templated":true}]}}