{"id":7878,"date":"2026-01-15T13:24:50","date_gmt":"2026-01-15T12:24:50","guid":{"rendered":"https:\/\/atana.pl\/?post_type=product&#038;p=7878"},"modified":"2026-01-15T13:24:52","modified_gmt":"2026-01-15T12:24:52","slug":"uchwyt-armor-x-na-rure-22m-28-mm","status":"publish","type":"product","link":"https:\/\/atana.pl\/en\/online-shop\/armor-x\/x-mount\/uchwyt-armor-x-na-rure-22m-28-mm\/","title":{"rendered":"Uchwyt Armor-X. Na reling, kierownic\u0119, rur\u0119 24 mm &#8211; 28 mm. Tablet"},"content":{"rendered":"<h1 data-start=\"155\" data-end=\"242\">\u2693 Armor-X X69T \u2013 uchwyt na reling 24\u201328 mm do tablet\u00f3w z szybkoz\u0142\u0105czk\u0105 X-Mount TYPE-T<\/h1>\n<p data-start=\"262\" data-end=\"668\"><strong data-start=\"262\" data-end=\"313\">Armor-X X69T Small Bar Mount with Quick Release<\/strong> to <strong data-start=\"317\" data-end=\"388\">kompaktowy, a jednocze\u015bnie niezwykle wytrzyma\u0142y uchwyt klasy rugged<\/strong>, zaprojektowany do bezpiecznego mocowania <strong data-start=\"431\" data-end=\"479\">tablet\u00f3w w etui Armor-X z interfejsem TYPE-T<\/strong> na rurach, relingach i kierownicach o \u015brednicy <strong data-start=\"527\" data-end=\"539\">24\u201328 mm<\/strong>. Idealnie sprawdza si\u0119 na <strong data-start=\"566\" data-end=\"667\">\u0142odziach motorowych, jachtach, skuterach wodnych, rowerach, motocyklach oraz w pojazdach off-road<\/strong>.<\/p>\n<p data-start=\"670\" data-end=\"739\">Dzi\u0119ki stabilnej konstrukcji i szybkoz\u0142\u0105czce tablet mo\u017ce pe\u0142ni\u0107 rol\u0119:<\/p>\n<ul data-start=\"740\" data-end=\"859\">\n<li data-start=\"740\" data-end=\"767\">\n<p data-start=\"742\" data-end=\"767\"><strong data-start=\"742\" data-end=\"767\">plotera nawigacyjnego<\/strong><\/p>\n<\/li>\n<li data-start=\"768\" data-end=\"782\">\n<p data-start=\"770\" data-end=\"782\"><strong data-start=\"770\" data-end=\"782\">mapy GPS<\/strong><\/p>\n<\/li>\n<li data-start=\"783\" data-end=\"806\">\n<p data-start=\"785\" data-end=\"806\"><strong data-start=\"785\" data-end=\"806\">panelu sterowania<\/strong><\/p>\n<\/li>\n<li data-start=\"807\" data-end=\"859\">\n<p data-start=\"809\" data-end=\"859\"><strong data-start=\"809\" data-end=\"859\">ekranu do aplikacji \u017ceglarskich i outdoorowych<\/strong><\/p>\n<\/li>\n<\/ul>\n<hr data-start=\"861\" data-end=\"864\" \/>\n<h2 data-start=\"866\" data-end=\"909\">Stabilno\u015b\u0107 w warunkach marine i off-road<\/h2>\n<p data-start=\"911\" data-end=\"953\">Zawiasowa, <strong data-start=\"922\" data-end=\"952\">antypo\u015blizgowa konstrukcja<\/strong>:<\/p>\n<ul data-start=\"954\" data-end=\"1078\">\n<li data-start=\"954\" data-end=\"984\">\n<p data-start=\"956\" data-end=\"984\">montuje si\u0119 w kilka sekund<\/p>\n<\/li>\n<li data-start=\"985\" data-end=\"1019\">\n<p data-start=\"987\" data-end=\"1019\">mocno obejmuje relingi i rurki<\/p>\n<\/li>\n<li data-start=\"1020\" data-end=\"1078\">\n<p data-start=\"1022\" data-end=\"1078\">eliminuje przesuwanie i obracanie si\u0119 podczas wibracji<\/p>\n<\/li>\n<\/ul>\n<p data-start=\"1080\" data-end=\"1103\">Uchwyt jest odporny na:<\/p>\n<ul data-start=\"1104\" data-end=\"1181\">\n<li data-start=\"1104\" data-end=\"1131\">\n<p data-start=\"1106\" data-end=\"1131\"><strong data-start=\"1106\" data-end=\"1129\">falowanie na wodzie<\/strong><\/p>\n<\/li>\n<li data-start=\"1132\" data-end=\"1156\">\n<p data-start=\"1134\" data-end=\"1156\"><strong data-start=\"1134\" data-end=\"1154\">wstrz\u0105sy silnika<\/strong><\/p>\n<\/li>\n<li data-start=\"1157\" data-end=\"1181\">\n<p data-start=\"1159\" data-end=\"1181\"><strong data-start=\"1159\" data-end=\"1181\">nier\u00f3wno\u015bci terenu<\/strong><\/p>\n<\/li>\n<\/ul>\n<p data-start=\"1183\" data-end=\"1280\">Minimalizacja drga\u0144 sprawia, \u017ce ekran tabletu pozostaje czytelny nawet w ekstremalnych warunkach.<\/p>\n<hr data-start=\"1282\" data-end=\"1285\" \/>\n<h2 data-start=\"1287\" data-end=\"1310\">Pe\u0142na regulacja 360\u00b0<\/h2>\n<p data-start=\"1312\" data-end=\"1381\">Obrotowa podstawa z <strong data-start=\"1332\" data-end=\"1372\">16 bezpiecznymi pozycjami blokowania<\/strong> pozwala:<\/p>\n<ul data-start=\"1382\" data-end=\"1480\">\n<li data-start=\"1382\" data-end=\"1415\">\n<p data-start=\"1384\" data-end=\"1415\">idealnie ustawi\u0107 k\u0105t widzenia<\/p>\n<\/li>\n<li data-start=\"1416\" data-end=\"1447\">\n<p data-start=\"1418\" data-end=\"1447\">szybko zmienia\u0107 perspektyw\u0119<\/p>\n<\/li>\n<li data-start=\"1448\" data-end=\"1480\">\n<p data-start=\"1450\" data-end=\"1480\">pracowa\u0107 w pionie i poziomie<\/p>\n<\/li>\n<\/ul>\n<p data-start=\"1482\" data-end=\"1628\">Do\u0142\u0105czona <strong data-start=\"1492\" data-end=\"1523\">szybkoz\u0142\u0105czka Quick Release<\/strong> umo\u017cliwia b\u0142yskawiczne przenoszenie tabletu pomi\u0119dzy r\u00f3\u017cnymi uchwytami \u2013 np. z jachtu do auta lub quada.<\/p>\n<hr data-start=\"1630\" data-end=\"1633\" \/>\n<h2 data-start=\"1635\" data-end=\"1659\">System X-Mount TYPE-T<\/h2>\n<p data-start=\"1661\" data-end=\"1745\">Uchwyt korzysta z <strong data-start=\"1679\" data-end=\"1737\">opatentowanego magnetycznego interfejsu X-Mount TYPE-T<\/strong>, kt\u00f3ry:<\/p>\n<ul data-start=\"1746\" data-end=\"1857\">\n<li data-start=\"1746\" data-end=\"1779\">\n<p data-start=\"1748\" data-end=\"1779\">automatycznie centruje tablet<\/p>\n<\/li>\n<li data-start=\"1780\" data-end=\"1814\">\n<p data-start=\"1782\" data-end=\"1814\">zapewnia bezpieczne blokowanie<\/p>\n<\/li>\n<li data-start=\"1815\" data-end=\"1857\">\n<p data-start=\"1817\" data-end=\"1857\">pozwala na szybkie wypi\u0119cie jedn\u0105 r\u0119k\u0105<\/p>\n<\/li>\n<\/ul>\n<p data-start=\"1859\" data-end=\"1932\">To rozwi\u0105zanie stworzone do <strong data-start=\"1887\" data-end=\"1931\">dynamicznych zastosowa\u0144 marine i outdoor<\/strong>.<\/p>\n<hr data-start=\"1934\" data-end=\"1937\" \/>\n<h2 data-start=\"1939\" data-end=\"1953\">Idealny do:<\/h2>\n<ul data-start=\"1955\" data-end=\"2144\">\n<li data-start=\"1955\" data-end=\"1986\">\n<p data-start=\"1957\" data-end=\"1986\">\u0141odzi motorowych i jacht\u00f3w.<\/p>\n<\/li>\n<li data-start=\"1987\" data-end=\"2016\">\n<p data-start=\"1989\" data-end=\"2016\">Nawigacji morskiej i GPS.<\/p>\n<\/li>\n<li data-start=\"2017\" data-end=\"2038\">\n<p data-start=\"2019\" data-end=\"2038\">Skuter\u00f3w wodnych.<\/p>\n<\/li>\n<li data-start=\"2039\" data-end=\"2071\">\n<p data-start=\"2041\" data-end=\"2071\">Rower\u00f3w, motocykli i quad\u00f3w.<\/p>\n<\/li>\n<li data-start=\"2072\" data-end=\"2106\">\n<p data-start=\"2074\" data-end=\"2106\">Off-roadu i wypraw terenowych.<\/p>\n<\/li>\n<li data-start=\"2107\" data-end=\"2144\">\n<p data-start=\"2109\" data-end=\"2144\">Sport\u00f3w ekstremalnych i outdooru.<\/p>\n<\/li>\n<\/ul>","protected":false},"excerpt":{"rendered":"<p>Uchwyt Armor-X X69T do tablet\u00f3w na reling 24\u201328 mm z szybkoz\u0142\u0105czk\u0105 i systemem X-Mount TYPE-T do zastosowa\u0144 marine i outdoor.<\/p>","protected":false},"featured_media":7877,"template":"","meta":{"_acf_changed":false},"product_brand":[],"product_cat":[1307,1309],"product_tag":[1316,1370,1342,1336,1368,1335,1369,1334,1338,1337,1366,1340,1345,1329,1375],"class_list":{"0":"post-7878","1":"product","2":"type-product","3":"status-publish","4":"has-post-thumbnail","6":"product_cat-armor-x","7":"product_cat-x-mount","8":"product_tag-armor-x","9":"product_tag-quick-release-mount","10":"product_tag-uchwyt-do-gps","11":"product_tag-uchwyt-do-lodzi","12":"product_tag-uchwyt-do-motocykla","13":"product_tag-uchwyt-do-nawigacji","14":"product_tag-uchwyt-do-quada","15":"product_tag-uchwyt-do-tabletu","16":"product_tag-uchwyt-marine","17":"product_tag-uchwyt-na-jacht","18":"product_tag-uchwyt-na-reling","19":"product_tag-uchwyt-offroad","20":"product_tag-uchwyt-rugged","21":"product_tag-uchwyt-x-mount","22":"product_tag-x69t","24":"first","25":"instock","26":"taxable","27":"shipping-taxable","28":"purchasable","29":"product-type-simple"},"acf":[],"yoast_head":"<!-- This site is optimized with the Yoast SEO plugin v25.2 - https:\/\/yoast.com\/wordpress\/plugins\/seo\/ -->\n<title>Uchwyt Armor-X. Na reling, kierownic\u0119, rur\u0119 24 mm - 28 mm. Tablet - Atana<\/title>\n<meta name=\"description\" content=\"Uchwyt Armor-X X69T TYPE-T do tablet\u00f3w na relingi 24\u201328 mm. Idealny do \u0142odzi, jacht\u00f3w i sport\u00f3w ekstremalnych. Pasuje do wszystkich etui Armor-X do tablet\u00f3w\" \/>\n<meta name=\"robots\" content=\"index, follow, max-snippet:-1, max-image-preview:large, max-video-preview:-1\" \/>\n<link rel=\"canonical\" href=\"https:\/\/atana.pl\/en\/online-shop\/armor-x\/x-mount\/uchwyt-armor-x-na-rure-22m-28-mm\/\" \/>\n<meta property=\"og:locale\" content=\"en_GB\" \/>\n<meta property=\"og:type\" content=\"article\" \/>\n<meta property=\"og:title\" content=\"Uchwyt Armor-X. Na reling, kierownic\u0119, rur\u0119 24 mm - 28 mm. Tablet - Atana\" \/>\n<meta property=\"og:description\" content=\"Uchwyt Armor-X X69T TYPE-T do tablet\u00f3w na relingi 24\u201328 mm. Idealny do \u0142odzi, jacht\u00f3w i sport\u00f3w ekstremalnych. Pasuje do wszystkich etui Armor-X do tablet\u00f3w\" \/>\n<meta property=\"og:url\" content=\"https:\/\/atana.pl\/en\/online-shop\/armor-x\/x-mount\/uchwyt-armor-x-na-rure-22m-28-mm\/\" \/>\n<meta property=\"og:site_name\" content=\"Atana\" \/>\n<meta property=\"article:publisher\" content=\"https:\/\/www.facebook.com\/atanayachts\" \/>\n<meta property=\"article:modified_time\" content=\"2026-01-15T12:24:52+00:00\" \/>\n<meta property=\"og:image\" content=\"https:\/\/atana.pl\/wp-content\/uploads\/1967\/01\/X69T-Bar-Mount-with-quick-release-TYPE-T-for-ActiveKEY_tablet-white-background.webp\" \/>\n\t<meta property=\"og:image:width\" content=\"1000\" \/>\n\t<meta property=\"og:image:height\" content=\"1000\" \/>\n\t<meta property=\"og:image:type\" content=\"image\/webp\" \/>\n<meta name=\"twitter:card\" content=\"summary_large_image\" \/>\n<meta name=\"twitter:label1\" content=\"Estimated reading time\" \/>\n\t<meta name=\"twitter:data1\" content=\"1 minute\" \/>\n<script type=\"application\/ld+json\" class=\"yoast-schema-graph\">{\"@context\":\"https:\/\/schema.org\",\"@graph\":[{\"@type\":\"WebPage\",\"@id\":\"https:\/\/atana.pl\/sklep-on-line\/armor-x\/x-mount\/uchwyt-armor-x-na-rure-22m-28-mm\/\",\"url\":\"https:\/\/atana.pl\/sklep-on-line\/armor-x\/x-mount\/uchwyt-armor-x-na-rure-22m-28-mm\/\",\"name\":\"Uchwyt Armor-X. Na reling, kierownic\u0119, rur\u0119 24 mm - 28 mm. Tablet - Atana\",\"isPartOf\":{\"@id\":\"https:\/\/atana.pl\/#website\"},\"primaryImageOfPage\":{\"@id\":\"https:\/\/atana.pl\/sklep-on-line\/armor-x\/x-mount\/uchwyt-armor-x-na-rure-22m-28-mm\/#primaryimage\"},\"image\":{\"@id\":\"https:\/\/atana.pl\/sklep-on-line\/armor-x\/x-mount\/uchwyt-armor-x-na-rure-22m-28-mm\/#primaryimage\"},\"thumbnailUrl\":\"https:\/\/atana.pl\/wp-content\/uploads\/1967\/01\/X69T-Bar-Mount-with-quick-release-TYPE-T-for-ActiveKEY_tablet-white-background.webp\",\"datePublished\":\"2026-01-15T12:24:50+00:00\",\"dateModified\":\"2026-01-15T12:24:52+00:00\",\"description\":\"Uchwyt Armor-X X69T TYPE-T do tablet\u00f3w na relingi 24\u201328 mm. Idealny do \u0142odzi, jacht\u00f3w i sport\u00f3w ekstremalnych. Pasuje do wszystkich etui Armor-X do tablet\u00f3w\",\"breadcrumb\":{\"@id\":\"https:\/\/atana.pl\/sklep-on-line\/armor-x\/x-mount\/uchwyt-armor-x-na-rure-22m-28-mm\/#breadcrumb\"},\"inLanguage\":\"en-GB\",\"potentialAction\":[{\"@type\":\"ReadAction\",\"target\":[\"https:\/\/atana.pl\/sklep-on-line\/armor-x\/x-mount\/uchwyt-armor-x-na-rure-22m-28-mm\/\"]}]},{\"@type\":\"ImageObject\",\"inLanguage\":\"en-GB\",\"@id\":\"https:\/\/atana.pl\/sklep-on-line\/armor-x\/x-mount\/uchwyt-armor-x-na-rure-22m-28-mm\/#primaryimage\",\"url\":\"https:\/\/atana.pl\/wp-content\/uploads\/1967\/01\/X69T-Bar-Mount-with-quick-release-TYPE-T-for-ActiveKEY_tablet-white-background.webp\",\"contentUrl\":\"https:\/\/atana.pl\/wp-content\/uploads\/1967\/01\/X69T-Bar-Mount-with-quick-release-TYPE-T-for-ActiveKEY_tablet-white-background.webp\",\"width\":1000,\"height\":1000,\"caption\":\"X69T Bar Mount with quick release TYPE T for ActiveKEY tablet white background\"},{\"@type\":\"BreadcrumbList\",\"@id\":\"https:\/\/atana.pl\/sklep-on-line\/armor-x\/x-mount\/uchwyt-armor-x-na-rure-22m-28-mm\/#breadcrumb\",\"itemListElement\":[{\"@type\":\"ListItem\",\"position\":1,\"name\":\"Strona g\u0142\u00f3wna\",\"item\":\"https:\/\/atana.pl\/\"},{\"@type\":\"ListItem\",\"position\":2,\"name\":\"Sklep on-line\",\"item\":\"https:\/\/atana.pl\/sklep-on-line\/\"},{\"@type\":\"ListItem\",\"position\":3,\"name\":\"Uchwyt Armor-X. Na reling, kierownic\u0119, rur\u0119 24 mm &#8211; 28 mm. Tablet\"}]},{\"@type\":\"WebSite\",\"@id\":\"https:\/\/atana.pl\/#website\",\"url\":\"https:\/\/atana.pl\/\",\"name\":\"Atana\",\"description\":\"Akcesoria do \u0142odzi, kamper\u00f3w i przyczep. \u0141odzie motorowe\",\"publisher\":{\"@id\":\"https:\/\/atana.pl\/#organization\"},\"potentialAction\":[{\"@type\":\"SearchAction\",\"target\":{\"@type\":\"EntryPoint\",\"urlTemplate\":\"https:\/\/atana.pl\/?s={search_term_string}\"},\"query-input\":{\"@type\":\"PropertyValueSpecification\",\"valueRequired\":true,\"valueName\":\"search_term_string\"}}],\"inLanguage\":\"en-GB\"},{\"@type\":\"Organization\",\"@id\":\"https:\/\/atana.pl\/#organization\",\"name\":\"Atana\",\"url\":\"https:\/\/atana.pl\/\",\"logo\":{\"@type\":\"ImageObject\",\"inLanguage\":\"en-GB\",\"@id\":\"https:\/\/atana.pl\/#\/schema\/logo\/image\/\",\"url\":\"\",\"contentUrl\":\"\",\"caption\":\"Atana\"},\"image\":{\"@id\":\"https:\/\/atana.pl\/#\/schema\/logo\/image\/\"},\"sameAs\":[\"https:\/\/www.facebook.com\/atanayachts\",\"https:\/\/www.instagram.com\/atanaboats\/\",\"https:\/\/www.youtube.com\/channel\/UClMMmVqqx17in9QzgxK90Mw\"]}]}<\/script>\n<!-- \/ Yoast SEO plugin. -->","yoast_head_json":{"title":"Uchwyt Armor-X. Na reling, kierownic\u0119, rur\u0119 24 mm - 28 mm. Tablet - Atana","description":"Uchwyt Armor-X X69T TYPE-T do tablet\u00f3w na relingi 24\u201328 mm. Idealny do \u0142odzi, jacht\u00f3w i sport\u00f3w ekstremalnych. Pasuje do wszystkich etui Armor-X do tablet\u00f3w","robots":{"index":"index","follow":"follow","max-snippet":"max-snippet:-1","max-image-preview":"max-image-preview:large","max-video-preview":"max-video-preview:-1"},"canonical":"https:\/\/atana.pl\/en\/online-shop\/armor-x\/x-mount\/uchwyt-armor-x-na-rure-22m-28-mm\/","og_locale":"en_GB","og_type":"article","og_title":"Uchwyt Armor-X. Na reling, kierownic\u0119, rur\u0119 24 mm - 28 mm. Tablet - Atana","og_description":"Uchwyt Armor-X X69T TYPE-T do tablet\u00f3w na relingi 24\u201328 mm. Idealny do \u0142odzi, jacht\u00f3w i sport\u00f3w ekstremalnych. Pasuje do wszystkich etui Armor-X do tablet\u00f3w","og_url":"https:\/\/atana.pl\/en\/online-shop\/armor-x\/x-mount\/uchwyt-armor-x-na-rure-22m-28-mm\/","og_site_name":"Atana","article_publisher":"https:\/\/www.facebook.com\/atanayachts","article_modified_time":"2026-01-15T12:24:52+00:00","og_image":[{"width":1000,"height":1000,"url":"https:\/\/atana.pl\/wp-content\/uploads\/1967\/01\/X69T-Bar-Mount-with-quick-release-TYPE-T-for-ActiveKEY_tablet-white-background.webp","type":"image\/webp"}],"twitter_card":"summary_large_image","twitter_misc":{"Estimated reading time":"1 minute"},"schema":{"@context":"https:\/\/schema.org","@graph":[{"@type":"WebPage","@id":"https:\/\/atana.pl\/sklep-on-line\/armor-x\/x-mount\/uchwyt-armor-x-na-rure-22m-28-mm\/","url":"https:\/\/atana.pl\/sklep-on-line\/armor-x\/x-mount\/uchwyt-armor-x-na-rure-22m-28-mm\/","name":"Uchwyt Armor-X. Na reling, kierownic\u0119, rur\u0119 24 mm - 28 mm. Tablet - Atana","isPartOf":{"@id":"https:\/\/atana.pl\/#website"},"primaryImageOfPage":{"@id":"https:\/\/atana.pl\/sklep-on-line\/armor-x\/x-mount\/uchwyt-armor-x-na-rure-22m-28-mm\/#primaryimage"},"image":{"@id":"https:\/\/atana.pl\/sklep-on-line\/armor-x\/x-mount\/uchwyt-armor-x-na-rure-22m-28-mm\/#primaryimage"},"thumbnailUrl":"https:\/\/atana.pl\/wp-content\/uploads\/1967\/01\/X69T-Bar-Mount-with-quick-release-TYPE-T-for-ActiveKEY_tablet-white-background.webp","datePublished":"2026-01-15T12:24:50+00:00","dateModified":"2026-01-15T12:24:52+00:00","description":"Uchwyt Armor-X X69T TYPE-T do tablet\u00f3w na relingi 24\u201328 mm. Idealny do \u0142odzi, jacht\u00f3w i sport\u00f3w ekstremalnych. Pasuje do wszystkich etui Armor-X do tablet\u00f3w","breadcrumb":{"@id":"https:\/\/atana.pl\/sklep-on-line\/armor-x\/x-mount\/uchwyt-armor-x-na-rure-22m-28-mm\/#breadcrumb"},"inLanguage":"en-GB","potentialAction":[{"@type":"ReadAction","target":["https:\/\/atana.pl\/sklep-on-line\/armor-x\/x-mount\/uchwyt-armor-x-na-rure-22m-28-mm\/"]}]},{"@type":"ImageObject","inLanguage":"en-GB","@id":"https:\/\/atana.pl\/sklep-on-line\/armor-x\/x-mount\/uchwyt-armor-x-na-rure-22m-28-mm\/#primaryimage","url":"https:\/\/atana.pl\/wp-content\/uploads\/1967\/01\/X69T-Bar-Mount-with-quick-release-TYPE-T-for-ActiveKEY_tablet-white-background.webp","contentUrl":"https:\/\/atana.pl\/wp-content\/uploads\/1967\/01\/X69T-Bar-Mount-with-quick-release-TYPE-T-for-ActiveKEY_tablet-white-background.webp","width":1000,"height":1000,"caption":"X69T Bar Mount with quick release TYPE T for ActiveKEY tablet white background"},{"@type":"BreadcrumbList","@id":"https:\/\/atana.pl\/sklep-on-line\/armor-x\/x-mount\/uchwyt-armor-x-na-rure-22m-28-mm\/#breadcrumb","itemListElement":[{"@type":"ListItem","position":1,"name":"Strona g\u0142\u00f3wna","item":"https:\/\/atana.pl\/"},{"@type":"ListItem","position":2,"name":"Sklep on-line","item":"https:\/\/atana.pl\/sklep-on-line\/"},{"@type":"ListItem","position":3,"name":"Uchwyt Armor-X. Na reling, kierownic\u0119, rur\u0119 24 mm &#8211; 28 mm. Tablet"}]},{"@type":"WebSite","@id":"https:\/\/atana.pl\/#website","url":"https:\/\/atana.pl\/","name":"Atana","description":"Akcesoria do \u0142odzi, kamper\u00f3w i przyczep. \u0141odzie motorowe","publisher":{"@id":"https:\/\/atana.pl\/#organization"},"potentialAction":[{"@type":"SearchAction","target":{"@type":"EntryPoint","urlTemplate":"https:\/\/atana.pl\/?s={search_term_string}"},"query-input":{"@type":"PropertyValueSpecification","valueRequired":true,"valueName":"search_term_string"}}],"inLanguage":"en-GB"},{"@type":"Organization","@id":"https:\/\/atana.pl\/#organization","name":"Atana","url":"https:\/\/atana.pl\/","logo":{"@type":"ImageObject","inLanguage":"en-GB","@id":"https:\/\/atana.pl\/#\/schema\/logo\/image\/","url":"","contentUrl":"","caption":"Atana"},"image":{"@id":"https:\/\/atana.pl\/#\/schema\/logo\/image\/"},"sameAs":["https:\/\/www.facebook.com\/atanayachts","https:\/\/www.instagram.com\/atanaboats\/","https:\/\/www.youtube.com\/channel\/UClMMmVqqx17in9QzgxK90Mw"]}]}},"_links":{"self":[{"href":"https:\/\/atana.pl\/en\/wp-json\/wp\/v2\/product\/7878","targetHints":{"allow":["GET"]}}],"collection":[{"href":"https:\/\/atana.pl\/en\/wp-json\/wp\/v2\/product"}],"about":[{"href":"https:\/\/atana.pl\/en\/wp-json\/wp\/v2\/types\/product"}],"wp:featuredmedia":[{"embeddable":true,"href":"https:\/\/atana.pl\/en\/wp-json\/wp\/v2\/media\/7877"}],"wp:attachment":[{"href":"https:\/\/atana.pl\/en\/wp-json\/wp\/v2\/media?parent=7878"}],"wp:term":[{"taxonomy":"product_brand","embeddable":true,"href":"https:\/\/atana.pl\/en\/wp-json\/wp\/v2\/product_brand?post=7878"},{"taxonomy":"product_cat","embeddable":true,"href":"https:\/\/atana.pl\/en\/wp-json\/wp\/v2\/product_cat?post=7878"},{"taxonomy":"product_tag","embeddable":true,"href":"https:\/\/atana.pl\/en\/wp-json\/wp\/v2\/product_tag?post=7878"}],"curies":[{"name":"wp","href":"https:\/\/api.w.org\/{rel}","templated":true}]}}