{"id":7867,"date":"2026-01-15T13:03:25","date_gmt":"2026-01-15T12:03:25","guid":{"rendered":"https:\/\/atana.pl\/?post_type=product&#038;p=7867"},"modified":"2026-01-15T13:21:10","modified_gmt":"2026-01-15T12:21:10","slug":"uchwyt-armor-x-na-reling-kierownice-rure-46-mm-58-mm-smartfon","status":"publish","type":"product","link":"https:\/\/atana.pl\/en\/online-shop\/armor-x\/x-mount\/uchwyt-armor-x-na-reling-kierownice-rure-46-mm-58-mm-smartfon\/","title":{"rendered":"Uchwyt Armor-X. Na reling, kierownic\u0119, rur\u0119 46 mm &#8211; 58 mm. Smartfon"},"content":{"rendered":"<h1 data-start=\"158\" data-end=\"234\">\u2693 Armor-X X68T \u2013 du\u017cy uchwyt na reling 46\u201358 mm do tablet\u00f3w X-Mount TYPE-T<\/h1>\n<p data-start=\"254\" data-end=\"644\"><strong data-start=\"254\" data-end=\"305\">Armor-X X68T Large Bar Mount with Quick Release<\/strong> to <strong data-start=\"309\" data-end=\"346\">profesjonalny uchwyt klasy rugged<\/strong>, zaprojektowany do bezpiecznego mocowania <strong data-start=\"389\" data-end=\"437\">tablet\u00f3w w etui Armor-X z interfejsem TYPE-T<\/strong> na grubych rurach, relingach i por\u0119czach o \u015brednicy <strong data-start=\"490\" data-end=\"502\">46\u201358 mm<\/strong>. Idealnie sprawdza si\u0119 na <strong data-start=\"529\" data-end=\"643\">\u0142odziach motorowych, jachtach, jednostkach komercyjnych, pojazdach off-road oraz w zastosowaniach outdoorowych<\/strong>.<\/p>\n<p data-start=\"646\" data-end=\"744\">Dzi\u0119ki wyj\u0105tkowo solidnej konstrukcji oraz szybkoz\u0142\u0105czce, uchwyt pozwala korzysta\u0107 z tabletu jako:<\/p>\n<ul data-start=\"745\" data-end=\"870\">\n<li data-start=\"745\" data-end=\"782\">\n<p data-start=\"747\" data-end=\"782\"><strong data-start=\"747\" data-end=\"780\">ploter nawigacyjny na jachcie<\/strong><\/p>\n<\/li>\n<li data-start=\"783\" data-end=\"818\">\n<p data-start=\"785\" data-end=\"818\"><strong data-start=\"785\" data-end=\"816\">mapa GPS i ekran sterowania<\/strong><\/p>\n<\/li>\n<li data-start=\"819\" data-end=\"870\">\n<p data-start=\"821\" data-end=\"870\"><strong data-start=\"821\" data-end=\"868\">monitor aplikacji \u017ceglarskich i wyprawowych<\/strong><\/p>\n<\/li>\n<\/ul>\n<hr data-start=\"872\" data-end=\"875\" \/>\n<h2 data-start=\"877\" data-end=\"903\">Stabilno\u015b\u0107 klasy marine<\/h2>\n<p data-start=\"905\" data-end=\"943\">Zawiasowa, antypo\u015blizgowa konstrukcja:<\/p>\n<ul data-start=\"944\" data-end=\"1110\">\n<li data-start=\"944\" data-end=\"974\">\n<p data-start=\"946\" data-end=\"974\">montuje si\u0119 w kilka sekund<\/p>\n<\/li>\n<li data-start=\"975\" data-end=\"1021\">\n<p data-start=\"977\" data-end=\"1021\">idealnie obejmuje <strong data-start=\"995\" data-end=\"1019\">grube relingi i rury<\/strong><\/p>\n<\/li>\n<li data-start=\"1022\" data-end=\"1110\">\n<p data-start=\"1024\" data-end=\"1110\">zapobiega obracaniu si\u0119 i przesuwaniu nawet podczas <strong data-start=\"1076\" data-end=\"1108\">falowania i wibracji silnika<\/strong><\/p>\n<\/li>\n<\/ul>\n<p data-start=\"1112\" data-end=\"1163\">Uchwyt minimalizuje drgania, co jest kluczowe przy:<\/p>\n<ul data-start=\"1164\" data-end=\"1233\">\n<li data-start=\"1164\" data-end=\"1186\">\n<p data-start=\"1166\" data-end=\"1186\">nawigacji morskiej<\/p>\n<\/li>\n<li data-start=\"1187\" data-end=\"1211\">\n<p data-start=\"1189\" data-end=\"1211\">filmowaniu na wodzie<\/p>\n<\/li>\n<li data-start=\"1212\" data-end=\"1233\">\n<p data-start=\"1214\" data-end=\"1233\">je\u017adzie w terenie<\/p>\n<\/li>\n<\/ul>\n<hr data-start=\"1235\" data-end=\"1238\" \/>\n<h2 data-start=\"1240\" data-end=\"1278\">Pe\u0142na regulacja i dynamiczne uj\u0119cia<\/h2>\n<p data-start=\"1280\" data-end=\"1310\">Zintegrowana podstawa oferuje:<\/p>\n<ul data-start=\"1311\" data-end=\"1406\">\n<li data-start=\"1311\" data-end=\"1330\">\n<p data-start=\"1313\" data-end=\"1330\"><strong data-start=\"1313\" data-end=\"1328\">360\u00b0 obrotu<\/strong><\/p>\n<\/li>\n<li data-start=\"1331\" data-end=\"1373\">\n<p data-start=\"1333\" data-end=\"1373\"><strong data-start=\"1333\" data-end=\"1371\">16 bezpiecznych pozycji blokowania<\/strong><\/p>\n<\/li>\n<li data-start=\"1374\" data-end=\"1406\">\n<p data-start=\"1376\" data-end=\"1406\">szybkie zmiany k\u0105ta widzenia<\/p>\n<\/li>\n<\/ul>\n<p data-start=\"1408\" data-end=\"1570\">Do\u0142\u0105czona <strong data-start=\"1418\" data-end=\"1462\">Vertical Mounting Buckle (szybkoz\u0142\u0105czka)<\/strong> pozwala w kilka sekund przenie\u015b\u0107 tablet pomi\u0119dzy r\u00f3\u017cnymi uchwytami i zmienia\u0107 perspektyw\u0119 nagra\u0144 lub pracy.<\/p>\n<hr data-start=\"1572\" data-end=\"1575\" \/>\n<h2 data-start=\"1577\" data-end=\"1601\">System X-Mount TYPE-T<\/h2>\n<p data-start=\"1603\" data-end=\"1681\">Uchwyt wykorzystuje <strong data-start=\"1623\" data-end=\"1673\">opatentowany magnetyczny system X-Mount TYPE-T<\/strong>, kt\u00f3ry:<\/p>\n<ul data-start=\"1682\" data-end=\"1784\">\n<li data-start=\"1682\" data-end=\"1715\">\n<p data-start=\"1684\" data-end=\"1715\">automatycznie centruje tablet<\/p>\n<\/li>\n<li data-start=\"1716\" data-end=\"1742\">\n<p data-start=\"1718\" data-end=\"1742\">bezpiecznie go blokuje<\/p>\n<\/li>\n<li data-start=\"1743\" data-end=\"1784\">\n<p data-start=\"1745\" data-end=\"1784\">umo\u017cliwia szybkie wypi\u0119cie jedn\u0105 r\u0119k\u0105<\/p>\n<\/li>\n<\/ul>\n<p data-start=\"1786\" data-end=\"1890\">Idealne rozwi\u0105zanie do zastosowa\u0144 na wodzie i w terenie, gdzie liczy si\u0119 <strong data-start=\"1859\" data-end=\"1889\">pewno\u015b\u0107 i szybko\u015b\u0107 obs\u0142ugi<\/strong>.<\/p>\n<hr data-start=\"1892\" data-end=\"1895\" \/>\n<h2 data-start=\"1897\" data-end=\"1911\">Idealny do:<\/h2>\n<ul data-start=\"1913\" data-end=\"2113\">\n<li data-start=\"1913\" data-end=\"1944\">\n<p data-start=\"1915\" data-end=\"1944\">\u0141odzi motorowych i jacht\u00f3w.<\/p>\n<\/li>\n<li data-start=\"1945\" data-end=\"1984\">\n<p data-start=\"1947\" data-end=\"1984\">Jednostek roboczych i komercyjnych.<\/p>\n<\/li>\n<li data-start=\"1985\" data-end=\"2014\">\n<p data-start=\"1987\" data-end=\"2014\">Nawigacji morskiej i GPS.<\/p>\n<\/li>\n<li data-start=\"2015\" data-end=\"2045\">\n<p data-start=\"2017\" data-end=\"2045\">Turystyki wodnej i wypraw.<\/p>\n<\/li>\n<li data-start=\"2046\" data-end=\"2075\">\n<p data-start=\"2048\" data-end=\"2075\">Off-roadu i overlandingu.<\/p>\n<\/li>\n<li data-start=\"2076\" data-end=\"2113\">\n<p data-start=\"2078\" data-end=\"2113\">Sport\u00f3w ekstremalnych i outdooru.<\/p>\n<\/li>\n<\/ul>","protected":false},"excerpt":{"rendered":"<p>Du\u017cy uchwyt Armor-X X68T do tablet\u00f3w na relingi 46\u201358 mm. System X-Mount TYPE-T, szybkoz\u0142\u0105czka i pe\u0142na regulacja.<\/p>","protected":false},"featured_media":7865,"template":"","meta":{"_acf_changed":false},"product_brand":[],"product_cat":[1307,1309],"product_tag":[1316,1370,1347,1342,1336,1335,1373,1334,1374,1338,1337,1366,1345,1329,1372],"class_list":{"0":"post-7867","1":"product","2":"type-product","3":"status-publish","4":"has-post-thumbnail","6":"product_cat-armor-x","7":"product_cat-x-mount","8":"product_tag-armor-x","9":"product_tag-quick-release-mount","10":"product_tag-tablet-mount","11":"product_tag-uchwyt-do-gps","12":"product_tag-uchwyt-do-lodzi","13":"product_tag-uchwyt-do-nawigacji","14":"product_tag-uchwyt-do-offroad","15":"product_tag-uchwyt-do-tabletu","16":"product_tag-uchwyt-do-wypraw","17":"product_tag-uchwyt-marine","18":"product_tag-uchwyt-na-jacht","19":"product_tag-uchwyt-na-reling","20":"product_tag-uchwyt-rugged","21":"product_tag-uchwyt-x-mount","22":"product_tag-x68t","24":"first","25":"instock","26":"taxable","27":"shipping-taxable","28":"purchasable","29":"product-type-simple"},"acf":[],"yoast_head":"<!-- This site is optimized with the Yoast SEO plugin v25.2 - https:\/\/yoast.com\/wordpress\/plugins\/seo\/ -->\n<title>Uchwyt Armor-X. Na reling, kierownic\u0119, rur\u0119 46 mm - 58 mm. Smartfon - Atana<\/title>\n<meta name=\"description\" content=\"Uchwyt Armor-X X68T TYPE-T do tablet\u00f3w na grube relingi jacht\u00f3w i pojazd\u00f3w. Stabilny nawet na falach i w terenie. Pasuje do wszystkich etui Armor X typ T.\" \/>\n<meta name=\"robots\" content=\"index, follow, max-snippet:-1, max-image-preview:large, max-video-preview:-1\" \/>\n<link rel=\"canonical\" href=\"https:\/\/atana.pl\/en\/online-shop\/armor-x\/x-mount\/uchwyt-armor-x-na-reling-kierownice-rure-46-mm-58-mm-smartfon\/\" \/>\n<meta property=\"og:locale\" content=\"en_GB\" \/>\n<meta property=\"og:type\" content=\"article\" \/>\n<meta property=\"og:title\" content=\"Uchwyt Armor-X. Na reling, kierownic\u0119, rur\u0119 46 mm - 58 mm. Smartfon - Atana\" \/>\n<meta property=\"og:description\" content=\"Uchwyt Armor-X X68T TYPE-T do tablet\u00f3w na grube relingi jacht\u00f3w i pojazd\u00f3w. Stabilny nawet na falach i w terenie. Pasuje do wszystkich etui Armor X typ T.\" \/>\n<meta property=\"og:url\" content=\"https:\/\/atana.pl\/en\/online-shop\/armor-x\/x-mount\/uchwyt-armor-x-na-reling-kierownice-rure-46-mm-58-mm-smartfon\/\" \/>\n<meta property=\"og:site_name\" content=\"Atana\" \/>\n<meta property=\"article:publisher\" content=\"https:\/\/www.facebook.com\/atanayachts\" \/>\n<meta property=\"article:modified_time\" content=\"2026-01-15T12:21:10+00:00\" \/>\n<meta property=\"og:image\" content=\"https:\/\/atana.pl\/wp-content\/uploads\/1967\/01\/pp-x68t-large-tube-mount-roll-bars-pipes-more-01.webp\" \/>\n\t<meta property=\"og:image:width\" content=\"1000\" \/>\n\t<meta property=\"og:image:height\" content=\"1000\" \/>\n\t<meta property=\"og:image:type\" content=\"image\/webp\" \/>\n<meta name=\"twitter:card\" content=\"summary_large_image\" \/>\n<meta name=\"twitter:label1\" content=\"Estimated reading time\" \/>\n\t<meta name=\"twitter:data1\" content=\"1 minute\" \/>\n<script type=\"application\/ld+json\" class=\"yoast-schema-graph\">{\"@context\":\"https:\/\/schema.org\",\"@graph\":[{\"@type\":\"WebPage\",\"@id\":\"https:\/\/atana.pl\/sklep-on-line\/armor-x\/x-mount\/uchwyt-armor-x-na-reling-kierownice-rure-46-mm-58-mm-smartfon\/\",\"url\":\"https:\/\/atana.pl\/sklep-on-line\/armor-x\/x-mount\/uchwyt-armor-x-na-reling-kierownice-rure-46-mm-58-mm-smartfon\/\",\"name\":\"Uchwyt Armor-X. Na reling, kierownic\u0119, rur\u0119 46 mm - 58 mm. Smartfon - Atana\",\"isPartOf\":{\"@id\":\"https:\/\/atana.pl\/#website\"},\"primaryImageOfPage\":{\"@id\":\"https:\/\/atana.pl\/sklep-on-line\/armor-x\/x-mount\/uchwyt-armor-x-na-reling-kierownice-rure-46-mm-58-mm-smartfon\/#primaryimage\"},\"image\":{\"@id\":\"https:\/\/atana.pl\/sklep-on-line\/armor-x\/x-mount\/uchwyt-armor-x-na-reling-kierownice-rure-46-mm-58-mm-smartfon\/#primaryimage\"},\"thumbnailUrl\":\"https:\/\/atana.pl\/wp-content\/uploads\/1967\/01\/pp-x68t-large-tube-mount-roll-bars-pipes-more-01.webp\",\"datePublished\":\"2026-01-15T12:03:25+00:00\",\"dateModified\":\"2026-01-15T12:21:10+00:00\",\"description\":\"Uchwyt Armor-X X68T TYPE-T do tablet\u00f3w na grube relingi jacht\u00f3w i pojazd\u00f3w. Stabilny nawet na falach i w terenie. Pasuje do wszystkich etui Armor X typ T.\",\"breadcrumb\":{\"@id\":\"https:\/\/atana.pl\/sklep-on-line\/armor-x\/x-mount\/uchwyt-armor-x-na-reling-kierownice-rure-46-mm-58-mm-smartfon\/#breadcrumb\"},\"inLanguage\":\"en-GB\",\"potentialAction\":[{\"@type\":\"ReadAction\",\"target\":[\"https:\/\/atana.pl\/sklep-on-line\/armor-x\/x-mount\/uchwyt-armor-x-na-reling-kierownice-rure-46-mm-58-mm-smartfon\/\"]}]},{\"@type\":\"ImageObject\",\"inLanguage\":\"en-GB\",\"@id\":\"https:\/\/atana.pl\/sklep-on-line\/armor-x\/x-mount\/uchwyt-armor-x-na-reling-kierownice-rure-46-mm-58-mm-smartfon\/#primaryimage\",\"url\":\"https:\/\/atana.pl\/wp-content\/uploads\/1967\/01\/pp-x68t-large-tube-mount-roll-bars-pipes-more-01.webp\",\"contentUrl\":\"https:\/\/atana.pl\/wp-content\/uploads\/1967\/01\/pp-x68t-large-tube-mount-roll-bars-pipes-more-01.webp\",\"width\":1000,\"height\":1000,\"caption\":\"pp x68t large tube mount roll bars pipes more 01\"},{\"@type\":\"BreadcrumbList\",\"@id\":\"https:\/\/atana.pl\/sklep-on-line\/armor-x\/x-mount\/uchwyt-armor-x-na-reling-kierownice-rure-46-mm-58-mm-smartfon\/#breadcrumb\",\"itemListElement\":[{\"@type\":\"ListItem\",\"position\":1,\"name\":\"Strona g\u0142\u00f3wna\",\"item\":\"https:\/\/atana.pl\/\"},{\"@type\":\"ListItem\",\"position\":2,\"name\":\"Sklep on-line\",\"item\":\"https:\/\/atana.pl\/sklep-on-line\/\"},{\"@type\":\"ListItem\",\"position\":3,\"name\":\"Uchwyt Armor-X. Na reling, kierownic\u0119, rur\u0119 46 mm &#8211; 58 mm. Smartfon\"}]},{\"@type\":\"WebSite\",\"@id\":\"https:\/\/atana.pl\/#website\",\"url\":\"https:\/\/atana.pl\/\",\"name\":\"Atana\",\"description\":\"Akcesoria do \u0142odzi, kamper\u00f3w i przyczep. \u0141odzie motorowe\",\"publisher\":{\"@id\":\"https:\/\/atana.pl\/#organization\"},\"potentialAction\":[{\"@type\":\"SearchAction\",\"target\":{\"@type\":\"EntryPoint\",\"urlTemplate\":\"https:\/\/atana.pl\/?s={search_term_string}\"},\"query-input\":{\"@type\":\"PropertyValueSpecification\",\"valueRequired\":true,\"valueName\":\"search_term_string\"}}],\"inLanguage\":\"en-GB\"},{\"@type\":\"Organization\",\"@id\":\"https:\/\/atana.pl\/#organization\",\"name\":\"Atana\",\"url\":\"https:\/\/atana.pl\/\",\"logo\":{\"@type\":\"ImageObject\",\"inLanguage\":\"en-GB\",\"@id\":\"https:\/\/atana.pl\/#\/schema\/logo\/image\/\",\"url\":\"\",\"contentUrl\":\"\",\"caption\":\"Atana\"},\"image\":{\"@id\":\"https:\/\/atana.pl\/#\/schema\/logo\/image\/\"},\"sameAs\":[\"https:\/\/www.facebook.com\/atanayachts\",\"https:\/\/www.instagram.com\/atanaboats\/\",\"https:\/\/www.youtube.com\/channel\/UClMMmVqqx17in9QzgxK90Mw\"]}]}<\/script>\n<!-- \/ Yoast SEO plugin. -->","yoast_head_json":{"title":"Uchwyt Armor-X. Na reling, kierownic\u0119, rur\u0119 46 mm - 58 mm. Smartfon - Atana","description":"Uchwyt Armor-X X68T TYPE-T do tablet\u00f3w na grube relingi jacht\u00f3w i pojazd\u00f3w. Stabilny nawet na falach i w terenie. Pasuje do wszystkich etui Armor X typ T.","robots":{"index":"index","follow":"follow","max-snippet":"max-snippet:-1","max-image-preview":"max-image-preview:large","max-video-preview":"max-video-preview:-1"},"canonical":"https:\/\/atana.pl\/en\/online-shop\/armor-x\/x-mount\/uchwyt-armor-x-na-reling-kierownice-rure-46-mm-58-mm-smartfon\/","og_locale":"en_GB","og_type":"article","og_title":"Uchwyt Armor-X. Na reling, kierownic\u0119, rur\u0119 46 mm - 58 mm. Smartfon - Atana","og_description":"Uchwyt Armor-X X68T TYPE-T do tablet\u00f3w na grube relingi jacht\u00f3w i pojazd\u00f3w. Stabilny nawet na falach i w terenie. Pasuje do wszystkich etui Armor X typ T.","og_url":"https:\/\/atana.pl\/en\/online-shop\/armor-x\/x-mount\/uchwyt-armor-x-na-reling-kierownice-rure-46-mm-58-mm-smartfon\/","og_site_name":"Atana","article_publisher":"https:\/\/www.facebook.com\/atanayachts","article_modified_time":"2026-01-15T12:21:10+00:00","og_image":[{"width":1000,"height":1000,"url":"https:\/\/atana.pl\/wp-content\/uploads\/1967\/01\/pp-x68t-large-tube-mount-roll-bars-pipes-more-01.webp","type":"image\/webp"}],"twitter_card":"summary_large_image","twitter_misc":{"Estimated reading time":"1 minute"},"schema":{"@context":"https:\/\/schema.org","@graph":[{"@type":"WebPage","@id":"https:\/\/atana.pl\/sklep-on-line\/armor-x\/x-mount\/uchwyt-armor-x-na-reling-kierownice-rure-46-mm-58-mm-smartfon\/","url":"https:\/\/atana.pl\/sklep-on-line\/armor-x\/x-mount\/uchwyt-armor-x-na-reling-kierownice-rure-46-mm-58-mm-smartfon\/","name":"Uchwyt Armor-X. Na reling, kierownic\u0119, rur\u0119 46 mm - 58 mm. Smartfon - Atana","isPartOf":{"@id":"https:\/\/atana.pl\/#website"},"primaryImageOfPage":{"@id":"https:\/\/atana.pl\/sklep-on-line\/armor-x\/x-mount\/uchwyt-armor-x-na-reling-kierownice-rure-46-mm-58-mm-smartfon\/#primaryimage"},"image":{"@id":"https:\/\/atana.pl\/sklep-on-line\/armor-x\/x-mount\/uchwyt-armor-x-na-reling-kierownice-rure-46-mm-58-mm-smartfon\/#primaryimage"},"thumbnailUrl":"https:\/\/atana.pl\/wp-content\/uploads\/1967\/01\/pp-x68t-large-tube-mount-roll-bars-pipes-more-01.webp","datePublished":"2026-01-15T12:03:25+00:00","dateModified":"2026-01-15T12:21:10+00:00","description":"Uchwyt Armor-X X68T TYPE-T do tablet\u00f3w na grube relingi jacht\u00f3w i pojazd\u00f3w. Stabilny nawet na falach i w terenie. Pasuje do wszystkich etui Armor X typ T.","breadcrumb":{"@id":"https:\/\/atana.pl\/sklep-on-line\/armor-x\/x-mount\/uchwyt-armor-x-na-reling-kierownice-rure-46-mm-58-mm-smartfon\/#breadcrumb"},"inLanguage":"en-GB","potentialAction":[{"@type":"ReadAction","target":["https:\/\/atana.pl\/sklep-on-line\/armor-x\/x-mount\/uchwyt-armor-x-na-reling-kierownice-rure-46-mm-58-mm-smartfon\/"]}]},{"@type":"ImageObject","inLanguage":"en-GB","@id":"https:\/\/atana.pl\/sklep-on-line\/armor-x\/x-mount\/uchwyt-armor-x-na-reling-kierownice-rure-46-mm-58-mm-smartfon\/#primaryimage","url":"https:\/\/atana.pl\/wp-content\/uploads\/1967\/01\/pp-x68t-large-tube-mount-roll-bars-pipes-more-01.webp","contentUrl":"https:\/\/atana.pl\/wp-content\/uploads\/1967\/01\/pp-x68t-large-tube-mount-roll-bars-pipes-more-01.webp","width":1000,"height":1000,"caption":"pp x68t large tube mount roll bars pipes more 01"},{"@type":"BreadcrumbList","@id":"https:\/\/atana.pl\/sklep-on-line\/armor-x\/x-mount\/uchwyt-armor-x-na-reling-kierownice-rure-46-mm-58-mm-smartfon\/#breadcrumb","itemListElement":[{"@type":"ListItem","position":1,"name":"Strona g\u0142\u00f3wna","item":"https:\/\/atana.pl\/"},{"@type":"ListItem","position":2,"name":"Sklep on-line","item":"https:\/\/atana.pl\/sklep-on-line\/"},{"@type":"ListItem","position":3,"name":"Uchwyt Armor-X. Na reling, kierownic\u0119, rur\u0119 46 mm &#8211; 58 mm. Smartfon"}]},{"@type":"WebSite","@id":"https:\/\/atana.pl\/#website","url":"https:\/\/atana.pl\/","name":"Atana","description":"Akcesoria do \u0142odzi, kamper\u00f3w i przyczep. \u0141odzie motorowe","publisher":{"@id":"https:\/\/atana.pl\/#organization"},"potentialAction":[{"@type":"SearchAction","target":{"@type":"EntryPoint","urlTemplate":"https:\/\/atana.pl\/?s={search_term_string}"},"query-input":{"@type":"PropertyValueSpecification","valueRequired":true,"valueName":"search_term_string"}}],"inLanguage":"en-GB"},{"@type":"Organization","@id":"https:\/\/atana.pl\/#organization","name":"Atana","url":"https:\/\/atana.pl\/","logo":{"@type":"ImageObject","inLanguage":"en-GB","@id":"https:\/\/atana.pl\/#\/schema\/logo\/image\/","url":"","contentUrl":"","caption":"Atana"},"image":{"@id":"https:\/\/atana.pl\/#\/schema\/logo\/image\/"},"sameAs":["https:\/\/www.facebook.com\/atanayachts","https:\/\/www.instagram.com\/atanaboats\/","https:\/\/www.youtube.com\/channel\/UClMMmVqqx17in9QzgxK90Mw"]}]}},"_links":{"self":[{"href":"https:\/\/atana.pl\/en\/wp-json\/wp\/v2\/product\/7867","targetHints":{"allow":["GET"]}}],"collection":[{"href":"https:\/\/atana.pl\/en\/wp-json\/wp\/v2\/product"}],"about":[{"href":"https:\/\/atana.pl\/en\/wp-json\/wp\/v2\/types\/product"}],"wp:featuredmedia":[{"embeddable":true,"href":"https:\/\/atana.pl\/en\/wp-json\/wp\/v2\/media\/7865"}],"wp:attachment":[{"href":"https:\/\/atana.pl\/en\/wp-json\/wp\/v2\/media?parent=7867"}],"wp:term":[{"taxonomy":"product_brand","embeddable":true,"href":"https:\/\/atana.pl\/en\/wp-json\/wp\/v2\/product_brand?post=7867"},{"taxonomy":"product_cat","embeddable":true,"href":"https:\/\/atana.pl\/en\/wp-json\/wp\/v2\/product_cat?post=7867"},{"taxonomy":"product_tag","embeddable":true,"href":"https:\/\/atana.pl\/en\/wp-json\/wp\/v2\/product_tag?post=7867"}],"curies":[{"name":"wp","href":"https:\/\/api.w.org\/{rel}","templated":true}]}}