{"id":7859,"date":"2026-01-15T12:29:21","date_gmt":"2026-01-15T11:29:21","guid":{"rendered":"https:\/\/atana.pl\/?post_type=product&#038;p=7859"},"modified":"2026-01-15T12:29:22","modified_gmt":"2026-01-15T11:29:22","slug":"uchwyt-armor-x-na-reling-jachtu-i-kierownice","status":"publish","type":"product","link":"https:\/\/atana.pl\/en\/online-shop\/armor-x\/x-mount\/uchwyt-armor-x-na-reling-jachtu-i-kierownice\/","title":{"rendered":"Uchwyt Armor-X. Na reling 19mm-38mm. Smartfon"},"content":{"rendered":"<h1 data-start=\"149\" data-end=\"229\">\u2693 Armor-X X20K \u2013 uchwyt na reling, kierownic\u0119 i por\u0119cz 19\u201338 mm X-Mount TYPE-K<\/h1>\n<p data-start=\"249\" data-end=\"613\"><strong data-start=\"249\" data-end=\"286\">Armor-X X20K Bar Handle Bar Mount<\/strong> to <strong data-start=\"290\" data-end=\"324\">wytrzyma\u0142y uchwyt klasy rugged<\/strong>, zaprojektowany do mocowania smartfon\u00f3w w etui Armor-X z systemem <strong data-start=\"391\" data-end=\"411\">ActiveKEY TYPE-K<\/strong> na rurach, relingach i kierownicach o \u015brednicy <strong data-start=\"459\" data-end=\"471\">19\u201338 mm<\/strong>. Doskonale sprawdza si\u0119 na <strong data-start=\"499\" data-end=\"612\">\u0142odziach motorowych, jachtach, skuterach wodnych, rowerach, motocyklach, quadach oraz w turystyce outdoorowej<\/strong>.<\/p>\n<p data-start=\"615\" data-end=\"642\">To idealne rozwi\u0105zanie dla:<\/p>\n<ul data-start=\"643\" data-end=\"786\">\n<li data-start=\"643\" data-end=\"673\">\n<p data-start=\"645\" data-end=\"673\"><strong data-start=\"645\" data-end=\"673\">nawigacji morskiej i GPS<\/strong><\/p>\n<\/li>\n<li data-start=\"674\" data-end=\"711\">\n<p data-start=\"676\" data-end=\"711\"><strong data-start=\"676\" data-end=\"711\">sport\u00f3w wodnych i ekstremalnych<\/strong><\/p>\n<\/li>\n<li data-start=\"712\" data-end=\"747\">\n<p data-start=\"714\" data-end=\"747\"><strong data-start=\"714\" data-end=\"747\">wypraw terenowych i off-roadu<\/strong><\/p>\n<\/li>\n<li data-start=\"748\" data-end=\"786\">\n<p data-start=\"750\" data-end=\"786\"><strong data-start=\"750\" data-end=\"786\">nagrywania wideo i zdj\u0119\u0107 w ruchu<\/strong><\/p>\n<\/li>\n<\/ul>\n<hr data-start=\"788\" data-end=\"791\" \/>\n<h2 data-start=\"793\" data-end=\"826\">Stabilno\u015b\u0107 w ka\u017cdych warunkach<\/h2>\n<p data-start=\"828\" data-end=\"908\">Mocna konstrukcja typu <strong data-start=\"851\" data-end=\"871\">Mighty Bar Mount<\/strong> oraz <strong data-start=\"877\" data-end=\"896\">rami\u0119 blokuj\u0105ce<\/strong> zapewniaj\u0105:<\/p>\n<ul data-start=\"909\" data-end=\"1032\">\n<li data-start=\"909\" data-end=\"953\">\n<p data-start=\"911\" data-end=\"953\">pewny chwyt na relingach jacht\u00f3w i \u0142odzi<\/p>\n<\/li>\n<li data-start=\"954\" data-end=\"996\">\n<p data-start=\"956\" data-end=\"996\">stabilno\u015b\u0107 na kierownicach i por\u0119czach<\/p>\n<\/li>\n<li data-start=\"997\" data-end=\"1032\">\n<p data-start=\"999\" data-end=\"1032\">minimalizacj\u0119 drga\u0144 i wstrz\u0105s\u00f3w<\/p>\n<\/li>\n<\/ul>\n<p data-start=\"1034\" data-end=\"1129\">Uchwyt zachowuje stabilno\u015b\u0107 nawet przy <strong data-start=\"1073\" data-end=\"1128\">falowaniu, wibracjach silnika i dynamicznej je\u017adzie<\/strong>.<\/p>\n<hr data-start=\"1131\" data-end=\"1134\" \/>\n<h2 data-start=\"1136\" data-end=\"1175\">Pe\u0142na regulacja i swoboda nagrywania<\/h2>\n<p data-start=\"1177\" data-end=\"1198\">Armor-X X20K oferuje:<\/p>\n<ul data-start=\"1199\" data-end=\"1402\">\n<li data-start=\"1199\" data-end=\"1229\">\n<p data-start=\"1201\" data-end=\"1229\"><strong data-start=\"1201\" data-end=\"1227\">regulacj\u0119 k\u0105ta do 180\u00b0<\/strong><\/p>\n<\/li>\n<li data-start=\"1230\" data-end=\"1260\">\n<p data-start=\"1232\" data-end=\"1260\">tryb <strong data-start=\"1237\" data-end=\"1258\">pionowy i poziomy<\/strong><\/p>\n<\/li>\n<li data-start=\"1261\" data-end=\"1333\">\n<p data-start=\"1263\" data-end=\"1333\"><strong data-start=\"1263\" data-end=\"1284\">uchylanie do g\u00f3ry<\/strong> \u2013 idealne do robienia zdj\u0119\u0107 i nagrywania wideo<\/p>\n<\/li>\n<li data-start=\"1334\" data-end=\"1402\">\n<p data-start=\"1336\" data-end=\"1402\"><strong data-start=\"1336\" data-end=\"1358\">regulowane ramiona<\/strong> \u2013 wi\u0119cej opcji monta\u017cu i k\u0105t\u00f3w filmowania<\/p>\n<\/li>\n<\/ul>\n<p data-start=\"1404\" data-end=\"1430\">To \u015bwietne rozwi\u0105zanie do:<\/p>\n<ul data-start=\"1431\" data-end=\"1531\">\n<li data-start=\"1431\" data-end=\"1464\">\n<p data-start=\"1433\" data-end=\"1464\">rejestrowania sport\u00f3w wodnych<\/p>\n<\/li>\n<li data-start=\"1465\" data-end=\"1484\">\n<p data-start=\"1467\" data-end=\"1484\">nagra\u0144 z wypraw<\/p>\n<\/li>\n<li data-start=\"1485\" data-end=\"1531\">\n<p data-start=\"1487\" data-end=\"1531\">pracy z mapami i aplikacjami nawigacyjnymi<\/p>\n<\/li>\n<\/ul>\n<hr data-start=\"1533\" data-end=\"1536\" \/>\n<h2 data-start=\"1538\" data-end=\"1562\">System X-Mount TYPE-K<\/h2>\n<p data-start=\"1564\" data-end=\"1642\">Uchwyt wykorzystuje <strong data-start=\"1584\" data-end=\"1634\">opatentowany magnetyczny system X-Mount TYPE-K<\/strong>, kt\u00f3ry:<\/p>\n<ul data-start=\"1643\" data-end=\"1746\">\n<li data-start=\"1643\" data-end=\"1677\">\n<p data-start=\"1645\" data-end=\"1677\">automatycznie centruje telefon<\/p>\n<\/li>\n<li data-start=\"1678\" data-end=\"1704\">\n<p data-start=\"1680\" data-end=\"1704\">bezpiecznie go blokuje<\/p>\n<\/li>\n<li data-start=\"1705\" data-end=\"1746\">\n<p data-start=\"1707\" data-end=\"1746\">umo\u017cliwia szybkie wypi\u0119cie jedn\u0105 r\u0119k\u0105<\/p>\n<\/li>\n<\/ul>\n<p data-start=\"1748\" data-end=\"1832\">Jest w pe\u0142ni kompatybilny z etui <strong data-start=\"1781\" data-end=\"1802\">Armor-X ActiveKEY<\/strong> oraz akcesoriami systemowymi.<\/p>\n<hr data-start=\"1834\" data-end=\"1837\" \/>\n<h2 data-start=\"1839\" data-end=\"1867\">Kompatybilno\u015b\u0107 z kamerami<\/h2>\n<p data-start=\"1869\" data-end=\"1897\">Uchwyt wsp\u00f3\u0142pracuje tak\u017ce z:<\/p>\n<ul data-start=\"1898\" data-end=\"2008\">\n<li data-start=\"1898\" data-end=\"1929\">\n<p data-start=\"1900\" data-end=\"1929\">kamerami sportowymi <strong data-start=\"1920\" data-end=\"1929\">GoPro<\/strong><\/p>\n<\/li>\n<li data-start=\"1930\" data-end=\"2008\">\n<p data-start=\"1932\" data-end=\"2008\">innymi kamerami wykorzystuj\u0105cymi standardowe <strong data-start=\"1977\" data-end=\"2008\">mocowanie szczelinowe GoPro<\/strong><\/p>\n<\/li>\n<\/ul>\n<p data-start=\"2010\" data-end=\"2091\">Dzi\u0119ki temu mo\u017cesz go u\u017cywa\u0107 zar\u00f3wno do <strong data-start=\"2050\" data-end=\"2063\">smartfona<\/strong>, jak i do <strong data-start=\"2074\" data-end=\"2090\">kamery akcji<\/strong>.<\/p>\n<hr data-start=\"2093\" data-end=\"2096\" \/>\n<h2 data-start=\"2098\" data-end=\"2112\">Idealny do:<\/h2>\n<ul data-start=\"2114\" data-end=\"2325\">\n<li data-start=\"2114\" data-end=\"2145\">\n<p data-start=\"2116\" data-end=\"2145\">\u0141odzi motorowych i jacht\u00f3w.<\/p>\n<\/li>\n<li data-start=\"2146\" data-end=\"2184\">\n<p data-start=\"2148\" data-end=\"2184\">Skuter\u00f3w wodnych i sport\u00f3w marine.<\/p>\n<\/li>\n<li data-start=\"2185\" data-end=\"2217\">\n<p data-start=\"2187\" data-end=\"2217\">Rower\u00f3w, motocykli i quad\u00f3w.<\/p>\n<\/li>\n<li data-start=\"2218\" data-end=\"2254\">\n<p data-start=\"2220\" data-end=\"2254\">Off-roadu i wypraw outdoorowych.<\/p>\n<\/li>\n<li data-start=\"2255\" data-end=\"2287\">\n<p data-start=\"2257\" data-end=\"2287\">Kajak\u00f3w, SUP-\u00f3w i trekkingu.<\/p>\n<\/li>\n<li data-start=\"2288\" data-end=\"2325\">\n<p data-start=\"2290\" data-end=\"2325\">Nagrywania wideo i zdj\u0119\u0107 w ruchu.<\/p>\n<\/li>\n<\/ul>","protected":false},"excerpt":{"rendered":"<p data-start=\"2855\" data-end=\"2962\">Uchwyt Armor-X X20K na reling i kierownic\u0119 19\u201338 mm z systemem X-Mount TYPE-K do \u0142odzi, jacht\u00f3w i outdooru.<\/p>","protected":false},"featured_media":7861,"template":"","meta":{"_acf_changed":false},"product_brand":[],"product_cat":[1307,1309],"product_tag":[1316,1351,1336,1368,1369,1367,1338,1337,1365,1366,1340,1339,1345,1329,1371],"class_list":{"0":"post-7859","1":"product","2":"type-product","3":"status-publish","4":"has-post-thumbnail","6":"product_cat-armor-x","7":"product_cat-x-mount","8":"product_tag-armor-x","9":"product_tag-uchwyt-do-gopro","10":"product_tag-uchwyt-do-lodzi","11":"product_tag-uchwyt-do-motocykla","12":"product_tag-uchwyt-do-quada","13":"product_tag-uchwyt-do-roweru","14":"product_tag-uchwyt-marine","15":"product_tag-uchwyt-na-jacht","16":"product_tag-uchwyt-na-kierownice","17":"product_tag-uchwyt-na-reling","18":"product_tag-uchwyt-offroad","19":"product_tag-uchwyt-outdoor","20":"product_tag-uchwyt-rugged","21":"product_tag-uchwyt-x-mount","22":"product_tag-x20k","24":"first","25":"instock","26":"taxable","27":"shipping-taxable","28":"purchasable","29":"product-type-simple"},"acf":[],"yoast_head":"<!-- This site is optimized with the Yoast SEO plugin v25.2 - https:\/\/yoast.com\/wordpress\/plugins\/seo\/ -->\n<title>Uchwyt Armor-X. Na reling 19mm-38mm. Smartfon - Atana<\/title>\n<meta name=\"description\" content=\"Uchwyt Armor-X X20K na relingi i kierownice 19\u201338 mm do \u0142odzi, jacht\u00f3w i sport\u00f3w ekstremalnych z systemem X-Mount. Pasuje do wszystkich etui Armor-x typ K.\" \/>\n<meta name=\"robots\" content=\"index, follow, max-snippet:-1, max-image-preview:large, max-video-preview:-1\" \/>\n<link rel=\"canonical\" href=\"https:\/\/atana.pl\/en\/online-shop\/armor-x\/x-mount\/uchwyt-armor-x-na-reling-jachtu-i-kierownice\/\" \/>\n<meta property=\"og:locale\" content=\"en_GB\" \/>\n<meta property=\"og:type\" content=\"article\" \/>\n<meta property=\"og:title\" content=\"Uchwyt Armor-X. Na reling 19mm-38mm. Smartfon - Atana\" \/>\n<meta property=\"og:description\" content=\"Uchwyt Armor-X X20K na relingi i kierownice 19\u201338 mm do \u0142odzi, jacht\u00f3w i sport\u00f3w ekstremalnych z systemem X-Mount. Pasuje do wszystkich etui Armor-x typ K.\" \/>\n<meta property=\"og:url\" content=\"https:\/\/atana.pl\/en\/online-shop\/armor-x\/x-mount\/uchwyt-armor-x-na-reling-jachtu-i-kierownice\/\" \/>\n<meta property=\"og:site_name\" content=\"Atana\" \/>\n<meta property=\"article:publisher\" content=\"https:\/\/www.facebook.com\/atanayachts\" \/>\n<meta property=\"article:modified_time\" content=\"2026-01-15T11:29:22+00:00\" \/>\n<meta property=\"og:image\" content=\"https:\/\/atana.pl\/wp-content\/uploads\/1967\/01\/x20k_armorx-armor-bike-mount-roll-bar-mount-for-route-logging-gps-navigation-map-app_1_3-1.webp\" \/>\n\t<meta property=\"og:image:width\" content=\"1000\" \/>\n\t<meta property=\"og:image:height\" content=\"1000\" \/>\n\t<meta property=\"og:image:type\" content=\"image\/webp\" \/>\n<meta name=\"twitter:card\" content=\"summary_large_image\" \/>\n<meta name=\"twitter:label1\" content=\"Estimated reading time\" \/>\n\t<meta name=\"twitter:data1\" content=\"2 minutes\" \/>\n<script type=\"application\/ld+json\" class=\"yoast-schema-graph\">{\"@context\":\"https:\/\/schema.org\",\"@graph\":[{\"@type\":\"WebPage\",\"@id\":\"https:\/\/atana.pl\/sklep-on-line\/armor-x\/x-mount\/uchwyt-armor-x-na-reling-jachtu-i-kierownice\/\",\"url\":\"https:\/\/atana.pl\/sklep-on-line\/armor-x\/x-mount\/uchwyt-armor-x-na-reling-jachtu-i-kierownice\/\",\"name\":\"Uchwyt Armor-X. Na reling 19mm-38mm. Smartfon - Atana\",\"isPartOf\":{\"@id\":\"https:\/\/atana.pl\/#website\"},\"primaryImageOfPage\":{\"@id\":\"https:\/\/atana.pl\/sklep-on-line\/armor-x\/x-mount\/uchwyt-armor-x-na-reling-jachtu-i-kierownice\/#primaryimage\"},\"image\":{\"@id\":\"https:\/\/atana.pl\/sklep-on-line\/armor-x\/x-mount\/uchwyt-armor-x-na-reling-jachtu-i-kierownice\/#primaryimage\"},\"thumbnailUrl\":\"https:\/\/atana.pl\/wp-content\/uploads\/1967\/01\/x20k_armorx-armor-bike-mount-roll-bar-mount-for-route-logging-gps-navigation-map-app_1_3-1.webp\",\"datePublished\":\"2026-01-15T11:29:21+00:00\",\"dateModified\":\"2026-01-15T11:29:22+00:00\",\"description\":\"Uchwyt Armor-X X20K na relingi i kierownice 19\u201338 mm do \u0142odzi, jacht\u00f3w i sport\u00f3w ekstremalnych z systemem X-Mount. Pasuje do wszystkich etui Armor-x typ K.\",\"breadcrumb\":{\"@id\":\"https:\/\/atana.pl\/sklep-on-line\/armor-x\/x-mount\/uchwyt-armor-x-na-reling-jachtu-i-kierownice\/#breadcrumb\"},\"inLanguage\":\"en-GB\",\"potentialAction\":[{\"@type\":\"ReadAction\",\"target\":[\"https:\/\/atana.pl\/sklep-on-line\/armor-x\/x-mount\/uchwyt-armor-x-na-reling-jachtu-i-kierownice\/\"]}]},{\"@type\":\"ImageObject\",\"inLanguage\":\"en-GB\",\"@id\":\"https:\/\/atana.pl\/sklep-on-line\/armor-x\/x-mount\/uchwyt-armor-x-na-reling-jachtu-i-kierownice\/#primaryimage\",\"url\":\"https:\/\/atana.pl\/wp-content\/uploads\/1967\/01\/x20k_armorx-armor-bike-mount-roll-bar-mount-for-route-logging-gps-navigation-map-app_1_3-1.webp\",\"contentUrl\":\"https:\/\/atana.pl\/wp-content\/uploads\/1967\/01\/x20k_armorx-armor-bike-mount-roll-bar-mount-for-route-logging-gps-navigation-map-app_1_3-1.webp\",\"width\":1000,\"height\":1000,\"caption\":\"x20k armorx armor bike mount roll bar mount for route logging gps navigation map app 1 3 (1)\"},{\"@type\":\"BreadcrumbList\",\"@id\":\"https:\/\/atana.pl\/sklep-on-line\/armor-x\/x-mount\/uchwyt-armor-x-na-reling-jachtu-i-kierownice\/#breadcrumb\",\"itemListElement\":[{\"@type\":\"ListItem\",\"position\":1,\"name\":\"Strona g\u0142\u00f3wna\",\"item\":\"https:\/\/atana.pl\/\"},{\"@type\":\"ListItem\",\"position\":2,\"name\":\"Sklep on-line\",\"item\":\"https:\/\/atana.pl\/sklep-on-line\/\"},{\"@type\":\"ListItem\",\"position\":3,\"name\":\"Uchwyt Armor-X. Na reling 19mm-38mm. Smartfon\"}]},{\"@type\":\"WebSite\",\"@id\":\"https:\/\/atana.pl\/#website\",\"url\":\"https:\/\/atana.pl\/\",\"name\":\"Atana\",\"description\":\"Akcesoria do \u0142odzi, kamper\u00f3w i przyczep. \u0141odzie motorowe\",\"publisher\":{\"@id\":\"https:\/\/atana.pl\/#organization\"},\"potentialAction\":[{\"@type\":\"SearchAction\",\"target\":{\"@type\":\"EntryPoint\",\"urlTemplate\":\"https:\/\/atana.pl\/?s={search_term_string}\"},\"query-input\":{\"@type\":\"PropertyValueSpecification\",\"valueRequired\":true,\"valueName\":\"search_term_string\"}}],\"inLanguage\":\"en-GB\"},{\"@type\":\"Organization\",\"@id\":\"https:\/\/atana.pl\/#organization\",\"name\":\"Atana\",\"url\":\"https:\/\/atana.pl\/\",\"logo\":{\"@type\":\"ImageObject\",\"inLanguage\":\"en-GB\",\"@id\":\"https:\/\/atana.pl\/#\/schema\/logo\/image\/\",\"url\":\"\",\"contentUrl\":\"\",\"caption\":\"Atana\"},\"image\":{\"@id\":\"https:\/\/atana.pl\/#\/schema\/logo\/image\/\"},\"sameAs\":[\"https:\/\/www.facebook.com\/atanayachts\",\"https:\/\/www.instagram.com\/atanaboats\/\",\"https:\/\/www.youtube.com\/channel\/UClMMmVqqx17in9QzgxK90Mw\"]}]}<\/script>\n<!-- \/ Yoast SEO plugin. -->","yoast_head_json":{"title":"Uchwyt Armor-X. Na reling 19mm-38mm. Smartfon - Atana","description":"Uchwyt Armor-X X20K na relingi i kierownice 19\u201338 mm do \u0142odzi, jacht\u00f3w i sport\u00f3w ekstremalnych z systemem X-Mount. Pasuje do wszystkich etui Armor-x typ K.","robots":{"index":"index","follow":"follow","max-snippet":"max-snippet:-1","max-image-preview":"max-image-preview:large","max-video-preview":"max-video-preview:-1"},"canonical":"https:\/\/atana.pl\/en\/online-shop\/armor-x\/x-mount\/uchwyt-armor-x-na-reling-jachtu-i-kierownice\/","og_locale":"en_GB","og_type":"article","og_title":"Uchwyt Armor-X. Na reling 19mm-38mm. Smartfon - Atana","og_description":"Uchwyt Armor-X X20K na relingi i kierownice 19\u201338 mm do \u0142odzi, jacht\u00f3w i sport\u00f3w ekstremalnych z systemem X-Mount. Pasuje do wszystkich etui Armor-x typ K.","og_url":"https:\/\/atana.pl\/en\/online-shop\/armor-x\/x-mount\/uchwyt-armor-x-na-reling-jachtu-i-kierownice\/","og_site_name":"Atana","article_publisher":"https:\/\/www.facebook.com\/atanayachts","article_modified_time":"2026-01-15T11:29:22+00:00","og_image":[{"width":1000,"height":1000,"url":"https:\/\/atana.pl\/wp-content\/uploads\/1967\/01\/x20k_armorx-armor-bike-mount-roll-bar-mount-for-route-logging-gps-navigation-map-app_1_3-1.webp","type":"image\/webp"}],"twitter_card":"summary_large_image","twitter_misc":{"Estimated reading time":"2 minutes"},"schema":{"@context":"https:\/\/schema.org","@graph":[{"@type":"WebPage","@id":"https:\/\/atana.pl\/sklep-on-line\/armor-x\/x-mount\/uchwyt-armor-x-na-reling-jachtu-i-kierownice\/","url":"https:\/\/atana.pl\/sklep-on-line\/armor-x\/x-mount\/uchwyt-armor-x-na-reling-jachtu-i-kierownice\/","name":"Uchwyt Armor-X. Na reling 19mm-38mm. Smartfon - Atana","isPartOf":{"@id":"https:\/\/atana.pl\/#website"},"primaryImageOfPage":{"@id":"https:\/\/atana.pl\/sklep-on-line\/armor-x\/x-mount\/uchwyt-armor-x-na-reling-jachtu-i-kierownice\/#primaryimage"},"image":{"@id":"https:\/\/atana.pl\/sklep-on-line\/armor-x\/x-mount\/uchwyt-armor-x-na-reling-jachtu-i-kierownice\/#primaryimage"},"thumbnailUrl":"https:\/\/atana.pl\/wp-content\/uploads\/1967\/01\/x20k_armorx-armor-bike-mount-roll-bar-mount-for-route-logging-gps-navigation-map-app_1_3-1.webp","datePublished":"2026-01-15T11:29:21+00:00","dateModified":"2026-01-15T11:29:22+00:00","description":"Uchwyt Armor-X X20K na relingi i kierownice 19\u201338 mm do \u0142odzi, jacht\u00f3w i sport\u00f3w ekstremalnych z systemem X-Mount. Pasuje do wszystkich etui Armor-x typ K.","breadcrumb":{"@id":"https:\/\/atana.pl\/sklep-on-line\/armor-x\/x-mount\/uchwyt-armor-x-na-reling-jachtu-i-kierownice\/#breadcrumb"},"inLanguage":"en-GB","potentialAction":[{"@type":"ReadAction","target":["https:\/\/atana.pl\/sklep-on-line\/armor-x\/x-mount\/uchwyt-armor-x-na-reling-jachtu-i-kierownice\/"]}]},{"@type":"ImageObject","inLanguage":"en-GB","@id":"https:\/\/atana.pl\/sklep-on-line\/armor-x\/x-mount\/uchwyt-armor-x-na-reling-jachtu-i-kierownice\/#primaryimage","url":"https:\/\/atana.pl\/wp-content\/uploads\/1967\/01\/x20k_armorx-armor-bike-mount-roll-bar-mount-for-route-logging-gps-navigation-map-app_1_3-1.webp","contentUrl":"https:\/\/atana.pl\/wp-content\/uploads\/1967\/01\/x20k_armorx-armor-bike-mount-roll-bar-mount-for-route-logging-gps-navigation-map-app_1_3-1.webp","width":1000,"height":1000,"caption":"x20k armorx armor bike mount roll bar mount for route logging gps navigation map app 1 3 (1)"},{"@type":"BreadcrumbList","@id":"https:\/\/atana.pl\/sklep-on-line\/armor-x\/x-mount\/uchwyt-armor-x-na-reling-jachtu-i-kierownice\/#breadcrumb","itemListElement":[{"@type":"ListItem","position":1,"name":"Strona g\u0142\u00f3wna","item":"https:\/\/atana.pl\/"},{"@type":"ListItem","position":2,"name":"Sklep on-line","item":"https:\/\/atana.pl\/sklep-on-line\/"},{"@type":"ListItem","position":3,"name":"Uchwyt Armor-X. Na reling 19mm-38mm. Smartfon"}]},{"@type":"WebSite","@id":"https:\/\/atana.pl\/#website","url":"https:\/\/atana.pl\/","name":"Atana","description":"Akcesoria do \u0142odzi, kamper\u00f3w i przyczep. \u0141odzie motorowe","publisher":{"@id":"https:\/\/atana.pl\/#organization"},"potentialAction":[{"@type":"SearchAction","target":{"@type":"EntryPoint","urlTemplate":"https:\/\/atana.pl\/?s={search_term_string}"},"query-input":{"@type":"PropertyValueSpecification","valueRequired":true,"valueName":"search_term_string"}}],"inLanguage":"en-GB"},{"@type":"Organization","@id":"https:\/\/atana.pl\/#organization","name":"Atana","url":"https:\/\/atana.pl\/","logo":{"@type":"ImageObject","inLanguage":"en-GB","@id":"https:\/\/atana.pl\/#\/schema\/logo\/image\/","url":"","contentUrl":"","caption":"Atana"},"image":{"@id":"https:\/\/atana.pl\/#\/schema\/logo\/image\/"},"sameAs":["https:\/\/www.facebook.com\/atanayachts","https:\/\/www.instagram.com\/atanaboats\/","https:\/\/www.youtube.com\/channel\/UClMMmVqqx17in9QzgxK90Mw"]}]}},"_links":{"self":[{"href":"https:\/\/atana.pl\/en\/wp-json\/wp\/v2\/product\/7859","targetHints":{"allow":["GET"]}}],"collection":[{"href":"https:\/\/atana.pl\/en\/wp-json\/wp\/v2\/product"}],"about":[{"href":"https:\/\/atana.pl\/en\/wp-json\/wp\/v2\/types\/product"}],"wp:featuredmedia":[{"embeddable":true,"href":"https:\/\/atana.pl\/en\/wp-json\/wp\/v2\/media\/7861"}],"wp:attachment":[{"href":"https:\/\/atana.pl\/en\/wp-json\/wp\/v2\/media?parent=7859"}],"wp:term":[{"taxonomy":"product_brand","embeddable":true,"href":"https:\/\/atana.pl\/en\/wp-json\/wp\/v2\/product_brand?post=7859"},{"taxonomy":"product_cat","embeddable":true,"href":"https:\/\/atana.pl\/en\/wp-json\/wp\/v2\/product_cat?post=7859"},{"taxonomy":"product_tag","embeddable":true,"href":"https:\/\/atana.pl\/en\/wp-json\/wp\/v2\/product_tag?post=7859"}],"curies":[{"name":"wp","href":"https:\/\/api.w.org\/{rel}","templated":true}]}}