{"id":7846,"date":"2026-01-15T12:05:32","date_gmt":"2026-01-15T11:05:32","guid":{"rendered":"https:\/\/atana.pl\/?post_type=product&#038;p=7846"},"modified":"2026-01-15T12:59:13","modified_gmt":"2026-01-15T11:59:13","slug":"uchwyt-armor-x-ne-reling-kierownice-rure-smartfon","status":"publish","type":"product","link":"https:\/\/atana.pl\/en\/online-shop\/armor-x\/x-mount\/uchwyt-armor-x-ne-reling-kierownice-rure-smartfon\/","title":{"rendered":"Uchwyt Armor-X. Na reling, kierownic\u0119, rur\u0119 24 mm\u201328 mm. Smartfon"},"content":{"rendered":"<h1 data-start=\"112\" data-end=\"200\">\u2693 Armor-X X69K \u2013 uchwyt na reling i kierownic\u0119 24\u201328 mm z szybkoz\u0142\u0105czk\u0105 X-Mount TYPE-K<\/h1>\n<p data-start=\"220\" data-end=\"587\"><strong data-start=\"220\" data-end=\"265\">Armor-X X69K Bar Mount with Quick Release<\/strong> to <strong data-start=\"269\" data-end=\"303\">wytrzyma\u0142y uchwyt klasy rugged<\/strong>, zaprojektowany do mocowania smartfon\u00f3w w etui Armor-X z systemem <strong data-start=\"370\" data-end=\"390\">ActiveKEY TYPE-K<\/strong> na rurach, relingach i kierownicach o \u015brednicy <strong data-start=\"438\" data-end=\"450\">24\u201328 mm<\/strong>. Doskonale sprawdza si\u0119 na <strong data-start=\"478\" data-end=\"586\">\u0142odziach motorowych, jachtach, skuterach wodnych, rowerach, motocyklach, quadach oraz pojazdach off-road<\/strong>.<\/p>\n<p data-start=\"589\" data-end=\"615\">To idealne rozwi\u0105zanie do:<\/p>\n<ul data-start=\"616\" data-end=\"782\">\n<li data-start=\"616\" data-end=\"655\">\n<p data-start=\"618\" data-end=\"655\"><strong data-start=\"618\" data-end=\"655\">nawigacji morskiej i samochodowej<\/strong><\/p>\n<\/li>\n<li data-start=\"656\" data-end=\"704\">\n<p data-start=\"658\" data-end=\"704\"><strong data-start=\"658\" data-end=\"704\">nagrywania sport\u00f3w wodnych i ekstremalnych<\/strong><\/p>\n<\/li>\n<li data-start=\"705\" data-end=\"749\">\n<p data-start=\"707\" data-end=\"749\"><strong data-start=\"707\" data-end=\"749\">turystyki wodnej i wypraw outdoorowych<\/strong><\/p>\n<\/li>\n<li data-start=\"750\" data-end=\"782\">\n<p data-start=\"752\" data-end=\"782\"><strong data-start=\"752\" data-end=\"782\">pracy w terenie i serwisie<\/strong><\/p>\n<\/li>\n<\/ul>\n<hr data-start=\"784\" data-end=\"787\" \/>\n<h2 data-start=\"789\" data-end=\"824\">Szybki monta\u017c i pe\u0142na stabilno\u015b\u0107<\/h2>\n<p data-start=\"826\" data-end=\"885\">Thanks to <strong data-start=\"833\" data-end=\"876\">zawiasowej, antypo\u015blizgowej konstrukcji<\/strong>, uchwyt:<\/p>\n<ul data-start=\"886\" data-end=\"1015\">\n<li data-start=\"886\" data-end=\"916\">\n<p data-start=\"888\" data-end=\"916\">zak\u0142ada si\u0119 w kilka sekund<\/p>\n<\/li>\n<li data-start=\"917\" data-end=\"952\">\n<p data-start=\"919\" data-end=\"952\">pewnie obejmuje relingi i rurki<\/p>\n<\/li>\n<li data-start=\"953\" data-end=\"1015\">\n<p data-start=\"955\" data-end=\"1015\">nie rysuje powierzchni i nie przesuwa si\u0119 podczas wibracji<\/p>\n<\/li>\n<\/ul>\n<p data-start=\"1017\" data-end=\"1119\">Solidna konstrukcja redukuje <strong data-start=\"1046\" data-end=\"1084\">drgania, wstrz\u0105sy i drgania kamery<\/strong>, co ma kluczowe znaczenie podczas:<\/p>\n<ul data-start=\"1120\" data-end=\"1176\">\n<li data-start=\"1120\" data-end=\"1139\">\n<p data-start=\"1122\" data-end=\"1139\">jazdy po falach<\/p>\n<\/li>\n<li data-start=\"1140\" data-end=\"1153\">\n<p data-start=\"1142\" data-end=\"1153\">off-roadu<\/p>\n<\/li>\n<li data-start=\"1154\" data-end=\"1176\">\n<p data-start=\"1156\" data-end=\"1176\">sport\u00f3w motorowych<\/p>\n<\/li>\n<\/ul>\n<hr data-start=\"1178\" data-end=\"1181\" \/>\n<h2 data-start=\"1183\" data-end=\"1206\">Pe\u0142na regulacja 360\u00b0<\/h2>\n<p data-start=\"1208\" data-end=\"1277\">Obrotowa podstawa z <strong data-start=\"1228\" data-end=\"1266\">16 stabilnymi pozycjami blokowania<\/strong> umo\u017cliwia:<\/p>\n<ul data-start=\"1278\" data-end=\"1380\">\n<li data-start=\"1278\" data-end=\"1314\">\n<p data-start=\"1280\" data-end=\"1314\">idealne ustawienie k\u0105ta widzenia<\/p>\n<\/li>\n<li data-start=\"1315\" data-end=\"1345\">\n<p data-start=\"1317\" data-end=\"1345\">szybkie zmiany perspektywy<\/p>\n<\/li>\n<li data-start=\"1346\" data-end=\"1380\">\n<p data-start=\"1348\" data-end=\"1380\">nagrywanie w pionie i poziomie<\/p>\n<\/li>\n<\/ul>\n<p data-start=\"1382\" data-end=\"1426\">Dzi\u0119ki temu uchwyt \u015bwietnie sprawdza si\u0119 do:<\/p>\n<ul data-start=\"1427\" data-end=\"1511\">\n<li data-start=\"1427\" data-end=\"1443\">\n<p data-start=\"1429\" data-end=\"1443\">map morskich<\/p>\n<\/li>\n<li data-start=\"1444\" data-end=\"1461\">\n<p data-start=\"1446\" data-end=\"1461\">nawigacji GPS<\/p>\n<\/li>\n<li data-start=\"1462\" data-end=\"1482\">\n<p data-start=\"1464\" data-end=\"1482\">nagrywania wideo<\/p>\n<\/li>\n<li data-start=\"1483\" data-end=\"1511\">\n<p data-start=\"1485\" data-end=\"1511\">kamer akcji i smartfon\u00f3w<\/p>\n<\/li>\n<\/ul>\n<hr data-start=\"1513\" data-end=\"1516\" \/>\n<h2 data-start=\"1518\" data-end=\"1558\">System Quick Release + X-Mount TYPE-K<\/h2>\n<p data-start=\"1560\" data-end=\"1585\">Uchwyt wyposa\u017cony jest w:<\/p>\n<ul data-start=\"1586\" data-end=\"1835\">\n<li data-start=\"1586\" data-end=\"1697\">\n<p data-start=\"1588\" data-end=\"1697\"><strong data-start=\"1588\" data-end=\"1619\">szybkoz\u0142\u0105czk\u0119 Quick Release<\/strong>, kt\u00f3ra pozwala w kilka sekund przenie\u015b\u0107 urz\u0105dzenie mi\u0119dzy r\u00f3\u017cnymi uchwytami<\/p>\n<\/li>\n<li data-start=\"1698\" data-end=\"1835\">\n<p data-start=\"1700\" data-end=\"1835\"><strong data-start=\"1700\" data-end=\"1750\">opatentowany magnetyczny system X-Mount TYPE-K<\/strong>, zapewniaj\u0105cy pewne, samocentruj\u0105ce i bezpieczne mocowanie telefonu w etui Armor-X<\/p>\n<\/li>\n<\/ul>\n<p data-start=\"1837\" data-end=\"1868\">Brak lu\u017anych element\u00f3w oznacza:<\/p>\n<ul data-start=\"1869\" data-end=\"1932\">\n<li data-start=\"1869\" data-end=\"1901\">\n<p data-start=\"1871\" data-end=\"1901\">brak ryzyka zgubienia cz\u0119\u015bci<\/p>\n<\/li>\n<li data-start=\"1902\" data-end=\"1932\">\n<p data-start=\"1904\" data-end=\"1932\">wi\u0119ksz\u0105 trwa\u0142o\u015b\u0107 w terenie<\/p>\n<\/li>\n<\/ul>\n<hr data-start=\"1934\" data-end=\"1937\" \/>\n<h2 data-start=\"1939\" data-end=\"1953\">Idealny do:<\/h2>\n<ul data-start=\"1955\" data-end=\"2144\">\n<li data-start=\"1955\" data-end=\"1986\">\n<p data-start=\"1957\" data-end=\"1986\">\u0141odzi motorowych i jacht\u00f3w.<\/p>\n<\/li>\n<li data-start=\"1987\" data-end=\"2008\">\n<p data-start=\"1989\" data-end=\"2008\">Skuter\u00f3w wodnych.<\/p>\n<\/li>\n<li data-start=\"2009\" data-end=\"2041\">\n<p data-start=\"2011\" data-end=\"2041\">Rower\u00f3w, motocykli i quad\u00f3w.<\/p>\n<\/li>\n<li data-start=\"2042\" data-end=\"2071\">\n<p data-start=\"2044\" data-end=\"2071\">Off-roadu i overlandingu.<\/p>\n<\/li>\n<li data-start=\"2072\" data-end=\"2108\">\n<p data-start=\"2074\" data-end=\"2108\">Sport\u00f3w wodnych i ekstremalnych.<\/p>\n<\/li>\n<li data-start=\"2109\" data-end=\"2144\">\n<p data-start=\"2111\" data-end=\"2144\">Turystyki outdoorowej i wypraw.<\/p>\n<\/li>\n<\/ul>","protected":false},"excerpt":{"rendered":"<p>Uchwyt Armor-X X69K na relingi i kierownice 24\u201328 mm z szybkoz\u0142\u0105czk\u0105 i systemem X-Mount TYPE-K do zastosowa\u0144 marine i outdoor.<\/p>","protected":false},"featured_media":7847,"template":"","meta":{"_acf_changed":false},"product_brand":[],"product_cat":[1307,1309],"product_tag":[1316,1370,1336,1368,1369,1367,1338,1337,1365,1366,1340,1345,1329,1364],"class_list":{"0":"post-7846","1":"product","2":"type-product","3":"status-publish","4":"has-post-thumbnail","6":"product_cat-armor-x","7":"product_cat-x-mount","8":"product_tag-armor-x","9":"product_tag-quick-release-mount","10":"product_tag-uchwyt-do-lodzi","11":"product_tag-uchwyt-do-motocykla","12":"product_tag-uchwyt-do-quada","13":"product_tag-uchwyt-do-roweru","14":"product_tag-uchwyt-marine","15":"product_tag-uchwyt-na-jacht","16":"product_tag-uchwyt-na-kierownice","17":"product_tag-uchwyt-na-reling","18":"product_tag-uchwyt-offroad","19":"product_tag-uchwyt-rugged","20":"product_tag-uchwyt-x-mount","21":"product_tag-x69k","23":"first","24":"instock","25":"taxable","26":"shipping-taxable","27":"purchasable","28":"product-type-simple"},"acf":[],"yoast_head":"<!-- This site is optimized with the Yoast SEO plugin v25.2 - https:\/\/yoast.com\/wordpress\/plugins\/seo\/ -->\n<title>Uchwyt Armor-X. Na reling, kierownic\u0119, rur\u0119 24 mm\u201328 mm. Smartfon - Atana<\/title>\n<meta name=\"description\" content=\"Uchwyt Armor-X X69K na relingi i kierownice 24\u201328 mm. Idealny do \u0142odzi, jacht\u00f3w, off-roadu i sport\u00f3w ekstremalnych. Sporty rowerowe.\" \/>\n<meta name=\"robots\" content=\"index, follow, max-snippet:-1, max-image-preview:large, max-video-preview:-1\" \/>\n<link rel=\"canonical\" href=\"https:\/\/atana.pl\/en\/online-shop\/armor-x\/x-mount\/uchwyt-armor-x-ne-reling-kierownice-rure-smartfon\/\" \/>\n<meta property=\"og:locale\" content=\"en_GB\" \/>\n<meta property=\"og:type\" content=\"article\" \/>\n<meta property=\"og:title\" content=\"Uchwyt Armor-X. Na reling, kierownic\u0119, rur\u0119 24 mm\u201328 mm. Smartfon - Atana\" \/>\n<meta property=\"og:description\" content=\"Uchwyt Armor-X X69K na relingi i kierownice 24\u201328 mm. Idealny do \u0142odzi, jacht\u00f3w, off-roadu i sport\u00f3w ekstremalnych. Sporty rowerowe.\" \/>\n<meta property=\"og:url\" content=\"https:\/\/atana.pl\/en\/online-shop\/armor-x\/x-mount\/uchwyt-armor-x-ne-reling-kierownice-rure-smartfon\/\" \/>\n<meta property=\"og:site_name\" content=\"Atana\" \/>\n<meta property=\"article:publisher\" content=\"https:\/\/www.facebook.com\/atanayachts\" \/>\n<meta property=\"article:modified_time\" content=\"2026-01-15T11:59:13+00:00\" \/>\n<meta property=\"og:image\" content=\"https:\/\/atana.pl\/wp-content\/uploads\/1967\/01\/small-quick-release-tube-mount-gopro-large-tube-mount-roll-bars-pipes-gopro-mount-1a_1.webp\" \/>\n\t<meta property=\"og:image:width\" content=\"1000\" \/>\n\t<meta property=\"og:image:height\" content=\"1000\" \/>\n\t<meta property=\"og:image:type\" content=\"image\/webp\" \/>\n<meta name=\"twitter:card\" content=\"summary_large_image\" \/>\n<meta name=\"twitter:label1\" content=\"Estimated reading time\" \/>\n\t<meta name=\"twitter:data1\" content=\"1 minute\" \/>\n<script type=\"application\/ld+json\" class=\"yoast-schema-graph\">{\"@context\":\"https:\/\/schema.org\",\"@graph\":[{\"@type\":\"WebPage\",\"@id\":\"https:\/\/atana.pl\/sklep-on-line\/armor-x\/x-mount\/uchwyt-armor-x-ne-reling-kierownice-rure-smartfon\/\",\"url\":\"https:\/\/atana.pl\/sklep-on-line\/armor-x\/x-mount\/uchwyt-armor-x-ne-reling-kierownice-rure-smartfon\/\",\"name\":\"Uchwyt Armor-X. Na reling, kierownic\u0119, rur\u0119 24 mm\u201328 mm. Smartfon - Atana\",\"isPartOf\":{\"@id\":\"https:\/\/atana.pl\/#website\"},\"primaryImageOfPage\":{\"@id\":\"https:\/\/atana.pl\/sklep-on-line\/armor-x\/x-mount\/uchwyt-armor-x-ne-reling-kierownice-rure-smartfon\/#primaryimage\"},\"image\":{\"@id\":\"https:\/\/atana.pl\/sklep-on-line\/armor-x\/x-mount\/uchwyt-armor-x-ne-reling-kierownice-rure-smartfon\/#primaryimage\"},\"thumbnailUrl\":\"https:\/\/atana.pl\/wp-content\/uploads\/1967\/01\/small-quick-release-tube-mount-gopro-large-tube-mount-roll-bars-pipes-gopro-mount-1a_1.webp\",\"datePublished\":\"2026-01-15T11:05:32+00:00\",\"dateModified\":\"2026-01-15T11:59:13+00:00\",\"description\":\"Uchwyt Armor-X X69K na relingi i kierownice 24\u201328 mm. Idealny do \u0142odzi, jacht\u00f3w, off-roadu i sport\u00f3w ekstremalnych. Sporty rowerowe.\",\"breadcrumb\":{\"@id\":\"https:\/\/atana.pl\/sklep-on-line\/armor-x\/x-mount\/uchwyt-armor-x-ne-reling-kierownice-rure-smartfon\/#breadcrumb\"},\"inLanguage\":\"en-GB\",\"potentialAction\":[{\"@type\":\"ReadAction\",\"target\":[\"https:\/\/atana.pl\/sklep-on-line\/armor-x\/x-mount\/uchwyt-armor-x-ne-reling-kierownice-rure-smartfon\/\"]}]},{\"@type\":\"ImageObject\",\"inLanguage\":\"en-GB\",\"@id\":\"https:\/\/atana.pl\/sklep-on-line\/armor-x\/x-mount\/uchwyt-armor-x-ne-reling-kierownice-rure-smartfon\/#primaryimage\",\"url\":\"https:\/\/atana.pl\/wp-content\/uploads\/1967\/01\/small-quick-release-tube-mount-gopro-large-tube-mount-roll-bars-pipes-gopro-mount-1a_1.webp\",\"contentUrl\":\"https:\/\/atana.pl\/wp-content\/uploads\/1967\/01\/small-quick-release-tube-mount-gopro-large-tube-mount-roll-bars-pipes-gopro-mount-1a_1.webp\",\"width\":1000,\"height\":1000,\"caption\":\"small quick release tube mount gopro large tube mount roll bars pipes gopro mount 1a 1\"},{\"@type\":\"BreadcrumbList\",\"@id\":\"https:\/\/atana.pl\/sklep-on-line\/armor-x\/x-mount\/uchwyt-armor-x-ne-reling-kierownice-rure-smartfon\/#breadcrumb\",\"itemListElement\":[{\"@type\":\"ListItem\",\"position\":1,\"name\":\"Strona g\u0142\u00f3wna\",\"item\":\"https:\/\/atana.pl\/\"},{\"@type\":\"ListItem\",\"position\":2,\"name\":\"Sklep on-line\",\"item\":\"https:\/\/atana.pl\/sklep-on-line\/\"},{\"@type\":\"ListItem\",\"position\":3,\"name\":\"Uchwyt Armor-X. Na reling, kierownic\u0119, rur\u0119 24 mm\u201328 mm. Smartfon\"}]},{\"@type\":\"WebSite\",\"@id\":\"https:\/\/atana.pl\/#website\",\"url\":\"https:\/\/atana.pl\/\",\"name\":\"Atana\",\"description\":\"Akcesoria do \u0142odzi, kamper\u00f3w i przyczep. \u0141odzie motorowe\",\"publisher\":{\"@id\":\"https:\/\/atana.pl\/#organization\"},\"potentialAction\":[{\"@type\":\"SearchAction\",\"target\":{\"@type\":\"EntryPoint\",\"urlTemplate\":\"https:\/\/atana.pl\/?s={search_term_string}\"},\"query-input\":{\"@type\":\"PropertyValueSpecification\",\"valueRequired\":true,\"valueName\":\"search_term_string\"}}],\"inLanguage\":\"en-GB\"},{\"@type\":\"Organization\",\"@id\":\"https:\/\/atana.pl\/#organization\",\"name\":\"Atana\",\"url\":\"https:\/\/atana.pl\/\",\"logo\":{\"@type\":\"ImageObject\",\"inLanguage\":\"en-GB\",\"@id\":\"https:\/\/atana.pl\/#\/schema\/logo\/image\/\",\"url\":\"\",\"contentUrl\":\"\",\"caption\":\"Atana\"},\"image\":{\"@id\":\"https:\/\/atana.pl\/#\/schema\/logo\/image\/\"},\"sameAs\":[\"https:\/\/www.facebook.com\/atanayachts\",\"https:\/\/www.instagram.com\/atanaboats\/\",\"https:\/\/www.youtube.com\/channel\/UClMMmVqqx17in9QzgxK90Mw\"]}]}<\/script>\n<!-- \/ Yoast SEO plugin. -->","yoast_head_json":{"title":"Uchwyt Armor-X. Na reling, kierownic\u0119, rur\u0119 24 mm\u201328 mm. Smartfon - Atana","description":"Uchwyt Armor-X X69K na relingi i kierownice 24\u201328 mm. Idealny do \u0142odzi, jacht\u00f3w, off-roadu i sport\u00f3w ekstremalnych. Sporty rowerowe.","robots":{"index":"index","follow":"follow","max-snippet":"max-snippet:-1","max-image-preview":"max-image-preview:large","max-video-preview":"max-video-preview:-1"},"canonical":"https:\/\/atana.pl\/en\/online-shop\/armor-x\/x-mount\/uchwyt-armor-x-ne-reling-kierownice-rure-smartfon\/","og_locale":"en_GB","og_type":"article","og_title":"Uchwyt Armor-X. Na reling, kierownic\u0119, rur\u0119 24 mm\u201328 mm. Smartfon - Atana","og_description":"Uchwyt Armor-X X69K na relingi i kierownice 24\u201328 mm. Idealny do \u0142odzi, jacht\u00f3w, off-roadu i sport\u00f3w ekstremalnych. Sporty rowerowe.","og_url":"https:\/\/atana.pl\/en\/online-shop\/armor-x\/x-mount\/uchwyt-armor-x-ne-reling-kierownice-rure-smartfon\/","og_site_name":"Atana","article_publisher":"https:\/\/www.facebook.com\/atanayachts","article_modified_time":"2026-01-15T11:59:13+00:00","og_image":[{"width":1000,"height":1000,"url":"https:\/\/atana.pl\/wp-content\/uploads\/1967\/01\/small-quick-release-tube-mount-gopro-large-tube-mount-roll-bars-pipes-gopro-mount-1a_1.webp","type":"image\/webp"}],"twitter_card":"summary_large_image","twitter_misc":{"Estimated reading time":"1 minute"},"schema":{"@context":"https:\/\/schema.org","@graph":[{"@type":"WebPage","@id":"https:\/\/atana.pl\/sklep-on-line\/armor-x\/x-mount\/uchwyt-armor-x-ne-reling-kierownice-rure-smartfon\/","url":"https:\/\/atana.pl\/sklep-on-line\/armor-x\/x-mount\/uchwyt-armor-x-ne-reling-kierownice-rure-smartfon\/","name":"Uchwyt Armor-X. Na reling, kierownic\u0119, rur\u0119 24 mm\u201328 mm. Smartfon - Atana","isPartOf":{"@id":"https:\/\/atana.pl\/#website"},"primaryImageOfPage":{"@id":"https:\/\/atana.pl\/sklep-on-line\/armor-x\/x-mount\/uchwyt-armor-x-ne-reling-kierownice-rure-smartfon\/#primaryimage"},"image":{"@id":"https:\/\/atana.pl\/sklep-on-line\/armor-x\/x-mount\/uchwyt-armor-x-ne-reling-kierownice-rure-smartfon\/#primaryimage"},"thumbnailUrl":"https:\/\/atana.pl\/wp-content\/uploads\/1967\/01\/small-quick-release-tube-mount-gopro-large-tube-mount-roll-bars-pipes-gopro-mount-1a_1.webp","datePublished":"2026-01-15T11:05:32+00:00","dateModified":"2026-01-15T11:59:13+00:00","description":"Uchwyt Armor-X X69K na relingi i kierownice 24\u201328 mm. Idealny do \u0142odzi, jacht\u00f3w, off-roadu i sport\u00f3w ekstremalnych. Sporty rowerowe.","breadcrumb":{"@id":"https:\/\/atana.pl\/sklep-on-line\/armor-x\/x-mount\/uchwyt-armor-x-ne-reling-kierownice-rure-smartfon\/#breadcrumb"},"inLanguage":"en-GB","potentialAction":[{"@type":"ReadAction","target":["https:\/\/atana.pl\/sklep-on-line\/armor-x\/x-mount\/uchwyt-armor-x-ne-reling-kierownice-rure-smartfon\/"]}]},{"@type":"ImageObject","inLanguage":"en-GB","@id":"https:\/\/atana.pl\/sklep-on-line\/armor-x\/x-mount\/uchwyt-armor-x-ne-reling-kierownice-rure-smartfon\/#primaryimage","url":"https:\/\/atana.pl\/wp-content\/uploads\/1967\/01\/small-quick-release-tube-mount-gopro-large-tube-mount-roll-bars-pipes-gopro-mount-1a_1.webp","contentUrl":"https:\/\/atana.pl\/wp-content\/uploads\/1967\/01\/small-quick-release-tube-mount-gopro-large-tube-mount-roll-bars-pipes-gopro-mount-1a_1.webp","width":1000,"height":1000,"caption":"small quick release tube mount gopro large tube mount roll bars pipes gopro mount 1a 1"},{"@type":"BreadcrumbList","@id":"https:\/\/atana.pl\/sklep-on-line\/armor-x\/x-mount\/uchwyt-armor-x-ne-reling-kierownice-rure-smartfon\/#breadcrumb","itemListElement":[{"@type":"ListItem","position":1,"name":"Strona g\u0142\u00f3wna","item":"https:\/\/atana.pl\/"},{"@type":"ListItem","position":2,"name":"Sklep on-line","item":"https:\/\/atana.pl\/sklep-on-line\/"},{"@type":"ListItem","position":3,"name":"Uchwyt Armor-X. Na reling, kierownic\u0119, rur\u0119 24 mm\u201328 mm. Smartfon"}]},{"@type":"WebSite","@id":"https:\/\/atana.pl\/#website","url":"https:\/\/atana.pl\/","name":"Atana","description":"Akcesoria do \u0142odzi, kamper\u00f3w i przyczep. \u0141odzie motorowe","publisher":{"@id":"https:\/\/atana.pl\/#organization"},"potentialAction":[{"@type":"SearchAction","target":{"@type":"EntryPoint","urlTemplate":"https:\/\/atana.pl\/?s={search_term_string}"},"query-input":{"@type":"PropertyValueSpecification","valueRequired":true,"valueName":"search_term_string"}}],"inLanguage":"en-GB"},{"@type":"Organization","@id":"https:\/\/atana.pl\/#organization","name":"Atana","url":"https:\/\/atana.pl\/","logo":{"@type":"ImageObject","inLanguage":"en-GB","@id":"https:\/\/atana.pl\/#\/schema\/logo\/image\/","url":"","contentUrl":"","caption":"Atana"},"image":{"@id":"https:\/\/atana.pl\/#\/schema\/logo\/image\/"},"sameAs":["https:\/\/www.facebook.com\/atanayachts","https:\/\/www.instagram.com\/atanaboats\/","https:\/\/www.youtube.com\/channel\/UClMMmVqqx17in9QzgxK90Mw"]}]}},"_links":{"self":[{"href":"https:\/\/atana.pl\/en\/wp-json\/wp\/v2\/product\/7846","targetHints":{"allow":["GET"]}}],"collection":[{"href":"https:\/\/atana.pl\/en\/wp-json\/wp\/v2\/product"}],"about":[{"href":"https:\/\/atana.pl\/en\/wp-json\/wp\/v2\/types\/product"}],"wp:featuredmedia":[{"embeddable":true,"href":"https:\/\/atana.pl\/en\/wp-json\/wp\/v2\/media\/7847"}],"wp:attachment":[{"href":"https:\/\/atana.pl\/en\/wp-json\/wp\/v2\/media?parent=7846"}],"wp:term":[{"taxonomy":"product_brand","embeddable":true,"href":"https:\/\/atana.pl\/en\/wp-json\/wp\/v2\/product_brand?post=7846"},{"taxonomy":"product_cat","embeddable":true,"href":"https:\/\/atana.pl\/en\/wp-json\/wp\/v2\/product_cat?post=7846"},{"taxonomy":"product_tag","embeddable":true,"href":"https:\/\/atana.pl\/en\/wp-json\/wp\/v2\/product_tag?post=7846"}],"curies":[{"name":"wp","href":"https:\/\/api.w.org\/{rel}","templated":true}]}}