{"id":7838,"date":"2026-01-15T11:51:19","date_gmt":"2026-01-15T10:51:19","guid":{"rendered":"https:\/\/atana.pl\/?post_type=product&#038;p=7838"},"modified":"2026-01-15T12:28:13","modified_gmt":"2026-01-15T11:28:13","slug":"uchwyt-armor-x-na-reling-35mm-63mm","status":"publish","type":"product","link":"https:\/\/atana.pl\/en\/online-shop\/armor-x\/x-mount\/uchwyt-armor-x-na-reling-35mm-63mm\/","title":{"rendered":"Uchwyt Armor-X. Na reling 35mm-63mm. Smartfon"},"content":{"rendered":"<h1 data-start=\"569\" data-end=\"631\">\u2693 Armor-X X67K \u2013 Uchwyt na reling | TYPE-K do ActiveKEY<\/h1>\n<p data-start=\"651\" data-end=\"893\"><strong data-start=\"651\" data-end=\"688\">Armor-X X67K Uchwyt na reling lub rur\u0119 35-63<\/strong> to <strong data-start=\"692\" data-end=\"736\">wytrzyma\u0142y uchwyt monta\u017cowy klasy rugged<\/strong>, przeznaczony do instalowania telefon\u00f3w w etui Armor-X z systemem <strong data-start=\"803\" data-end=\"823\">ActiveKEY TYPE-K<\/strong> na rurach, relingach, barierkach i uchwytach o \u015brednicy <strong data-start=\"880\" data-end=\"892\">35\u201363 mm<\/strong>.<\/p>\n<p data-start=\"895\" data-end=\"1221\">Ten solidny uchwyt jest idealny do zastosowa\u0144 w <strong data-start=\"943\" data-end=\"1001\">\u017ceglarstwie, turystyce wodnej i na \u0142odziach \/ jachtach<\/strong>, a tak\u017ce w <strong data-start=\"1013\" data-end=\"1105\">pojazdach terenowych, kamperach, rowerach, quadach oraz przemys\u0142owych \u015brodowiskach pracy<\/strong>. Uchwyt zapewnia stabilne mocowanie urz\u0105dzenia nawet podczas <strong data-start=\"1167\" data-end=\"1220\">falowania, wibracji silnika czy dynamicznej jazdy<\/strong>.<\/p>\n<hr data-start=\"1223\" data-end=\"1226\" \/>\n<h2 data-start=\"1228\" data-end=\"1273\">Stabilno\u015b\u0107 i odporno\u015b\u0107 w ka\u017cdych warunkach<\/h2>\n<p data-start=\"1275\" data-end=\"1501\">Uchwyt Armor-X X67K jest wykonany z trwa\u0142ych materia\u0142\u00f3w o wysokiej odporno\u015bci na <strong data-start=\"1356\" data-end=\"1395\">korozj\u0119, warunki morskie i wstrz\u0105sy<\/strong>.<br data-start=\"1396\" data-end=\"1399\" \/>Dzi\u0119ki regulowanemu mocowaniu na relingach i rurkach od <strong data-start=\"1455\" data-end=\"1473\">35 mm do 63 mm<\/strong>, idealnie dopasujesz go do:<\/p>\n<ul data-start=\"1502\" data-end=\"1639\">\n<li data-start=\"1502\" data-end=\"1545\">\n<p data-start=\"1504\" data-end=\"1545\">reling\u00f3w pok\u0142adowych na \u0142odzi i jachcie<\/p>\n<\/li>\n<li data-start=\"1546\" data-end=\"1603\">\n<p data-start=\"1548\" data-end=\"1603\">barierek i uchwyt\u00f3w w kamperze, busie lub samochodzie<\/p>\n<\/li>\n<li data-start=\"1604\" data-end=\"1639\">\n<p data-start=\"1606\" data-end=\"1639\">ram i konstrukcji off-roadowych<\/p>\n<\/li>\n<\/ul>\n<p data-start=\"1641\" data-end=\"1813\">To rozwi\u0105zanie dedykowane do pracy w warunkach <strong data-start=\"1688\" data-end=\"1723\">marine, outdoor i ekstremalnych<\/strong> \u2013 nawet tam, gdzie klasyczne uchwyty nie daj\u0105 rady.<\/p>\n<hr data-start=\"1815\" data-end=\"1818\" \/>\n<h2 data-start=\"1820\" data-end=\"1852\">System monta\u017cu X-Mount TYPE-K<\/h2>\n<p data-start=\"1854\" data-end=\"1945\">Produkt wykorzystuje opracowany przez Armor-X <strong data-start=\"1900\" data-end=\"1937\">magnetyczny system X-Mount TYPE-K<\/strong>, kt\u00f3ry:<\/p>\n<ul data-start=\"1946\" data-end=\"2147\">\n<li data-start=\"1946\" data-end=\"2026\">\n<p data-start=\"1948\" data-end=\"2026\"><strong data-start=\"1948\" data-end=\"1988\">bezpiecznie i pewnie blokuje telefon<\/strong> w Android\/iPhone w etui z ActiveKEY<\/p>\n<\/li>\n<li data-start=\"2027\" data-end=\"2089\">\n<p data-start=\"2029\" data-end=\"2089\">pozwala na <strong data-start=\"2040\" data-end=\"2087\">szybkie zak\u0142adanie i zdejmowanie urz\u0105dzenia<\/strong><\/p>\n<\/li>\n<li data-start=\"2090\" data-end=\"2147\">\n<p data-start=\"2092\" data-end=\"2147\">kompatybilny jest z ca\u0142ym ekosystemem mocowa\u0144 Armor-X<\/p>\n<\/li>\n<\/ul>\n<p data-start=\"2149\" data-end=\"2281\">Daje to \u0142atwe i stabilne rozwi\u0105zanie monta\u017cowe do nawigacji, GPS, map, aplikacji pracy i rozrywki \u2013 nawet w ekstremalnych warunkach.<\/p>\n<hr data-start=\"2283\" data-end=\"2286\" \/>\n<h2 data-start=\"2288\" data-end=\"2303\">Application<\/h2>\n<p data-start=\"2305\" data-end=\"2599\">\u2714 \u017beglarstwo i turystyka wodna \u2014 relingi jacht\u00f3w i \u0142odzi.<br data-start=\"2362\" data-end=\"2365\" \/>\u2714 \u0141odzie motorowe, kajaki, pontony.<br data-start=\"2400\" data-end=\"2403\" \/>\u2714 Off-road, MTB, rowery trekkingowe i ATV\/UTV.<br data-start=\"2449\" data-end=\"2452\" \/>\u2714 Kampery, busy, pojazdy serwisowe.<br data-start=\"2487\" data-end=\"2490\" \/>\u2714 Praca w terenie, przemys\u0142 i serwis.<br data-start=\"2527\" data-end=\"2530\" \/>\u2714 Sporty ekstremalne i outdoor.<\/p>\n<p data-start=\"2601\" data-end=\"2760\">Dzi\u0119ki solidnej konstrukcji uchwyt doskonale sprawdza si\u0119 wsz\u0119dzie tam, gdzie potrzebujesz <strong data-start=\"2692\" data-end=\"2738\">stabilnego, uniwersalnego monta\u017cu telefonu<\/strong> bez ryzyka uszkodze\u0144.<\/p>","protected":false},"excerpt":{"rendered":"<p data-start=\"3320\" data-end=\"3440\">Solidny uchwyt Armor-X X67K Handrail Mount 35-63mm do reling\u00f3w i barierek. Stabilne mocowanie telefonu z X-Mount TYPE-K.<\/p>","protected":false},"featured_media":7841,"template":"","meta":{"_acf_changed":false},"product_brand":[],"product_cat":[1307,1309],"product_tag":[1316,1363,1346,1360,1353,1336,1359,1358,1338,1337,1361,1339,1362,1345,1357],"class_list":{"0":"post-7838","1":"product","2":"type-product","3":"status-publish","4":"has-post-thumbnail","6":"product_cat-armor-x","7":"product_cat-x-mount","8":"product_tag-armor-x","9":"product_tag-armor-x-x-mount","10":"product_tag-uchwyt-do-auta","11":"product_tag-uchwyt-do-barierek","12":"product_tag-uchwyt-do-kampera","13":"product_tag-uchwyt-do-lodzi","14":"product_tag-uchwyt-do-relingu","15":"product_tag-uchwyt-handrail-mount","16":"product_tag-uchwyt-marine","17":"product_tag-uchwyt-na-jacht","18":"product_tag-uchwyt-na-rure","19":"product_tag-uchwyt-outdoor","20":"product_tag-uchwyt-rail-mount","21":"product_tag-uchwyt-rugged","22":"product_tag-x67k","24":"first","25":"instock","26":"taxable","27":"shipping-taxable","28":"purchasable","29":"product-type-simple"},"acf":[],"yoast_head":"<!-- This site is optimized with the Yoast SEO plugin v25.2 - https:\/\/yoast.com\/wordpress\/plugins\/seo\/ -->\n<title>Uchwyt Armor-X. Na reling 35mm-63mm. Smartfon - Atana<\/title>\n<meta name=\"description\" content=\"Uchwyt Armor-X X67K Handrail Mount 35-63mm do reling\u00f3w jacht\u00f3w i pojazd\u00f3w \u2013 stabilne mocowanie telefonu z systemem X-Mount TYPE-K.\" \/>\n<meta name=\"robots\" content=\"index, follow, max-snippet:-1, max-image-preview:large, max-video-preview:-1\" \/>\n<link rel=\"canonical\" href=\"https:\/\/atana.pl\/en\/online-shop\/armor-x\/x-mount\/uchwyt-armor-x-na-reling-35mm-63mm\/\" \/>\n<meta property=\"og:locale\" content=\"en_GB\" \/>\n<meta property=\"og:type\" content=\"article\" \/>\n<meta property=\"og:title\" content=\"Uchwyt Armor-X. Na reling 35mm-63mm. Smartfon - Atana\" \/>\n<meta property=\"og:description\" content=\"Uchwyt Armor-X X67K Handrail Mount 35-63mm do reling\u00f3w jacht\u00f3w i pojazd\u00f3w \u2013 stabilne mocowanie telefonu z systemem X-Mount TYPE-K.\" \/>\n<meta property=\"og:url\" content=\"https:\/\/atana.pl\/en\/online-shop\/armor-x\/x-mount\/uchwyt-armor-x-na-reling-35mm-63mm\/\" \/>\n<meta property=\"og:site_name\" content=\"Atana\" \/>\n<meta property=\"article:publisher\" content=\"https:\/\/www.facebook.com\/atanayachts\" \/>\n<meta property=\"article:modified_time\" content=\"2026-01-15T11:28:13+00:00\" \/>\n<meta property=\"og:image\" content=\"https:\/\/atana.pl\/wp-content\/uploads\/1967\/01\/x67k_armorx-armor-bike-mount-roll-bar-mount-for-route-logging-gps-navigation-map-app_35mm-63mm.png\" \/>\n\t<meta property=\"og:image:width\" content=\"1000\" \/>\n\t<meta property=\"og:image:height\" content=\"1000\" \/>\n\t<meta property=\"og:image:type\" content=\"image\/png\" \/>\n<meta name=\"twitter:card\" content=\"summary_large_image\" \/>\n<meta name=\"twitter:label1\" content=\"Estimated reading time\" \/>\n\t<meta name=\"twitter:data1\" content=\"1 minute\" \/>\n<script type=\"application\/ld+json\" class=\"yoast-schema-graph\">{\"@context\":\"https:\/\/schema.org\",\"@graph\":[{\"@type\":\"WebPage\",\"@id\":\"https:\/\/atana.pl\/sklep-on-line\/armor-x\/x-mount\/uchwyt-armor-x-na-reling-35mm-63mm\/\",\"url\":\"https:\/\/atana.pl\/sklep-on-line\/armor-x\/x-mount\/uchwyt-armor-x-na-reling-35mm-63mm\/\",\"name\":\"Uchwyt Armor-X. Na reling 35mm-63mm. Smartfon - Atana\",\"isPartOf\":{\"@id\":\"https:\/\/atana.pl\/#website\"},\"primaryImageOfPage\":{\"@id\":\"https:\/\/atana.pl\/sklep-on-line\/armor-x\/x-mount\/uchwyt-armor-x-na-reling-35mm-63mm\/#primaryimage\"},\"image\":{\"@id\":\"https:\/\/atana.pl\/sklep-on-line\/armor-x\/x-mount\/uchwyt-armor-x-na-reling-35mm-63mm\/#primaryimage\"},\"thumbnailUrl\":\"https:\/\/atana.pl\/wp-content\/uploads\/1967\/01\/x67k_armorx-armor-bike-mount-roll-bar-mount-for-route-logging-gps-navigation-map-app_35mm-63mm.png\",\"datePublished\":\"2026-01-15T10:51:19+00:00\",\"dateModified\":\"2026-01-15T11:28:13+00:00\",\"description\":\"Uchwyt Armor-X X67K Handrail Mount 35-63mm do reling\u00f3w jacht\u00f3w i pojazd\u00f3w \u2013 stabilne mocowanie telefonu z systemem X-Mount TYPE-K.\",\"breadcrumb\":{\"@id\":\"https:\/\/atana.pl\/sklep-on-line\/armor-x\/x-mount\/uchwyt-armor-x-na-reling-35mm-63mm\/#breadcrumb\"},\"inLanguage\":\"en-GB\",\"potentialAction\":[{\"@type\":\"ReadAction\",\"target\":[\"https:\/\/atana.pl\/sklep-on-line\/armor-x\/x-mount\/uchwyt-armor-x-na-reling-35mm-63mm\/\"]}]},{\"@type\":\"ImageObject\",\"inLanguage\":\"en-GB\",\"@id\":\"https:\/\/atana.pl\/sklep-on-line\/armor-x\/x-mount\/uchwyt-armor-x-na-reling-35mm-63mm\/#primaryimage\",\"url\":\"https:\/\/atana.pl\/wp-content\/uploads\/1967\/01\/x67k_armorx-armor-bike-mount-roll-bar-mount-for-route-logging-gps-navigation-map-app_35mm-63mm.png\",\"contentUrl\":\"https:\/\/atana.pl\/wp-content\/uploads\/1967\/01\/x67k_armorx-armor-bike-mount-roll-bar-mount-for-route-logging-gps-navigation-map-app_35mm-63mm.png\",\"width\":1000,\"height\":1000,\"caption\":\"x67k armorx armor bike mount roll bar mount for route logging gps navigation map app 35mm 63mm\"},{\"@type\":\"BreadcrumbList\",\"@id\":\"https:\/\/atana.pl\/sklep-on-line\/armor-x\/x-mount\/uchwyt-armor-x-na-reling-35mm-63mm\/#breadcrumb\",\"itemListElement\":[{\"@type\":\"ListItem\",\"position\":1,\"name\":\"Strona g\u0142\u00f3wna\",\"item\":\"https:\/\/atana.pl\/\"},{\"@type\":\"ListItem\",\"position\":2,\"name\":\"Sklep on-line\",\"item\":\"https:\/\/atana.pl\/sklep-on-line\/\"},{\"@type\":\"ListItem\",\"position\":3,\"name\":\"Uchwyt Armor-X. Na reling 35mm-63mm. Smartfon\"}]},{\"@type\":\"WebSite\",\"@id\":\"https:\/\/atana.pl\/#website\",\"url\":\"https:\/\/atana.pl\/\",\"name\":\"Atana\",\"description\":\"Akcesoria do \u0142odzi, kamper\u00f3w i przyczep. \u0141odzie motorowe\",\"publisher\":{\"@id\":\"https:\/\/atana.pl\/#organization\"},\"potentialAction\":[{\"@type\":\"SearchAction\",\"target\":{\"@type\":\"EntryPoint\",\"urlTemplate\":\"https:\/\/atana.pl\/?s={search_term_string}\"},\"query-input\":{\"@type\":\"PropertyValueSpecification\",\"valueRequired\":true,\"valueName\":\"search_term_string\"}}],\"inLanguage\":\"en-GB\"},{\"@type\":\"Organization\",\"@id\":\"https:\/\/atana.pl\/#organization\",\"name\":\"Atana\",\"url\":\"https:\/\/atana.pl\/\",\"logo\":{\"@type\":\"ImageObject\",\"inLanguage\":\"en-GB\",\"@id\":\"https:\/\/atana.pl\/#\/schema\/logo\/image\/\",\"url\":\"\",\"contentUrl\":\"\",\"caption\":\"Atana\"},\"image\":{\"@id\":\"https:\/\/atana.pl\/#\/schema\/logo\/image\/\"},\"sameAs\":[\"https:\/\/www.facebook.com\/atanayachts\",\"https:\/\/www.instagram.com\/atanaboats\/\",\"https:\/\/www.youtube.com\/channel\/UClMMmVqqx17in9QzgxK90Mw\"]}]}<\/script>\n<!-- \/ Yoast SEO plugin. -->","yoast_head_json":{"title":"Uchwyt Armor-X. Na reling 35mm-63mm. Smartfon - Atana","description":"Uchwyt Armor-X X67K Handrail Mount 35-63mm do reling\u00f3w jacht\u00f3w i pojazd\u00f3w \u2013 stabilne mocowanie telefonu z systemem X-Mount TYPE-K.","robots":{"index":"index","follow":"follow","max-snippet":"max-snippet:-1","max-image-preview":"max-image-preview:large","max-video-preview":"max-video-preview:-1"},"canonical":"https:\/\/atana.pl\/en\/online-shop\/armor-x\/x-mount\/uchwyt-armor-x-na-reling-35mm-63mm\/","og_locale":"en_GB","og_type":"article","og_title":"Uchwyt Armor-X. Na reling 35mm-63mm. Smartfon - Atana","og_description":"Uchwyt Armor-X X67K Handrail Mount 35-63mm do reling\u00f3w jacht\u00f3w i pojazd\u00f3w \u2013 stabilne mocowanie telefonu z systemem X-Mount TYPE-K.","og_url":"https:\/\/atana.pl\/en\/online-shop\/armor-x\/x-mount\/uchwyt-armor-x-na-reling-35mm-63mm\/","og_site_name":"Atana","article_publisher":"https:\/\/www.facebook.com\/atanayachts","article_modified_time":"2026-01-15T11:28:13+00:00","og_image":[{"width":1000,"height":1000,"url":"https:\/\/atana.pl\/wp-content\/uploads\/1967\/01\/x67k_armorx-armor-bike-mount-roll-bar-mount-for-route-logging-gps-navigation-map-app_35mm-63mm.png","type":"image\/png"}],"twitter_card":"summary_large_image","twitter_misc":{"Estimated reading time":"1 minute"},"schema":{"@context":"https:\/\/schema.org","@graph":[{"@type":"WebPage","@id":"https:\/\/atana.pl\/sklep-on-line\/armor-x\/x-mount\/uchwyt-armor-x-na-reling-35mm-63mm\/","url":"https:\/\/atana.pl\/sklep-on-line\/armor-x\/x-mount\/uchwyt-armor-x-na-reling-35mm-63mm\/","name":"Uchwyt Armor-X. Na reling 35mm-63mm. Smartfon - Atana","isPartOf":{"@id":"https:\/\/atana.pl\/#website"},"primaryImageOfPage":{"@id":"https:\/\/atana.pl\/sklep-on-line\/armor-x\/x-mount\/uchwyt-armor-x-na-reling-35mm-63mm\/#primaryimage"},"image":{"@id":"https:\/\/atana.pl\/sklep-on-line\/armor-x\/x-mount\/uchwyt-armor-x-na-reling-35mm-63mm\/#primaryimage"},"thumbnailUrl":"https:\/\/atana.pl\/wp-content\/uploads\/1967\/01\/x67k_armorx-armor-bike-mount-roll-bar-mount-for-route-logging-gps-navigation-map-app_35mm-63mm.png","datePublished":"2026-01-15T10:51:19+00:00","dateModified":"2026-01-15T11:28:13+00:00","description":"Uchwyt Armor-X X67K Handrail Mount 35-63mm do reling\u00f3w jacht\u00f3w i pojazd\u00f3w \u2013 stabilne mocowanie telefonu z systemem X-Mount TYPE-K.","breadcrumb":{"@id":"https:\/\/atana.pl\/sklep-on-line\/armor-x\/x-mount\/uchwyt-armor-x-na-reling-35mm-63mm\/#breadcrumb"},"inLanguage":"en-GB","potentialAction":[{"@type":"ReadAction","target":["https:\/\/atana.pl\/sklep-on-line\/armor-x\/x-mount\/uchwyt-armor-x-na-reling-35mm-63mm\/"]}]},{"@type":"ImageObject","inLanguage":"en-GB","@id":"https:\/\/atana.pl\/sklep-on-line\/armor-x\/x-mount\/uchwyt-armor-x-na-reling-35mm-63mm\/#primaryimage","url":"https:\/\/atana.pl\/wp-content\/uploads\/1967\/01\/x67k_armorx-armor-bike-mount-roll-bar-mount-for-route-logging-gps-navigation-map-app_35mm-63mm.png","contentUrl":"https:\/\/atana.pl\/wp-content\/uploads\/1967\/01\/x67k_armorx-armor-bike-mount-roll-bar-mount-for-route-logging-gps-navigation-map-app_35mm-63mm.png","width":1000,"height":1000,"caption":"x67k armorx armor bike mount roll bar mount for route logging gps navigation map app 35mm 63mm"},{"@type":"BreadcrumbList","@id":"https:\/\/atana.pl\/sklep-on-line\/armor-x\/x-mount\/uchwyt-armor-x-na-reling-35mm-63mm\/#breadcrumb","itemListElement":[{"@type":"ListItem","position":1,"name":"Strona g\u0142\u00f3wna","item":"https:\/\/atana.pl\/"},{"@type":"ListItem","position":2,"name":"Sklep on-line","item":"https:\/\/atana.pl\/sklep-on-line\/"},{"@type":"ListItem","position":3,"name":"Uchwyt Armor-X. Na reling 35mm-63mm. Smartfon"}]},{"@type":"WebSite","@id":"https:\/\/atana.pl\/#website","url":"https:\/\/atana.pl\/","name":"Atana","description":"Akcesoria do \u0142odzi, kamper\u00f3w i przyczep. \u0141odzie motorowe","publisher":{"@id":"https:\/\/atana.pl\/#organization"},"potentialAction":[{"@type":"SearchAction","target":{"@type":"EntryPoint","urlTemplate":"https:\/\/atana.pl\/?s={search_term_string}"},"query-input":{"@type":"PropertyValueSpecification","valueRequired":true,"valueName":"search_term_string"}}],"inLanguage":"en-GB"},{"@type":"Organization","@id":"https:\/\/atana.pl\/#organization","name":"Atana","url":"https:\/\/atana.pl\/","logo":{"@type":"ImageObject","inLanguage":"en-GB","@id":"https:\/\/atana.pl\/#\/schema\/logo\/image\/","url":"","contentUrl":"","caption":"Atana"},"image":{"@id":"https:\/\/atana.pl\/#\/schema\/logo\/image\/"},"sameAs":["https:\/\/www.facebook.com\/atanayachts","https:\/\/www.instagram.com\/atanaboats\/","https:\/\/www.youtube.com\/channel\/UClMMmVqqx17in9QzgxK90Mw"]}]}},"_links":{"self":[{"href":"https:\/\/atana.pl\/en\/wp-json\/wp\/v2\/product\/7838","targetHints":{"allow":["GET"]}}],"collection":[{"href":"https:\/\/atana.pl\/en\/wp-json\/wp\/v2\/product"}],"about":[{"href":"https:\/\/atana.pl\/en\/wp-json\/wp\/v2\/types\/product"}],"wp:featuredmedia":[{"embeddable":true,"href":"https:\/\/atana.pl\/en\/wp-json\/wp\/v2\/media\/7841"}],"wp:attachment":[{"href":"https:\/\/atana.pl\/en\/wp-json\/wp\/v2\/media?parent=7838"}],"wp:term":[{"taxonomy":"product_brand","embeddable":true,"href":"https:\/\/atana.pl\/en\/wp-json\/wp\/v2\/product_brand?post=7838"},{"taxonomy":"product_cat","embeddable":true,"href":"https:\/\/atana.pl\/en\/wp-json\/wp\/v2\/product_cat?post=7838"},{"taxonomy":"product_tag","embeddable":true,"href":"https:\/\/atana.pl\/en\/wp-json\/wp\/v2\/product_tag?post=7838"}],"curies":[{"name":"wp","href":"https:\/\/api.w.org\/{rel}","templated":true}]}}