{"id":7822,"date":"2026-01-13T14:45:26","date_gmt":"2026-01-13T13:45:26","guid":{"rendered":"https:\/\/atana.pl\/?post_type=product&#038;p=7822"},"modified":"2026-01-14T15:18:41","modified_gmt":"2026-01-14T14:18:41","slug":"przyssawka-do-tabletu-uchwyt-armor-x","status":"publish","type":"product","link":"https:\/\/atana.pl\/en\/online-shop\/armor-x\/x-mount\/przyssawka-do-tabletu-uchwyt-armor-x\/","title":{"rendered":"Uchwyt Armor-X \u2013 Du\u017ca przyssawka \u2013 Tablet"},"content":{"rendered":"<h1 data-start=\"157\" data-end=\"232\">\u2693 Armor-X X14T \u2013 uchwyt z przyssawk\u0105 do tablet\u00f3w na \u0142\u00f3d\u017a, jacht i do auta<\/h1>\n<p data-start=\"252\" data-end=\"626\"><strong data-start=\"252\" data-end=\"293\">Armor-X X14T Tablet Suction Cup Mount<\/strong> to <strong data-start=\"297\" data-end=\"331\">wytrzyma\u0142y uchwyt klasy rugged<\/strong>, zaprojektowany do bezpiecznego mocowania tablet\u00f3w w <strong data-start=\"385\" data-end=\"493\">samochodach, \u0142odziach motorowych, jachtach, kamperach oraz w zastosowaniach outdoorowych i przemys\u0142owych<\/strong>. Dzi\u0119ki <strong data-start=\"502\" data-end=\"536\">bardzo mocnej przyssawce 90 mm<\/strong> zapewnia doskona\u0142\u0105 stabilno\u015b\u0107 nawet przy <strong data-start=\"578\" data-end=\"625\">falowaniu, wibracjach i dynamicznej je\u017adzie<\/strong>.<\/p>\n<p data-start=\"628\" data-end=\"667\">Uchwyt pozwala wykorzysta\u0107 tablet jako:<\/p>\n<ul data-start=\"668\" data-end=\"843\">\n<li data-start=\"668\" data-end=\"713\">\n<p data-start=\"670\" data-end=\"713\"><strong data-start=\"670\" data-end=\"713\">ploter nawigacyjny na jachcie lub \u0142odzi<\/strong><\/p>\n<\/li>\n<li data-start=\"714\" data-end=\"756\">\n<p data-start=\"716\" data-end=\"756\"><strong data-start=\"716\" data-end=\"756\">map\u0119 GPS w samochodzie i off-roadzie<\/strong><\/p>\n<\/li>\n<li data-start=\"757\" data-end=\"805\">\n<p data-start=\"759\" data-end=\"805\"><strong data-start=\"759\" data-end=\"805\">centrum sterowania w pojazdach serwisowych<\/strong><\/p>\n<\/li>\n<li data-start=\"806\" data-end=\"843\">\n<p data-start=\"808\" data-end=\"843\"><strong data-start=\"808\" data-end=\"843\">ekran roboczy lub multimedialny<\/strong><\/p>\n<\/li>\n<\/ul>\n<p data-start=\"845\" data-end=\"963\">To idealne rozwi\u0105zanie dla <strong data-start=\"872\" data-end=\"962\">\u017ceglarzy, motorowodniak\u00f3w, turystyki wodnej, wypraw terenowych i sport\u00f3w ekstremalnych<\/strong>.<\/p>\n<hr data-start=\"965\" data-end=\"968\" \/>\n<h2 data-start=\"970\" data-end=\"1008\">Pewne mocowanie w ka\u017cdych warunkach<\/h2>\n<p data-start=\"1010\" data-end=\"1069\">Thanks to <strong data-start=\"1017\" data-end=\"1048\">przyssawce o \u015brednicy 90 mm<\/strong> uchwyt Armor-X X14T:<\/p>\n<ul data-start=\"1070\" data-end=\"1231\">\n<li data-start=\"1070\" data-end=\"1122\">\n<p data-start=\"1072\" data-end=\"1122\">stabilnie trzyma si\u0119 szyb i g\u0142adkich powierzchni<\/p>\n<\/li>\n<li data-start=\"1123\" data-end=\"1178\">\n<p data-start=\"1125\" data-end=\"1178\">doskonale sprawdza si\u0119 na kokpitach jacht\u00f3w i \u0142odzi<\/p>\n<\/li>\n<li data-start=\"1179\" data-end=\"1231\">\n<p data-start=\"1181\" data-end=\"1231\">nie odkleja si\u0119 pod wp\u0142ywem wibracji ani wilgoci<\/p>\n<\/li>\n<\/ul>\n<p data-start=\"1233\" data-end=\"1312\">To rozwi\u0105zanie stworzone do pracy w trudnych warunkach \u2013 na wodzie i w terenie.<\/p>\n<hr data-start=\"1314\" data-end=\"1317\" \/>\n<h2 data-start=\"1319\" data-end=\"1353\">Regulacja i komfort u\u017cytkowania<\/h2>\n<p data-start=\"1355\" data-end=\"1370\">Uchwyt oferuje:<\/p>\n<ul data-start=\"1371\" data-end=\"1560\">\n<li data-start=\"1371\" data-end=\"1420\">\n<p data-start=\"1373\" data-end=\"1420\"><strong data-start=\"1373\" data-end=\"1393\">pe\u0142ny obr\u00f3t 360\u00b0<\/strong> \u2013 tryb pionowy i poziomy<\/p>\n<\/li>\n<li data-start=\"1421\" data-end=\"1470\">\n<p data-start=\"1423\" data-end=\"1470\"><strong data-start=\"1423\" data-end=\"1445\">regulowane ramiona<\/strong> \u2013 idealny k\u0105t widzenia<\/p>\n<\/li>\n<li data-start=\"1471\" data-end=\"1560\">\n<p data-start=\"1473\" data-end=\"1560\"><strong data-start=\"1473\" data-end=\"1504\">szybkoz\u0142\u0105czk\u0119 Quick Release<\/strong> \u2013 \u0142atwe przenoszenie mi\u0119dzy pojazdem, \u0142odzi\u0105 i biurem<\/p>\n<\/li>\n<\/ul>\n<p data-start=\"1562\" data-end=\"1625\">Dzi\u0119ki temu tablet zawsze znajduje si\u0119 w optymalnej pozycji do:<\/p>\n<ul data-start=\"1626\" data-end=\"1678\">\n<li data-start=\"1626\" data-end=\"1639\">\n<p data-start=\"1628\" data-end=\"1639\">nawigacji<\/p>\n<\/li>\n<li data-start=\"1640\" data-end=\"1654\">\n<p data-start=\"1642\" data-end=\"1654\">sterowania<\/p>\n<\/li>\n<li data-start=\"1655\" data-end=\"1678\">\n<p data-start=\"1657\" data-end=\"1678\">pracy i multimedi\u00f3w<\/p>\n<\/li>\n<\/ul>\n<hr data-start=\"1680\" data-end=\"1683\" \/>\n<h2 data-start=\"1685\" data-end=\"1702\">System X-Mount<\/h2>\n<p data-start=\"1704\" data-end=\"1784\">Armor-X X14T wykorzystuje <strong data-start=\"1730\" data-end=\"1776\">opatentowany interfejs magnetyczny X-Mount<\/strong>, kt\u00f3ry:<\/p>\n<ul data-start=\"1785\" data-end=\"1897\">\n<li data-start=\"1785\" data-end=\"1818\">\n<p data-start=\"1787\" data-end=\"1818\">automatycznie centruje tablet<\/p>\n<\/li>\n<li data-start=\"1819\" data-end=\"1855\">\n<p data-start=\"1821\" data-end=\"1855\">blokuje go w bezpiecznej pozycji<\/p>\n<\/li>\n<li data-start=\"1856\" data-end=\"1897\">\n<p data-start=\"1858\" data-end=\"1897\">umo\u017cliwia szybkie wypi\u0119cie jedn\u0105 r\u0119k\u0105<\/p>\n<\/li>\n<\/ul>\n<p data-start=\"1899\" data-end=\"1969\">To rozwi\u0105zanie idealne do dynamicznych zastosowa\u0144 na wodzie i w ruchu.<\/p>\n<hr data-start=\"1971\" data-end=\"1974\" \/>\n<h2 data-start=\"1976\" data-end=\"1990\">Idealny do:<\/h2>\n<ul data-start=\"1992\" data-end=\"2211\">\n<li data-start=\"1992\" data-end=\"2023\">\n<p data-start=\"1994\" data-end=\"2023\">\u0141odzi motorowych i jacht\u00f3w.<\/p>\n<\/li>\n<li data-start=\"2024\" data-end=\"2053\">\n<p data-start=\"2026\" data-end=\"2053\">Nawigacji morskiej i GPS.<\/p>\n<\/li>\n<li data-start=\"2054\" data-end=\"2084\">\n<p data-start=\"2056\" data-end=\"2084\">Turystyki wodnej i wypraw.<\/p>\n<\/li>\n<li data-start=\"2085\" data-end=\"2122\">\n<p data-start=\"2087\" data-end=\"2122\">Samochod\u00f3w, kamper\u00f3w i off-roadu.<\/p>\n<\/li>\n<li data-start=\"2123\" data-end=\"2163\">\n<p data-start=\"2125\" data-end=\"2163\">Kuchni przemys\u0142owych i food-truck\u00f3w.<\/p>\n<\/li>\n<li data-start=\"2164\" data-end=\"2211\">\n<p data-start=\"2166\" data-end=\"2211\">Zastosowa\u0144 profesjonalnych i przemys\u0142owych.<\/p>\n<\/li>\n<\/ul>","protected":false},"excerpt":{"rendered":"<p data-start=\"2698\" data-end=\"2808\">Uchwyt Armor-X X14T do tablet\u00f3w na \u0142\u00f3d\u017a, jacht i do auta. Mocna przyssawka 90 mm i magnetyczny system X-Mount.<\/p>","protected":false},"featured_media":7820,"template":"","meta":{"_acf_changed":false},"product_brand":[],"product_cat":[1307,1309],"product_tag":[1316,1347,1346,1342,1353,1336,1335,1334,1338,1337,1339,1345,1329,1352],"class_list":{"0":"post-7822","1":"product","2":"type-product","3":"status-publish","4":"has-post-thumbnail","6":"product_cat-armor-x","7":"product_cat-x-mount","8":"product_tag-armor-x","9":"product_tag-tablet-mount","10":"product_tag-uchwyt-do-auta","11":"product_tag-uchwyt-do-gps","12":"product_tag-uchwyt-do-kampera","13":"product_tag-uchwyt-do-lodzi","14":"product_tag-uchwyt-do-nawigacji","15":"product_tag-uchwyt-do-tabletu","16":"product_tag-uchwyt-marine","17":"product_tag-uchwyt-na-jacht","18":"product_tag-uchwyt-outdoor","19":"product_tag-uchwyt-rugged","20":"product_tag-uchwyt-x-mount","21":"product_tag-x14t","23":"first","24":"instock","25":"taxable","26":"shipping-taxable","27":"purchasable","28":"product-type-simple"},"acf":[],"yoast_head":"<!-- This site is optimized with the Yoast SEO plugin v25.2 - https:\/\/yoast.com\/wordpress\/plugins\/seo\/ -->\n<title>Uchwyt Armor-X \u2013 Du\u017ca przyssawka \u2013 Tablet - Atana<\/title>\n<meta name=\"description\" content=\"Uchwyt Armor-X X14T do tablet\u00f3w na \u0142odzie, jachty i auta. Bardzo mocna przyssawka i system X-Mount. Pasuje do etui Armor-X do tablet\u00f3w.\" \/>\n<meta name=\"robots\" content=\"index, follow, max-snippet:-1, max-image-preview:large, max-video-preview:-1\" \/>\n<link rel=\"canonical\" href=\"https:\/\/atana.pl\/en\/online-shop\/armor-x\/x-mount\/przyssawka-do-tabletu-uchwyt-armor-x\/\" \/>\n<meta property=\"og:locale\" content=\"en_GB\" \/>\n<meta property=\"og:type\" content=\"article\" \/>\n<meta property=\"og:title\" content=\"Uchwyt Armor-X \u2013 Du\u017ca przyssawka \u2013 Tablet - Atana\" \/>\n<meta property=\"og:description\" content=\"Uchwyt Armor-X X14T do tablet\u00f3w na \u0142odzie, jachty i auta. Bardzo mocna przyssawka i system X-Mount. Pasuje do etui Armor-X do tablet\u00f3w.\" \/>\n<meta property=\"og:url\" content=\"https:\/\/atana.pl\/en\/online-shop\/armor-x\/x-mount\/przyssawka-do-tabletu-uchwyt-armor-x\/\" \/>\n<meta property=\"og:site_name\" content=\"Atana\" \/>\n<meta property=\"article:publisher\" content=\"https:\/\/www.facebook.com\/atanayachts\" \/>\n<meta property=\"article:modified_time\" content=\"2026-01-14T14:18:41+00:00\" \/>\n<meta property=\"og:image\" content=\"https:\/\/atana.pl\/wp-content\/uploads\/1967\/01\/X14T_suction-mount-car-boat-motorcycle_for-tablet_white-background.webp\" \/>\n\t<meta property=\"og:image:width\" content=\"1000\" \/>\n\t<meta property=\"og:image:height\" content=\"1000\" \/>\n\t<meta property=\"og:image:type\" content=\"image\/webp\" \/>\n<meta name=\"twitter:card\" content=\"summary_large_image\" \/>\n<meta name=\"twitter:label1\" content=\"Estimated reading time\" \/>\n\t<meta name=\"twitter:data1\" content=\"1 minute\" \/>\n<script type=\"application\/ld+json\" class=\"yoast-schema-graph\">{\"@context\":\"https:\/\/schema.org\",\"@graph\":[{\"@type\":\"WebPage\",\"@id\":\"https:\/\/atana.pl\/sklep-on-line\/armor-x\/x-mount\/przyssawka-do-tabletu-uchwyt-armor-x\/\",\"url\":\"https:\/\/atana.pl\/sklep-on-line\/armor-x\/x-mount\/przyssawka-do-tabletu-uchwyt-armor-x\/\",\"name\":\"Uchwyt Armor-X \u2013 Du\u017ca przyssawka \u2013 Tablet - Atana\",\"isPartOf\":{\"@id\":\"https:\/\/atana.pl\/#website\"},\"primaryImageOfPage\":{\"@id\":\"https:\/\/atana.pl\/sklep-on-line\/armor-x\/x-mount\/przyssawka-do-tabletu-uchwyt-armor-x\/#primaryimage\"},\"image\":{\"@id\":\"https:\/\/atana.pl\/sklep-on-line\/armor-x\/x-mount\/przyssawka-do-tabletu-uchwyt-armor-x\/#primaryimage\"},\"thumbnailUrl\":\"https:\/\/atana.pl\/wp-content\/uploads\/1967\/01\/X14T_suction-mount-car-boat-motorcycle_for-tablet_white-background.webp\",\"datePublished\":\"2026-01-13T13:45:26+00:00\",\"dateModified\":\"2026-01-14T14:18:41+00:00\",\"description\":\"Uchwyt Armor-X X14T do tablet\u00f3w na \u0142odzie, jachty i auta. Bardzo mocna przyssawka i system X-Mount. Pasuje do etui Armor-X do tablet\u00f3w.\",\"breadcrumb\":{\"@id\":\"https:\/\/atana.pl\/sklep-on-line\/armor-x\/x-mount\/przyssawka-do-tabletu-uchwyt-armor-x\/#breadcrumb\"},\"inLanguage\":\"en-GB\",\"potentialAction\":[{\"@type\":\"ReadAction\",\"target\":[\"https:\/\/atana.pl\/sklep-on-line\/armor-x\/x-mount\/przyssawka-do-tabletu-uchwyt-armor-x\/\"]}]},{\"@type\":\"ImageObject\",\"inLanguage\":\"en-GB\",\"@id\":\"https:\/\/atana.pl\/sklep-on-line\/armor-x\/x-mount\/przyssawka-do-tabletu-uchwyt-armor-x\/#primaryimage\",\"url\":\"https:\/\/atana.pl\/wp-content\/uploads\/1967\/01\/X14T_suction-mount-car-boat-motorcycle_for-tablet_white-background.webp\",\"contentUrl\":\"https:\/\/atana.pl\/wp-content\/uploads\/1967\/01\/X14T_suction-mount-car-boat-motorcycle_for-tablet_white-background.webp\",\"width\":1000,\"height\":1000,\"caption\":\"X14T suction mount car boat motorcycle for tablet white background\"},{\"@type\":\"BreadcrumbList\",\"@id\":\"https:\/\/atana.pl\/sklep-on-line\/armor-x\/x-mount\/przyssawka-do-tabletu-uchwyt-armor-x\/#breadcrumb\",\"itemListElement\":[{\"@type\":\"ListItem\",\"position\":1,\"name\":\"Strona g\u0142\u00f3wna\",\"item\":\"https:\/\/atana.pl\/\"},{\"@type\":\"ListItem\",\"position\":2,\"name\":\"Sklep on-line\",\"item\":\"https:\/\/atana.pl\/sklep-on-line\/\"},{\"@type\":\"ListItem\",\"position\":3,\"name\":\"Uchwyt Armor-X \u2013 Du\u017ca przyssawka \u2013 Tablet\"}]},{\"@type\":\"WebSite\",\"@id\":\"https:\/\/atana.pl\/#website\",\"url\":\"https:\/\/atana.pl\/\",\"name\":\"Atana\",\"description\":\"Akcesoria do \u0142odzi, kamper\u00f3w i przyczep. \u0141odzie motorowe\",\"publisher\":{\"@id\":\"https:\/\/atana.pl\/#organization\"},\"potentialAction\":[{\"@type\":\"SearchAction\",\"target\":{\"@type\":\"EntryPoint\",\"urlTemplate\":\"https:\/\/atana.pl\/?s={search_term_string}\"},\"query-input\":{\"@type\":\"PropertyValueSpecification\",\"valueRequired\":true,\"valueName\":\"search_term_string\"}}],\"inLanguage\":\"en-GB\"},{\"@type\":\"Organization\",\"@id\":\"https:\/\/atana.pl\/#organization\",\"name\":\"Atana\",\"url\":\"https:\/\/atana.pl\/\",\"logo\":{\"@type\":\"ImageObject\",\"inLanguage\":\"en-GB\",\"@id\":\"https:\/\/atana.pl\/#\/schema\/logo\/image\/\",\"url\":\"\",\"contentUrl\":\"\",\"caption\":\"Atana\"},\"image\":{\"@id\":\"https:\/\/atana.pl\/#\/schema\/logo\/image\/\"},\"sameAs\":[\"https:\/\/www.facebook.com\/atanayachts\",\"https:\/\/www.instagram.com\/atanaboats\/\",\"https:\/\/www.youtube.com\/channel\/UClMMmVqqx17in9QzgxK90Mw\"]}]}<\/script>\n<!-- \/ Yoast SEO plugin. -->","yoast_head_json":{"title":"Uchwyt Armor-X \u2013 Du\u017ca przyssawka \u2013 Tablet - Atana","description":"Uchwyt Armor-X X14T do tablet\u00f3w na \u0142odzie, jachty i auta. Bardzo mocna przyssawka i system X-Mount. Pasuje do etui Armor-X do tablet\u00f3w.","robots":{"index":"index","follow":"follow","max-snippet":"max-snippet:-1","max-image-preview":"max-image-preview:large","max-video-preview":"max-video-preview:-1"},"canonical":"https:\/\/atana.pl\/en\/online-shop\/armor-x\/x-mount\/przyssawka-do-tabletu-uchwyt-armor-x\/","og_locale":"en_GB","og_type":"article","og_title":"Uchwyt Armor-X \u2013 Du\u017ca przyssawka \u2013 Tablet - Atana","og_description":"Uchwyt Armor-X X14T do tablet\u00f3w na \u0142odzie, jachty i auta. Bardzo mocna przyssawka i system X-Mount. Pasuje do etui Armor-X do tablet\u00f3w.","og_url":"https:\/\/atana.pl\/en\/online-shop\/armor-x\/x-mount\/przyssawka-do-tabletu-uchwyt-armor-x\/","og_site_name":"Atana","article_publisher":"https:\/\/www.facebook.com\/atanayachts","article_modified_time":"2026-01-14T14:18:41+00:00","og_image":[{"width":1000,"height":1000,"url":"https:\/\/atana.pl\/wp-content\/uploads\/1967\/01\/X14T_suction-mount-car-boat-motorcycle_for-tablet_white-background.webp","type":"image\/webp"}],"twitter_card":"summary_large_image","twitter_misc":{"Estimated reading time":"1 minute"},"schema":{"@context":"https:\/\/schema.org","@graph":[{"@type":"WebPage","@id":"https:\/\/atana.pl\/sklep-on-line\/armor-x\/x-mount\/przyssawka-do-tabletu-uchwyt-armor-x\/","url":"https:\/\/atana.pl\/sklep-on-line\/armor-x\/x-mount\/przyssawka-do-tabletu-uchwyt-armor-x\/","name":"Uchwyt Armor-X \u2013 Du\u017ca przyssawka \u2013 Tablet - Atana","isPartOf":{"@id":"https:\/\/atana.pl\/#website"},"primaryImageOfPage":{"@id":"https:\/\/atana.pl\/sklep-on-line\/armor-x\/x-mount\/przyssawka-do-tabletu-uchwyt-armor-x\/#primaryimage"},"image":{"@id":"https:\/\/atana.pl\/sklep-on-line\/armor-x\/x-mount\/przyssawka-do-tabletu-uchwyt-armor-x\/#primaryimage"},"thumbnailUrl":"https:\/\/atana.pl\/wp-content\/uploads\/1967\/01\/X14T_suction-mount-car-boat-motorcycle_for-tablet_white-background.webp","datePublished":"2026-01-13T13:45:26+00:00","dateModified":"2026-01-14T14:18:41+00:00","description":"Uchwyt Armor-X X14T do tablet\u00f3w na \u0142odzie, jachty i auta. Bardzo mocna przyssawka i system X-Mount. Pasuje do etui Armor-X do tablet\u00f3w.","breadcrumb":{"@id":"https:\/\/atana.pl\/sklep-on-line\/armor-x\/x-mount\/przyssawka-do-tabletu-uchwyt-armor-x\/#breadcrumb"},"inLanguage":"en-GB","potentialAction":[{"@type":"ReadAction","target":["https:\/\/atana.pl\/sklep-on-line\/armor-x\/x-mount\/przyssawka-do-tabletu-uchwyt-armor-x\/"]}]},{"@type":"ImageObject","inLanguage":"en-GB","@id":"https:\/\/atana.pl\/sklep-on-line\/armor-x\/x-mount\/przyssawka-do-tabletu-uchwyt-armor-x\/#primaryimage","url":"https:\/\/atana.pl\/wp-content\/uploads\/1967\/01\/X14T_suction-mount-car-boat-motorcycle_for-tablet_white-background.webp","contentUrl":"https:\/\/atana.pl\/wp-content\/uploads\/1967\/01\/X14T_suction-mount-car-boat-motorcycle_for-tablet_white-background.webp","width":1000,"height":1000,"caption":"X14T suction mount car boat motorcycle for tablet white background"},{"@type":"BreadcrumbList","@id":"https:\/\/atana.pl\/sklep-on-line\/armor-x\/x-mount\/przyssawka-do-tabletu-uchwyt-armor-x\/#breadcrumb","itemListElement":[{"@type":"ListItem","position":1,"name":"Strona g\u0142\u00f3wna","item":"https:\/\/atana.pl\/"},{"@type":"ListItem","position":2,"name":"Sklep on-line","item":"https:\/\/atana.pl\/sklep-on-line\/"},{"@type":"ListItem","position":3,"name":"Uchwyt Armor-X \u2013 Du\u017ca przyssawka \u2013 Tablet"}]},{"@type":"WebSite","@id":"https:\/\/atana.pl\/#website","url":"https:\/\/atana.pl\/","name":"Atana","description":"Akcesoria do \u0142odzi, kamper\u00f3w i przyczep. \u0141odzie motorowe","publisher":{"@id":"https:\/\/atana.pl\/#organization"},"potentialAction":[{"@type":"SearchAction","target":{"@type":"EntryPoint","urlTemplate":"https:\/\/atana.pl\/?s={search_term_string}"},"query-input":{"@type":"PropertyValueSpecification","valueRequired":true,"valueName":"search_term_string"}}],"inLanguage":"en-GB"},{"@type":"Organization","@id":"https:\/\/atana.pl\/#organization","name":"Atana","url":"https:\/\/atana.pl\/","logo":{"@type":"ImageObject","inLanguage":"en-GB","@id":"https:\/\/atana.pl\/#\/schema\/logo\/image\/","url":"","contentUrl":"","caption":"Atana"},"image":{"@id":"https:\/\/atana.pl\/#\/schema\/logo\/image\/"},"sameAs":["https:\/\/www.facebook.com\/atanayachts","https:\/\/www.instagram.com\/atanaboats\/","https:\/\/www.youtube.com\/channel\/UClMMmVqqx17in9QzgxK90Mw"]}]}},"_links":{"self":[{"href":"https:\/\/atana.pl\/en\/wp-json\/wp\/v2\/product\/7822","targetHints":{"allow":["GET"]}}],"collection":[{"href":"https:\/\/atana.pl\/en\/wp-json\/wp\/v2\/product"}],"about":[{"href":"https:\/\/atana.pl\/en\/wp-json\/wp\/v2\/types\/product"}],"wp:featuredmedia":[{"embeddable":true,"href":"https:\/\/atana.pl\/en\/wp-json\/wp\/v2\/media\/7820"}],"wp:attachment":[{"href":"https:\/\/atana.pl\/en\/wp-json\/wp\/v2\/media?parent=7822"}],"wp:term":[{"taxonomy":"product_brand","embeddable":true,"href":"https:\/\/atana.pl\/en\/wp-json\/wp\/v2\/product_brand?post=7822"},{"taxonomy":"product_cat","embeddable":true,"href":"https:\/\/atana.pl\/en\/wp-json\/wp\/v2\/product_cat?post=7822"},{"taxonomy":"product_tag","embeddable":true,"href":"https:\/\/atana.pl\/en\/wp-json\/wp\/v2\/product_tag?post=7822"}],"curies":[{"name":"wp","href":"https:\/\/api.w.org\/{rel}","templated":true}]}}