{"id":7795,"date":"2026-01-13T13:00:30","date_gmt":"2026-01-13T12:00:30","guid":{"rendered":"https:\/\/atana.pl\/?post_type=product&#038;p=7795"},"modified":"2026-01-20T16:46:08","modified_gmt":"2026-01-20T15:46:08","slug":"uchwyt-armor-x-potrojna-przyssawka-tablet","status":"publish","type":"product","link":"https:\/\/atana.pl\/en\/online-shop\/armor-x\/x-mount\/uchwyt-armor-x-potrojna-przyssawka-tablet\/","title":{"rendered":"Uchwyt Armor-X &#8211; Potr\u00f3jna przyssawka &#8211; Tablet"},"content":{"rendered":"<h1 data-start=\"158\" data-end=\"244\">\u2693 Armor-X X76T \u2013 potr\u00f3jny uchwyt X-Mount TYPE-T do tablet\u00f3w na \u0142\u00f3d\u017a, jacht i do auta<\/h1>\n<p data-start=\"264\" data-end=\"599\"><strong data-start=\"264\" data-end=\"305\">Armor-X X76T Triple Suction Cup Mount<\/strong> to <strong data-start=\"309\" data-end=\"356\">profesjonalny uchwyt monta\u017cowy klasy rugged<\/strong> zaprojektowany specjalnie do <strong data-start=\"386\" data-end=\"434\">tablet\u00f3w w etui Armor-X z interfejsem TYPE-T<\/strong>. Dzi\u0119ki potr\u00f3jnemu systemowi przyssawek zapewnia <strong data-start=\"484\" data-end=\"598\">maksymaln\u0105 stabilno\u015b\u0107 nawet na faluj\u0105cej \u0142odzi, w samochodzie terenowym, ci\u0119\u017car\u00f3wce czy podczas jazdy off-road<\/strong>.<\/p>\n<p data-start=\"601\" data-end=\"643\">Jest to idealne rozwi\u0105zanie do zastosowa\u0144:<\/p>\n<ul data-start=\"644\" data-end=\"811\">\n<li data-start=\"644\" data-end=\"683\">\n<p data-start=\"646\" data-end=\"683\"><strong data-start=\"646\" data-end=\"683\">na \u0142odziach motorowych i jachtach<\/strong><\/p>\n<\/li>\n<li data-start=\"684\" data-end=\"708\">\n<p data-start=\"686\" data-end=\"708\"><strong data-start=\"686\" data-end=\"708\">w turystyce wodnej<\/strong><\/p>\n<\/li>\n<li data-start=\"709\" data-end=\"738\">\n<p data-start=\"711\" data-end=\"738\"><strong data-start=\"711\" data-end=\"738\">w pojazdach wyprawowych<\/strong><\/p>\n<\/li>\n<li data-start=\"739\" data-end=\"769\">\n<p data-start=\"741\" data-end=\"769\"><strong data-start=\"741\" data-end=\"769\">w sportach ekstremalnych<\/strong><\/p>\n<\/li>\n<li data-start=\"770\" data-end=\"811\">\n<p data-start=\"772\" data-end=\"811\"><strong data-start=\"772\" data-end=\"811\">w pracy profesjonalnej i serwisowej<\/strong><\/p>\n<\/li>\n<\/ul>\n<p data-start=\"813\" data-end=\"950\">Tablet zamocowany w uchwycie Armor-X mo\u017ce pe\u0142ni\u0107 funkcj\u0119 <strong data-start=\"870\" data-end=\"949\">plotera nawigacyjnego, mapy GPS, centrum sterowania lub terminala roboczego<\/strong>.<\/p>\n<hr data-start=\"952\" data-end=\"955\" \/>\n<h2 data-start=\"957\" data-end=\"1003\">Maksymalna stabilno\u015b\u0107 na wodzie i w terenie<\/h2>\n<p data-start=\"1005\" data-end=\"1134\">Potr\u00f3jne przyssawki o wysokiej sile ssania, w po\u0142\u0105czeniu z konstrukcj\u0105 <strong data-start=\"1076\" data-end=\"1087\">Gear-Up<\/strong>, gwarantuj\u0105 <strong data-start=\"1100\" data-end=\"1130\">pewne i trwa\u0142e przyleganie<\/strong> do:<\/p>\n<ul data-start=\"1135\" data-end=\"1219\">\n<li data-start=\"1135\" data-end=\"1143\">\n<p data-start=\"1137\" data-end=\"1143\">szyb<\/p>\n<\/li>\n<li data-start=\"1144\" data-end=\"1170\">\n<p data-start=\"1146\" data-end=\"1170\">pulpit\u00f3w sterowniczych<\/p>\n<\/li>\n<li data-start=\"1171\" data-end=\"1194\">\n<p data-start=\"1173\" data-end=\"1194\">kokpit\u00f3w jachtowych<\/p>\n<\/li>\n<li data-start=\"1195\" data-end=\"1219\">\n<p data-start=\"1197\" data-end=\"1219\">konsol samochodowych<\/p>\n<\/li>\n<\/ul>\n<p data-start=\"1221\" data-end=\"1271\">Uchwyt zosta\u0142 zaprojektowany do pracy w warunkach:<\/p>\n<ul data-start=\"1272\" data-end=\"1338\">\n<li data-start=\"1272\" data-end=\"1287\">\n<p data-start=\"1274\" data-end=\"1287\"><strong data-start=\"1274\" data-end=\"1287\">falowania<\/strong><\/p>\n<\/li>\n<li data-start=\"1288\" data-end=\"1310\">\n<p data-start=\"1290\" data-end=\"1310\"><strong data-start=\"1290\" data-end=\"1310\">wibracji silnika<\/strong><\/p>\n<\/li>\n<li data-start=\"1311\" data-end=\"1338\">\n<p data-start=\"1313\" data-end=\"1338\"><strong data-start=\"1313\" data-end=\"1338\">nier\u00f3wno\u015bci i uderze\u0144<\/strong><\/p>\n<\/li>\n<\/ul>\n<p data-start=\"1340\" data-end=\"1414\">Dzi\u0119ki temu doskonale sprawdza si\u0119 zar\u00f3wno na wodzie, jak i na bezdro\u017cach.<\/p>\n<hr data-start=\"1416\" data-end=\"1419\" \/>\n<h2 data-start=\"1421\" data-end=\"1447\">Pe\u0142na regulacja pozycji<\/h2>\n<p data-start=\"1449\" data-end=\"1470\">Armor-X X76T oferuje:<\/p>\n<ul data-start=\"1471\" data-end=\"1669\">\n<li data-start=\"1471\" data-end=\"1515\">\n<p data-start=\"1473\" data-end=\"1515\"><strong data-start=\"1473\" data-end=\"1488\">360\u00b0 obrotu<\/strong> \u2013 tryb pionowy i poziomy<\/p>\n<\/li>\n<li data-start=\"1516\" data-end=\"1580\">\n<p data-start=\"1518\" data-end=\"1580\"><strong data-start=\"1518\" data-end=\"1540\">regulowane ramiona<\/strong> \u2013 precyzyjne ustawienie k\u0105ta widzenia<\/p>\n<\/li>\n<li data-start=\"1581\" data-end=\"1669\">\n<p data-start=\"1583\" data-end=\"1669\"><strong data-start=\"1583\" data-end=\"1614\">szybkoz\u0142\u0105czk\u0119 Quick Release<\/strong> \u2013 szybkie przenoszenie mi\u0119dzy \u0142odzi\u0105, autem i biurem<\/p>\n<\/li>\n<\/ul>\n<p data-start=\"1671\" data-end=\"1711\">To pozwala idealnie ustawi\u0107 tablet jako:<\/p>\n<ul data-start=\"1712\" data-end=\"1784\">\n<li data-start=\"1712\" data-end=\"1727\">\n<p data-start=\"1714\" data-end=\"1727\">map\u0119 morsk\u0105<\/p>\n<\/li>\n<li data-start=\"1728\" data-end=\"1745\">\n<p data-start=\"1730\" data-end=\"1745\">nawigacj\u0119 GPS<\/p>\n<\/li>\n<li data-start=\"1746\" data-end=\"1766\">\n<p data-start=\"1748\" data-end=\"1766\">panel sterowania<\/p>\n<\/li>\n<li data-start=\"1767\" data-end=\"1784\">\n<p data-start=\"1769\" data-end=\"1784\">ekran roboczy<\/p>\n<\/li>\n<\/ul>\n<hr data-start=\"1786\" data-end=\"1789\" \/>\n<h2 data-start=\"1791\" data-end=\"1815\">System X-Mount TYPE-T<\/h2>\n<p data-start=\"1817\" data-end=\"1949\">Uchwyt korzysta z <strong data-start=\"1835\" data-end=\"1893\">opatentowanego magnetycznego interfejsu X-Mount TYPE-T<\/strong>, przeznaczonego do <strong data-start=\"1913\" data-end=\"1940\">tablet\u00f3w w etui Armor-X<\/strong>. System:<\/p>\n<ul data-start=\"1950\" data-end=\"2068\">\n<li data-start=\"1950\" data-end=\"1987\">\n<p data-start=\"1952\" data-end=\"1987\">automatycznie centruje urz\u0105dzenie<\/p>\n<\/li>\n<li data-start=\"1988\" data-end=\"2026\">\n<p data-start=\"1990\" data-end=\"2026\">zapewnia <strong data-start=\"1999\" data-end=\"2024\">bezpieczne blokowanie<\/strong><\/p>\n<\/li>\n<li data-start=\"2027\" data-end=\"2068\">\n<p data-start=\"2029\" data-end=\"2068\">umo\u017cliwia szybkie wypi\u0119cie jedn\u0105 r\u0119k\u0105<\/p>\n<\/li>\n<\/ul>\n<hr data-start=\"2070\" data-end=\"2073\" \/>\n<h2 data-start=\"2075\" data-end=\"2089\">Idealny do:<\/h2>\n<ul data-start=\"2091\" data-end=\"2293\">\n<li data-start=\"2091\" data-end=\"2122\">\n<p data-start=\"2093\" data-end=\"2122\">\u0141odzi motorowych i jacht\u00f3w.<\/p>\n<\/li>\n<li data-start=\"2123\" data-end=\"2157\">\n<p data-start=\"2125\" data-end=\"2157\">Nawigacji morskiej i rzecznej.<\/p>\n<\/li>\n<li data-start=\"2158\" data-end=\"2188\">\n<p data-start=\"2160\" data-end=\"2188\">Turystyki wodnej i wypraw.<\/p>\n<\/li>\n<li data-start=\"2189\" data-end=\"2218\">\n<p data-start=\"2191\" data-end=\"2218\">Off-roadu i overlandingu.<\/p>\n<\/li>\n<li data-start=\"2219\" data-end=\"2255\">\n<p data-start=\"2221\" data-end=\"2255\">Kamper\u00f3w i pojazd\u00f3w serwisowych.<\/p>\n<\/li>\n<li data-start=\"2256\" data-end=\"2293\">\n<p data-start=\"2258\" data-end=\"2293\">Sport\u00f3w ekstremalnych i outdooru.<\/p>\n<\/li>\n<\/ul>","protected":false},"excerpt":{"rendered":"<p data-start=\"2815\" data-end=\"2924\">Profesjonalny uchwyt Armor-X X76T do tablet\u00f3w na \u0142\u00f3d\u017a, jacht i do auta. Potr\u00f3jne przyssawki i system X-Mount.<\/p>","protected":false},"featured_media":7805,"template":"","meta":{"_acf_changed":false},"product_brand":[],"product_cat":[1307,1309],"product_tag":[1316,1347,1343,1346,1342,1336,1335,1334,1338,1337,1340,1339,1345,1329,1344],"class_list":{"0":"post-7795","1":"product","2":"type-product","3":"status-publish","4":"has-post-thumbnail","6":"product_cat-armor-x","7":"product_cat-x-mount","8":"product_tag-armor-x","9":"product_tag-tablet-mount","10":"product_tag-triple-suction-cup-mount","11":"product_tag-uchwyt-do-auta","12":"product_tag-uchwyt-do-gps","13":"product_tag-uchwyt-do-lodzi","14":"product_tag-uchwyt-do-nawigacji","15":"product_tag-uchwyt-do-tabletu","16":"product_tag-uchwyt-marine","17":"product_tag-uchwyt-na-jacht","18":"product_tag-uchwyt-offroad","19":"product_tag-uchwyt-outdoor","20":"product_tag-uchwyt-rugged","21":"product_tag-uchwyt-x-mount","22":"product_tag-x76t","24":"first","25":"instock","26":"taxable","27":"shipping-taxable","28":"purchasable","29":"product-type-simple"},"acf":[],"yoast_head":"<!-- This site is optimized with the Yoast SEO plugin v25.2 - https:\/\/yoast.com\/wordpress\/plugins\/seo\/ -->\n<title>Uchwyt Armor-X - Potr\u00f3jna przyssawka - Tablet - Atana<\/title>\n<meta name=\"description\" content=\"Potr\u00f3jny uchwyt Armor-X X76T TYPE-T do tablet\u00f3w na \u0142odzie, jachty i auta. Stabilny nawet na falach i w terenie. Pasuje do etui Armor-X do tablet\u00f3w\" \/>\n<meta name=\"robots\" content=\"index, follow, max-snippet:-1, max-image-preview:large, max-video-preview:-1\" \/>\n<link rel=\"canonical\" href=\"https:\/\/atana.pl\/en\/online-shop\/armor-x\/x-mount\/uchwyt-armor-x-potrojna-przyssawka-tablet\/\" \/>\n<meta property=\"og:locale\" content=\"en_GB\" \/>\n<meta property=\"og:type\" content=\"article\" \/>\n<meta property=\"og:title\" content=\"Uchwyt Armor-X - Potr\u00f3jna przyssawka - Tablet - Atana\" \/>\n<meta property=\"og:description\" content=\"Potr\u00f3jny uchwyt Armor-X X76T TYPE-T do tablet\u00f3w na \u0142odzie, jachty i auta. Stabilny nawet na falach i w terenie. Pasuje do etui Armor-X do tablet\u00f3w\" \/>\n<meta property=\"og:url\" content=\"https:\/\/atana.pl\/en\/online-shop\/armor-x\/x-mount\/uchwyt-armor-x-potrojna-przyssawka-tablet\/\" \/>\n<meta property=\"og:site_name\" content=\"Atana\" \/>\n<meta property=\"article:publisher\" content=\"https:\/\/www.facebook.com\/atanayachts\" \/>\n<meta property=\"article:modified_time\" content=\"2026-01-20T15:46:08+00:00\" \/>\n<meta property=\"og:image\" content=\"https:\/\/atana.pl\/wp-content\/uploads\/2026\/01\/x76t_armor-x-ipad-triple-suction-cup-mount-with-1_4-threaded-head-360-degree-tripod_ball_head-mount-for-tablet_1a.webp\" \/>\n\t<meta property=\"og:image:width\" content=\"1000\" \/>\n\t<meta property=\"og:image:height\" content=\"1000\" \/>\n\t<meta property=\"og:image:type\" content=\"image\/webp\" \/>\n<meta name=\"twitter:card\" content=\"summary_large_image\" \/>\n<meta name=\"twitter:label1\" content=\"Estimated reading time\" \/>\n\t<meta name=\"twitter:data1\" content=\"1 minute\" \/>\n<script type=\"application\/ld+json\" class=\"yoast-schema-graph\">{\"@context\":\"https:\/\/schema.org\",\"@graph\":[{\"@type\":\"WebPage\",\"@id\":\"https:\/\/atana.pl\/sklep-on-line\/armor-x\/x-mount\/uchwyt-armor-x-potrojna-przyssawka-tablet\/\",\"url\":\"https:\/\/atana.pl\/sklep-on-line\/armor-x\/x-mount\/uchwyt-armor-x-potrojna-przyssawka-tablet\/\",\"name\":\"Uchwyt Armor-X - Potr\u00f3jna przyssawka - Tablet - Atana\",\"isPartOf\":{\"@id\":\"https:\/\/atana.pl\/#website\"},\"primaryImageOfPage\":{\"@id\":\"https:\/\/atana.pl\/sklep-on-line\/armor-x\/x-mount\/uchwyt-armor-x-potrojna-przyssawka-tablet\/#primaryimage\"},\"image\":{\"@id\":\"https:\/\/atana.pl\/sklep-on-line\/armor-x\/x-mount\/uchwyt-armor-x-potrojna-przyssawka-tablet\/#primaryimage\"},\"thumbnailUrl\":\"https:\/\/atana.pl\/wp-content\/uploads\/2026\/01\/x76t_armor-x-ipad-triple-suction-cup-mount-with-1_4-threaded-head-360-degree-tripod_ball_head-mount-for-tablet_1a.webp\",\"datePublished\":\"2026-01-13T12:00:30+00:00\",\"dateModified\":\"2026-01-20T15:46:08+00:00\",\"description\":\"Potr\u00f3jny uchwyt Armor-X X76T TYPE-T do tablet\u00f3w na \u0142odzie, jachty i auta. Stabilny nawet na falach i w terenie. Pasuje do etui Armor-X do tablet\u00f3w\",\"breadcrumb\":{\"@id\":\"https:\/\/atana.pl\/sklep-on-line\/armor-x\/x-mount\/uchwyt-armor-x-potrojna-przyssawka-tablet\/#breadcrumb\"},\"inLanguage\":\"en-GB\",\"potentialAction\":[{\"@type\":\"ReadAction\",\"target\":[\"https:\/\/atana.pl\/sklep-on-line\/armor-x\/x-mount\/uchwyt-armor-x-potrojna-przyssawka-tablet\/\"]}]},{\"@type\":\"ImageObject\",\"inLanguage\":\"en-GB\",\"@id\":\"https:\/\/atana.pl\/sklep-on-line\/armor-x\/x-mount\/uchwyt-armor-x-potrojna-przyssawka-tablet\/#primaryimage\",\"url\":\"https:\/\/atana.pl\/wp-content\/uploads\/2026\/01\/x76t_armor-x-ipad-triple-suction-cup-mount-with-1_4-threaded-head-360-degree-tripod_ball_head-mount-for-tablet_1a.webp\",\"contentUrl\":\"https:\/\/atana.pl\/wp-content\/uploads\/2026\/01\/x76t_armor-x-ipad-triple-suction-cup-mount-with-1_4-threaded-head-360-degree-tripod_ball_head-mount-for-tablet_1a.webp\",\"width\":1000,\"height\":1000,\"caption\":\"x76t armor x ipad triple suction cup mount with 1 4 threaded head 360 degree tripod ball head mount for tablet 1a\"},{\"@type\":\"BreadcrumbList\",\"@id\":\"https:\/\/atana.pl\/sklep-on-line\/armor-x\/x-mount\/uchwyt-armor-x-potrojna-przyssawka-tablet\/#breadcrumb\",\"itemListElement\":[{\"@type\":\"ListItem\",\"position\":1,\"name\":\"Strona g\u0142\u00f3wna\",\"item\":\"https:\/\/atana.pl\/\"},{\"@type\":\"ListItem\",\"position\":2,\"name\":\"Sklep on-line\",\"item\":\"https:\/\/atana.pl\/sklep-on-line\/\"},{\"@type\":\"ListItem\",\"position\":3,\"name\":\"Uchwyt Armor-X &#8211; Potr\u00f3jna przyssawka &#8211; Tablet\"}]},{\"@type\":\"WebSite\",\"@id\":\"https:\/\/atana.pl\/#website\",\"url\":\"https:\/\/atana.pl\/\",\"name\":\"Atana\",\"description\":\"Akcesoria do \u0142odzi, kamper\u00f3w i przyczep. \u0141odzie motorowe\",\"publisher\":{\"@id\":\"https:\/\/atana.pl\/#organization\"},\"potentialAction\":[{\"@type\":\"SearchAction\",\"target\":{\"@type\":\"EntryPoint\",\"urlTemplate\":\"https:\/\/atana.pl\/?s={search_term_string}\"},\"query-input\":{\"@type\":\"PropertyValueSpecification\",\"valueRequired\":true,\"valueName\":\"search_term_string\"}}],\"inLanguage\":\"en-GB\"},{\"@type\":\"Organization\",\"@id\":\"https:\/\/atana.pl\/#organization\",\"name\":\"Atana\",\"url\":\"https:\/\/atana.pl\/\",\"logo\":{\"@type\":\"ImageObject\",\"inLanguage\":\"en-GB\",\"@id\":\"https:\/\/atana.pl\/#\/schema\/logo\/image\/\",\"url\":\"\",\"contentUrl\":\"\",\"caption\":\"Atana\"},\"image\":{\"@id\":\"https:\/\/atana.pl\/#\/schema\/logo\/image\/\"},\"sameAs\":[\"https:\/\/www.facebook.com\/atanayachts\",\"https:\/\/www.instagram.com\/atanaboats\/\",\"https:\/\/www.youtube.com\/channel\/UClMMmVqqx17in9QzgxK90Mw\"]}]}<\/script>\n<!-- \/ Yoast SEO plugin. -->","yoast_head_json":{"title":"Uchwyt Armor-X - Potr\u00f3jna przyssawka - Tablet - Atana","description":"Potr\u00f3jny uchwyt Armor-X X76T TYPE-T do tablet\u00f3w na \u0142odzie, jachty i auta. Stabilny nawet na falach i w terenie. Pasuje do etui Armor-X do tablet\u00f3w","robots":{"index":"index","follow":"follow","max-snippet":"max-snippet:-1","max-image-preview":"max-image-preview:large","max-video-preview":"max-video-preview:-1"},"canonical":"https:\/\/atana.pl\/en\/online-shop\/armor-x\/x-mount\/uchwyt-armor-x-potrojna-przyssawka-tablet\/","og_locale":"en_GB","og_type":"article","og_title":"Uchwyt Armor-X - Potr\u00f3jna przyssawka - Tablet - Atana","og_description":"Potr\u00f3jny uchwyt Armor-X X76T TYPE-T do tablet\u00f3w na \u0142odzie, jachty i auta. Stabilny nawet na falach i w terenie. Pasuje do etui Armor-X do tablet\u00f3w","og_url":"https:\/\/atana.pl\/en\/online-shop\/armor-x\/x-mount\/uchwyt-armor-x-potrojna-przyssawka-tablet\/","og_site_name":"Atana","article_publisher":"https:\/\/www.facebook.com\/atanayachts","article_modified_time":"2026-01-20T15:46:08+00:00","og_image":[{"width":1000,"height":1000,"url":"https:\/\/atana.pl\/wp-content\/uploads\/2026\/01\/x76t_armor-x-ipad-triple-suction-cup-mount-with-1_4-threaded-head-360-degree-tripod_ball_head-mount-for-tablet_1a.webp","type":"image\/webp"}],"twitter_card":"summary_large_image","twitter_misc":{"Estimated reading time":"1 minute"},"schema":{"@context":"https:\/\/schema.org","@graph":[{"@type":"WebPage","@id":"https:\/\/atana.pl\/sklep-on-line\/armor-x\/x-mount\/uchwyt-armor-x-potrojna-przyssawka-tablet\/","url":"https:\/\/atana.pl\/sklep-on-line\/armor-x\/x-mount\/uchwyt-armor-x-potrojna-przyssawka-tablet\/","name":"Uchwyt Armor-X - Potr\u00f3jna przyssawka - Tablet - Atana","isPartOf":{"@id":"https:\/\/atana.pl\/#website"},"primaryImageOfPage":{"@id":"https:\/\/atana.pl\/sklep-on-line\/armor-x\/x-mount\/uchwyt-armor-x-potrojna-przyssawka-tablet\/#primaryimage"},"image":{"@id":"https:\/\/atana.pl\/sklep-on-line\/armor-x\/x-mount\/uchwyt-armor-x-potrojna-przyssawka-tablet\/#primaryimage"},"thumbnailUrl":"https:\/\/atana.pl\/wp-content\/uploads\/2026\/01\/x76t_armor-x-ipad-triple-suction-cup-mount-with-1_4-threaded-head-360-degree-tripod_ball_head-mount-for-tablet_1a.webp","datePublished":"2026-01-13T12:00:30+00:00","dateModified":"2026-01-20T15:46:08+00:00","description":"Potr\u00f3jny uchwyt Armor-X X76T TYPE-T do tablet\u00f3w na \u0142odzie, jachty i auta. Stabilny nawet na falach i w terenie. Pasuje do etui Armor-X do tablet\u00f3w","breadcrumb":{"@id":"https:\/\/atana.pl\/sklep-on-line\/armor-x\/x-mount\/uchwyt-armor-x-potrojna-przyssawka-tablet\/#breadcrumb"},"inLanguage":"en-GB","potentialAction":[{"@type":"ReadAction","target":["https:\/\/atana.pl\/sklep-on-line\/armor-x\/x-mount\/uchwyt-armor-x-potrojna-przyssawka-tablet\/"]}]},{"@type":"ImageObject","inLanguage":"en-GB","@id":"https:\/\/atana.pl\/sklep-on-line\/armor-x\/x-mount\/uchwyt-armor-x-potrojna-przyssawka-tablet\/#primaryimage","url":"https:\/\/atana.pl\/wp-content\/uploads\/2026\/01\/x76t_armor-x-ipad-triple-suction-cup-mount-with-1_4-threaded-head-360-degree-tripod_ball_head-mount-for-tablet_1a.webp","contentUrl":"https:\/\/atana.pl\/wp-content\/uploads\/2026\/01\/x76t_armor-x-ipad-triple-suction-cup-mount-with-1_4-threaded-head-360-degree-tripod_ball_head-mount-for-tablet_1a.webp","width":1000,"height":1000,"caption":"x76t armor x ipad triple suction cup mount with 1 4 threaded head 360 degree tripod ball head mount for tablet 1a"},{"@type":"BreadcrumbList","@id":"https:\/\/atana.pl\/sklep-on-line\/armor-x\/x-mount\/uchwyt-armor-x-potrojna-przyssawka-tablet\/#breadcrumb","itemListElement":[{"@type":"ListItem","position":1,"name":"Strona g\u0142\u00f3wna","item":"https:\/\/atana.pl\/"},{"@type":"ListItem","position":2,"name":"Sklep on-line","item":"https:\/\/atana.pl\/sklep-on-line\/"},{"@type":"ListItem","position":3,"name":"Uchwyt Armor-X &#8211; Potr\u00f3jna przyssawka &#8211; Tablet"}]},{"@type":"WebSite","@id":"https:\/\/atana.pl\/#website","url":"https:\/\/atana.pl\/","name":"Atana","description":"Akcesoria do \u0142odzi, kamper\u00f3w i przyczep. \u0141odzie motorowe","publisher":{"@id":"https:\/\/atana.pl\/#organization"},"potentialAction":[{"@type":"SearchAction","target":{"@type":"EntryPoint","urlTemplate":"https:\/\/atana.pl\/?s={search_term_string}"},"query-input":{"@type":"PropertyValueSpecification","valueRequired":true,"valueName":"search_term_string"}}],"inLanguage":"en-GB"},{"@type":"Organization","@id":"https:\/\/atana.pl\/#organization","name":"Atana","url":"https:\/\/atana.pl\/","logo":{"@type":"ImageObject","inLanguage":"en-GB","@id":"https:\/\/atana.pl\/#\/schema\/logo\/image\/","url":"","contentUrl":"","caption":"Atana"},"image":{"@id":"https:\/\/atana.pl\/#\/schema\/logo\/image\/"},"sameAs":["https:\/\/www.facebook.com\/atanayachts","https:\/\/www.instagram.com\/atanaboats\/","https:\/\/www.youtube.com\/channel\/UClMMmVqqx17in9QzgxK90Mw"]}]}},"_links":{"self":[{"href":"https:\/\/atana.pl\/en\/wp-json\/wp\/v2\/product\/7795","targetHints":{"allow":["GET"]}}],"collection":[{"href":"https:\/\/atana.pl\/en\/wp-json\/wp\/v2\/product"}],"about":[{"href":"https:\/\/atana.pl\/en\/wp-json\/wp\/v2\/types\/product"}],"wp:featuredmedia":[{"embeddable":true,"href":"https:\/\/atana.pl\/en\/wp-json\/wp\/v2\/media\/7805"}],"wp:attachment":[{"href":"https:\/\/atana.pl\/en\/wp-json\/wp\/v2\/media?parent=7795"}],"wp:term":[{"taxonomy":"product_brand","embeddable":true,"href":"https:\/\/atana.pl\/en\/wp-json\/wp\/v2\/product_brand?post=7795"},{"taxonomy":"product_cat","embeddable":true,"href":"https:\/\/atana.pl\/en\/wp-json\/wp\/v2\/product_cat?post=7795"},{"taxonomy":"product_tag","embeddable":true,"href":"https:\/\/atana.pl\/en\/wp-json\/wp\/v2\/product_tag?post=7795"}],"curies":[{"name":"wp","href":"https:\/\/api.w.org\/{rel}","templated":true}]}}