{"id":7230,"date":"2025-06-13T10:23:46","date_gmt":"2025-06-13T08:23:46","guid":{"rendered":"https:\/\/atana.pl\/?post_type=product&#038;p=7230"},"modified":"2026-02-05T11:36:20","modified_gmt":"2026-02-05T10:36:20","slug":"szpula-do-windy-kotwicznej-asm105","status":"publish","type":"product","link":"https:\/\/atana.pl\/en\/online-shop\/lifts_accessories\/czesci-zamienne\/szpula-do-windy-kotwicznej-asm105\/","title":{"rendered":"Szpula do windy kotwicznej &#8211; Nierdzewna ASM105"},"content":{"rendered":"<h2 data-start=\"183\" data-end=\"261\">\ud83e\uddf2 <strong data-start=\"189\" data-end=\"259\">Szpula ze stali nierdzewnej \u2013 zamiennik do wind kotwicznych TRAC \u2693<\/strong><\/h2>\n<p data-start=\"262\" data-end=\"308\">Zamie\u0144 plastik na jako\u015b\u0107, kt\u00f3ra przetrwa lata!<\/p>\n<hr data-start=\"310\" data-end=\"313\" \/>\n<h3 data-start=\"315\" data-end=\"341\">\ud83d\udee0\ufe0f <strong data-start=\"323\" data-end=\"341\">Product description:<\/strong><\/h3>\n<p>Wysokiej jako\u015bci <strong data-start=\"360\" data-end=\"391\">szpula ze stali nierdzewnej<\/strong> to solidny i trwa\u0142y zamiennik dla oryginalnej plastikowej szpuli stosowanej w windach kotwicznych <strong data-start=\"490\" data-end=\"498\">TRAC. <\/strong><b>Zamiennik dla plastikowych szpul Nr: PG10208-6, P10208-5, 69821.<\/b><\/p>\n<p data-start=\"343\" data-end=\"688\">Thanks to <strong data-start=\"507\" data-end=\"558\">identycznym wymiarom i kompatybilnym mocowaniom<\/strong>, stalowa wersja <strong data-start=\"575\" data-end=\"630\">pasuje idealnie bez \u017cadnych przer\u00f3bek ani wiercenia<\/strong>. Wystarczy wyj\u0105\u0107 star\u0105 szpul\u0119 i zamontowa\u0107 now\u0105 \u2013 gotowe!<\/p>\n<p data-start=\"690\" data-end=\"911\">Wykonana z odpornej na korozj\u0119 <strong data-start=\"721\" data-end=\"742\">stali nierdzewnej<\/strong>, doskonale sprawdza si\u0119 nawet w trudnych warunkach morskich. To idealne rozwi\u0105zanie dla os\u00f3b, kt\u00f3re chc\u0105 poprawi\u0107 niezawodno\u015b\u0107 i \u017cywotno\u015b\u0107 swojej windy kotwicznej. \ud83d\udd27\u2699\ufe0f<\/p>\n<p data-start=\"690\" data-end=\"911\">Szpula zosta\u0142a wyposa\u017cona w <strong data-start=\"174\" data-end=\"237\">centralny otw\u00f3r dopasowany do oryginalnego wa\u0142ka nap\u0119dowego<\/strong> TRAC \u2013 ma on charakterystyczny kszta\u0142t <strong data-start=\"277\" data-end=\"317\">p\u00f3\u0142ksi\u0119\u017cyca (\u015bci\u0119ty z jednej strony)<\/strong>, co zapewnia <strong data-start=\"331\" data-end=\"361\">pewne i stabilne osadzenie<\/strong> oraz pe\u0142n\u0105 kompatybilno\u015b\u0107 z mechanizmem nap\u0119dowym windy.\u00a0<br data-start=\"418\" data-end=\"421\" \/>Nie wymaga \u017cadnych przer\u00f3bek ani dopasowywania \u2013 wystarczy wsun\u0105\u0107 na wa\u0142ek i dzia\u0142a! \ud83d\udd01\u2699\ufe0f<\/p>\n<p data-start=\"690\" data-end=\"911\">Lin\u0119 mocujemy do szpuli za pomoc\u0105 paska dostarczonego w zestawie<\/p>\n<hr data-start=\"1292\" data-end=\"1295\" \/>\n<p><u>Wymiary szpuli:<\/u><\/p>\n<p>A &#8211; szeroko\u015b\u0107 wewn\u0119trzna: 101,00 mm<\/p>\n<p>B &#8211; szeroko\u015b\u0107 zewn\u0119trzna: 111,00 mm<\/p>\n<p>C &#8211; szeroko\u015b\u0107 w miejscu monta\u017cu: 105,00 mm<\/p>\n<p>F \u2013 \u015brednica zewn\u0119trzna: 112,00 mm<\/p>\n<p><u>Wymiary na o\u015b nap\u0119dow\u0105:<\/u><\/p>\n<p>D &#8211; 10,00 mm<\/p>\n<p>E &#8211; 12,00 mm<\/p>\n<hr data-start=\"913\" data-end=\"916\" \/>\n<h3 data-start=\"918\" data-end=\"965\">\u2705 <strong data-start=\"924\" data-end=\"965\">Dlaczego warto wybra\u0107 stalow\u0105 szpul\u0119?<\/strong><\/h3>\n<ul data-start=\"966\" data-end=\"1290\">\n<li data-start=\"966\" data-end=\"1044\">\n<p data-start=\"968\" data-end=\"1044\">\ud83d\udd29 <strong data-start=\"971\" data-end=\"997\">Wzmocniona konstrukcja<\/strong> \u2013 nie p\u0119ka ani nie odkszta\u0142ca si\u0119 jak plastik.<\/p>\n<\/li>\n<li data-start=\"1045\" data-end=\"1120\">\n<p data-start=\"1047\" data-end=\"1120\">\ud83c\udf0a <strong data-start=\"1050\" data-end=\"1072\">Odporna na korozj\u0119<\/strong> \u2013 stal nierdzewna sprawdza si\u0119 w s\u0142onej wodzie.<\/p>\n<\/li>\n<li data-start=\"1121\" data-end=\"1176\">\n<p data-start=\"1123\" data-end=\"1176\">\u2693 <strong data-start=\"1125\" data-end=\"1148\">Idealne dopasowanie<\/strong> \u2013 pasuje <strong data-start=\"1158\" data-end=\"1175\">bez przer\u00f3bek<\/strong>.<\/p>\n<\/li>\n<li data-start=\"1177\" data-end=\"1235\">\n<p data-start=\"1179\" data-end=\"1235\">\ud83d\udee0\ufe0f <strong data-start=\"1183\" data-end=\"1207\">Bezproblemowy monta\u017c<\/strong> \u2013 wymiana trwa kilka minut.<\/p>\n<\/li>\n<li data-start=\"1236\" data-end=\"1290\">\n<p data-start=\"1238\" data-end=\"1290\">\ud83d\udcaa <strong data-start=\"1241\" data-end=\"1260\">Lepsza trwa\u0142o\u015b\u0107<\/strong> \u2013 na d\u0142ugie lata u\u017cytkowania.<\/p>\n<\/li>\n<\/ul>\n<hr data-start=\"1292\" data-end=\"1295\" \/>\n<h3 data-start=\"1297\" data-end=\"1342\">\ud83d\udd27 <strong data-start=\"1304\" data-end=\"1342\">Kompatybilno\u015b\u0107 \u2013 pasuje do modeli:<\/strong><\/h3>\n<h4 data-start=\"1344\" data-end=\"1364\"><strong data-start=\"1349\" data-end=\"1364\">TRAC Gen. 3<\/strong><\/h4>\n<ul data-start=\"1365\" data-end=\"1474\">\n<li data-start=\"1365\" data-end=\"1381\">\n<p data-start=\"1367\" data-end=\"1381\">Fisherman 25<\/p>\n<\/li>\n<li data-start=\"1382\" data-end=\"1396\">\n<p data-start=\"1384\" data-end=\"1396\">Pontoon 35<\/p>\n<\/li>\n<li data-start=\"1397\" data-end=\"1421\">\n<p data-start=\"1399\" data-end=\"1421\">Angler 30 Autodeploy<\/p>\n<\/li>\n<li data-start=\"1422\" data-end=\"1448\">\n<p data-start=\"1424\" data-end=\"1448\">Deckboat 40 Autodeploy<\/p>\n<\/li>\n<li data-start=\"1449\" data-end=\"1474\">\n<p data-start=\"1451\" data-end=\"1474\">Seaside 40 Autodeploy<\/p>\n<\/li>\n<\/ul>\n<h4 data-start=\"1476\" data-end=\"1496\"><strong data-start=\"1481\" data-end=\"1496\">TRAC Gen. 2<\/strong><\/h4>\n<ul data-start=\"1497\" data-end=\"1673\">\n<li data-start=\"1497\" data-end=\"1513\">\n<p data-start=\"1499\" data-end=\"1513\">Fisherman 25<\/p>\n<\/li>\n<li data-start=\"1514\" data-end=\"1528\">\n<p data-start=\"1516\" data-end=\"1528\">Pontoon 35<\/p>\n<\/li>\n<li data-start=\"1529\" data-end=\"1543\">\n<p data-start=\"1531\" data-end=\"1543\">Coastal 35<\/p>\n<\/li>\n<li data-start=\"1544\" data-end=\"1568\">\n<p data-start=\"1546\" data-end=\"1568\">Angler 25 Autodeploy<\/p>\n<\/li>\n<li data-start=\"1569\" data-end=\"1593\">\n<p data-start=\"1571\" data-end=\"1593\">Angler 30 Autodeploy<\/p>\n<\/li>\n<li data-start=\"1594\" data-end=\"1620\">\n<p data-start=\"1596\" data-end=\"1620\">Deckboat 35 Autodeploy<\/p>\n<\/li>\n<li data-start=\"1621\" data-end=\"1647\">\n<p data-start=\"1623\" data-end=\"1647\">Deckboat 40 Autodeploy<\/p>\n<\/li>\n<li data-start=\"1648\" data-end=\"1673\">\n<p data-start=\"1650\" data-end=\"1673\">Seaside 40 Autodeploy<\/p>\n<\/li>\n<\/ul>\n<h4 data-start=\"1675\" data-end=\"1695\"><strong data-start=\"1680\" data-end=\"1695\">TRAC Gen. 1<\/strong><\/h4>\n<ul data-start=\"1696\" data-end=\"1759\">\n<li data-start=\"1696\" data-end=\"1712\">\n<p data-start=\"1698\" data-end=\"1712\">Fisherman 25<\/p>\n<\/li>\n<li data-start=\"1713\" data-end=\"1727\">\n<p data-start=\"1715\" data-end=\"1727\">Pontoon 35<\/p>\n<\/li>\n<li data-start=\"1728\" data-end=\"1742\">\n<p data-start=\"1730\" data-end=\"1742\">Coastal 35<\/p>\n<\/li>\n<li data-start=\"1743\" data-end=\"1759\">\n<p data-start=\"1745\" data-end=\"1759\">Big Water 45<\/p>\n<\/li>\n<\/ul>\n<hr data-start=\"1292\" data-end=\"1295\" \/>\n<h3 data-start=\"1297\" data-end=\"1342\">\ud83d\udd27 <strong data-start=\"1304\" data-end=\"1342\">Monta\u017c liny:<\/strong><\/h3>\n<p><img fetchpriority=\"high\" decoding=\"async\" class=\"size-medium wp-image-7233 alignleft\" title=\"Szpula monta\u017c paska\" src=\"https:\/\/atana.pl\/wp-content\/uploads\/2025\/06\/Szpula_montaz-paska-300x216.png\" alt=\"Szpula monta\u017c paska\" width=\"300\" height=\"216\" srcset=\"https:\/\/atana.pl\/wp-content\/uploads\/2025\/06\/Szpula_montaz-paska-300x216.png 300w, https:\/\/atana.pl\/wp-content\/uploads\/2025\/06\/Szpula_montaz-paska-1024x739.png 1024w, https:\/\/atana.pl\/wp-content\/uploads\/2025\/06\/Szpula_montaz-paska-768x554.png 768w, https:\/\/atana.pl\/wp-content\/uploads\/2025\/06\/Szpula_montaz-paska-18x12.png 18w, https:\/\/atana.pl\/wp-content\/uploads\/2025\/06\/Szpula_montaz-paska-150x108.png 150w, https:\/\/atana.pl\/wp-content\/uploads\/2025\/06\/Szpula_montaz-paska-600x433.png 600w, https:\/\/atana.pl\/wp-content\/uploads\/2025\/06\/Szpula_montaz-paska-64x46.png 64w, https:\/\/atana.pl\/wp-content\/uploads\/2025\/06\/Szpula_montaz-paska.png 1210w\" sizes=\"(max-width: 300px) 100vw, 300px\" \/><\/p>\n<p>1. Prze\u0142\u00f3\u017c lin\u0119 przez p\u0119tl\u0119 A<br \/>\n2. Owi\u0144 lin\u0119 kilka razy:<br \/>\n&#8211; dla liny 4 mm &#8211; owi\u0144 8 razy<br \/>\n&#8211; dla liny 5 mm &#8211; owi\u0144 6 razy<br \/>\n&#8211; dla liny 6 mm &#8211; owi\u0144 5 razy<br \/>\n3. Prze\u0142\u00f3\u017c lin\u0119 przez p\u0119tl\u0119 B<br \/>\n4. U\u0142\u00f3\u017c i naci\u0105gnij lin\u0119 jak na rysunku.<\/p>","protected":false},"excerpt":{"rendered":"<p>Szpula ze stali nierdzewnej \u2013 zamiennik do wind kotwicznych TRAC. Pasuje idealnie bez przer\u00f3bek. Kompatybilna z wieloma modelami.<\/p>","protected":false},"featured_media":8580,"template":"","meta":{"_acf_changed":false},"product_brand":[],"product_cat":[1285,104],"product_tag":[1291,1292,1290,1286,1289,1288,1287],"class_list":{"0":"post-7230","1":"product","2":"type-product","3":"status-publish","4":"has-post-thumbnail","6":"product_cat-czesci-zamienne","7":"product_cat-windy_akcesoria","8":"product_tag-akcesoria-do-wind-trac","9":"product_tag-czesci-zamienne-trac","10":"product_tag-stalowa-szpula-do-angler","11":"product_tag-stalowa-szpula-trac","12":"product_tag-szpula-stalowa-pontoon-35","13":"product_tag-trac-stainless-steel-spool","14":"product_tag-zamiennik-trac-winda-kotwiczna","16":"first","17":"instock","18":"taxable","19":"shipping-taxable","20":"purchasable","21":"product-type-simple"},"acf":[],"yoast_head":"<!-- This site is optimized with the Yoast SEO plugin v25.2 - https:\/\/yoast.com\/wordpress\/plugins\/seo\/ -->\n<title>Szpula do windy kotwicznej - Nierdzewna ASM105 - Atana<\/title>\n<meta name=\"description\" content=\"Trwa\u0142a stalowa szpula do wind TRAC. Zamiennik plastikowej \u2013 pasuje bez przer\u00f3bek. Do modeli Gen.1\u20133. Odporna na korozj\u0119. Metalowa szpula do wyci\u0105garki TRAC\" \/>\n<meta name=\"robots\" content=\"index, follow, max-snippet:-1, max-image-preview:large, max-video-preview:-1\" \/>\n<link rel=\"canonical\" href=\"https:\/\/atana.pl\/en\/online-shop\/lifts_accessories\/czesci-zamienne\/szpula-do-windy-kotwicznej-asm105\/\" \/>\n<meta property=\"og:locale\" content=\"en_GB\" \/>\n<meta property=\"og:type\" content=\"article\" \/>\n<meta property=\"og:title\" content=\"Szpula do windy kotwicznej - Nierdzewna ASM105 - Atana\" \/>\n<meta property=\"og:description\" content=\"Trwa\u0142a stalowa szpula do wind TRAC. Zamiennik plastikowej \u2013 pasuje bez przer\u00f3bek. Do modeli Gen.1\u20133. Odporna na korozj\u0119. Metalowa szpula do wyci\u0105garki TRAC\" \/>\n<meta property=\"og:url\" content=\"https:\/\/atana.pl\/en\/online-shop\/lifts_accessories\/czesci-zamienne\/szpula-do-windy-kotwicznej-asm105\/\" \/>\n<meta property=\"og:site_name\" content=\"Atana\" \/>\n<meta property=\"article:publisher\" content=\"https:\/\/www.facebook.com\/atanayachts\" \/>\n<meta property=\"article:modified_time\" content=\"2026-02-05T10:36:20+00:00\" \/>\n<meta property=\"og:image\" content=\"https:\/\/atana.pl\/wp-content\/uploads\/1967\/01\/Metalowa-szpula_elektryczne-wyciagarki-do-kotiwc_biale-tlo_zamiennik-dla_PG10208-6_P10208-5_69821_ASM105.webp\" \/>\n\t<meta property=\"og:image:width\" content=\"1080\" \/>\n\t<meta property=\"og:image:height\" content=\"1080\" \/>\n\t<meta property=\"og:image:type\" content=\"image\/webp\" \/>\n<meta name=\"twitter:card\" content=\"summary_large_image\" \/>\n<meta name=\"twitter:label1\" content=\"Estimated reading time\" \/>\n\t<meta name=\"twitter:data1\" content=\"2 minutes\" \/>\n<script type=\"application\/ld+json\" class=\"yoast-schema-graph\">{\"@context\":\"https:\/\/schema.org\",\"@graph\":[{\"@type\":\"WebPage\",\"@id\":\"https:\/\/atana.pl\/sklep-on-line\/windy_akcesoria\/czesci-zamienne\/szpula-do-windy-kotwicznej-asm105\/\",\"url\":\"https:\/\/atana.pl\/sklep-on-line\/windy_akcesoria\/czesci-zamienne\/szpula-do-windy-kotwicznej-asm105\/\",\"name\":\"Szpula do windy kotwicznej - Nierdzewna ASM105 - Atana\",\"isPartOf\":{\"@id\":\"https:\/\/atana.pl\/#website\"},\"primaryImageOfPage\":{\"@id\":\"https:\/\/atana.pl\/sklep-on-line\/windy_akcesoria\/czesci-zamienne\/szpula-do-windy-kotwicznej-asm105\/#primaryimage\"},\"image\":{\"@id\":\"https:\/\/atana.pl\/sklep-on-line\/windy_akcesoria\/czesci-zamienne\/szpula-do-windy-kotwicznej-asm105\/#primaryimage\"},\"thumbnailUrl\":\"https:\/\/atana.pl\/wp-content\/uploads\/1967\/01\/Metalowa-szpula_elektryczne-wyciagarki-do-kotiwc_biale-tlo_zamiennik-dla_PG10208-6_P10208-5_69821_ASM105.webp\",\"datePublished\":\"2025-06-13T08:23:46+00:00\",\"dateModified\":\"2026-02-05T10:36:20+00:00\",\"description\":\"Trwa\u0142a stalowa szpula do wind TRAC. Zamiennik plastikowej \u2013 pasuje bez przer\u00f3bek. Do modeli Gen.1\u20133. Odporna na korozj\u0119. Metalowa szpula do wyci\u0105garki TRAC\",\"breadcrumb\":{\"@id\":\"https:\/\/atana.pl\/sklep-on-line\/windy_akcesoria\/czesci-zamienne\/szpula-do-windy-kotwicznej-asm105\/#breadcrumb\"},\"inLanguage\":\"en-GB\",\"potentialAction\":[{\"@type\":\"ReadAction\",\"target\":[\"https:\/\/atana.pl\/sklep-on-line\/windy_akcesoria\/czesci-zamienne\/szpula-do-windy-kotwicznej-asm105\/\"]}]},{\"@type\":\"ImageObject\",\"inLanguage\":\"en-GB\",\"@id\":\"https:\/\/atana.pl\/sklep-on-line\/windy_akcesoria\/czesci-zamienne\/szpula-do-windy-kotwicznej-asm105\/#primaryimage\",\"url\":\"https:\/\/atana.pl\/wp-content\/uploads\/1967\/01\/Metalowa-szpula_elektryczne-wyciagarki-do-kotiwc_biale-tlo_zamiennik-dla_PG10208-6_P10208-5_69821_ASM105.webp\",\"contentUrl\":\"https:\/\/atana.pl\/wp-content\/uploads\/1967\/01\/Metalowa-szpula_elektryczne-wyciagarki-do-kotiwc_biale-tlo_zamiennik-dla_PG10208-6_P10208-5_69821_ASM105.webp\",\"width\":1080,\"height\":1080,\"caption\":\"Metalowa szpula elektryczne wyciagarki do kotiwc bia\u0142e t\u0142o zamiennik dla PG10208 6 P10208 5 69821 ASM105\"},{\"@type\":\"BreadcrumbList\",\"@id\":\"https:\/\/atana.pl\/sklep-on-line\/windy_akcesoria\/czesci-zamienne\/szpula-do-windy-kotwicznej-asm105\/#breadcrumb\",\"itemListElement\":[{\"@type\":\"ListItem\",\"position\":1,\"name\":\"Strona g\u0142\u00f3wna\",\"item\":\"https:\/\/atana.pl\/\"},{\"@type\":\"ListItem\",\"position\":2,\"name\":\"Sklep on-line\",\"item\":\"https:\/\/atana.pl\/sklep-on-line\/\"},{\"@type\":\"ListItem\",\"position\":3,\"name\":\"Szpula do windy kotwicznej &#8211; Nierdzewna ASM105\"}]},{\"@type\":\"WebSite\",\"@id\":\"https:\/\/atana.pl\/#website\",\"url\":\"https:\/\/atana.pl\/\",\"name\":\"Atana\",\"description\":\"Akcesoria do \u0142odzi, kamper\u00f3w i przyczep. \u0141odzie motorowe\",\"publisher\":{\"@id\":\"https:\/\/atana.pl\/#organization\"},\"potentialAction\":[{\"@type\":\"SearchAction\",\"target\":{\"@type\":\"EntryPoint\",\"urlTemplate\":\"https:\/\/atana.pl\/?s={search_term_string}\"},\"query-input\":{\"@type\":\"PropertyValueSpecification\",\"valueRequired\":true,\"valueName\":\"search_term_string\"}}],\"inLanguage\":\"en-GB\"},{\"@type\":\"Organization\",\"@id\":\"https:\/\/atana.pl\/#organization\",\"name\":\"Atana\",\"url\":\"https:\/\/atana.pl\/\",\"logo\":{\"@type\":\"ImageObject\",\"inLanguage\":\"en-GB\",\"@id\":\"https:\/\/atana.pl\/#\/schema\/logo\/image\/\",\"url\":\"\",\"contentUrl\":\"\",\"caption\":\"Atana\"},\"image\":{\"@id\":\"https:\/\/atana.pl\/#\/schema\/logo\/image\/\"},\"sameAs\":[\"https:\/\/www.facebook.com\/atanayachts\",\"https:\/\/www.instagram.com\/atanaboats\/\",\"https:\/\/www.youtube.com\/channel\/UClMMmVqqx17in9QzgxK90Mw\"]}]}<\/script>\n<!-- \/ Yoast SEO plugin. -->","yoast_head_json":{"title":"Szpula do windy kotwicznej - Nierdzewna ASM105 - Atana","description":"Trwa\u0142a stalowa szpula do wind TRAC. Zamiennik plastikowej \u2013 pasuje bez przer\u00f3bek. Do modeli Gen.1\u20133. Odporna na korozj\u0119. Metalowa szpula do wyci\u0105garki TRAC","robots":{"index":"index","follow":"follow","max-snippet":"max-snippet:-1","max-image-preview":"max-image-preview:large","max-video-preview":"max-video-preview:-1"},"canonical":"https:\/\/atana.pl\/en\/online-shop\/lifts_accessories\/czesci-zamienne\/szpula-do-windy-kotwicznej-asm105\/","og_locale":"en_GB","og_type":"article","og_title":"Szpula do windy kotwicznej - Nierdzewna ASM105 - Atana","og_description":"Trwa\u0142a stalowa szpula do wind TRAC. Zamiennik plastikowej \u2013 pasuje bez przer\u00f3bek. Do modeli Gen.1\u20133. Odporna na korozj\u0119. Metalowa szpula do wyci\u0105garki TRAC","og_url":"https:\/\/atana.pl\/en\/online-shop\/lifts_accessories\/czesci-zamienne\/szpula-do-windy-kotwicznej-asm105\/","og_site_name":"Atana","article_publisher":"https:\/\/www.facebook.com\/atanayachts","article_modified_time":"2026-02-05T10:36:20+00:00","og_image":[{"width":1080,"height":1080,"url":"https:\/\/atana.pl\/wp-content\/uploads\/1967\/01\/Metalowa-szpula_elektryczne-wyciagarki-do-kotiwc_biale-tlo_zamiennik-dla_PG10208-6_P10208-5_69821_ASM105.webp","type":"image\/webp"}],"twitter_card":"summary_large_image","twitter_misc":{"Estimated reading time":"2 minutes"},"schema":{"@context":"https:\/\/schema.org","@graph":[{"@type":"WebPage","@id":"https:\/\/atana.pl\/sklep-on-line\/windy_akcesoria\/czesci-zamienne\/szpula-do-windy-kotwicznej-asm105\/","url":"https:\/\/atana.pl\/sklep-on-line\/windy_akcesoria\/czesci-zamienne\/szpula-do-windy-kotwicznej-asm105\/","name":"Szpula do windy kotwicznej - Nierdzewna ASM105 - Atana","isPartOf":{"@id":"https:\/\/atana.pl\/#website"},"primaryImageOfPage":{"@id":"https:\/\/atana.pl\/sklep-on-line\/windy_akcesoria\/czesci-zamienne\/szpula-do-windy-kotwicznej-asm105\/#primaryimage"},"image":{"@id":"https:\/\/atana.pl\/sklep-on-line\/windy_akcesoria\/czesci-zamienne\/szpula-do-windy-kotwicznej-asm105\/#primaryimage"},"thumbnailUrl":"https:\/\/atana.pl\/wp-content\/uploads\/1967\/01\/Metalowa-szpula_elektryczne-wyciagarki-do-kotiwc_biale-tlo_zamiennik-dla_PG10208-6_P10208-5_69821_ASM105.webp","datePublished":"2025-06-13T08:23:46+00:00","dateModified":"2026-02-05T10:36:20+00:00","description":"Trwa\u0142a stalowa szpula do wind TRAC. Zamiennik plastikowej \u2013 pasuje bez przer\u00f3bek. Do modeli Gen.1\u20133. Odporna na korozj\u0119. Metalowa szpula do wyci\u0105garki TRAC","breadcrumb":{"@id":"https:\/\/atana.pl\/sklep-on-line\/windy_akcesoria\/czesci-zamienne\/szpula-do-windy-kotwicznej-asm105\/#breadcrumb"},"inLanguage":"en-GB","potentialAction":[{"@type":"ReadAction","target":["https:\/\/atana.pl\/sklep-on-line\/windy_akcesoria\/czesci-zamienne\/szpula-do-windy-kotwicznej-asm105\/"]}]},{"@type":"ImageObject","inLanguage":"en-GB","@id":"https:\/\/atana.pl\/sklep-on-line\/windy_akcesoria\/czesci-zamienne\/szpula-do-windy-kotwicznej-asm105\/#primaryimage","url":"https:\/\/atana.pl\/wp-content\/uploads\/1967\/01\/Metalowa-szpula_elektryczne-wyciagarki-do-kotiwc_biale-tlo_zamiennik-dla_PG10208-6_P10208-5_69821_ASM105.webp","contentUrl":"https:\/\/atana.pl\/wp-content\/uploads\/1967\/01\/Metalowa-szpula_elektryczne-wyciagarki-do-kotiwc_biale-tlo_zamiennik-dla_PG10208-6_P10208-5_69821_ASM105.webp","width":1080,"height":1080,"caption":"Metalowa szpula elektryczne wyciagarki do kotiwc bia\u0142e t\u0142o zamiennik dla PG10208 6 P10208 5 69821 ASM105"},{"@type":"BreadcrumbList","@id":"https:\/\/atana.pl\/sklep-on-line\/windy_akcesoria\/czesci-zamienne\/szpula-do-windy-kotwicznej-asm105\/#breadcrumb","itemListElement":[{"@type":"ListItem","position":1,"name":"Strona g\u0142\u00f3wna","item":"https:\/\/atana.pl\/"},{"@type":"ListItem","position":2,"name":"Sklep on-line","item":"https:\/\/atana.pl\/sklep-on-line\/"},{"@type":"ListItem","position":3,"name":"Szpula do windy kotwicznej &#8211; Nierdzewna ASM105"}]},{"@type":"WebSite","@id":"https:\/\/atana.pl\/#website","url":"https:\/\/atana.pl\/","name":"Atana","description":"Akcesoria do \u0142odzi, kamper\u00f3w i przyczep. \u0141odzie motorowe","publisher":{"@id":"https:\/\/atana.pl\/#organization"},"potentialAction":[{"@type":"SearchAction","target":{"@type":"EntryPoint","urlTemplate":"https:\/\/atana.pl\/?s={search_term_string}"},"query-input":{"@type":"PropertyValueSpecification","valueRequired":true,"valueName":"search_term_string"}}],"inLanguage":"en-GB"},{"@type":"Organization","@id":"https:\/\/atana.pl\/#organization","name":"Atana","url":"https:\/\/atana.pl\/","logo":{"@type":"ImageObject","inLanguage":"en-GB","@id":"https:\/\/atana.pl\/#\/schema\/logo\/image\/","url":"","contentUrl":"","caption":"Atana"},"image":{"@id":"https:\/\/atana.pl\/#\/schema\/logo\/image\/"},"sameAs":["https:\/\/www.facebook.com\/atanayachts","https:\/\/www.instagram.com\/atanaboats\/","https:\/\/www.youtube.com\/channel\/UClMMmVqqx17in9QzgxK90Mw"]}]}},"_links":{"self":[{"href":"https:\/\/atana.pl\/en\/wp-json\/wp\/v2\/product\/7230","targetHints":{"allow":["GET"]}}],"collection":[{"href":"https:\/\/atana.pl\/en\/wp-json\/wp\/v2\/product"}],"about":[{"href":"https:\/\/atana.pl\/en\/wp-json\/wp\/v2\/types\/product"}],"wp:featuredmedia":[{"embeddable":true,"href":"https:\/\/atana.pl\/en\/wp-json\/wp\/v2\/media\/8580"}],"wp:attachment":[{"href":"https:\/\/atana.pl\/en\/wp-json\/wp\/v2\/media?parent=7230"}],"wp:term":[{"taxonomy":"product_brand","embeddable":true,"href":"https:\/\/atana.pl\/en\/wp-json\/wp\/v2\/product_brand?post=7230"},{"taxonomy":"product_cat","embeddable":true,"href":"https:\/\/atana.pl\/en\/wp-json\/wp\/v2\/product_cat?post=7230"},{"taxonomy":"product_tag","embeddable":true,"href":"https:\/\/atana.pl\/en\/wp-json\/wp\/v2\/product_tag?post=7230"}],"curies":[{"name":"wp","href":"https:\/\/api.w.org\/{rel}","templated":true}]}}