{"id":6981,"date":"2022-04-23T15:52:26","date_gmt":"2022-04-23T13:52:26","guid":{"rendered":"https:\/\/atana.pl\/?post_type=product&#038;p=6981"},"modified":"2025-10-09T10:11:07","modified_gmt":"2025-10-09T08:11:07","slug":"rampguide-xl-stainless-steel-side-rails","status":"publish","type":"product","link":"https:\/\/atana.pl\/en\/online-shop\/trailer-accessories\/rampguide\/rampguide-xl-stainless-steel-side-rails\/","title":{"rendered":"RampGuide - boat trailer guide posts XL. Stainless steel."},"content":{"rendered":"<h2 class=\"\" data-start=\"166\" data-end=\"247\">RampGuide boat guides - size XL<\/h2>\n<p class=\"\" data-start=\"249\" data-end=\"667\"><strong data-start=\"249\" data-end=\"282\">RampGuide for boats<\/strong> is a professional boat launching and retrieval aid dedicated to boat trailers. It ensures precise guidance of the boat's hull even in difficult conditions - waves, wind or uneven terrain. With the RampGuide, simply point the boat towards the trailer, sail to the bow and hook the bow to the winch in one movement. Simple, fast and without frustration.<\/p>\n<p class=\"\" data-start=\"669\" data-end=\"1001\">The RampGuide system is designed with convenience in mind - <strong data-start=\"729\" data-end=\"747\">Swivel castors<\/strong> make it easier to guide the hull and <strong data-start=\"783\" data-end=\"823\">galvanised steel masts<\/strong> ensure durability and corrosion resistance. Swivel PVC pipes mounted on masts are closed from above <strong data-start=\"930\" data-end=\"955\">orange plug<\/strong>to improve visibility - even after dark.<\/p>\n<p class=\"\" data-start=\"1003\" data-end=\"1218\">The RampGuide is also a great solution for people who launch and retrieve the boat themselves. You don't have to hit the keel or side rollers perfectly - the guides themselves 'guide' the boat to the centre section of the trailer.<\/p>\n<hr class=\"\" data-start=\"1220\" data-end=\"1223\" \/>\n<h3 class=\"\" data-start=\"1225\" data-end=\"1262\">\ud83d\udd27 Assembly - fast, no drilling<\/h3>\n<p class=\"\" data-start=\"1264\" data-end=\"1604\">Assembly of the RampGuide is <strong data-start=\"1296\" data-end=\"1312\">non-invasive<\/strong> - without cutting and drilling. All you need is a 17 mm spanner. The guides mount directly to the main trailer beams using the clamps and clips from the kit. Quick release fasteners included. These allow easy adjustment of the width of the guides and their quick removal (e.g. for travelling).<\/p>\n<hr class=\"\" data-start=\"1606\" data-end=\"1609\" \/>\n<h3 class=\"\" data-start=\"1611\" data-end=\"1641\">\u2705 Key benefits of RampGuide:<\/h3>\n<ul data-start=\"1643\" data-end=\"2053\">\n<li class=\"\" data-start=\"1643\" data-end=\"1690\">\n<p class=\"\" data-start=\"1645\" data-end=\"1690\">Precise boat centring when loading<\/p>\n<\/li>\n<li class=\"\" data-start=\"1691\" data-end=\"1743\">\n<p class=\"\" data-start=\"1693\" data-end=\"1743\">Easy launching and retrieval - even alone<\/p>\n<\/li>\n<li class=\"\" data-start=\"1744\" data-end=\"1808\">\n<p class=\"\" data-start=\"1746\" data-end=\"1808\">Increased visibility when towing (orange caps)<\/p>\n<\/li>\n<li class=\"\" data-start=\"1809\" data-end=\"1869\">\n<p class=\"\" data-start=\"1811\" data-end=\"1869\">PVC swivel guides - smooth hull guidance<\/p>\n<\/li>\n<li class=\"\" data-start=\"1870\" data-end=\"1917\">\n<p class=\"\" data-start=\"1872\" data-end=\"1917\">Robust and protected steel components<\/p>\n<\/li>\n<li class=\"\" data-start=\"1918\" data-end=\"1971\">\n<p class=\"\" data-start=\"1920\" data-end=\"1971\">Quick assembly and disassembly thanks to thumb screws<\/p>\n<\/li>\n<li class=\"\" data-start=\"1972\" data-end=\"2053\">\n<p class=\"\" data-start=\"1974\" data-end=\"2053\">Compatible with most trailers<\/p>\n<\/li>\n<\/ul>\n<hr class=\"\" data-start=\"2055\" data-end=\"2058\" \/>\n<h3 class=\"\" data-start=\"2060\" data-end=\"2085\">\ud83d\udce6 Kit contents:<\/h3>\n<ul data-start=\"2087\" data-end=\"2254\">\n<li class=\"\" data-start=\"2087\" data-end=\"2131\">\n<p class=\"\" data-start=\"2089\" data-end=\"2131\">2 \u00d7 steel masts with rotating guide<\/p>\n<\/li>\n<li class=\"\" data-start=\"2132\" data-end=\"2156\">\n<p class=\"\" data-start=\"2134\" data-end=\"2156\">2 \u00d7 mounting brackets<\/p>\n<\/li>\n<li class=\"\" data-start=\"1040\" data-end=\"1065\">\n<p class=\"\" data-start=\"1042\" data-end=\"1065\">2 \u00d7 mounting brackets<\/p>\n<\/li>\n<li class=\"\" data-start=\"1066\" data-end=\"1085\">\n<p class=\"\" data-start=\"1068\" data-end=\"1085\">2 \u00d7 flat bars<\/p>\n<\/li>\n<li class=\"\" data-start=\"1086\" data-end=\"1135\">\n<p class=\"\" data-start=\"1088\" data-end=\"1135\">4 \u00d7 thumb screws with lock nuts<\/p>\n<\/li>\n<li class=\"\" data-start=\"2157\" data-end=\"2178\">\n<p class=\"\" data-start=\"2159\" data-end=\"2178\">4 \u00d7 10 mm clips<\/p>\n<\/li>\n<li class=\"\" data-start=\"2179\" data-end=\"2200\">\n<p class=\"\" data-start=\"2181\" data-end=\"2200\">8 \u00d7 M10 washers<\/p>\n<\/li>\n<li class=\"\" data-start=\"2201\" data-end=\"2221\">\n<p class=\"\" data-start=\"2203\" data-end=\"2221\">8 \u00d7 M10 nuts<\/p>\n<\/li>\n<li class=\"\" data-start=\"2222\" data-end=\"2254\">\n<p class=\"\" data-start=\"2224\" data-end=\"2254\">Installation and operating instructions<\/p>\n<\/li>\n<\/ul>\n<hr class=\"\" data-start=\"2567\" data-end=\"2570\" \/>\n<h3 class=\"\" data-start=\"2572\" data-end=\"2601\">\ud83d\udee1\ufe0f Support and guarantee:<\/h3>\n<p class=\"\" data-start=\"2603\" data-end=\"2732\">\u2714\ufe0f 2-year warranty<br data-start=\"2622\" data-end=\"2625\" \/>\u2714\ufe0f Service, technical support and parts availability<br data-start=\"2675\" data-end=\"2678\" \/>\u2714\ufe0f Fast shipping - even within 24 hours of ordering<\/p>\n<hr class=\"\" data-start=\"2734\" data-end=\"2737\" \/>\n<p class=\"\" data-start=\"2739\" data-end=\"2944\">The RampGuide is a durable and effective solution that makes every stage of boat use easier - from launching to transport to hauling ashore. Invest in comfort, safety and time savings.<\/p>\n<p class=\"\" data-start=\"2946\" data-end=\"3027\"><strong data-start=\"2946\" data-end=\"3027\">RampGuide - bet on top quality workmanship and proven functionality.<\/strong><\/p>","protected":false},"excerpt":{"rendered":"<ul>\n<li>RampGuide side guides.<\/li>\n<li>Size XL<\/li>\n<li>Stainless steel<\/li>\n<li>Quick couplings included<\/li>\n<li>Wysoko\u015b\u0107 ca\u0142kowita &#8211; 185 cm<\/li>\n<li>Swivel masts for easy launching and loading of the boat.<\/li>\n<\/ul>","protected":false},"featured_media":6988,"template":"","meta":{"_acf_changed":false},"product_brand":[],"product_cat":[127,128,134],"product_tag":[746,740,734,733,737,731,732,744,736,726,735,741,748,738,742,743,745,722,739,747],"class_list":{"0":"post-6981","1":"product","2":"type-product","3":"status-publish","4":"has-post-thumbnail","6":"product_cat-akcesoria-do-przyczep","7":"product_cat-kurier","8":"product_cat-prowadnice-rampguide","9":"product_tag-lodz-na-przyczepie","10":"product_tag-montaz-prowadnic-lodziowych","11":"product_tag-naprowadzanie-lodzi-na-przyczepe","12":"product_tag-obrotowe-prowadnice-do-lodzi","13":"product_tag-prowadnice-bez-wiercenia","14":"product_tag-prowadnice-do-lodzi-rampguide","15":"product_tag-prowadnice-do-przyczepy-podlodziowej","16":"product_tag-prowadnice-galwanizowane","17":"product_tag-prowadnice-z-pvc","18":"product_tag-przyczepa-podlodziowa","19":"product_tag-ramp-guide-system","20":"product_tag-rampy-do-lodzi","21":"product_tag-regulowane-prowadnice","22":"product_tag-rolki-do-lodzi","23":"product_tag-stalowe-prowadnice-do-lodzi","24":"product_tag-system-centrowania-lodzi","25":"product_tag-szybki-montaz-prowadnic","26":"product_tag-transport-lodzi","27":"product_tag-uchwyty-do-lodzi","28":"product_tag-wypornosciowe-prowadnice","29":"product_shipping_class-kurier","31":"first","32":"instock","33":"taxable","34":"shipping-taxable","35":"purchasable","36":"product-type-simple"},"acf":[],"yoast_head":"<!-- This site is optimized with the Yoast SEO plugin v25.2 - https:\/\/yoast.com\/wordpress\/plugins\/seo\/ -->\n<title>Prowadnice boczne XL, stal nierdzewna - RampGuide - Atana<\/title>\n<meta name=\"description\" content=\"RampGuide to prowadnice do \u0142odzi, kt\u00f3re u\u0142atwiaj\u0105 wodowanie i wyci\u0105ganie jednostki nawet w trudnych warunkach. Monta\u017c bez wiercenia, odporno\u015b\u0107 na korozj\u0119.\" \/>\n<meta name=\"robots\" content=\"index, follow, max-snippet:-1, max-image-preview:large, max-video-preview:-1\" \/>\n<link rel=\"canonical\" href=\"https:\/\/atana.pl\/en\/online-shop\/trailer-accessories\/rampguide\/rampguide-xl-stainless-steel-side-rails\/\" \/>\n<meta property=\"og:locale\" content=\"en_GB\" \/>\n<meta property=\"og:type\" content=\"article\" \/>\n<meta property=\"og:title\" content=\"Prowadnice boczne XL, stal nierdzewna - RampGuide - Atana\" \/>\n<meta property=\"og:description\" content=\"RampGuide to prowadnice do \u0142odzi, kt\u00f3re u\u0142atwiaj\u0105 wodowanie i wyci\u0105ganie jednostki nawet w trudnych warunkach. Monta\u017c bez wiercenia, odporno\u015b\u0107 na korozj\u0119.\" \/>\n<meta property=\"og:url\" content=\"https:\/\/atana.pl\/en\/online-shop\/trailer-accessories\/rampguide\/rampguide-xl-stainless-steel-side-rails\/\" \/>\n<meta property=\"og:site_name\" content=\"Atana\" \/>\n<meta property=\"article:publisher\" content=\"https:\/\/www.facebook.com\/atanayachts\" \/>\n<meta property=\"article:modified_time\" content=\"2025-10-09T08:11:07+00:00\" \/>\n<meta property=\"og:image\" content=\"https:\/\/atana.pl\/wp-content\/uploads\/1967\/01\/RampGuide_XL_1.png\" \/>\n\t<meta property=\"og:image:width\" content=\"900\" \/>\n\t<meta property=\"og:image:height\" content=\"900\" \/>\n\t<meta property=\"og:image:type\" content=\"image\/png\" \/>\n<meta name=\"twitter:card\" content=\"summary_large_image\" \/>\n<meta name=\"twitter:label1\" content=\"Estimated reading time\" \/>\n\t<meta name=\"twitter:data1\" content=\"2 minutes\" \/>\n<script type=\"application\/ld+json\" class=\"yoast-schema-graph\">{\"@context\":\"https:\/\/schema.org\",\"@graph\":[{\"@type\":\"WebPage\",\"@id\":\"https:\/\/atana.pl\/sklep-on-line\/akcesoria-do-przyczep\/prowadnice-rampguide\/prowadnice-boczne-rampguide-xl-nierdzewne\/\",\"url\":\"https:\/\/atana.pl\/sklep-on-line\/akcesoria-do-przyczep\/prowadnice-rampguide\/prowadnice-boczne-rampguide-xl-nierdzewne\/\",\"name\":\"Prowadnice boczne XL, stal nierdzewna - RampGuide - Atana\",\"isPartOf\":{\"@id\":\"https:\/\/atana.pl\/#website\"},\"primaryImageOfPage\":{\"@id\":\"https:\/\/atana.pl\/sklep-on-line\/akcesoria-do-przyczep\/prowadnice-rampguide\/prowadnice-boczne-rampguide-xl-nierdzewne\/#primaryimage\"},\"image\":{\"@id\":\"https:\/\/atana.pl\/sklep-on-line\/akcesoria-do-przyczep\/prowadnice-rampguide\/prowadnice-boczne-rampguide-xl-nierdzewne\/#primaryimage\"},\"thumbnailUrl\":\"https:\/\/atana.pl\/wp-content\/uploads\/1967\/01\/RampGuide_XL_1.png\",\"datePublished\":\"2022-04-23T13:52:26+00:00\",\"dateModified\":\"2025-10-09T08:11:07+00:00\",\"description\":\"RampGuide to prowadnice do \u0142odzi, kt\u00f3re u\u0142atwiaj\u0105 wodowanie i wyci\u0105ganie jednostki nawet w trudnych warunkach. Monta\u017c bez wiercenia, odporno\u015b\u0107 na korozj\u0119.\",\"breadcrumb\":{\"@id\":\"https:\/\/atana.pl\/sklep-on-line\/akcesoria-do-przyczep\/prowadnice-rampguide\/prowadnice-boczne-rampguide-xl-nierdzewne\/#breadcrumb\"},\"inLanguage\":\"en-GB\",\"potentialAction\":[{\"@type\":\"ReadAction\",\"target\":[\"https:\/\/atana.pl\/sklep-on-line\/akcesoria-do-przyczep\/prowadnice-rampguide\/prowadnice-boczne-rampguide-xl-nierdzewne\/\"]}]},{\"@type\":\"ImageObject\",\"inLanguage\":\"en-GB\",\"@id\":\"https:\/\/atana.pl\/sklep-on-line\/akcesoria-do-przyczep\/prowadnice-rampguide\/prowadnice-boczne-rampguide-xl-nierdzewne\/#primaryimage\",\"url\":\"https:\/\/atana.pl\/wp-content\/uploads\/1967\/01\/RampGuide_XL_1.png\",\"contentUrl\":\"https:\/\/atana.pl\/wp-content\/uploads\/1967\/01\/RampGuide_XL_1.png\",\"width\":900,\"height\":900,\"caption\":\"RampGuide XL (1)\"},{\"@type\":\"BreadcrumbList\",\"@id\":\"https:\/\/atana.pl\/sklep-on-line\/akcesoria-do-przyczep\/prowadnice-rampguide\/prowadnice-boczne-rampguide-xl-nierdzewne\/#breadcrumb\",\"itemListElement\":[{\"@type\":\"ListItem\",\"position\":1,\"name\":\"Strona g\u0142\u00f3wna\",\"item\":\"https:\/\/atana.pl\/\"},{\"@type\":\"ListItem\",\"position\":2,\"name\":\"Sklep on-line\",\"item\":\"https:\/\/atana.pl\/sklep-on-line\/\"},{\"@type\":\"ListItem\",\"position\":3,\"name\":\"Prowadnice boczne XL, stal nierdzewna &#8211; RampGuide\"}]},{\"@type\":\"WebSite\",\"@id\":\"https:\/\/atana.pl\/#website\",\"url\":\"https:\/\/atana.pl\/\",\"name\":\"Atana\",\"description\":\"Akcesoria do \u0142odzi, kamper\u00f3w i przyczep. \u0141odzie motorowe\",\"publisher\":{\"@id\":\"https:\/\/atana.pl\/#organization\"},\"potentialAction\":[{\"@type\":\"SearchAction\",\"target\":{\"@type\":\"EntryPoint\",\"urlTemplate\":\"https:\/\/atana.pl\/?s={search_term_string}\"},\"query-input\":{\"@type\":\"PropertyValueSpecification\",\"valueRequired\":true,\"valueName\":\"search_term_string\"}}],\"inLanguage\":\"en-GB\"},{\"@type\":\"Organization\",\"@id\":\"https:\/\/atana.pl\/#organization\",\"name\":\"Atana\",\"url\":\"https:\/\/atana.pl\/\",\"logo\":{\"@type\":\"ImageObject\",\"inLanguage\":\"en-GB\",\"@id\":\"https:\/\/atana.pl\/#\/schema\/logo\/image\/\",\"url\":\"\",\"contentUrl\":\"\",\"caption\":\"Atana\"},\"image\":{\"@id\":\"https:\/\/atana.pl\/#\/schema\/logo\/image\/\"},\"sameAs\":[\"https:\/\/www.facebook.com\/atanayachts\",\"https:\/\/www.instagram.com\/atanaboats\/\",\"https:\/\/www.youtube.com\/channel\/UClMMmVqqx17in9QzgxK90Mw\"]}]}<\/script>\n<!-- \/ Yoast SEO plugin. -->","yoast_head_json":{"title":"Prowadnice boczne XL, stal nierdzewna - RampGuide - Atana","description":"RampGuide to prowadnice do \u0142odzi, kt\u00f3re u\u0142atwiaj\u0105 wodowanie i wyci\u0105ganie jednostki nawet w trudnych warunkach. Monta\u017c bez wiercenia, odporno\u015b\u0107 na korozj\u0119.","robots":{"index":"index","follow":"follow","max-snippet":"max-snippet:-1","max-image-preview":"max-image-preview:large","max-video-preview":"max-video-preview:-1"},"canonical":"https:\/\/atana.pl\/en\/online-shop\/trailer-accessories\/rampguide\/rampguide-xl-stainless-steel-side-rails\/","og_locale":"en_GB","og_type":"article","og_title":"Prowadnice boczne XL, stal nierdzewna - RampGuide - Atana","og_description":"RampGuide to prowadnice do \u0142odzi, kt\u00f3re u\u0142atwiaj\u0105 wodowanie i wyci\u0105ganie jednostki nawet w trudnych warunkach. Monta\u017c bez wiercenia, odporno\u015b\u0107 na korozj\u0119.","og_url":"https:\/\/atana.pl\/en\/online-shop\/trailer-accessories\/rampguide\/rampguide-xl-stainless-steel-side-rails\/","og_site_name":"Atana","article_publisher":"https:\/\/www.facebook.com\/atanayachts","article_modified_time":"2025-10-09T08:11:07+00:00","og_image":[{"width":900,"height":900,"url":"https:\/\/atana.pl\/wp-content\/uploads\/1967\/01\/RampGuide_XL_1.png","type":"image\/png"}],"twitter_card":"summary_large_image","twitter_misc":{"Estimated reading time":"2 minutes"},"schema":{"@context":"https:\/\/schema.org","@graph":[{"@type":"WebPage","@id":"https:\/\/atana.pl\/sklep-on-line\/akcesoria-do-przyczep\/prowadnice-rampguide\/prowadnice-boczne-rampguide-xl-nierdzewne\/","url":"https:\/\/atana.pl\/sklep-on-line\/akcesoria-do-przyczep\/prowadnice-rampguide\/prowadnice-boczne-rampguide-xl-nierdzewne\/","name":"Prowadnice boczne XL, stal nierdzewna - RampGuide - Atana","isPartOf":{"@id":"https:\/\/atana.pl\/#website"},"primaryImageOfPage":{"@id":"https:\/\/atana.pl\/sklep-on-line\/akcesoria-do-przyczep\/prowadnice-rampguide\/prowadnice-boczne-rampguide-xl-nierdzewne\/#primaryimage"},"image":{"@id":"https:\/\/atana.pl\/sklep-on-line\/akcesoria-do-przyczep\/prowadnice-rampguide\/prowadnice-boczne-rampguide-xl-nierdzewne\/#primaryimage"},"thumbnailUrl":"https:\/\/atana.pl\/wp-content\/uploads\/1967\/01\/RampGuide_XL_1.png","datePublished":"2022-04-23T13:52:26+00:00","dateModified":"2025-10-09T08:11:07+00:00","description":"RampGuide to prowadnice do \u0142odzi, kt\u00f3re u\u0142atwiaj\u0105 wodowanie i wyci\u0105ganie jednostki nawet w trudnych warunkach. Monta\u017c bez wiercenia, odporno\u015b\u0107 na korozj\u0119.","breadcrumb":{"@id":"https:\/\/atana.pl\/sklep-on-line\/akcesoria-do-przyczep\/prowadnice-rampguide\/prowadnice-boczne-rampguide-xl-nierdzewne\/#breadcrumb"},"inLanguage":"en-GB","potentialAction":[{"@type":"ReadAction","target":["https:\/\/atana.pl\/sklep-on-line\/akcesoria-do-przyczep\/prowadnice-rampguide\/prowadnice-boczne-rampguide-xl-nierdzewne\/"]}]},{"@type":"ImageObject","inLanguage":"en-GB","@id":"https:\/\/atana.pl\/sklep-on-line\/akcesoria-do-przyczep\/prowadnice-rampguide\/prowadnice-boczne-rampguide-xl-nierdzewne\/#primaryimage","url":"https:\/\/atana.pl\/wp-content\/uploads\/1967\/01\/RampGuide_XL_1.png","contentUrl":"https:\/\/atana.pl\/wp-content\/uploads\/1967\/01\/RampGuide_XL_1.png","width":900,"height":900,"caption":"RampGuide XL (1)"},{"@type":"BreadcrumbList","@id":"https:\/\/atana.pl\/sklep-on-line\/akcesoria-do-przyczep\/prowadnice-rampguide\/prowadnice-boczne-rampguide-xl-nierdzewne\/#breadcrumb","itemListElement":[{"@type":"ListItem","position":1,"name":"Strona g\u0142\u00f3wna","item":"https:\/\/atana.pl\/"},{"@type":"ListItem","position":2,"name":"Sklep on-line","item":"https:\/\/atana.pl\/sklep-on-line\/"},{"@type":"ListItem","position":3,"name":"Prowadnice boczne XL, stal nierdzewna &#8211; RampGuide"}]},{"@type":"WebSite","@id":"https:\/\/atana.pl\/#website","url":"https:\/\/atana.pl\/","name":"Atana","description":"Akcesoria do \u0142odzi, kamper\u00f3w i przyczep. \u0141odzie motorowe","publisher":{"@id":"https:\/\/atana.pl\/#organization"},"potentialAction":[{"@type":"SearchAction","target":{"@type":"EntryPoint","urlTemplate":"https:\/\/atana.pl\/?s={search_term_string}"},"query-input":{"@type":"PropertyValueSpecification","valueRequired":true,"valueName":"search_term_string"}}],"inLanguage":"en-GB"},{"@type":"Organization","@id":"https:\/\/atana.pl\/#organization","name":"Atana","url":"https:\/\/atana.pl\/","logo":{"@type":"ImageObject","inLanguage":"en-GB","@id":"https:\/\/atana.pl\/#\/schema\/logo\/image\/","url":"","contentUrl":"","caption":"Atana"},"image":{"@id":"https:\/\/atana.pl\/#\/schema\/logo\/image\/"},"sameAs":["https:\/\/www.facebook.com\/atanayachts","https:\/\/www.instagram.com\/atanaboats\/","https:\/\/www.youtube.com\/channel\/UClMMmVqqx17in9QzgxK90Mw"]}]}},"_links":{"self":[{"href":"https:\/\/atana.pl\/en\/wp-json\/wp\/v2\/product\/6981","targetHints":{"allow":["GET"]}}],"collection":[{"href":"https:\/\/atana.pl\/en\/wp-json\/wp\/v2\/product"}],"about":[{"href":"https:\/\/atana.pl\/en\/wp-json\/wp\/v2\/types\/product"}],"wp:featuredmedia":[{"embeddable":true,"href":"https:\/\/atana.pl\/en\/wp-json\/wp\/v2\/media\/6988"}],"wp:attachment":[{"href":"https:\/\/atana.pl\/en\/wp-json\/wp\/v2\/media?parent=6981"}],"wp:term":[{"taxonomy":"product_brand","embeddable":true,"href":"https:\/\/atana.pl\/en\/wp-json\/wp\/v2\/product_brand?post=6981"},{"taxonomy":"product_cat","embeddable":true,"href":"https:\/\/atana.pl\/en\/wp-json\/wp\/v2\/product_cat?post=6981"},{"taxonomy":"product_tag","embeddable":true,"href":"https:\/\/atana.pl\/en\/wp-json\/wp\/v2\/product_tag?post=6981"}],"curies":[{"name":"wp","href":"https:\/\/api.w.org\/{rel}","templated":true}]}}