{"id":6781,"date":"2020-03-31T17:08:36","date_gmt":"2020-03-31T15:08:36","guid":{"rendered":"https:\/\/atana.pl\/?post_type=product&#038;p=6781"},"modified":"2025-03-31T17:32:18","modified_gmt":"2025-03-31T15:32:18","slug":"woody-wax-profesjonalny-wosk-do-lodzi-i-jachtow","status":"publish","type":"product","link":"https:\/\/atana.pl\/en\/online-shop\/chemia-jachtowa\/woody-wax-profesjonalny-wosk-do-lodzi-i-jachtow\/","title":{"rendered":"Woody Wax"},"content":{"rendered":"<h2 class=\"\" data-start=\"161\" data-end=\"228\">\ud83e\uddf4 <strong data-start=\"167\" data-end=\"228\">Woody Wax \u2013 ochrona i po\u0142ysk dla powierzchni Twojej \u0142odzi<\/strong><\/h2>\n<h3 class=\"\" data-start=\"230\" data-end=\"248\">Product description:<\/h3>\n<p class=\"\" data-start=\"249\" data-end=\"601\"><strong data-start=\"249\" data-end=\"262\">Woody Wax<\/strong> to wysokiej jako\u015bci wosk w p\u0142ynie zaprojektowany specjalnie z my\u015bl\u0105 o ochronie i piel\u0119gnacji powierzchni \u0142odzi. Umieszczony w por\u0119cznej, niebieskiej butelce z wygodnym aplikatorem do psikania, doskonale nadaje si\u0119 do stosowania na elementach z aluminium, stali nierdzewnej, w\u0142\u00f3kna szklanego, winylu, drewna teakowego i tworzyw sztucznych.<\/p>\n<p class=\"\" data-start=\"603\" data-end=\"883\">Woody Wax nie tylko zabezpiecza powierzchnie przed dzia\u0142aniem promieni UV, sol\u0105 i zanieczyszczeniami, ale r\u00f3wnie\u017c nadaje im trwa\u0142y po\u0142ysk i zapobiega osadzaniu si\u0119 brudu. Idealny do stosowania zar\u00f3wno na pok\u0142adzie, jak i w kokpicie, a tak\u017ce do element\u00f3w metalowych i mebli marine.<\/p>\n<hr class=\"\" data-start=\"885\" data-end=\"888\" \/>\n<h3 class=\"\" data-start=\"890\" data-end=\"907\">Zastosowanie:<\/h3>\n<p class=\"\" data-start=\"908\" data-end=\"1096\">\u2705 Pok\u0142ady z w\u0142\u00f3kna szklanego<br data-start=\"936\" data-end=\"939\" \/>\u2705 Drewno teakowe<br data-start=\"955\" data-end=\"958\" \/>\u2705 Rury i por\u0119cze ze stali nierdzewnej<br data-start=\"995\" data-end=\"998\" \/>\u2705 Elementy z aluminium<br data-start=\"1020\" data-end=\"1023\" \/>\u2705 Winylowe poduszki i fotele<br data-start=\"1051\" data-end=\"1054\" \/>\u2705 Osprz\u0119t jachtowy i powierzchnie malowane<\/p>\n<hr class=\"\" data-start=\"1098\" data-end=\"1101\" \/>\n<h3 class=\"\" data-start=\"1103\" data-end=\"1128\">Key benefits:<\/h3>\n<ul data-start=\"1129\" data-end=\"1518\">\n<li class=\"\" data-start=\"1129\" data-end=\"1189\">\n<p class=\"\" data-start=\"1131\" data-end=\"1189\">Chroni przed promieniowaniem UV, osadem solnym i korozj\u0105<\/p>\n<\/li>\n<li class=\"\" data-start=\"1190\" data-end=\"1250\">\n<p class=\"\" data-start=\"1192\" data-end=\"1250\">Tworzy warstw\u0119 antystatyczn\u0105 \u2013 zapobiega osiadaniu brudu<\/p>\n<\/li>\n<li class=\"\" data-start=\"1251\" data-end=\"1325\">\n<p class=\"\" data-start=\"1253\" data-end=\"1325\">Nie zawiera \u015brodk\u00f3w \u015bciernych \u2013 bezpieczny dla delikatnych powierzchni<\/p>\n<\/li>\n<li class=\"\" data-start=\"1326\" data-end=\"1373\">\n<p class=\"\" data-start=\"1328\" data-end=\"1373\">Nadaje po\u0142ysk i od\u015bwie\u017ca wygl\u0105d powierzchni<\/p>\n<\/li>\n<li class=\"\" data-start=\"1374\" data-end=\"1435\">\n<p class=\"\" data-start=\"1376\" data-end=\"1435\">Prosty i szybki w u\u017cyciu \u2013 wystarczy spryska\u0107 i przetrze\u0107<\/p>\n<\/li>\n<li class=\"\" data-start=\"1436\" data-end=\"1518\">\n<p class=\"\" data-start=\"1438\" data-end=\"1518\">Idealny dla w\u0142a\u015bcicieli \u0142odzi, jacht\u00f3w, skuter\u00f3w wodnych i przyczep kempingowych<\/p>\n<\/li>\n<\/ul>\n<hr class=\"\" data-start=\"1520\" data-end=\"1523\" \/>\n<h3 data-start=\"1671\" data-end=\"1701\">Zadbaj o swoj\u0105 \u0142\u00f3d\u017a z Woody Wax \u2013 skutecznym \u015brodkiem do piel\u0119gnacji i ochrony powierzchni marine. Wybierz jako\u015b\u0107 cenion\u0105 przez w\u0142a\u015bcicieli jacht\u00f3w na ca\u0142ym \u015bwiecie i przywr\u00f3\u0107 blask swojej jednostce!<\/h3>","protected":false},"excerpt":{"rendered":"<ul data-start=\"1129\" data-end=\"1518\">\n<li class=\"\" data-start=\"1129\" data-end=\"1189\">\n<p class=\"\" data-start=\"1131\" data-end=\"1189\">Chroni przed promieniowaniem UV, osadem solnym i korozj\u0105<\/p>\n<\/li>\n<li class=\"\" data-start=\"1190\" data-end=\"1250\">\n<p class=\"\" data-start=\"1192\" data-end=\"1250\">Tworzy warstw\u0119 antystatyczn\u0105 \u2013 zapobiega osiadaniu brudu<\/p>\n<\/li>\n<li class=\"\" data-start=\"1251\" data-end=\"1325\">\n<p class=\"\" data-start=\"1253\" data-end=\"1325\">Nie zawiera \u015brodk\u00f3w \u015bciernych \u2013 bezpieczny dla delikatnych powierzchni<\/p>\n<\/li>\n<li class=\"\" data-start=\"1326\" data-end=\"1373\">\n<p class=\"\" data-start=\"1328\" data-end=\"1373\">Nadaje po\u0142ysk i od\u015bwie\u017ca wygl\u0105d powierzchni<\/p>\n<\/li>\n<li class=\"\" data-start=\"1374\" data-end=\"1435\">\n<p class=\"\" data-start=\"1376\" data-end=\"1435\">Prosty i szybki w u\u017cyciu \u2013 wystarczy spryska\u0107 i przetrze\u0107<\/p>\n<\/li>\n<li class=\"\" data-start=\"1436\" data-end=\"1518\">\n<p class=\"\" data-start=\"1438\" data-end=\"1518\">Idealny dla w\u0142a\u015bcicieli \u0142odzi, jacht\u00f3w, skuter\u00f3w wodnych i przyczep kempingowych<\/p>\n<\/li>\n<\/ul>","protected":false},"featured_media":6782,"template":"","meta":{"_acf_changed":false},"product_brand":[],"product_cat":[15],"product_tag":[406,380,401,379,396,398,403,400,399,404,402,394,395,397,405],"class_list":{"0":"post-6781","1":"product","2":"type-product","3":"status-publish","4":"has-post-thumbnail","6":"product_cat-chemia-jachtowa","7":"product_tag-akcesoria-marine","8":"product_tag-jacht","9":"product_tag-kosmetyki-jachtowe","10":"product_tag-lodz","11":"product_tag-marine-wax","12":"product_tag-ochrona-teak","13":"product_tag-ochrona-uv","14":"product_tag-pielegnacja-jachtu","15":"product_tag-spray-do-aluminium","16":"product_tag-srodek-do-winylu","17":"product_tag-teak-cleaner","18":"product_tag-woody-wax","19":"product_tag-wosk-do-lodzi","20":"product_tag-wosk-do-pokladu","21":"product_tag-wosk-do-stali-nierdzewnej","23":"first","24":"outofstock","25":"taxable","26":"shipping-taxable","27":"purchasable","28":"product-type-simple"},"acf":[],"yoast_head":"<!-- This site is optimized with the Yoast SEO plugin v25.2 - https:\/\/yoast.com\/wordpress\/plugins\/seo\/ -->\n<title>Woody Wax - Atana<\/title>\n<meta name=\"description\" content=\"Spray Woody Wax chroni i nab\u0142yszcza teak, winyl, aluminium i stal nierdzewn\u0105. Idealny do \u0142odzi i jacht\u00f3w. Prosty w u\u017cyciu, skuteczny i trwa\u0142y.\" \/>\n<meta name=\"robots\" content=\"index, follow, max-snippet:-1, max-image-preview:large, max-video-preview:-1\" \/>\n<link rel=\"canonical\" href=\"https:\/\/atana.pl\/en\/online-shop\/chemia-jachtowa\/woody-wax-profesjonalny-wosk-do-lodzi-i-jachtow\/\" \/>\n<meta property=\"og:locale\" content=\"en_GB\" \/>\n<meta property=\"og:type\" content=\"article\" \/>\n<meta property=\"og:title\" content=\"Woody Wax - Atana\" \/>\n<meta property=\"og:description\" content=\"Spray Woody Wax chroni i nab\u0142yszcza teak, winyl, aluminium i stal nierdzewn\u0105. Idealny do \u0142odzi i jacht\u00f3w. Prosty w u\u017cyciu, skuteczny i trwa\u0142y.\" \/>\n<meta property=\"og:url\" content=\"https:\/\/atana.pl\/en\/online-shop\/chemia-jachtowa\/woody-wax-profesjonalny-wosk-do-lodzi-i-jachtow\/\" \/>\n<meta property=\"og:site_name\" content=\"Atana\" \/>\n<meta property=\"article:publisher\" content=\"https:\/\/www.facebook.com\/atanayachts\" \/>\n<meta property=\"article:modified_time\" content=\"2025-03-31T15:32:18+00:00\" \/>\n<meta property=\"og:image\" content=\"https:\/\/atana.pl\/wp-content\/uploads\/2025\/03\/Woody-Wax-WD.png\" \/>\n\t<meta property=\"og:image:width\" content=\"1274\" \/>\n\t<meta property=\"og:image:height\" content=\"1274\" \/>\n\t<meta property=\"og:image:type\" content=\"image\/png\" \/>\n<meta name=\"twitter:card\" content=\"summary_large_image\" \/>\n<meta name=\"twitter:label1\" content=\"Estimated reading time\" \/>\n\t<meta name=\"twitter:data1\" content=\"1 minute\" \/>\n<script type=\"application\/ld+json\" class=\"yoast-schema-graph\">{\"@context\":\"https:\/\/schema.org\",\"@graph\":[{\"@type\":\"WebPage\",\"@id\":\"https:\/\/atana.pl\/sklep-on-line\/chemia-jachtowa\/woody-wax-profesjonalny-wosk-do-lodzi-i-jachtow\/\",\"url\":\"https:\/\/atana.pl\/sklep-on-line\/chemia-jachtowa\/woody-wax-profesjonalny-wosk-do-lodzi-i-jachtow\/\",\"name\":\"Woody Wax - Atana\",\"isPartOf\":{\"@id\":\"https:\/\/atana.pl\/#website\"},\"primaryImageOfPage\":{\"@id\":\"https:\/\/atana.pl\/sklep-on-line\/chemia-jachtowa\/woody-wax-profesjonalny-wosk-do-lodzi-i-jachtow\/#primaryimage\"},\"image\":{\"@id\":\"https:\/\/atana.pl\/sklep-on-line\/chemia-jachtowa\/woody-wax-profesjonalny-wosk-do-lodzi-i-jachtow\/#primaryimage\"},\"thumbnailUrl\":\"https:\/\/atana.pl\/wp-content\/uploads\/2025\/03\/Woody-Wax-WD.png\",\"datePublished\":\"2020-03-31T15:08:36+00:00\",\"dateModified\":\"2025-03-31T15:32:18+00:00\",\"description\":\"Spray Woody Wax chroni i nab\u0142yszcza teak, winyl, aluminium i stal nierdzewn\u0105. Idealny do \u0142odzi i jacht\u00f3w. Prosty w u\u017cyciu, skuteczny i trwa\u0142y.\",\"breadcrumb\":{\"@id\":\"https:\/\/atana.pl\/sklep-on-line\/chemia-jachtowa\/woody-wax-profesjonalny-wosk-do-lodzi-i-jachtow\/#breadcrumb\"},\"inLanguage\":\"en-GB\",\"potentialAction\":[{\"@type\":\"ReadAction\",\"target\":[\"https:\/\/atana.pl\/sklep-on-line\/chemia-jachtowa\/woody-wax-profesjonalny-wosk-do-lodzi-i-jachtow\/\"]}]},{\"@type\":\"ImageObject\",\"inLanguage\":\"en-GB\",\"@id\":\"https:\/\/atana.pl\/sklep-on-line\/chemia-jachtowa\/woody-wax-profesjonalny-wosk-do-lodzi-i-jachtow\/#primaryimage\",\"url\":\"https:\/\/atana.pl\/wp-content\/uploads\/2025\/03\/Woody-Wax-WD.png\",\"contentUrl\":\"https:\/\/atana.pl\/wp-content\/uploads\/2025\/03\/Woody-Wax-WD.png\",\"width\":1274,\"height\":1274,\"caption\":\"Woody Wax WD\"},{\"@type\":\"BreadcrumbList\",\"@id\":\"https:\/\/atana.pl\/sklep-on-line\/chemia-jachtowa\/woody-wax-profesjonalny-wosk-do-lodzi-i-jachtow\/#breadcrumb\",\"itemListElement\":[{\"@type\":\"ListItem\",\"position\":1,\"name\":\"Strona g\u0142\u00f3wna\",\"item\":\"https:\/\/atana.pl\/\"},{\"@type\":\"ListItem\",\"position\":2,\"name\":\"Sklep on-line\",\"item\":\"https:\/\/atana.pl\/sklep-on-line\/\"},{\"@type\":\"ListItem\",\"position\":3,\"name\":\"Woody Wax\"}]},{\"@type\":\"WebSite\",\"@id\":\"https:\/\/atana.pl\/#website\",\"url\":\"https:\/\/atana.pl\/\",\"name\":\"Atana\",\"description\":\"Akcesoria do \u0142odzi, kamper\u00f3w i przyczep. \u0141odzie motorowe\",\"publisher\":{\"@id\":\"https:\/\/atana.pl\/#organization\"},\"potentialAction\":[{\"@type\":\"SearchAction\",\"target\":{\"@type\":\"EntryPoint\",\"urlTemplate\":\"https:\/\/atana.pl\/?s={search_term_string}\"},\"query-input\":{\"@type\":\"PropertyValueSpecification\",\"valueRequired\":true,\"valueName\":\"search_term_string\"}}],\"inLanguage\":\"en-GB\"},{\"@type\":\"Organization\",\"@id\":\"https:\/\/atana.pl\/#organization\",\"name\":\"Atana\",\"url\":\"https:\/\/atana.pl\/\",\"logo\":{\"@type\":\"ImageObject\",\"inLanguage\":\"en-GB\",\"@id\":\"https:\/\/atana.pl\/#\/schema\/logo\/image\/\",\"url\":\"\",\"contentUrl\":\"\",\"caption\":\"Atana\"},\"image\":{\"@id\":\"https:\/\/atana.pl\/#\/schema\/logo\/image\/\"},\"sameAs\":[\"https:\/\/www.facebook.com\/atanayachts\",\"https:\/\/www.instagram.com\/atanaboats\/\",\"https:\/\/www.youtube.com\/channel\/UClMMmVqqx17in9QzgxK90Mw\"]}]}<\/script>\n<!-- \/ Yoast SEO plugin. -->","yoast_head_json":{"title":"Woody Wax - Atana","description":"Spray Woody Wax chroni i nab\u0142yszcza teak, winyl, aluminium i stal nierdzewn\u0105. Idealny do \u0142odzi i jacht\u00f3w. Prosty w u\u017cyciu, skuteczny i trwa\u0142y.","robots":{"index":"index","follow":"follow","max-snippet":"max-snippet:-1","max-image-preview":"max-image-preview:large","max-video-preview":"max-video-preview:-1"},"canonical":"https:\/\/atana.pl\/en\/online-shop\/chemia-jachtowa\/woody-wax-profesjonalny-wosk-do-lodzi-i-jachtow\/","og_locale":"en_GB","og_type":"article","og_title":"Woody Wax - Atana","og_description":"Spray Woody Wax chroni i nab\u0142yszcza teak, winyl, aluminium i stal nierdzewn\u0105. Idealny do \u0142odzi i jacht\u00f3w. Prosty w u\u017cyciu, skuteczny i trwa\u0142y.","og_url":"https:\/\/atana.pl\/en\/online-shop\/chemia-jachtowa\/woody-wax-profesjonalny-wosk-do-lodzi-i-jachtow\/","og_site_name":"Atana","article_publisher":"https:\/\/www.facebook.com\/atanayachts","article_modified_time":"2025-03-31T15:32:18+00:00","og_image":[{"width":1274,"height":1274,"url":"https:\/\/atana.pl\/wp-content\/uploads\/2025\/03\/Woody-Wax-WD.png","type":"image\/png"}],"twitter_card":"summary_large_image","twitter_misc":{"Estimated reading time":"1 minute"},"schema":{"@context":"https:\/\/schema.org","@graph":[{"@type":"WebPage","@id":"https:\/\/atana.pl\/sklep-on-line\/chemia-jachtowa\/woody-wax-profesjonalny-wosk-do-lodzi-i-jachtow\/","url":"https:\/\/atana.pl\/sklep-on-line\/chemia-jachtowa\/woody-wax-profesjonalny-wosk-do-lodzi-i-jachtow\/","name":"Woody Wax - Atana","isPartOf":{"@id":"https:\/\/atana.pl\/#website"},"primaryImageOfPage":{"@id":"https:\/\/atana.pl\/sklep-on-line\/chemia-jachtowa\/woody-wax-profesjonalny-wosk-do-lodzi-i-jachtow\/#primaryimage"},"image":{"@id":"https:\/\/atana.pl\/sklep-on-line\/chemia-jachtowa\/woody-wax-profesjonalny-wosk-do-lodzi-i-jachtow\/#primaryimage"},"thumbnailUrl":"https:\/\/atana.pl\/wp-content\/uploads\/2025\/03\/Woody-Wax-WD.png","datePublished":"2020-03-31T15:08:36+00:00","dateModified":"2025-03-31T15:32:18+00:00","description":"Spray Woody Wax chroni i nab\u0142yszcza teak, winyl, aluminium i stal nierdzewn\u0105. Idealny do \u0142odzi i jacht\u00f3w. Prosty w u\u017cyciu, skuteczny i trwa\u0142y.","breadcrumb":{"@id":"https:\/\/atana.pl\/sklep-on-line\/chemia-jachtowa\/woody-wax-profesjonalny-wosk-do-lodzi-i-jachtow\/#breadcrumb"},"inLanguage":"en-GB","potentialAction":[{"@type":"ReadAction","target":["https:\/\/atana.pl\/sklep-on-line\/chemia-jachtowa\/woody-wax-profesjonalny-wosk-do-lodzi-i-jachtow\/"]}]},{"@type":"ImageObject","inLanguage":"en-GB","@id":"https:\/\/atana.pl\/sklep-on-line\/chemia-jachtowa\/woody-wax-profesjonalny-wosk-do-lodzi-i-jachtow\/#primaryimage","url":"https:\/\/atana.pl\/wp-content\/uploads\/2025\/03\/Woody-Wax-WD.png","contentUrl":"https:\/\/atana.pl\/wp-content\/uploads\/2025\/03\/Woody-Wax-WD.png","width":1274,"height":1274,"caption":"Woody Wax WD"},{"@type":"BreadcrumbList","@id":"https:\/\/atana.pl\/sklep-on-line\/chemia-jachtowa\/woody-wax-profesjonalny-wosk-do-lodzi-i-jachtow\/#breadcrumb","itemListElement":[{"@type":"ListItem","position":1,"name":"Strona g\u0142\u00f3wna","item":"https:\/\/atana.pl\/"},{"@type":"ListItem","position":2,"name":"Sklep on-line","item":"https:\/\/atana.pl\/sklep-on-line\/"},{"@type":"ListItem","position":3,"name":"Woody Wax"}]},{"@type":"WebSite","@id":"https:\/\/atana.pl\/#website","url":"https:\/\/atana.pl\/","name":"Atana","description":"Akcesoria do \u0142odzi, kamper\u00f3w i przyczep. \u0141odzie motorowe","publisher":{"@id":"https:\/\/atana.pl\/#organization"},"potentialAction":[{"@type":"SearchAction","target":{"@type":"EntryPoint","urlTemplate":"https:\/\/atana.pl\/?s={search_term_string}"},"query-input":{"@type":"PropertyValueSpecification","valueRequired":true,"valueName":"search_term_string"}}],"inLanguage":"en-GB"},{"@type":"Organization","@id":"https:\/\/atana.pl\/#organization","name":"Atana","url":"https:\/\/atana.pl\/","logo":{"@type":"ImageObject","inLanguage":"en-GB","@id":"https:\/\/atana.pl\/#\/schema\/logo\/image\/","url":"","contentUrl":"","caption":"Atana"},"image":{"@id":"https:\/\/atana.pl\/#\/schema\/logo\/image\/"},"sameAs":["https:\/\/www.facebook.com\/atanayachts","https:\/\/www.instagram.com\/atanaboats\/","https:\/\/www.youtube.com\/channel\/UClMMmVqqx17in9QzgxK90Mw"]}]}},"_links":{"self":[{"href":"https:\/\/atana.pl\/en\/wp-json\/wp\/v2\/product\/6781","targetHints":{"allow":["GET"]}}],"collection":[{"href":"https:\/\/atana.pl\/en\/wp-json\/wp\/v2\/product"}],"about":[{"href":"https:\/\/atana.pl\/en\/wp-json\/wp\/v2\/types\/product"}],"wp:featuredmedia":[{"embeddable":true,"href":"https:\/\/atana.pl\/en\/wp-json\/wp\/v2\/media\/6782"}],"wp:attachment":[{"href":"https:\/\/atana.pl\/en\/wp-json\/wp\/v2\/media?parent=6781"}],"wp:term":[{"taxonomy":"product_brand","embeddable":true,"href":"https:\/\/atana.pl\/en\/wp-json\/wp\/v2\/product_brand?post=6781"},{"taxonomy":"product_cat","embeddable":true,"href":"https:\/\/atana.pl\/en\/wp-json\/wp\/v2\/product_cat?post=6781"},{"taxonomy":"product_tag","embeddable":true,"href":"https:\/\/atana.pl\/en\/wp-json\/wp\/v2\/product_tag?post=6781"}],"curies":[{"name":"wp","href":"https:\/\/api.w.org\/{rel}","templated":true}]}}