{"id":6777,"date":"2021-03-31T12:16:06","date_gmt":"2021-03-31T10:16:06","guid":{"rendered":"https:\/\/atana.pl\/?post_type=product&#038;p=6777"},"modified":"2026-01-06T10:40:00","modified_gmt":"2026-01-06T09:40:00","slug":"debond-marine-formula-profesjonalny-rozpuszczalnik-do-uszczelniaczy","status":"publish","type":"product","link":"https:\/\/atana.pl\/en\/online-shop\/chemia-jachtowa\/debond-marine-formula-profesjonalny-rozpuszczalnik-do-uszczelniaczy\/","title":{"rendered":"DeBond &#8211; Marine Formula &#8211; \u015arodek do rozpuszczania klej\u00f3w i mas uszczelniaj\u0105cych"},"content":{"rendered":"<h2 class=\"\" data-start=\"213\" data-end=\"277\">\ud83d\udee0\ufe0f <strong data-start=\"220\" data-end=\"277\">DeBond Marine Formula<\/strong><\/h2>\n<p class=\"\" data-start=\"321\" data-end=\"614\"><strong data-start=\"321\" data-end=\"346\">DeBond Marine Formula<\/strong> to specjalistyczny \u015brodek stworzony do skutecznego usuwania mas uszczelniaj\u0105cych (takich jak np. 3M 5200 lub Sikaflex) z powierzchni jacht\u00f3w, \u0142odzi i innych jednostek p\u0142ywaj\u0105cych. Idealnie sprawdza si\u0119 tam, gdzie wymagana jest precyzja, bezpiecze\u0144stwo dla pod\u0142o\u017ca i szybka praca.<\/p>\n<p class=\"\" data-start=\"616\" data-end=\"747\">Dzi\u0119ki swojej unikalnej formule, DeBond Marine Formula znacz\u0105co skraca czas pracy i eliminuje konieczno\u015b\u0107 mechanicznego skrobania.<\/p>\n<hr class=\"\" data-start=\"996\" data-end=\"999\" \/>\n<h3 class=\"\" data-start=\"1001\" data-end=\"1026\">Key benefits:<\/h3>\n<p class=\"\" data-start=\"1027\" data-end=\"1353\">\u2705 Bezpieczny dla wi\u0119kszo\u015bci powierzchni (gelcoat, aluminium, tworzywa sztuczne)<br data-start=\"1106\" data-end=\"1109\" \/>\u2705 Idealny do usuwania 3M 5200, Sikaflex i innych trudnych uszczelniaczy<br data-start=\"1180\" data-end=\"1183\" \/>\u2705 Skraca czas prac remontowych i serwisowych<br data-start=\"1227\" data-end=\"1230\" \/>\u2705 Produkt rekomendowany przez profesjonalist\u00f3w z bran\u017cy jachtowej<br data-start=\"1295\" data-end=\"1298\" \/>\u2705 \u0141atwy w u\u017cyciu \u2013 wystarczy na\u0142o\u017cy\u0107, odczeka\u0107 i usun\u0105\u0107<\/p>\n<hr class=\"\" data-start=\"1355\" data-end=\"1358\" \/>\n<h4 data-start=\"1360\" data-end=\"1410\">Szukasz niezawodnego \u015brodka do usuwania uporczywego uszczelniacza z powierzchni \u0142odzi lub jachtu? DeBond Marine Formula to wyb\u00f3r profesjonalist\u00f3w w bran\u017cy marine. Postaw na sprawdzone rozwi\u0105zania i przyspiesz prace serwisowe bez ryzyka uszkodze\u0144. Ju\u017c wkr\u00f3tce dost\u0119pny w naszym sklepie \u2013 obserwuj nas i b\u0105d\u017a pierwszy, kt\u00f3ry go przetestuje!<\/h4>\n<p>&nbsp;<\/p>\n<p><img fetchpriority=\"high\" decoding=\"async\" class=\"aligncenter wp-image-7175 size-full\" title=\"Debond full logo\" src=\"https:\/\/atana.pl\/wp-content\/uploads\/2021\/03\/Debond-full-logo.png\" alt=\"Debond full logo\" width=\"1293\" height=\"671\" srcset=\"https:\/\/atana.pl\/wp-content\/uploads\/2021\/03\/Debond-full-logo.png 1293w, https:\/\/atana.pl\/wp-content\/uploads\/2021\/03\/Debond-full-logo-300x156.png 300w, https:\/\/atana.pl\/wp-content\/uploads\/2021\/03\/Debond-full-logo-1024x531.png 1024w, https:\/\/atana.pl\/wp-content\/uploads\/2021\/03\/Debond-full-logo-768x399.png 768w, https:\/\/atana.pl\/wp-content\/uploads\/2021\/03\/Debond-full-logo-18x9.png 18w, https:\/\/atana.pl\/wp-content\/uploads\/2021\/03\/Debond-full-logo-150x78.png 150w, https:\/\/atana.pl\/wp-content\/uploads\/2021\/03\/Debond-full-logo-600x311.png 600w, https:\/\/atana.pl\/wp-content\/uploads\/2021\/03\/Debond-full-logo-64x33.png 64w\" sizes=\"(max-width: 1293px) 100vw, 1293px\" \/><\/p>\n<div style=\"width: 2160px;\" class=\"wp-video\"><!--[if lt IE 9]><script>document.createElement('video');<\/script><![endif]-->\n<video class=\"wp-video-shortcode\" id=\"video-6777-1\" width=\"2160\" height=\"3840\" preload=\"metadata\" controls=\"controls\"><source type=\"video\/mp4\" src=\"https:\/\/atana.pl\/wp-content\/uploads\/1967\/01\/DeBond2.mp4?_=1\" \/><a href=\"https:\/\/atana.pl\/wp-content\/uploads\/1967\/01\/DeBond2.mp4\">https:\/\/atana.pl\/wp-content\/uploads\/1967\/01\/DeBond2.mp4<\/a><\/video><\/div>","protected":false},"excerpt":{"rendered":"<ul>\n<li class=\"\" data-start=\"1587\" data-end=\"1610\">\n<p class=\"\" data-start=\"1589\" data-end=\"1610\">DeBond Marine Formula<\/p>\n<\/li>\n<li class=\"\" data-start=\"1611\" data-end=\"1629\">\n<p class=\"\" data-start=\"1613\" data-end=\"1629\">\u015brodek do usuwania usczelniacza, 3M 5200, sikaflex itp<\/p>\n<\/li>\n<li class=\"\" data-start=\"1795\" data-end=\"1824\">\n<p class=\"\" data-start=\"1797\" data-end=\"1824\">chemia jachtowa do remont\u00f3w<\/p>\n<\/li>\n<\/ul>","protected":false},"featured_media":6778,"template":"","meta":{"_acf_changed":false},"product_brand":[],"product_cat":[15],"product_tag":[378,382,375,380,383,379,376,381,377,384],"class_list":{"0":"post-6777","1":"product","2":"type-product","3":"status-publish","4":"has-post-thumbnail","6":"product_cat-chemia-jachtowa","7":"product_tag-3m-5200-remover","8":"product_tag-cleaner","9":"product_tag-debond","10":"product_tag-jacht","11":"product_tag-klej-morski","12":"product_tag-lodz","13":"product_tag-marine-formula","14":"product_tag-sikaflex","15":"product_tag-usuwanie-kleju","16":"product_tag-uszczelniacz","18":"first","19":"instock","20":"taxable","21":"shipping-taxable","22":"purchasable","23":"product-type-simple"},"acf":[],"yoast_head":"<!-- This site is optimized with the Yoast SEO plugin v25.2 - https:\/\/yoast.com\/wordpress\/plugins\/seo\/ -->\n<title>DeBond - Marine Formula - \u015arodek do rozpuszczania klej\u00f3w i mas uszczelniaj\u0105cych - Atana<\/title>\n<meta name=\"description\" content=\"Skuteczny \u015brodek do usuwania 3M 5200, Sikaflex i innych uszczelniaczy. Idealny do \u0142odzi i jacht\u00f3w. DeBond Marine Formula \u2013 ju\u017c wkr\u00f3tce w sprzeda\u017cy!\" \/>\n<meta name=\"robots\" content=\"index, follow, max-snippet:-1, max-image-preview:large, max-video-preview:-1\" \/>\n<link rel=\"canonical\" href=\"https:\/\/atana.pl\/en\/online-shop\/chemia-jachtowa\/debond-marine-formula-profesjonalny-rozpuszczalnik-do-uszczelniaczy\/\" \/>\n<meta property=\"og:locale\" content=\"en_GB\" \/>\n<meta property=\"og:type\" content=\"article\" \/>\n<meta property=\"og:title\" content=\"DeBond - Marine Formula - \u015arodek do rozpuszczania klej\u00f3w i mas uszczelniaj\u0105cych - Atana\" \/>\n<meta property=\"og:description\" content=\"Skuteczny \u015brodek do usuwania 3M 5200, Sikaflex i innych uszczelniaczy. Idealny do \u0142odzi i jacht\u00f3w. DeBond Marine Formula \u2013 ju\u017c wkr\u00f3tce w sprzeda\u017cy!\" \/>\n<meta property=\"og:url\" content=\"https:\/\/atana.pl\/en\/online-shop\/chemia-jachtowa\/debond-marine-formula-profesjonalny-rozpuszczalnik-do-uszczelniaczy\/\" \/>\n<meta property=\"og:site_name\" content=\"Atana\" \/>\n<meta property=\"article:publisher\" content=\"https:\/\/www.facebook.com\/atanayachts\" \/>\n<meta property=\"article:modified_time\" content=\"2026-01-06T09:40:00+00:00\" \/>\n<meta property=\"og:image\" content=\"https:\/\/atana.pl\/wp-content\/uploads\/2025\/03\/Debond_Marine-formula.webp\" \/>\n\t<meta property=\"og:image:width\" content=\"1274\" \/>\n\t<meta property=\"og:image:height\" content=\"1274\" \/>\n\t<meta property=\"og:image:type\" content=\"image\/webp\" \/>\n<meta name=\"twitter:card\" content=\"summary_large_image\" \/>\n<meta name=\"twitter:label1\" content=\"Estimated reading time\" \/>\n\t<meta name=\"twitter:data1\" content=\"1 minute\" \/>\n<script type=\"application\/ld+json\" class=\"yoast-schema-graph\">{\"@context\":\"https:\/\/schema.org\",\"@graph\":[{\"@type\":\"WebPage\",\"@id\":\"https:\/\/atana.pl\/sklep-on-line\/chemia-jachtowa\/debond-marine-formula-profesjonalny-rozpuszczalnik-do-uszczelniaczy\/\",\"url\":\"https:\/\/atana.pl\/sklep-on-line\/chemia-jachtowa\/debond-marine-formula-profesjonalny-rozpuszczalnik-do-uszczelniaczy\/\",\"name\":\"DeBond - Marine Formula - \u015arodek do rozpuszczania klej\u00f3w i mas uszczelniaj\u0105cych - Atana\",\"isPartOf\":{\"@id\":\"https:\/\/atana.pl\/#website\"},\"primaryImageOfPage\":{\"@id\":\"https:\/\/atana.pl\/sklep-on-line\/chemia-jachtowa\/debond-marine-formula-profesjonalny-rozpuszczalnik-do-uszczelniaczy\/#primaryimage\"},\"image\":{\"@id\":\"https:\/\/atana.pl\/sklep-on-line\/chemia-jachtowa\/debond-marine-formula-profesjonalny-rozpuszczalnik-do-uszczelniaczy\/#primaryimage\"},\"thumbnailUrl\":\"https:\/\/atana.pl\/wp-content\/uploads\/2025\/03\/Debond_Marine-formula.webp\",\"datePublished\":\"2021-03-31T10:16:06+00:00\",\"dateModified\":\"2026-01-06T09:40:00+00:00\",\"description\":\"Skuteczny \u015brodek do usuwania 3M 5200, Sikaflex i innych uszczelniaczy. Idealny do \u0142odzi i jacht\u00f3w. DeBond Marine Formula \u2013 ju\u017c wkr\u00f3tce w sprzeda\u017cy!\",\"breadcrumb\":{\"@id\":\"https:\/\/atana.pl\/sklep-on-line\/chemia-jachtowa\/debond-marine-formula-profesjonalny-rozpuszczalnik-do-uszczelniaczy\/#breadcrumb\"},\"inLanguage\":\"en-GB\",\"potentialAction\":[{\"@type\":\"ReadAction\",\"target\":[\"https:\/\/atana.pl\/sklep-on-line\/chemia-jachtowa\/debond-marine-formula-profesjonalny-rozpuszczalnik-do-uszczelniaczy\/\"]}]},{\"@type\":\"ImageObject\",\"inLanguage\":\"en-GB\",\"@id\":\"https:\/\/atana.pl\/sklep-on-line\/chemia-jachtowa\/debond-marine-formula-profesjonalny-rozpuszczalnik-do-uszczelniaczy\/#primaryimage\",\"url\":\"https:\/\/atana.pl\/wp-content\/uploads\/2025\/03\/Debond_Marine-formula.webp\",\"contentUrl\":\"https:\/\/atana.pl\/wp-content\/uploads\/2025\/03\/Debond_Marine-formula.webp\",\"width\":1274,\"height\":1274,\"caption\":\"Debond Marine formula\"},{\"@type\":\"BreadcrumbList\",\"@id\":\"https:\/\/atana.pl\/sklep-on-line\/chemia-jachtowa\/debond-marine-formula-profesjonalny-rozpuszczalnik-do-uszczelniaczy\/#breadcrumb\",\"itemListElement\":[{\"@type\":\"ListItem\",\"position\":1,\"name\":\"Strona g\u0142\u00f3wna\",\"item\":\"https:\/\/atana.pl\/\"},{\"@type\":\"ListItem\",\"position\":2,\"name\":\"Sklep on-line\",\"item\":\"https:\/\/atana.pl\/sklep-on-line\/\"},{\"@type\":\"ListItem\",\"position\":3,\"name\":\"DeBond &#8211; Marine Formula &#8211; \u015arodek do rozpuszczania klej\u00f3w i mas uszczelniaj\u0105cych\"}]},{\"@type\":\"WebSite\",\"@id\":\"https:\/\/atana.pl\/#website\",\"url\":\"https:\/\/atana.pl\/\",\"name\":\"Atana\",\"description\":\"Akcesoria do \u0142odzi, kamper\u00f3w i przyczep. \u0141odzie motorowe\",\"publisher\":{\"@id\":\"https:\/\/atana.pl\/#organization\"},\"potentialAction\":[{\"@type\":\"SearchAction\",\"target\":{\"@type\":\"EntryPoint\",\"urlTemplate\":\"https:\/\/atana.pl\/?s={search_term_string}\"},\"query-input\":{\"@type\":\"PropertyValueSpecification\",\"valueRequired\":true,\"valueName\":\"search_term_string\"}}],\"inLanguage\":\"en-GB\"},{\"@type\":\"Organization\",\"@id\":\"https:\/\/atana.pl\/#organization\",\"name\":\"Atana\",\"url\":\"https:\/\/atana.pl\/\",\"logo\":{\"@type\":\"ImageObject\",\"inLanguage\":\"en-GB\",\"@id\":\"https:\/\/atana.pl\/#\/schema\/logo\/image\/\",\"url\":\"\",\"contentUrl\":\"\",\"caption\":\"Atana\"},\"image\":{\"@id\":\"https:\/\/atana.pl\/#\/schema\/logo\/image\/\"},\"sameAs\":[\"https:\/\/www.facebook.com\/atanayachts\",\"https:\/\/www.instagram.com\/atanaboats\/\",\"https:\/\/www.youtube.com\/channel\/UClMMmVqqx17in9QzgxK90Mw\"]}]}<\/script>\n<!-- \/ Yoast SEO plugin. -->","yoast_head_json":{"title":"DeBond - Marine Formula - \u015arodek do rozpuszczania klej\u00f3w i mas uszczelniaj\u0105cych - Atana","description":"Skuteczny \u015brodek do usuwania 3M 5200, Sikaflex i innych uszczelniaczy. Idealny do \u0142odzi i jacht\u00f3w. DeBond Marine Formula \u2013 ju\u017c wkr\u00f3tce w sprzeda\u017cy!","robots":{"index":"index","follow":"follow","max-snippet":"max-snippet:-1","max-image-preview":"max-image-preview:large","max-video-preview":"max-video-preview:-1"},"canonical":"https:\/\/atana.pl\/en\/online-shop\/chemia-jachtowa\/debond-marine-formula-profesjonalny-rozpuszczalnik-do-uszczelniaczy\/","og_locale":"en_GB","og_type":"article","og_title":"DeBond - Marine Formula - \u015arodek do rozpuszczania klej\u00f3w i mas uszczelniaj\u0105cych - Atana","og_description":"Skuteczny \u015brodek do usuwania 3M 5200, Sikaflex i innych uszczelniaczy. Idealny do \u0142odzi i jacht\u00f3w. DeBond Marine Formula \u2013 ju\u017c wkr\u00f3tce w sprzeda\u017cy!","og_url":"https:\/\/atana.pl\/en\/online-shop\/chemia-jachtowa\/debond-marine-formula-profesjonalny-rozpuszczalnik-do-uszczelniaczy\/","og_site_name":"Atana","article_publisher":"https:\/\/www.facebook.com\/atanayachts","article_modified_time":"2026-01-06T09:40:00+00:00","og_image":[{"width":1274,"height":1274,"url":"https:\/\/atana.pl\/wp-content\/uploads\/2025\/03\/Debond_Marine-formula.webp","type":"image\/webp"}],"twitter_card":"summary_large_image","twitter_misc":{"Estimated reading time":"1 minute"},"schema":{"@context":"https:\/\/schema.org","@graph":[{"@type":"WebPage","@id":"https:\/\/atana.pl\/sklep-on-line\/chemia-jachtowa\/debond-marine-formula-profesjonalny-rozpuszczalnik-do-uszczelniaczy\/","url":"https:\/\/atana.pl\/sklep-on-line\/chemia-jachtowa\/debond-marine-formula-profesjonalny-rozpuszczalnik-do-uszczelniaczy\/","name":"DeBond - Marine Formula - \u015arodek do rozpuszczania klej\u00f3w i mas uszczelniaj\u0105cych - Atana","isPartOf":{"@id":"https:\/\/atana.pl\/#website"},"primaryImageOfPage":{"@id":"https:\/\/atana.pl\/sklep-on-line\/chemia-jachtowa\/debond-marine-formula-profesjonalny-rozpuszczalnik-do-uszczelniaczy\/#primaryimage"},"image":{"@id":"https:\/\/atana.pl\/sklep-on-line\/chemia-jachtowa\/debond-marine-formula-profesjonalny-rozpuszczalnik-do-uszczelniaczy\/#primaryimage"},"thumbnailUrl":"https:\/\/atana.pl\/wp-content\/uploads\/2025\/03\/Debond_Marine-formula.webp","datePublished":"2021-03-31T10:16:06+00:00","dateModified":"2026-01-06T09:40:00+00:00","description":"Skuteczny \u015brodek do usuwania 3M 5200, Sikaflex i innych uszczelniaczy. Idealny do \u0142odzi i jacht\u00f3w. DeBond Marine Formula \u2013 ju\u017c wkr\u00f3tce w sprzeda\u017cy!","breadcrumb":{"@id":"https:\/\/atana.pl\/sklep-on-line\/chemia-jachtowa\/debond-marine-formula-profesjonalny-rozpuszczalnik-do-uszczelniaczy\/#breadcrumb"},"inLanguage":"en-GB","potentialAction":[{"@type":"ReadAction","target":["https:\/\/atana.pl\/sklep-on-line\/chemia-jachtowa\/debond-marine-formula-profesjonalny-rozpuszczalnik-do-uszczelniaczy\/"]}]},{"@type":"ImageObject","inLanguage":"en-GB","@id":"https:\/\/atana.pl\/sklep-on-line\/chemia-jachtowa\/debond-marine-formula-profesjonalny-rozpuszczalnik-do-uszczelniaczy\/#primaryimage","url":"https:\/\/atana.pl\/wp-content\/uploads\/2025\/03\/Debond_Marine-formula.webp","contentUrl":"https:\/\/atana.pl\/wp-content\/uploads\/2025\/03\/Debond_Marine-formula.webp","width":1274,"height":1274,"caption":"Debond Marine formula"},{"@type":"BreadcrumbList","@id":"https:\/\/atana.pl\/sklep-on-line\/chemia-jachtowa\/debond-marine-formula-profesjonalny-rozpuszczalnik-do-uszczelniaczy\/#breadcrumb","itemListElement":[{"@type":"ListItem","position":1,"name":"Strona g\u0142\u00f3wna","item":"https:\/\/atana.pl\/"},{"@type":"ListItem","position":2,"name":"Sklep on-line","item":"https:\/\/atana.pl\/sklep-on-line\/"},{"@type":"ListItem","position":3,"name":"DeBond &#8211; Marine Formula &#8211; \u015arodek do rozpuszczania klej\u00f3w i mas uszczelniaj\u0105cych"}]},{"@type":"WebSite","@id":"https:\/\/atana.pl\/#website","url":"https:\/\/atana.pl\/","name":"Atana","description":"Akcesoria do \u0142odzi, kamper\u00f3w i przyczep. \u0141odzie motorowe","publisher":{"@id":"https:\/\/atana.pl\/#organization"},"potentialAction":[{"@type":"SearchAction","target":{"@type":"EntryPoint","urlTemplate":"https:\/\/atana.pl\/?s={search_term_string}"},"query-input":{"@type":"PropertyValueSpecification","valueRequired":true,"valueName":"search_term_string"}}],"inLanguage":"en-GB"},{"@type":"Organization","@id":"https:\/\/atana.pl\/#organization","name":"Atana","url":"https:\/\/atana.pl\/","logo":{"@type":"ImageObject","inLanguage":"en-GB","@id":"https:\/\/atana.pl\/#\/schema\/logo\/image\/","url":"","contentUrl":"","caption":"Atana"},"image":{"@id":"https:\/\/atana.pl\/#\/schema\/logo\/image\/"},"sameAs":["https:\/\/www.facebook.com\/atanayachts","https:\/\/www.instagram.com\/atanaboats\/","https:\/\/www.youtube.com\/channel\/UClMMmVqqx17in9QzgxK90Mw"]}]}},"_links":{"self":[{"href":"https:\/\/atana.pl\/en\/wp-json\/wp\/v2\/product\/6777","targetHints":{"allow":["GET"]}}],"collection":[{"href":"https:\/\/atana.pl\/en\/wp-json\/wp\/v2\/product"}],"about":[{"href":"https:\/\/atana.pl\/en\/wp-json\/wp\/v2\/types\/product"}],"wp:featuredmedia":[{"embeddable":true,"href":"https:\/\/atana.pl\/en\/wp-json\/wp\/v2\/media\/6778"}],"wp:attachment":[{"href":"https:\/\/atana.pl\/en\/wp-json\/wp\/v2\/media?parent=6777"}],"wp:term":[{"taxonomy":"product_brand","embeddable":true,"href":"https:\/\/atana.pl\/en\/wp-json\/wp\/v2\/product_brand?post=6777"},{"taxonomy":"product_cat","embeddable":true,"href":"https:\/\/atana.pl\/en\/wp-json\/wp\/v2\/product_cat?post=6777"},{"taxonomy":"product_tag","embeddable":true,"href":"https:\/\/atana.pl\/en\/wp-json\/wp\/v2\/product_tag?post=6777"}],"curies":[{"name":"wp","href":"https:\/\/api.w.org\/{rel}","templated":true}]}}