{"id":6241,"date":"2024-07-24T15:00:17","date_gmt":"2024-07-24T13:00:17","guid":{"rendered":"https:\/\/atana.pl\/sklep-on-line\/lacznik-rampguide\/"},"modified":"2025-10-04T15:32:16","modified_gmt":"2025-10-04T13:32:16","slug":"lacznik-rampguide","status":"publish","type":"product","link":"https:\/\/atana.pl\/en\/online-shop\/trailer-accessories\/rampguide\/lacznik-rampguide\/","title":{"rendered":"RampGuide - quick release brackets"},"content":{"rendered":"<h2 class=\"\" data-start=\"97\" data-end=\"169\">\u0141\u0105cznik do prowadnic RampGuide \u2013 rozszerz mo\u017cliwo\u015bci swojej przyczepy<\/h2>\n<p class=\"\" data-start=\"171\" data-end=\"431\"><strong data-start=\"171\" data-end=\"205\">\u0141\u0105cznik do prowadnic RampGuide<\/strong> to praktyczne i niezawodne rozwi\u0105zanie, kt\u00f3re umo\u017cliwia \u0142atwe po\u0142\u0105czenie i regulacj\u0119 <a href=\"https:\/\/atana.pl\/en\/online-shop\/trailer-accessories\/rampguide\/rampguide-side-rails\/\">prowadnic bocznych RampGuide<\/a>. Dzi\u0119ki szybkoz\u0142\u0105czu mo\u017cesz b\u0142yskawicznie zamontowa\u0107 lub zdemontowa\u0107 maszty \u2013 bez u\u017cycia narz\u0119dzi.<\/p>\n<p class=\"\" data-start=\"433\" data-end=\"683\">\u0141\u0105cznik pozwala na <strong data-start=\"452\" data-end=\"485\">wyd\u0142u\u017cenie rozstawu prowadnic<\/strong>, co zwi\u0119ksza kompatybilno\u015b\u0107 zestawu z r\u00f3\u017cnymi typami \u0142odzi oraz umo\u017cliwia p\u0142ynn\u0105 regulacj\u0119 ich pozycji. To doskona\u0142y wyb\u00f3r dla ka\u017cdego, kto ceni elastyczno\u015b\u0107, wygod\u0119 i trwa\u0142o\u015b\u0107 w transporcie \u0142odzi.<\/p>\n<hr class=\"\" data-start=\"1008\" data-end=\"1011\" \/>\n<h3 class=\"\" data-start=\"685\" data-end=\"732\">\ud83d\udd27 Dlaczego warto wybra\u0107 \u0142\u0105cznik RampGuide?<\/h3>\n<p class=\"\" data-start=\"734\" data-end=\"1006\">\u00a0 \u00a0\u2705 Bezinwazyjny monta\u017c \u2013 bez wiercenia i ci\u0119cia<\/p>\n<p class=\"\" data-start=\"734\" data-end=\"1006\">\u00a0 \u00a0\u2705 Prosty demonta\u017c maszt\u00f3w \u2013 dzi\u0119ki \u015brubom motylkowym<\/p>\n<p class=\"\" data-start=\"734\" data-end=\"1006\">\u00a0 \u00a0\u2705 Zwi\u0119kszony zakres regulacji \u2013 a\u017c do 35 cm na ka\u017cd\u0105 stron\u0119<\/p>\n<p class=\"\" data-start=\"734\" data-end=\"1006\">\u00a0 \u00a0\u2705 Wzmocniona konstrukcja \u2013 ocynk galwaniczny + lakier bezbarwny<\/p>\n<p class=\"\" data-start=\"734\" data-end=\"1006\">\u00a0 \u00a0\u2705 Kompletny zestaw monta\u017cowy w pude\u0142ku<\/p>\n<hr class=\"\" data-start=\"1008\" data-end=\"1011\" \/>\n<h3 class=\"\" data-start=\"1013\" data-end=\"1038\">\ud83d\udce6 Co zawiera zestaw?<\/h3>\n<ul data-start=\"1040\" data-end=\"1168\">\n<li class=\"\" data-start=\"1040\" data-end=\"1065\">\n<p class=\"\" data-start=\"1042\" data-end=\"1065\">2 \u00d7 mounting brackets<\/p>\n<\/li>\n<li class=\"\" data-start=\"1066\" data-end=\"1085\">\n<p class=\"\" data-start=\"1068\" data-end=\"1085\">2 \u00d7 flat bars<\/p>\n<\/li>\n<li class=\"\" data-start=\"1086\" data-end=\"1135\">\n<p class=\"\" data-start=\"1088\" data-end=\"1135\">4 \u00d7 thumb screws with lock nuts<\/p>\n<\/li>\n<li class=\"\" data-start=\"1136\" data-end=\"1168\">\n<p class=\"\" data-start=\"1138\" data-end=\"1168\">Instrukcj\u0119 monta\u017cu i obs\u0142ugi<\/p>\n<\/li>\n<\/ul>\n<hr class=\"\" data-start=\"1385\" data-end=\"1388\" \/>\n<h3 class=\"\" data-start=\"1390\" data-end=\"1404\">\ud83d\udd29 Monta\u017c:<\/h3>\n<p class=\"\" data-start=\"1406\" data-end=\"1709\">Monta\u017c \u0142\u0105cznik\u00f3w RampGuide jest szybki i bezproblemowy. Wystarczy klucz 17 mm, aby przykr\u0119ci\u0107 \u0142\u0105czniki do g\u0142\u00f3wnej belki przyczepy za pomoc\u0105 obejm, cybant\u00f3w, p\u0142askownik\u00f3w i podk\u0142adek (zestawy mocowa\u0144 do prowadnic i \u0142\u0105cznik\u00f3w s\u0105 kompatybilne). Ca\u0142o\u015b\u0107 nie wymaga \u017cadnych ingerencji w konstrukcj\u0119 przyczepy.<\/p>\n<hr class=\"\" data-start=\"1711\" data-end=\"1714\" \/>\n<h3 class=\"\" data-start=\"1716\" data-end=\"1742\">\ud83d\udee1\ufe0f Wsparcie i serwis:<\/h3>\n<p class=\"\" data-start=\"1744\" data-end=\"1876\">\u2714\ufe0f 2-year warranty<br data-start=\"1763\" data-end=\"1766\" \/>\u2714\ufe0f Pomoc techniczna i serwis<br data-start=\"1794\" data-end=\"1797\" \/>\u2714\ufe0f Dost\u0119pno\u015b\u0107 cz\u0119\u015bci zamiennych<br data-start=\"1828\" data-end=\"1831\" \/>\u2714\ufe0f Szybka wysy\u0142ka \u2013 nawet w 24h od zam\u00f3wienia<\/p>\n<hr class=\"\" data-start=\"1878\" data-end=\"1881\" \/>\n<p class=\"\" data-start=\"1883\" data-end=\"2133\"><strong data-start=\"1883\" data-end=\"1896\">RampGuide<\/strong> to wyb\u00f3r profesjonalist\u00f3w i pasjonat\u00f3w \u2013 precyzyjne wykonanie, odporno\u015b\u0107 na warunki atmosferyczne i wygoda u\u017cytkowania. Ten niepozorny \u0142\u0105cznik mo\u017ce znacz\u0105co zwi\u0119kszy\u0107 funkcjonalno\u015b\u0107 Twojej przyczepy i komfort u\u017cytkowania ca\u0142ego zestawu.<\/p>\n<p class=\"\" data-start=\"2135\" data-end=\"2218\">Nie czekaj \u2013 postaw na jako\u015b\u0107 RampGuide i zyskaj elastyczno\u015b\u0107, kt\u00f3rej potrzebujesz.<\/p>","protected":false},"excerpt":{"rendered":"<ul>\n<li>\u0141\u0105cznik do prowadnic do \u0142odzi RampGuide.<\/li>\n<li>Szybki monta\u017c\/demonta\u017c prowadnic.<\/li>\n<li>Wyd\u0142u\u017ca zakres regulacji.<\/li>\n<\/ul>","protected":false},"featured_media":6242,"template":"","meta":{"_acf_changed":false},"product_brand":[],"product_cat":[127,134],"product_tag":[720,719,711,721,727,714,730,713,723,726,716,724,728,717,729,722,725,712,718,715],"class_list":{"0":"post-6241","1":"product","2":"type-product","3":"status-publish","4":"has-post-thumbnail","6":"product_cat-akcesoria-do-przyczep","7":"product_cat-prowadnice-rampguide","8":"product_tag-akcesoria-rampguide","9":"product_tag-lacznik-do-masztow","10":"product_tag-lacznik-do-prowadnic-rampguide","11":"product_tag-lacznik-galwanizowany","12":"product_tag-mocowanie-prowadnic","13":"product_tag-montaz-bez-wiercenia","14":"product_tag-prowadnice-bez-narzedzi","15":"product_tag-prowadnice-do-lodzi","16":"product_tag-prowadnice-lodziowe","17":"product_tag-przyczepa-podlodziowa","18":"product_tag-regulacja-prowadnic","19":"product_tag-regulowany-lacznik","20":"product_tag-system-rampguide","21":"product_tag-szybki-montaz-do-przyczepy","22":"product_tag-szybkozlacze-do-prowadnic","23":"product_tag-transport-lodzi","24":"product_tag-uchwyt-masztowy","25":"product_tag-uchwyty-do-prowadnic","26":"product_tag-uchwyty-do-przyczep-rampguide","27":"product_tag-zestaw-do-prowadnic","29":"first","30":"instock","31":"taxable","32":"shipping-taxable","33":"purchasable","34":"product-type-simple"},"acf":[],"yoast_head":"<!-- This site is optimized with the Yoast SEO plugin v25.2 - https:\/\/yoast.com\/wordpress\/plugins\/seo\/ -->\n<title>RampGuide - szybkoz\u0142\u0105cze, \u0142\u0105cznik do prowadnic - Atana<\/title>\n<meta name=\"description\" content=\"\u0141\u0105cznik RampGuide umo\u017cliwia szybki monta\u017c i regulacj\u0119 prowadnic bez wiercenia. Zwi\u0119ksz rozstaw maszt\u00f3w i zyskaj elastyczno\u015b\u0107. Kompletny zestaw\" \/>\n<meta name=\"robots\" content=\"index, follow, max-snippet:-1, max-image-preview:large, max-video-preview:-1\" \/>\n<link rel=\"canonical\" href=\"https:\/\/atana.pl\/en\/online-shop\/trailer-accessories\/rampguide\/lacznik-rampguide\/\" \/>\n<meta property=\"og:locale\" content=\"en_GB\" \/>\n<meta property=\"og:type\" content=\"article\" \/>\n<meta property=\"og:title\" content=\"RampGuide - szybkoz\u0142\u0105cze, \u0142\u0105cznik do prowadnic - Atana\" \/>\n<meta property=\"og:description\" content=\"\u0141\u0105cznik RampGuide umo\u017cliwia szybki monta\u017c i regulacj\u0119 prowadnic bez wiercenia. Zwi\u0119ksz rozstaw maszt\u00f3w i zyskaj elastyczno\u015b\u0107. Kompletny zestaw\" \/>\n<meta property=\"og:url\" content=\"https:\/\/atana.pl\/en\/online-shop\/trailer-accessories\/rampguide\/lacznik-rampguide\/\" \/>\n<meta property=\"og:site_name\" content=\"Atana\" \/>\n<meta property=\"article:publisher\" content=\"https:\/\/www.facebook.com\/atanayachts\" \/>\n<meta property=\"article:modified_time\" content=\"2025-10-04T13:32:16+00:00\" \/>\n<meta property=\"og:image\" content=\"https:\/\/atana.pl\/wp-content\/uploads\/2024\/11\/Lacznik-RamGuide-ARG025-3.png\" \/>\n\t<meta property=\"og:image:width\" content=\"900\" \/>\n\t<meta property=\"og:image:height\" content=\"900\" \/>\n\t<meta property=\"og:image:type\" content=\"image\/png\" \/>\n<meta name=\"twitter:card\" content=\"summary_large_image\" \/>\n<meta name=\"twitter:label1\" content=\"Estimated reading time\" \/>\n\t<meta name=\"twitter:data1\" content=\"1 minute\" \/>\n<script type=\"application\/ld+json\" class=\"yoast-schema-graph\">{\"@context\":\"https:\/\/schema.org\",\"@graph\":[{\"@type\":\"WebPage\",\"@id\":\"https:\/\/atana.pl\/sklep-on-line\/akcesoria-do-przyczep\/prowadnice-rampguide\/lacznik-rampguide\/\",\"url\":\"https:\/\/atana.pl\/sklep-on-line\/akcesoria-do-przyczep\/prowadnice-rampguide\/lacznik-rampguide\/\",\"name\":\"RampGuide - szybkoz\u0142\u0105cze, \u0142\u0105cznik do prowadnic - Atana\",\"isPartOf\":{\"@id\":\"https:\/\/atana.pl\/#website\"},\"primaryImageOfPage\":{\"@id\":\"https:\/\/atana.pl\/sklep-on-line\/akcesoria-do-przyczep\/prowadnice-rampguide\/lacznik-rampguide\/#primaryimage\"},\"image\":{\"@id\":\"https:\/\/atana.pl\/sklep-on-line\/akcesoria-do-przyczep\/prowadnice-rampguide\/lacznik-rampguide\/#primaryimage\"},\"thumbnailUrl\":\"https:\/\/atana.pl\/wp-content\/uploads\/2024\/11\/Lacznik-RamGuide-ARG025-3.png\",\"datePublished\":\"2024-07-24T13:00:17+00:00\",\"dateModified\":\"2025-10-04T13:32:16+00:00\",\"description\":\"\u0141\u0105cznik RampGuide umo\u017cliwia szybki monta\u017c i regulacj\u0119 prowadnic bez wiercenia. Zwi\u0119ksz rozstaw maszt\u00f3w i zyskaj elastyczno\u015b\u0107. Kompletny zestaw\",\"breadcrumb\":{\"@id\":\"https:\/\/atana.pl\/sklep-on-line\/akcesoria-do-przyczep\/prowadnice-rampguide\/lacznik-rampguide\/#breadcrumb\"},\"inLanguage\":\"en-GB\",\"potentialAction\":[{\"@type\":\"ReadAction\",\"target\":[\"https:\/\/atana.pl\/sklep-on-line\/akcesoria-do-przyczep\/prowadnice-rampguide\/lacznik-rampguide\/\"]}]},{\"@type\":\"ImageObject\",\"inLanguage\":\"en-GB\",\"@id\":\"https:\/\/atana.pl\/sklep-on-line\/akcesoria-do-przyczep\/prowadnice-rampguide\/lacznik-rampguide\/#primaryimage\",\"url\":\"https:\/\/atana.pl\/wp-content\/uploads\/2024\/11\/Lacznik-RamGuide-ARG025-3.png\",\"contentUrl\":\"https:\/\/atana.pl\/wp-content\/uploads\/2024\/11\/Lacznik-RamGuide-ARG025-3.png\",\"width\":900,\"height\":900,\"caption\":\"\u0141\u0105cznik do prowadnic - RampGuide\"},{\"@type\":\"BreadcrumbList\",\"@id\":\"https:\/\/atana.pl\/sklep-on-line\/akcesoria-do-przyczep\/prowadnice-rampguide\/lacznik-rampguide\/#breadcrumb\",\"itemListElement\":[{\"@type\":\"ListItem\",\"position\":1,\"name\":\"Strona g\u0142\u00f3wna\",\"item\":\"https:\/\/atana.pl\/\"},{\"@type\":\"ListItem\",\"position\":2,\"name\":\"Sklep on-line\",\"item\":\"https:\/\/atana.pl\/sklep-on-line\/\"},{\"@type\":\"ListItem\",\"position\":3,\"name\":\"RampGuide &#8211; szybkoz\u0142\u0105cze, \u0142\u0105cznik do prowadnic\"}]},{\"@type\":\"WebSite\",\"@id\":\"https:\/\/atana.pl\/#website\",\"url\":\"https:\/\/atana.pl\/\",\"name\":\"Atana\",\"description\":\"Akcesoria do \u0142odzi, kamper\u00f3w i przyczep. \u0141odzie motorowe\",\"publisher\":{\"@id\":\"https:\/\/atana.pl\/#organization\"},\"potentialAction\":[{\"@type\":\"SearchAction\",\"target\":{\"@type\":\"EntryPoint\",\"urlTemplate\":\"https:\/\/atana.pl\/?s={search_term_string}\"},\"query-input\":{\"@type\":\"PropertyValueSpecification\",\"valueRequired\":true,\"valueName\":\"search_term_string\"}}],\"inLanguage\":\"en-GB\"},{\"@type\":\"Organization\",\"@id\":\"https:\/\/atana.pl\/#organization\",\"name\":\"Atana\",\"url\":\"https:\/\/atana.pl\/\",\"logo\":{\"@type\":\"ImageObject\",\"inLanguage\":\"en-GB\",\"@id\":\"https:\/\/atana.pl\/#\/schema\/logo\/image\/\",\"url\":\"\",\"contentUrl\":\"\",\"caption\":\"Atana\"},\"image\":{\"@id\":\"https:\/\/atana.pl\/#\/schema\/logo\/image\/\"},\"sameAs\":[\"https:\/\/www.facebook.com\/atanayachts\",\"https:\/\/www.instagram.com\/atanaboats\/\",\"https:\/\/www.youtube.com\/channel\/UClMMmVqqx17in9QzgxK90Mw\"]}]}<\/script>\n<!-- \/ Yoast SEO plugin. -->","yoast_head_json":{"title":"RampGuide - szybkoz\u0142\u0105cze, \u0142\u0105cznik do prowadnic - Atana","description":"\u0141\u0105cznik RampGuide umo\u017cliwia szybki monta\u017c i regulacj\u0119 prowadnic bez wiercenia. Zwi\u0119ksz rozstaw maszt\u00f3w i zyskaj elastyczno\u015b\u0107. Kompletny zestaw","robots":{"index":"index","follow":"follow","max-snippet":"max-snippet:-1","max-image-preview":"max-image-preview:large","max-video-preview":"max-video-preview:-1"},"canonical":"https:\/\/atana.pl\/en\/online-shop\/trailer-accessories\/rampguide\/lacznik-rampguide\/","og_locale":"en_GB","og_type":"article","og_title":"RampGuide - szybkoz\u0142\u0105cze, \u0142\u0105cznik do prowadnic - Atana","og_description":"\u0141\u0105cznik RampGuide umo\u017cliwia szybki monta\u017c i regulacj\u0119 prowadnic bez wiercenia. Zwi\u0119ksz rozstaw maszt\u00f3w i zyskaj elastyczno\u015b\u0107. Kompletny zestaw","og_url":"https:\/\/atana.pl\/en\/online-shop\/trailer-accessories\/rampguide\/lacznik-rampguide\/","og_site_name":"Atana","article_publisher":"https:\/\/www.facebook.com\/atanayachts","article_modified_time":"2025-10-04T13:32:16+00:00","og_image":[{"width":900,"height":900,"url":"https:\/\/atana.pl\/wp-content\/uploads\/2024\/11\/Lacznik-RamGuide-ARG025-3.png","type":"image\/png"}],"twitter_card":"summary_large_image","twitter_misc":{"Estimated reading time":"1 minute"},"schema":{"@context":"https:\/\/schema.org","@graph":[{"@type":"WebPage","@id":"https:\/\/atana.pl\/sklep-on-line\/akcesoria-do-przyczep\/prowadnice-rampguide\/lacznik-rampguide\/","url":"https:\/\/atana.pl\/sklep-on-line\/akcesoria-do-przyczep\/prowadnice-rampguide\/lacznik-rampguide\/","name":"RampGuide - szybkoz\u0142\u0105cze, \u0142\u0105cznik do prowadnic - Atana","isPartOf":{"@id":"https:\/\/atana.pl\/#website"},"primaryImageOfPage":{"@id":"https:\/\/atana.pl\/sklep-on-line\/akcesoria-do-przyczep\/prowadnice-rampguide\/lacznik-rampguide\/#primaryimage"},"image":{"@id":"https:\/\/atana.pl\/sklep-on-line\/akcesoria-do-przyczep\/prowadnice-rampguide\/lacznik-rampguide\/#primaryimage"},"thumbnailUrl":"https:\/\/atana.pl\/wp-content\/uploads\/2024\/11\/Lacznik-RamGuide-ARG025-3.png","datePublished":"2024-07-24T13:00:17+00:00","dateModified":"2025-10-04T13:32:16+00:00","description":"\u0141\u0105cznik RampGuide umo\u017cliwia szybki monta\u017c i regulacj\u0119 prowadnic bez wiercenia. Zwi\u0119ksz rozstaw maszt\u00f3w i zyskaj elastyczno\u015b\u0107. Kompletny zestaw","breadcrumb":{"@id":"https:\/\/atana.pl\/sklep-on-line\/akcesoria-do-przyczep\/prowadnice-rampguide\/lacznik-rampguide\/#breadcrumb"},"inLanguage":"en-GB","potentialAction":[{"@type":"ReadAction","target":["https:\/\/atana.pl\/sklep-on-line\/akcesoria-do-przyczep\/prowadnice-rampguide\/lacznik-rampguide\/"]}]},{"@type":"ImageObject","inLanguage":"en-GB","@id":"https:\/\/atana.pl\/sklep-on-line\/akcesoria-do-przyczep\/prowadnice-rampguide\/lacznik-rampguide\/#primaryimage","url":"https:\/\/atana.pl\/wp-content\/uploads\/2024\/11\/Lacznik-RamGuide-ARG025-3.png","contentUrl":"https:\/\/atana.pl\/wp-content\/uploads\/2024\/11\/Lacznik-RamGuide-ARG025-3.png","width":900,"height":900,"caption":"\u0141\u0105cznik do prowadnic - RampGuide"},{"@type":"BreadcrumbList","@id":"https:\/\/atana.pl\/sklep-on-line\/akcesoria-do-przyczep\/prowadnice-rampguide\/lacznik-rampguide\/#breadcrumb","itemListElement":[{"@type":"ListItem","position":1,"name":"Strona g\u0142\u00f3wna","item":"https:\/\/atana.pl\/"},{"@type":"ListItem","position":2,"name":"Sklep on-line","item":"https:\/\/atana.pl\/sklep-on-line\/"},{"@type":"ListItem","position":3,"name":"RampGuide &#8211; szybkoz\u0142\u0105cze, \u0142\u0105cznik do prowadnic"}]},{"@type":"WebSite","@id":"https:\/\/atana.pl\/#website","url":"https:\/\/atana.pl\/","name":"Atana","description":"Akcesoria do \u0142odzi, kamper\u00f3w i przyczep. \u0141odzie motorowe","publisher":{"@id":"https:\/\/atana.pl\/#organization"},"potentialAction":[{"@type":"SearchAction","target":{"@type":"EntryPoint","urlTemplate":"https:\/\/atana.pl\/?s={search_term_string}"},"query-input":{"@type":"PropertyValueSpecification","valueRequired":true,"valueName":"search_term_string"}}],"inLanguage":"en-GB"},{"@type":"Organization","@id":"https:\/\/atana.pl\/#organization","name":"Atana","url":"https:\/\/atana.pl\/","logo":{"@type":"ImageObject","inLanguage":"en-GB","@id":"https:\/\/atana.pl\/#\/schema\/logo\/image\/","url":"","contentUrl":"","caption":"Atana"},"image":{"@id":"https:\/\/atana.pl\/#\/schema\/logo\/image\/"},"sameAs":["https:\/\/www.facebook.com\/atanayachts","https:\/\/www.instagram.com\/atanaboats\/","https:\/\/www.youtube.com\/channel\/UClMMmVqqx17in9QzgxK90Mw"]}]}},"_links":{"self":[{"href":"https:\/\/atana.pl\/en\/wp-json\/wp\/v2\/product\/6241","targetHints":{"allow":["GET"]}}],"collection":[{"href":"https:\/\/atana.pl\/en\/wp-json\/wp\/v2\/product"}],"about":[{"href":"https:\/\/atana.pl\/en\/wp-json\/wp\/v2\/types\/product"}],"wp:featuredmedia":[{"embeddable":true,"href":"https:\/\/atana.pl\/en\/wp-json\/wp\/v2\/media\/6242"}],"wp:attachment":[{"href":"https:\/\/atana.pl\/en\/wp-json\/wp\/v2\/media?parent=6241"}],"wp:term":[{"taxonomy":"product_brand","embeddable":true,"href":"https:\/\/atana.pl\/en\/wp-json\/wp\/v2\/product_brand?post=6241"},{"taxonomy":"product_cat","embeddable":true,"href":"https:\/\/atana.pl\/en\/wp-json\/wp\/v2\/product_cat?post=6241"},{"taxonomy":"product_tag","embeddable":true,"href":"https:\/\/atana.pl\/en\/wp-json\/wp\/v2\/product_tag?post=6241"}],"curies":[{"name":"wp","href":"https:\/\/api.w.org\/{rel}","templated":true}]}}