{"id":6196,"date":"1973-01-10T14:08:56","date_gmt":"1973-01-10T13:08:56","guid":{"rendered":"https:\/\/atana.pl\/sklep-on-line\/oslona-przejscia-burtowego-57-mm\/"},"modified":"2025-04-26T11:50:38","modified_gmt":"2025-04-26T09:50:38","slug":"oslona-przejscia-burtowego-57-mm","status":"publish","type":"product","link":"https:\/\/atana.pl\/en\/online-shop\/lifts_accessories\/akcesoria-montazowe\/oslona-przejscia-burtowego-57-mm\/","title":{"rendered":"Boarding pass cover - 57 mm"},"content":{"rendered":"<h2 class=\"\" data-start=\"86\" data-end=\"140\">\ud83d\udd29 Os\u0142ona przej\u015bcia burtowego \u2013 stal nierdzewna \u2693<\/h2>\n<p class=\"\" data-start=\"141\" data-end=\"202\"><strong data-start=\"141\" data-end=\"202\">Estetyczne wyko\u0144czenie otwor\u00f3w i odp\u0142yw\u00f3w na Twojej \u0142odzi<\/strong><\/p>\n<p class=\"\" data-start=\"204\" data-end=\"594\">Funkcjonalna i elegancka <strong data-start=\"229\" data-end=\"259\">os\u0142ona przej\u015bcia burtowego<\/strong>, wykonana z <strong data-start=\"272\" data-end=\"305\">polerowanej stali nierdzewnej<\/strong>, idealna do zabezpieczania otwor\u00f3w i odp\u0142yw\u00f3w w kad\u0142ubie \u0142odzi.<br data-start=\"369\" data-end=\"372\" \/>Gwarantuje trwa\u0142o\u015b\u0107, odporno\u015b\u0107 na korozj\u0119 oraz profesjonalny wygl\u0105d ka\u017cdej jednostki p\u0142ywaj\u0105cej. \u015awietnie sprawdzi si\u0119 w pracach szkutniczych zar\u00f3wno podczas budowy nowych konstrukcji, jak i przy renowacji starszych \u0142odzi.<\/p>\n<hr class=\"\" data-start=\"837\" data-end=\"840\" \/>\n<h3 class=\"\" data-start=\"842\" data-end=\"865\">\ud83d\udca1 Product benefits:<\/h3>\n<p class=\"\" data-start=\"866\" data-end=\"1193\">\u2714\ufe0f <strong data-start=\"869\" data-end=\"899\">Polerowana stal nierdzewna<\/strong> \u2013 wysoka odporno\u015b\u0107 na korozj\u0119, dzia\u0142anie wody morskiej i promieniowanie UV<br data-start=\"974\" data-end=\"977\" \/>\u2714\ufe0f <strong data-start=\"980\" data-end=\"1006\">Estetyczne wyko\u0144czenie<\/strong> \u2013 nadaje \u0142odzi profesjonalny i zadbany wygl\u0105d<br data-start=\"1052\" data-end=\"1055\" \/>\u2714\ufe0f <strong data-start=\"1058\" data-end=\"1075\">Versatility<\/strong> \u2013 odpowiednia do wielu zastosowa\u0144 szkutniczych<br data-start=\"1122\" data-end=\"1125\" \/>\u2714\ufe0f <strong data-start=\"1128\" data-end=\"1144\">\u0141atwy monta\u017c<\/strong> \u2013 szybkie zakrycie otwor\u00f3w przy pomocy wkr\u0119t\u00f3w<\/p>\n<hr class=\"\" data-start=\"1355\" data-end=\"1358\" \/>\n<h2 class=\"\" data-start=\"1360\" data-end=\"1413\">\ud83d\udea4 Trwa\u0142e i profesjonalne zabezpieczenie kad\u0142uba<\/h2>\n<p class=\"\" data-start=\"1414\" data-end=\"1588\">Ochrona otwor\u00f3w technicznych i odp\u0142yw\u00f3w nigdy nie by\u0142a tak \u0142atwa \u2013 wybierz sprawdzone rozwi\u0105zanie ze stali nierdzewnej i zapewnij swojej \u0142odzi najwy\u017cszy standard wyko\u0144czenia!<\/p>","protected":false},"excerpt":{"rendered":"<ul>\n<li>Os\u0142ona przej\u015bcia burtowego \u2013 estetyczne i trwa\u0142e wyko\u0144czenie otwor\u00f3w i odp\u0142yw\u00f3w na kad\u0142ubie \u0142odzi.<\/li>\n<li>Polerowana<\/li>\n<li>Stainless steel<\/li>\n<\/ul>","protected":false},"featured_media":4765,"template":"","meta":{"_acf_changed":false},"product_brand":[],"product_cat":[108,104],"product_tag":[966,985,444,963,984,143,983],"class_list":{"0":"post-6196","1":"product","2":"type-product","3":"status-publish","4":"has-post-thumbnail","6":"product_cat-akcesoria-montazowe","7":"product_cat-windy_akcesoria","8":"product_tag-akcesoria-szkutnicze","9":"product_tag-elementy-wykonczeniowe-lodzi","10":"product_tag-okucia-jachtowe","11":"product_tag-oslona-burtowa","12":"product_tag-oslona-otworu-kadlubowego","13":"product_tag-stal-nierdzewna","14":"product_tag-zakrycie-odplywu","16":"first","17":"instock","18":"taxable","19":"shipping-taxable","20":"purchasable","21":"product-type-simple"},"acf":[],"yoast_head":"<!-- This site is optimized with the Yoast SEO plugin v25.2 - https:\/\/yoast.com\/wordpress\/plugins\/seo\/ -->\n<title>Os\u0142ona przej\u015bcia burtowego - 57 mm - Atana<\/title>\n<meta name=\"description\" content=\"Estetyczna os\u0142ona przej\u015bcia burtowego 57x55x17 mm z polerowanej stali nierdzewnej \u2013 trwa\u0142e zabezpieczenie otwor\u00f3w na \u0142odzi, odporne na korozj\u0119.\" \/>\n<meta name=\"robots\" content=\"index, follow, max-snippet:-1, max-image-preview:large, max-video-preview:-1\" \/>\n<link rel=\"canonical\" href=\"https:\/\/atana.pl\/en\/online-shop\/lifts_accessories\/akcesoria-montazowe\/oslona-przejscia-burtowego-57-mm\/\" \/>\n<meta property=\"og:locale\" content=\"en_GB\" \/>\n<meta property=\"og:type\" content=\"article\" \/>\n<meta property=\"og:title\" content=\"Os\u0142ona przej\u015bcia burtowego - 57 mm - Atana\" \/>\n<meta property=\"og:description\" content=\"Estetyczna os\u0142ona przej\u015bcia burtowego 57x55x17 mm z polerowanej stali nierdzewnej \u2013 trwa\u0142e zabezpieczenie otwor\u00f3w na \u0142odzi, odporne na korozj\u0119.\" \/>\n<meta property=\"og:url\" content=\"https:\/\/atana.pl\/en\/online-shop\/lifts_accessories\/akcesoria-montazowe\/oslona-przejscia-burtowego-57-mm\/\" \/>\n<meta property=\"og:site_name\" content=\"Atana\" \/>\n<meta property=\"article:publisher\" content=\"https:\/\/www.facebook.com\/atanayachts\" \/>\n<meta property=\"article:modified_time\" content=\"2025-04-26T09:50:38+00:00\" \/>\n<meta property=\"og:image\" content=\"https:\/\/atana.pl\/wp-content\/uploads\/2024\/04\/Oslona_przejs_burtowych.jpg\" \/>\n\t<meta property=\"og:image:width\" content=\"300\" \/>\n\t<meta property=\"og:image:height\" content=\"300\" \/>\n\t<meta property=\"og:image:type\" content=\"image\/jpeg\" \/>\n<meta name=\"twitter:card\" content=\"summary_large_image\" \/>\n<meta name=\"twitter:label1\" content=\"Estimated reading time\" \/>\n\t<meta name=\"twitter:data1\" content=\"1 minute\" \/>\n<script type=\"application\/ld+json\" class=\"yoast-schema-graph\">{\"@context\":\"https:\/\/schema.org\",\"@graph\":[{\"@type\":\"WebPage\",\"@id\":\"https:\/\/atana.pl\/sklep-on-line\/windy_akcesoria\/akcesoria-montazowe\/oslona-przejscia-burtowego-57-mm\/\",\"url\":\"https:\/\/atana.pl\/sklep-on-line\/windy_akcesoria\/akcesoria-montazowe\/oslona-przejscia-burtowego-57-mm\/\",\"name\":\"Os\u0142ona przej\u015bcia burtowego - 57 mm - Atana\",\"isPartOf\":{\"@id\":\"https:\/\/atana.pl\/#website\"},\"primaryImageOfPage\":{\"@id\":\"https:\/\/atana.pl\/sklep-on-line\/windy_akcesoria\/akcesoria-montazowe\/oslona-przejscia-burtowego-57-mm\/#primaryimage\"},\"image\":{\"@id\":\"https:\/\/atana.pl\/sklep-on-line\/windy_akcesoria\/akcesoria-montazowe\/oslona-przejscia-burtowego-57-mm\/#primaryimage\"},\"thumbnailUrl\":\"https:\/\/atana.pl\/wp-content\/uploads\/2024\/04\/Oslona_przejs_burtowych.jpg\",\"datePublished\":\"1973-01-10T13:08:56+00:00\",\"dateModified\":\"2025-04-26T09:50:38+00:00\",\"description\":\"Estetyczna os\u0142ona przej\u015bcia burtowego 57x55x17 mm z polerowanej stali nierdzewnej \u2013 trwa\u0142e zabezpieczenie otwor\u00f3w na \u0142odzi, odporne na korozj\u0119.\",\"breadcrumb\":{\"@id\":\"https:\/\/atana.pl\/sklep-on-line\/windy_akcesoria\/akcesoria-montazowe\/oslona-przejscia-burtowego-57-mm\/#breadcrumb\"},\"inLanguage\":\"en-GB\",\"potentialAction\":[{\"@type\":\"ReadAction\",\"target\":[\"https:\/\/atana.pl\/sklep-on-line\/windy_akcesoria\/akcesoria-montazowe\/oslona-przejscia-burtowego-57-mm\/\"]}]},{\"@type\":\"ImageObject\",\"inLanguage\":\"en-GB\",\"@id\":\"https:\/\/atana.pl\/sklep-on-line\/windy_akcesoria\/akcesoria-montazowe\/oslona-przejscia-burtowego-57-mm\/#primaryimage\",\"url\":\"https:\/\/atana.pl\/wp-content\/uploads\/2024\/04\/Oslona_przejs_burtowych.jpg\",\"contentUrl\":\"https:\/\/atana.pl\/wp-content\/uploads\/2024\/04\/Oslona_przejs_burtowych.jpg\",\"width\":300,\"height\":300,\"caption\":\"Os\u0142ona przej\u015bcia burtowego &#8211; 90 mm\"},{\"@type\":\"BreadcrumbList\",\"@id\":\"https:\/\/atana.pl\/sklep-on-line\/windy_akcesoria\/akcesoria-montazowe\/oslona-przejscia-burtowego-57-mm\/#breadcrumb\",\"itemListElement\":[{\"@type\":\"ListItem\",\"position\":1,\"name\":\"Strona g\u0142\u00f3wna\",\"item\":\"https:\/\/atana.pl\/\"},{\"@type\":\"ListItem\",\"position\":2,\"name\":\"Sklep on-line\",\"item\":\"https:\/\/atana.pl\/sklep-on-line\/\"},{\"@type\":\"ListItem\",\"position\":3,\"name\":\"Os\u0142ona przej\u015bcia burtowego &#8211; 57 mm\"}]},{\"@type\":\"WebSite\",\"@id\":\"https:\/\/atana.pl\/#website\",\"url\":\"https:\/\/atana.pl\/\",\"name\":\"Atana\",\"description\":\"Akcesoria do \u0142odzi, kamper\u00f3w i przyczep. \u0141odzie motorowe\",\"publisher\":{\"@id\":\"https:\/\/atana.pl\/#organization\"},\"potentialAction\":[{\"@type\":\"SearchAction\",\"target\":{\"@type\":\"EntryPoint\",\"urlTemplate\":\"https:\/\/atana.pl\/?s={search_term_string}\"},\"query-input\":{\"@type\":\"PropertyValueSpecification\",\"valueRequired\":true,\"valueName\":\"search_term_string\"}}],\"inLanguage\":\"en-GB\"},{\"@type\":\"Organization\",\"@id\":\"https:\/\/atana.pl\/#organization\",\"name\":\"Atana\",\"url\":\"https:\/\/atana.pl\/\",\"logo\":{\"@type\":\"ImageObject\",\"inLanguage\":\"en-GB\",\"@id\":\"https:\/\/atana.pl\/#\/schema\/logo\/image\/\",\"url\":\"\",\"contentUrl\":\"\",\"caption\":\"Atana\"},\"image\":{\"@id\":\"https:\/\/atana.pl\/#\/schema\/logo\/image\/\"},\"sameAs\":[\"https:\/\/www.facebook.com\/atanayachts\",\"https:\/\/www.instagram.com\/atanaboats\/\",\"https:\/\/www.youtube.com\/channel\/UClMMmVqqx17in9QzgxK90Mw\"]}]}<\/script>\n<!-- \/ Yoast SEO plugin. -->","yoast_head_json":{"title":"Os\u0142ona przej\u015bcia burtowego - 57 mm - Atana","description":"Estetyczna os\u0142ona przej\u015bcia burtowego 57x55x17 mm z polerowanej stali nierdzewnej \u2013 trwa\u0142e zabezpieczenie otwor\u00f3w na \u0142odzi, odporne na korozj\u0119.","robots":{"index":"index","follow":"follow","max-snippet":"max-snippet:-1","max-image-preview":"max-image-preview:large","max-video-preview":"max-video-preview:-1"},"canonical":"https:\/\/atana.pl\/en\/online-shop\/lifts_accessories\/akcesoria-montazowe\/oslona-przejscia-burtowego-57-mm\/","og_locale":"en_GB","og_type":"article","og_title":"Os\u0142ona przej\u015bcia burtowego - 57 mm - Atana","og_description":"Estetyczna os\u0142ona przej\u015bcia burtowego 57x55x17 mm z polerowanej stali nierdzewnej \u2013 trwa\u0142e zabezpieczenie otwor\u00f3w na \u0142odzi, odporne na korozj\u0119.","og_url":"https:\/\/atana.pl\/en\/online-shop\/lifts_accessories\/akcesoria-montazowe\/oslona-przejscia-burtowego-57-mm\/","og_site_name":"Atana","article_publisher":"https:\/\/www.facebook.com\/atanayachts","article_modified_time":"2025-04-26T09:50:38+00:00","og_image":[{"width":300,"height":300,"url":"https:\/\/atana.pl\/wp-content\/uploads\/2024\/04\/Oslona_przejs_burtowych.jpg","type":"image\/jpeg"}],"twitter_card":"summary_large_image","twitter_misc":{"Estimated reading time":"1 minute"},"schema":{"@context":"https:\/\/schema.org","@graph":[{"@type":"WebPage","@id":"https:\/\/atana.pl\/sklep-on-line\/windy_akcesoria\/akcesoria-montazowe\/oslona-przejscia-burtowego-57-mm\/","url":"https:\/\/atana.pl\/sklep-on-line\/windy_akcesoria\/akcesoria-montazowe\/oslona-przejscia-burtowego-57-mm\/","name":"Os\u0142ona przej\u015bcia burtowego - 57 mm - Atana","isPartOf":{"@id":"https:\/\/atana.pl\/#website"},"primaryImageOfPage":{"@id":"https:\/\/atana.pl\/sklep-on-line\/windy_akcesoria\/akcesoria-montazowe\/oslona-przejscia-burtowego-57-mm\/#primaryimage"},"image":{"@id":"https:\/\/atana.pl\/sklep-on-line\/windy_akcesoria\/akcesoria-montazowe\/oslona-przejscia-burtowego-57-mm\/#primaryimage"},"thumbnailUrl":"https:\/\/atana.pl\/wp-content\/uploads\/2024\/04\/Oslona_przejs_burtowych.jpg","datePublished":"1973-01-10T13:08:56+00:00","dateModified":"2025-04-26T09:50:38+00:00","description":"Estetyczna os\u0142ona przej\u015bcia burtowego 57x55x17 mm z polerowanej stali nierdzewnej \u2013 trwa\u0142e zabezpieczenie otwor\u00f3w na \u0142odzi, odporne na korozj\u0119.","breadcrumb":{"@id":"https:\/\/atana.pl\/sklep-on-line\/windy_akcesoria\/akcesoria-montazowe\/oslona-przejscia-burtowego-57-mm\/#breadcrumb"},"inLanguage":"en-GB","potentialAction":[{"@type":"ReadAction","target":["https:\/\/atana.pl\/sklep-on-line\/windy_akcesoria\/akcesoria-montazowe\/oslona-przejscia-burtowego-57-mm\/"]}]},{"@type":"ImageObject","inLanguage":"en-GB","@id":"https:\/\/atana.pl\/sklep-on-line\/windy_akcesoria\/akcesoria-montazowe\/oslona-przejscia-burtowego-57-mm\/#primaryimage","url":"https:\/\/atana.pl\/wp-content\/uploads\/2024\/04\/Oslona_przejs_burtowych.jpg","contentUrl":"https:\/\/atana.pl\/wp-content\/uploads\/2024\/04\/Oslona_przejs_burtowych.jpg","width":300,"height":300,"caption":"Os\u0142ona przej\u015bcia burtowego &#8211; 90 mm"},{"@type":"BreadcrumbList","@id":"https:\/\/atana.pl\/sklep-on-line\/windy_akcesoria\/akcesoria-montazowe\/oslona-przejscia-burtowego-57-mm\/#breadcrumb","itemListElement":[{"@type":"ListItem","position":1,"name":"Strona g\u0142\u00f3wna","item":"https:\/\/atana.pl\/"},{"@type":"ListItem","position":2,"name":"Sklep on-line","item":"https:\/\/atana.pl\/sklep-on-line\/"},{"@type":"ListItem","position":3,"name":"Os\u0142ona przej\u015bcia burtowego &#8211; 57 mm"}]},{"@type":"WebSite","@id":"https:\/\/atana.pl\/#website","url":"https:\/\/atana.pl\/","name":"Atana","description":"Akcesoria do \u0142odzi, kamper\u00f3w i przyczep. \u0141odzie motorowe","publisher":{"@id":"https:\/\/atana.pl\/#organization"},"potentialAction":[{"@type":"SearchAction","target":{"@type":"EntryPoint","urlTemplate":"https:\/\/atana.pl\/?s={search_term_string}"},"query-input":{"@type":"PropertyValueSpecification","valueRequired":true,"valueName":"search_term_string"}}],"inLanguage":"en-GB"},{"@type":"Organization","@id":"https:\/\/atana.pl\/#organization","name":"Atana","url":"https:\/\/atana.pl\/","logo":{"@type":"ImageObject","inLanguage":"en-GB","@id":"https:\/\/atana.pl\/#\/schema\/logo\/image\/","url":"","contentUrl":"","caption":"Atana"},"image":{"@id":"https:\/\/atana.pl\/#\/schema\/logo\/image\/"},"sameAs":["https:\/\/www.facebook.com\/atanayachts","https:\/\/www.instagram.com\/atanaboats\/","https:\/\/www.youtube.com\/channel\/UClMMmVqqx17in9QzgxK90Mw"]}]}},"_links":{"self":[{"href":"https:\/\/atana.pl\/en\/wp-json\/wp\/v2\/product\/6196","targetHints":{"allow":["GET"]}}],"collection":[{"href":"https:\/\/atana.pl\/en\/wp-json\/wp\/v2\/product"}],"about":[{"href":"https:\/\/atana.pl\/en\/wp-json\/wp\/v2\/types\/product"}],"wp:featuredmedia":[{"embeddable":true,"href":"https:\/\/atana.pl\/en\/wp-json\/wp\/v2\/media\/4765"}],"wp:attachment":[{"href":"https:\/\/atana.pl\/en\/wp-json\/wp\/v2\/media?parent=6196"}],"wp:term":[{"taxonomy":"product_brand","embeddable":true,"href":"https:\/\/atana.pl\/en\/wp-json\/wp\/v2\/product_brand?post=6196"},{"taxonomy":"product_cat","embeddable":true,"href":"https:\/\/atana.pl\/en\/wp-json\/wp\/v2\/product_cat?post=6196"},{"taxonomy":"product_tag","embeddable":true,"href":"https:\/\/atana.pl\/en\/wp-json\/wp\/v2\/product_tag?post=6196"}],"curies":[{"name":"wp","href":"https:\/\/api.w.org\/{rel}","templated":true}]}}