{"id":6193,"date":"1974-01-10T13:55:19","date_gmt":"1974-01-10T12:55:19","guid":{"rendered":"https:\/\/atana.pl\/sklep-on-line\/oslona-przejscia-burtowego-90\/"},"modified":"2025-04-26T11:38:43","modified_gmt":"2025-04-26T09:38:43","slug":"oslona-przejscia-burtowego-90","status":"publish","type":"product","link":"https:\/\/atana.pl\/en\/online-shop\/lifts_accessories\/akcesoria-montazowe\/oslona-przejscia-burtowego-90\/","title":{"rendered":"Boarding pass cover - 90 mm"},"content":{"rendered":"<h2 class=\"\" data-start=\"110\" data-end=\"164\">\ud83d\udd29 Os\u0142ona przej\u015bcia burtowego \u2013 stal nierdzewna \u2693<\/h2>\n<p class=\"\" data-start=\"165\" data-end=\"238\"><strong data-start=\"165\" data-end=\"238\">Estetyczne i trwa\u0142e wyko\u0144czenie otwor\u00f3w oraz odp\u0142yw\u00f3w na Twojej \u0142odzi<\/strong><\/p>\n<p class=\"\" data-start=\"240\" data-end=\"682\">Os\u0142ona przej\u015bcia burtowego wykonana z <strong data-start=\"278\" data-end=\"329\">wysokiej jako\u015bci, polerowanej stali nierdzewnej<\/strong> to funkcjonalny i estetyczny element do zakrywania otwor\u00f3w technicznych, odp\u0142yw\u00f3w lub przej\u015b\u0107 na kad\u0142ubie \u0142odzi.<br data-start=\"442\" data-end=\"445\" \/>Dzi\u0119ki solidnemu wykonaniu zapewnia ochron\u0119 przed czynnikami atmosferycznymi i mechanicznymi, poprawiaj\u0105c przy tym wygl\u0105d jednostki. Idealna do zastosowania podczas prac szkutniczych, zar\u00f3wno w projektach nowych, jak i podczas renowacji.<\/p>\n<hr class=\"\" data-start=\"968\" data-end=\"971\" \/>\n<h3 class=\"\" data-start=\"973\" data-end=\"996\">\ud83d\udca1 Product benefits:<\/h3>\n<p class=\"\" data-start=\"997\" data-end=\"1321\">\u2714\ufe0f <strong data-start=\"1000\" data-end=\"1030\">Stal nierdzewna polerowana<\/strong> \u2013 odporna na korozj\u0119, promieniowanie UV i wod\u0119 morsk\u0105<br data-start=\"1084\" data-end=\"1087\" \/>\u2714\ufe0f <strong data-start=\"1090\" data-end=\"1126\">Solidna i estetyczna konstrukcja<\/strong> \u2013 gwarantuje d\u0142ugowieczno\u015b\u0107 i profesjonalny wygl\u0105d<br data-start=\"1177\" data-end=\"1180\" \/>\u2714\ufe0f <strong data-start=\"1183\" data-end=\"1211\">Uniwersalne zastosowanie<\/strong> \u2013 pasuje do wielu typ\u00f3w \u0142odzi i projekt\u00f3w technicznych<br data-start=\"1266\" data-end=\"1269\" \/>\u2714\ufe0f <strong data-start=\"1272\" data-end=\"1288\">\u0141atwy monta\u017c<\/strong> \u2013 szybkie i trwa\u0142e zamocowanie<\/p>\n<hr class=\"\" data-start=\"1483\" data-end=\"1486\" \/>\n<h2 class=\"\" data-start=\"1488\" data-end=\"1521\">\ud83d\udea4 Detal, kt\u00f3ry robi r\u00f3\u017cnic\u0119<\/h2>\n<p class=\"\" data-start=\"1522\" data-end=\"1743\">Estetyczne wyko\u0144czenie \u0142odzi to nie tylko kwestia wygl\u0105du \u2013 to r\u00f3wnie\u017c ochrona przed wilgoci\u0105, uszkodzeniami i korozj\u0105. Os\u0142ona przej\u015bcia burtowego to prosty spos\u00f3b na profesjonalne wyko\u0144czenie ka\u017cdej jednostki p\u0142ywaj\u0105cej.<\/p>","protected":false},"excerpt":{"rendered":"<ul>\n<li>Os\u0142ona przej\u015bcia burtowego \u2013 estetyczne i trwa\u0142e wyko\u0144czenie otwor\u00f3w i odp\u0142yw\u00f3w na kad\u0142ubie \u0142odzi.<\/li>\n<li>Polerowana<\/li>\n<li>Stainless steel<\/li>\n<\/ul>","protected":false},"featured_media":4765,"template":"","meta":{"_acf_changed":false},"product_brand":[],"product_cat":[108,104],"product_tag":[966,981,982,444,963,980,143,979],"class_list":{"0":"post-6193","1":"product","2":"type-product","3":"status-publish","4":"has-post-thumbnail","6":"product_cat-akcesoria-montazowe","7":"product_cat-windy_akcesoria","8":"product_tag-akcesoria-szkutnicze","9":"product_tag-blaszka-burtowa","10":"product_tag-elementy-ze-stali-nierdzewnej","11":"product_tag-okucia-jachtowe","12":"product_tag-oslona-burtowa","13":"product_tag-pokrywa-otworu-w-kadlubie","14":"product_tag-stal-nierdzewna","15":"product_tag-wykonczenie-odplywu","17":"first","18":"instock","19":"taxable","20":"shipping-taxable","21":"purchasable","22":"product-type-simple"},"acf":[],"yoast_head":"<!-- This site is optimized with the Yoast SEO plugin v25.2 - https:\/\/yoast.com\/wordpress\/plugins\/seo\/ -->\n<title>Os\u0142ona przej\u015bcia burtowego - 90 mm - Atana<\/title>\n<meta name=\"description\" content=\"Polerowana os\u0142ona przej\u015bcia burtowego 90x85x25 mm \u2013 trwa\u0142e i estetyczne wyko\u0144czenie otwor\u00f3w na \u0142odzi. Wykonana z odpornej na korozj\u0119 stali nierdzewnej.\" \/>\n<meta name=\"robots\" content=\"index, follow, max-snippet:-1, max-image-preview:large, max-video-preview:-1\" \/>\n<link rel=\"canonical\" href=\"https:\/\/atana.pl\/en\/online-shop\/lifts_accessories\/akcesoria-montazowe\/oslona-przejscia-burtowego-90\/\" \/>\n<meta property=\"og:locale\" content=\"en_GB\" \/>\n<meta property=\"og:type\" content=\"article\" \/>\n<meta property=\"og:title\" content=\"Os\u0142ona przej\u015bcia burtowego - 90 mm - Atana\" \/>\n<meta property=\"og:description\" content=\"Polerowana os\u0142ona przej\u015bcia burtowego 90x85x25 mm \u2013 trwa\u0142e i estetyczne wyko\u0144czenie otwor\u00f3w na \u0142odzi. Wykonana z odpornej na korozj\u0119 stali nierdzewnej.\" \/>\n<meta property=\"og:url\" content=\"https:\/\/atana.pl\/en\/online-shop\/lifts_accessories\/akcesoria-montazowe\/oslona-przejscia-burtowego-90\/\" \/>\n<meta property=\"og:site_name\" content=\"Atana\" \/>\n<meta property=\"article:publisher\" content=\"https:\/\/www.facebook.com\/atanayachts\" \/>\n<meta property=\"article:modified_time\" content=\"2025-04-26T09:38:43+00:00\" \/>\n<meta property=\"og:image\" content=\"https:\/\/atana.pl\/wp-content\/uploads\/2024\/04\/Oslona_przejs_burtowych.jpg\" \/>\n\t<meta property=\"og:image:width\" content=\"300\" \/>\n\t<meta property=\"og:image:height\" content=\"300\" \/>\n\t<meta property=\"og:image:type\" content=\"image\/jpeg\" \/>\n<meta name=\"twitter:card\" content=\"summary_large_image\" \/>\n<meta name=\"twitter:label1\" content=\"Estimated reading time\" \/>\n\t<meta name=\"twitter:data1\" content=\"1 minute\" \/>\n<script type=\"application\/ld+json\" class=\"yoast-schema-graph\">{\"@context\":\"https:\/\/schema.org\",\"@graph\":[{\"@type\":\"WebPage\",\"@id\":\"https:\/\/atana.pl\/sklep-on-line\/windy_akcesoria\/akcesoria-montazowe\/oslona-przejscia-burtowego-90\/\",\"url\":\"https:\/\/atana.pl\/sklep-on-line\/windy_akcesoria\/akcesoria-montazowe\/oslona-przejscia-burtowego-90\/\",\"name\":\"Os\u0142ona przej\u015bcia burtowego - 90 mm - Atana\",\"isPartOf\":{\"@id\":\"https:\/\/atana.pl\/#website\"},\"primaryImageOfPage\":{\"@id\":\"https:\/\/atana.pl\/sklep-on-line\/windy_akcesoria\/akcesoria-montazowe\/oslona-przejscia-burtowego-90\/#primaryimage\"},\"image\":{\"@id\":\"https:\/\/atana.pl\/sklep-on-line\/windy_akcesoria\/akcesoria-montazowe\/oslona-przejscia-burtowego-90\/#primaryimage\"},\"thumbnailUrl\":\"https:\/\/atana.pl\/wp-content\/uploads\/2024\/04\/Oslona_przejs_burtowych.jpg\",\"datePublished\":\"1974-01-10T12:55:19+00:00\",\"dateModified\":\"2025-04-26T09:38:43+00:00\",\"description\":\"Polerowana os\u0142ona przej\u015bcia burtowego 90x85x25 mm \u2013 trwa\u0142e i estetyczne wyko\u0144czenie otwor\u00f3w na \u0142odzi. Wykonana z odpornej na korozj\u0119 stali nierdzewnej.\",\"breadcrumb\":{\"@id\":\"https:\/\/atana.pl\/sklep-on-line\/windy_akcesoria\/akcesoria-montazowe\/oslona-przejscia-burtowego-90\/#breadcrumb\"},\"inLanguage\":\"en-GB\",\"potentialAction\":[{\"@type\":\"ReadAction\",\"target\":[\"https:\/\/atana.pl\/sklep-on-line\/windy_akcesoria\/akcesoria-montazowe\/oslona-przejscia-burtowego-90\/\"]}]},{\"@type\":\"ImageObject\",\"inLanguage\":\"en-GB\",\"@id\":\"https:\/\/atana.pl\/sklep-on-line\/windy_akcesoria\/akcesoria-montazowe\/oslona-przejscia-burtowego-90\/#primaryimage\",\"url\":\"https:\/\/atana.pl\/wp-content\/uploads\/2024\/04\/Oslona_przejs_burtowych.jpg\",\"contentUrl\":\"https:\/\/atana.pl\/wp-content\/uploads\/2024\/04\/Oslona_przejs_burtowych.jpg\",\"width\":300,\"height\":300,\"caption\":\"Os\u0142ona przej\u015bcia burtowego &#8211; 90 mm\"},{\"@type\":\"BreadcrumbList\",\"@id\":\"https:\/\/atana.pl\/sklep-on-line\/windy_akcesoria\/akcesoria-montazowe\/oslona-przejscia-burtowego-90\/#breadcrumb\",\"itemListElement\":[{\"@type\":\"ListItem\",\"position\":1,\"name\":\"Strona g\u0142\u00f3wna\",\"item\":\"https:\/\/atana.pl\/\"},{\"@type\":\"ListItem\",\"position\":2,\"name\":\"Sklep on-line\",\"item\":\"https:\/\/atana.pl\/sklep-on-line\/\"},{\"@type\":\"ListItem\",\"position\":3,\"name\":\"Os\u0142ona przej\u015bcia burtowego &#8211; 90 mm\"}]},{\"@type\":\"WebSite\",\"@id\":\"https:\/\/atana.pl\/#website\",\"url\":\"https:\/\/atana.pl\/\",\"name\":\"Atana\",\"description\":\"Akcesoria do \u0142odzi, kamper\u00f3w i przyczep. \u0141odzie motorowe\",\"publisher\":{\"@id\":\"https:\/\/atana.pl\/#organization\"},\"potentialAction\":[{\"@type\":\"SearchAction\",\"target\":{\"@type\":\"EntryPoint\",\"urlTemplate\":\"https:\/\/atana.pl\/?s={search_term_string}\"},\"query-input\":{\"@type\":\"PropertyValueSpecification\",\"valueRequired\":true,\"valueName\":\"search_term_string\"}}],\"inLanguage\":\"en-GB\"},{\"@type\":\"Organization\",\"@id\":\"https:\/\/atana.pl\/#organization\",\"name\":\"Atana\",\"url\":\"https:\/\/atana.pl\/\",\"logo\":{\"@type\":\"ImageObject\",\"inLanguage\":\"en-GB\",\"@id\":\"https:\/\/atana.pl\/#\/schema\/logo\/image\/\",\"url\":\"\",\"contentUrl\":\"\",\"caption\":\"Atana\"},\"image\":{\"@id\":\"https:\/\/atana.pl\/#\/schema\/logo\/image\/\"},\"sameAs\":[\"https:\/\/www.facebook.com\/atanayachts\",\"https:\/\/www.instagram.com\/atanaboats\/\",\"https:\/\/www.youtube.com\/channel\/UClMMmVqqx17in9QzgxK90Mw\"]}]}<\/script>\n<!-- \/ Yoast SEO plugin. -->","yoast_head_json":{"title":"Os\u0142ona przej\u015bcia burtowego - 90 mm - Atana","description":"Polerowana os\u0142ona przej\u015bcia burtowego 90x85x25 mm \u2013 trwa\u0142e i estetyczne wyko\u0144czenie otwor\u00f3w na \u0142odzi. Wykonana z odpornej na korozj\u0119 stali nierdzewnej.","robots":{"index":"index","follow":"follow","max-snippet":"max-snippet:-1","max-image-preview":"max-image-preview:large","max-video-preview":"max-video-preview:-1"},"canonical":"https:\/\/atana.pl\/en\/online-shop\/lifts_accessories\/akcesoria-montazowe\/oslona-przejscia-burtowego-90\/","og_locale":"en_GB","og_type":"article","og_title":"Os\u0142ona przej\u015bcia burtowego - 90 mm - Atana","og_description":"Polerowana os\u0142ona przej\u015bcia burtowego 90x85x25 mm \u2013 trwa\u0142e i estetyczne wyko\u0144czenie otwor\u00f3w na \u0142odzi. Wykonana z odpornej na korozj\u0119 stali nierdzewnej.","og_url":"https:\/\/atana.pl\/en\/online-shop\/lifts_accessories\/akcesoria-montazowe\/oslona-przejscia-burtowego-90\/","og_site_name":"Atana","article_publisher":"https:\/\/www.facebook.com\/atanayachts","article_modified_time":"2025-04-26T09:38:43+00:00","og_image":[{"width":300,"height":300,"url":"https:\/\/atana.pl\/wp-content\/uploads\/2024\/04\/Oslona_przejs_burtowych.jpg","type":"image\/jpeg"}],"twitter_card":"summary_large_image","twitter_misc":{"Estimated reading time":"1 minute"},"schema":{"@context":"https:\/\/schema.org","@graph":[{"@type":"WebPage","@id":"https:\/\/atana.pl\/sklep-on-line\/windy_akcesoria\/akcesoria-montazowe\/oslona-przejscia-burtowego-90\/","url":"https:\/\/atana.pl\/sklep-on-line\/windy_akcesoria\/akcesoria-montazowe\/oslona-przejscia-burtowego-90\/","name":"Os\u0142ona przej\u015bcia burtowego - 90 mm - Atana","isPartOf":{"@id":"https:\/\/atana.pl\/#website"},"primaryImageOfPage":{"@id":"https:\/\/atana.pl\/sklep-on-line\/windy_akcesoria\/akcesoria-montazowe\/oslona-przejscia-burtowego-90\/#primaryimage"},"image":{"@id":"https:\/\/atana.pl\/sklep-on-line\/windy_akcesoria\/akcesoria-montazowe\/oslona-przejscia-burtowego-90\/#primaryimage"},"thumbnailUrl":"https:\/\/atana.pl\/wp-content\/uploads\/2024\/04\/Oslona_przejs_burtowych.jpg","datePublished":"1974-01-10T12:55:19+00:00","dateModified":"2025-04-26T09:38:43+00:00","description":"Polerowana os\u0142ona przej\u015bcia burtowego 90x85x25 mm \u2013 trwa\u0142e i estetyczne wyko\u0144czenie otwor\u00f3w na \u0142odzi. Wykonana z odpornej na korozj\u0119 stali nierdzewnej.","breadcrumb":{"@id":"https:\/\/atana.pl\/sklep-on-line\/windy_akcesoria\/akcesoria-montazowe\/oslona-przejscia-burtowego-90\/#breadcrumb"},"inLanguage":"en-GB","potentialAction":[{"@type":"ReadAction","target":["https:\/\/atana.pl\/sklep-on-line\/windy_akcesoria\/akcesoria-montazowe\/oslona-przejscia-burtowego-90\/"]}]},{"@type":"ImageObject","inLanguage":"en-GB","@id":"https:\/\/atana.pl\/sklep-on-line\/windy_akcesoria\/akcesoria-montazowe\/oslona-przejscia-burtowego-90\/#primaryimage","url":"https:\/\/atana.pl\/wp-content\/uploads\/2024\/04\/Oslona_przejs_burtowych.jpg","contentUrl":"https:\/\/atana.pl\/wp-content\/uploads\/2024\/04\/Oslona_przejs_burtowych.jpg","width":300,"height":300,"caption":"Os\u0142ona przej\u015bcia burtowego &#8211; 90 mm"},{"@type":"BreadcrumbList","@id":"https:\/\/atana.pl\/sklep-on-line\/windy_akcesoria\/akcesoria-montazowe\/oslona-przejscia-burtowego-90\/#breadcrumb","itemListElement":[{"@type":"ListItem","position":1,"name":"Strona g\u0142\u00f3wna","item":"https:\/\/atana.pl\/"},{"@type":"ListItem","position":2,"name":"Sklep on-line","item":"https:\/\/atana.pl\/sklep-on-line\/"},{"@type":"ListItem","position":3,"name":"Os\u0142ona przej\u015bcia burtowego &#8211; 90 mm"}]},{"@type":"WebSite","@id":"https:\/\/atana.pl\/#website","url":"https:\/\/atana.pl\/","name":"Atana","description":"Akcesoria do \u0142odzi, kamper\u00f3w i przyczep. \u0141odzie motorowe","publisher":{"@id":"https:\/\/atana.pl\/#organization"},"potentialAction":[{"@type":"SearchAction","target":{"@type":"EntryPoint","urlTemplate":"https:\/\/atana.pl\/?s={search_term_string}"},"query-input":{"@type":"PropertyValueSpecification","valueRequired":true,"valueName":"search_term_string"}}],"inLanguage":"en-GB"},{"@type":"Organization","@id":"https:\/\/atana.pl\/#organization","name":"Atana","url":"https:\/\/atana.pl\/","logo":{"@type":"ImageObject","inLanguage":"en-GB","@id":"https:\/\/atana.pl\/#\/schema\/logo\/image\/","url":"","contentUrl":"","caption":"Atana"},"image":{"@id":"https:\/\/atana.pl\/#\/schema\/logo\/image\/"},"sameAs":["https:\/\/www.facebook.com\/atanayachts","https:\/\/www.instagram.com\/atanaboats\/","https:\/\/www.youtube.com\/channel\/UClMMmVqqx17in9QzgxK90Mw"]}]}},"_links":{"self":[{"href":"https:\/\/atana.pl\/en\/wp-json\/wp\/v2\/product\/6193","targetHints":{"allow":["GET"]}}],"collection":[{"href":"https:\/\/atana.pl\/en\/wp-json\/wp\/v2\/product"}],"about":[{"href":"https:\/\/atana.pl\/en\/wp-json\/wp\/v2\/types\/product"}],"wp:featuredmedia":[{"embeddable":true,"href":"https:\/\/atana.pl\/en\/wp-json\/wp\/v2\/media\/4765"}],"wp:attachment":[{"href":"https:\/\/atana.pl\/en\/wp-json\/wp\/v2\/media?parent=6193"}],"wp:term":[{"taxonomy":"product_brand","embeddable":true,"href":"https:\/\/atana.pl\/en\/wp-json\/wp\/v2\/product_brand?post=6193"},{"taxonomy":"product_cat","embeddable":true,"href":"https:\/\/atana.pl\/en\/wp-json\/wp\/v2\/product_cat?post=6193"},{"taxonomy":"product_tag","embeddable":true,"href":"https:\/\/atana.pl\/en\/wp-json\/wp\/v2\/product_tag?post=6193"}],"curies":[{"name":"wp","href":"https:\/\/api.w.org\/{rel}","templated":true}]}}