{"id":6117,"date":"2024-10-18T10:20:49","date_gmt":"2024-10-18T08:20:49","guid":{"rendered":"https:\/\/atana.pl\/sklep-on-line\/grunt-srodek-do-czyszczenia-lodzi-500-ml\/"},"modified":"2026-03-12T08:40:23","modified_gmt":"2026-03-12T07:40:23","slug":"grunt-srodek-do-czyszczenia-lodzi-500-ml","status":"publish","type":"product","link":"https:\/\/atana.pl\/en\/online-shop\/chemia-jachtowa\/grunt-srodek-do-czyszczenia-lodzi-500-ml\/","title":{"rendered":"GRUNT - Boat cleaner - 500 mL"},"content":{"rendered":"<h2 class=\"\" data-start=\"290\" data-end=\"366\">\ud83e\uddf4 Grunt Boat Cleaner 0,5L \u2013 \u017celowy \u015brodek do czyszczenia \u017celkotu i \u0142odzi<\/h2>\n<h3 class=\"\" data-start=\"368\" data-end=\"386\">Product description:<\/h3>\n<p class=\"\" data-start=\"387\" data-end=\"759\"><strong data-start=\"387\" data-end=\"409\">Grunt Boat Cleaner<\/strong> to specjalistyczny, chemiczny \u015brodek czyszcz\u0105cy do \u017celkotu i powierzchni \u0142odzi. W wersji 0,5L oferuje wygodne i precyzyjne zastosowanie przy pracach konserwacyjnych i czyszczeniu mniejszych jednostek. Dzi\u0119ki <strong data-start=\"618\" data-end=\"650\">g\u0119stej, \u017celowej konsystencji<\/strong>, idealnie przylega do <strong data-start=\"673\" data-end=\"710\">pionowych powierzchni i dna \u0142odzi<\/strong>, nie sp\u0142ywa i skutecznie rozpuszcza zabrudzenia.<\/p>\n<p class=\"\" data-start=\"761\" data-end=\"1121\"><strong data-start=\"761\" data-end=\"817\">Grunt dzia\u0142a poprzez \u0142agodne wnikanie w pory \u017celkotu<\/strong>, neutralizuj\u0105c przebarwienia <strong data-start=\"847\" data-end=\"898\">bez ingerencji w struktur\u0119 i po\u0142ysk powierzchni<\/strong>. Mo\u017cna go stosowa\u0107 na <strong data-start=\"921\" data-end=\"1001\">bia\u0142y i kolorowy \u017celkot, farby poliuretanowe oraz inne lakiery marynistyczne<\/strong>. Nie zaleca si\u0119 stosowania na niekt\u00f3re tworzywa sztuczne i aluminium \u2013 <strong data-start=\"1073\" data-end=\"1121\">zawsze wykonaj pr\u00f3b\u0119 w niewidocznym miejscu.<\/strong><\/p>\n<hr class=\"\" data-start=\"1123\" data-end=\"1126\" \/>\n<h3 class=\"\" data-start=\"219\" data-end=\"299\">\ud83c\udfd6\ufe0f Zastosowanie w kompleksach basenowych, na zje\u017cd\u017calniach i placach zabaw:<\/h3>\n<p class=\"\" data-start=\"300\" data-end=\"835\"><strong data-start=\"300\" data-end=\"322\">Grunt Boat Cleaner<\/strong> doskonale sprawdza si\u0119 nie tylko przy czyszczeniu \u0142odzi, ale r\u00f3wnie\u017c w utrzymaniu czysto\u015bci i estetyki w <strong data-start=\"428\" data-end=\"532\">kompleksach basenowych, aquaparkach, strefach wellness oraz na placach zabaw i zje\u017cd\u017calniach wodnych<\/strong>. Dzi\u0119ki \u017celowej formule przylega do <strong data-start=\"569\" data-end=\"610\">pionowych i zakrzywionych powierzchni<\/strong>, umo\u017cliwiaj\u0105c skuteczne usuwanie <strong data-start=\"644\" data-end=\"728\">\u017c\u00f3\u0142to-br\u0105zowych przebarwie\u0144, osad\u00f3w, plam po wodzie oraz nalot\u00f3w atmosferycznych<\/strong> z powierzchni z tworzyw sztucznych, laminat\u00f3w i lakier\u00f3w wykorzystywanych w infrastrukturze rekreacyjnej.<\/p>\n<p class=\"\" data-start=\"837\" data-end=\"1034\">Produkt idealnie nadaje si\u0119 do <strong data-start=\"868\" data-end=\"979\">czyszczenia zewn\u0119trznych element\u00f3w nara\u017conych na zmienne warunki pogodowe, wilgo\u0107 i kontakt z wod\u0105 basenow\u0105<\/strong>, przywracaj\u0105c im czysto\u015b\u0107 bez konieczno\u015bci szorowania.<\/p>\n<hr class=\"\" data-start=\"1123\" data-end=\"1126\" \/>\n<h3 class=\"\" data-start=\"1128\" data-end=\"1149\">Skutecznie usuwa:<\/h3>\n<ul>\n<li>\u017b\u00f3\u0142te i br\u0105zowe plamy na kad\u0142ubie<\/li>\n<li>Osad z wody<\/li>\n<li>Osad z lin<\/li>\n<li>Rdz\u0119 z oku\u0107<\/li>\n<li>Plamy po spalinach<\/li>\n<\/ul>\n<hr class=\"\" data-start=\"1253\" data-end=\"1256\" \/>\n<h3 class=\"\" data-start=\"1258\" data-end=\"1276\">Method of use:<\/h3>\n<ol data-start=\"1277\" data-end=\"1900\">\n<li class=\"\" data-start=\"1277\" data-end=\"1305\">\n<p class=\"\" data-start=\"1280\" data-end=\"1305\">Wstrz\u0105\u015bnij przed u\u017cyciem.<\/p>\n<\/li>\n<li class=\"\" data-start=\"1306\" data-end=\"1434\">\n<p class=\"\" data-start=\"1309\" data-end=\"1434\">Wlej \u015brodek do czystego i <strong data-start=\"1335\" data-end=\"1356\">suchego pojemnika<\/strong> \u2013 jakakolwiek woda zmniejszy skuteczno\u015b\u0107 (nie u\u017cywaj bezpo\u015brednio z butelki).<\/p>\n<\/li>\n<li class=\"\" data-start=\"1435\" data-end=\"1509\">\n<p class=\"\" data-start=\"1438\" data-end=\"1509\">Upewnij si\u0119, \u017ce powierzchnia jest wolna od wosku, past i innych barier.<\/p>\n<\/li>\n<li class=\"\" data-start=\"1510\" data-end=\"1561\">\n<p class=\"\" data-start=\"1513\" data-end=\"1561\">Na\u0142\u00f3\u017c produkt <strong data-start=\"1527\" data-end=\"1538\">p\u0119dzlem<\/strong> na zabrudzone miejsce.<\/p>\n<\/li>\n<li class=\"\" data-start=\"1562\" data-end=\"1640\">\n<p class=\"\" data-start=\"1565\" data-end=\"1640\">Pozostaw na 4\u20135 minut (w upa\u0142y 1\u20132 minuty, w niskich temp. nawet 10 minut).<\/p>\n<\/li>\n<li class=\"\" data-start=\"1641\" data-end=\"1694\">\n<p class=\"\" data-start=\"1644\" data-end=\"1694\"><strong data-start=\"1644\" data-end=\"1671\">Nie trze\u0107, nie szorowa\u0107<\/strong>. Sp\u0142uka\u0107 g\u0105bk\u0105 i wod\u0105.<\/p>\n<\/li>\n<li class=\"\" data-start=\"1695\" data-end=\"1825\">\n<p class=\"\" data-start=\"1698\" data-end=\"1825\">W razie potrzeby powt\u00f3rzy\u0107 zabieg \u2013 nie dopu\u015bci\u0107 do wyschni\u0119cia produktu. W razie wyschni\u0119cia \u2013 nanie\u015b\u0107 lekk\u0105 warstw\u0119 ponownie.<\/p>\n<\/li>\n<li class=\"\" data-start=\"1826\" data-end=\"1900\">\n<p class=\"\" data-start=\"1829\" data-end=\"1900\"><strong data-start=\"1829\" data-end=\"1873\">Nie wlewaj resztek z powrotem do butelki<\/strong> \u2013 ryzyko zanieczyszczenia.<\/p>\n<\/li>\n<\/ol>\n<hr class=\"\" data-start=\"1902\" data-end=\"1905\" \/>\n<h3 class=\"\" data-start=\"1907\" data-end=\"1927\">Technical data:<\/h3>\n<ul data-start=\"1928\" data-end=\"2276\">\n<li class=\"\" data-start=\"1928\" data-end=\"1960\">\n<p class=\"\" data-start=\"1930\" data-end=\"1960\"><strong data-start=\"1930\" data-end=\"1943\">Capacity<\/strong>: 0,5L<\/p>\n<\/li>\n<li class=\"\" data-start=\"1961\" data-end=\"1979\">\n<p class=\"\" data-start=\"1963\" data-end=\"1979\"><strong data-start=\"1963\" data-end=\"1972\">Form<\/strong>: gel<\/p>\n<\/li>\n<li class=\"\" data-start=\"1980\" data-end=\"2008\">\n<p class=\"\" data-start=\"1982\" data-end=\"2008\"><strong data-start=\"1982\" data-end=\"1995\">Performance<\/strong>: ok. 15 m\u00b2<\/p>\n<\/li>\n<li class=\"\" data-start=\"2009\" data-end=\"2052\">\n<p class=\"\" data-start=\"2011\" data-end=\"2052\"><strong data-start=\"2011\" data-end=\"2037\">Temperatura stosowania<\/strong>: powy\u017cej 8\u00b0C<\/p>\n<\/li>\n<li class=\"\" data-start=\"2053\" data-end=\"2147\">\n<p class=\"\" data-start=\"2055\" data-end=\"2147\"><strong data-start=\"2055\" data-end=\"2074\">Termin wa\u017cno\u015bci<\/strong>: 24 miesi\u0105ce od otwarcia (przechowywa\u0107 do 23\u00b0C, nie w nas\u0142onecznieniu)<\/p>\n<\/li>\n<li class=\"\" data-start=\"2148\" data-end=\"2276\">\n<p class=\"\" data-start=\"2150\" data-end=\"2276\"><strong data-start=\"2150\" data-end=\"2168\">Security<\/strong>: tylko do u\u017cytku zewn\u0119trznego; u\u017cywa\u0107 r\u0119kawic i ochrony oczu; nie wdycha\u0107; nie stosowa\u0107 przy nadwra\u017cliwo\u015bci<\/p>\n<\/li>\n<\/ul>\n<hr class=\"\" data-start=\"1902\" data-end=\"1905\" \/>\n<p class=\"\" data-start=\"2912\" data-end=\"3183\"><strong data-start=\"2912\" data-end=\"3183\">Grunt Boat Cleaner 0,5L to precyzyjny i skuteczny \u015brodek do czyszczenia kad\u0142uba i \u017celkotu. Dzi\u0119ki \u017celowej formule nie sp\u0142ywa z pionowych powierzchni i pozwala usuwa\u0107 nawet najbardziej uporczywe plamy \u2013 bez szorowania. Postaw na profesjonaln\u0105 piel\u0119gnacj\u0119 swojej \u0142odzi.<\/strong><\/p>","protected":false},"excerpt":{"rendered":"<ul>\n<li>Grunt &#8211; \u015arodek do czyszczenia \u017celkotu<\/li>\n<li>Dzia\u0142anie chemiczne &#8211; nie wymaga szorowania<\/li>\n<li>Bottle 0.5 L<\/li>\n<\/ul>","protected":false},"featured_media":4702,"template":"","meta":{"_acf_changed":false},"product_brand":[],"product_cat":[15,101],"product_tag":[414,415,409,416,418,407,380,379,412,411,413,417,408,410],"class_list":{"0":"post-6117","1":"product","2":"type-product","3":"status-publish","4":"has-post-thumbnail","6":"product_cat-chemia-jachtowa","7":"product_cat-promocje","8":"product_tag-chemia-do-lodzi","9":"product_tag-cleaner-marine","10":"product_tag-czyszczenie-lodzi","11":"product_tag-czyszczenie-zelkotu","12":"product_tag-fosol","13":"product_tag-grunt-boat-cleaner","14":"product_tag-jacht","15":"product_tag-lodz","16":"product_tag-osad-ze-spalin","17":"product_tag-plamy-z-lin","18":"product_tag-rdza-na-lodzi","19":"product_tag-srodek-do-kadluba","20":"product_tag-srodek-do-zelkotu","21":"product_tag-zel-do-czyszczenia-kadluba","23":"first","24":"instock","25":"sale","26":"taxable","27":"shipping-taxable","28":"purchasable","29":"product-type-simple"},"acf":[],"yoast_head":"<!-- This site is optimized with the Yoast SEO plugin v25.2 - https:\/\/yoast.com\/wordpress\/plugins\/seo\/ -->\n<title>GRUNT - \u015arodek do czyszczenia \u0142odzi - 500 mL - Atana<\/title>\n<meta name=\"description\" content=\"Grunt Boat Cleaner 0,5L \u2013 \u017celowy \u015brodek do usuwania plam z \u017celkotu, lin, rdzy i spalin. Skuteczny na powierzchniach pionowych. Bezpieczny i wydajny. Fosol\" \/>\n<meta name=\"robots\" content=\"index, follow, max-snippet:-1, max-image-preview:large, max-video-preview:-1\" \/>\n<link rel=\"canonical\" href=\"https:\/\/atana.pl\/en\/online-shop\/chemia-jachtowa\/grunt-srodek-do-czyszczenia-lodzi-500-ml\/\" \/>\n<meta property=\"og:locale\" content=\"en_GB\" \/>\n<meta property=\"og:type\" content=\"article\" \/>\n<meta property=\"og:title\" content=\"GRUNT - \u015arodek do czyszczenia \u0142odzi - 500 mL - Atana\" \/>\n<meta property=\"og:description\" content=\"Grunt Boat Cleaner 0,5L \u2013 \u017celowy \u015brodek do usuwania plam z \u017celkotu, lin, rdzy i spalin. Skuteczny na powierzchniach pionowych. Bezpieczny i wydajny. Fosol\" \/>\n<meta property=\"og:url\" content=\"https:\/\/atana.pl\/en\/online-shop\/chemia-jachtowa\/grunt-srodek-do-czyszczenia-lodzi-500-ml\/\" \/>\n<meta property=\"og:site_name\" content=\"Atana\" \/>\n<meta property=\"article:publisher\" content=\"https:\/\/www.facebook.com\/atanayachts\" \/>\n<meta property=\"article:modified_time\" content=\"2026-03-12T07:40:23+00:00\" \/>\n<meta property=\"og:image\" content=\"https:\/\/atana.pl\/wp-content\/uploads\/2024\/04\/Grunt_GBC500_1.png\" \/>\n\t<meta property=\"og:image:width\" content=\"900\" \/>\n\t<meta property=\"og:image:height\" content=\"900\" \/>\n\t<meta property=\"og:image:type\" content=\"image\/png\" \/>\n<meta name=\"twitter:card\" content=\"summary_large_image\" \/>\n<meta name=\"twitter:label1\" content=\"Estimated reading time\" \/>\n\t<meta name=\"twitter:data1\" content=\"2 minutes\" \/>\n<script type=\"application\/ld+json\" class=\"yoast-schema-graph\">{\"@context\":\"https:\/\/schema.org\",\"@graph\":[{\"@type\":\"WebPage\",\"@id\":\"https:\/\/atana.pl\/sklep-on-line\/chemia-jachtowa\/grunt-srodek-do-czyszczenia-lodzi-500-ml\/\",\"url\":\"https:\/\/atana.pl\/sklep-on-line\/chemia-jachtowa\/grunt-srodek-do-czyszczenia-lodzi-500-ml\/\",\"name\":\"GRUNT - \u015arodek do czyszczenia \u0142odzi - 500 mL - Atana\",\"isPartOf\":{\"@id\":\"https:\/\/atana.pl\/#website\"},\"primaryImageOfPage\":{\"@id\":\"https:\/\/atana.pl\/sklep-on-line\/chemia-jachtowa\/grunt-srodek-do-czyszczenia-lodzi-500-ml\/#primaryimage\"},\"image\":{\"@id\":\"https:\/\/atana.pl\/sklep-on-line\/chemia-jachtowa\/grunt-srodek-do-czyszczenia-lodzi-500-ml\/#primaryimage\"},\"thumbnailUrl\":\"https:\/\/atana.pl\/wp-content\/uploads\/2024\/04\/Grunt_GBC500_1.png\",\"datePublished\":\"2024-10-18T08:20:49+00:00\",\"dateModified\":\"2026-03-12T07:40:23+00:00\",\"description\":\"Grunt Boat Cleaner 0,5L \u2013 \u017celowy \u015brodek do usuwania plam z \u017celkotu, lin, rdzy i spalin. Skuteczny na powierzchniach pionowych. Bezpieczny i wydajny. Fosol\",\"breadcrumb\":{\"@id\":\"https:\/\/atana.pl\/sklep-on-line\/chemia-jachtowa\/grunt-srodek-do-czyszczenia-lodzi-500-ml\/#breadcrumb\"},\"inLanguage\":\"en-GB\",\"potentialAction\":[{\"@type\":\"ReadAction\",\"target\":[\"https:\/\/atana.pl\/sklep-on-line\/chemia-jachtowa\/grunt-srodek-do-czyszczenia-lodzi-500-ml\/\"]}]},{\"@type\":\"ImageObject\",\"inLanguage\":\"en-GB\",\"@id\":\"https:\/\/atana.pl\/sklep-on-line\/chemia-jachtowa\/grunt-srodek-do-czyszczenia-lodzi-500-ml\/#primaryimage\",\"url\":\"https:\/\/atana.pl\/wp-content\/uploads\/2024\/04\/Grunt_GBC500_1.png\",\"contentUrl\":\"https:\/\/atana.pl\/wp-content\/uploads\/2024\/04\/Grunt_GBC500_1.png\",\"width\":900,\"height\":900,\"caption\":\"GRUNT &#8211; \u015arodek do czyszczenia \u0142odzi &#8211; 500 mL\"},{\"@type\":\"BreadcrumbList\",\"@id\":\"https:\/\/atana.pl\/sklep-on-line\/chemia-jachtowa\/grunt-srodek-do-czyszczenia-lodzi-500-ml\/#breadcrumb\",\"itemListElement\":[{\"@type\":\"ListItem\",\"position\":1,\"name\":\"Strona g\u0142\u00f3wna\",\"item\":\"https:\/\/atana.pl\/\"},{\"@type\":\"ListItem\",\"position\":2,\"name\":\"Sklep on-line\",\"item\":\"https:\/\/atana.pl\/sklep-on-line\/\"},{\"@type\":\"ListItem\",\"position\":3,\"name\":\"GRUNT &#8211; \u015arodek do czyszczenia \u0142odzi &#8211; 500 mL\"}]},{\"@type\":\"WebSite\",\"@id\":\"https:\/\/atana.pl\/#website\",\"url\":\"https:\/\/atana.pl\/\",\"name\":\"Atana\",\"description\":\"Akcesoria do \u0142odzi, kamper\u00f3w i przyczep. \u0141odzie motorowe\",\"publisher\":{\"@id\":\"https:\/\/atana.pl\/#organization\"},\"potentialAction\":[{\"@type\":\"SearchAction\",\"target\":{\"@type\":\"EntryPoint\",\"urlTemplate\":\"https:\/\/atana.pl\/?s={search_term_string}\"},\"query-input\":{\"@type\":\"PropertyValueSpecification\",\"valueRequired\":true,\"valueName\":\"search_term_string\"}}],\"inLanguage\":\"en-GB\"},{\"@type\":\"Organization\",\"@id\":\"https:\/\/atana.pl\/#organization\",\"name\":\"Atana\",\"url\":\"https:\/\/atana.pl\/\",\"logo\":{\"@type\":\"ImageObject\",\"inLanguage\":\"en-GB\",\"@id\":\"https:\/\/atana.pl\/#\/schema\/logo\/image\/\",\"url\":\"\",\"contentUrl\":\"\",\"caption\":\"Atana\"},\"image\":{\"@id\":\"https:\/\/atana.pl\/#\/schema\/logo\/image\/\"},\"sameAs\":[\"https:\/\/www.facebook.com\/atanayachts\",\"https:\/\/www.instagram.com\/atanaboats\/\",\"https:\/\/www.youtube.com\/channel\/UClMMmVqqx17in9QzgxK90Mw\"]}]}<\/script>\n<!-- \/ Yoast SEO plugin. -->","yoast_head_json":{"title":"GRUNT - \u015arodek do czyszczenia \u0142odzi - 500 mL - Atana","description":"Grunt Boat Cleaner 0,5L \u2013 \u017celowy \u015brodek do usuwania plam z \u017celkotu, lin, rdzy i spalin. Skuteczny na powierzchniach pionowych. Bezpieczny i wydajny. Fosol","robots":{"index":"index","follow":"follow","max-snippet":"max-snippet:-1","max-image-preview":"max-image-preview:large","max-video-preview":"max-video-preview:-1"},"canonical":"https:\/\/atana.pl\/en\/online-shop\/chemia-jachtowa\/grunt-srodek-do-czyszczenia-lodzi-500-ml\/","og_locale":"en_GB","og_type":"article","og_title":"GRUNT - \u015arodek do czyszczenia \u0142odzi - 500 mL - Atana","og_description":"Grunt Boat Cleaner 0,5L \u2013 \u017celowy \u015brodek do usuwania plam z \u017celkotu, lin, rdzy i spalin. Skuteczny na powierzchniach pionowych. Bezpieczny i wydajny. Fosol","og_url":"https:\/\/atana.pl\/en\/online-shop\/chemia-jachtowa\/grunt-srodek-do-czyszczenia-lodzi-500-ml\/","og_site_name":"Atana","article_publisher":"https:\/\/www.facebook.com\/atanayachts","article_modified_time":"2026-03-12T07:40:23+00:00","og_image":[{"width":900,"height":900,"url":"https:\/\/atana.pl\/wp-content\/uploads\/2024\/04\/Grunt_GBC500_1.png","type":"image\/png"}],"twitter_card":"summary_large_image","twitter_misc":{"Estimated reading time":"2 minutes"},"schema":{"@context":"https:\/\/schema.org","@graph":[{"@type":"WebPage","@id":"https:\/\/atana.pl\/sklep-on-line\/chemia-jachtowa\/grunt-srodek-do-czyszczenia-lodzi-500-ml\/","url":"https:\/\/atana.pl\/sklep-on-line\/chemia-jachtowa\/grunt-srodek-do-czyszczenia-lodzi-500-ml\/","name":"GRUNT - \u015arodek do czyszczenia \u0142odzi - 500 mL - Atana","isPartOf":{"@id":"https:\/\/atana.pl\/#website"},"primaryImageOfPage":{"@id":"https:\/\/atana.pl\/sklep-on-line\/chemia-jachtowa\/grunt-srodek-do-czyszczenia-lodzi-500-ml\/#primaryimage"},"image":{"@id":"https:\/\/atana.pl\/sklep-on-line\/chemia-jachtowa\/grunt-srodek-do-czyszczenia-lodzi-500-ml\/#primaryimage"},"thumbnailUrl":"https:\/\/atana.pl\/wp-content\/uploads\/2024\/04\/Grunt_GBC500_1.png","datePublished":"2024-10-18T08:20:49+00:00","dateModified":"2026-03-12T07:40:23+00:00","description":"Grunt Boat Cleaner 0,5L \u2013 \u017celowy \u015brodek do usuwania plam z \u017celkotu, lin, rdzy i spalin. Skuteczny na powierzchniach pionowych. Bezpieczny i wydajny. Fosol","breadcrumb":{"@id":"https:\/\/atana.pl\/sklep-on-line\/chemia-jachtowa\/grunt-srodek-do-czyszczenia-lodzi-500-ml\/#breadcrumb"},"inLanguage":"en-GB","potentialAction":[{"@type":"ReadAction","target":["https:\/\/atana.pl\/sklep-on-line\/chemia-jachtowa\/grunt-srodek-do-czyszczenia-lodzi-500-ml\/"]}]},{"@type":"ImageObject","inLanguage":"en-GB","@id":"https:\/\/atana.pl\/sklep-on-line\/chemia-jachtowa\/grunt-srodek-do-czyszczenia-lodzi-500-ml\/#primaryimage","url":"https:\/\/atana.pl\/wp-content\/uploads\/2024\/04\/Grunt_GBC500_1.png","contentUrl":"https:\/\/atana.pl\/wp-content\/uploads\/2024\/04\/Grunt_GBC500_1.png","width":900,"height":900,"caption":"GRUNT &#8211; \u015arodek do czyszczenia \u0142odzi &#8211; 500 mL"},{"@type":"BreadcrumbList","@id":"https:\/\/atana.pl\/sklep-on-line\/chemia-jachtowa\/grunt-srodek-do-czyszczenia-lodzi-500-ml\/#breadcrumb","itemListElement":[{"@type":"ListItem","position":1,"name":"Strona g\u0142\u00f3wna","item":"https:\/\/atana.pl\/"},{"@type":"ListItem","position":2,"name":"Sklep on-line","item":"https:\/\/atana.pl\/sklep-on-line\/"},{"@type":"ListItem","position":3,"name":"GRUNT &#8211; \u015arodek do czyszczenia \u0142odzi &#8211; 500 mL"}]},{"@type":"WebSite","@id":"https:\/\/atana.pl\/#website","url":"https:\/\/atana.pl\/","name":"Atana","description":"Akcesoria do \u0142odzi, kamper\u00f3w i przyczep. \u0141odzie motorowe","publisher":{"@id":"https:\/\/atana.pl\/#organization"},"potentialAction":[{"@type":"SearchAction","target":{"@type":"EntryPoint","urlTemplate":"https:\/\/atana.pl\/?s={search_term_string}"},"query-input":{"@type":"PropertyValueSpecification","valueRequired":true,"valueName":"search_term_string"}}],"inLanguage":"en-GB"},{"@type":"Organization","@id":"https:\/\/atana.pl\/#organization","name":"Atana","url":"https:\/\/atana.pl\/","logo":{"@type":"ImageObject","inLanguage":"en-GB","@id":"https:\/\/atana.pl\/#\/schema\/logo\/image\/","url":"","contentUrl":"","caption":"Atana"},"image":{"@id":"https:\/\/atana.pl\/#\/schema\/logo\/image\/"},"sameAs":["https:\/\/www.facebook.com\/atanayachts","https:\/\/www.instagram.com\/atanaboats\/","https:\/\/www.youtube.com\/channel\/UClMMmVqqx17in9QzgxK90Mw"]}]}},"_links":{"self":[{"href":"https:\/\/atana.pl\/en\/wp-json\/wp\/v2\/product\/6117","targetHints":{"allow":["GET"]}}],"collection":[{"href":"https:\/\/atana.pl\/en\/wp-json\/wp\/v2\/product"}],"about":[{"href":"https:\/\/atana.pl\/en\/wp-json\/wp\/v2\/types\/product"}],"wp:featuredmedia":[{"embeddable":true,"href":"https:\/\/atana.pl\/en\/wp-json\/wp\/v2\/media\/4702"}],"wp:attachment":[{"href":"https:\/\/atana.pl\/en\/wp-json\/wp\/v2\/media?parent=6117"}],"wp:term":[{"taxonomy":"product_brand","embeddable":true,"href":"https:\/\/atana.pl\/en\/wp-json\/wp\/v2\/product_brand?post=6117"},{"taxonomy":"product_cat","embeddable":true,"href":"https:\/\/atana.pl\/en\/wp-json\/wp\/v2\/product_cat?post=6117"},{"taxonomy":"product_tag","embeddable":true,"href":"https:\/\/atana.pl\/en\/wp-json\/wp\/v2\/product_tag?post=6117"}],"curies":[{"name":"wp","href":"https:\/\/api.w.org\/{rel}","templated":true}]}}