{"id":6100,"date":"2011-04-28T12:18:27","date_gmt":"2011-04-28T10:18:27","guid":{"rendered":"https:\/\/atana.pl\/sklep-on-line\/reduktor-do-grilla-na-gaz-niskiego-cisnienia-butla-35-kw\/"},"modified":"2026-04-14T22:04:08","modified_gmt":"2026-04-14T20:04:08","slug":"reduktor-do-grilla-gazowego-kuuma-do-butli-gazowej-z-kroccami","status":"publish","type":"product","link":"https:\/\/atana.pl\/en\/online-shop\/barbecues-and-accessories\/akcesoria\/reduktor-do-grilla-gazowego-kuuma-do-butli-gazowej-z-kroccami\/","title":{"rendered":"Kuuma SnG 160 Grill Valve - for use with standard gas cylinder"},"content":{"rendered":"<h3 class=\"\" data-start=\"1070\" data-end=\"1153\"><strong data-start=\"1074\" data-end=\"1153\">Zaw\u00f3r do grilla gazowego Kuuma \u2013 zasilanie ze standardowej butli gazowej<\/strong><\/h3>\n<p class=\"\" data-start=\"1155\" data-end=\"1488\"><strong data-start=\"1155\" data-end=\"1231\">Grillujesz na grillu Kuuma, ale chcesz zrezygnowa\u0107 z kartuszy Campingaz?<\/strong><br data-start=\"1231\" data-end=\"1234\" \/>Ten <strong data-start=\"1238\" data-end=\"1292\">niskoci\u015bnieniowy zaw\u00f3r do grilla gazowego Kuuma<\/strong> umo\u017cliwia wygodne i bezpieczne pod\u0142\u0105czenie urz\u0105dzenia do reduktora <strong data-start=\"1350\" data-end=\"1380\">standardowej butli gazowej<\/strong>, zapewniaj\u0105c wi\u0119ksz\u0105 niezale\u017cno\u015b\u0107 i komfort u\u017cytkowania \u2013 w porcie, na dzia\u0142ce, na kempingu czy w ogrodzie.<\/p>\n<hr class=\"\" data-start=\"1490\" data-end=\"1493\" \/>\n<h3 class=\"\" data-start=\"1495\" data-end=\"1538\"><strong data-start=\"1499\" data-end=\"1538\">Dlaczego warto wybra\u0107 ten zaw\u00f3r?<\/strong><\/h3>\n<p class=\"\" data-start=\"1540\" data-end=\"1869\">\u00a0 \u00a0\u2705 <strong data-start=\"1542\" data-end=\"1570\">Uniwersalne zastosowanie<\/strong> \u2013 pasuje do wi\u0119kszo\u015bci modeli grill\u00f3w Kuuma i innych urz\u0105dze\u0144 gazowych<\/p>\n<p class=\"\" data-start=\"1540\" data-end=\"1869\">\u00a0 \u00a0\u2705 <strong data-start=\"1646\" data-end=\"1673\">Zestaw gotowy do u\u017cycia<\/strong> \u2013 komplet kr\u00f3\u0107c\u00f3w w zestawie<\/p>\n<p class=\"\" data-start=\"1540\" data-end=\"1869\">\u00a0 \u00a0\u2705 <strong data-start=\"1707\" data-end=\"1724\">Szybki monta\u017c<\/strong> \u2013 bez potrzeby stosowania dodatkowych przej\u015bci\u00f3wek<\/p>\n<p class=\"\" data-start=\"1540\" data-end=\"1869\">\u00a0 \u00a0\u2705 <strong data-start=\"1780\" data-end=\"1815\">Bezpiecze\u0144stwo przede wszystkim<\/strong> \u2013 urz\u0105dzenie dedykowane do mocy do 3,5 kW \/ 12000 BTU<\/p>\n<hr class=\"\" data-start=\"1871\" data-end=\"1874\" \/>\n<h3 class=\"\" data-start=\"1876\" data-end=\"1900\"><strong data-start=\"1880\" data-end=\"1900\">Technical data:<\/strong><\/h3>\n<ul data-start=\"1902\" data-end=\"2044\">\n<li class=\"\" data-start=\"1902\" data-end=\"1942\">\n<p class=\"\" data-start=\"1904\" data-end=\"1942\"><strong data-start=\"1904\" data-end=\"1912\">Type:<\/strong> zaw\u00f3r niskiego ci\u015bnienia z pokr\u0119t\u0142em regulacji<\/p>\n<\/li>\n<li class=\"\" data-start=\"1943\" data-end=\"1986\">\n<p class=\"\" data-start=\"1945\" data-end=\"1986\"><strong data-start=\"1945\" data-end=\"1965\">Moc obs\u0142ugiwana:<\/strong> 3,5 kW \/ 12000 BTU<\/p>\n<\/li>\n<li class=\"\" data-start=\"1987\" data-end=\"2044\">\n<p class=\"\" data-start=\"1989\" data-end=\"2044\"><strong data-start=\"1989\" data-end=\"2004\">Included:<\/strong> komplet kr\u00f3\u0107c\u00f3w (do pod\u0142\u0105czenia grilla)<\/p>\n<\/li>\n<\/ul>\n<hr class=\"\" data-start=\"2046\" data-end=\"2049\" \/>\n<h3 class=\"\" data-start=\"2051\" data-end=\"2074\"><strong data-start=\"2055\" data-end=\"2074\">Kompatybilno\u015b\u0107:<\/strong><\/h3>\n<p class=\"\" data-start=\"2076\" data-end=\"2206\">\u2714\ufe0f <strong data-start=\"2079\" data-end=\"2095\">Kuuma grills<\/strong> \u2013 <a href=\"https:\/\/atana.pl\/en\/?s=grill gazowy 160&amp;post_type=product&amp;dgwt_wcas=1\">Stow N\u2019 Go 160<\/a><br data-start=\"2131\" data-end=\"2134\" \/>\u2714\ufe0f Inne urz\u0105dzenia gazowe zasilane z butli \u2013 po sprawdzeniu specyfikacji<\/p>\n<p class=\"\" data-start=\"2208\" data-end=\"2293\">\u2753 Nie jeste\u015b pewien, czy pasuje do Twojego sprz\u0119tu? Skontaktuj si\u0119 z nami \u2013 pomo\u017cemy!<\/p>\n<hr class=\"\" data-start=\"2295\" data-end=\"2298\" \/>\n<h3 class=\"\" data-start=\"2300\" data-end=\"2332\"><strong data-start=\"2304\" data-end=\"2332\">Kupuj\u0105c u nas zyskujesz:<\/strong><\/h3>\n<ul data-start=\"2334\" data-end=\"2527\">\n<li class=\"\" data-start=\"2334\" data-end=\"2356\">\n<p class=\"\" data-start=\"2336\" data-end=\"2356\">2-letni\u0105 gwarancj\u0119<\/p>\n<\/li>\n<li class=\"\" data-start=\"2357\" data-end=\"2389\">\n<p class=\"\" data-start=\"2359\" data-end=\"2389\">Service and technical support<\/p>\n<\/li>\n<li class=\"\" data-start=\"2390\" data-end=\"2459\">\n<p class=\"\" data-start=\"2392\" data-end=\"2459\">Profesjonalne doradztwo \u2013 dobierzemy odpowiedni grill i akcesoria<\/p>\n<\/li>\n<li class=\"\" data-start=\"2460\" data-end=\"2527\">\n<p class=\"\" data-start=\"2462\" data-end=\"2527\">Ekspresow\u0105 wysy\u0142k\u0119 \u2013 realizacja zam\u00f3wienia nawet tego samego dnia<\/p>\n<\/li>\n<\/ul>\n<hr class=\"\" data-start=\"2529\" data-end=\"2532\" \/>\n<p class=\"\" data-start=\"2534\" data-end=\"2775\"><strong data-start=\"2534\" data-end=\"2571\">Zaw\u00f3r do grilla gazowego Kuuma<\/strong> to <strong data-start=\"2575\" data-end=\"2588\">must-have<\/strong> dla ka\u017cdego, kto chce grillowa\u0107 wygodnie i bez ogranicze\u0144 \u2013 z dost\u0119pem do du\u017cej butli gazowej.<br data-start=\"2683\" data-end=\"2686\" \/><strong data-start=\"2686\" data-end=\"2775\">Bezpieczne, sprawdzone rozwi\u0105zanie, kt\u00f3re u\u0142atwi ka\u017cdy rejs i ka\u017cdy grillowy wiecz\u00f3r.<\/strong><\/p>","protected":false},"excerpt":{"rendered":"<ul>\n<li>Zaw\u00f3r do Grilla Kuuma SnG 160 &#8211; Do butli turystycznej<\/li>\n<li>Allows connection of the grill to a standard gas cylinder<\/li>\n<\/ul>","protected":false},"featured_media":7625,"template":"","meta":{"_acf_changed":false},"product_brand":[],"product_cat":[129,119,120],"product_tag":[581,689,692,687,685,567,691,680,672,693,688,673,666,682,686,694,683,684,677,690],"class_list":{"0":"post-6100","1":"product","2":"type-product","3":"status-publish","4":"has-post-thumbnail","6":"product_cat-akcesoria","7":"product_cat-grille-i-akcesoria","8":"product_cat-kuuma","9":"product_tag-akcesoria-do-grilla-kuuma","10":"product_tag-grill-do-ogrodu-z-butli","11":"product_tag-grill-do-stow-n-go-160","12":"product_tag-grill-gazowy-zasilany-z-butli","13":"product_tag-grill-kuuma-z-butla","14":"product_tag-grill-morski","15":"product_tag-grill-turystyczny-z-butla","16":"product_tag-grill-z-reduktorem","17":"product_tag-grill-zasilany-z-butli","18":"product_tag-grill-zasilany-z-propan-butan","19":"product_tag-grillowanie-na-kempingu","20":"product_tag-reduktor-do-grilla-kuuma","21":"product_tag-zawor-do-butli-gazowej","22":"product_tag-zawor-do-grilla-gazowego","23":"product_tag-zawor-do-grilla-marine","24":"product_tag-zawor-gazowy-kuuma","25":"product_tag-zawor-kuuma-sng-160","26":"product_tag-zawor-niskocisnieniowy-do-grilla","27":"product_tag-zawor-z-kroccami","28":"product_tag-zawor-z-regulacja-do-grilla","30":"first","31":"outofstock","32":"taxable","33":"shipping-taxable","34":"purchasable","35":"product-type-simple"},"acf":[],"yoast_head":"<!-- This site is optimized with the Yoast SEO plugin v25.2 - https:\/\/yoast.com\/wordpress\/plugins\/seo\/ -->\n<title>Zaw\u00f3r do Grilla Kuuma SnG 160 - do stosowania ze standardow\u0105 butl\u0105 gazow\u0105 - Atana<\/title>\n<meta name=\"description\" content=\"Reduktor do grilla gazowego Kuuma \u2013 do standardowej butli. Niskie ci\u015bnienie, prosta instalacja, komplet kr\u00f3\u0107c\u00f3w, wysy\u0142ka 24h. Bezpieczne grillowanie z butli\" \/>\n<meta name=\"robots\" content=\"index, follow, max-snippet:-1, max-image-preview:large, max-video-preview:-1\" \/>\n<link rel=\"canonical\" href=\"https:\/\/atana.pl\/en\/online-shop\/barbecues-and-accessories\/akcesoria\/reduktor-do-grilla-gazowego-kuuma-do-butli-gazowej-z-kroccami\/\" \/>\n<meta property=\"og:locale\" content=\"en_GB\" \/>\n<meta property=\"og:type\" content=\"article\" \/>\n<meta property=\"og:title\" content=\"Zaw\u00f3r do Grilla Kuuma SnG 160 - do stosowania ze standardow\u0105 butl\u0105 gazow\u0105 - Atana\" \/>\n<meta property=\"og:description\" content=\"Reduktor do grilla gazowego Kuuma \u2013 do standardowej butli. Niskie ci\u015bnienie, prosta instalacja, komplet kr\u00f3\u0107c\u00f3w, wysy\u0142ka 24h. Bezpieczne grillowanie z butli\" \/>\n<meta property=\"og:url\" content=\"https:\/\/atana.pl\/en\/online-shop\/barbecues-and-accessories\/akcesoria\/reduktor-do-grilla-gazowego-kuuma-do-butli-gazowej-z-kroccami\/\" \/>\n<meta property=\"og:site_name\" content=\"Atana\" \/>\n<meta property=\"article:publisher\" content=\"https:\/\/www.facebook.com\/atanayachts\" \/>\n<meta property=\"article:modified_time\" content=\"2026-04-14T20:04:08+00:00\" \/>\n<meta property=\"og:image\" content=\"https:\/\/atana.pl\/wp-content\/uploads\/1967\/01\/58269-kuuma-160-low-pressure-valve-brass-push-low.webp\" \/>\n\t<meta property=\"og:image:width\" content=\"1200\" \/>\n\t<meta property=\"og:image:height\" content=\"1200\" \/>\n\t<meta property=\"og:image:type\" content=\"image\/webp\" \/>\n<meta name=\"twitter:card\" content=\"summary_large_image\" \/>\n<meta name=\"twitter:label1\" content=\"Estimated reading time\" \/>\n\t<meta name=\"twitter:data1\" content=\"1 minute\" \/>\n<script type=\"application\/ld+json\" class=\"yoast-schema-graph\">{\"@context\":\"https:\/\/schema.org\",\"@graph\":[{\"@type\":\"WebPage\",\"@id\":\"https:\/\/atana.pl\/sklep-on-line\/grille-i-akcesoria\/akcesoria\/reduktor-do-grilla-gazowego-kuuma-do-butli-gazowej-z-kroccami\/\",\"url\":\"https:\/\/atana.pl\/sklep-on-line\/grille-i-akcesoria\/akcesoria\/reduktor-do-grilla-gazowego-kuuma-do-butli-gazowej-z-kroccami\/\",\"name\":\"Zaw\u00f3r do Grilla Kuuma SnG 160 - do stosowania ze standardow\u0105 butl\u0105 gazow\u0105 - Atana\",\"isPartOf\":{\"@id\":\"https:\/\/atana.pl\/#website\"},\"primaryImageOfPage\":{\"@id\":\"https:\/\/atana.pl\/sklep-on-line\/grille-i-akcesoria\/akcesoria\/reduktor-do-grilla-gazowego-kuuma-do-butli-gazowej-z-kroccami\/#primaryimage\"},\"image\":{\"@id\":\"https:\/\/atana.pl\/sklep-on-line\/grille-i-akcesoria\/akcesoria\/reduktor-do-grilla-gazowego-kuuma-do-butli-gazowej-z-kroccami\/#primaryimage\"},\"thumbnailUrl\":\"https:\/\/atana.pl\/wp-content\/uploads\/1967\/01\/58269-kuuma-160-low-pressure-valve-brass-push-low.webp\",\"datePublished\":\"2011-04-28T10:18:27+00:00\",\"dateModified\":\"2026-04-14T20:04:08+00:00\",\"description\":\"Reduktor do grilla gazowego Kuuma \u2013 do standardowej butli. Niskie ci\u015bnienie, prosta instalacja, komplet kr\u00f3\u0107c\u00f3w, wysy\u0142ka 24h. Bezpieczne grillowanie z butli\",\"breadcrumb\":{\"@id\":\"https:\/\/atana.pl\/sklep-on-line\/grille-i-akcesoria\/akcesoria\/reduktor-do-grilla-gazowego-kuuma-do-butli-gazowej-z-kroccami\/#breadcrumb\"},\"inLanguage\":\"en-GB\",\"potentialAction\":[{\"@type\":\"ReadAction\",\"target\":[\"https:\/\/atana.pl\/sklep-on-line\/grille-i-akcesoria\/akcesoria\/reduktor-do-grilla-gazowego-kuuma-do-butli-gazowej-z-kroccami\/\"]}]},{\"@type\":\"ImageObject\",\"inLanguage\":\"en-GB\",\"@id\":\"https:\/\/atana.pl\/sklep-on-line\/grille-i-akcesoria\/akcesoria\/reduktor-do-grilla-gazowego-kuuma-do-butli-gazowej-z-kroccami\/#primaryimage\",\"url\":\"https:\/\/atana.pl\/wp-content\/uploads\/1967\/01\/58269-kuuma-160-low-pressure-valve-brass-push-low.webp\",\"contentUrl\":\"https:\/\/atana.pl\/wp-content\/uploads\/1967\/01\/58269-kuuma-160-low-pressure-valve-brass-push-low.webp\",\"width\":1200,\"height\":1200,\"caption\":\"58269 kuuma 160 low pressure valve brass push low\"},{\"@type\":\"BreadcrumbList\",\"@id\":\"https:\/\/atana.pl\/sklep-on-line\/grille-i-akcesoria\/akcesoria\/reduktor-do-grilla-gazowego-kuuma-do-butli-gazowej-z-kroccami\/#breadcrumb\",\"itemListElement\":[{\"@type\":\"ListItem\",\"position\":1,\"name\":\"Strona g\u0142\u00f3wna\",\"item\":\"https:\/\/atana.pl\/\"},{\"@type\":\"ListItem\",\"position\":2,\"name\":\"Sklep on-line\",\"item\":\"https:\/\/atana.pl\/sklep-on-line\/\"},{\"@type\":\"ListItem\",\"position\":3,\"name\":\"Zaw\u00f3r do Grilla Kuuma SnG 160 &#8211; do stosowania ze standardow\u0105 butl\u0105 gazow\u0105\"}]},{\"@type\":\"WebSite\",\"@id\":\"https:\/\/atana.pl\/#website\",\"url\":\"https:\/\/atana.pl\/\",\"name\":\"Atana\",\"description\":\"Akcesoria do \u0142odzi, kamper\u00f3w i przyczep. \u0141odzie motorowe\",\"publisher\":{\"@id\":\"https:\/\/atana.pl\/#organization\"},\"potentialAction\":[{\"@type\":\"SearchAction\",\"target\":{\"@type\":\"EntryPoint\",\"urlTemplate\":\"https:\/\/atana.pl\/?s={search_term_string}\"},\"query-input\":{\"@type\":\"PropertyValueSpecification\",\"valueRequired\":true,\"valueName\":\"search_term_string\"}}],\"inLanguage\":\"en-GB\"},{\"@type\":\"Organization\",\"@id\":\"https:\/\/atana.pl\/#organization\",\"name\":\"Atana\",\"url\":\"https:\/\/atana.pl\/\",\"logo\":{\"@type\":\"ImageObject\",\"inLanguage\":\"en-GB\",\"@id\":\"https:\/\/atana.pl\/#\/schema\/logo\/image\/\",\"url\":\"\",\"contentUrl\":\"\",\"caption\":\"Atana\"},\"image\":{\"@id\":\"https:\/\/atana.pl\/#\/schema\/logo\/image\/\"},\"sameAs\":[\"https:\/\/www.facebook.com\/atanayachts\",\"https:\/\/www.instagram.com\/atanaboats\/\",\"https:\/\/www.youtube.com\/channel\/UClMMmVqqx17in9QzgxK90Mw\"]}]}<\/script>\n<!-- \/ Yoast SEO plugin. -->","yoast_head_json":{"title":"Zaw\u00f3r do Grilla Kuuma SnG 160 - do stosowania ze standardow\u0105 butl\u0105 gazow\u0105 - Atana","description":"Reduktor do grilla gazowego Kuuma \u2013 do standardowej butli. Niskie ci\u015bnienie, prosta instalacja, komplet kr\u00f3\u0107c\u00f3w, wysy\u0142ka 24h. Bezpieczne grillowanie z butli","robots":{"index":"index","follow":"follow","max-snippet":"max-snippet:-1","max-image-preview":"max-image-preview:large","max-video-preview":"max-video-preview:-1"},"canonical":"https:\/\/atana.pl\/en\/online-shop\/barbecues-and-accessories\/akcesoria\/reduktor-do-grilla-gazowego-kuuma-do-butli-gazowej-z-kroccami\/","og_locale":"en_GB","og_type":"article","og_title":"Zaw\u00f3r do Grilla Kuuma SnG 160 - do stosowania ze standardow\u0105 butl\u0105 gazow\u0105 - Atana","og_description":"Reduktor do grilla gazowego Kuuma \u2013 do standardowej butli. Niskie ci\u015bnienie, prosta instalacja, komplet kr\u00f3\u0107c\u00f3w, wysy\u0142ka 24h. Bezpieczne grillowanie z butli","og_url":"https:\/\/atana.pl\/en\/online-shop\/barbecues-and-accessories\/akcesoria\/reduktor-do-grilla-gazowego-kuuma-do-butli-gazowej-z-kroccami\/","og_site_name":"Atana","article_publisher":"https:\/\/www.facebook.com\/atanayachts","article_modified_time":"2026-04-14T20:04:08+00:00","og_image":[{"width":1200,"height":1200,"url":"https:\/\/atana.pl\/wp-content\/uploads\/1967\/01\/58269-kuuma-160-low-pressure-valve-brass-push-low.webp","type":"image\/webp"}],"twitter_card":"summary_large_image","twitter_misc":{"Estimated reading time":"1 minute"},"schema":{"@context":"https:\/\/schema.org","@graph":[{"@type":"WebPage","@id":"https:\/\/atana.pl\/sklep-on-line\/grille-i-akcesoria\/akcesoria\/reduktor-do-grilla-gazowego-kuuma-do-butli-gazowej-z-kroccami\/","url":"https:\/\/atana.pl\/sklep-on-line\/grille-i-akcesoria\/akcesoria\/reduktor-do-grilla-gazowego-kuuma-do-butli-gazowej-z-kroccami\/","name":"Zaw\u00f3r do Grilla Kuuma SnG 160 - do stosowania ze standardow\u0105 butl\u0105 gazow\u0105 - Atana","isPartOf":{"@id":"https:\/\/atana.pl\/#website"},"primaryImageOfPage":{"@id":"https:\/\/atana.pl\/sklep-on-line\/grille-i-akcesoria\/akcesoria\/reduktor-do-grilla-gazowego-kuuma-do-butli-gazowej-z-kroccami\/#primaryimage"},"image":{"@id":"https:\/\/atana.pl\/sklep-on-line\/grille-i-akcesoria\/akcesoria\/reduktor-do-grilla-gazowego-kuuma-do-butli-gazowej-z-kroccami\/#primaryimage"},"thumbnailUrl":"https:\/\/atana.pl\/wp-content\/uploads\/1967\/01\/58269-kuuma-160-low-pressure-valve-brass-push-low.webp","datePublished":"2011-04-28T10:18:27+00:00","dateModified":"2026-04-14T20:04:08+00:00","description":"Reduktor do grilla gazowego Kuuma \u2013 do standardowej butli. Niskie ci\u015bnienie, prosta instalacja, komplet kr\u00f3\u0107c\u00f3w, wysy\u0142ka 24h. Bezpieczne grillowanie z butli","breadcrumb":{"@id":"https:\/\/atana.pl\/sklep-on-line\/grille-i-akcesoria\/akcesoria\/reduktor-do-grilla-gazowego-kuuma-do-butli-gazowej-z-kroccami\/#breadcrumb"},"inLanguage":"en-GB","potentialAction":[{"@type":"ReadAction","target":["https:\/\/atana.pl\/sklep-on-line\/grille-i-akcesoria\/akcesoria\/reduktor-do-grilla-gazowego-kuuma-do-butli-gazowej-z-kroccami\/"]}]},{"@type":"ImageObject","inLanguage":"en-GB","@id":"https:\/\/atana.pl\/sklep-on-line\/grille-i-akcesoria\/akcesoria\/reduktor-do-grilla-gazowego-kuuma-do-butli-gazowej-z-kroccami\/#primaryimage","url":"https:\/\/atana.pl\/wp-content\/uploads\/1967\/01\/58269-kuuma-160-low-pressure-valve-brass-push-low.webp","contentUrl":"https:\/\/atana.pl\/wp-content\/uploads\/1967\/01\/58269-kuuma-160-low-pressure-valve-brass-push-low.webp","width":1200,"height":1200,"caption":"58269 kuuma 160 low pressure valve brass push low"},{"@type":"BreadcrumbList","@id":"https:\/\/atana.pl\/sklep-on-line\/grille-i-akcesoria\/akcesoria\/reduktor-do-grilla-gazowego-kuuma-do-butli-gazowej-z-kroccami\/#breadcrumb","itemListElement":[{"@type":"ListItem","position":1,"name":"Strona g\u0142\u00f3wna","item":"https:\/\/atana.pl\/"},{"@type":"ListItem","position":2,"name":"Sklep on-line","item":"https:\/\/atana.pl\/sklep-on-line\/"},{"@type":"ListItem","position":3,"name":"Zaw\u00f3r do Grilla Kuuma SnG 160 &#8211; do stosowania ze standardow\u0105 butl\u0105 gazow\u0105"}]},{"@type":"WebSite","@id":"https:\/\/atana.pl\/#website","url":"https:\/\/atana.pl\/","name":"Atana","description":"Akcesoria do \u0142odzi, kamper\u00f3w i przyczep. \u0141odzie motorowe","publisher":{"@id":"https:\/\/atana.pl\/#organization"},"potentialAction":[{"@type":"SearchAction","target":{"@type":"EntryPoint","urlTemplate":"https:\/\/atana.pl\/?s={search_term_string}"},"query-input":{"@type":"PropertyValueSpecification","valueRequired":true,"valueName":"search_term_string"}}],"inLanguage":"en-GB"},{"@type":"Organization","@id":"https:\/\/atana.pl\/#organization","name":"Atana","url":"https:\/\/atana.pl\/","logo":{"@type":"ImageObject","inLanguage":"en-GB","@id":"https:\/\/atana.pl\/#\/schema\/logo\/image\/","url":"","contentUrl":"","caption":"Atana"},"image":{"@id":"https:\/\/atana.pl\/#\/schema\/logo\/image\/"},"sameAs":["https:\/\/www.facebook.com\/atanayachts","https:\/\/www.instagram.com\/atanaboats\/","https:\/\/www.youtube.com\/channel\/UClMMmVqqx17in9QzgxK90Mw"]}]}},"_links":{"self":[{"href":"https:\/\/atana.pl\/en\/wp-json\/wp\/v2\/product\/6100","targetHints":{"allow":["GET"]}}],"collection":[{"href":"https:\/\/atana.pl\/en\/wp-json\/wp\/v2\/product"}],"about":[{"href":"https:\/\/atana.pl\/en\/wp-json\/wp\/v2\/types\/product"}],"wp:featuredmedia":[{"embeddable":true,"href":"https:\/\/atana.pl\/en\/wp-json\/wp\/v2\/media\/7625"}],"wp:attachment":[{"href":"https:\/\/atana.pl\/en\/wp-json\/wp\/v2\/media?parent=6100"}],"wp:term":[{"taxonomy":"product_brand","embeddable":true,"href":"https:\/\/atana.pl\/en\/wp-json\/wp\/v2\/product_brand?post=6100"},{"taxonomy":"product_cat","embeddable":true,"href":"https:\/\/atana.pl\/en\/wp-json\/wp\/v2\/product_cat?post=6100"},{"taxonomy":"product_tag","embeddable":true,"href":"https:\/\/atana.pl\/en\/wp-json\/wp\/v2\/product_tag?post=6100"}],"curies":[{"name":"wp","href":"https:\/\/api.w.org\/{rel}","templated":true}]}}