{"id":6091,"date":"2012-04-14T09:47:43","date_gmt":"2012-04-14T07:47:43","guid":{"rendered":"https:\/\/atana.pl\/sklep-on-line\/reduktor-do-grilla-na-gaz-niskiego-cisnienia-butla\/"},"modified":"2025-11-18T14:56:25","modified_gmt":"2025-11-18T13:56:25","slug":"reduktor-do-grilla-kuuma-125-do-butli-gazowej-25-kw-z-kroccami","status":"publish","type":"product","link":"https:\/\/atana.pl\/en\/online-shop\/barbecues-and-accessories\/akcesoria\/reduktor-do-grilla-kuuma-125-do-butli-gazowej-25-kw-z-kroccami\/","title":{"rendered":"Valve for SnG 125 grill. For standard cylinder"},"content":{"rendered":"<h3 class=\"\" data-start=\"1041\" data-end=\"1111\"><strong data-start=\"1045\" data-end=\"1111\">Zaw\u00f3r do grilla Kuuma Sng 125 \u2013 do pod\u0142\u0105czenia do butli gazowej<\/strong><\/h3>\n<p class=\"\" data-start=\"1113\" data-end=\"1413\">U\u017cywasz <strong data-start=\"1121\" data-end=\"1154\">grilla gazowego <a href=\"https:\/\/atana.pl\/en\/online-shop\/barbecues-and-accessories\/grille-kuuma\/grill-gazowy-kuuma-sng-125\/\">Kuuma SnG 125<\/a><\/strong>, ale nie chcesz polega\u0107 wy\u0142\u0105cznie na kartuszach Campingaz?<br data-start=\"1213\" data-end=\"1216\" \/><strong data-start=\"1216\" data-end=\"1267\">Zaw\u00f3r niskiego ci\u015bnienia do grilla Kuuma SnG 125<\/strong> umo\u017cliwia pod\u0142\u0105czenie urz\u0105dzenia do <strong data-start=\"1304\" data-end=\"1334\">standardowej butli gazowej<\/strong>, co zwi\u0119ksza wygod\u0119 u\u017cytkowania \u2013 zw\u0142aszcza w d\u0142u\u017cszej podr\u00f3\u017cy lub na postoju.<\/p>\n<hr class=\"\" data-start=\"1415\" data-end=\"1418\" \/>\n<h3 class=\"\" data-start=\"1420\" data-end=\"1463\"><strong data-start=\"1424\" data-end=\"1463\">Dlaczego warto wybra\u0107 ten zaw\u00f3r?<\/strong><\/h3>\n<p class=\"\" data-start=\"1465\" data-end=\"1851\">\u00a0 \u00a0\u2705 <strong data-start=\"1467\" data-end=\"1502\">Dostosowany do grilla <a href=\"https:\/\/atana.pl\/en\/online-shop\/barbecues-and-accessories\/grille-kuuma\/grill-gazowy-kuuma-sng-125\/\">Kuuma SnG 125<\/a><\/strong> \u2013 sprawdzone dzia\u0142anie i bezpiecze\u0144stwo<\/p>\n<p class=\"\" data-start=\"1465\" data-end=\"1851\">\u00a0 \u00a0\u2705 <strong data-start=\"1547\" data-end=\"1577\">Komplet kr\u00f3\u0107c\u00f3w w zestawie<\/strong> \u2013 wszystko, czego potrzebujesz, jest w pude\u0142ku<\/p>\n<p class=\"\" data-start=\"1465\" data-end=\"1851\">\u00a0 \u00a0\u2705 <strong data-start=\"1629\" data-end=\"1646\">Szybki monta\u017c<\/strong> \u2013 bez konieczno\u015bci stosowania dodatkowych adapter\u00f3w<\/p>\n<p class=\"\" data-start=\"1465\" data-end=\"1851\">\u00a0 \u00a0\u2705 <strong data-start=\"1703\" data-end=\"1742\">Niskie ci\u015bnienie \u2013 wysoka wydajno\u015b\u0107<\/strong> \u2013 moc do 2,5 kW (9000 BTU)<\/p>\n<p class=\"\" data-start=\"1465\" data-end=\"1851\">\u00a0 \u00a0\u2705 <strong data-start=\"1774\" data-end=\"1791\">Versatility<\/strong> \u2013 pasuje te\u017c do innych urz\u0105dze\u0144 gazowych zasilanych z butli<\/p>\n<hr class=\"\" data-start=\"1853\" data-end=\"1856\" \/>\n<h3 class=\"\" data-start=\"1858\" data-end=\"1882\"><strong data-start=\"1862\" data-end=\"1882\">Technical data:<\/strong><\/h3>\n<ul data-start=\"1884\" data-end=\"2093\">\n<li class=\"\" data-start=\"1884\" data-end=\"1924\">\n<p class=\"\" data-start=\"1886\" data-end=\"1924\"><strong data-start=\"1886\" data-end=\"1894\">Type:<\/strong> zaw\u00f3r niskiego ci\u015bnienia<\/p>\n<\/li>\n<li class=\"\" data-start=\"1925\" data-end=\"1967\">\n<p class=\"\" data-start=\"1927\" data-end=\"1967\"><strong data-start=\"1927\" data-end=\"1947\">Moc obs\u0142ugiwana:<\/strong> 2,5 kW \/ 9000 BTU<\/p>\n<\/li>\n<li class=\"\" data-start=\"1968\" data-end=\"2025\">\n<p class=\"\" data-start=\"1970\" data-end=\"2025\"><strong data-start=\"1970\" data-end=\"1985\">Included:<\/strong> komplet kr\u00f3\u0107c\u00f3w do pod\u0142\u0105czenia grilla<\/p>\n<\/li>\n<li class=\"\" data-start=\"2026\" data-end=\"2093\">\n<p class=\"\" data-start=\"2028\" data-end=\"2093\"><strong data-start=\"2028\" data-end=\"2046\">Purpose:<\/strong> grill Kuuma 125 i inne kompatybilne urz\u0105dzenia<\/p>\n<\/li>\n<\/ul>\n<hr class=\"\" data-start=\"2095\" data-end=\"2098\" \/>\n<h3 class=\"\" data-start=\"2100\" data-end=\"2123\"><strong data-start=\"2104\" data-end=\"2123\">Kompatybilno\u015b\u0107:<\/strong><\/h3>\n<p class=\"\" data-start=\"2125\" data-end=\"2288\">\u2714\ufe0f Grill <a href=\"https:\/\/atana.pl\/en\/online-shop\/barbecues-and-accessories\/grille-kuuma\/grill-gazowy-kuuma-sng-125\/\"><strong data-start=\"2134\" data-end=\"2151\">Kuuma SnG 125<\/strong><\/a><br data-start=\"2151\" data-end=\"2154\" \/>\u2714\ufe0f Inne grille i urz\u0105dzenia gazowe \u2013 po weryfikacji specyfikacji<br data-start=\"2218\" data-end=\"2221\" \/>\u2753 Nie jeste\u015b pewien, czy b\u0119dzie pasowa\u0107? Napisz do nas \u2013 doradzimy!<\/p>\n<hr class=\"\" data-start=\"2290\" data-end=\"2293\" \/>\n<h3 class=\"\" data-start=\"2295\" data-end=\"2330\"><strong data-start=\"2299\" data-end=\"2330\">Zamawiaj\u0105c u nas zyskujesz:<\/strong><\/h3>\n<ul data-start=\"2332\" data-end=\"2508\">\n<li class=\"\" data-start=\"2332\" data-end=\"2352\">\n<p class=\"\" data-start=\"2334\" data-end=\"2352\">2 lata gwarancji<\/p>\n<\/li>\n<li class=\"\" data-start=\"2353\" data-end=\"2392\">\n<p class=\"\" data-start=\"2355\" data-end=\"2392\">Pomoc techniczn\u0105 i dost\u0119p do cz\u0119\u015bci<\/p>\n<\/li>\n<li class=\"\" data-start=\"2393\" data-end=\"2450\">\n<p class=\"\" data-start=\"2395\" data-end=\"2450\">Szybk\u0105 wysy\u0142k\u0119 \u2013 wi\u0119kszo\u015b\u0107 zam\u00f3wie\u0144 realizujemy w 24h<\/p>\n<\/li>\n<li class=\"\" data-start=\"2451\" data-end=\"2508\">\n<p class=\"\" data-start=\"2453\" data-end=\"2508\">Doradztwo w doborze grilla, uchwyt\u00f3w i akcesori\u00f3w Kuuma<\/p>\n<\/li>\n<\/ul>\n<hr class=\"\" data-start=\"2510\" data-end=\"2513\" \/>\n<p class=\"\" data-start=\"2515\" data-end=\"2737\"><strong data-start=\"2515\" data-end=\"2547\">Zaw\u00f3r do grilla <a href=\"https:\/\/atana.pl\/en\/online-shop\/barbecues-and-accessories\/grille-kuuma\/grill-gazowy-kuuma-sng-125\/\">Kuuma SnG 125<\/a><\/strong> to niedu\u017cy element, kt\u00f3ry robi wielk\u0105 r\u00f3\u017cnic\u0119. Umo\u017cliwia wygodne grillowanie z du\u017cej butli \u2013 bez obaw, bez ogranicze\u0144.<br data-start=\"2666\" data-end=\"2669\" \/>Postaw na sprawdzone rozwi\u0105zanie i ciesz si\u0119 niezale\u017cno\u015bci\u0105 z Kuuma.<\/p>","protected":false},"excerpt":{"rendered":"<ul>\n<li>Zaw\u00f3r do Grilla Kuuma SnG 125 &#8211; Do butli turystycznej<\/li>\n<li>Allows connection of the grill to a standard gas cylinder<\/li>\n<\/ul>","protected":false},"featured_media":7618,"template":"","meta":{"_acf_changed":false},"product_brand":[],"product_cat":[129,119,120],"product_tag":[581,675,671,681,676,669,568,680,672,678,679,145,673,666,665,670,674,668,667,677],"class_list":{"0":"post-6091","1":"product","2":"type-product","3":"status-publish","4":"has-post-thumbnail","6":"product_cat-akcesoria","7":"product_cat-grille-i-akcesoria","8":"product_cat-kuuma","9":"product_tag-akcesoria-do-grilla-kuuma","10":"product_tag-grill-gazowy-marine","11":"product_tag-grill-gazowy-z-butla","12":"product_tag-grill-gazowy-z-podlaczeniem","13":"product_tag-grill-morski-kuuma","14":"product_tag-grill-na-butle-gazowa","15":"product_tag-grill-na-pokladzie","16":"product_tag-grill-z-reduktorem","17":"product_tag-grill-zasilany-z-butli","18":"product_tag-grill-zasilany-z-butli-propan-butan","19":"product_tag-grillowanie-bez-kartuszy","20":"product_tag-grillowanie-na-lodzi","21":"product_tag-reduktor-do-grilla-kuuma","22":"product_tag-zawor-do-butli-gazowej","23":"product_tag-zawor-do-grilla-kuuma","24":"product_tag-zawor-do-grilla-morskiego","25":"product_tag-zawor-do-grilla-turystycznego","26":"product_tag-zawor-kuuma-sng-125","27":"product_tag-zawor-niskiego-cisnienia","28":"product_tag-zawor-z-kroccami","30":"first","31":"instock","32":"taxable","33":"shipping-taxable","34":"purchasable","35":"product-type-simple"},"acf":[],"yoast_head":"<!-- This site is optimized with the Yoast SEO plugin v25.2 - https:\/\/yoast.com\/wordpress\/plugins\/seo\/ -->\n<title>Zaw\u00f3r do grilla SnG 125. Do standardowej butli - Atana<\/title>\n<meta name=\"description\" content=\"Reduktor do grilla Kuuma 125 \u2013 do pod\u0142\u0105czenia do standardowej butli gazowej. Niskie ci\u015bnienie, moc 2,5 kW, komplet kr\u00f3\u0107c\u00f3w, szybka wysy\u0142ka, doradztwo.\" \/>\n<meta name=\"robots\" content=\"index, follow, max-snippet:-1, max-image-preview:large, max-video-preview:-1\" \/>\n<link rel=\"canonical\" href=\"https:\/\/atana.pl\/en\/online-shop\/barbecues-and-accessories\/akcesoria\/reduktor-do-grilla-kuuma-125-do-butli-gazowej-25-kw-z-kroccami\/\" \/>\n<meta property=\"og:locale\" content=\"en_GB\" \/>\n<meta property=\"og:type\" content=\"article\" \/>\n<meta property=\"og:title\" content=\"Zaw\u00f3r do grilla SnG 125. Do standardowej butli - Atana\" \/>\n<meta property=\"og:description\" content=\"Reduktor do grilla Kuuma 125 \u2013 do pod\u0142\u0105czenia do standardowej butli gazowej. Niskie ci\u015bnienie, moc 2,5 kW, komplet kr\u00f3\u0107c\u00f3w, szybka wysy\u0142ka, doradztwo.\" \/>\n<meta property=\"og:url\" content=\"https:\/\/atana.pl\/en\/online-shop\/barbecues-and-accessories\/akcesoria\/reduktor-do-grilla-kuuma-125-do-butli-gazowej-25-kw-z-kroccami\/\" \/>\n<meta property=\"og:site_name\" content=\"Atana\" \/>\n<meta property=\"article:publisher\" content=\"https:\/\/www.facebook.com\/atanayachts\" \/>\n<meta property=\"article:modified_time\" content=\"2025-11-18T13:56:25+00:00\" \/>\n<meta property=\"og:image\" content=\"https:\/\/atana.pl\/wp-content\/uploads\/1967\/01\/58268-kuuma-sng125-low-pressure-valve-brass-push-low.webp\" \/>\n\t<meta property=\"og:image:width\" content=\"1200\" \/>\n\t<meta property=\"og:image:height\" content=\"1200\" \/>\n\t<meta property=\"og:image:type\" content=\"image\/webp\" \/>\n<meta name=\"twitter:card\" content=\"summary_large_image\" \/>\n<meta name=\"twitter:label1\" content=\"Estimated reading time\" \/>\n\t<meta name=\"twitter:data1\" content=\"1 minute\" \/>\n<script type=\"application\/ld+json\" class=\"yoast-schema-graph\">{\"@context\":\"https:\/\/schema.org\",\"@graph\":[{\"@type\":\"WebPage\",\"@id\":\"https:\/\/atana.pl\/sklep-on-line\/grille-i-akcesoria\/akcesoria\/reduktor-do-grilla-kuuma-125-do-butli-gazowej-25-kw-z-kroccami\/\",\"url\":\"https:\/\/atana.pl\/sklep-on-line\/grille-i-akcesoria\/akcesoria\/reduktor-do-grilla-kuuma-125-do-butli-gazowej-25-kw-z-kroccami\/\",\"name\":\"Zaw\u00f3r do grilla SnG 125. Do standardowej butli - Atana\",\"isPartOf\":{\"@id\":\"https:\/\/atana.pl\/#website\"},\"primaryImageOfPage\":{\"@id\":\"https:\/\/atana.pl\/sklep-on-line\/grille-i-akcesoria\/akcesoria\/reduktor-do-grilla-kuuma-125-do-butli-gazowej-25-kw-z-kroccami\/#primaryimage\"},\"image\":{\"@id\":\"https:\/\/atana.pl\/sklep-on-line\/grille-i-akcesoria\/akcesoria\/reduktor-do-grilla-kuuma-125-do-butli-gazowej-25-kw-z-kroccami\/#primaryimage\"},\"thumbnailUrl\":\"https:\/\/atana.pl\/wp-content\/uploads\/1967\/01\/58268-kuuma-sng125-low-pressure-valve-brass-push-low.webp\",\"datePublished\":\"2012-04-14T07:47:43+00:00\",\"dateModified\":\"2025-11-18T13:56:25+00:00\",\"description\":\"Reduktor do grilla Kuuma 125 \u2013 do pod\u0142\u0105czenia do standardowej butli gazowej. Niskie ci\u015bnienie, moc 2,5 kW, komplet kr\u00f3\u0107c\u00f3w, szybka wysy\u0142ka, doradztwo.\",\"breadcrumb\":{\"@id\":\"https:\/\/atana.pl\/sklep-on-line\/grille-i-akcesoria\/akcesoria\/reduktor-do-grilla-kuuma-125-do-butli-gazowej-25-kw-z-kroccami\/#breadcrumb\"},\"inLanguage\":\"en-GB\",\"potentialAction\":[{\"@type\":\"ReadAction\",\"target\":[\"https:\/\/atana.pl\/sklep-on-line\/grille-i-akcesoria\/akcesoria\/reduktor-do-grilla-kuuma-125-do-butli-gazowej-25-kw-z-kroccami\/\"]}]},{\"@type\":\"ImageObject\",\"inLanguage\":\"en-GB\",\"@id\":\"https:\/\/atana.pl\/sklep-on-line\/grille-i-akcesoria\/akcesoria\/reduktor-do-grilla-kuuma-125-do-butli-gazowej-25-kw-z-kroccami\/#primaryimage\",\"url\":\"https:\/\/atana.pl\/wp-content\/uploads\/1967\/01\/58268-kuuma-sng125-low-pressure-valve-brass-push-low.webp\",\"contentUrl\":\"https:\/\/atana.pl\/wp-content\/uploads\/1967\/01\/58268-kuuma-sng125-low-pressure-valve-brass-push-low.webp\",\"width\":1200,\"height\":1200,\"caption\":\"58268 kuuma sng125 low pressure valve brass push low\"},{\"@type\":\"BreadcrumbList\",\"@id\":\"https:\/\/atana.pl\/sklep-on-line\/grille-i-akcesoria\/akcesoria\/reduktor-do-grilla-kuuma-125-do-butli-gazowej-25-kw-z-kroccami\/#breadcrumb\",\"itemListElement\":[{\"@type\":\"ListItem\",\"position\":1,\"name\":\"Strona g\u0142\u00f3wna\",\"item\":\"https:\/\/atana.pl\/\"},{\"@type\":\"ListItem\",\"position\":2,\"name\":\"Sklep on-line\",\"item\":\"https:\/\/atana.pl\/sklep-on-line\/\"},{\"@type\":\"ListItem\",\"position\":3,\"name\":\"Zaw\u00f3r do grilla SnG 125. Do standardowej butli\"}]},{\"@type\":\"WebSite\",\"@id\":\"https:\/\/atana.pl\/#website\",\"url\":\"https:\/\/atana.pl\/\",\"name\":\"Atana\",\"description\":\"Akcesoria do \u0142odzi, kamper\u00f3w i przyczep. \u0141odzie motorowe\",\"publisher\":{\"@id\":\"https:\/\/atana.pl\/#organization\"},\"potentialAction\":[{\"@type\":\"SearchAction\",\"target\":{\"@type\":\"EntryPoint\",\"urlTemplate\":\"https:\/\/atana.pl\/?s={search_term_string}\"},\"query-input\":{\"@type\":\"PropertyValueSpecification\",\"valueRequired\":true,\"valueName\":\"search_term_string\"}}],\"inLanguage\":\"en-GB\"},{\"@type\":\"Organization\",\"@id\":\"https:\/\/atana.pl\/#organization\",\"name\":\"Atana\",\"url\":\"https:\/\/atana.pl\/\",\"logo\":{\"@type\":\"ImageObject\",\"inLanguage\":\"en-GB\",\"@id\":\"https:\/\/atana.pl\/#\/schema\/logo\/image\/\",\"url\":\"\",\"contentUrl\":\"\",\"caption\":\"Atana\"},\"image\":{\"@id\":\"https:\/\/atana.pl\/#\/schema\/logo\/image\/\"},\"sameAs\":[\"https:\/\/www.facebook.com\/atanayachts\",\"https:\/\/www.instagram.com\/atanaboats\/\",\"https:\/\/www.youtube.com\/channel\/UClMMmVqqx17in9QzgxK90Mw\"]}]}<\/script>\n<!-- \/ Yoast SEO plugin. -->","yoast_head_json":{"title":"Zaw\u00f3r do grilla SnG 125. Do standardowej butli - Atana","description":"Reduktor do grilla Kuuma 125 \u2013 do pod\u0142\u0105czenia do standardowej butli gazowej. Niskie ci\u015bnienie, moc 2,5 kW, komplet kr\u00f3\u0107c\u00f3w, szybka wysy\u0142ka, doradztwo.","robots":{"index":"index","follow":"follow","max-snippet":"max-snippet:-1","max-image-preview":"max-image-preview:large","max-video-preview":"max-video-preview:-1"},"canonical":"https:\/\/atana.pl\/en\/online-shop\/barbecues-and-accessories\/akcesoria\/reduktor-do-grilla-kuuma-125-do-butli-gazowej-25-kw-z-kroccami\/","og_locale":"en_GB","og_type":"article","og_title":"Zaw\u00f3r do grilla SnG 125. Do standardowej butli - Atana","og_description":"Reduktor do grilla Kuuma 125 \u2013 do pod\u0142\u0105czenia do standardowej butli gazowej. Niskie ci\u015bnienie, moc 2,5 kW, komplet kr\u00f3\u0107c\u00f3w, szybka wysy\u0142ka, doradztwo.","og_url":"https:\/\/atana.pl\/en\/online-shop\/barbecues-and-accessories\/akcesoria\/reduktor-do-grilla-kuuma-125-do-butli-gazowej-25-kw-z-kroccami\/","og_site_name":"Atana","article_publisher":"https:\/\/www.facebook.com\/atanayachts","article_modified_time":"2025-11-18T13:56:25+00:00","og_image":[{"width":1200,"height":1200,"url":"https:\/\/atana.pl\/wp-content\/uploads\/1967\/01\/58268-kuuma-sng125-low-pressure-valve-brass-push-low.webp","type":"image\/webp"}],"twitter_card":"summary_large_image","twitter_misc":{"Estimated reading time":"1 minute"},"schema":{"@context":"https:\/\/schema.org","@graph":[{"@type":"WebPage","@id":"https:\/\/atana.pl\/sklep-on-line\/grille-i-akcesoria\/akcesoria\/reduktor-do-grilla-kuuma-125-do-butli-gazowej-25-kw-z-kroccami\/","url":"https:\/\/atana.pl\/sklep-on-line\/grille-i-akcesoria\/akcesoria\/reduktor-do-grilla-kuuma-125-do-butli-gazowej-25-kw-z-kroccami\/","name":"Zaw\u00f3r do grilla SnG 125. Do standardowej butli - Atana","isPartOf":{"@id":"https:\/\/atana.pl\/#website"},"primaryImageOfPage":{"@id":"https:\/\/atana.pl\/sklep-on-line\/grille-i-akcesoria\/akcesoria\/reduktor-do-grilla-kuuma-125-do-butli-gazowej-25-kw-z-kroccami\/#primaryimage"},"image":{"@id":"https:\/\/atana.pl\/sklep-on-line\/grille-i-akcesoria\/akcesoria\/reduktor-do-grilla-kuuma-125-do-butli-gazowej-25-kw-z-kroccami\/#primaryimage"},"thumbnailUrl":"https:\/\/atana.pl\/wp-content\/uploads\/1967\/01\/58268-kuuma-sng125-low-pressure-valve-brass-push-low.webp","datePublished":"2012-04-14T07:47:43+00:00","dateModified":"2025-11-18T13:56:25+00:00","description":"Reduktor do grilla Kuuma 125 \u2013 do pod\u0142\u0105czenia do standardowej butli gazowej. Niskie ci\u015bnienie, moc 2,5 kW, komplet kr\u00f3\u0107c\u00f3w, szybka wysy\u0142ka, doradztwo.","breadcrumb":{"@id":"https:\/\/atana.pl\/sklep-on-line\/grille-i-akcesoria\/akcesoria\/reduktor-do-grilla-kuuma-125-do-butli-gazowej-25-kw-z-kroccami\/#breadcrumb"},"inLanguage":"en-GB","potentialAction":[{"@type":"ReadAction","target":["https:\/\/atana.pl\/sklep-on-line\/grille-i-akcesoria\/akcesoria\/reduktor-do-grilla-kuuma-125-do-butli-gazowej-25-kw-z-kroccami\/"]}]},{"@type":"ImageObject","inLanguage":"en-GB","@id":"https:\/\/atana.pl\/sklep-on-line\/grille-i-akcesoria\/akcesoria\/reduktor-do-grilla-kuuma-125-do-butli-gazowej-25-kw-z-kroccami\/#primaryimage","url":"https:\/\/atana.pl\/wp-content\/uploads\/1967\/01\/58268-kuuma-sng125-low-pressure-valve-brass-push-low.webp","contentUrl":"https:\/\/atana.pl\/wp-content\/uploads\/1967\/01\/58268-kuuma-sng125-low-pressure-valve-brass-push-low.webp","width":1200,"height":1200,"caption":"58268 kuuma sng125 low pressure valve brass push low"},{"@type":"BreadcrumbList","@id":"https:\/\/atana.pl\/sklep-on-line\/grille-i-akcesoria\/akcesoria\/reduktor-do-grilla-kuuma-125-do-butli-gazowej-25-kw-z-kroccami\/#breadcrumb","itemListElement":[{"@type":"ListItem","position":1,"name":"Strona g\u0142\u00f3wna","item":"https:\/\/atana.pl\/"},{"@type":"ListItem","position":2,"name":"Sklep on-line","item":"https:\/\/atana.pl\/sklep-on-line\/"},{"@type":"ListItem","position":3,"name":"Zaw\u00f3r do grilla SnG 125. Do standardowej butli"}]},{"@type":"WebSite","@id":"https:\/\/atana.pl\/#website","url":"https:\/\/atana.pl\/","name":"Atana","description":"Akcesoria do \u0142odzi, kamper\u00f3w i przyczep. \u0141odzie motorowe","publisher":{"@id":"https:\/\/atana.pl\/#organization"},"potentialAction":[{"@type":"SearchAction","target":{"@type":"EntryPoint","urlTemplate":"https:\/\/atana.pl\/?s={search_term_string}"},"query-input":{"@type":"PropertyValueSpecification","valueRequired":true,"valueName":"search_term_string"}}],"inLanguage":"en-GB"},{"@type":"Organization","@id":"https:\/\/atana.pl\/#organization","name":"Atana","url":"https:\/\/atana.pl\/","logo":{"@type":"ImageObject","inLanguage":"en-GB","@id":"https:\/\/atana.pl\/#\/schema\/logo\/image\/","url":"","contentUrl":"","caption":"Atana"},"image":{"@id":"https:\/\/atana.pl\/#\/schema\/logo\/image\/"},"sameAs":["https:\/\/www.facebook.com\/atanayachts","https:\/\/www.instagram.com\/atanaboats\/","https:\/\/www.youtube.com\/channel\/UClMMmVqqx17in9QzgxK90Mw"]}]}},"_links":{"self":[{"href":"https:\/\/atana.pl\/en\/wp-json\/wp\/v2\/product\/6091","targetHints":{"allow":["GET"]}}],"collection":[{"href":"https:\/\/atana.pl\/en\/wp-json\/wp\/v2\/product"}],"about":[{"href":"https:\/\/atana.pl\/en\/wp-json\/wp\/v2\/types\/product"}],"wp:featuredmedia":[{"embeddable":true,"href":"https:\/\/atana.pl\/en\/wp-json\/wp\/v2\/media\/7618"}],"wp:attachment":[{"href":"https:\/\/atana.pl\/en\/wp-json\/wp\/v2\/media?parent=6091"}],"wp:term":[{"taxonomy":"product_brand","embeddable":true,"href":"https:\/\/atana.pl\/en\/wp-json\/wp\/v2\/product_brand?post=6091"},{"taxonomy":"product_cat","embeddable":true,"href":"https:\/\/atana.pl\/en\/wp-json\/wp\/v2\/product_cat?post=6091"},{"taxonomy":"product_tag","embeddable":true,"href":"https:\/\/atana.pl\/en\/wp-json\/wp\/v2\/product_tag?post=6091"}],"curies":[{"name":"wp","href":"https:\/\/api.w.org\/{rel}","templated":true}]}}