{"id":6082,"date":"2013-01-11T08:18:26","date_gmt":"2013-01-11T07:18:26","guid":{"rendered":"https:\/\/atana.pl\/sklep-on-line\/plyta-montazowa-do-dzwigu\/"},"modified":"2025-03-30T18:02:40","modified_gmt":"2025-03-30T16:02:40","slug":"plyta-montazowa-do-dzwigu","status":"publish","type":"product","link":"https:\/\/atana.pl\/en\/online-shop\/lifts_accessories\/plates\/plyta-montazowa-do-dzwigu\/","title":{"rendered":"Mounting plate for TRAC crane"},"content":{"rendered":"<h2 class=\"\" data-start=\"232\" data-end=\"329\"><strong data-start=\"235\" data-end=\"329\">P\u0142yta monta\u017cowa do d\u017awigu elektrycznego TRAC 12V \u2013 solidne mocowanie mini \u017curawia na \u0142odzi<\/strong><\/h2>\n<p class=\"\" data-start=\"331\" data-end=\"633\"><strong data-start=\"331\" data-end=\"369\">P\u0142yta monta\u017cowa TRAC do d\u017awigu 12V<\/strong> to trwa\u0142y i funkcjonalny element umo\u017cliwiaj\u0105cy szybki i bezpieczny monta\u017c <strong data-start=\"444\" data-end=\"477\">mini \u017curawia pok\u0142adowego TRAC<\/strong> w dowolnym miejscu na \u0142odzi. Wykonana z <strong data-start=\"518\" data-end=\"560\">10 mm thick anodised aluminium<\/strong>, gwarantuje odporno\u015b\u0107 na korozj\u0119, wod\u0119 morsk\u0105 i intensywn\u0105 eksploatacj\u0119.<\/p>\n<p class=\"\" data-start=\"635\" data-end=\"868\">P\u0142yta posiada <strong data-start=\"649\" data-end=\"693\">fabrycznie nagwintowane otwory monta\u017cowe<\/strong>, co umo\u017cliwia \u0142atw\u0105 instalacj\u0119 urz\u0105dzenia bez potrzeby wiercenia dodatkowych otwor\u00f3w. Mo\u017ce by\u0107 montowana bezpo\u015brednio na pok\u0142adzie lub z u\u017cyciem uchwyt\u00f3w TRAC i szybkoz\u0142\u0105cza.<\/p>\n<hr class=\"\" data-start=\"870\" data-end=\"873\" \/>\n<h3 class=\"\" data-start=\"875\" data-end=\"906\">\u2705 <strong data-start=\"881\" data-end=\"906\">Key benefits:<\/strong><\/h3>\n<ul data-start=\"907\" data-end=\"1210\">\n<li class=\"\" data-start=\"907\" data-end=\"957\">\n<p class=\"\" data-start=\"909\" data-end=\"957\"><strong data-start=\"909\" data-end=\"955\">Dedykowana do d\u017awigu<a href=\"https:\/\/atana.pl\/en\/online-shop\/dzwig\/dzwig-12v-trac\/\"> TRAC 12V (mini \u017curaw)<\/a><\/strong><\/p>\n<\/li>\n<li class=\"\" data-start=\"958\" data-end=\"1003\">\n<p class=\"\" data-start=\"960\" data-end=\"1003\"><strong data-start=\"960\" data-end=\"1001\">U\u0142atwia i przyspiesza monta\u017c na \u0142odzi<\/strong><\/p>\n<\/li>\n<li class=\"\" data-start=\"1004\" data-end=\"1055\">\n<p class=\"\" data-start=\"1006\" data-end=\"1055\"><strong data-start=\"1006\" data-end=\"1053\">Trwa\u0142e anodowane aluminium o grubo\u015bci 10 mm<\/strong><\/p>\n<\/li>\n<li class=\"\" data-start=\"1056\" data-end=\"1115\">\n<p class=\"\" data-start=\"1058\" data-end=\"1115\"><strong data-start=\"1058\" data-end=\"1113\">Pasuje do uchwyt\u00f3w TRAC 90\u00b0 i 12\u00b0 oraz szybkoz\u0142\u0105cza<\/strong><\/p>\n<\/li>\n<li class=\"\" data-start=\"1116\" data-end=\"1159\">\n<p class=\"\" data-start=\"1118\" data-end=\"1159\"><strong data-start=\"1118\" data-end=\"1157\">Set of screws and washers included<\/strong><\/p>\n<\/li>\n<li class=\"\" data-start=\"1160\" data-end=\"1210\">\n<p class=\"\" data-start=\"1162\" data-end=\"1210\"><strong data-start=\"1162\" data-end=\"1210\">Otwory monta\u017cowe nagwintowane \u2013 \u0142atwy monta\u017c<\/strong><\/p>\n<\/li>\n<\/ul>\n<hr class=\"\" data-start=\"1212\" data-end=\"1215\" \/>\n<h3 class=\"\" data-start=\"1217\" data-end=\"1258\">\ud83d\udd27 <strong data-start=\"1224\" data-end=\"1258\">Application and compatibility:<\/strong><\/h3>\n<p class=\"\" data-start=\"1260\" data-end=\"1281\"><strong data-start=\"1260\" data-end=\"1281\">Fits models:<\/strong><\/p>\n<p class=\"\" data-start=\"1284\" data-end=\"1330\">\u00a0 \u00a0\u2693 <strong><a href=\"https:\/\/atana.pl\/en\/online-shop\/dzwig\/dzwig-12v-trac\/\">TRAC mini crane - 12V<\/a><\/strong><\/p>\n<p class=\"\" data-start=\"1332\" data-end=\"1351\"><strong data-start=\"1332\" data-end=\"1351\">Can be combined with:<\/strong><\/p>\n<p data-start=\"2075\" data-end=\"2122\"><strong>\u00a0 \u00a0\ud83d\udce6<\/strong><strong> \u00a0<a href=\"https:\/\/atana.pl\/en\/online-shop\/lifts_accessories\/plates\/szybkozlacze\/\">Quick connector<\/a><\/strong><\/p>\n<p data-start=\"2075\" data-end=\"2122\"><strong>\u00a0 \u00a0\ud83d\udce6 \u00a0<a style=\"font-size: 16px;\" href=\"https:\/\/atana.pl\/en\/online-shop\/lifts_accessories\/plates\/uchwyt-na-burte-pawez-90\/\">90\u00b0 board\/ transom mount<\/a><\/strong><\/p>\n<p data-start=\"2075\" data-end=\"2122\"><strong>\u00a0 \u00a0\ud83d\udce6 \u00a0<a style=\"font-size: 16px;\" href=\"https:\/\/atana.pl\/en\/online-shop\/lifts_accessories\/plates\/uchwyt-na-burte-pawez-12\/\">12\u00b0 board\/ transom mount<\/a><\/strong><\/p>\n<p class=\"\" data-start=\"1470\" data-end=\"1610\">Dzi\u0119ki temu systemowi mo\u017cesz zainstalowa\u0107 d\u017awig w spos\u00f3b trwa\u0142y lub z mo\u017cliwo\u015bci\u0105 szybkiego demonta\u017cu, np. na czas zimowania czy transportu.<\/p>\n<hr class=\"\" data-start=\"1612\" data-end=\"1615\" \/>\n<h3 class=\"\" data-start=\"1617\" data-end=\"1644\">\u2699\ufe0f <strong data-start=\"1624\" data-end=\"1644\">Technical data:<\/strong><\/h3>\n<ul data-start=\"1645\" data-end=\"1816\">\n<li class=\"\" data-start=\"1645\" data-end=\"1696\">\n<p class=\"\" data-start=\"1647\" data-end=\"1696\"><strong data-start=\"1647\" data-end=\"1671\">Dimensions (L x S x W):<\/strong> 130 mm x 85 mm x 14 mm<\/p>\n<\/li>\n<li class=\"\" data-start=\"1697\" data-end=\"1734\">\n<p class=\"\" data-start=\"1699\" data-end=\"1734\"><strong data-start=\"1699\" data-end=\"1712\">Material:<\/strong> Anodised aluminium<\/p>\n<\/li>\n<li class=\"\" data-start=\"1735\" data-end=\"1755\">\n<p class=\"\" data-start=\"1737\" data-end=\"1755\"><strong data-start=\"1737\" data-end=\"1747\">Colour:<\/strong> Grey<\/p>\n<\/li>\n<li class=\"\" data-start=\"1756\" data-end=\"1778\">\n<p class=\"\" data-start=\"1758\" data-end=\"1778\"><strong data-start=\"1758\" data-end=\"1770\">Thickness:<\/strong> 10 mm<\/p>\n<\/li>\n<li class=\"\" data-start=\"1779\" data-end=\"1816\">\n<p class=\"\" data-start=\"1781\" data-end=\"1816\"><strong data-start=\"1781\" data-end=\"1792\">Apertures:<\/strong> nawiercone i gwintowane<\/p>\n<\/li>\n<\/ul>\n<hr class=\"\" data-start=\"1818\" data-end=\"1821\" \/>\n<h3 class=\"\" data-start=\"1823\" data-end=\"1849\">\ud83c\udfaf <strong data-start=\"1830\" data-end=\"1849\">The kit includes:<\/strong><\/h3>\n<ul data-start=\"1850\" data-end=\"1925\">\n<li class=\"\" data-start=\"1850\" data-end=\"1893\">\n<p class=\"\" data-start=\"1852\" data-end=\"1893\">P\u0142yt\u0119 monta\u017cow\u0105 z nawierconymi otworami<\/p>\n<\/li>\n<li class=\"\" data-start=\"1894\" data-end=\"1913\">\n<p class=\"\" data-start=\"1896\" data-end=\"1913\">Mounting screws<\/p>\n<\/li>\n<li class=\"\" data-start=\"1914\" data-end=\"1925\">\n<p class=\"\" data-start=\"1916\" data-end=\"1925\">Podk\u0142adki<\/p>\n<\/li>\n<\/ul>\n<hr class=\"\" data-start=\"1927\" data-end=\"1930\" \/>\n<h2 class=\"\" data-start=\"1932\" data-end=\"1958\">\ud83d\udee1\ufe0f Guarantee and quality:<\/h2>\n<ul data-start=\"1959\" data-end=\"2091\">\n<li class=\"\" data-start=\"1959\" data-end=\"1994\">\n<p class=\"\" data-start=\"1961\" data-end=\"1994\"><strong data-start=\"1961\" data-end=\"1992\">2-year manufacturer's warranty<\/strong><\/p>\n<\/li>\n<li class=\"\" data-start=\"1995\" data-end=\"2031\">\n<p class=\"\" data-start=\"1997\" data-end=\"2031\">Oryginalny produkt TRAC<\/p>\n<\/li>\n<li class=\"\" data-start=\"2032\" data-end=\"2091\">\n<p class=\"\" data-start=\"2034\" data-end=\"2091\">Wysoka odporno\u015b\u0107 na warunki morskie i zmienne temperatury<\/p>\n<\/li>\n<\/ul>\n<hr class=\"\" data-start=\"2093\" data-end=\"2096\" \/>\n<h2 class=\"\" data-start=\"2098\" data-end=\"2117\">\ud83d\udcde Do you have any questions?<\/h2>\n<p class=\"\" data-start=\"2118\" data-end=\"2273\">Nie wiesz, czy p\u0142yta b\u0119dzie pasowa\u0107 do Twojej \u0142odzi lub planujesz zakup kompletnego zestawu? Skontaktuj si\u0119 z nami \u2013 pomo\u017cemy dobra\u0107 najlepsze rozwi\u0105zanie.<\/p>","protected":false},"excerpt":{"rendered":"<ul>\n<li>P\u0142yta aluminiowa do D\u017awigu TRAC 12V<\/li>\n<li>Pasuje do uchwyt\u00f3w k\u0105towych TRAC<\/li>\n<li>Pasuje do szybkoz\u0142\u0105cza TRAC<\/li>\n<\/ul>","protected":false},"featured_media":4675,"template":"","meta":{"_acf_changed":false},"product_brand":[],"product_cat":[104,107,102],"product_tag":[325,335,336,324,332,323,333,334,329,326,322,331,328,330,327],"class_list":{"0":"post-6082","1":"product","2":"type-product","3":"status-publish","4":"has-post-thumbnail","6":"product_cat-windy_akcesoria","7":"product_cat-plyty","8":"product_cat-trac","9":"product_tag-akcesoria-do-dzwigu-trac","10":"product_tag-anodowane-aluminium-trac","11":"product_tag-dzwig-kotwiczny-montaz","12":"product_tag-montaz-dzwigu-na-lodzi","13":"product_tag-montaz-mini-dzwigu-trac","14":"product_tag-plyta-do-mini-zurawia-trac","15":"product_tag-plyta-do-pawezy-trac","16":"product_tag-plyta-do-pokladu-lodzi","17":"product_tag-plyta-do-zurawia-trac-12v","18":"product_tag-plyta-montazowa-anodowana","19":"product_tag-plyta-montazowa-do-dzwigu-trac","20":"product_tag-plyta-montazowa-z-gwintem","21":"product_tag-plyta-pod-dzwig-12v","22":"product_tag-szybkozlacze-do-dzwigu","23":"product_tag-uchwyt-do-dzwigu-pokladowego","25":"first","26":"instock","27":"taxable","28":"shipping-taxable","29":"purchasable","30":"product-type-simple"},"acf":[],"yoast_head":"<!-- This site is optimized with the Yoast SEO plugin v25.2 - https:\/\/yoast.com\/wordpress\/plugins\/seo\/ -->\n<title>P\u0142yta monta\u017cowa do d\u017awigu TRAC - Atana<\/title>\n<meta name=\"description\" content=\"P\u0142yta do monta\u017cu d\u017awigu TRAC 12V. Anodowane aluminium, nagwintowane otwory, \u015bruby w zestawie. Kompatybilna z uchwytami i szybkoz\u0142\u0105czem.\" \/>\n<meta name=\"robots\" content=\"index, follow, max-snippet:-1, max-image-preview:large, max-video-preview:-1\" \/>\n<link rel=\"canonical\" href=\"https:\/\/atana.pl\/en\/online-shop\/lifts_accessories\/plates\/plyta-montazowa-do-dzwigu\/\" \/>\n<meta property=\"og:locale\" content=\"en_GB\" \/>\n<meta property=\"og:type\" content=\"article\" \/>\n<meta property=\"og:title\" content=\"P\u0142yta monta\u017cowa do d\u017awigu TRAC - Atana\" \/>\n<meta property=\"og:description\" content=\"P\u0142yta do monta\u017cu d\u017awigu TRAC 12V. Anodowane aluminium, nagwintowane otwory, \u015bruby w zestawie. Kompatybilna z uchwytami i szybkoz\u0142\u0105czem.\" \/>\n<meta property=\"og:url\" content=\"https:\/\/atana.pl\/en\/online-shop\/lifts_accessories\/plates\/plyta-montazowa-do-dzwigu\/\" \/>\n<meta property=\"og:site_name\" content=\"Atana\" \/>\n<meta property=\"article:publisher\" content=\"https:\/\/www.facebook.com\/atanayachts\" \/>\n<meta property=\"article:modified_time\" content=\"2025-03-30T16:02:40+00:00\" \/>\n<meta property=\"og:image\" content=\"https:\/\/atana.pl\/wp-content\/uploads\/2024\/04\/69290_8-Z.jpg\" \/>\n\t<meta property=\"og:image:width\" content=\"900\" \/>\n\t<meta property=\"og:image:height\" content=\"900\" \/>\n\t<meta property=\"og:image:type\" content=\"image\/jpeg\" \/>\n<meta name=\"twitter:card\" content=\"summary_large_image\" \/>\n<meta name=\"twitter:label1\" content=\"Estimated reading time\" \/>\n\t<meta name=\"twitter:data1\" content=\"1 minute\" \/>\n<script type=\"application\/ld+json\" class=\"yoast-schema-graph\">{\"@context\":\"https:\/\/schema.org\",\"@graph\":[{\"@type\":\"WebPage\",\"@id\":\"https:\/\/atana.pl\/sklep-on-line\/windy_akcesoria\/plyty\/plyta-montazowa-do-dzwigu\/\",\"url\":\"https:\/\/atana.pl\/sklep-on-line\/windy_akcesoria\/plyty\/plyta-montazowa-do-dzwigu\/\",\"name\":\"P\u0142yta monta\u017cowa do d\u017awigu TRAC - Atana\",\"isPartOf\":{\"@id\":\"https:\/\/atana.pl\/#website\"},\"primaryImageOfPage\":{\"@id\":\"https:\/\/atana.pl\/sklep-on-line\/windy_akcesoria\/plyty\/plyta-montazowa-do-dzwigu\/#primaryimage\"},\"image\":{\"@id\":\"https:\/\/atana.pl\/sklep-on-line\/windy_akcesoria\/plyty\/plyta-montazowa-do-dzwigu\/#primaryimage\"},\"thumbnailUrl\":\"https:\/\/atana.pl\/wp-content\/uploads\/2024\/04\/69290_8-Z.jpg\",\"datePublished\":\"2013-01-11T07:18:26+00:00\",\"dateModified\":\"2025-03-30T16:02:40+00:00\",\"description\":\"P\u0142yta do monta\u017cu d\u017awigu TRAC 12V. Anodowane aluminium, nagwintowane otwory, \u015bruby w zestawie. Kompatybilna z uchwytami i szybkoz\u0142\u0105czem.\",\"breadcrumb\":{\"@id\":\"https:\/\/atana.pl\/sklep-on-line\/windy_akcesoria\/plyty\/plyta-montazowa-do-dzwigu\/#breadcrumb\"},\"inLanguage\":\"en-GB\",\"potentialAction\":[{\"@type\":\"ReadAction\",\"target\":[\"https:\/\/atana.pl\/sklep-on-line\/windy_akcesoria\/plyty\/plyta-montazowa-do-dzwigu\/\"]}]},{\"@type\":\"ImageObject\",\"inLanguage\":\"en-GB\",\"@id\":\"https:\/\/atana.pl\/sklep-on-line\/windy_akcesoria\/plyty\/plyta-montazowa-do-dzwigu\/#primaryimage\",\"url\":\"https:\/\/atana.pl\/wp-content\/uploads\/2024\/04\/69290_8-Z.jpg\",\"contentUrl\":\"https:\/\/atana.pl\/wp-content\/uploads\/2024\/04\/69290_8-Z.jpg\",\"width\":900,\"height\":900,\"caption\":\"P\u0142yta monta\u017cowa do d\u017awigu TRAC\"},{\"@type\":\"BreadcrumbList\",\"@id\":\"https:\/\/atana.pl\/sklep-on-line\/windy_akcesoria\/plyty\/plyta-montazowa-do-dzwigu\/#breadcrumb\",\"itemListElement\":[{\"@type\":\"ListItem\",\"position\":1,\"name\":\"Strona g\u0142\u00f3wna\",\"item\":\"https:\/\/atana.pl\/\"},{\"@type\":\"ListItem\",\"position\":2,\"name\":\"Sklep on-line\",\"item\":\"https:\/\/atana.pl\/sklep-on-line\/\"},{\"@type\":\"ListItem\",\"position\":3,\"name\":\"P\u0142yta monta\u017cowa do d\u017awigu TRAC\"}]},{\"@type\":\"WebSite\",\"@id\":\"https:\/\/atana.pl\/#website\",\"url\":\"https:\/\/atana.pl\/\",\"name\":\"Atana\",\"description\":\"Akcesoria do \u0142odzi, kamper\u00f3w i przyczep. \u0141odzie motorowe\",\"publisher\":{\"@id\":\"https:\/\/atana.pl\/#organization\"},\"potentialAction\":[{\"@type\":\"SearchAction\",\"target\":{\"@type\":\"EntryPoint\",\"urlTemplate\":\"https:\/\/atana.pl\/?s={search_term_string}\"},\"query-input\":{\"@type\":\"PropertyValueSpecification\",\"valueRequired\":true,\"valueName\":\"search_term_string\"}}],\"inLanguage\":\"en-GB\"},{\"@type\":\"Organization\",\"@id\":\"https:\/\/atana.pl\/#organization\",\"name\":\"Atana\",\"url\":\"https:\/\/atana.pl\/\",\"logo\":{\"@type\":\"ImageObject\",\"inLanguage\":\"en-GB\",\"@id\":\"https:\/\/atana.pl\/#\/schema\/logo\/image\/\",\"url\":\"\",\"contentUrl\":\"\",\"caption\":\"Atana\"},\"image\":{\"@id\":\"https:\/\/atana.pl\/#\/schema\/logo\/image\/\"},\"sameAs\":[\"https:\/\/www.facebook.com\/atanayachts\",\"https:\/\/www.instagram.com\/atanaboats\/\",\"https:\/\/www.youtube.com\/channel\/UClMMmVqqx17in9QzgxK90Mw\"]}]}<\/script>\n<!-- \/ Yoast SEO plugin. -->","yoast_head_json":{"title":"P\u0142yta monta\u017cowa do d\u017awigu TRAC - Atana","description":"P\u0142yta do monta\u017cu d\u017awigu TRAC 12V. Anodowane aluminium, nagwintowane otwory, \u015bruby w zestawie. Kompatybilna z uchwytami i szybkoz\u0142\u0105czem.","robots":{"index":"index","follow":"follow","max-snippet":"max-snippet:-1","max-image-preview":"max-image-preview:large","max-video-preview":"max-video-preview:-1"},"canonical":"https:\/\/atana.pl\/en\/online-shop\/lifts_accessories\/plates\/plyta-montazowa-do-dzwigu\/","og_locale":"en_GB","og_type":"article","og_title":"P\u0142yta monta\u017cowa do d\u017awigu TRAC - Atana","og_description":"P\u0142yta do monta\u017cu d\u017awigu TRAC 12V. Anodowane aluminium, nagwintowane otwory, \u015bruby w zestawie. Kompatybilna z uchwytami i szybkoz\u0142\u0105czem.","og_url":"https:\/\/atana.pl\/en\/online-shop\/lifts_accessories\/plates\/plyta-montazowa-do-dzwigu\/","og_site_name":"Atana","article_publisher":"https:\/\/www.facebook.com\/atanayachts","article_modified_time":"2025-03-30T16:02:40+00:00","og_image":[{"width":900,"height":900,"url":"https:\/\/atana.pl\/wp-content\/uploads\/2024\/04\/69290_8-Z.jpg","type":"image\/jpeg"}],"twitter_card":"summary_large_image","twitter_misc":{"Estimated reading time":"1 minute"},"schema":{"@context":"https:\/\/schema.org","@graph":[{"@type":"WebPage","@id":"https:\/\/atana.pl\/sklep-on-line\/windy_akcesoria\/plyty\/plyta-montazowa-do-dzwigu\/","url":"https:\/\/atana.pl\/sklep-on-line\/windy_akcesoria\/plyty\/plyta-montazowa-do-dzwigu\/","name":"P\u0142yta monta\u017cowa do d\u017awigu TRAC - Atana","isPartOf":{"@id":"https:\/\/atana.pl\/#website"},"primaryImageOfPage":{"@id":"https:\/\/atana.pl\/sklep-on-line\/windy_akcesoria\/plyty\/plyta-montazowa-do-dzwigu\/#primaryimage"},"image":{"@id":"https:\/\/atana.pl\/sklep-on-line\/windy_akcesoria\/plyty\/plyta-montazowa-do-dzwigu\/#primaryimage"},"thumbnailUrl":"https:\/\/atana.pl\/wp-content\/uploads\/2024\/04\/69290_8-Z.jpg","datePublished":"2013-01-11T07:18:26+00:00","dateModified":"2025-03-30T16:02:40+00:00","description":"P\u0142yta do monta\u017cu d\u017awigu TRAC 12V. Anodowane aluminium, nagwintowane otwory, \u015bruby w zestawie. Kompatybilna z uchwytami i szybkoz\u0142\u0105czem.","breadcrumb":{"@id":"https:\/\/atana.pl\/sklep-on-line\/windy_akcesoria\/plyty\/plyta-montazowa-do-dzwigu\/#breadcrumb"},"inLanguage":"en-GB","potentialAction":[{"@type":"ReadAction","target":["https:\/\/atana.pl\/sklep-on-line\/windy_akcesoria\/plyty\/plyta-montazowa-do-dzwigu\/"]}]},{"@type":"ImageObject","inLanguage":"en-GB","@id":"https:\/\/atana.pl\/sklep-on-line\/windy_akcesoria\/plyty\/plyta-montazowa-do-dzwigu\/#primaryimage","url":"https:\/\/atana.pl\/wp-content\/uploads\/2024\/04\/69290_8-Z.jpg","contentUrl":"https:\/\/atana.pl\/wp-content\/uploads\/2024\/04\/69290_8-Z.jpg","width":900,"height":900,"caption":"P\u0142yta monta\u017cowa do d\u017awigu TRAC"},{"@type":"BreadcrumbList","@id":"https:\/\/atana.pl\/sklep-on-line\/windy_akcesoria\/plyty\/plyta-montazowa-do-dzwigu\/#breadcrumb","itemListElement":[{"@type":"ListItem","position":1,"name":"Strona g\u0142\u00f3wna","item":"https:\/\/atana.pl\/"},{"@type":"ListItem","position":2,"name":"Sklep on-line","item":"https:\/\/atana.pl\/sklep-on-line\/"},{"@type":"ListItem","position":3,"name":"P\u0142yta monta\u017cowa do d\u017awigu TRAC"}]},{"@type":"WebSite","@id":"https:\/\/atana.pl\/#website","url":"https:\/\/atana.pl\/","name":"Atana","description":"Akcesoria do \u0142odzi, kamper\u00f3w i przyczep. \u0141odzie motorowe","publisher":{"@id":"https:\/\/atana.pl\/#organization"},"potentialAction":[{"@type":"SearchAction","target":{"@type":"EntryPoint","urlTemplate":"https:\/\/atana.pl\/?s={search_term_string}"},"query-input":{"@type":"PropertyValueSpecification","valueRequired":true,"valueName":"search_term_string"}}],"inLanguage":"en-GB"},{"@type":"Organization","@id":"https:\/\/atana.pl\/#organization","name":"Atana","url":"https:\/\/atana.pl\/","logo":{"@type":"ImageObject","inLanguage":"en-GB","@id":"https:\/\/atana.pl\/#\/schema\/logo\/image\/","url":"","contentUrl":"","caption":"Atana"},"image":{"@id":"https:\/\/atana.pl\/#\/schema\/logo\/image\/"},"sameAs":["https:\/\/www.facebook.com\/atanayachts","https:\/\/www.instagram.com\/atanaboats\/","https:\/\/www.youtube.com\/channel\/UClMMmVqqx17in9QzgxK90Mw"]}]}},"_links":{"self":[{"href":"https:\/\/atana.pl\/en\/wp-json\/wp\/v2\/product\/6082","targetHints":{"allow":["GET"]}}],"collection":[{"href":"https:\/\/atana.pl\/en\/wp-json\/wp\/v2\/product"}],"about":[{"href":"https:\/\/atana.pl\/en\/wp-json\/wp\/v2\/types\/product"}],"wp:featuredmedia":[{"embeddable":true,"href":"https:\/\/atana.pl\/en\/wp-json\/wp\/v2\/media\/4675"}],"wp:attachment":[{"href":"https:\/\/atana.pl\/en\/wp-json\/wp\/v2\/media?parent=6082"}],"wp:term":[{"taxonomy":"product_brand","embeddable":true,"href":"https:\/\/atana.pl\/en\/wp-json\/wp\/v2\/product_brand?post=6082"},{"taxonomy":"product_cat","embeddable":true,"href":"https:\/\/atana.pl\/en\/wp-json\/wp\/v2\/product_cat?post=6082"},{"taxonomy":"product_tag","embeddable":true,"href":"https:\/\/atana.pl\/en\/wp-json\/wp\/v2\/product_tag?post=6082"}],"curies":[{"name":"wp","href":"https:\/\/api.w.org\/{rel}","templated":true}]}}