{"id":6079,"date":"1986-04-10T14:57:18","date_gmt":"1986-04-10T12:57:18","guid":{"rendered":"https:\/\/atana.pl\/sklep-on-line\/lina-do-windy-kotwicznej-trac-4mm-x-30m-z-szekla\/"},"modified":"2025-04-19T13:12:00","modified_gmt":"2025-04-19T11:12:00","slug":"lina-do-windy-kotwicznej-trac-4mm-x-30m-z-szekla","status":"publish","type":"product","link":"https:\/\/atana.pl\/en\/online-shop\/lifts_accessories\/liny-lancuchy\/lina-do-windy-kotwicznej-trac-4mm-x-30m-z-szekla\/","title":{"rendered":"TRAC anchor windlass rope, 4mm x 30m with shackle"},"content":{"rendered":"<h2 class=\"\" data-start=\"248\" data-end=\"302\">\u2693 Lina kotwiczna TRAC 4 mm \u2013 30 m z kausz\u0105 i szekl\u0105<\/h2>\n<p class=\"\" data-start=\"304\" data-end=\"658\"><strong data-start=\"304\" data-end=\"327\">Lina kotwiczna TRAC<\/strong> o \u015brednicy <strong data-start=\"339\" data-end=\"347\">4 mm<\/strong> to oryginalny element przeznaczony do stosowania z elektrycznymi windami kotwicznymi marki TRAC, w szczeg\u00f3lno\u015bci z modelem <strong data-start=\"471\" data-end=\"493\"><a href=\"https:\/\/atana.pl\/en\/online-shop\/lifts_accessories\/lifts\/trac-anchor-zone-20-elektryczna-wyciagarka-12v\/\">Anchor ZONE 20<\/a> <\/strong>oraz <strong data-start=\"471\" data-end=\"493\">Strike Zone 25 Auto Deploy<\/strong>.<br data-start=\"494\" data-end=\"497\" \/>Wyposa\u017cona w <strong data-start=\"510\" data-end=\"533\">usztywniaj\u0105cy rdze\u0144<\/strong>, <strong data-start=\"535\" data-end=\"556\">nierdzewn\u0105 kausz\u0119<\/strong> i <strong data-start=\"559\" data-end=\"569\">szekl\u0119<\/strong> \u2013 zapewnia trwa\u0142o\u015b\u0107, niezawodno\u015b\u0107 i \u0142atwo\u015b\u0107 obs\u0142ugi podczas ka\u017cdej operacji kotwiczenia.<\/p>\n<p class=\"\" data-start=\"660\" data-end=\"930\">Lina zosta\u0142a zaprojektowana z my\u015bl\u0105 o nawlekaniu na b\u0119ben windy, dzi\u0119ki czemu gwarantuje p\u0142ynn\u0105 prac\u0119 bez ryzyka skr\u0119cania si\u0119, przecierania czy blokowania. To doskona\u0142y wyb\u00f3r dla u\u017cytkownik\u00f3w poszukuj\u0105cych solidnego, sprawdzonego i oryginalnego rozwi\u0105zania kotwicznego.<\/p>\n<hr class=\"\" data-start=\"932\" data-end=\"935\" \/>\n<h3 class=\"\" data-start=\"937\" data-end=\"971\">\u2705 Zalety liny kotwicznej TRAC:<\/h3>\n<ul data-start=\"973\" data-end=\"1254\">\n<li class=\"\" data-start=\"973\" data-end=\"1020\">\n<p class=\"\" data-start=\"975\" data-end=\"1020\">Oryginalna lina kompatybilna z windami TRAC<\/p>\n<\/li>\n<li class=\"\" data-start=\"1021\" data-end=\"1086\">\n<p class=\"\" data-start=\"1023\" data-end=\"1086\"><strong data-start=\"1023\" data-end=\"1042\">Wbudowany rdze\u0144<\/strong> \u2013 lepsze prowadzenie na b\u0119bnie i trwa\u0142o\u015b\u0107<\/p>\n<\/li>\n<li class=\"\" data-start=\"1087\" data-end=\"1150\">\n<p class=\"\" data-start=\"1089\" data-end=\"1150\"><strong data-start=\"1089\" data-end=\"1120\">Kausza ze stali nierdzewnej<\/strong> \u2013 ochrona przed przetarciem<\/p>\n<\/li>\n<li class=\"\" data-start=\"1151\" data-end=\"1205\">\n<p class=\"\" data-start=\"1153\" data-end=\"1205\"><strong data-start=\"1153\" data-end=\"1174\">Szekla w zestawie<\/strong> \u2013 \u0142atwe po\u0142\u0105czenie z kotwic\u0105<\/p>\n<\/li>\n<li class=\"\" data-start=\"1206\" data-end=\"1254\">\n<p class=\"\" data-start=\"1208\" data-end=\"1254\">Kolor niebieski \u2013 dobra widoczno\u015b\u0107 na tle wody<\/p>\n<\/li>\n<\/ul>\n<hr class=\"\" data-start=\"1632\" data-end=\"1635\" \/>\n<h3 class=\"\" data-start=\"1637\" data-end=\"1657\">\ud83d\udd1a Podsumowanie:<\/h3>\n<p class=\"\" data-start=\"1659\" data-end=\"1990\"><strong data-start=\"1659\" data-end=\"1694\">Lina kotwiczna TRAC 4 mm \/ 30 m<\/strong> to oryginalny i niezawodny komponent, kt\u00f3ry sprawdzi si\u0119 w ka\u017cdej jednostce p\u0142ywaj\u0105cej wyposa\u017conej w elektryczn\u0105 wind\u0119.<br data-start=\"1814\" data-end=\"1817\" \/>Dzi\u0119ki solidnemu wykonaniu, trwa\u0142ym zako\u0144czeniom i kompatybilno\u015bci z TRAC Strike Zone 25 A\/D, jest to najlepszy wyb\u00f3r dla os\u00f3b ceni\u0105cych <strong data-start=\"1954\" data-end=\"1989\">bezpiecze\u0144stwo, wygod\u0119 i jako\u015b\u0107<\/strong>.<\/p>\n<p class=\"\" data-start=\"1992\" data-end=\"2066\">Zamontuj raz \u2013 u\u017cywaj przez d\u0142ugi czas. Wybierz sprawdzon\u0105 lin\u0119 od TRAC. \u2693<\/p>","protected":false},"excerpt":{"rendered":"<ul>\n<li>Lina kotwiczna do elektrycznej windy TRAC<\/li>\n<li>Diameter: 4 mm<\/li>\n<li>D\u0142ugo\u015b\u0107: 30 mm<\/li>\n<li>Pasuje do TRAC Anchor ZONE 20 &amp; TRAC Strike ZONE 25 A\/D<\/li>\n<\/ul>","protected":false},"featured_media":4672,"template":"","meta":{"_acf_changed":false},"product_brand":[],"product_cat":[104,109,102],"product_tag":[169,877,872,871,878,870,868,869,873,874,876,875],"class_list":{"0":"post-6079","1":"product","2":"type-product","3":"status-publish","4":"has-post-thumbnail","6":"product_cat-windy_akcesoria","7":"product_cat-liny-lancuchy","8":"product_cat-trac","9":"product_tag-akcesoria-do-windy-kotwicznej","10":"product_tag-kotwica-lina","11":"product_tag-lina-30-m","12":"product_tag-lina-4-mm","13":"product_tag-lina-do-lodzi","14":"product_tag-lina-do-windy-kotwicznej","15":"product_tag-lina-kotwiczna","16":"product_tag-lina-trac","17":"product_tag-lina-z-kausza","18":"product_tag-lina-z-szekla","19":"product_tag-niebieska-lina-kotwiczna","20":"product_tag-trac-strike-zone-25","22":"first","23":"outofstock","24":"taxable","25":"shipping-taxable","26":"purchasable","27":"product-type-simple"},"acf":[],"yoast_head":"<!-- This site is optimized with the Yoast SEO plugin v25.2 - https:\/\/yoast.com\/wordpress\/plugins\/seo\/ -->\n<title>Lina do windy kotwicznej TRAC, 4mm x 30m z szekl\u0105 - Atana<\/title>\n<meta name=\"description\" content=\"Oryginalna lina kotwiczna TRAC 4 mm, 30 m. Z kausz\u0105 i szekl\u0105 ze stali nierdzewnej. Pasuje do wyci\u0105garki Strike Zone 25 A\/D. Gwarancja 2 lata. Wysy\u0142ka 24h.\" \/>\n<meta name=\"robots\" content=\"index, follow, max-snippet:-1, max-image-preview:large, max-video-preview:-1\" \/>\n<link rel=\"canonical\" href=\"https:\/\/atana.pl\/en\/online-shop\/lifts_accessories\/liny-lancuchy\/lina-do-windy-kotwicznej-trac-4mm-x-30m-z-szekla\/\" \/>\n<meta property=\"og:locale\" content=\"en_GB\" \/>\n<meta property=\"og:type\" content=\"article\" \/>\n<meta property=\"og:title\" content=\"Lina do windy kotwicznej TRAC, 4mm x 30m z szekl\u0105 - Atana\" \/>\n<meta property=\"og:description\" content=\"Oryginalna lina kotwiczna TRAC 4 mm, 30 m. Z kausz\u0105 i szekl\u0105 ze stali nierdzewnej. Pasuje do wyci\u0105garki Strike Zone 25 A\/D. Gwarancja 2 lata. Wysy\u0142ka 24h.\" \/>\n<meta property=\"og:url\" content=\"https:\/\/atana.pl\/en\/online-shop\/lifts_accessories\/liny-lancuchy\/lina-do-windy-kotwicznej-trac-4mm-x-30m-z-szekla\/\" \/>\n<meta property=\"og:site_name\" content=\"Atana\" \/>\n<meta property=\"article:publisher\" content=\"https:\/\/www.facebook.com\/atanayachts\" \/>\n<meta property=\"article:modified_time\" content=\"2025-04-19T11:12:00+00:00\" \/>\n<meta property=\"og:image\" content=\"https:\/\/atana.pl\/wp-content\/uploads\/2024\/04\/LKT430-Lina-kotwiczna-4mm-30m-z-szekla.png\" \/>\n\t<meta property=\"og:image:width\" content=\"707\" \/>\n\t<meta property=\"og:image:height\" content=\"707\" \/>\n\t<meta property=\"og:image:type\" content=\"image\/png\" \/>\n<meta name=\"twitter:card\" content=\"summary_large_image\" \/>\n<meta name=\"twitter:label1\" content=\"Estimated reading time\" \/>\n\t<meta name=\"twitter:data1\" content=\"1 minute\" \/>\n<script type=\"application\/ld+json\" class=\"yoast-schema-graph\">{\"@context\":\"https:\/\/schema.org\",\"@graph\":[{\"@type\":\"WebPage\",\"@id\":\"https:\/\/atana.pl\/sklep-on-line\/windy_akcesoria\/liny-lancuchy\/lina-do-windy-kotwicznej-trac-4mm-x-30m-z-szekla\/\",\"url\":\"https:\/\/atana.pl\/sklep-on-line\/windy_akcesoria\/liny-lancuchy\/lina-do-windy-kotwicznej-trac-4mm-x-30m-z-szekla\/\",\"name\":\"Lina do windy kotwicznej TRAC, 4mm x 30m z szekl\u0105 - Atana\",\"isPartOf\":{\"@id\":\"https:\/\/atana.pl\/#website\"},\"primaryImageOfPage\":{\"@id\":\"https:\/\/atana.pl\/sklep-on-line\/windy_akcesoria\/liny-lancuchy\/lina-do-windy-kotwicznej-trac-4mm-x-30m-z-szekla\/#primaryimage\"},\"image\":{\"@id\":\"https:\/\/atana.pl\/sklep-on-line\/windy_akcesoria\/liny-lancuchy\/lina-do-windy-kotwicznej-trac-4mm-x-30m-z-szekla\/#primaryimage\"},\"thumbnailUrl\":\"https:\/\/atana.pl\/wp-content\/uploads\/2024\/04\/LKT430-Lina-kotwiczna-4mm-30m-z-szekla.png\",\"datePublished\":\"1986-04-10T12:57:18+00:00\",\"dateModified\":\"2025-04-19T11:12:00+00:00\",\"description\":\"Oryginalna lina kotwiczna TRAC 4 mm, 30 m. Z kausz\u0105 i szekl\u0105 ze stali nierdzewnej. Pasuje do wyci\u0105garki Strike Zone 25 A\/D. Gwarancja 2 lata. Wysy\u0142ka 24h.\",\"breadcrumb\":{\"@id\":\"https:\/\/atana.pl\/sklep-on-line\/windy_akcesoria\/liny-lancuchy\/lina-do-windy-kotwicznej-trac-4mm-x-30m-z-szekla\/#breadcrumb\"},\"inLanguage\":\"en-GB\",\"potentialAction\":[{\"@type\":\"ReadAction\",\"target\":[\"https:\/\/atana.pl\/sklep-on-line\/windy_akcesoria\/liny-lancuchy\/lina-do-windy-kotwicznej-trac-4mm-x-30m-z-szekla\/\"]}]},{\"@type\":\"ImageObject\",\"inLanguage\":\"en-GB\",\"@id\":\"https:\/\/atana.pl\/sklep-on-line\/windy_akcesoria\/liny-lancuchy\/lina-do-windy-kotwicznej-trac-4mm-x-30m-z-szekla\/#primaryimage\",\"url\":\"https:\/\/atana.pl\/wp-content\/uploads\/2024\/04\/LKT430-Lina-kotwiczna-4mm-30m-z-szekla.png\",\"contentUrl\":\"https:\/\/atana.pl\/wp-content\/uploads\/2024\/04\/LKT430-Lina-kotwiczna-4mm-30m-z-szekla.png\",\"width\":707,\"height\":707,\"caption\":\"Lina do windy kotwicznej TRAC, 4mm x 30m z szekl\u0105\"},{\"@type\":\"BreadcrumbList\",\"@id\":\"https:\/\/atana.pl\/sklep-on-line\/windy_akcesoria\/liny-lancuchy\/lina-do-windy-kotwicznej-trac-4mm-x-30m-z-szekla\/#breadcrumb\",\"itemListElement\":[{\"@type\":\"ListItem\",\"position\":1,\"name\":\"Strona g\u0142\u00f3wna\",\"item\":\"https:\/\/atana.pl\/\"},{\"@type\":\"ListItem\",\"position\":2,\"name\":\"Sklep on-line\",\"item\":\"https:\/\/atana.pl\/sklep-on-line\/\"},{\"@type\":\"ListItem\",\"position\":3,\"name\":\"Lina do windy kotwicznej TRAC, 4mm x 30m z szekl\u0105\"}]},{\"@type\":\"WebSite\",\"@id\":\"https:\/\/atana.pl\/#website\",\"url\":\"https:\/\/atana.pl\/\",\"name\":\"Atana\",\"description\":\"Akcesoria do \u0142odzi, kamper\u00f3w i przyczep. \u0141odzie motorowe\",\"publisher\":{\"@id\":\"https:\/\/atana.pl\/#organization\"},\"potentialAction\":[{\"@type\":\"SearchAction\",\"target\":{\"@type\":\"EntryPoint\",\"urlTemplate\":\"https:\/\/atana.pl\/?s={search_term_string}\"},\"query-input\":{\"@type\":\"PropertyValueSpecification\",\"valueRequired\":true,\"valueName\":\"search_term_string\"}}],\"inLanguage\":\"en-GB\"},{\"@type\":\"Organization\",\"@id\":\"https:\/\/atana.pl\/#organization\",\"name\":\"Atana\",\"url\":\"https:\/\/atana.pl\/\",\"logo\":{\"@type\":\"ImageObject\",\"inLanguage\":\"en-GB\",\"@id\":\"https:\/\/atana.pl\/#\/schema\/logo\/image\/\",\"url\":\"\",\"contentUrl\":\"\",\"caption\":\"Atana\"},\"image\":{\"@id\":\"https:\/\/atana.pl\/#\/schema\/logo\/image\/\"},\"sameAs\":[\"https:\/\/www.facebook.com\/atanayachts\",\"https:\/\/www.instagram.com\/atanaboats\/\",\"https:\/\/www.youtube.com\/channel\/UClMMmVqqx17in9QzgxK90Mw\"]}]}<\/script>\n<!-- \/ Yoast SEO plugin. -->","yoast_head_json":{"title":"Lina do windy kotwicznej TRAC, 4mm x 30m z szekl\u0105 - Atana","description":"Oryginalna lina kotwiczna TRAC 4 mm, 30 m. Z kausz\u0105 i szekl\u0105 ze stali nierdzewnej. Pasuje do wyci\u0105garki Strike Zone 25 A\/D. Gwarancja 2 lata. Wysy\u0142ka 24h.","robots":{"index":"index","follow":"follow","max-snippet":"max-snippet:-1","max-image-preview":"max-image-preview:large","max-video-preview":"max-video-preview:-1"},"canonical":"https:\/\/atana.pl\/en\/online-shop\/lifts_accessories\/liny-lancuchy\/lina-do-windy-kotwicznej-trac-4mm-x-30m-z-szekla\/","og_locale":"en_GB","og_type":"article","og_title":"Lina do windy kotwicznej TRAC, 4mm x 30m z szekl\u0105 - Atana","og_description":"Oryginalna lina kotwiczna TRAC 4 mm, 30 m. Z kausz\u0105 i szekl\u0105 ze stali nierdzewnej. Pasuje do wyci\u0105garki Strike Zone 25 A\/D. Gwarancja 2 lata. Wysy\u0142ka 24h.","og_url":"https:\/\/atana.pl\/en\/online-shop\/lifts_accessories\/liny-lancuchy\/lina-do-windy-kotwicznej-trac-4mm-x-30m-z-szekla\/","og_site_name":"Atana","article_publisher":"https:\/\/www.facebook.com\/atanayachts","article_modified_time":"2025-04-19T11:12:00+00:00","og_image":[{"width":707,"height":707,"url":"https:\/\/atana.pl\/wp-content\/uploads\/2024\/04\/LKT430-Lina-kotwiczna-4mm-30m-z-szekla.png","type":"image\/png"}],"twitter_card":"summary_large_image","twitter_misc":{"Estimated reading time":"1 minute"},"schema":{"@context":"https:\/\/schema.org","@graph":[{"@type":"WebPage","@id":"https:\/\/atana.pl\/sklep-on-line\/windy_akcesoria\/liny-lancuchy\/lina-do-windy-kotwicznej-trac-4mm-x-30m-z-szekla\/","url":"https:\/\/atana.pl\/sklep-on-line\/windy_akcesoria\/liny-lancuchy\/lina-do-windy-kotwicznej-trac-4mm-x-30m-z-szekla\/","name":"Lina do windy kotwicznej TRAC, 4mm x 30m z szekl\u0105 - Atana","isPartOf":{"@id":"https:\/\/atana.pl\/#website"},"primaryImageOfPage":{"@id":"https:\/\/atana.pl\/sklep-on-line\/windy_akcesoria\/liny-lancuchy\/lina-do-windy-kotwicznej-trac-4mm-x-30m-z-szekla\/#primaryimage"},"image":{"@id":"https:\/\/atana.pl\/sklep-on-line\/windy_akcesoria\/liny-lancuchy\/lina-do-windy-kotwicznej-trac-4mm-x-30m-z-szekla\/#primaryimage"},"thumbnailUrl":"https:\/\/atana.pl\/wp-content\/uploads\/2024\/04\/LKT430-Lina-kotwiczna-4mm-30m-z-szekla.png","datePublished":"1986-04-10T12:57:18+00:00","dateModified":"2025-04-19T11:12:00+00:00","description":"Oryginalna lina kotwiczna TRAC 4 mm, 30 m. Z kausz\u0105 i szekl\u0105 ze stali nierdzewnej. Pasuje do wyci\u0105garki Strike Zone 25 A\/D. Gwarancja 2 lata. Wysy\u0142ka 24h.","breadcrumb":{"@id":"https:\/\/atana.pl\/sklep-on-line\/windy_akcesoria\/liny-lancuchy\/lina-do-windy-kotwicznej-trac-4mm-x-30m-z-szekla\/#breadcrumb"},"inLanguage":"en-GB","potentialAction":[{"@type":"ReadAction","target":["https:\/\/atana.pl\/sklep-on-line\/windy_akcesoria\/liny-lancuchy\/lina-do-windy-kotwicznej-trac-4mm-x-30m-z-szekla\/"]}]},{"@type":"ImageObject","inLanguage":"en-GB","@id":"https:\/\/atana.pl\/sklep-on-line\/windy_akcesoria\/liny-lancuchy\/lina-do-windy-kotwicznej-trac-4mm-x-30m-z-szekla\/#primaryimage","url":"https:\/\/atana.pl\/wp-content\/uploads\/2024\/04\/LKT430-Lina-kotwiczna-4mm-30m-z-szekla.png","contentUrl":"https:\/\/atana.pl\/wp-content\/uploads\/2024\/04\/LKT430-Lina-kotwiczna-4mm-30m-z-szekla.png","width":707,"height":707,"caption":"Lina do windy kotwicznej TRAC, 4mm x 30m z szekl\u0105"},{"@type":"BreadcrumbList","@id":"https:\/\/atana.pl\/sklep-on-line\/windy_akcesoria\/liny-lancuchy\/lina-do-windy-kotwicznej-trac-4mm-x-30m-z-szekla\/#breadcrumb","itemListElement":[{"@type":"ListItem","position":1,"name":"Strona g\u0142\u00f3wna","item":"https:\/\/atana.pl\/"},{"@type":"ListItem","position":2,"name":"Sklep on-line","item":"https:\/\/atana.pl\/sklep-on-line\/"},{"@type":"ListItem","position":3,"name":"Lina do windy kotwicznej TRAC, 4mm x 30m z szekl\u0105"}]},{"@type":"WebSite","@id":"https:\/\/atana.pl\/#website","url":"https:\/\/atana.pl\/","name":"Atana","description":"Akcesoria do \u0142odzi, kamper\u00f3w i przyczep. \u0141odzie motorowe","publisher":{"@id":"https:\/\/atana.pl\/#organization"},"potentialAction":[{"@type":"SearchAction","target":{"@type":"EntryPoint","urlTemplate":"https:\/\/atana.pl\/?s={search_term_string}"},"query-input":{"@type":"PropertyValueSpecification","valueRequired":true,"valueName":"search_term_string"}}],"inLanguage":"en-GB"},{"@type":"Organization","@id":"https:\/\/atana.pl\/#organization","name":"Atana","url":"https:\/\/atana.pl\/","logo":{"@type":"ImageObject","inLanguage":"en-GB","@id":"https:\/\/atana.pl\/#\/schema\/logo\/image\/","url":"","contentUrl":"","caption":"Atana"},"image":{"@id":"https:\/\/atana.pl\/#\/schema\/logo\/image\/"},"sameAs":["https:\/\/www.facebook.com\/atanayachts","https:\/\/www.instagram.com\/atanaboats\/","https:\/\/www.youtube.com\/channel\/UClMMmVqqx17in9QzgxK90Mw"]}]}},"_links":{"self":[{"href":"https:\/\/atana.pl\/en\/wp-json\/wp\/v2\/product\/6079","targetHints":{"allow":["GET"]}}],"collection":[{"href":"https:\/\/atana.pl\/en\/wp-json\/wp\/v2\/product"}],"about":[{"href":"https:\/\/atana.pl\/en\/wp-json\/wp\/v2\/types\/product"}],"wp:featuredmedia":[{"embeddable":true,"href":"https:\/\/atana.pl\/en\/wp-json\/wp\/v2\/media\/4672"}],"wp:attachment":[{"href":"https:\/\/atana.pl\/en\/wp-json\/wp\/v2\/media?parent=6079"}],"wp:term":[{"taxonomy":"product_brand","embeddable":true,"href":"https:\/\/atana.pl\/en\/wp-json\/wp\/v2\/product_brand?post=6079"},{"taxonomy":"product_cat","embeddable":true,"href":"https:\/\/atana.pl\/en\/wp-json\/wp\/v2\/product_cat?post=6079"},{"taxonomy":"product_tag","embeddable":true,"href":"https:\/\/atana.pl\/en\/wp-json\/wp\/v2\/product_tag?post=6079"}],"curies":[{"name":"wp","href":"https:\/\/api.w.org\/{rel}","templated":true}]}}